{"id":2136,"date":"2025-03-13T08:25:11","date_gmt":"2025-03-13T08:25:11","guid":{"rendered":"https:\/\/hengxingmachinery.com\/?page_id=2136"},"modified":"2025-03-13T08:25:24","modified_gmt":"2025-03-13T08:25:24","slug":"ceramsite-sand-rotary-kiln","status":"publish","type":"page","link":"https:\/\/hengxingmachinery.com\/pt\/ceramsite-sand-rotary-kiln\/","title":{"rendered":"6-1. Forno rotativo para areia de ceramsita"},"content":{"rendered":"<div class=\"gb-container gb-container-45165f5a\">\n<div class=\"gb-container gb-container-c2652eb4\">\n\n<h1 class=\"gb-headline gb-headline-62a8b2cc gb-headline-text\">Forno rotativo de areia Ceramsite<\/h1>\n\n<\/div>\n<\/div>\n\n<div class=\"gb-container gb-container-519cf624\">\n<div class=\"gb-container gb-container-71ca071e\">\n<div class=\"gb-grid-wrapper gb-grid-wrapper-8a5f0688\">\n<div class=\"gb-grid-column gb-grid-column-1e99b1c2\"><div class=\"gb-container gb-container-1e99b1c2\">\n\n<figure class=\"gb-block-image gb-block-image-e4eaba54\"><img decoding=\"async\" width=\"665\" height=\"545\" class=\"gb-image gb-image-e4eaba54\" src=\"https:\/\/hengxingmachinery.com\/wp-content\/uploads\/2025\/03\/ceramsite-sand-rotary-kiln-feature.jpg\" alt=\"\" title=\"caracter\u00edstica-do-forno-rotativo-para-areia-de-ceramsita\" srcset=\"https:\/\/hengxingmachinery.com\/wp-content\/uploads\/2025\/03\/ceramsite-sand-rotary-kiln-feature.jpg 665w, https:\/\/hengxingmachinery.com\/wp-content\/uploads\/2025\/03\/ceramsite-sand-rotary-kiln-feature-300x246.jpg 300w, https:\/\/hengxingmachinery.com\/wp-content\/uploads\/2025\/03\/ceramsite-sand-rotary-kiln-feature-15x12.jpg 15w\" sizes=\"(max-width: 665px) 100vw, 665px\" \/><\/figure>\n\n<\/div><\/div>\n\n<div class=\"gb-grid-column gb-grid-column-bcae065b\"><div class=\"gb-container gb-container-bcae065b\">\n\n<p class=\"gb-headline gb-headline-e419680e gb-headline-text\">A crescente demanda por produtos de propante para fraturamento petrol\u00edfero impulsiona o desenvolvimento cont\u00ednuo da ind\u00fastria de propante de fraturamento petrol\u00edfero (areia de ceramsita) de cada pa\u00eds, e o forno rotativo tem sido continuamente otimizado como equipamento chave para a calcina\u00e7\u00e3o da areia de ceramsita. O forno rotativo projetado por nossa empresa para atender \u00e0s necessidades da ind\u00fastria de propante para fraturamento petrol\u00edfero possui as caracter\u00edsticas de forte capacidade de calcina\u00e7\u00e3o, alta efici\u00eancia t\u00e9rmica e produtos uniformes.<\/p>\n\n\n\n<p class=\"gb-headline gb-headline-d10ac474 gb-headline-text\">A areia de ceramsita, tamb\u00e9m chamada de propante de fraturamento, \u00e9 um tipo de produto de part\u00edcula cer\u00e2mica com alta resist\u00eancia \u00e0 fratura. \u00c9 utilizada principalmente para suporte de po\u00e7o em campos de petr\u00f3leo e g\u00e1s para aumentar a produ\u00e7\u00e3o de petr\u00f3leo, g\u00e1s natural, g\u00e1s de camada de carv\u00e3o e g\u00e1s de xisto. \u00c9 um produto ambientalmente amig\u00e1vel. Este produto \u00e9 fabricado a partir de bauxita de alta qualidade e outras mat\u00e9rias-primas que s\u00e3o sinterizadas. \u00c9 um substituto para propantes de baixa e m\u00e9dia resist\u00eancia, como areia de quartzo natural, bolas de vidro e bolas de metal, e tem um bom efeito no aumento da produ\u00e7\u00e3o de petr\u00f3leo e g\u00e1s.<\/p>\n\n\n<div class=\"gb-grid-wrapper gb-grid-wrapper-eebec76e\">\n<div class=\"gb-grid-column gb-grid-column-e3ada2f0\"><div class=\"gb-container gb-container-e3ada2f0\">\n\n<p class=\"gb-headline gb-headline-4c79a90a gb-headline-text\"><mark style=\"background-color:rgba(0, 0, 0, 0)\" class=\"has-inline-color has-global-color-8-color\"><strong>Capacidade:<\/strong><\/mark> 0,9-42t\/h<\/p>\n\n<\/div><\/div>\n\n<div class=\"gb-grid-column gb-grid-column-0bb00826\"><div class=\"gb-container gb-container-0bb00826\">\n\n<p class=\"gb-headline gb-headline-86d53f56 gb-headline-text\"><mark style=\"background-color:rgba(0, 0, 0, 0)\" class=\"has-inline-color has-global-color-8-color\"><strong><strong>Modelo<\/strong>:<\/strong><\/mark> \u00d81400\u00d733000mm-\u00d83200\u00d750000mm<\/p>\n\n<\/div><\/div>\n<\/div>\n\n\n<p class=\"gb-headline gb-headline-2750f5a7 gb-headline-text\"><strong>Peso do equipamento:<\/strong><\/p>\n\n\n\n<p>\u00a047,5-278 toneladas<\/p>\n\n\n<div class=\"gb-container gb-container-256e15f1\">\n\n<a class=\"gb-button gb-button-e8b73d89 gb-button-text\" href=\"#popmake-622\">Obtenha uma cota\u00e7\u00e3o gratuita agora<\/a>\n\n<\/div>\n<\/div><\/div>\n<\/div>\n<\/div>\n<\/div>\n\n<div class=\"gb-container gb-container-af5f8799\">\n<div class=\"gb-container gb-container-2298848b\">\n\n<h2 class=\"gb-headline gb-headline-9d27ad2c gb-headline-text\">Caracter\u00edsticas destacadas do forno rotativo para areia de ceramsita<\/h2>\n\n\n\n<figure class=\"gb-block-image gb-block-image-d3dc0db2\"><img decoding=\"async\" width=\"665\" height=\"545\" class=\"gb-image gb-image-d3dc0db2\" src=\"https:\/\/hengxingmachinery.com\/wp-content\/uploads\/2025\/03\/ceramsite-sand-rotary-kiln-For-sale.jpg\" alt=\"\" title=\"forno-rotativo-para-areia-de-ceramsita \u00c0 venda\" srcset=\"https:\/\/hengxingmachinery.com\/wp-content\/uploads\/2025\/03\/ceramsite-sand-rotary-kiln-For-sale.jpg 665w, https:\/\/hengxingmachinery.com\/wp-content\/uploads\/2025\/03\/ceramsite-sand-rotary-kiln-For-sale-300x246.jpg 300w, https:\/\/hengxingmachinery.com\/wp-content\/uploads\/2025\/03\/ceramsite-sand-rotary-kiln-For-sale-15x12.jpg 15w\" sizes=\"(max-width: 665px) 100vw, 665px\" \/><\/figure>\n\n\n\n<p>1. A transmiss\u00e3o do forno rotativo utiliza regula\u00e7\u00e3o de velocidade por frequ\u00eancia vari\u00e1vel, alta efici\u00eancia e baixo consumo de energia;<\/p>\n\n\n\n<p>2. Baixo consumo de combust\u00edvel por unidade de produto e grande capacidade de produ\u00e7\u00e3o;<\/p>\n\n\n\n<p>3. Opera\u00e7\u00e3o em press\u00e3o negativa, baixa polui\u00e7\u00e3o por poeira;<\/p>\n\n\n\n<p>4. Desempenho mec\u00e2nico est\u00e1vel, transmiss\u00e3o suave, controle f\u00e1cil da temperatura de calcina\u00e7\u00e3o.<\/p>\n\n\n<div class=\"gb-container gb-container-d7b7b595\">\n\n<a class=\"gb-button gb-button-c1312760 gb-button-text\" href=\"#popmake-622\">Obtenha uma cota\u00e7\u00e3o gratuita agora<\/a>\n\n<\/div>\n<\/div>\n<\/div>\n\n<div class=\"gb-container gb-container-ebd718b6\">\n<div class=\"gb-container gb-container-5c75b960\">\n\n<h2 class=\"gb-headline gb-headline-98859344 gb-headline-text\">Princ\u00edpio de funcionamento do forno rotativo para areia de ceramsita<\/h2>\n\n\n\n<figure class=\"gb-block-image gb-block-image-c486b36e\"><img decoding=\"async\" width=\"1450\" height=\"600\" class=\"gb-image gb-image-c486b36e\" src=\"https:\/\/hengxingmachinery.com\/wp-content\/uploads\/2025\/03\/ceramsite-sand-rotary-kiln-working.jpg\" alt=\"\" title=\"funcionamento-do-forno-rotativo-para-areia-de-ceramsita\" srcset=\"https:\/\/hengxingmachinery.com\/wp-content\/uploads\/2025\/03\/ceramsite-sand-rotary-kiln-working.jpg 1450w, https:\/\/hengxingmachinery.com\/wp-content\/uploads\/2025\/03\/ceramsite-sand-rotary-kiln-working-300x124.jpg 300w, https:\/\/hengxingmachinery.com\/wp-content\/uploads\/2025\/03\/ceramsite-sand-rotary-kiln-working-1024x424.jpg 1024w, https:\/\/hengxingmachinery.com\/wp-content\/uploads\/2025\/03\/ceramsite-sand-rotary-kiln-working-768x318.jpg 768w, https:\/\/hengxingmachinery.com\/wp-content\/uploads\/2025\/03\/ceramsite-sand-rotary-kiln-working-18x7.jpg 18w\" sizes=\"(max-width: 1450px) 100vw, 1450px\" \/><\/figure>\n\n\n\n<p>A bauxita com granulometria de 300-500mm \u00e9 triturada e enviada para o secador de leito fluidizado para secagem, depois passa pela esta\u00e7\u00e3o de dosagem com p\u00f3 de mangan\u00eas e aditivos, e entra no sistema de moagem com separador de v\u00f3rtice para preparar part\u00edculas finas. <\/p>\n\n\n\n<p>Para a farinha crua com grau de 400 mesh ou mais, utiliza-se um novo tipo de granulador para transformar a farinha crua em pelotas com granulometria qualificada ap\u00f3s adi\u00e7\u00e3o de \u00e1gua. As pelotas entram no secador na extremidade do forno, utilizam o calor residual dos gases de exaust\u00e3o da cauda do forno para reduzir a umidade das pelotas e, ap\u00f3s peneiramento, entram no forno rotativo para calcina\u00e7\u00e3o. <\/p>\n\n\n\n<p>A areia de ceramsita calcinada \u00e9 resfriada por um resfriador simples e depois peneirada por uma peneira cil\u00edndrica. Os tamanhos qualificados e diferentes s\u00e3o embalados separadamente e ent\u00e3o expedidos. As pelotas n\u00e3o qualificadas retornam ao sistema de moagem.<\/p>\n\n\n<div class=\"gb-container gb-container-d6bbf16a\">\n\n<a class=\"gb-button gb-button-caa3f2bc gb-button-text\" href=\"#popmake-622\">Obtenha uma cota\u00e7\u00e3o gratuita agora<\/a>\n\n<\/div>\n<\/div>\n<\/div>\n\n<div class=\"gb-container gb-container-435ad261\">\n<div class=\"gb-container gb-container-7dc79cc4\">\n\n<h2 class=\"gb-headline gb-headline-6fe5dee2 gb-headline-text\">Especifica\u00e7\u00f5es do forno rotativo para areia de ceramsita<\/h2>\n\n\n\n<figure class=\"wp-block-table is-style-stripes\"><table class=\"has-fixed-layout\"><tbody><tr><td><strong>Modelo (mm)<\/strong><\/td><td colspan=\"3\"><strong>Dimens\u00f5es do forno<\/strong><\/td><td><strong>Produ\u00e7\u00e3o (t\/h)<\/strong><\/td><td><strong>Velocidade de rota\u00e7\u00e3o (r\/min)<\/strong><\/td><td><strong>Pot\u00eancia (kw)<\/strong><\/td><td><strong>Peso (t)<\/strong><\/td><td><strong>Observa\u00e7\u00e3o<\/strong><\/td><\/tr><tr><td>&nbsp;<\/td><td><strong>Di\u00e2metros (mm)<\/strong><\/td><td><strong>Comprimento (mm)<\/strong><\/td><td><strong>Inclina\u00e7\u00e3o (%)<\/strong><\/td><td>&nbsp;<\/td><td>&nbsp;<\/td><td>&nbsp;<\/td><td>&nbsp;<\/td><td>&nbsp;<\/td><\/tr><tr><td>\u03c61400\u00d733000<\/td><td>1.4<\/td><td>33<\/td><td>3<\/td><td>0.9-1.3<\/td><td>0.39-3.96<\/td><td>18.5<\/td><td>47.5<\/td><td>\u2014-<\/td><\/tr><tr><td>\u03c61600\u00d736000<\/td><td>1.6<\/td><td>36<\/td><td>4<\/td><td>1.2-1.9<\/td><td>0.26-2.63<\/td><td>22<\/td><td>52<\/td><td>\u2014-<\/td><\/tr><tr><td>\u03c61800\u00d745000<\/td><td>1.8<\/td><td>45<\/td><td>4<\/td><td>1.9-2.4<\/td><td>0.16-1.62<\/td><td>30<\/td><td>78.2<\/td><td>\u2014-<\/td><\/tr><tr><td>\u03c61900\u00d739000<\/td><td>1.9<\/td><td>39<\/td><td>4<\/td><td>1.65-3<\/td><td>0.29-2.93<\/td><td>30<\/td><td>77.59<\/td><td>\u2014-<\/td><\/tr><tr><td>\u03c62000\u00d740000<\/td><td>2<\/td><td>40<\/td><td>3<\/td><td>2.5-4<\/td><td>0.23-2.26<\/td><td>37<\/td><td>119.1<\/td><td>\u2014-<\/td><\/tr><tr><td>\u03c62200\u00d745000<\/td><td>2.2<\/td><td>45<\/td><td>3.5<\/td><td>3.4-5.4<\/td><td>0.21-2.44<\/td><td>45<\/td><td>128.3<\/td><td>\u2014-&nbsp;<\/td><\/tr><tr><td>\u03c62500\u00d740000<\/td><td>2.5<\/td><td>40<\/td><td>3.5<\/td><td>9.0-10.5<\/td><td>0.44-2.44<\/td><td>55<\/td><td>149.61<\/td><td>\u2014-<\/td><\/tr><tr><td>\u03c62500\u00d750000<\/td><td>2.5<\/td><td>50<\/td><td>3<\/td><td>6.25-7.4<\/td><td>0.62-1.86<\/td><td>55<\/td><td>187.37<\/td><td>\u2014-<\/td><\/tr><tr><td>\u03c62500\u00d754000<\/td><td>2.5<\/td><td>54<\/td><td>3.5<\/td><td>6.9-8.5<\/td><td>0.48-1.45<\/td><td>55<\/td><td>196.29<\/td><td>\u2014-<\/td><\/tr><tr><td>\u03c62700\u00d742000<\/td><td>2.7<\/td><td>42<\/td><td>3.5<\/td><td>10.0-11.0<\/td><td>0.10-1.52<\/td><td>55<\/td><td>198.5<\/td><td>\u2014-<\/td><\/tr><tr><td>\u03c62800\u00d744000<\/td><td>2.8<\/td><td>44<\/td><td>3.5<\/td><td>12.5-13.5<\/td><td>0.437-2.18<\/td><td>55<\/td><td>201.58<\/td><td>\u2014-<\/td><\/tr><tr><td>\u03c63000\u00d745000<\/td><td>3<\/td><td>45<\/td><td>3.5<\/td><td>12.8-14.5<\/td><td>0.5-2.47<\/td><td>75<\/td><td>210.94<\/td><td>\u2014-<\/td><\/tr><tr><td>\u03c63000\u00d748000<\/td><td>3<\/td><td>48<\/td><td>3.5<\/td><td>25.6-29.3<\/td><td>0.6-3.48<\/td><td>100<\/td><td>237<\/td><td>\u2014-<\/td><\/tr><tr><td>\u03c63000\u00d760000<\/td><td>3<\/td><td>60<\/td><td>3.5<\/td><td>12.3-14.1<\/td><td>0.3-2<\/td><td>100<\/td><td>310<\/td><td>\u2014-<\/td><\/tr><tr><td>\u03c63200\u00d750000<\/td><td>3.2<\/td><td>50<\/td><td>4<\/td><td>40.5-42<\/td><td>0.6-3<\/td><td>125<\/td><td>278<\/td><td>\u2014-<\/td><\/tr><\/tbody><\/table><\/figure>\n\n\n<div class=\"gb-container gb-container-263d9700\">\n\n<a class=\"gb-button gb-button-a4cbb7be gb-button-text\" href=\"#popmake-622\">Obtenha uma cota\u00e7\u00e3o gratuita agora<\/a>\n\n<\/div>\n<\/div>\n<\/div>","protected":false},"excerpt":{"rendered":"<p>Ceramsite sand rotary kiln Outstanding features of ceramsite sand rotary kiln 1. Rotary kiln drive adopts frequency conversion speed regulation, high efficiency and low power consumption; 2. Low fuel consumption per unit product and large production capacity; 3. Negative pressure operation, low dust pollution; 4. Stable mechanical performance, smooth transmission, easy control of calcination temperature. &#8230; <\/p>\n<p class=\"read-more-container\"><a title=\"6-1. Forno rotativo para areia de ceramsita\" class=\"read-more button\" href=\"https:\/\/hengxingmachinery.com\/pt\/ceramsite-sand-rotary-kiln\/#more-2136\" aria-label=\"Leia mais sobre 6-1. Ceramsite sand rotary kiln\">Ler mais<\/a><\/p>","protected":false},"author":1,"featured_media":0,"parent":0,"menu_order":0,"comment_status":"closed","ping_status":"closed","template":"","meta":{"footnotes":""},"class_list":["post-2136","page","type-page","status-publish"],"yoast_head":"<!-- This site is optimized with the Yoast SEO plugin v27.4 - https:\/\/yoast.com\/product\/yoast-seo-wordpress\/ -->\n<title>6-1. Ceramsite sand rotary kiln - Hengxing Machinery<\/title>\n<meta name=\"robots\" content=\"index, follow, max-snippet:-1, max-image-preview:large, max-video-preview:-1\" \/>\n<link rel=\"canonical\" href=\"https:\/\/hengxingmachinery.com\/pt\/ceramsite-sand-rotary-kiln\/\" \/>\n<meta property=\"og:locale\" content=\"pt_PT\" \/>\n<meta property=\"og:type\" content=\"article\" \/>\n<meta property=\"og:title\" content=\"6-1. Ceramsite sand rotary kiln - Hengxing Machinery\" \/>\n<meta property=\"og:description\" content=\"Ceramsite sand rotary kiln Outstanding features of ceramsite sand rotary kiln 1. Rotary kiln drive adopts frequency conversion speed regulation, high efficiency and low power consumption; 2. Low fuel consumption per unit product and large production capacity; 3. Negative pressure operation, low dust pollution; 4. Stable mechanical performance, smooth transmission, easy control of calcination temperature. ... Ler mais\" \/>\n<meta property=\"og:url\" content=\"https:\/\/hengxingmachinery.com\/pt\/ceramsite-sand-rotary-kiln\/\" \/>\n<meta property=\"og:site_name\" content=\"Hengxing Machinery\" \/>\n<meta property=\"article:modified_time\" content=\"2025-03-13T08:25:24+00:00\" \/>\n<meta property=\"og:image\" content=\"https:\/\/hengxingmachinery.com\/wp-content\/uploads\/2025\/03\/ceramsite-sand-rotary-kiln-feature.jpg\" \/>\n<meta name=\"twitter:card\" content=\"summary_large_image\" \/>\n<meta name=\"twitter:label1\" content=\"Tempo estimado de leitura\" \/>\n\t<meta name=\"twitter:data1\" content=\"3 minutos\" \/>\n<script type=\"application\/ld+json\" class=\"yoast-schema-graph\">{\"@context\":\"https:\\\/\\\/schema.org\",\"@graph\":[{\"@type\":\"WebPage\",\"@id\":\"https:\\\/\\\/hengxingmachinery.com\\\/ceramsite-sand-rotary-kiln\\\/\",\"url\":\"https:\\\/\\\/hengxingmachinery.com\\\/ceramsite-sand-rotary-kiln\\\/\",\"name\":\"6-1. Ceramsite sand rotary kiln - Hengxing Machinery\",\"isPartOf\":{\"@id\":\"https:\\\/\\\/hengxingmachinery.com\\\/#website\"},\"primaryImageOfPage\":{\"@id\":\"https:\\\/\\\/hengxingmachinery.com\\\/ceramsite-sand-rotary-kiln\\\/#primaryimage\"},\"image\":{\"@id\":\"https:\\\/\\\/hengxingmachinery.com\\\/ceramsite-sand-rotary-kiln\\\/#primaryimage\"},\"thumbnailUrl\":\"https:\\\/\\\/hengxingmachinery.com\\\/wp-content\\\/uploads\\\/2025\\\/03\\\/ceramsite-sand-rotary-kiln-feature.jpg\",\"datePublished\":\"2025-03-13T08:25:11+00:00\",\"dateModified\":\"2025-03-13T08:25:24+00:00\",\"breadcrumb\":{\"@id\":\"https:\\\/\\\/hengxingmachinery.com\\\/ceramsite-sand-rotary-kiln\\\/#breadcrumb\"},\"inLanguage\":\"pt-PT\",\"potentialAction\":[{\"@type\":\"ReadAction\",\"target\":[\"https:\\\/\\\/hengxingmachinery.com\\\/ceramsite-sand-rotary-kiln\\\/\"]}]},{\"@type\":\"ImageObject\",\"inLanguage\":\"pt-PT\",\"@id\":\"https:\\\/\\\/hengxingmachinery.com\\\/ceramsite-sand-rotary-kiln\\\/#primaryimage\",\"url\":\"https:\\\/\\\/hengxingmachinery.com\\\/wp-content\\\/uploads\\\/2025\\\/03\\\/ceramsite-sand-rotary-kiln-feature.jpg\",\"contentUrl\":\"https:\\\/\\\/hengxingmachinery.com\\\/wp-content\\\/uploads\\\/2025\\\/03\\\/ceramsite-sand-rotary-kiln-feature.jpg\"},{\"@type\":\"BreadcrumbList\",\"@id\":\"https:\\\/\\\/hengxingmachinery.com\\\/ceramsite-sand-rotary-kiln\\\/#breadcrumb\",\"itemListElement\":[{\"@type\":\"ListItem\",\"position\":1,\"name\":\"Home\",\"item\":\"https:\\\/\\\/hengxingmachinery.com\\\/\"},{\"@type\":\"ListItem\",\"position\":2,\"name\":\"6-1. Ceramsite sand rotary kiln\"}]},{\"@type\":\"WebSite\",\"@id\":\"https:\\\/\\\/hengxingmachinery.com\\\/#website\",\"url\":\"https:\\\/\\\/hengxingmachinery.com\\\/\",\"name\":\"Hengxing Machinery\",\"description\":\"Leading Manufacturer of All Sorts of Mining Machinery\",\"publisher\":{\"@id\":\"https:\\\/\\\/hengxingmachinery.com\\\/#organization\"},\"potentialAction\":[{\"@type\":\"SearchAction\",\"target\":{\"@type\":\"EntryPoint\",\"urlTemplate\":\"https:\\\/\\\/hengxingmachinery.com\\\/?s={search_term_string}\"},\"query-input\":{\"@type\":\"PropertyValueSpecification\",\"valueRequired\":true,\"valueName\":\"search_term_string\"}}],\"inLanguage\":\"pt-PT\"},{\"@type\":\"Organization\",\"@id\":\"https:\\\/\\\/hengxingmachinery.com\\\/#organization\",\"name\":\"Hengxing Machinery\",\"url\":\"https:\\\/\\\/hengxingmachinery.com\\\/\",\"logo\":{\"@type\":\"ImageObject\",\"inLanguage\":\"pt-PT\",\"@id\":\"https:\\\/\\\/hengxingmachinery.com\\\/#\\\/schema\\\/logo\\\/image\\\/\",\"url\":\"https:\\\/\\\/hengxingmachinery.com\\\/wp-content\\\/uploads\\\/2024\\\/12\\\/logo.png\",\"contentUrl\":\"https:\\\/\\\/hengxingmachinery.com\\\/wp-content\\\/uploads\\\/2024\\\/12\\\/logo.png\",\"width\":400,\"height\":260,\"caption\":\"Hengxing Machinery\"},\"image\":{\"@id\":\"https:\\\/\\\/hengxingmachinery.com\\\/#\\\/schema\\\/logo\\\/image\\\/\"}}]}<\/script>\n<!-- \/ Yoast SEO plugin. -->","yoast_head_json":{"title":"6-1. Forno rotativo para areia de ceramsita - Hengxing Machinery","robots":{"index":"index","follow":"follow","max-snippet":"max-snippet:-1","max-image-preview":"max-image-preview:large","max-video-preview":"max-video-preview:-1"},"canonical":"https:\/\/hengxingmachinery.com\/pt\/ceramsite-sand-rotary-kiln\/","og_locale":"pt_PT","og_type":"article","og_title":"6-1. Ceramsite sand rotary kiln - Hengxing Machinery","og_description":"Ceramsite sand rotary kiln Outstanding features of ceramsite sand rotary kiln 1. Rotary kiln drive adopts frequency conversion speed regulation, high efficiency and low power consumption; 2. Low fuel consumption per unit product and large production capacity; 3. Negative pressure operation, low dust pollution; 4. Stable mechanical performance, smooth transmission, easy control of calcination temperature. ... Ler mais","og_url":"https:\/\/hengxingmachinery.com\/pt\/ceramsite-sand-rotary-kiln\/","og_site_name":"Hengxing Machinery","article_modified_time":"2025-03-13T08:25:24+00:00","og_image":[{"url":"https:\/\/hengxingmachinery.com\/wp-content\/uploads\/2025\/03\/ceramsite-sand-rotary-kiln-feature.jpg","type":"","width":"","height":""}],"twitter_card":"summary_large_image","twitter_misc":{"Tempo estimado de leitura":"3 minutos"},"schema":{"@context":"https:\/\/schema.org","@graph":[{"@type":"WebPage","@id":"https:\/\/hengxingmachinery.com\/ceramsite-sand-rotary-kiln\/","url":"https:\/\/hengxingmachinery.com\/ceramsite-sand-rotary-kiln\/","name":"6-1. Forno rotativo para areia de ceramsita - Hengxing Machinery","isPartOf":{"@id":"https:\/\/hengxingmachinery.com\/#website"},"primaryImageOfPage":{"@id":"https:\/\/hengxingmachinery.com\/ceramsite-sand-rotary-kiln\/#primaryimage"},"image":{"@id":"https:\/\/hengxingmachinery.com\/ceramsite-sand-rotary-kiln\/#primaryimage"},"thumbnailUrl":"https:\/\/hengxingmachinery.com\/wp-content\/uploads\/2025\/03\/ceramsite-sand-rotary-kiln-feature.jpg","datePublished":"2025-03-13T08:25:11+00:00","dateModified":"2025-03-13T08:25:24+00:00","breadcrumb":{"@id":"https:\/\/hengxingmachinery.com\/ceramsite-sand-rotary-kiln\/#breadcrumb"},"inLanguage":"pt-PT","potentialAction":[{"@type":"ReadAction","target":["https:\/\/hengxingmachinery.com\/ceramsite-sand-rotary-kiln\/"]}]},{"@type":"ImageObject","inLanguage":"pt-PT","@id":"https:\/\/hengxingmachinery.com\/ceramsite-sand-rotary-kiln\/#primaryimage","url":"https:\/\/hengxingmachinery.com\/wp-content\/uploads\/2025\/03\/ceramsite-sand-rotary-kiln-feature.jpg","contentUrl":"https:\/\/hengxingmachinery.com\/wp-content\/uploads\/2025\/03\/ceramsite-sand-rotary-kiln-feature.jpg"},{"@type":"BreadcrumbList","@id":"https:\/\/hengxingmachinery.com\/ceramsite-sand-rotary-kiln\/#breadcrumb","itemListElement":[{"@type":"ListItem","position":1,"name":"Home","item":"https:\/\/hengxingmachinery.com\/"},{"@type":"ListItem","position":2,"name":"6-1. Ceramsite sand rotary kiln"}]},{"@type":"WebSite","@id":"https:\/\/hengxingmachinery.com\/#website","url":"https:\/\/hengxingmachinery.com\/","name":"M\u00e1quinas Hengxing","description":"Fabricante l\u00edder de todos os tipos de m\u00e1quinas de minera\u00e7\u00e3o","publisher":{"@id":"https:\/\/hengxingmachinery.com\/#organization"},"potentialAction":[{"@type":"SearchAction","target":{"@type":"EntryPoint","urlTemplate":"https:\/\/hengxingmachinery.com\/?s={search_term_string}"},"query-input":{"@type":"PropertyValueSpecification","valueRequired":true,"valueName":"search_term_string"}}],"inLanguage":"pt-PT"},{"@type":"Organization","@id":"https:\/\/hengxingmachinery.com\/#organization","name":"M\u00e1quinas Hengxing","url":"https:\/\/hengxingmachinery.com\/","logo":{"@type":"ImageObject","inLanguage":"pt-PT","@id":"https:\/\/hengxingmachinery.com\/#\/schema\/logo\/image\/","url":"https:\/\/hengxingmachinery.com\/wp-content\/uploads\/2024\/12\/logo.png","contentUrl":"https:\/\/hengxingmachinery.com\/wp-content\/uploads\/2024\/12\/logo.png","width":400,"height":260,"caption":"Hengxing Machinery"},"image":{"@id":"https:\/\/hengxingmachinery.com\/#\/schema\/logo\/image\/"}}]}},"_links":{"self":[{"href":"https:\/\/hengxingmachinery.com\/pt\/wp-json\/wp\/v2\/pages\/2136","targetHints":{"allow":["GET"]}}],"collection":[{"href":"https:\/\/hengxingmachinery.com\/pt\/wp-json\/wp\/v2\/pages"}],"about":[{"href":"https:\/\/hengxingmachinery.com\/pt\/wp-json\/wp\/v2\/types\/page"}],"author":[{"embeddable":true,"href":"https:\/\/hengxingmachinery.com\/pt\/wp-json\/wp\/v2\/users\/1"}],"replies":[{"embeddable":true,"href":"https:\/\/hengxingmachinery.com\/pt\/wp-json\/wp\/v2\/comments?post=2136"}],"version-history":[{"count":1,"href":"https:\/\/hengxingmachinery.com\/pt\/wp-json\/wp\/v2\/pages\/2136\/revisions"}],"predecessor-version":[{"id":2141,"href":"https:\/\/hengxingmachinery.com\/pt\/wp-json\/wp\/v2\/pages\/2136\/revisions\/2141"}],"wp:attachment":[{"href":"https:\/\/hengxingmachinery.com\/pt\/wp-json\/wp\/v2\/media?parent=2136"}],"curies":[{"name":"wp","href":"https:\/\/api.w.org\/{rel}","templated":true}]}}