{"id":2153,"date":"2025-03-13T08:58:50","date_gmt":"2025-03-13T08:58:50","guid":{"rendered":"https:\/\/hengxingmachinery.com\/?page_id=2153"},"modified":"2025-03-13T08:59:03","modified_gmt":"2025-03-13T08:59:03","slug":"magnesite-rotary-kiln","status":"publish","type":"page","link":"https:\/\/hengxingmachinery.com\/pt\/magnesite-rotary-kiln\/","title":{"rendered":"6-1. Forno rotativo de magnesita"},"content":{"rendered":"<div class=\"gb-container gb-container-45165f5a\">\n<div class=\"gb-container gb-container-c2652eb4\">\n\n<h1 class=\"gb-headline gb-headline-62a8b2cc gb-headline-text\">Forno rotativo de magnesita<\/h1>\n\n<\/div>\n<\/div>\n\n<div class=\"gb-container gb-container-519cf624\">\n<div class=\"gb-container gb-container-71ca071e\">\n<div class=\"gb-grid-wrapper gb-grid-wrapper-8a5f0688\">\n<div class=\"gb-grid-column gb-grid-column-1e99b1c2\"><div class=\"gb-container gb-container-1e99b1c2\">\n\n<figure class=\"gb-block-image gb-block-image-e4eaba54\"><img decoding=\"async\" width=\"665\" height=\"545\" class=\"gb-image gb-image-e4eaba54\" src=\"https:\/\/hengxingmachinery.com\/wp-content\/uploads\/2025\/03\/magnesite-rotary-kiln-feature.jpg\" alt=\"\" title=\"caracter\u00edstica-do-forno-rotativo-de-magnesita\" srcset=\"https:\/\/hengxingmachinery.com\/wp-content\/uploads\/2025\/03\/magnesite-rotary-kiln-feature.jpg 665w, https:\/\/hengxingmachinery.com\/wp-content\/uploads\/2025\/03\/magnesite-rotary-kiln-feature-300x246.jpg 300w, https:\/\/hengxingmachinery.com\/wp-content\/uploads\/2025\/03\/magnesite-rotary-kiln-feature-15x12.jpg 15w\" sizes=\"(max-width: 665px) 100vw, 665px\" \/><\/figure>\n\n<\/div><\/div>\n\n<div class=\"gb-grid-column gb-grid-column-bcae065b\"><div class=\"gb-container gb-container-bcae065b\">\n\n<p class=\"gb-headline gb-headline-e419680e gb-headline-text\">O forno rotativo de magnesita da nossa empresa \u00e9 dividido em onze modelos de acordo com as especifica\u00e7\u00f5es e dimens\u00f5es do cilindro, variando de \u00d81,6\u00d732m a \u00d84\u00d780m, com di\u00e2metro do cilindro de 2,2m ou mais (incluindo 2,2m) equipado com transmiss\u00e3o auxiliar, e 3,0m ou mais (incluindo 3,0m). .<\/p>\n\n\n\n<p>O suporte \u00e9 alterado de tr\u00eas grupos para quatro grupos, a velocidade do forno \u00e9 de 0,58-2,85r\/min, a inclina\u00e7\u00e3o \u00e9 de 3,5-4,0%, e a pot\u00eancia do motor principal de suporte \u00e9 de 18,5KW-355KW, podendo atender \u00e0 necessidade de calcina\u00e7\u00e3o de 2t-20t por hora de produtos de magnesita.<\/p>\n\n\n<div class=\"gb-grid-wrapper gb-grid-wrapper-eebec76e\">\n<div class=\"gb-grid-column gb-grid-column-e3ada2f0\"><div class=\"gb-container gb-container-e3ada2f0\">\n\n<p class=\"gb-headline gb-headline-4c79a90a gb-headline-text\"><mark style=\"background-color:rgba(0, 0, 0, 0)\" class=\"has-inline-color has-global-color-8-color\"><strong>Capacidade:<\/strong><\/mark> 2-20t\/h<\/p>\n\n<\/div><\/div>\n\n<div class=\"gb-grid-column gb-grid-column-0bb00826\"><div class=\"gb-container gb-container-0bb00826\">\n\n<p class=\"gb-headline gb-headline-86d53f56 gb-headline-text\"><mark style=\"background-color:rgba(0, 0, 0, 0)\" class=\"has-inline-color has-global-color-8-color\"><strong><strong>Modelo<\/strong>:<\/strong><\/mark> \u00d81,6\u00d732m - \u00d84\u00d780m<\/p>\n\n<\/div><\/div>\n<\/div>\n\n<div class=\"gb-container gb-container-256e15f1\">\n\n<a class=\"gb-button gb-button-e8b73d89 gb-button-text\" href=\"#popmake-622\">Obtenha uma cota\u00e7\u00e3o gratuita agora<\/a>\n\n<\/div>\n<\/div><\/div>\n<\/div>\n<\/div>\n<\/div>\n\n<div class=\"gb-container gb-container-af5f8799\">\n<div class=\"gb-container gb-container-2298848b\">\n\n<h2 class=\"gb-headline gb-headline-9d27ad2c gb-headline-text\">Caracter\u00edsticas destacadas do forno rotativo de magnesita<\/h2>\n\n\n\n<figure class=\"gb-block-image gb-block-image-d3dc0db2\"><img decoding=\"async\" width=\"665\" height=\"545\" class=\"gb-image gb-image-d3dc0db2\" src=\"https:\/\/hengxingmachinery.com\/wp-content\/uploads\/2025\/03\/magnesite-rotary-kiln-for-sale.jpg\" alt=\"\" title=\"forno-rotativo-de-magnesita-\u00e0-venda\" srcset=\"https:\/\/hengxingmachinery.com\/wp-content\/uploads\/2025\/03\/magnesite-rotary-kiln-for-sale.jpg 665w, https:\/\/hengxingmachinery.com\/wp-content\/uploads\/2025\/03\/magnesite-rotary-kiln-for-sale-300x246.jpg 300w, https:\/\/hengxingmachinery.com\/wp-content\/uploads\/2025\/03\/magnesite-rotary-kiln-for-sale-15x12.jpg 15w\" sizes=\"(max-width: 665px) 100vw, 665px\" \/><\/figure>\n\n\n\n<p>1. Qualidade do produto boa e alta produ\u00e7\u00e3o;<\/p>\n\n\n\n<p>2. Opera\u00e7\u00e3o de produ\u00e7\u00e3o est\u00e1vel e alta seguran\u00e7a;<\/p>\n\n\n\n<p>3. O forno rotativo possui estrutura simples e forte controlabilidade, o que favorece a opera\u00e7\u00e3o e manuten\u00e7\u00e3o;<\/p>\n\n\n\n<p>4. Possui alta taxa de utiliza\u00e7\u00e3o de mat\u00e9ria-prima, qualidade uniforme, boa qualidade e grande capacidade.<\/p>\n\n\n<div class=\"gb-container gb-container-d7b7b595\">\n\n<a class=\"gb-button gb-button-c1312760 gb-button-text\" href=\"#popmake-622\">Obtenha uma cota\u00e7\u00e3o gratuita agora<\/a>\n\n<\/div>\n<\/div>\n<\/div>\n\n<div class=\"gb-container gb-container-ebd718b6\">\n<div class=\"gb-container gb-container-5c75b960\">\n\n<h2 class=\"gb-headline gb-headline-98859344 gb-headline-text\">Princ\u00edpio de funcionamento do forno rotativo de magnesita<\/h2>\n\n\n\n<figure class=\"gb-block-image gb-block-image-c486b36e\"><img decoding=\"async\" width=\"665\" height=\"545\" class=\"gb-image gb-image-c486b36e\" src=\"https:\/\/hengxingmachinery.com\/wp-content\/uploads\/2025\/03\/magnesite-rotary-kiln-working.jpg\" alt=\"\" title=\"funcionamento-do-forno-rotativo-de-magnesita\" srcset=\"https:\/\/hengxingmachinery.com\/wp-content\/uploads\/2025\/03\/magnesite-rotary-kiln-working.jpg 665w, https:\/\/hengxingmachinery.com\/wp-content\/uploads\/2025\/03\/magnesite-rotary-kiln-working-300x246.jpg 300w, https:\/\/hengxingmachinery.com\/wp-content\/uploads\/2025\/03\/magnesite-rotary-kiln-working-15x12.jpg 15w\" sizes=\"(max-width: 665px) 100vw, 665px\" \/><\/figure>\n\n\n\n<p>A magnesita \u00e9 alimentada no forno atrav\u00e9s da calha da extremidade do forno (extremidade alta). Devido \u00e0 inclina\u00e7\u00e3o e rota\u00e7\u00e3o lenta do cilindro, a magnesita rola ao longo da circunfer\u00eancia enquanto se move axialmente da extremidade do forno (extremidade alta) para a cabe\u00e7a do forno (extremidade inferior). O movimento: o combust\u00edvel \u00e9 injetado no forno atrav\u00e9s do queimador na cabe\u00e7a do forno para combust\u00e3o, e o calor \u00e9 transferido para a magnesita de v\u00e1rias formas, como radia\u00e7\u00e3o, convec\u00e7\u00e3o, condu\u00e7\u00e3o, etc. A magnesita \u00e9 pr\u00e9-aquecida, decomposta e queimada no forno. Calcinada em branco calcinado e depois descarregada do dispositivo da cabe\u00e7a do forno.<\/p>\n\n\n<div class=\"gb-container gb-container-d6bbf16a\">\n\n<a class=\"gb-button gb-button-caa3f2bc gb-button-text\" href=\"#popmake-622\">Obtenha uma cota\u00e7\u00e3o gratuita agora<\/a>\n\n<\/div>\n<\/div>\n<\/div>\n\n<div class=\"gb-container gb-container-435ad261\">\n<div class=\"gb-container gb-container-7dc79cc4\">\n\n<h2 class=\"gb-headline gb-headline-6fe5dee2 gb-headline-text\">Especifica\u00e7\u00f5es do forno rotativo de magnesita<\/h2>\n\n\n\n<figure class=\"wp-block-table\"><table class=\"has-fixed-layout\"><tbody><tr><td><strong>Modelo (m)<\/strong><\/td><td colspan=\"3\"><strong>Par\u00e2metro (t\/h)<\/strong><\/td><td><strong>Caixa de engrenagens<\/strong><\/td><td colspan=\"2\"><strong>Motor<\/strong><\/td><td><strong>Quantidade de suporte<\/strong><\/td><\/tr><tr><td>&nbsp;<\/td><td><strong>Velocidade de rota\u00e7\u00e3o (r\/min)<\/strong><\/td><td><strong>Gradiente (%)<\/strong><\/td><td><strong>Capacidade (t\/h)<\/strong><\/td><td><strong>Modelo<\/strong><\/td><td><strong>Modelo<\/strong><\/td><td><strong>Pot\u00eancia (KW)<\/strong><\/td><td>&nbsp;<\/td><\/tr><tr><td>\u03c61,6\u00d732m<\/td><td>0.58-2.85<\/td><td>4<\/td><td>2<\/td><td>ZQ75-50<\/td><td>YCT250-4A<\/td><td>18.5<\/td><td>3<\/td><\/tr><tr><td>\u03c61,6\/1,9\u00d736m<\/td><td>0.53-1.59<\/td><td>4<\/td><td>2.5-3<\/td><td>ZQ110-7<\/td><td>YCTZ50-4B<\/td><td>22<\/td><td>3<\/td><\/tr><tr><td>\u03c61,9\u00d739m<\/td><td>0.53-1.59<\/td><td>4<\/td><td>3-3.4<\/td><td>ZQ125-7<\/td><td>YCT315-4A<\/td><td>37<\/td><td>3<\/td><\/tr><tr><td>\u03c62,2\u00d745m<\/td><td>0.214-1.64<\/td><td>3.5<\/td><td>4-5<\/td><td>Principal ZS125-5<\/td><td>YCT315-4B<\/td><td>45<\/td><td>3<\/td><\/tr><tr><td>&nbsp;<\/td><td>&nbsp;<\/td><td>&nbsp;<\/td><td>&nbsp;<\/td><td>Principal: ZS165-5<\/td><td>Y112M-4<\/td><td>4<\/td><td>&nbsp;<\/td><\/tr><tr><td>\u03c62,5\u00d750m<\/td><td>0.62-1.5<\/td><td>3.5<\/td><td>5-6<\/td><td>Auxiliar: ZS50-1<\/td><td>YCT355-4A<\/td><td>55<\/td><td>3<\/td><\/tr><tr><td>&nbsp;<\/td><td>&nbsp;<\/td><td>&nbsp;<\/td><td>&nbsp;<\/td><td>Auxiliar: ZS50-1<\/td><td>Y160M-6<\/td><td>7.5<\/td><td>&nbsp;<\/td><\/tr><tr><td>\u03c62,5\u00d755m<\/td><td>0.62-1.5<\/td><td>3.5<\/td><td>5-6<\/td><td>Principal ZS165-5<\/td><td>YCT355-4A<\/td><td>55<\/td><td>3<\/td><\/tr><tr><td>&nbsp;<\/td><td>&nbsp;<\/td><td>&nbsp;<\/td><td>&nbsp;<\/td><td>Auxiliar: ZS50-1<\/td><td>Y160M-6<\/td><td>7.5<\/td><td>&nbsp;<\/td><\/tr><tr><td>\u03c62,8\u00d755m<\/td><td>0.62-1.5<\/td><td>3.5<\/td><td>6-7<\/td><td>Principal ZS165-5<\/td><td>YCT355-4B<\/td><td>75<\/td><td>3<\/td><\/tr><tr><td>&nbsp;<\/td><td>&nbsp;<\/td><td>&nbsp;<\/td><td>&nbsp;<\/td><td>Auxiliar: ZS50-1<\/td><td>Y160L-6<\/td><td>11<\/td><td>&nbsp;<\/td><\/tr><tr><td>\u03c63,0\u00d760m<\/td><td>0.5-1.5<\/td><td>3.5<\/td><td>7-9<\/td><td>Principal: ZS165-3<\/td><td>ZSN-280-11B<\/td><td>125<\/td><td>4<\/td><\/tr><tr><td>&nbsp;<\/td><td>&nbsp;<\/td><td>&nbsp;<\/td><td>&nbsp;<\/td><td>Auxiliar: ZS50-1<\/td><td>Y160L-6<\/td><td>11<\/td><td>&nbsp;<\/td><\/tr><tr><td>\u03c63,2\u00d764m<\/td><td>0.4-1.5<\/td><td>3.5<\/td><td>8-10<\/td><td>Principal: ZS130-16<\/td><td>ZSN-280-11B<\/td><td>190<\/td><td>4<\/td><\/tr><tr><td>&nbsp;<\/td><td>&nbsp;<\/td><td>&nbsp;<\/td><td>&nbsp;<\/td><td>Auxiliar: Zl50-1<\/td><td>Y180L-4<\/td><td>22<\/td><td>&nbsp;<\/td><\/tr><tr><td>\u03c63,5\u00d770m<\/td><td>0.4-1.5<\/td><td>3.5<\/td><td>12-14<\/td><td>Principal: ZSY500-40<\/td><td>ZSN-315-082<\/td><td>280<\/td><td>4<\/td><\/tr><tr><td>&nbsp;<\/td><td>&nbsp;<\/td><td>&nbsp;<\/td><td>&nbsp;<\/td><td>Auxiliar: Zl50-14<\/td><td>Y180L-4<\/td><td>22<\/td><td>&nbsp;<\/td><\/tr><tr><td>\u03c64,0\u00d780m<\/td><td>0.4-1.5<\/td><td>3.5<\/td><td>16-20<\/td><td>Auxiliar: ZQ40-40<\/td><td>ZSN-315-12<\/td><td>355<\/td><td>Principal: ZLY630-35,5<\/td><\/tr><\/tbody><\/table><\/figure>\n\n\n<div class=\"gb-container gb-container-263d9700\">\n\n<a class=\"gb-button gb-button-a4cbb7be gb-button-text\" href=\"#popmake-622\">Obtenha uma cota\u00e7\u00e3o gratuita agora<\/a>\n\n<\/div>\n<\/div>\n<\/div>","protected":false},"excerpt":{"rendered":"<p>Magnesite rotary kiln Outstanding features of magnesite rotary kiln 1. Good product quality and high output; 2. Stable production operation and high safety; 3. The rotary kiln has a simple structure and strong controllability, which is conducive to operation and maintenance; 4. It has a high raw material utilization rate, uniform quality, good quality and &#8230; <\/p>\n<p class=\"read-more-container\"><a title=\"6-1. Forno rotativo de magnesita\" class=\"read-more button\" href=\"https:\/\/hengxingmachinery.com\/pt\/magnesite-rotary-kiln\/#more-2153\" aria-label=\"Leia mais sobre 6-1. Magnesite rotary kiln\">Ler mais<\/a><\/p>","protected":false},"author":1,"featured_media":0,"parent":0,"menu_order":0,"comment_status":"closed","ping_status":"closed","template":"","meta":{"footnotes":""},"class_list":["post-2153","page","type-page","status-publish"],"yoast_head":"<!-- This site is optimized with the Yoast SEO plugin v27.4 - https:\/\/yoast.com\/product\/yoast-seo-wordpress\/ -->\n<title>6-1. Magnesite rotary kiln - Hengxing Machinery<\/title>\n<meta name=\"robots\" content=\"index, follow, max-snippet:-1, max-image-preview:large, max-video-preview:-1\" \/>\n<link rel=\"canonical\" href=\"https:\/\/hengxingmachinery.com\/pt\/magnesite-rotary-kiln\/\" \/>\n<meta property=\"og:locale\" content=\"pt_PT\" \/>\n<meta property=\"og:type\" content=\"article\" \/>\n<meta property=\"og:title\" content=\"6-1. Magnesite rotary kiln - Hengxing Machinery\" \/>\n<meta property=\"og:description\" content=\"Magnesite rotary kiln Outstanding features of magnesite rotary kiln 1. Good product quality and high output; 2. Stable production operation and high safety; 3. The rotary kiln has a simple structure and strong controllability, which is conducive to operation and maintenance; 4. It has a high raw material utilization rate, uniform quality, good quality and ... Ler mais\" \/>\n<meta property=\"og:url\" content=\"https:\/\/hengxingmachinery.com\/pt\/magnesite-rotary-kiln\/\" \/>\n<meta property=\"og:site_name\" content=\"Hengxing Machinery\" \/>\n<meta property=\"article:modified_time\" content=\"2025-03-13T08:59:03+00:00\" \/>\n<meta property=\"og:image\" content=\"https:\/\/hengxingmachinery.com\/wp-content\/uploads\/2025\/03\/magnesite-rotary-kiln-feature.jpg\" \/>\n<meta name=\"twitter:card\" content=\"summary_large_image\" \/>\n<meta name=\"twitter:label1\" content=\"Tempo estimado de leitura\" \/>\n\t<meta name=\"twitter:data1\" content=\"3 minutos\" \/>\n<script type=\"application\/ld+json\" class=\"yoast-schema-graph\">{\"@context\":\"https:\\\/\\\/schema.org\",\"@graph\":[{\"@type\":\"WebPage\",\"@id\":\"https:\\\/\\\/hengxingmachinery.com\\\/magnesite-rotary-kiln\\\/\",\"url\":\"https:\\\/\\\/hengxingmachinery.com\\\/magnesite-rotary-kiln\\\/\",\"name\":\"6-1. Magnesite rotary kiln - Hengxing Machinery\",\"isPartOf\":{\"@id\":\"https:\\\/\\\/hengxingmachinery.com\\\/#website\"},\"primaryImageOfPage\":{\"@id\":\"https:\\\/\\\/hengxingmachinery.com\\\/magnesite-rotary-kiln\\\/#primaryimage\"},\"image\":{\"@id\":\"https:\\\/\\\/hengxingmachinery.com\\\/magnesite-rotary-kiln\\\/#primaryimage\"},\"thumbnailUrl\":\"https:\\\/\\\/hengxingmachinery.com\\\/wp-content\\\/uploads\\\/2025\\\/03\\\/magnesite-rotary-kiln-feature.jpg\",\"datePublished\":\"2025-03-13T08:58:50+00:00\",\"dateModified\":\"2025-03-13T08:59:03+00:00\",\"breadcrumb\":{\"@id\":\"https:\\\/\\\/hengxingmachinery.com\\\/magnesite-rotary-kiln\\\/#breadcrumb\"},\"inLanguage\":\"pt-PT\",\"potentialAction\":[{\"@type\":\"ReadAction\",\"target\":[\"https:\\\/\\\/hengxingmachinery.com\\\/magnesite-rotary-kiln\\\/\"]}]},{\"@type\":\"ImageObject\",\"inLanguage\":\"pt-PT\",\"@id\":\"https:\\\/\\\/hengxingmachinery.com\\\/magnesite-rotary-kiln\\\/#primaryimage\",\"url\":\"https:\\\/\\\/hengxingmachinery.com\\\/wp-content\\\/uploads\\\/2025\\\/03\\\/magnesite-rotary-kiln-feature.jpg\",\"contentUrl\":\"https:\\\/\\\/hengxingmachinery.com\\\/wp-content\\\/uploads\\\/2025\\\/03\\\/magnesite-rotary-kiln-feature.jpg\"},{\"@type\":\"BreadcrumbList\",\"@id\":\"https:\\\/\\\/hengxingmachinery.com\\\/magnesite-rotary-kiln\\\/#breadcrumb\",\"itemListElement\":[{\"@type\":\"ListItem\",\"position\":1,\"name\":\"Home\",\"item\":\"https:\\\/\\\/hengxingmachinery.com\\\/\"},{\"@type\":\"ListItem\",\"position\":2,\"name\":\"6-1. Magnesite rotary kiln\"}]},{\"@type\":\"WebSite\",\"@id\":\"https:\\\/\\\/hengxingmachinery.com\\\/#website\",\"url\":\"https:\\\/\\\/hengxingmachinery.com\\\/\",\"name\":\"Hengxing Machinery\",\"description\":\"Leading Manufacturer of All Sorts of Mining Machinery\",\"publisher\":{\"@id\":\"https:\\\/\\\/hengxingmachinery.com\\\/#organization\"},\"potentialAction\":[{\"@type\":\"SearchAction\",\"target\":{\"@type\":\"EntryPoint\",\"urlTemplate\":\"https:\\\/\\\/hengxingmachinery.com\\\/?s={search_term_string}\"},\"query-input\":{\"@type\":\"PropertyValueSpecification\",\"valueRequired\":true,\"valueName\":\"search_term_string\"}}],\"inLanguage\":\"pt-PT\"},{\"@type\":\"Organization\",\"@id\":\"https:\\\/\\\/hengxingmachinery.com\\\/#organization\",\"name\":\"Hengxing Machinery\",\"url\":\"https:\\\/\\\/hengxingmachinery.com\\\/\",\"logo\":{\"@type\":\"ImageObject\",\"inLanguage\":\"pt-PT\",\"@id\":\"https:\\\/\\\/hengxingmachinery.com\\\/#\\\/schema\\\/logo\\\/image\\\/\",\"url\":\"https:\\\/\\\/hengxingmachinery.com\\\/wp-content\\\/uploads\\\/2024\\\/12\\\/logo.png\",\"contentUrl\":\"https:\\\/\\\/hengxingmachinery.com\\\/wp-content\\\/uploads\\\/2024\\\/12\\\/logo.png\",\"width\":400,\"height\":260,\"caption\":\"Hengxing Machinery\"},\"image\":{\"@id\":\"https:\\\/\\\/hengxingmachinery.com\\\/#\\\/schema\\\/logo\\\/image\\\/\"}}]}<\/script>\n<!-- \/ Yoast SEO plugin. -->","yoast_head_json":{"title":"6-1. Forno rotativo para magnesita - Hengxing Machinery","robots":{"index":"index","follow":"follow","max-snippet":"max-snippet:-1","max-image-preview":"max-image-preview:large","max-video-preview":"max-video-preview:-1"},"canonical":"https:\/\/hengxingmachinery.com\/pt\/magnesite-rotary-kiln\/","og_locale":"pt_PT","og_type":"article","og_title":"6-1. Magnesite rotary kiln - Hengxing Machinery","og_description":"Magnesite rotary kiln Outstanding features of magnesite rotary kiln 1. Good product quality and high output; 2. Stable production operation and high safety; 3. The rotary kiln has a simple structure and strong controllability, which is conducive to operation and maintenance; 4. It has a high raw material utilization rate, uniform quality, good quality and ... Ler mais","og_url":"https:\/\/hengxingmachinery.com\/pt\/magnesite-rotary-kiln\/","og_site_name":"Hengxing Machinery","article_modified_time":"2025-03-13T08:59:03+00:00","og_image":[{"url":"https:\/\/hengxingmachinery.com\/wp-content\/uploads\/2025\/03\/magnesite-rotary-kiln-feature.jpg","type":"","width":"","height":""}],"twitter_card":"summary_large_image","twitter_misc":{"Tempo estimado de leitura":"3 minutos"},"schema":{"@context":"https:\/\/schema.org","@graph":[{"@type":"WebPage","@id":"https:\/\/hengxingmachinery.com\/magnesite-rotary-kiln\/","url":"https:\/\/hengxingmachinery.com\/magnesite-rotary-kiln\/","name":"6-1. Forno rotativo para magnesita - Hengxing Machinery","isPartOf":{"@id":"https:\/\/hengxingmachinery.com\/#website"},"primaryImageOfPage":{"@id":"https:\/\/hengxingmachinery.com\/magnesite-rotary-kiln\/#primaryimage"},"image":{"@id":"https:\/\/hengxingmachinery.com\/magnesite-rotary-kiln\/#primaryimage"},"thumbnailUrl":"https:\/\/hengxingmachinery.com\/wp-content\/uploads\/2025\/03\/magnesite-rotary-kiln-feature.jpg","datePublished":"2025-03-13T08:58:50+00:00","dateModified":"2025-03-13T08:59:03+00:00","breadcrumb":{"@id":"https:\/\/hengxingmachinery.com\/magnesite-rotary-kiln\/#breadcrumb"},"inLanguage":"pt-PT","potentialAction":[{"@type":"ReadAction","target":["https:\/\/hengxingmachinery.com\/magnesite-rotary-kiln\/"]}]},{"@type":"ImageObject","inLanguage":"pt-PT","@id":"https:\/\/hengxingmachinery.com\/magnesite-rotary-kiln\/#primaryimage","url":"https:\/\/hengxingmachinery.com\/wp-content\/uploads\/2025\/03\/magnesite-rotary-kiln-feature.jpg","contentUrl":"https:\/\/hengxingmachinery.com\/wp-content\/uploads\/2025\/03\/magnesite-rotary-kiln-feature.jpg"},{"@type":"BreadcrumbList","@id":"https:\/\/hengxingmachinery.com\/magnesite-rotary-kiln\/#breadcrumb","itemListElement":[{"@type":"ListItem","position":1,"name":"Home","item":"https:\/\/hengxingmachinery.com\/"},{"@type":"ListItem","position":2,"name":"6-1. Magnesite rotary kiln"}]},{"@type":"WebSite","@id":"https:\/\/hengxingmachinery.com\/#website","url":"https:\/\/hengxingmachinery.com\/","name":"M\u00e1quinas Hengxing","description":"Fabricante l\u00edder de todos os tipos de m\u00e1quinas de minera\u00e7\u00e3o","publisher":{"@id":"https:\/\/hengxingmachinery.com\/#organization"},"potentialAction":[{"@type":"SearchAction","target":{"@type":"EntryPoint","urlTemplate":"https:\/\/hengxingmachinery.com\/?s={search_term_string}"},"query-input":{"@type":"PropertyValueSpecification","valueRequired":true,"valueName":"search_term_string"}}],"inLanguage":"pt-PT"},{"@type":"Organization","@id":"https:\/\/hengxingmachinery.com\/#organization","name":"M\u00e1quinas Hengxing","url":"https:\/\/hengxingmachinery.com\/","logo":{"@type":"ImageObject","inLanguage":"pt-PT","@id":"https:\/\/hengxingmachinery.com\/#\/schema\/logo\/image\/","url":"https:\/\/hengxingmachinery.com\/wp-content\/uploads\/2024\/12\/logo.png","contentUrl":"https:\/\/hengxingmachinery.com\/wp-content\/uploads\/2024\/12\/logo.png","width":400,"height":260,"caption":"Hengxing Machinery"},"image":{"@id":"https:\/\/hengxingmachinery.com\/#\/schema\/logo\/image\/"}}]}},"_links":{"self":[{"href":"https:\/\/hengxingmachinery.com\/pt\/wp-json\/wp\/v2\/pages\/2153","targetHints":{"allow":["GET"]}}],"collection":[{"href":"https:\/\/hengxingmachinery.com\/pt\/wp-json\/wp\/v2\/pages"}],"about":[{"href":"https:\/\/hengxingmachinery.com\/pt\/wp-json\/wp\/v2\/types\/page"}],"author":[{"embeddable":true,"href":"https:\/\/hengxingmachinery.com\/pt\/wp-json\/wp\/v2\/users\/1"}],"replies":[{"embeddable":true,"href":"https:\/\/hengxingmachinery.com\/pt\/wp-json\/wp\/v2\/comments?post=2153"}],"version-history":[{"count":1,"href":"https:\/\/hengxingmachinery.com\/pt\/wp-json\/wp\/v2\/pages\/2153\/revisions"}],"predecessor-version":[{"id":2158,"href":"https:\/\/hengxingmachinery.com\/pt\/wp-json\/wp\/v2\/pages\/2153\/revisions\/2158"}],"wp:attachment":[{"href":"https:\/\/hengxingmachinery.com\/pt\/wp-json\/wp\/v2\/media?parent=2153"}],"curies":[{"name":"wp","href":"https:\/\/api.w.org\/{rel}","templated":true}]}}