{"id":2159,"date":"2025-03-13T09:07:14","date_gmt":"2025-03-13T09:07:14","guid":{"rendered":"https:\/\/hengxingmachinery.com\/?page_id=2159"},"modified":"2025-03-13T09:10:00","modified_gmt":"2025-03-13T09:10:00","slug":"titanium-dioxide-rotary-kiln","status":"publish","type":"page","link":"https:\/\/hengxingmachinery.com\/pt\/titanium-dioxide-rotary-kiln\/","title":{"rendered":"6-1. Forno rotativo de di\u00f3xido de tit\u00e2nio"},"content":{"rendered":"<div class=\"gb-container gb-container-45165f5a\">\n<div class=\"gb-container gb-container-c2652eb4\">\n\n<h1 class=\"gb-headline gb-headline-62a8b2cc gb-headline-text\">Forno rotativo de di\u00f3xido de tit\u00e2nio<\/h1>\n\n<\/div>\n<\/div>\n\n<div class=\"gb-container gb-container-519cf624\">\n<div class=\"gb-container gb-container-71ca071e\">\n<div class=\"gb-grid-wrapper gb-grid-wrapper-8a5f0688\">\n<div class=\"gb-grid-column gb-grid-column-1e99b1c2\"><div class=\"gb-container gb-container-1e99b1c2\">\n\n<figure class=\"gb-block-image gb-block-image-e4eaba54\"><img decoding=\"async\" width=\"665\" height=\"545\" class=\"gb-image gb-image-e4eaba54\" src=\"https:\/\/hengxingmachinery.com\/wp-content\/uploads\/2025\/03\/titanium-dioxide-rotary-kiln-feature.jpg\" alt=\"\" title=\"caracter\u00edstica-do-forno-rotativo-de-di\u00f3xido-de-tit\u00e2nio\" srcset=\"https:\/\/hengxingmachinery.com\/wp-content\/uploads\/2025\/03\/titanium-dioxide-rotary-kiln-feature.jpg 665w, https:\/\/hengxingmachinery.com\/wp-content\/uploads\/2025\/03\/titanium-dioxide-rotary-kiln-feature-300x246.jpg 300w, https:\/\/hengxingmachinery.com\/wp-content\/uploads\/2025\/03\/titanium-dioxide-rotary-kiln-feature-15x12.jpg 15w\" sizes=\"(max-width: 665px) 100vw, 665px\" \/><\/figure>\n\n<\/div><\/div>\n\n<div class=\"gb-grid-column gb-grid-column-bcae065b\"><div class=\"gb-container gb-container-bcae065b\">\n\n<p class=\"gb-headline gb-headline-e419680e gb-headline-text\">O forno rotativo de di\u00f3xido de tit\u00e2nio \u00e9 utilizado principalmente em diversas ind\u00fastrias de produ\u00e7\u00e3o, como materiais de constru\u00e7\u00e3o, metalurgia, ind\u00fastria qu\u00edmica, materiais refrat\u00e1rios e prote\u00e7\u00e3o ambiental.<\/p>\n\n\n<div class=\"gb-grid-wrapper gb-grid-wrapper-eebec76e\">\n<div class=\"gb-grid-column gb-grid-column-e3ada2f0\"><div class=\"gb-container gb-container-e3ada2f0\">\n\n<p class=\"gb-headline gb-headline-4c79a90a gb-headline-text\"><mark style=\"background-color:rgba(0, 0, 0, 0)\" class=\"has-inline-color has-global-color-8-color\"><strong>Capacidade:<\/strong><\/mark> 180-10000t\/dia<\/p>\n\n<\/div><\/div>\n\n<div class=\"gb-grid-column gb-grid-column-0bb00826\"><div class=\"gb-container gb-container-0bb00826\">\n\n<p class=\"gb-headline gb-headline-86d53f56 gb-headline-text\"><mark style=\"background-color:rgba(0, 0, 0, 0)\" class=\"has-inline-color has-global-color-8-color\"><strong><strong>Modelo<\/strong>:<\/strong><\/mark> \u00d81,6\u00d732m - \u00d84\u00d780m<\/p>\n\n<\/div><\/div>\n<\/div>\n\n\n<p class=\"gb-headline gb-headline-c7449055 gb-headline-text\"><mark style=\"background-color:rgba(0, 0, 0, 0)\" class=\"has-inline-color has-global-color-8-color\"><strong>Materiais de aplica\u00e7\u00e3o:<\/strong><\/mark> Di\u00f3xido de tit\u00e2nio, cimento, argila, calc\u00e1rio, esc\u00f3ria, lodo, res\u00edduos perigosos, lixo, min\u00e9rio met\u00e1lico, etc.<\/p>\n\n\n<div class=\"gb-container gb-container-256e15f1\">\n\n<a class=\"gb-button gb-button-e8b73d89 gb-button-text\" href=\"#popmake-622\">Obtenha uma cota\u00e7\u00e3o gratuita agora<\/a>\n\n<\/div>\n<\/div><\/div>\n<\/div>\n<\/div>\n<\/div>\n\n<div class=\"gb-container gb-container-af5f8799\">\n<div class=\"gb-container gb-container-2298848b\">\n\n<h2 class=\"gb-headline gb-headline-9d27ad2c gb-headline-text\">Caracter\u00edsticas destacadas do forno rotativo de di\u00f3xido de tit\u00e2nio<\/h2>\n\n\n\n<figure class=\"gb-block-image gb-block-image-d3dc0db2\"><img decoding=\"async\" width=\"665\" height=\"545\" class=\"gb-image gb-image-d3dc0db2\" src=\"https:\/\/hengxingmachinery.com\/wp-content\/uploads\/2025\/03\/titanium-dioxide-rotary-kiln-for-sale.jpg\" alt=\"\" title=\"forno-rotativo-de-di\u00f3xido-de-tit\u00e2nio-\u00e0-venda\" srcset=\"https:\/\/hengxingmachinery.com\/wp-content\/uploads\/2025\/03\/titanium-dioxide-rotary-kiln-for-sale.jpg 665w, https:\/\/hengxingmachinery.com\/wp-content\/uploads\/2025\/03\/titanium-dioxide-rotary-kiln-for-sale-300x246.jpg 300w, https:\/\/hengxingmachinery.com\/wp-content\/uploads\/2025\/03\/titanium-dioxide-rotary-kiln-for-sale-15x12.jpg 15w\" sizes=\"(max-width: 665px) 100vw, 665px\" \/><\/figure>\n\n\n\n<p>1. <strong>Estruturalmente: <\/strong>o forno rotativo de di\u00f3xido de tit\u00e2nio \u00e9 composto por um cilindro rotativo, um dispositivo de suporte, um dispositivo de suporte com rodas de reten\u00e7\u00e3o, uma cabe\u00e7a do forno, um dispositivo de veda\u00e7\u00e3o da cauda do forno e um dispositivo de tubo de inje\u00e7\u00e3o de carv\u00e3o;<\/p>\n\n\n\n<p>2. <strong>Componentes: <\/strong>Al\u00e9m do acionamento principal, a parte de transmiss\u00e3o do forno rotativo de di\u00f3xido de tit\u00e2nio tamb\u00e9m est\u00e1 equipada com um dispositivo de acionamento auxiliar para garantir que o corpo do forno possa girar lentamente e evitar que ele se deforme quando a alimenta\u00e7\u00e3o de energia do acionamento principal for interrompida. A cabe\u00e7a do forno rotativo de di\u00f3xido de tit\u00e2nio adota uma veda\u00e7\u00e3o tipo casca e tampa, e a extremidade do forno est\u00e1 equipada com um dispositivo de veda\u00e7\u00e3o por contato axial para garantir a confiabilidade da veda\u00e7\u00e3o.;<\/p>\n\n\n\n<p>3. <strong>Funcionalmente: <\/strong>O forno rotativo de di\u00f3xido de tit\u00e2nio possui a fun\u00e7\u00e3o de troca de calor, e o forno tem um campo de temperatura relativamente uniforme, capaz de atender aos requisitos de troca de calor de cada est\u00e1gio do processo de forma\u00e7\u00e3o do material.;<\/p>\n\n\n\n<p>4. <strong>Veda\u00e7\u00e3o<\/strong>: o forno rotativo de di\u00f3xido de tit\u00e2nio possui uma veda\u00e7\u00e3o combinada de duas extremidades confi\u00e1vel, o que torna o coeficiente de vazamento inferior a 10% e utiliza materiais refrat\u00e1rios compostos para reduzir a perda de calor por radia\u00e7\u00e3o.<\/p>\n\n\n\n<p>5. <strong>Instala\u00e7\u00e3o:<\/strong> O corpo do forno rotativo de di\u00f3xido de tit\u00e2nio \u00e9 inclinado em rela\u00e7\u00e3o ao n\u00edvel. Todo o corpo do forno \u00e9 suportado pelo dispositivo de rolos de suporte e possui um dispositivo de roda de reten\u00e7\u00e3o para controlar o movimento para cima e para baixo do corpo do forno.<\/p>\n\n\n<div class=\"gb-container gb-container-d7b7b595\">\n\n<a class=\"gb-button gb-button-c1312760 gb-button-text\" href=\"#popmake-622\">Obtenha uma cota\u00e7\u00e3o gratuita agora<\/a>\n\n<\/div>\n<\/div>\n<\/div>\n\n<div class=\"gb-container gb-container-ebd718b6\">\n<div class=\"gb-container gb-container-5c75b960\">\n\n<h2 class=\"gb-headline gb-headline-98859344 gb-headline-text\">Princ\u00edpio de funcionamento do forno rotativo de di\u00f3xido de tit\u00e2nio<\/h2>\n\n\n\n<figure class=\"gb-block-image gb-block-image-c486b36e\"><img decoding=\"async\" width=\"1450\" height=\"600\" class=\"gb-image gb-image-c486b36e\" src=\"https:\/\/hengxingmachinery.com\/wp-content\/uploads\/2025\/03\/titanium-dioxide-rotary-kiln-working.jpg\" alt=\"\" title=\"funcionamento-do-forno-rotativo-de-di\u00f3xido-de-tit\u00e2nio\" srcset=\"https:\/\/hengxingmachinery.com\/wp-content\/uploads\/2025\/03\/titanium-dioxide-rotary-kiln-working.jpg 1450w, https:\/\/hengxingmachinery.com\/wp-content\/uploads\/2025\/03\/titanium-dioxide-rotary-kiln-working-300x124.jpg 300w, https:\/\/hengxingmachinery.com\/wp-content\/uploads\/2025\/03\/titanium-dioxide-rotary-kiln-working-1024x424.jpg 1024w, https:\/\/hengxingmachinery.com\/wp-content\/uploads\/2025\/03\/titanium-dioxide-rotary-kiln-working-768x318.jpg 768w, https:\/\/hengxingmachinery.com\/wp-content\/uploads\/2025\/03\/titanium-dioxide-rotary-kiln-working-18x7.jpg 18w\" sizes=\"(max-width: 1450px) 100vw, 1450px\" \/><\/figure>\n\n\n\n<p>O bolo filtrado do hidrolisado de di\u00f3xido de tit\u00e2nio \u00e9 alimentado na extremidade da cauda do forno rotativo de di\u00f3xido de tit\u00e2nio, que possui uma certa inclina\u00e7\u00e3o e gira lentamente (a extremidade alta do cilindro), e a c\u00e2mara de combust\u00e3o e mistura na dire\u00e7\u00e3o da cabe\u00e7a do forno (a extremidade baixa do cilindro) ir\u00e1 soprar a chama limpa e o ar quente para dentro do forno para desidratar e calcinar o bolo filtrado. <\/p>\n\n\n\n<p>O bolo filtrado de di\u00f3xido de tit\u00e2nio hidrolisado, ap\u00f3s ser desidratado e calcinado a uma temperatura alta acima de 1000\u00b0C, \u00e9 rolado na dire\u00e7\u00e3o circunferencial e movido na dire\u00e7\u00e3o axial (da extremidade alta para a baixa) com a ajuda da inclina\u00e7\u00e3o do forno rotativo de di\u00f3xido de tit\u00e2nio, completando o processo de desidrata\u00e7\u00e3o e calcina\u00e7\u00e3o. <\/p>\n\n\n\n<p> Em seguida, ele entra no resfriador atrav\u00e9s da v\u00e1lvula de descarga de placa basculante dupla hidr\u00e1ulica na parte inferior da tampa da cabe\u00e7a do forno, e o material, ap\u00f3s resfriamento e peneiramento, \u00e9 o produto acabado de di\u00f3xido de tit\u00e2nio.<\/p>\n\n\n<div class=\"gb-container gb-container-d6bbf16a\">\n\n<a class=\"gb-button gb-button-caa3f2bc gb-button-text\" href=\"#popmake-622\">Obtenha uma cota\u00e7\u00e3o gratuita agora<\/a>\n\n<\/div>\n<\/div>\n<\/div>","protected":false},"excerpt":{"rendered":"<p>Titanium dioxide rotary kiln Outstanding features of titanium dioxide rotary kiln 1. Structurally: the titanium dioxide rotary kiln is composed of a rotary cylinder, a supporting device, a supporting device with retaining wheels, a kiln head, a kiln tail sealing device, and a coal injection pipe device; 2. Components: In addition to the main drive, &#8230; <\/p>\n<p class=\"read-more-container\"><a title=\"6-1. Forno rotativo de di\u00f3xido de tit\u00e2nio\" class=\"read-more button\" href=\"https:\/\/hengxingmachinery.com\/pt\/titanium-dioxide-rotary-kiln\/#more-2159\" aria-label=\"Leia mais sobre 6-1. Titanium dioxide rotary kiln\">Ler mais<\/a><\/p>","protected":false},"author":1,"featured_media":0,"parent":0,"menu_order":0,"comment_status":"closed","ping_status":"closed","template":"","meta":{"footnotes":""},"class_list":["post-2159","page","type-page","status-publish"],"yoast_head":"<!-- This site is optimized with the Yoast SEO plugin v27.4 - https:\/\/yoast.com\/product\/yoast-seo-wordpress\/ -->\n<title>6-1. Titanium dioxide rotary kiln - Hengxing Machinery<\/title>\n<meta name=\"robots\" content=\"index, follow, max-snippet:-1, max-image-preview:large, max-video-preview:-1\" \/>\n<link rel=\"canonical\" href=\"https:\/\/hengxingmachinery.com\/pt\/titanium-dioxide-rotary-kiln\/\" \/>\n<meta property=\"og:locale\" content=\"pt_PT\" \/>\n<meta property=\"og:type\" content=\"article\" \/>\n<meta property=\"og:title\" content=\"6-1. Titanium dioxide rotary kiln - Hengxing Machinery\" \/>\n<meta property=\"og:description\" content=\"Titanium dioxide rotary kiln Outstanding features of titanium dioxide rotary kiln 1. Structurally: the titanium dioxide rotary kiln is composed of a rotary cylinder, a supporting device, a supporting device with retaining wheels, a kiln head, a kiln tail sealing device, and a coal injection pipe device; 2. Components: In addition to the main drive, ... Ler mais\" \/>\n<meta property=\"og:url\" content=\"https:\/\/hengxingmachinery.com\/pt\/titanium-dioxide-rotary-kiln\/\" \/>\n<meta property=\"og:site_name\" content=\"Hengxing Machinery\" \/>\n<meta property=\"article:modified_time\" content=\"2025-03-13T09:10:00+00:00\" \/>\n<meta property=\"og:image\" content=\"https:\/\/hengxingmachinery.com\/wp-content\/uploads\/2025\/03\/titanium-dioxide-rotary-kiln-feature.jpg\" \/>\n<meta name=\"twitter:card\" content=\"summary_large_image\" \/>\n<meta name=\"twitter:label1\" content=\"Tempo estimado de leitura\" \/>\n\t<meta name=\"twitter:data1\" content=\"3 minutos\" \/>\n<script type=\"application\/ld+json\" class=\"yoast-schema-graph\">{\"@context\":\"https:\\\/\\\/schema.org\",\"@graph\":[{\"@type\":\"WebPage\",\"@id\":\"https:\\\/\\\/hengxingmachinery.com\\\/titanium-dioxide-rotary-kiln\\\/\",\"url\":\"https:\\\/\\\/hengxingmachinery.com\\\/titanium-dioxide-rotary-kiln\\\/\",\"name\":\"6-1. Titanium dioxide rotary kiln - Hengxing Machinery\",\"isPartOf\":{\"@id\":\"https:\\\/\\\/hengxingmachinery.com\\\/#website\"},\"primaryImageOfPage\":{\"@id\":\"https:\\\/\\\/hengxingmachinery.com\\\/titanium-dioxide-rotary-kiln\\\/#primaryimage\"},\"image\":{\"@id\":\"https:\\\/\\\/hengxingmachinery.com\\\/titanium-dioxide-rotary-kiln\\\/#primaryimage\"},\"thumbnailUrl\":\"https:\\\/\\\/hengxingmachinery.com\\\/wp-content\\\/uploads\\\/2025\\\/03\\\/titanium-dioxide-rotary-kiln-feature.jpg\",\"datePublished\":\"2025-03-13T09:07:14+00:00\",\"dateModified\":\"2025-03-13T09:10:00+00:00\",\"breadcrumb\":{\"@id\":\"https:\\\/\\\/hengxingmachinery.com\\\/titanium-dioxide-rotary-kiln\\\/#breadcrumb\"},\"inLanguage\":\"pt-PT\",\"potentialAction\":[{\"@type\":\"ReadAction\",\"target\":[\"https:\\\/\\\/hengxingmachinery.com\\\/titanium-dioxide-rotary-kiln\\\/\"]}]},{\"@type\":\"ImageObject\",\"inLanguage\":\"pt-PT\",\"@id\":\"https:\\\/\\\/hengxingmachinery.com\\\/titanium-dioxide-rotary-kiln\\\/#primaryimage\",\"url\":\"https:\\\/\\\/hengxingmachinery.com\\\/wp-content\\\/uploads\\\/2025\\\/03\\\/titanium-dioxide-rotary-kiln-feature.jpg\",\"contentUrl\":\"https:\\\/\\\/hengxingmachinery.com\\\/wp-content\\\/uploads\\\/2025\\\/03\\\/titanium-dioxide-rotary-kiln-feature.jpg\"},{\"@type\":\"BreadcrumbList\",\"@id\":\"https:\\\/\\\/hengxingmachinery.com\\\/titanium-dioxide-rotary-kiln\\\/#breadcrumb\",\"itemListElement\":[{\"@type\":\"ListItem\",\"position\":1,\"name\":\"Home\",\"item\":\"https:\\\/\\\/hengxingmachinery.com\\\/\"},{\"@type\":\"ListItem\",\"position\":2,\"name\":\"6-1. Titanium dioxide rotary kiln\"}]},{\"@type\":\"WebSite\",\"@id\":\"https:\\\/\\\/hengxingmachinery.com\\\/#website\",\"url\":\"https:\\\/\\\/hengxingmachinery.com\\\/\",\"name\":\"Hengxing Machinery\",\"description\":\"Leading Manufacturer of All Sorts of Mining Machinery\",\"publisher\":{\"@id\":\"https:\\\/\\\/hengxingmachinery.com\\\/#organization\"},\"potentialAction\":[{\"@type\":\"SearchAction\",\"target\":{\"@type\":\"EntryPoint\",\"urlTemplate\":\"https:\\\/\\\/hengxingmachinery.com\\\/?s={search_term_string}\"},\"query-input\":{\"@type\":\"PropertyValueSpecification\",\"valueRequired\":true,\"valueName\":\"search_term_string\"}}],\"inLanguage\":\"pt-PT\"},{\"@type\":\"Organization\",\"@id\":\"https:\\\/\\\/hengxingmachinery.com\\\/#organization\",\"name\":\"Hengxing Machinery\",\"url\":\"https:\\\/\\\/hengxingmachinery.com\\\/\",\"logo\":{\"@type\":\"ImageObject\",\"inLanguage\":\"pt-PT\",\"@id\":\"https:\\\/\\\/hengxingmachinery.com\\\/#\\\/schema\\\/logo\\\/image\\\/\",\"url\":\"https:\\\/\\\/hengxingmachinery.com\\\/wp-content\\\/uploads\\\/2024\\\/12\\\/logo.png\",\"contentUrl\":\"https:\\\/\\\/hengxingmachinery.com\\\/wp-content\\\/uploads\\\/2024\\\/12\\\/logo.png\",\"width\":400,\"height\":260,\"caption\":\"Hengxing Machinery\"},\"image\":{\"@id\":\"https:\\\/\\\/hengxingmachinery.com\\\/#\\\/schema\\\/logo\\\/image\\\/\"}}]}<\/script>\n<!-- \/ Yoast SEO plugin. -->","yoast_head_json":{"title":"6-1. Forno rotativo de di\u00f3xido de tit\u00e2nio - Hengxing Machinery","robots":{"index":"index","follow":"follow","max-snippet":"max-snippet:-1","max-image-preview":"max-image-preview:large","max-video-preview":"max-video-preview:-1"},"canonical":"https:\/\/hengxingmachinery.com\/pt\/titanium-dioxide-rotary-kiln\/","og_locale":"pt_PT","og_type":"article","og_title":"6-1. Titanium dioxide rotary kiln - Hengxing Machinery","og_description":"Titanium dioxide rotary kiln Outstanding features of titanium dioxide rotary kiln 1. Structurally: the titanium dioxide rotary kiln is composed of a rotary cylinder, a supporting device, a supporting device with retaining wheels, a kiln head, a kiln tail sealing device, and a coal injection pipe device; 2. Components: In addition to the main drive, ... Ler mais","og_url":"https:\/\/hengxingmachinery.com\/pt\/titanium-dioxide-rotary-kiln\/","og_site_name":"Hengxing Machinery","article_modified_time":"2025-03-13T09:10:00+00:00","og_image":[{"url":"https:\/\/hengxingmachinery.com\/wp-content\/uploads\/2025\/03\/titanium-dioxide-rotary-kiln-feature.jpg","type":"","width":"","height":""}],"twitter_card":"summary_large_image","twitter_misc":{"Tempo estimado de leitura":"3 minutos"},"schema":{"@context":"https:\/\/schema.org","@graph":[{"@type":"WebPage","@id":"https:\/\/hengxingmachinery.com\/titanium-dioxide-rotary-kiln\/","url":"https:\/\/hengxingmachinery.com\/titanium-dioxide-rotary-kiln\/","name":"6-1. Forno rotativo de di\u00f3xido de tit\u00e2nio - Hengxing Machinery","isPartOf":{"@id":"https:\/\/hengxingmachinery.com\/#website"},"primaryImageOfPage":{"@id":"https:\/\/hengxingmachinery.com\/titanium-dioxide-rotary-kiln\/#primaryimage"},"image":{"@id":"https:\/\/hengxingmachinery.com\/titanium-dioxide-rotary-kiln\/#primaryimage"},"thumbnailUrl":"https:\/\/hengxingmachinery.com\/wp-content\/uploads\/2025\/03\/titanium-dioxide-rotary-kiln-feature.jpg","datePublished":"2025-03-13T09:07:14+00:00","dateModified":"2025-03-13T09:10:00+00:00","breadcrumb":{"@id":"https:\/\/hengxingmachinery.com\/titanium-dioxide-rotary-kiln\/#breadcrumb"},"inLanguage":"pt-PT","potentialAction":[{"@type":"ReadAction","target":["https:\/\/hengxingmachinery.com\/titanium-dioxide-rotary-kiln\/"]}]},{"@type":"ImageObject","inLanguage":"pt-PT","@id":"https:\/\/hengxingmachinery.com\/titanium-dioxide-rotary-kiln\/#primaryimage","url":"https:\/\/hengxingmachinery.com\/wp-content\/uploads\/2025\/03\/titanium-dioxide-rotary-kiln-feature.jpg","contentUrl":"https:\/\/hengxingmachinery.com\/wp-content\/uploads\/2025\/03\/titanium-dioxide-rotary-kiln-feature.jpg"},{"@type":"BreadcrumbList","@id":"https:\/\/hengxingmachinery.com\/titanium-dioxide-rotary-kiln\/#breadcrumb","itemListElement":[{"@type":"ListItem","position":1,"name":"Home","item":"https:\/\/hengxingmachinery.com\/"},{"@type":"ListItem","position":2,"name":"6-1. Titanium dioxide rotary kiln"}]},{"@type":"WebSite","@id":"https:\/\/hengxingmachinery.com\/#website","url":"https:\/\/hengxingmachinery.com\/","name":"M\u00e1quinas Hengxing","description":"Fabricante l\u00edder de todos os tipos de m\u00e1quinas de minera\u00e7\u00e3o","publisher":{"@id":"https:\/\/hengxingmachinery.com\/#organization"},"potentialAction":[{"@type":"SearchAction","target":{"@type":"EntryPoint","urlTemplate":"https:\/\/hengxingmachinery.com\/?s={search_term_string}"},"query-input":{"@type":"PropertyValueSpecification","valueRequired":true,"valueName":"search_term_string"}}],"inLanguage":"pt-PT"},{"@type":"Organization","@id":"https:\/\/hengxingmachinery.com\/#organization","name":"M\u00e1quinas Hengxing","url":"https:\/\/hengxingmachinery.com\/","logo":{"@type":"ImageObject","inLanguage":"pt-PT","@id":"https:\/\/hengxingmachinery.com\/#\/schema\/logo\/image\/","url":"https:\/\/hengxingmachinery.com\/wp-content\/uploads\/2024\/12\/logo.png","contentUrl":"https:\/\/hengxingmachinery.com\/wp-content\/uploads\/2024\/12\/logo.png","width":400,"height":260,"caption":"Hengxing Machinery"},"image":{"@id":"https:\/\/hengxingmachinery.com\/#\/schema\/logo\/image\/"}}]}},"_links":{"self":[{"href":"https:\/\/hengxingmachinery.com\/pt\/wp-json\/wp\/v2\/pages\/2159","targetHints":{"allow":["GET"]}}],"collection":[{"href":"https:\/\/hengxingmachinery.com\/pt\/wp-json\/wp\/v2\/pages"}],"about":[{"href":"https:\/\/hengxingmachinery.com\/pt\/wp-json\/wp\/v2\/types\/page"}],"author":[{"embeddable":true,"href":"https:\/\/hengxingmachinery.com\/pt\/wp-json\/wp\/v2\/users\/1"}],"replies":[{"embeddable":true,"href":"https:\/\/hengxingmachinery.com\/pt\/wp-json\/wp\/v2\/comments?post=2159"}],"version-history":[{"count":2,"href":"https:\/\/hengxingmachinery.com\/pt\/wp-json\/wp\/v2\/pages\/2159\/revisions"}],"predecessor-version":[{"id":2165,"href":"https:\/\/hengxingmachinery.com\/pt\/wp-json\/wp\/v2\/pages\/2159\/revisions\/2165"}],"wp:attachment":[{"href":"https:\/\/hengxingmachinery.com\/pt\/wp-json\/wp\/v2\/media?parent=2159"}],"curies":[{"name":"wp","href":"https:\/\/api.w.org\/{rel}","templated":true}]}}