{"id":2166,"date":"2025-03-13T09:17:33","date_gmt":"2025-03-13T09:17:33","guid":{"rendered":"https:\/\/hengxingmachinery.com\/?page_id=2166"},"modified":"2025-03-13T09:17:48","modified_gmt":"2025-03-13T09:17:48","slug":"bauxite-rotary-kiln","status":"publish","type":"page","link":"https:\/\/hengxingmachinery.com\/pt\/bauxite-rotary-kiln\/","title":{"rendered":"6-1. Forno rotativo de bauxita"},"content":{"rendered":"<div class=\"gb-container gb-container-45165f5a\">\n<div class=\"gb-container gb-container-c2652eb4\">\n\n<h1 class=\"gb-headline gb-headline-62a8b2cc gb-headline-text\">Forno rotativo de bauxita<\/h1>\n\n<\/div>\n<\/div>\n\n<div class=\"gb-container gb-container-519cf624\">\n<div class=\"gb-container gb-container-71ca071e\">\n<div class=\"gb-grid-wrapper gb-grid-wrapper-8a5f0688\">\n<div class=\"gb-grid-column gb-grid-column-1e99b1c2\"><div class=\"gb-container gb-container-1e99b1c2\">\n\n<figure class=\"gb-block-image gb-block-image-e4eaba54\"><img decoding=\"async\" width=\"665\" height=\"545\" class=\"gb-image gb-image-e4eaba54\" src=\"https:\/\/hengxingmachinery.com\/wp-content\/uploads\/2025\/03\/bauxite-rotary-kiln-feature.jpg\" alt=\"\" title=\"caracter\u00edstica-do-forno-rotativo-de-bauxita\" srcset=\"https:\/\/hengxingmachinery.com\/wp-content\/uploads\/2025\/03\/bauxite-rotary-kiln-feature.jpg 665w, https:\/\/hengxingmachinery.com\/wp-content\/uploads\/2025\/03\/bauxite-rotary-kiln-feature-300x246.jpg 300w, https:\/\/hengxingmachinery.com\/wp-content\/uploads\/2025\/03\/bauxite-rotary-kiln-feature-15x12.jpg 15w\" sizes=\"(max-width: 665px) 100vw, 665px\" \/><\/figure>\n\n<\/div><\/div>\n\n<div class=\"gb-grid-column gb-grid-column-bcae065b\"><div class=\"gb-container gb-container-bcae065b\">\n\n<p class=\"gb-headline gb-headline-e419680e gb-headline-text\">Um forno rotativo de bauxita \u00e9 principalmente um forno rotativo para processamento e prepara\u00e7\u00e3o de bauxita. \u00c9 composto por uma parte rotativa, uma parte de suporte, um dispositivo de transmiss\u00e3o, uma cobertura da cabe\u00e7a do forno, uma veda\u00e7\u00e3o da cabe\u00e7a e cauda do forno e um dispositivo de combust\u00e3o. A bauxita \u00e9 um tipo de alumina hidratada com dureza de 1-3, opaca e macia. \u00c9 amplamente utilizada na ind\u00fastria de fundi\u00e7\u00e3o de alum\u00ednio e na ind\u00fastria de manufatura de precis\u00e3o.<\/p>\n\n\n<div class=\"gb-grid-wrapper gb-grid-wrapper-eebec76e\">\n<div class=\"gb-grid-column gb-grid-column-e3ada2f0\"><div class=\"gb-container gb-container-e3ada2f0\">\n\n<p class=\"gb-headline gb-headline-4c79a90a gb-headline-text\"><mark style=\"background-color:rgba(0, 0, 0, 0)\" class=\"has-inline-color has-global-color-8-color\"><strong>Capacidade:<\/strong><\/mark> 0,9-42t\/h<\/p>\n\n<\/div><\/div>\n\n<div class=\"gb-grid-column gb-grid-column-0bb00826\"><div class=\"gb-container gb-container-0bb00826\">\n\n<p class=\"gb-headline gb-headline-86d53f56 gb-headline-text\"><mark style=\"background-color:rgba(0, 0, 0, 0)\" class=\"has-inline-color has-global-color-8-color\"><strong><strong>Modelo<\/strong>:<\/strong><\/mark> \u00d81,4\u00d733m-\u00d83,2\u00d750m<\/p>\n\n<\/div><\/div>\n<\/div>\n\n<div class=\"gb-container gb-container-256e15f1\">\n\n<a class=\"gb-button gb-button-e8b73d89 gb-button-text\" href=\"#popmake-622\">Obtenha uma cota\u00e7\u00e3o gratuita agora<\/a>\n\n<\/div>\n<\/div><\/div>\n<\/div>\n<\/div>\n<\/div>\n\n<div class=\"gb-container gb-container-af5f8799\">\n<div class=\"gb-container gb-container-2298848b\">\n\n<h2 class=\"gb-headline gb-headline-9d27ad2c gb-headline-text\">Caracter\u00edsticas destacadas do forno rotativo de bauxita<\/h2>\n\n\n\n<figure class=\"gb-block-image gb-block-image-d3dc0db2\"><img decoding=\"async\" width=\"665\" height=\"545\" class=\"gb-image gb-image-d3dc0db2\" src=\"https:\/\/hengxingmachinery.com\/wp-content\/uploads\/2025\/03\/bauxite-rotary-kiln-for-sale.jpg\" alt=\"\" title=\"forno-rotativo-de-bauxita-\u00e0-venda\" srcset=\"https:\/\/hengxingmachinery.com\/wp-content\/uploads\/2025\/03\/bauxite-rotary-kiln-for-sale.jpg 665w, https:\/\/hengxingmachinery.com\/wp-content\/uploads\/2025\/03\/bauxite-rotary-kiln-for-sale-300x246.jpg 300w, https:\/\/hengxingmachinery.com\/wp-content\/uploads\/2025\/03\/bauxite-rotary-kiln-for-sale-15x12.jpg 15w\" sizes=\"(max-width: 665px) 100vw, 665px\" \/><\/figure>\n\n\n\n<p>1. Baixo consumo de energia, podendo reduzir o consumo unit\u00e1rio de carv\u00e3o em 40% em compara\u00e7\u00e3o com conversores esf\u00e9ricos comuns, com boa estabilidade e forte vantagem de pre\u00e7o de mercado;<\/p>\n\n\n\n<p>2. A opera\u00e7\u00e3o \u00e9 simples, confi\u00e1vel, com pouca m\u00e3o de obra e processo est\u00e1vel;<\/p>\n\n\n\n<p>3. Baixa polui\u00e7\u00e3o ambiental, baixa manuten\u00e7\u00e3o e alta taxa de opera\u00e7\u00e3o;<\/p>\n\n\n\n<p>4. Pode ser aplicado a diversos combust\u00edveis, como g\u00e1s, carv\u00e3o pulverizado e \u00f3leo.<\/p>\n\n\n<div class=\"gb-container gb-container-d7b7b595\">\n\n<a class=\"gb-button gb-button-c1312760 gb-button-text\" href=\"#popmake-622\">Obtenha uma cota\u00e7\u00e3o gratuita agora<\/a>\n\n<\/div>\n<\/div>\n<\/div>\n\n<div class=\"gb-container gb-container-ebd718b6\">\n<div class=\"gb-container gb-container-5c75b960\">\n\n<h2 class=\"gb-headline gb-headline-98859344 gb-headline-text\">Princ\u00edpio de funcionamento do forno rotativo de bauxita<\/h2>\n\n\n\n<figure class=\"gb-block-image gb-block-image-c486b36e\"><img decoding=\"async\" width=\"1450\" height=\"600\" class=\"gb-image gb-image-c486b36e\" src=\"https:\/\/hengxingmachinery.com\/wp-content\/uploads\/2025\/03\/bauxite-rotary-kiln-working.jpg\" alt=\"\" title=\"funcionamento-do-forno-rotativo-de-bauxita\" srcset=\"https:\/\/hengxingmachinery.com\/wp-content\/uploads\/2025\/03\/bauxite-rotary-kiln-working.jpg 1450w, https:\/\/hengxingmachinery.com\/wp-content\/uploads\/2025\/03\/bauxite-rotary-kiln-working-300x124.jpg 300w, https:\/\/hengxingmachinery.com\/wp-content\/uploads\/2025\/03\/bauxite-rotary-kiln-working-1024x424.jpg 1024w, https:\/\/hengxingmachinery.com\/wp-content\/uploads\/2025\/03\/bauxite-rotary-kiln-working-768x318.jpg 768w, https:\/\/hengxingmachinery.com\/wp-content\/uploads\/2025\/03\/bauxite-rotary-kiln-working-18x7.jpg 18w\" sizes=\"(max-width: 1450px) 100vw, 1450px\" \/><\/figure>\n\n\n\n<p>O material entra no forno a partir da extremidade do forno (a extremidade mais alta do cilindro) para calcina\u00e7\u00e3o. Devido \u00e0 inclina\u00e7\u00e3o e rota\u00e7\u00e3o lenta do cilindro, o material tanto rola na dire\u00e7\u00e3o circunferencial quanto se move na dire\u00e7\u00e3o axial (da extremidade mais alta para a mais baixa). Para continuar a completar o processo, a mat\u00e9ria-prima entra no resfriador atrav\u00e9s do capuz do forno para resfriamento.<\/p>\n\n\n<div class=\"gb-container gb-container-d6bbf16a\">\n\n<a class=\"gb-button gb-button-caa3f2bc gb-button-text\" href=\"#popmake-622\">Obtenha uma cota\u00e7\u00e3o gratuita agora<\/a>\n\n<\/div>\n<\/div>\n<\/div>\n\n<div class=\"gb-container gb-container-435ad261\">\n<div class=\"gb-container gb-container-7dc79cc4\">\n\n<h2 class=\"gb-headline gb-headline-6fe5dee2 gb-headline-text\">Especifica\u00e7\u00f5es do forno rotativo de bauxita<\/h2>\n\n\n\n<figure class=\"wp-block-table\"><table class=\"has-fixed-layout\"><tbody><tr><td><strong>Especifica\u00e7\u00f5es Modelo<br>(mil\u00edmetros)<\/strong><\/td><td colspan=\"3\"><strong>O tamanho do forno<\/strong><\/td><td><strong>Rendimento<br>(t\/h)<\/strong><\/td><td><strong>Velocidade<br>(rota\u00e7\u00e3o por minuto)<\/strong><\/td><td><strong>Pot\u00eancia el\u00e9trica (kw)<\/strong><\/td><td><strong>Peso<br>(t)<\/strong><\/td><td><strong>Observa\u00e7\u00f5es<\/strong><\/td><\/tr><tr><td>&nbsp;<\/td><td><strong>Di\u00e2metro<br>(mil\u00edmetros)<\/strong><\/td><td><strong>Comprimento<br>(mil\u00edmetros)<\/strong><\/td><td><strong>Gradiente<br>(%)<\/strong><\/td><td>&nbsp;<\/td><td>&nbsp;<\/td><td>&nbsp;<\/td><td>&nbsp;<\/td><td>&nbsp;<\/td><\/tr><tr><td>\u03c61,4\u00d733<\/td><td>1.4<\/td><td>33<\/td><td>3<\/td><td>0.9-1.3<\/td><td>0.39-3.96<\/td><td>18.5<\/td><td>47.5<\/td><td>\u2014-<\/td><\/tr><tr><td>\u03c61,6\u00d736<\/td><td>1.6<\/td><td>36<\/td><td>4<\/td><td>1.2-1.9<\/td><td>0.26-2.63<\/td><td>22<\/td><td>52<\/td><td>\u2014-<\/td><\/tr><tr><td>\u03c61,8\u00d745<\/td><td>1.8<\/td><td>45<\/td><td>4<\/td><td>1.9-2.4<\/td><td>0.16-1.62<\/td><td>30<\/td><td>78.2<\/td><td>\u2014-<\/td><\/tr><tr><td>\u03c61,9\u00d739<\/td><td>1.9<\/td><td>39<\/td><td>4<\/td><td>1.65-3<\/td><td>0.29-2.93<\/td><td>30<\/td><td>77.59<\/td><td>\u2014-<\/td><\/tr><tr><td>\u03c62,0\u00d740<\/td><td>2<\/td><td>40<\/td><td>3<\/td><td>2.5-4<\/td><td>0.23-2.26<\/td><td>37<\/td><td>119.1<\/td><td>\u2014-<\/td><\/tr><tr><td>\u03c62,2\u00d745<\/td><td>2.2<\/td><td>45<\/td><td>3.5<\/td><td>3.4-5.4<\/td><td>0.21-2.44<\/td><td>45<\/td><td>128.3<\/td><td>\u2014-<\/td><\/tr><tr><td>\u03c62,5\u00d740<\/td><td>2.5<\/td><td>40<\/td><td>3.5<\/td><td>9.0-10.5<\/td><td>0.44-2.44<\/td><td>55<\/td><td>149.61<\/td><td>\u2014-<\/td><\/tr><tr><td>\u03c62,5\u00d750<\/td><td>2.5<\/td><td>50<\/td><td>3<\/td><td>6.25-7.4<\/td><td>0.62-1.86<\/td><td>55<\/td><td>187.37<\/td><td>\u2014-<\/td><\/tr><tr><td>\u03c62,5\u00d754<\/td><td>2.5<\/td><td>54<\/td><td>3.5<\/td><td>6.9-8.5<\/td><td>0.48-1.45<\/td><td>55<\/td><td>196.29<\/td><td>\u2014-<\/td><\/tr><tr><td>\u03c62,7\u00d742<\/td><td>2.7<\/td><td>42<\/td><td>3.5<\/td><td>10.0-11.0<\/td><td>0.10-1.52<\/td><td>55<\/td><td>198.5<\/td><td>\u2014-<\/td><\/tr><tr><td>\u03c62,8\u00d744<\/td><td>2.8<\/td><td>44<\/td><td>3.5<\/td><td>12.5-13.5<\/td><td>0.437-2.18<\/td><td>55<\/td><td>201.58<\/td><td>Forno pr\u00e9-aquecedor de suspens\u00e3o<\/td><\/tr><tr><td>\u03c63,0\u00d745<\/td><td>3<\/td><td>45<\/td><td>3.5<\/td><td>12.8-14.5<\/td><td>0.5-2.47<\/td><td>75<\/td><td>210.94<\/td><td>\u2014-<\/td><\/tr><tr><td>\u03c63,0\u00d748<\/td><td>3<\/td><td>48<\/td><td>3.5<\/td><td>25.6-29.3<\/td><td>0.6-3.48<\/td><td>100<\/td><td>237<\/td><td>O forno, forno<\/td><\/tr><tr><td>\u03c63,0\u00d760<\/td><td>3<\/td><td>60<\/td><td>3.5<\/td><td>12.3-14.1<\/td><td>0.3-2<\/td><td>100<\/td><td>310<\/td><td>\u2014-<\/td><\/tr><tr><td>\u03c63,2\u00d750<\/td><td>3.2<\/td><td>50<\/td><td>4<\/td><td>40.5-42<\/td><td>0.6-3<\/td><td>125<\/td><td>278<\/td><td>O forno, forno<\/td><\/tr><\/tbody><\/table><\/figure>\n\n\n<div class=\"gb-container gb-container-263d9700\">\n\n<a class=\"gb-button gb-button-a4cbb7be gb-button-text\" href=\"#popmake-622\">Obtenha uma cota\u00e7\u00e3o gratuita agora<\/a>\n\n<\/div>\n<\/div>\n<\/div>\n\n\n<p><\/p>","protected":false},"excerpt":{"rendered":"<p>Bauxite rotary kiln Outstanding features of bauxite rotary kiln 1. Low energy consumption, which can reduce the unit coal consumption by 40% compared with ordinary spherical top converters, with good stability and strong market price advantage; 2. The operation is simple, reliable, with few personnel and stable process; 3. Low environmental pollution, low maintenance and &#8230; <\/p>\n<p class=\"read-more-container\"><a title=\"6-1. Forno rotativo de bauxita\" class=\"read-more button\" href=\"https:\/\/hengxingmachinery.com\/pt\/bauxite-rotary-kiln\/#more-2166\" aria-label=\"Leia mais sobre 6-1. Bauxite rotary kiln\">Ler mais<\/a><\/p>","protected":false},"author":1,"featured_media":0,"parent":0,"menu_order":0,"comment_status":"closed","ping_status":"closed","template":"","meta":{"footnotes":""},"class_list":["post-2166","page","type-page","status-publish"],"yoast_head":"<!-- This site is optimized with the Yoast SEO plugin v27.4 - https:\/\/yoast.com\/product\/yoast-seo-wordpress\/ -->\n<title>6-1. Bauxite rotary kiln - Hengxing Machinery<\/title>\n<meta name=\"robots\" content=\"index, follow, max-snippet:-1, max-image-preview:large, max-video-preview:-1\" \/>\n<link rel=\"canonical\" href=\"https:\/\/hengxingmachinery.com\/pt\/bauxite-rotary-kiln\/\" \/>\n<meta property=\"og:locale\" content=\"pt_PT\" \/>\n<meta property=\"og:type\" content=\"article\" \/>\n<meta property=\"og:title\" content=\"6-1. Bauxite rotary kiln - Hengxing Machinery\" \/>\n<meta property=\"og:description\" content=\"Bauxite rotary kiln Outstanding features of bauxite rotary kiln 1. Low energy consumption, which can reduce the unit coal consumption by 40% compared with ordinary spherical top converters, with good stability and strong market price advantage; 2. The operation is simple, reliable, with few personnel and stable process; 3. Low environmental pollution, low maintenance and ... Ler mais\" \/>\n<meta property=\"og:url\" content=\"https:\/\/hengxingmachinery.com\/pt\/bauxite-rotary-kiln\/\" \/>\n<meta property=\"og:site_name\" content=\"Hengxing Machinery\" \/>\n<meta property=\"article:modified_time\" content=\"2025-03-13T09:17:48+00:00\" \/>\n<meta property=\"og:image\" content=\"https:\/\/hengxingmachinery.com\/wp-content\/uploads\/2025\/03\/bauxite-rotary-kiln-feature.jpg\" \/>\n<meta name=\"twitter:card\" content=\"summary_large_image\" \/>\n<meta name=\"twitter:label1\" content=\"Tempo estimado de leitura\" \/>\n\t<meta name=\"twitter:data1\" content=\"3 minutos\" \/>\n<script type=\"application\/ld+json\" class=\"yoast-schema-graph\">{\"@context\":\"https:\\\/\\\/schema.org\",\"@graph\":[{\"@type\":\"WebPage\",\"@id\":\"https:\\\/\\\/hengxingmachinery.com\\\/bauxite-rotary-kiln\\\/\",\"url\":\"https:\\\/\\\/hengxingmachinery.com\\\/bauxite-rotary-kiln\\\/\",\"name\":\"6-1. Bauxite rotary kiln - Hengxing Machinery\",\"isPartOf\":{\"@id\":\"https:\\\/\\\/hengxingmachinery.com\\\/#website\"},\"primaryImageOfPage\":{\"@id\":\"https:\\\/\\\/hengxingmachinery.com\\\/bauxite-rotary-kiln\\\/#primaryimage\"},\"image\":{\"@id\":\"https:\\\/\\\/hengxingmachinery.com\\\/bauxite-rotary-kiln\\\/#primaryimage\"},\"thumbnailUrl\":\"https:\\\/\\\/hengxingmachinery.com\\\/wp-content\\\/uploads\\\/2025\\\/03\\\/bauxite-rotary-kiln-feature.jpg\",\"datePublished\":\"2025-03-13T09:17:33+00:00\",\"dateModified\":\"2025-03-13T09:17:48+00:00\",\"breadcrumb\":{\"@id\":\"https:\\\/\\\/hengxingmachinery.com\\\/bauxite-rotary-kiln\\\/#breadcrumb\"},\"inLanguage\":\"pt-PT\",\"potentialAction\":[{\"@type\":\"ReadAction\",\"target\":[\"https:\\\/\\\/hengxingmachinery.com\\\/bauxite-rotary-kiln\\\/\"]}]},{\"@type\":\"ImageObject\",\"inLanguage\":\"pt-PT\",\"@id\":\"https:\\\/\\\/hengxingmachinery.com\\\/bauxite-rotary-kiln\\\/#primaryimage\",\"url\":\"https:\\\/\\\/hengxingmachinery.com\\\/wp-content\\\/uploads\\\/2025\\\/03\\\/bauxite-rotary-kiln-feature.jpg\",\"contentUrl\":\"https:\\\/\\\/hengxingmachinery.com\\\/wp-content\\\/uploads\\\/2025\\\/03\\\/bauxite-rotary-kiln-feature.jpg\"},{\"@type\":\"BreadcrumbList\",\"@id\":\"https:\\\/\\\/hengxingmachinery.com\\\/bauxite-rotary-kiln\\\/#breadcrumb\",\"itemListElement\":[{\"@type\":\"ListItem\",\"position\":1,\"name\":\"Home\",\"item\":\"https:\\\/\\\/hengxingmachinery.com\\\/\"},{\"@type\":\"ListItem\",\"position\":2,\"name\":\"6-1. Bauxite rotary kiln\"}]},{\"@type\":\"WebSite\",\"@id\":\"https:\\\/\\\/hengxingmachinery.com\\\/#website\",\"url\":\"https:\\\/\\\/hengxingmachinery.com\\\/\",\"name\":\"Hengxing Machinery\",\"description\":\"Leading Manufacturer of All Sorts of Mining Machinery\",\"publisher\":{\"@id\":\"https:\\\/\\\/hengxingmachinery.com\\\/#organization\"},\"potentialAction\":[{\"@type\":\"SearchAction\",\"target\":{\"@type\":\"EntryPoint\",\"urlTemplate\":\"https:\\\/\\\/hengxingmachinery.com\\\/?s={search_term_string}\"},\"query-input\":{\"@type\":\"PropertyValueSpecification\",\"valueRequired\":true,\"valueName\":\"search_term_string\"}}],\"inLanguage\":\"pt-PT\"},{\"@type\":\"Organization\",\"@id\":\"https:\\\/\\\/hengxingmachinery.com\\\/#organization\",\"name\":\"Hengxing Machinery\",\"url\":\"https:\\\/\\\/hengxingmachinery.com\\\/\",\"logo\":{\"@type\":\"ImageObject\",\"inLanguage\":\"pt-PT\",\"@id\":\"https:\\\/\\\/hengxingmachinery.com\\\/#\\\/schema\\\/logo\\\/image\\\/\",\"url\":\"https:\\\/\\\/hengxingmachinery.com\\\/wp-content\\\/uploads\\\/2024\\\/12\\\/logo.png\",\"contentUrl\":\"https:\\\/\\\/hengxingmachinery.com\\\/wp-content\\\/uploads\\\/2024\\\/12\\\/logo.png\",\"width\":400,\"height\":260,\"caption\":\"Hengxing Machinery\"},\"image\":{\"@id\":\"https:\\\/\\\/hengxingmachinery.com\\\/#\\\/schema\\\/logo\\\/image\\\/\"}}]}<\/script>\n<!-- \/ Yoast SEO plugin. -->","yoast_head_json":{"title":"6-1. Forno rotativo de bauxita - Hengxing Machinery","robots":{"index":"index","follow":"follow","max-snippet":"max-snippet:-1","max-image-preview":"max-image-preview:large","max-video-preview":"max-video-preview:-1"},"canonical":"https:\/\/hengxingmachinery.com\/pt\/bauxite-rotary-kiln\/","og_locale":"pt_PT","og_type":"article","og_title":"6-1. Bauxite rotary kiln - Hengxing Machinery","og_description":"Bauxite rotary kiln Outstanding features of bauxite rotary kiln 1. Low energy consumption, which can reduce the unit coal consumption by 40% compared with ordinary spherical top converters, with good stability and strong market price advantage; 2. The operation is simple, reliable, with few personnel and stable process; 3. Low environmental pollution, low maintenance and ... Ler mais","og_url":"https:\/\/hengxingmachinery.com\/pt\/bauxite-rotary-kiln\/","og_site_name":"Hengxing Machinery","article_modified_time":"2025-03-13T09:17:48+00:00","og_image":[{"url":"https:\/\/hengxingmachinery.com\/wp-content\/uploads\/2025\/03\/bauxite-rotary-kiln-feature.jpg","type":"","width":"","height":""}],"twitter_card":"summary_large_image","twitter_misc":{"Tempo estimado de leitura":"3 minutos"},"schema":{"@context":"https:\/\/schema.org","@graph":[{"@type":"WebPage","@id":"https:\/\/hengxingmachinery.com\/bauxite-rotary-kiln\/","url":"https:\/\/hengxingmachinery.com\/bauxite-rotary-kiln\/","name":"6-1. Forno rotativo de bauxita - Hengxing Machinery","isPartOf":{"@id":"https:\/\/hengxingmachinery.com\/#website"},"primaryImageOfPage":{"@id":"https:\/\/hengxingmachinery.com\/bauxite-rotary-kiln\/#primaryimage"},"image":{"@id":"https:\/\/hengxingmachinery.com\/bauxite-rotary-kiln\/#primaryimage"},"thumbnailUrl":"https:\/\/hengxingmachinery.com\/wp-content\/uploads\/2025\/03\/bauxite-rotary-kiln-feature.jpg","datePublished":"2025-03-13T09:17:33+00:00","dateModified":"2025-03-13T09:17:48+00:00","breadcrumb":{"@id":"https:\/\/hengxingmachinery.com\/bauxite-rotary-kiln\/#breadcrumb"},"inLanguage":"pt-PT","potentialAction":[{"@type":"ReadAction","target":["https:\/\/hengxingmachinery.com\/bauxite-rotary-kiln\/"]}]},{"@type":"ImageObject","inLanguage":"pt-PT","@id":"https:\/\/hengxingmachinery.com\/bauxite-rotary-kiln\/#primaryimage","url":"https:\/\/hengxingmachinery.com\/wp-content\/uploads\/2025\/03\/bauxite-rotary-kiln-feature.jpg","contentUrl":"https:\/\/hengxingmachinery.com\/wp-content\/uploads\/2025\/03\/bauxite-rotary-kiln-feature.jpg"},{"@type":"BreadcrumbList","@id":"https:\/\/hengxingmachinery.com\/bauxite-rotary-kiln\/#breadcrumb","itemListElement":[{"@type":"ListItem","position":1,"name":"Home","item":"https:\/\/hengxingmachinery.com\/"},{"@type":"ListItem","position":2,"name":"6-1. Bauxite rotary kiln"}]},{"@type":"WebSite","@id":"https:\/\/hengxingmachinery.com\/#website","url":"https:\/\/hengxingmachinery.com\/","name":"M\u00e1quinas Hengxing","description":"Fabricante l\u00edder de todos os tipos de m\u00e1quinas de minera\u00e7\u00e3o","publisher":{"@id":"https:\/\/hengxingmachinery.com\/#organization"},"potentialAction":[{"@type":"SearchAction","target":{"@type":"EntryPoint","urlTemplate":"https:\/\/hengxingmachinery.com\/?s={search_term_string}"},"query-input":{"@type":"PropertyValueSpecification","valueRequired":true,"valueName":"search_term_string"}}],"inLanguage":"pt-PT"},{"@type":"Organization","@id":"https:\/\/hengxingmachinery.com\/#organization","name":"M\u00e1quinas Hengxing","url":"https:\/\/hengxingmachinery.com\/","logo":{"@type":"ImageObject","inLanguage":"pt-PT","@id":"https:\/\/hengxingmachinery.com\/#\/schema\/logo\/image\/","url":"https:\/\/hengxingmachinery.com\/wp-content\/uploads\/2024\/12\/logo.png","contentUrl":"https:\/\/hengxingmachinery.com\/wp-content\/uploads\/2024\/12\/logo.png","width":400,"height":260,"caption":"Hengxing Machinery"},"image":{"@id":"https:\/\/hengxingmachinery.com\/#\/schema\/logo\/image\/"}}]}},"_links":{"self":[{"href":"https:\/\/hengxingmachinery.com\/pt\/wp-json\/wp\/v2\/pages\/2166","targetHints":{"allow":["GET"]}}],"collection":[{"href":"https:\/\/hengxingmachinery.com\/pt\/wp-json\/wp\/v2\/pages"}],"about":[{"href":"https:\/\/hengxingmachinery.com\/pt\/wp-json\/wp\/v2\/types\/page"}],"author":[{"embeddable":true,"href":"https:\/\/hengxingmachinery.com\/pt\/wp-json\/wp\/v2\/users\/1"}],"replies":[{"embeddable":true,"href":"https:\/\/hengxingmachinery.com\/pt\/wp-json\/wp\/v2\/comments?post=2166"}],"version-history":[{"count":2,"href":"https:\/\/hengxingmachinery.com\/pt\/wp-json\/wp\/v2\/pages\/2166\/revisions"}],"predecessor-version":[{"id":2172,"href":"https:\/\/hengxingmachinery.com\/pt\/wp-json\/wp\/v2\/pages\/2166\/revisions\/2172"}],"wp:attachment":[{"href":"https:\/\/hengxingmachinery.com\/pt\/wp-json\/wp\/v2\/media?parent=2166"}],"curies":[{"name":"wp","href":"https:\/\/api.w.org\/{rel}","templated":true}]}}