{"id":2339,"date":"2025-03-20T03:21:08","date_gmt":"2025-03-20T03:21:08","guid":{"rendered":"https:\/\/hengxingmachinery.com\/?page_id=2339"},"modified":"2025-03-20T06:16:13","modified_gmt":"2025-03-20T06:16:13","slug":"fine-crusher-sand-making-machine","status":"publish","type":"page","link":"https:\/\/hengxingmachinery.com\/pt\/fine-crusher-sand-making-machine\/","title":{"rendered":"2-1. Britador fino para fabrica\u00e7\u00e3o de areia"},"content":{"rendered":"<div class=\"gb-container gb-container-45165f5a\">\n<div class=\"gb-container gb-container-c2652eb4\">\n\n<h1 class=\"gb-headline gb-headline-62a8b2cc gb-headline-text\">M\u00e1quina de fabrica\u00e7\u00e3o de areia fina britadora<\/h1>\n\n<\/div>\n<\/div>\n\n<div class=\"gb-container gb-container-519cf624\">\n<div class=\"gb-container gb-container-71ca071e\">\n<div class=\"gb-grid-wrapper gb-grid-wrapper-8a5f0688\">\n<div class=\"gb-grid-column gb-grid-column-1e99b1c2\"><div class=\"gb-container gb-container-1e99b1c2\">\n\n<figure class=\"gb-block-image gb-block-image-e4eaba54\"><img decoding=\"async\" width=\"665\" height=\"545\" class=\"gb-image gb-image-e4eaba54\" src=\"https:\/\/hengxingmachinery.com\/wp-content\/uploads\/2025\/03\/fine-crusher-sand-making-machine.jpg\" alt=\"\" title=\"dav\" srcset=\"https:\/\/hengxingmachinery.com\/wp-content\/uploads\/2025\/03\/fine-crusher-sand-making-machine.jpg 665w, https:\/\/hengxingmachinery.com\/wp-content\/uploads\/2025\/03\/fine-crusher-sand-making-machine-300x246.jpg 300w, https:\/\/hengxingmachinery.com\/wp-content\/uploads\/2025\/03\/fine-crusher-sand-making-machine-15x12.jpg 15w\" sizes=\"(max-width: 665px) 100vw, 665px\" \/><\/figure>\n\n<\/div><\/div>\n\n<div class=\"gb-grid-column gb-grid-column-bcae065b\"><div class=\"gb-container gb-container-bcae065b\">\n\n<p><\/p>\n\n\n<div class=\"gb-grid-wrapper gb-grid-wrapper-eebec76e\">\n<div class=\"gb-grid-column gb-grid-column-e3ada2f0\"><div class=\"gb-container gb-container-e3ada2f0\">\n\n<p class=\"gb-headline gb-headline-4c79a90a gb-headline-text\"><strong><mark style=\"background-color:rgba(0, 0, 0, 0)\" class=\"has-inline-color has-global-color-8-color\">Tamanho da part\u00edcula de alimenta\u00e7\u00e3o:<\/mark><\/strong> 120-190mm<\/p>\n\n<\/div><\/div>\n\n<div class=\"gb-grid-column gb-grid-column-0bb00826\"><div class=\"gb-container gb-container-0bb00826\">\n\n<p class=\"gb-headline gb-headline-86d53f56 gb-headline-text\"><mark style=\"background-color:rgba(0, 0, 0, 0)\" class=\"has-inline-color has-global-color-8-color\"><strong>Capacidade:<\/strong><\/mark> 5-270t\/h<\/p>\n\n<\/div><\/div>\n<\/div>\n\n\n<p class=\"gb-headline gb-headline-2750f5a7 gb-headline-text\"><strong>Tamanho de descarga: <\/strong><mark style=\"background-color:rgba(0, 0, 0, 0)\" class=\"has-inline-color has-background-dark-blue-color\">5-10mm<\/mark><\/p>\n\n\n\n<p><\/p>\n\n\n\n<p><strong><mark style=\"background-color:rgba(0, 0, 0, 0)\" class=\"has-inline-color has-global-color-8-color\">Materiais aplic\u00e1veis:<\/mark><\/strong> Seixo de rio, granito, basalto, calc\u00e1rio, cl\u00ednquer de cimento, quartzo, min\u00e9rio de ferro, bauxita, etc.<\/p>\n\n\n\n<p><strong><mark style=\"background-color:rgba(0, 0, 0, 0)\" class=\"has-inline-color has-global-color-8-color\">\u00c2mbito de aplica\u00e7\u00e3o:<\/mark><\/strong> Adequado para rodovias de alto padr\u00e3o, ferrovias, conserva\u00e7\u00e3o de \u00e1gua, aeroportos, constru\u00e7\u00e3o, cimento, refrat\u00e1rios, metalurgia e outras ind\u00fastrias.<\/p>\n\n\n<div class=\"gb-container gb-container-256e15f1\">\n\n<a class=\"gb-button gb-button-e8b73d89 gb-button-text\" href=\"#popmake-622\">Obtenha uma cota\u00e7\u00e3o gratuita agora<\/a>\n\n<\/div>\n<\/div><\/div>\n<\/div>\n<\/div>\n<\/div>\n\n<div class=\"gb-container gb-container-9fffbccc\">\n<div class=\"gb-container gb-container-ec063deb\">\n\n<h2 class=\"gb-headline gb-headline-e59ad497 gb-headline-text\">Aplica\u00e7\u00e3o do triturador fino\/m\u00e1quina de fabrica\u00e7\u00e3o de areia<\/h2>\n\n\n\n<p>A m\u00e1quina de fabrica\u00e7\u00e3o de areia de tritura\u00e7\u00e3o fina, tamb\u00e9m conhecida como triturador fino, m\u00e1quina de tritura\u00e7\u00e3o fina de terceira gera\u00e7\u00e3o, etc. Esta m\u00e1quina possui uma ampla gama de usos e seu desempenho atingiu o n\u00edvel. <\/p>\n\n\n\n<p>Atualmente, \u00e9 uma m\u00e1quina trituradora de pedra eficaz, pr\u00e1tica e confi\u00e1vel. \u00c9 especialmente adequada para a fabrica\u00e7\u00e3o de abrasivos, materiais refrat\u00e1rios, cimento, areia de quartzo, areia de a\u00e7o, p\u00f3 de esc\u00f3ria, min\u00e9rio de cobre e min\u00e9rio de ferro. Tritura\u00e7\u00e3o fina e m\u00e9dia de v\u00e1rios materiais duros e quebradi\u00e7os, como pedra, min\u00e9rio de ouro, agregado de concreto, agregado de asfalto, etc. <\/p>\n\n\n\n<p>\u00c9 um tipo de equipamento de fabrica\u00e7\u00e3o de areia e britagem de pedra de alto rendimento e economia de energia, que economiza 50% de energia em compara\u00e7\u00e3o com os trituradores finos tradicionais, sendo atualmente um equipamento triturador mais avan\u00e7ado.<\/p>\n\n\n<div class=\"gb-container gb-container-031827ea\">\n\n<a class=\"gb-button gb-button-9af43ea0 gb-button-text\" href=\"#popmake-622\">Obtenha uma cota\u00e7\u00e3o gratuita agora<\/a>\n\n<\/div>\n<\/div>\n<\/div>\n\n<div class=\"gb-container gb-container-44d3b6be\">\n<div class=\"gb-container gb-container-cb594cef\">\n\n<h2 class=\"gb-headline gb-headline-43634316 gb-headline-text\">Caracter\u00edsticas do triturador fino\/m\u00e1quina de fabrica\u00e7\u00e3o de areia<\/h2>\n\n\n\n<figure class=\"gb-block-image gb-block-image-1f90b8d3\"><img decoding=\"async\" width=\"600\" height=\"600\" class=\"gb-image gb-image-1f90b8d3\" src=\"https:\/\/hengxingmachinery.com\/wp-content\/uploads\/2025\/03\/Fine-Crusher-Sand-Making-Machine-For-Sale-1.jpg\" alt=\"\" title=\"Triturador Fino\/M\u00e1quina de Fabrica\u00e7\u00e3o de Areia \u00e0 Venda\" srcset=\"https:\/\/hengxingmachinery.com\/wp-content\/uploads\/2025\/03\/Fine-Crusher-Sand-Making-Machine-For-Sale-1.jpg 600w, https:\/\/hengxingmachinery.com\/wp-content\/uploads\/2025\/03\/Fine-Crusher-Sand-Making-Machine-For-Sale-1-300x300.jpg 300w, https:\/\/hengxingmachinery.com\/wp-content\/uploads\/2025\/03\/Fine-Crusher-Sand-Making-Machine-For-Sale-1-150x150.jpg 150w, https:\/\/hengxingmachinery.com\/wp-content\/uploads\/2025\/03\/Fine-Crusher-Sand-Making-Machine-For-Sale-1-12x12.jpg 12w\" sizes=\"(max-width: 600px) 100vw, 600px\" \/><\/figure>\n\n\n\n<p>A m\u00e1quina de fabrica\u00e7\u00e3o de areia de tritura\u00e7\u00e3o fina possui desempenho de opera\u00e7\u00e3o est\u00e1vel e confi\u00e1vel, processo simplificado, estrutura simples e manuten\u00e7\u00e3o conveniente. Grande capacidade de produ\u00e7\u00e3o e longa vida \u00fatil do martelo. <\/p>\n\n\n\n<p>O investimento na m\u00e1quina de fabrica\u00e7\u00e3o de areia fina \u00e9 35%-50% menor do que o dos equipamentos de processo tradicionais da mesma escala, e a efici\u00eancia de produ\u00e7\u00e3o \u00e9 35%-50% maior do que a dos equipamentos de processo tradicionais da mesma escala. <\/p>\n\n\n\n<p>O custo de opera\u00e7\u00e3o e manuten\u00e7\u00e3o de longo prazo tamb\u00e9m \u00e9 35%-50% menor do que o dos equipamentos de processo tradicionais da mesma escala. \u00c9 amplamente utilizado em areia e brita de fabrica\u00e7\u00e3o mec\u00e2nica, rodovias de alto padr\u00e3o, ferrovias, conserva\u00e7\u00e3o de \u00e1gua, aeroportos, constru\u00e7\u00e3o, cimento, refrat\u00e1rios, metalurgia e outras ind\u00fastrias para produzir pedras de alta qualidade.<\/p>\n\n\n<div class=\"gb-container gb-container-a3629fb4\">\n\n<a class=\"gb-button gb-button-193549b0 gb-button-text\" href=\"#popmake-622\">Obtenha uma cota\u00e7\u00e3o gratuita agora<\/a>\n\n<\/div>\n<\/div>\n<\/div>\n\n<div class=\"gb-container gb-container-3a930c38\">\n<div class=\"gb-container gb-container-8a36e90a\">\n\n<h2 class=\"gb-headline gb-headline-a5d3273c gb-headline-text\">Princ\u00edpio de funcionamento do triturador fino\/m\u00e1quina de fabrica\u00e7\u00e3o de areia<\/h2>\n\n\n\n<figure class=\"gb-block-image gb-block-image-1c359176\"><img decoding=\"async\" width=\"600\" height=\"500\" class=\"gb-image gb-image-1c359176\" src=\"https:\/\/hengxingmachinery.com\/wp-content\/uploads\/2025\/03\/fine-crusher-sand-making-equipment-1.jpg\" alt=\"\" title=\"Equipamento de fabrica\u00e7\u00e3o de areia\/triturador fino\" srcset=\"https:\/\/hengxingmachinery.com\/wp-content\/uploads\/2025\/03\/fine-crusher-sand-making-equipment-1.jpg 600w, https:\/\/hengxingmachinery.com\/wp-content\/uploads\/2025\/03\/fine-crusher-sand-making-equipment-1-300x250.jpg 300w, https:\/\/hengxingmachinery.com\/wp-content\/uploads\/2025\/03\/fine-crusher-sand-making-equipment-1-14x12.jpg 14w\" sizes=\"(max-width: 600px) 100vw, 600px\" \/><\/figure>\n\n\n\n<p>Esta m\u00e1quina \u00e9 um equipamento de opera\u00e7\u00e3o cont\u00ednua. Durante a opera\u00e7\u00e3o, acionado pelo motor, o rotor gira em alta velocidade. O material entra na primeira c\u00e2mara de tritura\u00e7\u00e3o e \u00e9 triturado. O material \u00e9 descarregado pela porta de sa\u00edda.<\/p>\n\n\n<div class=\"gb-container gb-container-96208927\">\n\n<a class=\"gb-button gb-button-429870c5 gb-button-text\" href=\"#popmake-622\">Obtenha uma cota\u00e7\u00e3o gratuita agora<\/a>\n\n<\/div>\n<\/div>\n<\/div>\n\n<div class=\"gb-container gb-container-435ad261\">\n<div class=\"gb-container gb-container-7dc79cc4\">\n\n<h2 class=\"gb-headline gb-headline-6fe5dee2 gb-headline-text\">Especifica\u00e7\u00f5es do triturador fino\/m\u00e1quina de fabrica\u00e7\u00e3o de areia<\/h2>\n\n\n\n<figure class=\"wp-block-table is-style-stripes\"><table class=\"has-fixed-layout\"><tbody><tr><td><strong>Triturador Fino PXJ<\/strong><\/td><td colspan=\"8\"><strong>Di\u00e2metro do Rotor \u00f8 \u00d7 Largura (mm)<\/strong><\/td><\/tr><tr><td><strong>Modelo<\/strong><\/td><td>800\u00d7400<\/td><td>800\u00d7600<\/td><td>800\u00d7800<\/td><td>1010\u00d71010<\/td><td>1200<br>\u00d71200<\/td><td>1400<br>\u00d71400<\/td><td>1600<br>\u00d71600<\/td><td>1800<br>\u00d71800<\/td><\/tr><tr><td>&nbsp;<\/td><td>400\u00d7185<\/td><td>500\u00d7250<\/td><td>550\u00d7300<\/td><td>1000\u00d7350<\/td><td>1200<br>\u00d7450<\/td><td>1500<br>\u00d7500<\/td><td>1600<br>\u00d7550<\/td><td>1800<br>\u00d7800<\/td><\/tr><tr><td><strong>Tamanho da Alimenta\u00e7\u00e3o (mm)<\/strong><\/td><td>\uff1c120<\/td><td>\uff1c180<\/td><td>\uff1c180<\/td><td>\uff1c180<\/td><td>\uff1c180<\/td><td>\uff1c190<\/td><td>\uff1c190<\/td><td>\uff1c190<\/td><\/tr><tr><td><strong>Tamanho de Sa\u00edda (mm)<\/strong><\/td><td>0-10<\/td><td>0-10<\/td><td>0-10<\/td><td>0-10<\/td><td>0-10<\/td><td>0-10<\/td><td>0-10<\/td><td>0-10<\/td><\/tr><tr><td><strong>Tamanho Ajust\u00e1vel da Grade de Sa\u00edda (mm)<\/strong><\/td><td>5-50<\/td><td>5-50<\/td><td>5-50<\/td><td>5-50<\/td><td>5-50<\/td><td>5-50<\/td><td>5-50<\/td><td>5-50<\/td><\/tr><tr><td><strong>Cl\u00ednquer de Cimento (t\/h)<\/strong><\/td><td>10-30<\/td><td>10-40<\/td><td>20-45<\/td><td>25-55<\/td><td>35-90<\/td><td>50-150<\/td><td>85-210<\/td><td>125-270<\/td><\/tr><tr><td><strong>Calc\u00e1rio (t\/h)<\/strong><\/td><td>18-45<\/td><td>23-55<\/td><td>28-65<\/td><td>35-75<\/td><td>45-110<\/td><td>50-150<\/td><td>95-260<\/td><td>140-310<\/td><\/tr><tr><td><strong>Pot\u00eancia (kW)<\/strong><\/td><td>4P 37 KW<\/td><td>4P 45 KW<\/td><td>4P 45 KW<\/td><td>4P 55 KW<\/td><td>6P 110 KW<\/td><td>6P 160 KW<\/td><td>4P 250 KW<\/td><td>4P 315 KW<\/td><\/tr><tr><td><strong>Peso<\/strong><\/td><td>3.9<\/td><td>4.5<\/td><td>6<\/td><td>10.5<\/td><td>14.4<\/td><td>22<\/td><td>35<\/td><td>49.7<\/td><\/tr><\/tbody><\/table><\/figure>\n\n\n<div class=\"gb-container gb-container-263d9700\">\n\n<a class=\"gb-button gb-button-a4cbb7be gb-button-text\" href=\"#popmake-622\">Obtenha uma cota\u00e7\u00e3o gratuita agora<\/a>\n\n<\/div>\n<\/div>\n<\/div>","protected":false},"excerpt":{"rendered":"<p>Fine crusher sand making machine Fine crusher sand making machine application Fine crushing sand-making machine, also known as fine crusher, third generation fine crushing machine, etc. The machine has a wide range of uses and its performance has reached the level. It is currently an effective, practical and reliable stone-crushing machine. It is especially suitable &#8230; <\/p>\n<p class=\"read-more-container\"><a title=\"2-1. Britador fino para fabrica\u00e7\u00e3o de areia\" class=\"read-more button\" href=\"https:\/\/hengxingmachinery.com\/pt\/fine-crusher-sand-making-machine\/#more-2339\" aria-label=\"Leia mais sobre 2-1. Fine crusher sand making machine\">Ler mais<\/a><\/p>","protected":false},"author":1,"featured_media":0,"parent":0,"menu_order":0,"comment_status":"closed","ping_status":"closed","template":"","meta":{"footnotes":""},"class_list":["post-2339","page","type-page","status-publish"],"yoast_head":"<!-- This site is optimized with the Yoast SEO plugin v27.4 - https:\/\/yoast.com\/product\/yoast-seo-wordpress\/ -->\n<title>2-1. Fine crusher sand making machine - Hengxing Machinery<\/title>\n<meta name=\"robots\" content=\"index, follow, max-snippet:-1, max-image-preview:large, max-video-preview:-1\" \/>\n<link rel=\"canonical\" href=\"https:\/\/hengxingmachinery.com\/pt\/fine-crusher-sand-making-machine\/\" \/>\n<meta property=\"og:locale\" content=\"pt_PT\" \/>\n<meta property=\"og:type\" content=\"article\" \/>\n<meta property=\"og:title\" content=\"2-1. Fine crusher sand making machine - Hengxing Machinery\" \/>\n<meta property=\"og:description\" content=\"Fine crusher sand making machine Fine crusher sand making machine application Fine crushing sand-making machine, also known as fine crusher, third generation fine crushing machine, etc. The machine has a wide range of uses and its performance has reached the level. It is currently an effective, practical and reliable stone-crushing machine. It is especially suitable ... Ler mais\" \/>\n<meta property=\"og:url\" content=\"https:\/\/hengxingmachinery.com\/pt\/fine-crusher-sand-making-machine\/\" \/>\n<meta property=\"og:site_name\" content=\"Hengxing Machinery\" \/>\n<meta property=\"article:modified_time\" content=\"2025-03-20T06:16:13+00:00\" \/>\n<meta property=\"og:image\" content=\"https:\/\/hengxingmachinery.com\/wp-content\/uploads\/2025\/03\/fine-crusher-sand-making-machine.jpg\" \/>\n<meta name=\"twitter:card\" content=\"summary_large_image\" \/>\n<meta name=\"twitter:label1\" content=\"Tempo estimado de leitura\" \/>\n\t<meta name=\"twitter:data1\" content=\"3 minutos\" \/>\n<script type=\"application\/ld+json\" class=\"yoast-schema-graph\">{\"@context\":\"https:\\\/\\\/schema.org\",\"@graph\":[{\"@type\":\"WebPage\",\"@id\":\"https:\\\/\\\/hengxingmachinery.com\\\/fine-crusher-sand-making-machine\\\/\",\"url\":\"https:\\\/\\\/hengxingmachinery.com\\\/fine-crusher-sand-making-machine\\\/\",\"name\":\"2-1. Fine crusher sand making machine - Hengxing Machinery\",\"isPartOf\":{\"@id\":\"https:\\\/\\\/hengxingmachinery.com\\\/#website\"},\"primaryImageOfPage\":{\"@id\":\"https:\\\/\\\/hengxingmachinery.com\\\/fine-crusher-sand-making-machine\\\/#primaryimage\"},\"image\":{\"@id\":\"https:\\\/\\\/hengxingmachinery.com\\\/fine-crusher-sand-making-machine\\\/#primaryimage\"},\"thumbnailUrl\":\"https:\\\/\\\/hengxingmachinery.com\\\/wp-content\\\/uploads\\\/2025\\\/03\\\/fine-crusher-sand-making-machine.jpg\",\"datePublished\":\"2025-03-20T03:21:08+00:00\",\"dateModified\":\"2025-03-20T06:16:13+00:00\",\"breadcrumb\":{\"@id\":\"https:\\\/\\\/hengxingmachinery.com\\\/fine-crusher-sand-making-machine\\\/#breadcrumb\"},\"inLanguage\":\"pt-PT\",\"potentialAction\":[{\"@type\":\"ReadAction\",\"target\":[\"https:\\\/\\\/hengxingmachinery.com\\\/fine-crusher-sand-making-machine\\\/\"]}]},{\"@type\":\"ImageObject\",\"inLanguage\":\"pt-PT\",\"@id\":\"https:\\\/\\\/hengxingmachinery.com\\\/fine-crusher-sand-making-machine\\\/#primaryimage\",\"url\":\"https:\\\/\\\/hengxingmachinery.com\\\/wp-content\\\/uploads\\\/2025\\\/03\\\/fine-crusher-sand-making-machine.jpg\",\"contentUrl\":\"https:\\\/\\\/hengxingmachinery.com\\\/wp-content\\\/uploads\\\/2025\\\/03\\\/fine-crusher-sand-making-machine.jpg\"},{\"@type\":\"BreadcrumbList\",\"@id\":\"https:\\\/\\\/hengxingmachinery.com\\\/fine-crusher-sand-making-machine\\\/#breadcrumb\",\"itemListElement\":[{\"@type\":\"ListItem\",\"position\":1,\"name\":\"Home\",\"item\":\"https:\\\/\\\/hengxingmachinery.com\\\/\"},{\"@type\":\"ListItem\",\"position\":2,\"name\":\"2-1. Fine crusher sand making machine\"}]},{\"@type\":\"WebSite\",\"@id\":\"https:\\\/\\\/hengxingmachinery.com\\\/#website\",\"url\":\"https:\\\/\\\/hengxingmachinery.com\\\/\",\"name\":\"Hengxing Machinery\",\"description\":\"Leading Manufacturer of All Sorts of Mining Machinery\",\"publisher\":{\"@id\":\"https:\\\/\\\/hengxingmachinery.com\\\/#organization\"},\"potentialAction\":[{\"@type\":\"SearchAction\",\"target\":{\"@type\":\"EntryPoint\",\"urlTemplate\":\"https:\\\/\\\/hengxingmachinery.com\\\/?s={search_term_string}\"},\"query-input\":{\"@type\":\"PropertyValueSpecification\",\"valueRequired\":true,\"valueName\":\"search_term_string\"}}],\"inLanguage\":\"pt-PT\"},{\"@type\":\"Organization\",\"@id\":\"https:\\\/\\\/hengxingmachinery.com\\\/#organization\",\"name\":\"Hengxing Machinery\",\"url\":\"https:\\\/\\\/hengxingmachinery.com\\\/\",\"logo\":{\"@type\":\"ImageObject\",\"inLanguage\":\"pt-PT\",\"@id\":\"https:\\\/\\\/hengxingmachinery.com\\\/#\\\/schema\\\/logo\\\/image\\\/\",\"url\":\"https:\\\/\\\/hengxingmachinery.com\\\/wp-content\\\/uploads\\\/2024\\\/12\\\/logo.png\",\"contentUrl\":\"https:\\\/\\\/hengxingmachinery.com\\\/wp-content\\\/uploads\\\/2024\\\/12\\\/logo.png\",\"width\":400,\"height\":260,\"caption\":\"Hengxing Machinery\"},\"image\":{\"@id\":\"https:\\\/\\\/hengxingmachinery.com\\\/#\\\/schema\\\/logo\\\/image\\\/\"}}]}<\/script>\n<!-- \/ Yoast SEO plugin. -->","yoast_head_json":{"title":"2-1. Britador fino para fabrica\u00e7\u00e3o de areia - M\u00e1quina Hengxing Machinery","robots":{"index":"index","follow":"follow","max-snippet":"max-snippet:-1","max-image-preview":"max-image-preview:large","max-video-preview":"max-video-preview:-1"},"canonical":"https:\/\/hengxingmachinery.com\/pt\/fine-crusher-sand-making-machine\/","og_locale":"pt_PT","og_type":"article","og_title":"2-1. Fine crusher sand making machine - Hengxing Machinery","og_description":"Fine crusher sand making machine Fine crusher sand making machine application Fine crushing sand-making machine, also known as fine crusher, third generation fine crushing machine, etc. The machine has a wide range of uses and its performance has reached the level. It is currently an effective, practical and reliable stone-crushing machine. It is especially suitable ... Ler mais","og_url":"https:\/\/hengxingmachinery.com\/pt\/fine-crusher-sand-making-machine\/","og_site_name":"Hengxing Machinery","article_modified_time":"2025-03-20T06:16:13+00:00","og_image":[{"url":"https:\/\/hengxingmachinery.com\/wp-content\/uploads\/2025\/03\/fine-crusher-sand-making-machine.jpg","type":"","width":"","height":""}],"twitter_card":"summary_large_image","twitter_misc":{"Tempo estimado de leitura":"3 minutos"},"schema":{"@context":"https:\/\/schema.org","@graph":[{"@type":"WebPage","@id":"https:\/\/hengxingmachinery.com\/fine-crusher-sand-making-machine\/","url":"https:\/\/hengxingmachinery.com\/fine-crusher-sand-making-machine\/","name":"2-1. Britador fino para fabrica\u00e7\u00e3o de areia - M\u00e1quina Hengxing Machinery","isPartOf":{"@id":"https:\/\/hengxingmachinery.com\/#website"},"primaryImageOfPage":{"@id":"https:\/\/hengxingmachinery.com\/fine-crusher-sand-making-machine\/#primaryimage"},"image":{"@id":"https:\/\/hengxingmachinery.com\/fine-crusher-sand-making-machine\/#primaryimage"},"thumbnailUrl":"https:\/\/hengxingmachinery.com\/wp-content\/uploads\/2025\/03\/fine-crusher-sand-making-machine.jpg","datePublished":"2025-03-20T03:21:08+00:00","dateModified":"2025-03-20T06:16:13+00:00","breadcrumb":{"@id":"https:\/\/hengxingmachinery.com\/fine-crusher-sand-making-machine\/#breadcrumb"},"inLanguage":"pt-PT","potentialAction":[{"@type":"ReadAction","target":["https:\/\/hengxingmachinery.com\/fine-crusher-sand-making-machine\/"]}]},{"@type":"ImageObject","inLanguage":"pt-PT","@id":"https:\/\/hengxingmachinery.com\/fine-crusher-sand-making-machine\/#primaryimage","url":"https:\/\/hengxingmachinery.com\/wp-content\/uploads\/2025\/03\/fine-crusher-sand-making-machine.jpg","contentUrl":"https:\/\/hengxingmachinery.com\/wp-content\/uploads\/2025\/03\/fine-crusher-sand-making-machine.jpg"},{"@type":"BreadcrumbList","@id":"https:\/\/hengxingmachinery.com\/fine-crusher-sand-making-machine\/#breadcrumb","itemListElement":[{"@type":"ListItem","position":1,"name":"Home","item":"https:\/\/hengxingmachinery.com\/"},{"@type":"ListItem","position":2,"name":"2-1. Fine crusher sand making machine"}]},{"@type":"WebSite","@id":"https:\/\/hengxingmachinery.com\/#website","url":"https:\/\/hengxingmachinery.com\/","name":"M\u00e1quinas Hengxing","description":"Fabricante l\u00edder de todos os tipos de m\u00e1quinas de minera\u00e7\u00e3o","publisher":{"@id":"https:\/\/hengxingmachinery.com\/#organization"},"potentialAction":[{"@type":"SearchAction","target":{"@type":"EntryPoint","urlTemplate":"https:\/\/hengxingmachinery.com\/?s={search_term_string}"},"query-input":{"@type":"PropertyValueSpecification","valueRequired":true,"valueName":"search_term_string"}}],"inLanguage":"pt-PT"},{"@type":"Organization","@id":"https:\/\/hengxingmachinery.com\/#organization","name":"M\u00e1quinas Hengxing","url":"https:\/\/hengxingmachinery.com\/","logo":{"@type":"ImageObject","inLanguage":"pt-PT","@id":"https:\/\/hengxingmachinery.com\/#\/schema\/logo\/image\/","url":"https:\/\/hengxingmachinery.com\/wp-content\/uploads\/2024\/12\/logo.png","contentUrl":"https:\/\/hengxingmachinery.com\/wp-content\/uploads\/2024\/12\/logo.png","width":400,"height":260,"caption":"Hengxing Machinery"},"image":{"@id":"https:\/\/hengxingmachinery.com\/#\/schema\/logo\/image\/"}}]}},"_links":{"self":[{"href":"https:\/\/hengxingmachinery.com\/pt\/wp-json\/wp\/v2\/pages\/2339","targetHints":{"allow":["GET"]}}],"collection":[{"href":"https:\/\/hengxingmachinery.com\/pt\/wp-json\/wp\/v2\/pages"}],"about":[{"href":"https:\/\/hengxingmachinery.com\/pt\/wp-json\/wp\/v2\/types\/page"}],"author":[{"embeddable":true,"href":"https:\/\/hengxingmachinery.com\/pt\/wp-json\/wp\/v2\/users\/1"}],"replies":[{"embeddable":true,"href":"https:\/\/hengxingmachinery.com\/pt\/wp-json\/wp\/v2\/comments?post=2339"}],"version-history":[{"count":6,"href":"https:\/\/hengxingmachinery.com\/pt\/wp-json\/wp\/v2\/pages\/2339\/revisions"}],"predecessor-version":[{"id":2375,"href":"https:\/\/hengxingmachinery.com\/pt\/wp-json\/wp\/v2\/pages\/2339\/revisions\/2375"}],"wp:attachment":[{"href":"https:\/\/hengxingmachinery.com\/pt\/wp-json\/wp\/v2\/media?parent=2339"}],"curies":[{"name":"wp","href":"https:\/\/api.w.org\/{rel}","templated":true}]}}