{"id":2351,"date":"2025-03-20T06:07:05","date_gmt":"2025-03-20T06:07:05","guid":{"rendered":"https:\/\/hengxingmachinery.com\/?page_id=2351"},"modified":"2025-03-20T06:07:07","modified_gmt":"2025-03-20T06:07:07","slug":"vsi-sand-making-machine","status":"publish","type":"page","link":"https:\/\/hengxingmachinery.com\/pt\/vsi-sand-making-machine\/","title":{"rendered":"2-1. M\u00e1quina de fabrica\u00e7\u00e3o de areia VSI"},"content":{"rendered":"<div class=\"gb-container gb-container-45165f5a\">\n<div class=\"gb-container gb-container-c2652eb4\">\n\n<h1 class=\"gb-headline gb-headline-62a8b2cc gb-headline-text\">M\u00e1quina de fabrica\u00e7\u00e3o de areia VSI<\/h1>\n\n<\/div>\n<\/div>\n\n<div class=\"gb-container gb-container-519cf624\">\n<div class=\"gb-container gb-container-71ca071e\">\n<div class=\"gb-grid-wrapper gb-grid-wrapper-8a5f0688\">\n<div class=\"gb-grid-column gb-grid-column-1e99b1c2\"><div class=\"gb-container gb-container-1e99b1c2\">\n\n<figure class=\"gb-block-image gb-block-image-e4eaba54\"><img decoding=\"async\" width=\"665\" height=\"545\" class=\"gb-image gb-image-e4eaba54\" src=\"https:\/\/hengxingmachinery.com\/wp-content\/uploads\/2025\/03\/vsi-sand-making-machine-for-sale.jpg\" alt=\"\" title=\"m\u00e1quina de fabrica\u00e7\u00e3o de areia vsi \u00e0 venda\" srcset=\"https:\/\/hengxingmachinery.com\/wp-content\/uploads\/2025\/03\/vsi-sand-making-machine-for-sale.jpg 665w, https:\/\/hengxingmachinery.com\/wp-content\/uploads\/2025\/03\/vsi-sand-making-machine-for-sale-300x246.jpg 300w, https:\/\/hengxingmachinery.com\/wp-content\/uploads\/2025\/03\/vsi-sand-making-machine-for-sale-15x12.jpg 15w\" sizes=\"(max-width: 665px) 100vw, 665px\" \/><\/figure>\n\n<\/div><\/div>\n\n<div class=\"gb-grid-column gb-grid-column-bcae065b\"><div class=\"gb-container gb-container-bcae065b\">\n\n<p>A M\u00e1quina de Fabrica\u00e7\u00e3o de Areia VSI \u00e9 amplamente utilizada na britagem m\u00e9dia e fina (fabrica\u00e7\u00e3o de areia) de v\u00e1rios materiais duros e fr\u00e1geis, como diversos tipos de rochas, abrasivos, materiais refrat\u00e1rios, cl\u00ednquer de cimento, quartzo, min\u00e9rio de ferro, agregados de concreto, entre outros. <\/p>\n\n\n\n<p>\u00c9 especialmente adequada para a produ\u00e7\u00e3o de areia para constru\u00e7\u00e3o e de areia e brita para constru\u00e7\u00e3o de estradas.<\/p>\n\n\n<div class=\"gb-grid-wrapper gb-grid-wrapper-eebec76e\">\n<div class=\"gb-grid-column gb-grid-column-e3ada2f0\"><div class=\"gb-container gb-container-e3ada2f0\">\n\n<p class=\"gb-headline gb-headline-4c79a90a gb-headline-text\"><strong><mark style=\"background-color:rgba(0, 0, 0, 0)\" class=\"has-inline-color has-global-color-8-color\">Tamanho da part\u00edcula de alimenta\u00e7\u00e3o:<\/mark><\/strong> 120-190mm<\/p>\n\n<\/div><\/div>\n\n<div class=\"gb-grid-column gb-grid-column-0bb00826\"><div class=\"gb-container gb-container-0bb00826\">\n\n<p class=\"gb-headline gb-headline-86d53f56 gb-headline-text\"><mark style=\"background-color:rgba(0, 0, 0, 0)\" class=\"has-inline-color has-global-color-8-color\"><strong>Capacidade:<\/strong><\/mark> 5-270t\/h<\/p>\n\n<\/div><\/div>\n<\/div>\n\n\n<p class=\"gb-headline gb-headline-2750f5a7 gb-headline-text\"><strong>Tamanho de descarga: <\/strong><mark style=\"background-color:rgba(0, 0, 0, 0)\" class=\"has-inline-color has-background-dark-blue-color\">5-10mm<\/mark><\/p>\n\n\n\n<p><\/p>\n\n\n<div class=\"gb-container gb-container-256e15f1\">\n\n<a class=\"gb-button gb-button-e8b73d89 gb-button-text\" href=\"#popmake-622\">Obtenha uma cota\u00e7\u00e3o gratuita agora<\/a>\n\n<\/div>\n<\/div><\/div>\n<\/div>\n<\/div>\n<\/div>\n\n<div class=\"gb-container gb-container-9fffbccc\">\n<div class=\"gb-container gb-container-ec063deb\">\n\n<h2 class=\"gb-headline gb-headline-e59ad497 gb-headline-text\">Aplica\u00e7\u00e3o da M\u00e1quina de Fabrica\u00e7\u00e3o de Areia VSI<\/h2>\n\n\n\n<p>1. A m\u00e1quina de fabrica\u00e7\u00e3o de areia \u00e9 usada para produzir agregado para constru\u00e7\u00e3o, concreto, agregado para superf\u00edcie e base de estradas, concreto asf\u00e1ltico e concreto de cimento. <\/p>\n\n\n\n<p>2. Tamb\u00e9m \u00e9 utilizada para fabrica\u00e7\u00e3o de areia e modelagem na \u00e1rea de engenharia, como conserva\u00e7\u00e3o de \u00e1gua, energia hidrel\u00e9trica, estradas de alta classe, ferrovias de alta velocidade, linhas de passageiros especiais, pontes, pavimenta\u00e7\u00e3o de aeroportos, obras municipais e edif\u00edcios altos. <\/p>\n\n\n\n<p>3. \u00c9 amplamente utilizada em muitos setores, como materiais de constru\u00e7\u00e3o, metalurgia, engenharia qu\u00edmica, minera\u00e7\u00e3o, materiais refrat\u00e1rios, cimento, etc.<\/p>\n\n\n\n<p>4. \u00c9 usada para produzir mat\u00e9rias-primas para vidro, areia de quartzo e outros materiais de alta pureza. Seixo, calc\u00e1rio, granito, basalto, diab\u00e1sio, andesito, etc.<\/p>\n\n<\/div>\n<\/div>\n\n<div class=\"gb-container gb-container-b6725778\">\n<div class=\"gb-container gb-container-af8e0526\">\n<div class=\"gb-container gb-container-031827ea\">\n\n<a class=\"gb-button gb-button-9af43ea0 gb-button-text\" href=\"#popmake-622\">Obtenha uma cota\u00e7\u00e3o gratuita agora<\/a>\n\n<\/div>\n<\/div>\n<\/div>\n\n<div class=\"gb-container gb-container-3a930c38\">\n<div class=\"gb-container gb-container-8a36e90a\">\n\n<h2 class=\"gb-headline gb-headline-a5d3273c gb-headline-text\">Princ\u00edpio de funcionamento da M\u00e1quina de Fabrica\u00e7\u00e3o de Areia VSI<\/h2>\n\n\n\n<figure class=\"gb-block-image gb-block-image-1c359176\"><img decoding=\"async\" width=\"600\" height=\"500\" class=\"gb-image gb-image-1c359176\" src=\"https:\/\/hengxingmachinery.com\/wp-content\/uploads\/2025\/03\/vsi-sand-making-macine-working-principle.jpg\" alt=\"\" title=\"princ\u00edpio de funcionamento da m\u00e1quina de fabrica\u00e7\u00e3o de areia vsi\" srcset=\"https:\/\/hengxingmachinery.com\/wp-content\/uploads\/2025\/03\/vsi-sand-making-macine-working-principle.jpg 600w, https:\/\/hengxingmachinery.com\/wp-content\/uploads\/2025\/03\/vsi-sand-making-macine-working-principle-300x250.jpg 300w, https:\/\/hengxingmachinery.com\/wp-content\/uploads\/2025\/03\/vsi-sand-making-macine-working-principle-14x12.jpg 14w\" sizes=\"(max-width: 600px) 100vw, 600px\" \/><\/figure>\n\n\n\n<p><strong>1) Alimenta\u00e7\u00e3o Central:<\/strong><\/p>\n\n\n\n<p>A mat\u00e9ria-prima cai no funil de alimenta\u00e7\u00e3o e, em seguida, entra no impulsor atrav\u00e9s do orif\u00edcio de entrada central. \u00c9 acelerada em um impulsor de alta velocidade e depois ejetada a uma velocidade de 60-75m\/s. Ao atingir a placa de impacto, \u00e9 britada. Os produtos finais saem para baixo atrav\u00e9s da sa\u00edda.<\/p>\n\n\n\n<p>\u00a0<strong>2) Alimenta\u00e7\u00e3o por Anel:<\/strong><\/p>\n\n\n\n<p>A mat\u00e9ria-prima cai em um funil de alimenta\u00e7\u00e3o e, atrav\u00e9s de um anel, \u00e9 dividida em duas partes por uma placa divisora de material. Uma parte entra no impulsor pelo centro da placa divisora. A outra cai do lado de fora da placa divisora. O material, ejetado pelo impulsor a uma velocidade de 60-75m\/s, \u00e9 atingido pelo material que desce do lado de fora da placa divisora. Dessa forma, o material \u00e9 britado.<\/p>\n\n\n<div class=\"gb-container gb-container-96208927\">\n\n<a class=\"gb-button gb-button-429870c5 gb-button-text\" href=\"#popmake-622\">Obtenha uma cota\u00e7\u00e3o gratuita agora<\/a>\n\n<\/div>\n<\/div>\n<\/div>\n\n<div class=\"gb-container gb-container-435ad261\">\n<div class=\"gb-container gb-container-7dc79cc4\">\n\n<h2 class=\"gb-headline gb-headline-6fe5dee2 gb-headline-text\">Especifica\u00e7\u00f5es da M\u00e1quina de Fabrica\u00e7\u00e3o de Areia VSI<\/h2>\n\n\n\n<figure class=\"wp-block-table is-style-stripes\"><table class=\"has-fixed-layout\"><tbody><tr><td><strong>&nbsp;Modelo<\/strong><\/td><td>VSI7611<\/td><td>VSI8518<\/td><td>VSI9526<\/td><td>VSI1140<\/td><td>VSI1145<\/td><\/tr><tr><td><strong><mark style=\"background-color:rgba(0, 0, 0, 0)\" class=\"has-inline-color has-global-color-8-color\">Capacidade (T\/H)<\/mark><\/strong><br><strong>Alimenta\u00e7\u00e3o Central e por Anel<\/strong><\/td><td>120-180<\/td><td>200-260<\/td><td>300-380<\/td><td>450-520<\/td><td>500-640<\/td><\/tr><tr><td><strong><strong><mark style=\"background-color:rgba(0, 0, 0, 0)\" class=\"has-inline-color has-global-color-8-color\">Capacidade (T\/H)<\/mark><\/strong><\/strong><br><strong>Alimenta\u00e7\u00e3o Central<\/strong><\/td><td>60-90<\/td><td>100-130<\/td><td>150-190<\/td><td>225-260<\/td><td>250-360<\/td><\/tr><tr><td><strong><mark style=\"background-color:rgba(0, 0, 0, 0)\" class=\"has-inline-color has-global-color-8-color\">Melhor Tamanho de Alimenta\u00e7\u00e3o (MM)<\/mark><\/strong><br><strong>Material Macio<\/strong><\/td><td>35<\/td><td>40<\/td><td>45<\/td><td>50<\/td><td>50<\/td><\/tr><tr><td><strong><mark style=\"background-color:rgba(0, 0, 0, 0)\" class=\"has-inline-color has-global-color-8-color\">Melhor Tamanho de Alimenta\u00e7\u00e3o (MM)<\/mark><\/strong><br><strong>Material Duro<\/strong><\/td><td>30<\/td><td>35<\/td><td>40<\/td><td>45<\/td><td>45<\/td><\/tr><tr><td><strong>Velocidade de Rota\u00e7\u00e3o (R\/MIN)<\/strong><\/td><td>1700-1890<\/td><td>1520-1690<\/td><td>1360-1510<\/td><td>1180-1310<\/td><td>1200-1390<\/td><\/tr><tr><td>\u00a0<strong>Pot\u00eancia para Motor Duplo (KW)<\/strong><\/td><td>110<\/td><td>180<\/td><td>264<\/td><td>400<\/td><td>440<\/td><\/tr><tr><td>\u00a0<strong>Dimens\u00f5es L\u00d7A\u00d7H (MM)<\/strong><\/td><td>3700\u00d72150 \u00d72100<\/td><td>4140\u00d72280 \u00d72425<\/td><td>4560\u00d72447 \u00d72778<\/td><td>5000\u00d72700 \u00d73300<\/td><td>5100\u00d72790 \u00d73320<\/td><\/tr><tr><td>\u00a0<strong>Peso (t)<\/strong><\/td><td>11.8<\/td><td>14.5<\/td><td>17.8<\/td><td>25.6<\/td><td>26<\/td><\/tr><tr><td>\u00a0<strong>Bomba Dupla de \u00d3leo garante o Fornecimento Normal de \u00d3leo <\/strong><\/td><td colspan=\"5\">Bomba Dupla de \u00d3leo garante o Fornecimento Normal de \u00d3leo; Desligamento Autom\u00e1tico em caso de Falta de Press\u00e3o de \u00d3leo; Refrigera\u00e7\u00e3o a \u00c1gua; Pr\u00e9-aquecimento do Motor no Inverno.<\/td><\/tr><tr><td>\u00a0<strong>Sensor de Vibra\u00e7\u00e3o<\/strong><\/td><td colspan=\"5\">Faixa de Monitoramento: 0.1-20MM\/S Ajust\u00e1vel Continuamente<\/td><\/tr><tr><td><strong><mark style=\"background-color:rgba(0, 0, 0, 0)\" class=\"has-inline-color has-global-color-8-color\">Esta\u00e7\u00e3o Hidr\u00e1ulica de Lubrifica\u00e7\u00e3o<\/mark><\/strong><br><strong>Pot\u00eancia do Motor da Bomba de \u00d3leo Dupla<\/strong><\/td><td colspan=\"5\">2\u00d70.25kW<\/td><\/tr><tr><td><strong><mark style=\"background-color:rgba(0, 0, 0, 0)\" class=\"has-inline-color has-global-color-8-color\">Esta\u00e7\u00e3o Hidr\u00e1ulica de Lubrifica\u00e7\u00e3o<\/mark><\/strong><br><strong>Prote\u00e7\u00e3o de Seguran\u00e7a<\/strong><\/td><td colspan=\"5\">Bomba Dupla de \u00d3leo garante o Fornecimento Normal de \u00d3leo; Desligamento Autom\u00e1tico em caso de Falta de Press\u00e3o de \u00d3leo; Refrigera\u00e7\u00e3o a \u00c1gua; Pr\u00e9-aquecimento do Motor no Inverno.<\/td><\/tr><tr><td><strong><mark style=\"background-color:rgba(0, 0, 0, 0)\" class=\"has-inline-color has-global-color-8-color\">Esta\u00e7\u00e3o Hidr\u00e1ulica de Lubrifica\u00e7\u00e3o<\/mark><\/strong><br><strong>Dimens\u00f5es Excedentes L\u00d7A\u00d7H(mm)<\/strong><\/td><td colspan=\"5\">820\u00d7520\u00d71270<\/td><\/tr><tr><td><strong><mark style=\"background-color:rgba(0, 0, 0, 0)\" class=\"has-inline-color has-global-color-8-color\">Esta\u00e7\u00e3o Hidr\u00e1ulica de Lubrifica\u00e7\u00e3o<\/mark><\/strong><br><strong>Pot\u00eancia de Aquecimento do Tanque de \u00d3leo<\/strong><\/td><td colspan=\"5\">Fornecimento; Desligamento Autom\u00e1tico em caso de Falta de Press\u00e3o de \u00d3leo; Refrigera\u00e7\u00e3o a \u00c1gua; Pr\u00e9-aquecimento do Motor no Inverno.<br>380V 50Hz<\/td><\/tr><\/tbody><\/table><\/figure>\n\n\n<div class=\"gb-container gb-container-263d9700\">\n\n<a class=\"gb-button gb-button-a4cbb7be gb-button-text\" href=\"#popmake-622\">Obtenha uma cota\u00e7\u00e3o gratuita agora<\/a>\n\n<\/div>\n<\/div>\n<\/div>","protected":false},"excerpt":{"rendered":"<p>VSI sand making machine VSI sand making machine application 1. Sand sand-making machine is used for producing building aggregate, concrete, aggregate for road surface and roadbed, asphalt concrete and cement concrete. 2. It is also used for sand making and shaping in the field of engineering such as water conservancy, hydroelectric power, high-class highways, high-speed &#8230; <\/p>\n<p class=\"read-more-container\"><a title=\"2-1. M\u00e1quina de fabrica\u00e7\u00e3o de areia VSI\" class=\"read-more button\" href=\"https:\/\/hengxingmachinery.com\/pt\/vsi-sand-making-machine\/#more-2351\" aria-label=\"Leia mais sobre 2-1. VSI sand making machine\">Ler mais<\/a><\/p>","protected":false},"author":1,"featured_media":0,"parent":0,"menu_order":0,"comment_status":"closed","ping_status":"closed","template":"","meta":{"footnotes":""},"class_list":["post-2351","page","type-page","status-publish"],"yoast_head":"<!-- This site is optimized with the Yoast SEO plugin v27.4 - https:\/\/yoast.com\/product\/yoast-seo-wordpress\/ -->\n<title>2-1. VSI sand making machine - Hengxing Machinery<\/title>\n<meta name=\"robots\" content=\"index, follow, max-snippet:-1, max-image-preview:large, max-video-preview:-1\" \/>\n<link rel=\"canonical\" href=\"https:\/\/hengxingmachinery.com\/pt\/vsi-sand-making-machine\/\" \/>\n<meta property=\"og:locale\" content=\"pt_PT\" \/>\n<meta property=\"og:type\" content=\"article\" \/>\n<meta property=\"og:title\" content=\"2-1. VSI sand making machine - Hengxing Machinery\" \/>\n<meta property=\"og:description\" content=\"VSI sand making machine VSI sand making machine application 1. Sand sand-making machine is used for producing building aggregate, concrete, aggregate for road surface and roadbed, asphalt concrete and cement concrete. 2. It is also used for sand making and shaping in the field of engineering such as water conservancy, hydroelectric power, high-class highways, high-speed ... Ler mais\" \/>\n<meta property=\"og:url\" content=\"https:\/\/hengxingmachinery.com\/pt\/vsi-sand-making-machine\/\" \/>\n<meta property=\"og:site_name\" content=\"Hengxing Machinery\" \/>\n<meta property=\"article:modified_time\" content=\"2025-03-20T06:07:07+00:00\" \/>\n<meta property=\"og:image\" content=\"https:\/\/hengxingmachinery.com\/wp-content\/uploads\/2025\/03\/vsi-sand-making-machine-for-sale.jpg\" \/>\n<meta name=\"twitter:card\" content=\"summary_large_image\" \/>\n<meta name=\"twitter:label1\" content=\"Tempo estimado de leitura\" \/>\n\t<meta name=\"twitter:data1\" content=\"3 minutos\" \/>\n<script type=\"application\/ld+json\" class=\"yoast-schema-graph\">{\"@context\":\"https:\\\/\\\/schema.org\",\"@graph\":[{\"@type\":\"WebPage\",\"@id\":\"https:\\\/\\\/hengxingmachinery.com\\\/vsi-sand-making-machine\\\/\",\"url\":\"https:\\\/\\\/hengxingmachinery.com\\\/vsi-sand-making-machine\\\/\",\"name\":\"2-1. VSI sand making machine - Hengxing Machinery\",\"isPartOf\":{\"@id\":\"https:\\\/\\\/hengxingmachinery.com\\\/#website\"},\"primaryImageOfPage\":{\"@id\":\"https:\\\/\\\/hengxingmachinery.com\\\/vsi-sand-making-machine\\\/#primaryimage\"},\"image\":{\"@id\":\"https:\\\/\\\/hengxingmachinery.com\\\/vsi-sand-making-machine\\\/#primaryimage\"},\"thumbnailUrl\":\"https:\\\/\\\/hengxingmachinery.com\\\/wp-content\\\/uploads\\\/2025\\\/03\\\/vsi-sand-making-machine-for-sale.jpg\",\"datePublished\":\"2025-03-20T06:07:05+00:00\",\"dateModified\":\"2025-03-20T06:07:07+00:00\",\"breadcrumb\":{\"@id\":\"https:\\\/\\\/hengxingmachinery.com\\\/vsi-sand-making-machine\\\/#breadcrumb\"},\"inLanguage\":\"pt-PT\",\"potentialAction\":[{\"@type\":\"ReadAction\",\"target\":[\"https:\\\/\\\/hengxingmachinery.com\\\/vsi-sand-making-machine\\\/\"]}]},{\"@type\":\"ImageObject\",\"inLanguage\":\"pt-PT\",\"@id\":\"https:\\\/\\\/hengxingmachinery.com\\\/vsi-sand-making-machine\\\/#primaryimage\",\"url\":\"https:\\\/\\\/hengxingmachinery.com\\\/wp-content\\\/uploads\\\/2025\\\/03\\\/vsi-sand-making-machine-for-sale.jpg\",\"contentUrl\":\"https:\\\/\\\/hengxingmachinery.com\\\/wp-content\\\/uploads\\\/2025\\\/03\\\/vsi-sand-making-machine-for-sale.jpg\"},{\"@type\":\"BreadcrumbList\",\"@id\":\"https:\\\/\\\/hengxingmachinery.com\\\/vsi-sand-making-machine\\\/#breadcrumb\",\"itemListElement\":[{\"@type\":\"ListItem\",\"position\":1,\"name\":\"Home\",\"item\":\"https:\\\/\\\/hengxingmachinery.com\\\/\"},{\"@type\":\"ListItem\",\"position\":2,\"name\":\"2-1. VSI sand making machine\"}]},{\"@type\":\"WebSite\",\"@id\":\"https:\\\/\\\/hengxingmachinery.com\\\/#website\",\"url\":\"https:\\\/\\\/hengxingmachinery.com\\\/\",\"name\":\"Hengxing Machinery\",\"description\":\"Leading Manufacturer of All Sorts of Mining Machinery\",\"publisher\":{\"@id\":\"https:\\\/\\\/hengxingmachinery.com\\\/#organization\"},\"potentialAction\":[{\"@type\":\"SearchAction\",\"target\":{\"@type\":\"EntryPoint\",\"urlTemplate\":\"https:\\\/\\\/hengxingmachinery.com\\\/?s={search_term_string}\"},\"query-input\":{\"@type\":\"PropertyValueSpecification\",\"valueRequired\":true,\"valueName\":\"search_term_string\"}}],\"inLanguage\":\"pt-PT\"},{\"@type\":\"Organization\",\"@id\":\"https:\\\/\\\/hengxingmachinery.com\\\/#organization\",\"name\":\"Hengxing Machinery\",\"url\":\"https:\\\/\\\/hengxingmachinery.com\\\/\",\"logo\":{\"@type\":\"ImageObject\",\"inLanguage\":\"pt-PT\",\"@id\":\"https:\\\/\\\/hengxingmachinery.com\\\/#\\\/schema\\\/logo\\\/image\\\/\",\"url\":\"https:\\\/\\\/hengxingmachinery.com\\\/wp-content\\\/uploads\\\/2024\\\/12\\\/logo.png\",\"contentUrl\":\"https:\\\/\\\/hengxingmachinery.com\\\/wp-content\\\/uploads\\\/2024\\\/12\\\/logo.png\",\"width\":400,\"height\":260,\"caption\":\"Hengxing Machinery\"},\"image\":{\"@id\":\"https:\\\/\\\/hengxingmachinery.com\\\/#\\\/schema\\\/logo\\\/image\\\/\"}}]}<\/script>\n<!-- \/ Yoast SEO plugin. -->","yoast_head_json":{"title":"2-1. M\u00e1quina de fabrica\u00e7\u00e3o de areia VSI - Hengxing Machinery","robots":{"index":"index","follow":"follow","max-snippet":"max-snippet:-1","max-image-preview":"max-image-preview:large","max-video-preview":"max-video-preview:-1"},"canonical":"https:\/\/hengxingmachinery.com\/pt\/vsi-sand-making-machine\/","og_locale":"pt_PT","og_type":"article","og_title":"2-1. VSI sand making machine - Hengxing Machinery","og_description":"VSI sand making machine VSI sand making machine application 1. Sand sand-making machine is used for producing building aggregate, concrete, aggregate for road surface and roadbed, asphalt concrete and cement concrete. 2. It is also used for sand making and shaping in the field of engineering such as water conservancy, hydroelectric power, high-class highways, high-speed ... Ler mais","og_url":"https:\/\/hengxingmachinery.com\/pt\/vsi-sand-making-machine\/","og_site_name":"Hengxing Machinery","article_modified_time":"2025-03-20T06:07:07+00:00","og_image":[{"url":"https:\/\/hengxingmachinery.com\/wp-content\/uploads\/2025\/03\/vsi-sand-making-machine-for-sale.jpg","type":"","width":"","height":""}],"twitter_card":"summary_large_image","twitter_misc":{"Tempo estimado de leitura":"3 minutos"},"schema":{"@context":"https:\/\/schema.org","@graph":[{"@type":"WebPage","@id":"https:\/\/hengxingmachinery.com\/vsi-sand-making-machine\/","url":"https:\/\/hengxingmachinery.com\/vsi-sand-making-machine\/","name":"2-1. M\u00e1quina de fabrica\u00e7\u00e3o de areia VSI - Hengxing Machinery","isPartOf":{"@id":"https:\/\/hengxingmachinery.com\/#website"},"primaryImageOfPage":{"@id":"https:\/\/hengxingmachinery.com\/vsi-sand-making-machine\/#primaryimage"},"image":{"@id":"https:\/\/hengxingmachinery.com\/vsi-sand-making-machine\/#primaryimage"},"thumbnailUrl":"https:\/\/hengxingmachinery.com\/wp-content\/uploads\/2025\/03\/vsi-sand-making-machine-for-sale.jpg","datePublished":"2025-03-20T06:07:05+00:00","dateModified":"2025-03-20T06:07:07+00:00","breadcrumb":{"@id":"https:\/\/hengxingmachinery.com\/vsi-sand-making-machine\/#breadcrumb"},"inLanguage":"pt-PT","potentialAction":[{"@type":"ReadAction","target":["https:\/\/hengxingmachinery.com\/vsi-sand-making-machine\/"]}]},{"@type":"ImageObject","inLanguage":"pt-PT","@id":"https:\/\/hengxingmachinery.com\/vsi-sand-making-machine\/#primaryimage","url":"https:\/\/hengxingmachinery.com\/wp-content\/uploads\/2025\/03\/vsi-sand-making-machine-for-sale.jpg","contentUrl":"https:\/\/hengxingmachinery.com\/wp-content\/uploads\/2025\/03\/vsi-sand-making-machine-for-sale.jpg"},{"@type":"BreadcrumbList","@id":"https:\/\/hengxingmachinery.com\/vsi-sand-making-machine\/#breadcrumb","itemListElement":[{"@type":"ListItem","position":1,"name":"Home","item":"https:\/\/hengxingmachinery.com\/"},{"@type":"ListItem","position":2,"name":"2-1. VSI sand making machine"}]},{"@type":"WebSite","@id":"https:\/\/hengxingmachinery.com\/#website","url":"https:\/\/hengxingmachinery.com\/","name":"M\u00e1quinas Hengxing","description":"Fabricante l\u00edder de todos os tipos de m\u00e1quinas de minera\u00e7\u00e3o","publisher":{"@id":"https:\/\/hengxingmachinery.com\/#organization"},"potentialAction":[{"@type":"SearchAction","target":{"@type":"EntryPoint","urlTemplate":"https:\/\/hengxingmachinery.com\/?s={search_term_string}"},"query-input":{"@type":"PropertyValueSpecification","valueRequired":true,"valueName":"search_term_string"}}],"inLanguage":"pt-PT"},{"@type":"Organization","@id":"https:\/\/hengxingmachinery.com\/#organization","name":"M\u00e1quinas Hengxing","url":"https:\/\/hengxingmachinery.com\/","logo":{"@type":"ImageObject","inLanguage":"pt-PT","@id":"https:\/\/hengxingmachinery.com\/#\/schema\/logo\/image\/","url":"https:\/\/hengxingmachinery.com\/wp-content\/uploads\/2024\/12\/logo.png","contentUrl":"https:\/\/hengxingmachinery.com\/wp-content\/uploads\/2024\/12\/logo.png","width":400,"height":260,"caption":"Hengxing Machinery"},"image":{"@id":"https:\/\/hengxingmachinery.com\/#\/schema\/logo\/image\/"}}]}},"_links":{"self":[{"href":"https:\/\/hengxingmachinery.com\/pt\/wp-json\/wp\/v2\/pages\/2351","targetHints":{"allow":["GET"]}}],"collection":[{"href":"https:\/\/hengxingmachinery.com\/pt\/wp-json\/wp\/v2\/pages"}],"about":[{"href":"https:\/\/hengxingmachinery.com\/pt\/wp-json\/wp\/v2\/types\/page"}],"author":[{"embeddable":true,"href":"https:\/\/hengxingmachinery.com\/pt\/wp-json\/wp\/v2\/users\/1"}],"replies":[{"embeddable":true,"href":"https:\/\/hengxingmachinery.com\/pt\/wp-json\/wp\/v2\/comments?post=2351"}],"version-history":[{"count":4,"href":"https:\/\/hengxingmachinery.com\/pt\/wp-json\/wp\/v2\/pages\/2351\/revisions"}],"predecessor-version":[{"id":2371,"href":"https:\/\/hengxingmachinery.com\/pt\/wp-json\/wp\/v2\/pages\/2351\/revisions\/2371"}],"wp:attachment":[{"href":"https:\/\/hengxingmachinery.com\/pt\/wp-json\/wp\/v2\/media?parent=2351"}],"curies":[{"name":"wp","href":"https:\/\/api.w.org\/{rel}","templated":true}]}}