{"id":2372,"date":"2025-03-20T07:14:35","date_gmt":"2025-03-20T07:14:35","guid":{"rendered":"https:\/\/hengxingmachinery.com\/?page_id=2372"},"modified":"2025-03-20T07:15:48","modified_gmt":"2025-03-20T07:15:48","slug":"bucket-wheel-sand-washing-machine","status":"publish","type":"page","link":"https:\/\/hengxingmachinery.com\/pt\/bucket-wheel-sand-washing-machine\/","title":{"rendered":"2-1. M\u00e1quina de lavagem de areia com roda de ca\u00e7amba"},"content":{"rendered":"<div class=\"gb-container gb-container-45165f5a\">\n<div class=\"gb-container gb-container-c2652eb4\">\n\n<h1 class=\"gb-headline gb-headline-62a8b2cc gb-headline-text\">M\u00e1quina de lavar areia com roda de ca\u00e7amba<\/h1>\n\n<\/div>\n<\/div>\n\n<div class=\"gb-container gb-container-519cf624\">\n<div class=\"gb-container gb-container-71ca071e\">\n<div class=\"gb-grid-wrapper gb-grid-wrapper-8a5f0688\">\n<div class=\"gb-grid-column gb-grid-column-1e99b1c2\"><div class=\"gb-container gb-container-1e99b1c2\">\n\n<figure class=\"gb-block-image gb-block-image-e4eaba54\"><img decoding=\"async\" width=\"665\" height=\"545\" class=\"gb-image gb-image-e4eaba54\" src=\"https:\/\/hengxingmachinery.com\/wp-content\/uploads\/2025\/03\/gravel-sand-washer.jpg\" alt=\"\" title=\"lavador de areia de cascalho\" srcset=\"https:\/\/hengxingmachinery.com\/wp-content\/uploads\/2025\/03\/gravel-sand-washer.jpg 665w, https:\/\/hengxingmachinery.com\/wp-content\/uploads\/2025\/03\/gravel-sand-washer-300x246.jpg 300w, https:\/\/hengxingmachinery.com\/wp-content\/uploads\/2025\/03\/gravel-sand-washer-15x12.jpg 15w\" sizes=\"(max-width: 665px) 100vw, 665px\" \/><\/figure>\n\n<\/div><\/div>\n\n<div class=\"gb-grid-column gb-grid-column-bcae065b\"><div class=\"gb-container gb-container-bcae065b\">\n\n<p>Uma m\u00e1quina de lavar areia de roda de balde \u00e9 utilizada para remover a poeira da areia. A m\u00e1quina de lavar areia de roda de balde \u00e9 amplamente utilizada para a limpeza de materiais nas seguintes ind\u00fastrias: pedreira, minerais, materiais de constru\u00e7\u00e3o, transporte, ind\u00fastria qu\u00edmica, conserva\u00e7\u00e3o de \u00e1gua e hidrel\u00e9trica, e esta\u00e7\u00e3o de mistura de cimento. \u00c9 principalmente utilizada para lavar, selecionar e desidratar materiais de constru\u00e7\u00e3o e materiais arenosos.<\/p>\n\n\n\n<p>O lavador de areia de balde em roda \u00e9 um tipo de m\u00e1quina de lavar areia que trabalha em conjunto com a m\u00e1quina de fabrica\u00e7\u00e3o de areia, podendo limpar e separar a poeira da areia. Sua nova estrutura de veda\u00e7\u00e3o e o dispositivo de acionamento confi\u00e1vel garantem uma limpeza eficaz. O lavador de areia de balde \u00e9 utilizado principalmente em canteiros de obras, plantas de britagem, canteiros de constru\u00e7\u00e3o de barragens de concreto, usinas hidrel\u00e9tricas, etc.<\/p>\n\n\n<div class=\"gb-grid-wrapper gb-grid-wrapper-eebec76e\">\n<div class=\"gb-grid-column gb-grid-column-e3ada2f0\"><div class=\"gb-container gb-container-e3ada2f0\">\n\n<p class=\"gb-headline gb-headline-4c79a90a gb-headline-text\"><strong><mark style=\"background-color:rgba(0, 0, 0, 0)\" class=\"has-inline-color has-global-color-8-color\"><strong>Tamanho m\u00e1ximo de alimenta\u00e7\u00e3o (mm)<\/strong>:<\/mark><\/strong> 10<\/p>\n\n<\/div><\/div>\n\n<div class=\"gb-grid-column gb-grid-column-0bb00826\"><div class=\"gb-container gb-container-0bb00826\">\n\n<p class=\"gb-headline gb-headline-86d53f56 gb-headline-text\"><mark style=\"background-color:rgba(0, 0, 0, 0)\" class=\"has-inline-color has-global-color-8-color\"><strong>Capacidade:<\/strong><\/mark> 20-150t\/h<\/p>\n\n<\/div><\/div>\n<\/div>\n\n<div class=\"gb-container gb-container-256e15f1\">\n\n<a class=\"gb-button gb-button-e8b73d89 gb-button-text\" href=\"#popmake-622\">Obtenha uma cota\u00e7\u00e3o gratuita agora<\/a>\n\n<\/div>\n<\/div><\/div>\n<\/div>\n<\/div>\n<\/div>\n\n<div class=\"gb-container gb-container-44d3b6be\">\n<div class=\"gb-container gb-container-cb594cef\">\n\n<h2 class=\"gb-headline gb-headline-43634316 gb-headline-text\">Caracter\u00edstica da m\u00e1quina de lavar areia de roda de balde<\/h2>\n\n\n\n<p>1. Estrutura simples;<\/p>\n\n\n\n<p>2. O dispositivo de rolamento do acionamento do impulsor \u00e9 separado da \u00e1gua e do material com \u00e1gua, evitando danos ao rolamento;<\/p>\n\n\n\n<p>3. Nova estrutura de veda\u00e7\u00e3o e dispositivo de transmiss\u00e3o confi\u00e1vel;<\/p>\n\n\n\n<p>4. Estrutura racional;<\/p>\n\n\n\n<p>5. Alta capacidade, baixo consumo de energia;<\/p>\n\n\n\n<p>6. Estrutura simples e opera\u00e7\u00e3o est\u00e1vel.<\/p>\n\n\n<div class=\"gb-container gb-container-a3629fb4\">\n\n<a class=\"gb-button gb-button-193549b0 gb-button-text\" href=\"#popmake-622\">Obtenha uma cota\u00e7\u00e3o gratuita agora<\/a>\n\n<\/div>\n<\/div>\n<\/div>\n\n<div class=\"gb-container gb-container-3a930c38\">\n<div class=\"gb-container gb-container-8a36e90a\">\n\n<h2 class=\"gb-headline gb-headline-a5d3273c gb-headline-text\">Princ\u00edpio de funcionamento da m\u00e1quina de lavar areia de roda de balde<\/h2>\n\n\n\n<figure class=\"gb-block-image gb-block-image-1c359176\"><img decoding=\"async\" width=\"800\" height=\"600\" class=\"gb-image gb-image-1c359176\" src=\"https:\/\/hengxingmachinery.com\/wp-content\/uploads\/2025\/03\/bucket-wheel-sand-washing-machine.jpg\" alt=\"\" title=\"m\u00e1quina de lavar areia de roda de balde\" srcset=\"https:\/\/hengxingmachinery.com\/wp-content\/uploads\/2025\/03\/bucket-wheel-sand-washing-machine.jpg 800w, https:\/\/hengxingmachinery.com\/wp-content\/uploads\/2025\/03\/bucket-wheel-sand-washing-machine-300x225.jpg 300w, https:\/\/hengxingmachinery.com\/wp-content\/uploads\/2025\/03\/bucket-wheel-sand-washing-machine-768x576.jpg 768w, https:\/\/hengxingmachinery.com\/wp-content\/uploads\/2025\/03\/bucket-wheel-sand-washing-machine-16x12.jpg 16w\" sizes=\"(max-width: 800px) 100vw, 800px\" \/><\/figure>\n\n\n\n<p>Quando a m\u00e1quina funciona, o motor aciona o impulsor para girar lentamente ap\u00f3s ser desacelerado pela correia em V, redutor e engrenagem; a areia entra no tanque de lavagem atrav\u00e9s do funil de alimenta\u00e7\u00e3o, \u00e9 rolada pelo impulsor e esfregada mutuamente para remover as impurezas que cobrem sua superf\u00edcie, quebrando o vapor de \u00e1gua que favorece a desidrata\u00e7\u00e3o.<\/p>\n\n\n\n<p>Ao mesmo tempo, o forte fluxo de \u00e1gua leva as impurezas e as descarga integralmente. A areia limpa \u00e9 levada pelos impulsores e, ao subir, a \u00e1gua escorre para o tanque de lavagem atrav\u00e9s das redes, o que tanto desidrata a areia quanto economiza desperd\u00edcio; finalmente, a areia \u00e9 despejada na calha de descarga, concluindo a limpeza.<\/p>\n\n\n<div class=\"gb-container gb-container-96208927\">\n\n<a class=\"gb-button gb-button-429870c5 gb-button-text\" href=\"#popmake-622\">Obtenha uma cota\u00e7\u00e3o gratuita agora<\/a>\n\n<\/div>\n<\/div>\n<\/div>\n\n<div class=\"gb-container gb-container-435ad261\">\n<div class=\"gb-container gb-container-7dc79cc4\">\n\n<h2 class=\"gb-headline gb-headline-6fe5dee2 gb-headline-text\">Especifica\u00e7\u00f5es da m\u00e1quina de lavar areia de roda de balde<\/h2>\n\n\n\n<figure class=\"wp-block-table is-style-stripes\"><table class=\"has-fixed-layout\"><tbody><tr><td><strong>Modelo<\/strong><\/td><td><strong>Tamanho da Roda (mm)<\/strong><\/td><td><strong>Tamanho M\u00e1ximo de Alimenta\u00e7\u00e3o (mm)<\/strong><\/td><td><strong>Pot\u00eancia (KW\/HP)<\/strong><\/td><td><strong>Peso (t)<\/strong><\/td><td><strong>Capacidade (t\/h)<\/strong><\/td><td><strong>Dimens\u00f5es Gerais (mm)<\/strong><\/td><\/tr><tr><td>XSD2610<\/td><td>\u03a62600\u00d71000<\/td><td>10<\/td><td>5.5\/7.5<\/td><td>2.6<\/td><td>20-50<\/td><td>3255\u00d71982\u00d72690<\/td><\/tr><tr><td>XSD2816<\/td><td>\u03a62800\u00d71600<\/td><td>10<\/td><td>11\/15<\/td><td>4.2<\/td><td>30-60<\/td><td>3540\u00d73000\u00d72880<\/td><\/tr><tr><td>XSD3016<\/td><td>\u03a63000\u00d71600<\/td><td>10<\/td><td>15\/20<\/td><td>5.5<\/td><td>50-100<\/td><td>3845\u00d73000\u00d73080<\/td><\/tr><tr><td>XSD3220<\/td><td>\u03a63000\u00d72000<\/td><td>10<\/td><td>15\/20<\/td><td>8.3<\/td><td>60-150<\/td><td>4150\u00d73500\u00d73300<\/td><\/tr><tr><td>XSD3620<\/td><td>\u03a63000\u00d72000<\/td><td>10<\/td><td>15\/20<\/td><td>9.8<\/td><td>80-150<\/td><td>4500\u00d73500\u00d73700<\/td><\/tr><\/tbody><\/table><\/figure>\n\n\n<div class=\"gb-container gb-container-263d9700\">\n\n<a class=\"gb-button gb-button-a4cbb7be gb-button-text\" href=\"#popmake-622\">Obtenha uma cota\u00e7\u00e3o gratuita agora<\/a>\n\n<\/div>\n<\/div>\n<\/div>","protected":false},"excerpt":{"rendered":"<p>Bucket wheel sand washing machine Bucket wheel sand washing machine characteristic 1. Simple structure; 2. The bearing device of the impeller drive is separated from water and 1 material with water, to avoid damage to the bearing; 3. New sealing structure and reliable transmission device; 4 . Reasonable structure; 5. High capacity, low power consumption; &#8230; <\/p>\n<p class=\"read-more-container\"><a title=\"2-1. M\u00e1quina de lavagem de areia com roda de ca\u00e7amba\" class=\"read-more button\" href=\"https:\/\/hengxingmachinery.com\/pt\/bucket-wheel-sand-washing-machine\/#more-2372\" aria-label=\"Leia mais sobre 2-1. Bucket wheel sand washing machine\">Ler mais<\/a><\/p>","protected":false},"author":1,"featured_media":0,"parent":0,"menu_order":0,"comment_status":"closed","ping_status":"closed","template":"","meta":{"footnotes":""},"class_list":["post-2372","page","type-page","status-publish"],"yoast_head":"<!-- This site is optimized with the Yoast SEO plugin v27.4 - https:\/\/yoast.com\/product\/yoast-seo-wordpress\/ -->\n<title>2-1. Bucket wheel sand washing machine - Hengxing Machinery<\/title>\n<meta name=\"robots\" content=\"index, follow, max-snippet:-1, max-image-preview:large, max-video-preview:-1\" \/>\n<link rel=\"canonical\" href=\"https:\/\/hengxingmachinery.com\/pt\/bucket-wheel-sand-washing-machine\/\" \/>\n<meta property=\"og:locale\" content=\"pt_PT\" \/>\n<meta property=\"og:type\" content=\"article\" \/>\n<meta property=\"og:title\" content=\"2-1. Bucket wheel sand washing machine - Hengxing Machinery\" \/>\n<meta property=\"og:description\" content=\"Bucket wheel sand washing machine Bucket wheel sand washing machine characteristic 1. Simple structure; 2. The bearing device of the impeller drive is separated from water and 1 material with water, to avoid damage to the bearing; 3. New sealing structure and reliable transmission device; 4 . Reasonable structure; 5. High capacity, low power consumption; ... Ler mais\" \/>\n<meta property=\"og:url\" content=\"https:\/\/hengxingmachinery.com\/pt\/bucket-wheel-sand-washing-machine\/\" \/>\n<meta property=\"og:site_name\" content=\"Hengxing Machinery\" \/>\n<meta property=\"article:modified_time\" content=\"2025-03-20T07:15:48+00:00\" \/>\n<meta property=\"og:image\" content=\"https:\/\/hengxingmachinery.com\/wp-content\/uploads\/2025\/03\/gravel-sand-washer.jpg\" \/>\n<meta name=\"twitter:card\" content=\"summary_large_image\" \/>\n<meta name=\"twitter:label1\" content=\"Tempo estimado de leitura\" \/>\n\t<meta name=\"twitter:data1\" content=\"3 minutos\" \/>\n<script type=\"application\/ld+json\" class=\"yoast-schema-graph\">{\"@context\":\"https:\\\/\\\/schema.org\",\"@graph\":[{\"@type\":\"WebPage\",\"@id\":\"https:\\\/\\\/hengxingmachinery.com\\\/bucket-wheel-sand-washing-machine\\\/\",\"url\":\"https:\\\/\\\/hengxingmachinery.com\\\/bucket-wheel-sand-washing-machine\\\/\",\"name\":\"2-1. Bucket wheel sand washing machine - Hengxing Machinery\",\"isPartOf\":{\"@id\":\"https:\\\/\\\/hengxingmachinery.com\\\/#website\"},\"primaryImageOfPage\":{\"@id\":\"https:\\\/\\\/hengxingmachinery.com\\\/bucket-wheel-sand-washing-machine\\\/#primaryimage\"},\"image\":{\"@id\":\"https:\\\/\\\/hengxingmachinery.com\\\/bucket-wheel-sand-washing-machine\\\/#primaryimage\"},\"thumbnailUrl\":\"https:\\\/\\\/hengxingmachinery.com\\\/wp-content\\\/uploads\\\/2025\\\/03\\\/gravel-sand-washer.jpg\",\"datePublished\":\"2025-03-20T07:14:35+00:00\",\"dateModified\":\"2025-03-20T07:15:48+00:00\",\"breadcrumb\":{\"@id\":\"https:\\\/\\\/hengxingmachinery.com\\\/bucket-wheel-sand-washing-machine\\\/#breadcrumb\"},\"inLanguage\":\"pt-PT\",\"potentialAction\":[{\"@type\":\"ReadAction\",\"target\":[\"https:\\\/\\\/hengxingmachinery.com\\\/bucket-wheel-sand-washing-machine\\\/\"]}]},{\"@type\":\"ImageObject\",\"inLanguage\":\"pt-PT\",\"@id\":\"https:\\\/\\\/hengxingmachinery.com\\\/bucket-wheel-sand-washing-machine\\\/#primaryimage\",\"url\":\"https:\\\/\\\/hengxingmachinery.com\\\/wp-content\\\/uploads\\\/2025\\\/03\\\/gravel-sand-washer.jpg\",\"contentUrl\":\"https:\\\/\\\/hengxingmachinery.com\\\/wp-content\\\/uploads\\\/2025\\\/03\\\/gravel-sand-washer.jpg\"},{\"@type\":\"BreadcrumbList\",\"@id\":\"https:\\\/\\\/hengxingmachinery.com\\\/bucket-wheel-sand-washing-machine\\\/#breadcrumb\",\"itemListElement\":[{\"@type\":\"ListItem\",\"position\":1,\"name\":\"Home\",\"item\":\"https:\\\/\\\/hengxingmachinery.com\\\/\"},{\"@type\":\"ListItem\",\"position\":2,\"name\":\"2-1. Bucket wheel sand washing machine\"}]},{\"@type\":\"WebSite\",\"@id\":\"https:\\\/\\\/hengxingmachinery.com\\\/#website\",\"url\":\"https:\\\/\\\/hengxingmachinery.com\\\/\",\"name\":\"Hengxing Machinery\",\"description\":\"Leading Manufacturer of All Sorts of Mining Machinery\",\"publisher\":{\"@id\":\"https:\\\/\\\/hengxingmachinery.com\\\/#organization\"},\"potentialAction\":[{\"@type\":\"SearchAction\",\"target\":{\"@type\":\"EntryPoint\",\"urlTemplate\":\"https:\\\/\\\/hengxingmachinery.com\\\/?s={search_term_string}\"},\"query-input\":{\"@type\":\"PropertyValueSpecification\",\"valueRequired\":true,\"valueName\":\"search_term_string\"}}],\"inLanguage\":\"pt-PT\"},{\"@type\":\"Organization\",\"@id\":\"https:\\\/\\\/hengxingmachinery.com\\\/#organization\",\"name\":\"Hengxing Machinery\",\"url\":\"https:\\\/\\\/hengxingmachinery.com\\\/\",\"logo\":{\"@type\":\"ImageObject\",\"inLanguage\":\"pt-PT\",\"@id\":\"https:\\\/\\\/hengxingmachinery.com\\\/#\\\/schema\\\/logo\\\/image\\\/\",\"url\":\"https:\\\/\\\/hengxingmachinery.com\\\/wp-content\\\/uploads\\\/2024\\\/12\\\/logo.png\",\"contentUrl\":\"https:\\\/\\\/hengxingmachinery.com\\\/wp-content\\\/uploads\\\/2024\\\/12\\\/logo.png\",\"width\":400,\"height\":260,\"caption\":\"Hengxing Machinery\"},\"image\":{\"@id\":\"https:\\\/\\\/hengxingmachinery.com\\\/#\\\/schema\\\/logo\\\/image\\\/\"}}]}<\/script>\n<!-- \/ Yoast SEO plugin. -->","yoast_head_json":{"title":"2-1. M\u00e1quina de lavar areia com roda de ca\u00e7amba - Hengxing Machinery","robots":{"index":"index","follow":"follow","max-snippet":"max-snippet:-1","max-image-preview":"max-image-preview:large","max-video-preview":"max-video-preview:-1"},"canonical":"https:\/\/hengxingmachinery.com\/pt\/bucket-wheel-sand-washing-machine\/","og_locale":"pt_PT","og_type":"article","og_title":"2-1. Bucket wheel sand washing machine - Hengxing Machinery","og_description":"Bucket wheel sand washing machine Bucket wheel sand washing machine characteristic 1. Simple structure; 2. The bearing device of the impeller drive is separated from water and 1 material with water, to avoid damage to the bearing; 3. New sealing structure and reliable transmission device; 4 . Reasonable structure; 5. High capacity, low power consumption; ... Ler mais","og_url":"https:\/\/hengxingmachinery.com\/pt\/bucket-wheel-sand-washing-machine\/","og_site_name":"Hengxing Machinery","article_modified_time":"2025-03-20T07:15:48+00:00","og_image":[{"url":"https:\/\/hengxingmachinery.com\/wp-content\/uploads\/2025\/03\/gravel-sand-washer.jpg","type":"","width":"","height":""}],"twitter_card":"summary_large_image","twitter_misc":{"Tempo estimado de leitura":"3 minutos"},"schema":{"@context":"https:\/\/schema.org","@graph":[{"@type":"WebPage","@id":"https:\/\/hengxingmachinery.com\/bucket-wheel-sand-washing-machine\/","url":"https:\/\/hengxingmachinery.com\/bucket-wheel-sand-washing-machine\/","name":"2-1. M\u00e1quina de lavar areia com roda de ca\u00e7amba - Hengxing Machinery","isPartOf":{"@id":"https:\/\/hengxingmachinery.com\/#website"},"primaryImageOfPage":{"@id":"https:\/\/hengxingmachinery.com\/bucket-wheel-sand-washing-machine\/#primaryimage"},"image":{"@id":"https:\/\/hengxingmachinery.com\/bucket-wheel-sand-washing-machine\/#primaryimage"},"thumbnailUrl":"https:\/\/hengxingmachinery.com\/wp-content\/uploads\/2025\/03\/gravel-sand-washer.jpg","datePublished":"2025-03-20T07:14:35+00:00","dateModified":"2025-03-20T07:15:48+00:00","breadcrumb":{"@id":"https:\/\/hengxingmachinery.com\/bucket-wheel-sand-washing-machine\/#breadcrumb"},"inLanguage":"pt-PT","potentialAction":[{"@type":"ReadAction","target":["https:\/\/hengxingmachinery.com\/bucket-wheel-sand-washing-machine\/"]}]},{"@type":"ImageObject","inLanguage":"pt-PT","@id":"https:\/\/hengxingmachinery.com\/bucket-wheel-sand-washing-machine\/#primaryimage","url":"https:\/\/hengxingmachinery.com\/wp-content\/uploads\/2025\/03\/gravel-sand-washer.jpg","contentUrl":"https:\/\/hengxingmachinery.com\/wp-content\/uploads\/2025\/03\/gravel-sand-washer.jpg"},{"@type":"BreadcrumbList","@id":"https:\/\/hengxingmachinery.com\/bucket-wheel-sand-washing-machine\/#breadcrumb","itemListElement":[{"@type":"ListItem","position":1,"name":"Home","item":"https:\/\/hengxingmachinery.com\/"},{"@type":"ListItem","position":2,"name":"2-1. Bucket wheel sand washing machine"}]},{"@type":"WebSite","@id":"https:\/\/hengxingmachinery.com\/#website","url":"https:\/\/hengxingmachinery.com\/","name":"M\u00e1quinas Hengxing","description":"Fabricante l\u00edder de todos os tipos de m\u00e1quinas de minera\u00e7\u00e3o","publisher":{"@id":"https:\/\/hengxingmachinery.com\/#organization"},"potentialAction":[{"@type":"SearchAction","target":{"@type":"EntryPoint","urlTemplate":"https:\/\/hengxingmachinery.com\/?s={search_term_string}"},"query-input":{"@type":"PropertyValueSpecification","valueRequired":true,"valueName":"search_term_string"}}],"inLanguage":"pt-PT"},{"@type":"Organization","@id":"https:\/\/hengxingmachinery.com\/#organization","name":"M\u00e1quinas Hengxing","url":"https:\/\/hengxingmachinery.com\/","logo":{"@type":"ImageObject","inLanguage":"pt-PT","@id":"https:\/\/hengxingmachinery.com\/#\/schema\/logo\/image\/","url":"https:\/\/hengxingmachinery.com\/wp-content\/uploads\/2024\/12\/logo.png","contentUrl":"https:\/\/hengxingmachinery.com\/wp-content\/uploads\/2024\/12\/logo.png","width":400,"height":260,"caption":"Hengxing Machinery"},"image":{"@id":"https:\/\/hengxingmachinery.com\/#\/schema\/logo\/image\/"}}]}},"_links":{"self":[{"href":"https:\/\/hengxingmachinery.com\/pt\/wp-json\/wp\/v2\/pages\/2372","targetHints":{"allow":["GET"]}}],"collection":[{"href":"https:\/\/hengxingmachinery.com\/pt\/wp-json\/wp\/v2\/pages"}],"about":[{"href":"https:\/\/hengxingmachinery.com\/pt\/wp-json\/wp\/v2\/types\/page"}],"author":[{"embeddable":true,"href":"https:\/\/hengxingmachinery.com\/pt\/wp-json\/wp\/v2\/users\/1"}],"replies":[{"embeddable":true,"href":"https:\/\/hengxingmachinery.com\/pt\/wp-json\/wp\/v2\/comments?post=2372"}],"version-history":[{"count":4,"href":"https:\/\/hengxingmachinery.com\/pt\/wp-json\/wp\/v2\/pages\/2372\/revisions"}],"predecessor-version":[{"id":2396,"href":"https:\/\/hengxingmachinery.com\/pt\/wp-json\/wp\/v2\/pages\/2372\/revisions\/2396"}],"wp:attachment":[{"href":"https:\/\/hengxingmachinery.com\/pt\/wp-json\/wp\/v2\/media?parent=2372"}],"curies":[{"name":"wp","href":"https:\/\/api.w.org\/{rel}","templated":true}]}}