{"id":2376,"date":"2025-03-20T07:05:43","date_gmt":"2025-03-20T07:05:43","guid":{"rendered":"https:\/\/hengxingmachinery.com\/?page_id=2376"},"modified":"2025-03-20T07:05:44","modified_gmt":"2025-03-20T07:05:44","slug":"spiral-sand-washing-machines","status":"publish","type":"page","link":"https:\/\/hengxingmachinery.com\/pt\/spiral-sand-washing-machines\/","title":{"rendered":"2-1. M\u00e1quina de lavagem de areia em espiral"},"content":{"rendered":"<div class=\"gb-container gb-container-45165f5a\">\n<div class=\"gb-container gb-container-c2652eb4\">\n\n<h1 class=\"gb-headline gb-headline-62a8b2cc gb-headline-text\">M\u00e1quina de lavar areia em espiral<\/h1>\n\n<\/div>\n<\/div>\n\n<div class=\"gb-container gb-container-519cf624\">\n<div class=\"gb-container gb-container-71ca071e\">\n<div class=\"gb-grid-wrapper gb-grid-wrapper-8a5f0688\">\n<div class=\"gb-grid-column gb-grid-column-1e99b1c2\"><div class=\"gb-container gb-container-1e99b1c2\">\n\n<figure class=\"gb-block-image gb-block-image-e4eaba54\"><img decoding=\"async\" width=\"665\" height=\"545\" class=\"gb-image gb-image-e4eaba54\" src=\"https:\/\/hengxingmachinery.com\/wp-content\/uploads\/2025\/03\/spiral-sand-washing-machine-for-sale.jpg\" alt=\"\" title=\"m\u00e1quina de lavar areia em espiral \u00e0 venda\" srcset=\"https:\/\/hengxingmachinery.com\/wp-content\/uploads\/2025\/03\/spiral-sand-washing-machine-for-sale.jpg 665w, https:\/\/hengxingmachinery.com\/wp-content\/uploads\/2025\/03\/spiral-sand-washing-machine-for-sale-300x246.jpg 300w, https:\/\/hengxingmachinery.com\/wp-content\/uploads\/2025\/03\/spiral-sand-washing-machine-for-sale-15x12.jpg 15w\" sizes=\"(max-width: 665px) 100vw, 665px\" \/><\/figure>\n\n<\/div><\/div>\n\n<div class=\"gb-grid-column gb-grid-column-bcae065b\"><div class=\"gb-container gb-container-bcae065b\">\n\n<p>O lavador de areia em espiral pode ser utilizado para limpar areia, cascalho ou para equipamentos de classifica\u00e7\u00e3o. \u00c9 amplamente utilizado na limpeza de materiais que cont\u00eam uma grande quantidade de lama vis\u00edvel. Possui uma estrutura de veda\u00e7\u00e3o eficiente, engrenagem totalmente fechada, \u00e9 eficaz, dur\u00e1vel, tem bom efeito de desidrata\u00e7\u00e3o, o consumo de energia \u00e9 baixo e os produtos finos mant\u00eam-se est\u00e1veis.<\/p>\n\n\n\n<p>Sua estrutura selada, o uso de um dispositivo de transmiss\u00e3o fechado, possui caracter\u00edsticas de alta efici\u00eancia, durabilidade, bom efeito de desidrata\u00e7\u00e3o, baixo consumo de energia e manuten\u00e7\u00e3o da estabilidade das part\u00edculas finas do produto.<\/p>\n\n\n<div class=\"gb-grid-wrapper gb-grid-wrapper-eebec76e\">\n<div class=\"gb-grid-column gb-grid-column-e3ada2f0\"><div class=\"gb-container gb-container-e3ada2f0\">\n\n<p class=\"gb-headline gb-headline-4c79a90a gb-headline-text\"><strong><mark style=\"background-color:rgba(0, 0, 0, 0)\" class=\"has-inline-color has-global-color-8-color\">Tamanho de Alimenta\u00e7\u00e3o (mm):<\/mark><\/strong>\u226410<\/p>\n\n<\/div><\/div>\n\n<div class=\"gb-grid-column gb-grid-column-0bb00826\"><div class=\"gb-container gb-container-0bb00826\">\n\n<p class=\"gb-headline gb-headline-86d53f56 gb-headline-text\"><mark style=\"background-color:rgba(0, 0, 0, 0)\" class=\"has-inline-color has-global-color-8-color\"><strong>Capacidade:<\/strong><\/mark> 20-200t\/h<\/p>\n\n<\/div><\/div>\n<\/div>\n\n\n<p class=\"gb-headline gb-headline-2750f5a7 gb-headline-text\"><\/p>\n\n\n<div class=\"gb-container gb-container-256e15f1\">\n\n<a class=\"gb-button gb-button-e8b73d89 gb-button-text\" href=\"#popmake-622\">Obtenha uma cota\u00e7\u00e3o gratuita agora<\/a>\n\n<\/div>\n<\/div><\/div>\n<\/div>\n<\/div>\n<\/div>\n\n<div class=\"gb-container gb-container-44d3b6be\">\n<div class=\"gb-container gb-container-cb594cef\">\n\n<h2 class=\"gb-headline gb-headline-43634316 gb-headline-text\">Caracter\u00edstica da m\u00e1quina de lavar areia em espiral<\/h2>\n\n\n\n<p>1. Alto grau de limpeza<\/p>\n\n\n\n<p>2. Estrutura racional<\/p>\n\n\n\n<p>3. Grande capacidade<\/p>\n\n\n\n<p>4. Baixo consumo de energia<\/p>\n\n\n<div class=\"gb-container gb-container-a3629fb4\">\n\n<a class=\"gb-button gb-button-193549b0 gb-button-text\" href=\"#popmake-622\">Obtenha uma cota\u00e7\u00e3o gratuita agora<\/a>\n\n<\/div>\n<\/div>\n<\/div>\n\n<div class=\"gb-container gb-container-3a930c38\">\n<div class=\"gb-container gb-container-8a36e90a\">\n\n<h2 class=\"gb-headline gb-headline-a5d3273c gb-headline-text\">Princ\u00edpio de funcionamento da m\u00e1quina de lavar areia em espiral<\/h2>\n\n\n\n<figure class=\"gb-block-image gb-block-image-1c359176\"><img decoding=\"async\" width=\"800\" height=\"500\" class=\"gb-image gb-image-1c359176\" src=\"https:\/\/hengxingmachinery.com\/wp-content\/uploads\/2025\/03\/spiral-sand-washing-machine.jpg\" alt=\"\" title=\"m\u00e1quina de lavar areia em espiral\" srcset=\"https:\/\/hengxingmachinery.com\/wp-content\/uploads\/2025\/03\/spiral-sand-washing-machine.jpg 800w, https:\/\/hengxingmachinery.com\/wp-content\/uploads\/2025\/03\/spiral-sand-washing-machine-300x188.jpg 300w, https:\/\/hengxingmachinery.com\/wp-content\/uploads\/2025\/03\/spiral-sand-washing-machine-768x480.jpg 768w, https:\/\/hengxingmachinery.com\/wp-content\/uploads\/2025\/03\/spiral-sand-washing-machine-18x12.jpg 18w\" sizes=\"(max-width: 800px) 100vw, 800px\" \/><\/figure>\n\n\n\n<p>O lavador de areia em espiral baseia-se no princ\u00edpio do peso espec\u00edfico diferente das part\u00edculas s\u00f3lidas e da diferente taxa de sedimenta\u00e7\u00e3o no l\u00edquido para realizar o processo de lavagem. <\/p>\n\n\n\n<p>O lavador de areia em espiral est\u00e1 equipado com tubos de aspers\u00e3o de \u00e1gua no tanque de limpeza. Durante o funcionamento, \u00e9 fornecida uma certa quantidade de \u00e1gua para lavar e submergir a areia bruta carregada no tanque a partir da entrada. <\/p>\n\n\n\n<p>Simultaneamente, a espiral agita e classifica continuamente, e as impurezas de sujidade e as part\u00edculas min\u00fasculas de areia ficam suspensas na \u00e1gua turva superior, transbordando gradualmente do vertedouro de transbordo na extremidade inferior; as part\u00edculas de areia mais grossas afundam at\u00e9 ao fundo do tanque por gravidade. <\/p>\n\n\n\n<p>\u00c0 medida que a espiral gira continuamente, a areia grossa \u00e9 continuamente agitada e classificada na \u00e1gua, permitindo que a areia seja lavada de forma completa.<\/p>\n\n\n<div class=\"gb-container gb-container-96208927\">\n\n<a class=\"gb-button gb-button-429870c5 gb-button-text\" href=\"#popmake-622\">Obtenha uma cota\u00e7\u00e3o gratuita agora<\/a>\n\n<\/div>\n<\/div>\n<\/div>\n\n<div class=\"gb-container gb-container-435ad261\">\n<div class=\"gb-container gb-container-7dc79cc4\">\n\n<h2 class=\"gb-headline gb-headline-6fe5dee2 gb-headline-text\">Especifica\u00e7\u00f5es da m\u00e1quina de lavar areia em espiral<\/h2>\n\n\n\n<figure class=\"wp-block-table is-style-stripes\"><table class=\"has-fixed-layout\"><tbody><tr><td><strong>Modelo<\/strong><strong><\/strong><\/td><td>XL508<\/td><td>XL610<\/td><td>XL762<\/td><td>XL915<\/td><td>2XL915<\/td><\/tr><tr><td><strong>Di\u00e2metro da Espiral (mm)<\/strong><strong><\/strong><\/td><td>508<\/td><td>610<\/td><td>762<\/td><td>915<\/td><td>915<\/td><\/tr><tr><td><strong>Comprimento do Tanque (mm)<\/strong><strong><\/strong><\/td><td>6705<\/td><td>7225<\/td><td>7620<\/td><td>7585<\/td><td>7585<\/td><\/tr><tr><td><strong>Tamanho de Alimenta\u00e7\u00e3o (mm)<\/strong><strong><\/strong><\/td><td>\u226410<\/td><td>\u226410<\/td><td>\u226410<\/td><td>\u226410<\/td><td>\u226410<\/td><\/tr><tr><td><strong>Capacidade (t\/h)<\/strong><strong><\/strong><\/td><td>20<\/td><td>40-50<\/td><td>50-75<\/td><td>100<\/td><td>200<\/td><\/tr><tr><td><strong>Velocidade da Espiral (r\/min)<\/strong><strong><\/strong><\/td><td>38<\/td><td>32<\/td><td>26<\/td><td>21<\/td><td>21<\/td><\/tr><tr><td><strong>Pot\u00eancia do Motor (kw)<\/strong><strong><\/strong><\/td><td>5.5<\/td><td>7.5<\/td><td>11<\/td><td>11<\/td><td>2*11<\/td><\/tr><tr><td><strong>Consumo de \u00c1gua (t\/h)<\/strong><strong><\/strong><\/td><td>6-60<\/td><td>6-63<\/td><td>9-63<\/td><td>10-80<\/td><td>20-160<\/td><\/tr><tr><td><strong>Dimens\u00f5es (mm)<\/strong><strong><\/strong><\/td><td>8000*2343*1430<\/td><td>8000*2050*1400<\/td><td>8545*2650*3862<\/td><td>8500*2810*3600<\/td><td>8420*3765*3960<\/td><\/tr><tr><td><strong>Peso (t)<\/strong><strong><\/strong><\/td><td>2.67<\/td><td>3.80<\/td><td>5.23<\/td><td>6.27<\/td><td>11.11<\/td><\/tr><\/tbody><\/table><\/figure>\n\n\n<div class=\"gb-container gb-container-263d9700\">\n\n<a class=\"gb-button gb-button-a4cbb7be gb-button-text\" href=\"#popmake-622\">Obtenha uma cota\u00e7\u00e3o gratuita agora<\/a>\n\n<\/div>\n<\/div>\n<\/div>","protected":false},"excerpt":{"rendered":"<p>Spiral sand washing machine Spiral sand washing machine characteristic 1.High degree cleaning-up 2.Reasonable structure 3.Large capacity 4.Low power consumption Spiral sand washing machine working principle Spiral sand washer is based on the principle of different specific gravity of solid particles and the different sedimentation rate in liquid to realize washing process. The spiral sand washer &#8230; <\/p>\n<p class=\"read-more-container\"><a title=\"2-1. M\u00e1quina de lavagem de areia em espiral\" class=\"read-more button\" href=\"https:\/\/hengxingmachinery.com\/pt\/spiral-sand-washing-machines\/#more-2376\" aria-label=\"Leia mais sobre 2-1. Spiral sand washing machine\">Ler mais<\/a><\/p>","protected":false},"author":1,"featured_media":0,"parent":0,"menu_order":0,"comment_status":"closed","ping_status":"closed","template":"","meta":{"footnotes":""},"class_list":["post-2376","page","type-page","status-publish"],"yoast_head":"<!-- This site is optimized with the Yoast SEO plugin v27.4 - https:\/\/yoast.com\/product\/yoast-seo-wordpress\/ -->\n<title>2-1. Spiral sand washing machine - Hengxing Machinery<\/title>\n<meta name=\"robots\" content=\"index, follow, max-snippet:-1, max-image-preview:large, max-video-preview:-1\" \/>\n<link rel=\"canonical\" href=\"https:\/\/hengxingmachinery.com\/pt\/spiral-sand-washing-machines\/\" \/>\n<meta property=\"og:locale\" content=\"pt_PT\" \/>\n<meta property=\"og:type\" content=\"article\" \/>\n<meta property=\"og:title\" content=\"2-1. Spiral sand washing machine - Hengxing Machinery\" \/>\n<meta property=\"og:description\" content=\"Spiral sand washing machine Spiral sand washing machine characteristic 1.High degree cleaning-up 2.Reasonable structure 3.Large capacity 4.Low power consumption Spiral sand washing machine working principle Spiral sand washer is based on the principle of different specific gravity of solid particles and the different sedimentation rate in liquid to realize washing process. The spiral sand washer ... Ler mais\" \/>\n<meta property=\"og:url\" content=\"https:\/\/hengxingmachinery.com\/pt\/spiral-sand-washing-machines\/\" \/>\n<meta property=\"og:site_name\" content=\"Hengxing Machinery\" \/>\n<meta property=\"article:modified_time\" content=\"2025-03-20T07:05:44+00:00\" \/>\n<meta property=\"og:image\" content=\"https:\/\/hengxingmachinery.com\/wp-content\/uploads\/2025\/03\/spiral-sand-washing-machine-for-sale.jpg\" \/>\n<meta name=\"twitter:card\" content=\"summary_large_image\" \/>\n<meta name=\"twitter:label1\" content=\"Tempo estimado de leitura\" \/>\n\t<meta name=\"twitter:data1\" content=\"2 minutos\" \/>\n<script type=\"application\/ld+json\" class=\"yoast-schema-graph\">{\"@context\":\"https:\\\/\\\/schema.org\",\"@graph\":[{\"@type\":\"WebPage\",\"@id\":\"https:\\\/\\\/hengxingmachinery.com\\\/spiral-sand-washing-machines\\\/\",\"url\":\"https:\\\/\\\/hengxingmachinery.com\\\/spiral-sand-washing-machines\\\/\",\"name\":\"2-1. Spiral sand washing machine - Hengxing Machinery\",\"isPartOf\":{\"@id\":\"https:\\\/\\\/hengxingmachinery.com\\\/#website\"},\"primaryImageOfPage\":{\"@id\":\"https:\\\/\\\/hengxingmachinery.com\\\/spiral-sand-washing-machines\\\/#primaryimage\"},\"image\":{\"@id\":\"https:\\\/\\\/hengxingmachinery.com\\\/spiral-sand-washing-machines\\\/#primaryimage\"},\"thumbnailUrl\":\"https:\\\/\\\/hengxingmachinery.com\\\/wp-content\\\/uploads\\\/2025\\\/03\\\/spiral-sand-washing-machine-for-sale.jpg\",\"datePublished\":\"2025-03-20T07:05:43+00:00\",\"dateModified\":\"2025-03-20T07:05:44+00:00\",\"breadcrumb\":{\"@id\":\"https:\\\/\\\/hengxingmachinery.com\\\/spiral-sand-washing-machines\\\/#breadcrumb\"},\"inLanguage\":\"pt-PT\",\"potentialAction\":[{\"@type\":\"ReadAction\",\"target\":[\"https:\\\/\\\/hengxingmachinery.com\\\/spiral-sand-washing-machines\\\/\"]}]},{\"@type\":\"ImageObject\",\"inLanguage\":\"pt-PT\",\"@id\":\"https:\\\/\\\/hengxingmachinery.com\\\/spiral-sand-washing-machines\\\/#primaryimage\",\"url\":\"https:\\\/\\\/hengxingmachinery.com\\\/wp-content\\\/uploads\\\/2025\\\/03\\\/spiral-sand-washing-machine-for-sale.jpg\",\"contentUrl\":\"https:\\\/\\\/hengxingmachinery.com\\\/wp-content\\\/uploads\\\/2025\\\/03\\\/spiral-sand-washing-machine-for-sale.jpg\"},{\"@type\":\"BreadcrumbList\",\"@id\":\"https:\\\/\\\/hengxingmachinery.com\\\/spiral-sand-washing-machines\\\/#breadcrumb\",\"itemListElement\":[{\"@type\":\"ListItem\",\"position\":1,\"name\":\"Home\",\"item\":\"https:\\\/\\\/hengxingmachinery.com\\\/\"},{\"@type\":\"ListItem\",\"position\":2,\"name\":\"2-1. Spiral sand washing machine\"}]},{\"@type\":\"WebSite\",\"@id\":\"https:\\\/\\\/hengxingmachinery.com\\\/#website\",\"url\":\"https:\\\/\\\/hengxingmachinery.com\\\/\",\"name\":\"Hengxing Machinery\",\"description\":\"Leading Manufacturer of All Sorts of Mining Machinery\",\"publisher\":{\"@id\":\"https:\\\/\\\/hengxingmachinery.com\\\/#organization\"},\"potentialAction\":[{\"@type\":\"SearchAction\",\"target\":{\"@type\":\"EntryPoint\",\"urlTemplate\":\"https:\\\/\\\/hengxingmachinery.com\\\/?s={search_term_string}\"},\"query-input\":{\"@type\":\"PropertyValueSpecification\",\"valueRequired\":true,\"valueName\":\"search_term_string\"}}],\"inLanguage\":\"pt-PT\"},{\"@type\":\"Organization\",\"@id\":\"https:\\\/\\\/hengxingmachinery.com\\\/#organization\",\"name\":\"Hengxing Machinery\",\"url\":\"https:\\\/\\\/hengxingmachinery.com\\\/\",\"logo\":{\"@type\":\"ImageObject\",\"inLanguage\":\"pt-PT\",\"@id\":\"https:\\\/\\\/hengxingmachinery.com\\\/#\\\/schema\\\/logo\\\/image\\\/\",\"url\":\"https:\\\/\\\/hengxingmachinery.com\\\/wp-content\\\/uploads\\\/2024\\\/12\\\/logo.png\",\"contentUrl\":\"https:\\\/\\\/hengxingmachinery.com\\\/wp-content\\\/uploads\\\/2024\\\/12\\\/logo.png\",\"width\":400,\"height\":260,\"caption\":\"Hengxing Machinery\"},\"image\":{\"@id\":\"https:\\\/\\\/hengxingmachinery.com\\\/#\\\/schema\\\/logo\\\/image\\\/\"}}]}<\/script>\n<!-- \/ Yoast SEO plugin. -->","yoast_head_json":{"title":"2-1. M\u00e1quina de lavagem de areia em espiral - Hengxing Machinery","robots":{"index":"index","follow":"follow","max-snippet":"max-snippet:-1","max-image-preview":"max-image-preview:large","max-video-preview":"max-video-preview:-1"},"canonical":"https:\/\/hengxingmachinery.com\/pt\/spiral-sand-washing-machines\/","og_locale":"pt_PT","og_type":"article","og_title":"2-1. Spiral sand washing machine - Hengxing Machinery","og_description":"Spiral sand washing machine Spiral sand washing machine characteristic 1.High degree cleaning-up 2.Reasonable structure 3.Large capacity 4.Low power consumption Spiral sand washing machine working principle Spiral sand washer is based on the principle of different specific gravity of solid particles and the different sedimentation rate in liquid to realize washing process. The spiral sand washer ... Ler mais","og_url":"https:\/\/hengxingmachinery.com\/pt\/spiral-sand-washing-machines\/","og_site_name":"Hengxing Machinery","article_modified_time":"2025-03-20T07:05:44+00:00","og_image":[{"url":"https:\/\/hengxingmachinery.com\/wp-content\/uploads\/2025\/03\/spiral-sand-washing-machine-for-sale.jpg","type":"","width":"","height":""}],"twitter_card":"summary_large_image","twitter_misc":{"Tempo estimado de leitura":"2 minutos"},"schema":{"@context":"https:\/\/schema.org","@graph":[{"@type":"WebPage","@id":"https:\/\/hengxingmachinery.com\/spiral-sand-washing-machines\/","url":"https:\/\/hengxingmachinery.com\/spiral-sand-washing-machines\/","name":"2-1. M\u00e1quina de lavagem de areia em espiral - Hengxing Machinery","isPartOf":{"@id":"https:\/\/hengxingmachinery.com\/#website"},"primaryImageOfPage":{"@id":"https:\/\/hengxingmachinery.com\/spiral-sand-washing-machines\/#primaryimage"},"image":{"@id":"https:\/\/hengxingmachinery.com\/spiral-sand-washing-machines\/#primaryimage"},"thumbnailUrl":"https:\/\/hengxingmachinery.com\/wp-content\/uploads\/2025\/03\/spiral-sand-washing-machine-for-sale.jpg","datePublished":"2025-03-20T07:05:43+00:00","dateModified":"2025-03-20T07:05:44+00:00","breadcrumb":{"@id":"https:\/\/hengxingmachinery.com\/spiral-sand-washing-machines\/#breadcrumb"},"inLanguage":"pt-PT","potentialAction":[{"@type":"ReadAction","target":["https:\/\/hengxingmachinery.com\/spiral-sand-washing-machines\/"]}]},{"@type":"ImageObject","inLanguage":"pt-PT","@id":"https:\/\/hengxingmachinery.com\/spiral-sand-washing-machines\/#primaryimage","url":"https:\/\/hengxingmachinery.com\/wp-content\/uploads\/2025\/03\/spiral-sand-washing-machine-for-sale.jpg","contentUrl":"https:\/\/hengxingmachinery.com\/wp-content\/uploads\/2025\/03\/spiral-sand-washing-machine-for-sale.jpg"},{"@type":"BreadcrumbList","@id":"https:\/\/hengxingmachinery.com\/spiral-sand-washing-machines\/#breadcrumb","itemListElement":[{"@type":"ListItem","position":1,"name":"Home","item":"https:\/\/hengxingmachinery.com\/"},{"@type":"ListItem","position":2,"name":"2-1. Spiral sand washing machine"}]},{"@type":"WebSite","@id":"https:\/\/hengxingmachinery.com\/#website","url":"https:\/\/hengxingmachinery.com\/","name":"M\u00e1quinas Hengxing","description":"Fabricante l\u00edder de todos os tipos de m\u00e1quinas de minera\u00e7\u00e3o","publisher":{"@id":"https:\/\/hengxingmachinery.com\/#organization"},"potentialAction":[{"@type":"SearchAction","target":{"@type":"EntryPoint","urlTemplate":"https:\/\/hengxingmachinery.com\/?s={search_term_string}"},"query-input":{"@type":"PropertyValueSpecification","valueRequired":true,"valueName":"search_term_string"}}],"inLanguage":"pt-PT"},{"@type":"Organization","@id":"https:\/\/hengxingmachinery.com\/#organization","name":"M\u00e1quinas Hengxing","url":"https:\/\/hengxingmachinery.com\/","logo":{"@type":"ImageObject","inLanguage":"pt-PT","@id":"https:\/\/hengxingmachinery.com\/#\/schema\/logo\/image\/","url":"https:\/\/hengxingmachinery.com\/wp-content\/uploads\/2024\/12\/logo.png","contentUrl":"https:\/\/hengxingmachinery.com\/wp-content\/uploads\/2024\/12\/logo.png","width":400,"height":260,"caption":"Hengxing Machinery"},"image":{"@id":"https:\/\/hengxingmachinery.com\/#\/schema\/logo\/image\/"}}]}},"_links":{"self":[{"href":"https:\/\/hengxingmachinery.com\/pt\/wp-json\/wp\/v2\/pages\/2376","targetHints":{"allow":["GET"]}}],"collection":[{"href":"https:\/\/hengxingmachinery.com\/pt\/wp-json\/wp\/v2\/pages"}],"about":[{"href":"https:\/\/hengxingmachinery.com\/pt\/wp-json\/wp\/v2\/types\/page"}],"author":[{"embeddable":true,"href":"https:\/\/hengxingmachinery.com\/pt\/wp-json\/wp\/v2\/users\/1"}],"replies":[{"embeddable":true,"href":"https:\/\/hengxingmachinery.com\/pt\/wp-json\/wp\/v2\/comments?post=2376"}],"version-history":[{"count":2,"href":"https:\/\/hengxingmachinery.com\/pt\/wp-json\/wp\/v2\/pages\/2376\/revisions"}],"predecessor-version":[{"id":2392,"href":"https:\/\/hengxingmachinery.com\/pt\/wp-json\/wp\/v2\/pages\/2376\/revisions\/2392"}],"wp:attachment":[{"href":"https:\/\/hengxingmachinery.com\/pt\/wp-json\/wp\/v2\/media?parent=2376"}],"curies":[{"name":"wp","href":"https:\/\/api.w.org\/{rel}","templated":true}]}}