{"id":2399,"date":"2025-03-20T08:09:42","date_gmt":"2025-03-20T08:09:42","guid":{"rendered":"https:\/\/hengxingmachinery.com\/?page_id=2399"},"modified":"2025-03-20T08:13:53","modified_gmt":"2025-03-20T08:13:53","slug":"sand-making-production-lines","status":"publish","type":"page","link":"https:\/\/hengxingmachinery.com\/pt\/sand-making-production-lines\/","title":{"rendered":"2-1. Linha de produ\u00e7\u00e3o de fabrica\u00e7\u00e3o de areia"},"content":{"rendered":"<div class=\"gb-container gb-container-45165f5a\">\n<div class=\"gb-container gb-container-c2652eb4\">\n\n<h1 class=\"gb-headline gb-headline-62a8b2cc gb-headline-text\">Linha de produ\u00e7\u00e3o de areia<\/h1>\n\n<\/div>\n<\/div>\n\n<div class=\"gb-container gb-container-519cf624\">\n<div class=\"gb-container gb-container-71ca071e\">\n<div class=\"gb-grid-wrapper gb-grid-wrapper-8a5f0688\">\n<div class=\"gb-grid-column gb-grid-column-1e99b1c2\"><div class=\"gb-container gb-container-1e99b1c2\">\n\n<figure class=\"gb-block-image gb-block-image-e4eaba54\"><img decoding=\"async\" width=\"665\" height=\"545\" class=\"gb-image gb-image-e4eaba54\" src=\"https:\/\/hengxingmachinery.com\/wp-content\/uploads\/2025\/03\/sand-making-production-line.jpg\" alt=\"\" title=\"linha de produ\u00e7\u00e3o de areia\" srcset=\"https:\/\/hengxingmachinery.com\/wp-content\/uploads\/2025\/03\/sand-making-production-line.jpg 665w, https:\/\/hengxingmachinery.com\/wp-content\/uploads\/2025\/03\/sand-making-production-line-300x246.jpg 300w, https:\/\/hengxingmachinery.com\/wp-content\/uploads\/2025\/03\/sand-making-production-line-15x12.jpg 15w\" sizes=\"(max-width: 665px) 100vw, 665px\" \/><\/figure>\n\n<\/div><\/div>\n\n<div class=\"gb-grid-column gb-grid-column-bcae065b\"><div class=\"gb-container gb-container-bcae065b\">\n\n<p><\/p>\n\n\n\n<p><\/p>\n\n\n\n<p>A linha de produ\u00e7\u00e3o de areia artificial \u00e9 composta por britador de mand\u00edbula, britador VSI (m\u00e1quina de fabrica\u00e7\u00e3o de areia), peneira vibrat\u00f3ria (peneira vibrat\u00f3ria circular), m\u00e1quina de lavagem de areia e transportador de correia. De acordo com diferentes requisitos do processo, utilize o tipo apropriado de equipamento para configura\u00e7\u00e3o, a fim de aproveitar ao m\u00e1ximo seu desempenho.<\/p>\n\n\n\n<p><\/p>\n\n\n<div class=\"gb-container gb-container-256e15f1\">\n\n<a class=\"gb-button gb-button-e8b73d89 gb-button-text\" href=\"#popmake-622\">Obtenha uma cota\u00e7\u00e3o gratuita agora<\/a>\n\n<\/div>\n<\/div><\/div>\n<\/div>\n<\/div>\n<\/div>\n\n<div class=\"gb-container gb-container-9fffbccc\">\n<div class=\"gb-container gb-container-ec063deb\">\n\n<h2 class=\"gb-headline gb-headline-e59ad497 gb-headline-text\">Processo da linha de produ\u00e7\u00e3o de fabrica\u00e7\u00e3o de areia<\/h2>\n\n\n\n<p>Primeiramente, o material rochoso \u00e9 triturado inicialmente pelo britador grosseiro (britador de mand\u00edbula grosseiro). <\/p>\n\n\n\n<p>Em seguida, o material grosseiro produzido \u00e9 transportado pelo transportador de correia at\u00e9 o britador fino (britador de mand\u00edbula fino) para tritura\u00e7\u00e3o adicional, e a pedra finamente triturada \u00e9 peneirada pela peneira vibrat\u00f3ria, separando dois tipos de pedras. As pedras que atendem \u00e0 granulometria de alimenta\u00e7\u00e3o do equipamento de fabrica\u00e7\u00e3o de areia s\u00e3o encaminhadas para a produ\u00e7\u00e3o de areia artificial, enquanto a outra parte do material \u00e9 retornada para nova tritura\u00e7\u00e3o. <\/p>\n\n\n\n<p>Parte do cascalho do equipamento de areia \u00e9 transformada em areia, que \u00e9 lavada por uma m\u00e1quina de lavagem de areia (opcional) para produzir areia acabada, e a outra parte do material na m\u00e1quina de fabrica\u00e7\u00e3o de areia \u00e9 novamente triturada, produzindo diversos materiais arenosos que atendem aos requisitos.<\/p>\n\n\n<div class=\"gb-container gb-container-031827ea\">\n\n<a class=\"gb-button gb-button-9af43ea0 gb-button-text\" href=\"#popmake-622\">Obtenha uma cota\u00e7\u00e3o gratuita agora<\/a>\n\n<\/div>\n<\/div>\n<\/div>\n\n<div class=\"gb-container gb-container-44d3b6be\">\n<div class=\"gb-container gb-container-cb594cef\">\n\n<h2 class=\"gb-headline gb-headline-43634316 gb-headline-text\">Caracter\u00edsticas da linha de produ\u00e7\u00e3o de fabrica\u00e7\u00e3o de areia<\/h2>\n\n\n\n<figure class=\"gb-block-image gb-block-image-1f90b8d3\"><img decoding=\"async\" width=\"800\" height=\"500\" class=\"gb-image gb-image-1f90b8d3\" src=\"https:\/\/hengxingmachinery.com\/wp-content\/uploads\/2025\/03\/sand-making-production.jpg\" alt=\"\" title=\"Produ\u00e7\u00e3o de fabrica\u00e7\u00e3o de areia\" srcset=\"https:\/\/hengxingmachinery.com\/wp-content\/uploads\/2025\/03\/sand-making-production.jpg 800w, https:\/\/hengxingmachinery.com\/wp-content\/uploads\/2025\/03\/sand-making-production-300x188.jpg 300w, https:\/\/hengxingmachinery.com\/wp-content\/uploads\/2025\/03\/sand-making-production-768x480.jpg 768w, https:\/\/hengxingmachinery.com\/wp-content\/uploads\/2025\/03\/sand-making-production-18x12.jpg 18w\" sizes=\"(max-width: 800px) 100vw, 800px\" \/><\/figure>\n\n\n\n<p>1. Processo de opera\u00e7\u00e3o totalmente automatizado, maior efici\u00eancia de produ\u00e7\u00e3o, efici\u00eancia de trabalho mais otimizada, alto grau de automa\u00e7\u00e3o, grande taxa de redu\u00e7\u00e3o, grande capacidade de processamento, o produto triturado possui formato c\u00fabico, baixo teor de part\u00edculas alongadas e achatadas, sem fissuras internas, e alta resist\u00eancia \u00e0 compress\u00e3o, em conformidade com o padr\u00e3o nacional de areia para constru\u00e7\u00e3o.<\/p>\n\n\n\n<p>2. Amplo espectro de aplica\u00e7\u00f5es. Aplicado com sucesso na tritura\u00e7\u00e3o e processamento de rochas como calc\u00e1rio, basalto, granito e seixos. A qualidade do produto acabado ap\u00f3s a tritura\u00e7\u00e3o pode atingir o padr\u00e3o GB14685-2001, fornecendo agregados qualificados para ind\u00fastrias de estradas de alto padr\u00e3o, ferrovias, obras hidr\u00e1ulicas, usinas de concreto, entre outras.<\/p>\n\n\n\n<p>3. O equipamento da linha de produ\u00e7\u00e3o de areia e brita requer quase nenhuma opera\u00e7\u00e3o manual, exceto para partida, parada e manuten\u00e7\u00e3o de rotina. Possui alta efici\u00eancia de produ\u00e7\u00e3o, baixos custos operacionais, grande volume de produ\u00e7\u00e3o e alta lucratividade. A pedra acabada possui granulometria uniforme e boa forma, atendendo aos requisitos de materiais para estradas de alta velocidade.<\/p>\n\n\n\n<p>4. No design do fluxo de processo do equipamento de areia e brita, devido ao pareamento racional dos equipamentos de tritura\u00e7\u00e3o em todos os n\u00edveis e ao layout rigoroso de espa\u00e7o cruzado, possui pequena \u00e1rea ocupada, alto retorno de investimento e benef\u00edcios econ\u00f4micos, boa qualidade do material britado e baixa taxa de produ\u00e7\u00e3o de p\u00f3 de pedra. Caracteriza-se por ser equipado com um sistema operacional de controle eletr\u00f4nico avan\u00e7ado, garantindo a descarga suave de todo o processo, opera\u00e7\u00e3o confi\u00e1vel, facilidade de opera\u00e7\u00e3o e efici\u00eancia energ\u00e9tica.<\/p>\n\n\n<div class=\"gb-container gb-container-a3629fb4\">\n\n<a class=\"gb-button gb-button-193549b0 gb-button-text\" href=\"#popmake-622\">Obtenha uma cota\u00e7\u00e3o gratuita agora<\/a>\n\n<\/div>\n<\/div>\n<\/div>","protected":false},"excerpt":{"rendered":"<p>Sand making production line Sand making production line process First, the stone material is initially crushed by the coarse crusher (coarse jaw crusher). Then, the produced coarse material is conveyed by the belt conveyor to the fine crusher (fine crusher jaw crusher) for further crushing, and the finely crushed stone is vibrated two kinds of &#8230; <\/p>\n<p class=\"read-more-container\"><a title=\"2-1. Linha de produ\u00e7\u00e3o de fabrica\u00e7\u00e3o de areia\" class=\"read-more button\" href=\"https:\/\/hengxingmachinery.com\/pt\/sand-making-production-lines\/#more-2399\" aria-label=\"Leia mais sobre 2-1. Sand making production line\">Ler mais<\/a><\/p>","protected":false},"author":1,"featured_media":0,"parent":0,"menu_order":0,"comment_status":"closed","ping_status":"closed","template":"","meta":{"footnotes":""},"class_list":["post-2399","page","type-page","status-publish"],"yoast_head":"<!-- This site is optimized with the Yoast SEO plugin v27.4 - https:\/\/yoast.com\/product\/yoast-seo-wordpress\/ -->\n<title>2-1. Sand making production line - Hengxing Machinery<\/title>\n<meta name=\"robots\" content=\"index, follow, max-snippet:-1, max-image-preview:large, max-video-preview:-1\" \/>\n<link rel=\"canonical\" href=\"https:\/\/hengxingmachinery.com\/pt\/sand-making-production-lines\/\" \/>\n<meta property=\"og:locale\" content=\"pt_PT\" \/>\n<meta property=\"og:type\" content=\"article\" \/>\n<meta property=\"og:title\" content=\"2-1. Sand making production line - Hengxing Machinery\" \/>\n<meta property=\"og:description\" content=\"Sand making production line Sand making production line process First, the stone material is initially crushed by the coarse crusher (coarse jaw crusher). Then, the produced coarse material is conveyed by the belt conveyor to the fine crusher (fine crusher jaw crusher) for further crushing, and the finely crushed stone is vibrated two kinds of ... Ler mais\" \/>\n<meta property=\"og:url\" content=\"https:\/\/hengxingmachinery.com\/pt\/sand-making-production-lines\/\" \/>\n<meta property=\"og:site_name\" content=\"Hengxing Machinery\" \/>\n<meta property=\"article:modified_time\" content=\"2025-03-20T08:13:53+00:00\" \/>\n<meta property=\"og:image\" content=\"https:\/\/hengxingmachinery.com\/wp-content\/uploads\/2025\/03\/sand-making-production-line.jpg\" \/>\n<meta name=\"twitter:card\" content=\"summary_large_image\" \/>\n<meta name=\"twitter:label1\" content=\"Tempo estimado de leitura\" \/>\n\t<meta name=\"twitter:data1\" content=\"3 minutos\" \/>\n<script type=\"application\/ld+json\" class=\"yoast-schema-graph\">{\"@context\":\"https:\\\/\\\/schema.org\",\"@graph\":[{\"@type\":\"WebPage\",\"@id\":\"https:\\\/\\\/hengxingmachinery.com\\\/sand-making-production-lines\\\/\",\"url\":\"https:\\\/\\\/hengxingmachinery.com\\\/sand-making-production-lines\\\/\",\"name\":\"2-1. Sand making production line - Hengxing Machinery\",\"isPartOf\":{\"@id\":\"https:\\\/\\\/hengxingmachinery.com\\\/#website\"},\"primaryImageOfPage\":{\"@id\":\"https:\\\/\\\/hengxingmachinery.com\\\/sand-making-production-lines\\\/#primaryimage\"},\"image\":{\"@id\":\"https:\\\/\\\/hengxingmachinery.com\\\/sand-making-production-lines\\\/#primaryimage\"},\"thumbnailUrl\":\"https:\\\/\\\/hengxingmachinery.com\\\/wp-content\\\/uploads\\\/2025\\\/03\\\/sand-making-production-line.jpg\",\"datePublished\":\"2025-03-20T08:09:42+00:00\",\"dateModified\":\"2025-03-20T08:13:53+00:00\",\"breadcrumb\":{\"@id\":\"https:\\\/\\\/hengxingmachinery.com\\\/sand-making-production-lines\\\/#breadcrumb\"},\"inLanguage\":\"pt-PT\",\"potentialAction\":[{\"@type\":\"ReadAction\",\"target\":[\"https:\\\/\\\/hengxingmachinery.com\\\/sand-making-production-lines\\\/\"]}]},{\"@type\":\"ImageObject\",\"inLanguage\":\"pt-PT\",\"@id\":\"https:\\\/\\\/hengxingmachinery.com\\\/sand-making-production-lines\\\/#primaryimage\",\"url\":\"https:\\\/\\\/hengxingmachinery.com\\\/wp-content\\\/uploads\\\/2025\\\/03\\\/sand-making-production-line.jpg\",\"contentUrl\":\"https:\\\/\\\/hengxingmachinery.com\\\/wp-content\\\/uploads\\\/2025\\\/03\\\/sand-making-production-line.jpg\"},{\"@type\":\"BreadcrumbList\",\"@id\":\"https:\\\/\\\/hengxingmachinery.com\\\/sand-making-production-lines\\\/#breadcrumb\",\"itemListElement\":[{\"@type\":\"ListItem\",\"position\":1,\"name\":\"Home\",\"item\":\"https:\\\/\\\/hengxingmachinery.com\\\/\"},{\"@type\":\"ListItem\",\"position\":2,\"name\":\"2-1. Sand making production line\"}]},{\"@type\":\"WebSite\",\"@id\":\"https:\\\/\\\/hengxingmachinery.com\\\/#website\",\"url\":\"https:\\\/\\\/hengxingmachinery.com\\\/\",\"name\":\"Hengxing Machinery\",\"description\":\"Leading Manufacturer of All Sorts of Mining Machinery\",\"publisher\":{\"@id\":\"https:\\\/\\\/hengxingmachinery.com\\\/#organization\"},\"potentialAction\":[{\"@type\":\"SearchAction\",\"target\":{\"@type\":\"EntryPoint\",\"urlTemplate\":\"https:\\\/\\\/hengxingmachinery.com\\\/?s={search_term_string}\"},\"query-input\":{\"@type\":\"PropertyValueSpecification\",\"valueRequired\":true,\"valueName\":\"search_term_string\"}}],\"inLanguage\":\"pt-PT\"},{\"@type\":\"Organization\",\"@id\":\"https:\\\/\\\/hengxingmachinery.com\\\/#organization\",\"name\":\"Hengxing Machinery\",\"url\":\"https:\\\/\\\/hengxingmachinery.com\\\/\",\"logo\":{\"@type\":\"ImageObject\",\"inLanguage\":\"pt-PT\",\"@id\":\"https:\\\/\\\/hengxingmachinery.com\\\/#\\\/schema\\\/logo\\\/image\\\/\",\"url\":\"https:\\\/\\\/hengxingmachinery.com\\\/wp-content\\\/uploads\\\/2024\\\/12\\\/logo.png\",\"contentUrl\":\"https:\\\/\\\/hengxingmachinery.com\\\/wp-content\\\/uploads\\\/2024\\\/12\\\/logo.png\",\"width\":400,\"height\":260,\"caption\":\"Hengxing Machinery\"},\"image\":{\"@id\":\"https:\\\/\\\/hengxingmachinery.com\\\/#\\\/schema\\\/logo\\\/image\\\/\"}}]}<\/script>\n<!-- \/ Yoast SEO plugin. -->","yoast_head_json":{"title":"2-1. Linha de produ\u00e7\u00e3o de fabrica\u00e7\u00e3o de areia - Hengxing Machinery","robots":{"index":"index","follow":"follow","max-snippet":"max-snippet:-1","max-image-preview":"max-image-preview:large","max-video-preview":"max-video-preview:-1"},"canonical":"https:\/\/hengxingmachinery.com\/pt\/sand-making-production-lines\/","og_locale":"pt_PT","og_type":"article","og_title":"2-1. Sand making production line - Hengxing Machinery","og_description":"Sand making production line Sand making production line process First, the stone material is initially crushed by the coarse crusher (coarse jaw crusher). Then, the produced coarse material is conveyed by the belt conveyor to the fine crusher (fine crusher jaw crusher) for further crushing, and the finely crushed stone is vibrated two kinds of ... Ler mais","og_url":"https:\/\/hengxingmachinery.com\/pt\/sand-making-production-lines\/","og_site_name":"Hengxing Machinery","article_modified_time":"2025-03-20T08:13:53+00:00","og_image":[{"url":"https:\/\/hengxingmachinery.com\/wp-content\/uploads\/2025\/03\/sand-making-production-line.jpg","type":"","width":"","height":""}],"twitter_card":"summary_large_image","twitter_misc":{"Tempo estimado de leitura":"3 minutos"},"schema":{"@context":"https:\/\/schema.org","@graph":[{"@type":"WebPage","@id":"https:\/\/hengxingmachinery.com\/sand-making-production-lines\/","url":"https:\/\/hengxingmachinery.com\/sand-making-production-lines\/","name":"2-1. Linha de produ\u00e7\u00e3o de fabrica\u00e7\u00e3o de areia - Hengxing Machinery","isPartOf":{"@id":"https:\/\/hengxingmachinery.com\/#website"},"primaryImageOfPage":{"@id":"https:\/\/hengxingmachinery.com\/sand-making-production-lines\/#primaryimage"},"image":{"@id":"https:\/\/hengxingmachinery.com\/sand-making-production-lines\/#primaryimage"},"thumbnailUrl":"https:\/\/hengxingmachinery.com\/wp-content\/uploads\/2025\/03\/sand-making-production-line.jpg","datePublished":"2025-03-20T08:09:42+00:00","dateModified":"2025-03-20T08:13:53+00:00","breadcrumb":{"@id":"https:\/\/hengxingmachinery.com\/sand-making-production-lines\/#breadcrumb"},"inLanguage":"pt-PT","potentialAction":[{"@type":"ReadAction","target":["https:\/\/hengxingmachinery.com\/sand-making-production-lines\/"]}]},{"@type":"ImageObject","inLanguage":"pt-PT","@id":"https:\/\/hengxingmachinery.com\/sand-making-production-lines\/#primaryimage","url":"https:\/\/hengxingmachinery.com\/wp-content\/uploads\/2025\/03\/sand-making-production-line.jpg","contentUrl":"https:\/\/hengxingmachinery.com\/wp-content\/uploads\/2025\/03\/sand-making-production-line.jpg"},{"@type":"BreadcrumbList","@id":"https:\/\/hengxingmachinery.com\/sand-making-production-lines\/#breadcrumb","itemListElement":[{"@type":"ListItem","position":1,"name":"Home","item":"https:\/\/hengxingmachinery.com\/"},{"@type":"ListItem","position":2,"name":"2-1. Sand making production line"}]},{"@type":"WebSite","@id":"https:\/\/hengxingmachinery.com\/#website","url":"https:\/\/hengxingmachinery.com\/","name":"M\u00e1quinas Hengxing","description":"Fabricante l\u00edder de todos os tipos de m\u00e1quinas de minera\u00e7\u00e3o","publisher":{"@id":"https:\/\/hengxingmachinery.com\/#organization"},"potentialAction":[{"@type":"SearchAction","target":{"@type":"EntryPoint","urlTemplate":"https:\/\/hengxingmachinery.com\/?s={search_term_string}"},"query-input":{"@type":"PropertyValueSpecification","valueRequired":true,"valueName":"search_term_string"}}],"inLanguage":"pt-PT"},{"@type":"Organization","@id":"https:\/\/hengxingmachinery.com\/#organization","name":"M\u00e1quinas Hengxing","url":"https:\/\/hengxingmachinery.com\/","logo":{"@type":"ImageObject","inLanguage":"pt-PT","@id":"https:\/\/hengxingmachinery.com\/#\/schema\/logo\/image\/","url":"https:\/\/hengxingmachinery.com\/wp-content\/uploads\/2024\/12\/logo.png","contentUrl":"https:\/\/hengxingmachinery.com\/wp-content\/uploads\/2024\/12\/logo.png","width":400,"height":260,"caption":"Hengxing Machinery"},"image":{"@id":"https:\/\/hengxingmachinery.com\/#\/schema\/logo\/image\/"}}]}},"_links":{"self":[{"href":"https:\/\/hengxingmachinery.com\/pt\/wp-json\/wp\/v2\/pages\/2399","targetHints":{"allow":["GET"]}}],"collection":[{"href":"https:\/\/hengxingmachinery.com\/pt\/wp-json\/wp\/v2\/pages"}],"about":[{"href":"https:\/\/hengxingmachinery.com\/pt\/wp-json\/wp\/v2\/types\/page"}],"author":[{"embeddable":true,"href":"https:\/\/hengxingmachinery.com\/pt\/wp-json\/wp\/v2\/users\/1"}],"replies":[{"embeddable":true,"href":"https:\/\/hengxingmachinery.com\/pt\/wp-json\/wp\/v2\/comments?post=2399"}],"version-history":[{"count":1,"href":"https:\/\/hengxingmachinery.com\/pt\/wp-json\/wp\/v2\/pages\/2399\/revisions"}],"predecessor-version":[{"id":2410,"href":"https:\/\/hengxingmachinery.com\/pt\/wp-json\/wp\/v2\/pages\/2399\/revisions\/2410"}],"wp:attachment":[{"href":"https:\/\/hengxingmachinery.com\/pt\/wp-json\/wp\/v2\/media?parent=2399"}],"curies":[{"name":"wp","href":"https:\/\/api.w.org\/{rel}","templated":true}]}}