{"id":2400,"date":"2025-03-20T08:10:46","date_gmt":"2025-03-20T08:10:46","guid":{"rendered":"https:\/\/hengxingmachinery.com\/?page_id=2400"},"modified":"2025-03-20T08:12:39","modified_gmt":"2025-03-20T08:12:39","slug":"belt-conveyor","status":"publish","type":"page","link":"https:\/\/hengxingmachinery.com\/pt\/belt-conveyor\/","title":{"rendered":"2-1. Correia transportadora"},"content":{"rendered":"<div class=\"gb-container gb-container-45165f5a\">\n<div class=\"gb-container gb-container-c2652eb4\">\n\n<h1 class=\"gb-headline gb-headline-62a8b2cc gb-headline-text\">Transportador de correia<\/h1>\n\n<\/div>\n<\/div>\n\n<div class=\"gb-container gb-container-519cf624\">\n<div class=\"gb-container gb-container-71ca071e\">\n<div class=\"gb-grid-wrapper gb-grid-wrapper-8a5f0688\">\n<div class=\"gb-grid-column gb-grid-column-1e99b1c2\"><div class=\"gb-container gb-container-1e99b1c2\">\n\n<figure class=\"gb-block-image gb-block-image-e4eaba54\"><img decoding=\"async\" width=\"665\" height=\"545\" class=\"gb-image gb-image-e4eaba54\" src=\"https:\/\/hengxingmachinery.com\/wp-content\/uploads\/2025\/03\/belt-conveyor-for-sale.jpg\" alt=\"\" title=\"esteira transportadora \u00e0 venda\" srcset=\"https:\/\/hengxingmachinery.com\/wp-content\/uploads\/2025\/03\/belt-conveyor-for-sale.jpg 665w, https:\/\/hengxingmachinery.com\/wp-content\/uploads\/2025\/03\/belt-conveyor-for-sale-300x246.jpg 300w, https:\/\/hengxingmachinery.com\/wp-content\/uploads\/2025\/03\/belt-conveyor-for-sale-15x12.jpg 15w\" sizes=\"(max-width: 665px) 100vw, 665px\" \/><\/figure>\n\n<\/div><\/div>\n\n<div class=\"gb-grid-column gb-grid-column-bcae065b\"><div class=\"gb-container gb-container-bcae065b\">\n\n<p>A esteira transportadora \u00e9 amplamente utilizada em minera\u00e7\u00e3o, carv\u00e3o, ind\u00fastria qu\u00edmica, materiais de constru\u00e7\u00e3o, metalurgia, energia el\u00e9trica, ind\u00fastria leve, gr\u00e3os, portos, navega\u00e7\u00e3o, etc. <\/p>\n\n\n\n<p>Materiais a granel com gravidade espec\u00edfica de 0,5 a 2,5 t\/m\u00b3 podem ser transportados em ambientes de trabalho com temperatura entre -15\u00b0C e 140\u00b0C. <\/p>\n\n\n\n<p>Os tipos mais vendidos incluem: Largura da Correia 400mm, 500mm, 650mm, 800mm, 1000mm, 1200mm, 1400mm, e a capacidade inclui 30-60t\/h, 40-80t\/h, 80-120t\/h, 120-200t\/h, 200-320t\/h, 290-480t\/h, 500-1200t\/h. Nossos t\u00e9cnicos podem recomendar os modelos para voc\u00ea, portanto informe-nos sua necessidade.<\/p>\n\n\n\n<p>A esteira transportadora m\u00f3vel possui rodas e pode ser deslocada.<\/p>\n\n\n<div class=\"gb-container gb-container-256e15f1\">\n\n<a class=\"gb-button gb-button-e8b73d89 gb-button-text\" href=\"#popmake-622\">Obtenha uma cota\u00e7\u00e3o gratuita agora<\/a>\n\n<\/div>\n<\/div><\/div>\n<\/div>\n<\/div>\n<\/div>\n\n<div class=\"gb-container gb-container-3a930c38\">\n<div class=\"gb-container gb-container-8a36e90a\">\n\n<h2 class=\"gb-headline gb-headline-a5d3273c gb-headline-text\">Princ\u00edpio de funcionamento da esteira transportadora<\/h2>\n\n\n\n<figure class=\"gb-block-image gb-block-image-1c359176\"><img decoding=\"async\" width=\"800\" height=\"500\" class=\"gb-image gb-image-1c359176\" src=\"https:\/\/hengxingmachinery.com\/wp-content\/uploads\/2025\/03\/Belt-Conveyor.jpg\" alt=\"\" title=\"Esteira Transportadora\" srcset=\"https:\/\/hengxingmachinery.com\/wp-content\/uploads\/2025\/03\/Belt-Conveyor.jpg 800w, https:\/\/hengxingmachinery.com\/wp-content\/uploads\/2025\/03\/Belt-Conveyor-300x188.jpg 300w, https:\/\/hengxingmachinery.com\/wp-content\/uploads\/2025\/03\/Belt-Conveyor-768x480.jpg 768w, https:\/\/hengxingmachinery.com\/wp-content\/uploads\/2025\/03\/Belt-Conveyor-18x12.jpg 18w\" sizes=\"(max-width: 800px) 100vw, 800px\" \/><\/figure>\n\n\n\n<p>A correia transportadora \u00e9 composta principalmente pelo tambor de expans\u00e3o nas duas extremidades e pelas correias fechadas firmemente fixadas neles. O tambor girat\u00f3rio da correia transportadora \u00e9 chamado de tambor motriz, e o outro tambor, utilizado principalmente para alterar a dire\u00e7\u00e3o de movimento da correia, \u00e9 chamado de tambor de redirecionamento. <\/p>\n\n\n\n<p>O tambor motriz aciona o dispositivo atrav\u00e9s do motor no redutor, e a correia \u00e9 puxada pela fric\u00e7\u00e3o entre o tambor motriz e a correia transportadora. O tambor motriz geralmente \u00e9 instalado no lado de descarga do material para aumentar a for\u00e7a de tra\u00e7\u00e3o. <\/p>\n\n\n\n<p>Os materiais s\u00e3o alimentados pela extremidade de carga e, em seguida, caem sobre a correia transportadora girat\u00f3ria; pela for\u00e7a de fric\u00e7\u00e3o da esteira transportadora, os materiais s\u00e3o conduzidos at\u00e9 a extremidade de descarga para serem liberados.<\/p>\n\n\n<div class=\"gb-container gb-container-96208927\">\n\n<a class=\"gb-button gb-button-429870c5 gb-button-text\" href=\"#popmake-622\">Obtenha uma cota\u00e7\u00e3o gratuita agora<\/a>\n\n<\/div>\n<\/div>\n<\/div>\n\n<div class=\"gb-container gb-container-435ad261\">\n<div class=\"gb-container gb-container-7dc79cc4\">\n\n<h2 class=\"gb-headline gb-headline-6fe5dee2 gb-headline-text\">Especifica\u00e7\u00f5es da esteira transportadora<\/h2>\n\n\n\n<figure class=\"wp-block-table is-style-stripes\"><table class=\"has-fixed-layout\"><tbody><tr><td><strong>Largura da Correia (mm)<\/strong><\/td><td><strong>Transporte<\/strong><\/td><td><strong>Comprimento (m)<\/strong><\/td><td><strong>Pot\u00eancia (kW)<\/strong><\/td><td><strong>Velocidade de Transporte (m\/s)<\/strong><\/td><td><strong>Capacidade de Transporte (t\/h)<\/strong><\/td><\/tr><tr><td>500<\/td><td>&lt;=12<br>3<\/td><td>12-20<br>4-5.5<\/td><td>20-30<br>5.5-7.5<\/td><td>1.3-1.6<\/td><td>78-191<\/td><\/tr><tr><td>650<\/td><td>&lt;=12<br>4<\/td><td>12-20<br>5.5<\/td><td>20-30<br>7.5-11<\/td><td>1.3-1.6<\/td><td>131-323<\/td><\/tr><tr><td>800<\/td><td>&lt;=6<br>4<\/td><td>6-15<br>5.5<\/td><td>15-30<br>7.5-15<\/td><td>1.3-1.6<\/td><td>278-546<\/td><\/tr><tr><td>1000<\/td><td>&lt;=10<br>5.5<\/td><td>10-20<br>7.5-11<\/td><td>20-40<br>11-22<\/td><td>1.3-2.0<\/td><td>435-853<\/td><\/tr><tr><td>1200<\/td><td>&lt;=10<br>7.5<\/td><td>10-20<br>11<\/td><td>20-40<br>15-30<\/td><td>1.3-2.0<\/td><td>655-1284<\/td><\/tr><tr><td>1400<\/td><td>&lt;=10<br>11<\/td><td>10-20<br>18.5<\/td><td>20-40<br>22-37<\/td><td>1.3-2.0<\/td><td>893-1745<\/td><\/tr><tr><td>1600<\/td><td>&lt;=10<br>15<\/td><td>10-20<br>22<\/td><td>20-40<br>30-45<\/td><td>1.3-2.0<\/td><td>1069-2195<\/td><\/tr><\/tbody><\/table><\/figure>\n\n\n<div class=\"gb-container gb-container-263d9700\">\n\n<a class=\"gb-button gb-button-a4cbb7be gb-button-text\" href=\"#popmake-622\">Obtenha uma cota\u00e7\u00e3o gratuita agora<\/a>\n\n<\/div>\n<\/div>\n<\/div>","protected":false},"excerpt":{"rendered":"<p>Transportador de correia Princ\u00edpio de funcionamento do transportador de correia A correia transportadora \u00e9 composta principalmente pelo cilindro de expans\u00e3o nas duas extremidades e pelas correias fechadas firmemente amarradas neles. O cilindro girat\u00f3rio da correia transportadora \u00e9 chamado de cilindro motriz, e o outro cilindro, que \u00e9 usado principalmente para alterar a dire\u00e7\u00e3o de movimento da correia... <\/p>\n<p class=\"read-more-container\"><a title=\"2-1. Correia transportadora\" class=\"read-more button\" href=\"https:\/\/hengxingmachinery.com\/pt\/belt-conveyor\/#more-2400\" aria-label=\"Leia mais sobre 2-1. Transportador de correia\">Ler mais<\/a><\/p>","protected":false},"author":1,"featured_media":0,"parent":0,"menu_order":0,"comment_status":"closed","ping_status":"closed","template":"","meta":{"footnotes":""},"class_list":["post-2400","page","type-page","status-publish"],"yoast_head":"<!-- This site is optimized with the Yoast SEO plugin v27.4 - https:\/\/yoast.com\/product\/yoast-seo-wordpress\/ -->\n<title>2-1. Belt conveyor - Hengxing Machinery<\/title>\n<meta name=\"robots\" content=\"index, follow, max-snippet:-1, max-image-preview:large, max-video-preview:-1\" \/>\n<link rel=\"canonical\" href=\"https:\/\/hengxingmachinery.com\/pt\/belt-conveyor\/\" \/>\n<meta property=\"og:locale\" content=\"pt_PT\" \/>\n<meta property=\"og:type\" content=\"article\" \/>\n<meta property=\"og:title\" content=\"2-1. Belt conveyor - Hengxing Machinery\" \/>\n<meta property=\"og:description\" content=\"Belt conveyor Belt conveyor working principle The conveyor belt is mainly composed of the expansion cylinder on both ends and the closed belts tightly knotted on them. The revolving cylinder of the conveyor belt is called the driving cylinder, and the other cylinder which is mainly used for changing the moving direction of the belt ... Ler mais\" \/>\n<meta property=\"og:url\" content=\"https:\/\/hengxingmachinery.com\/pt\/belt-conveyor\/\" \/>\n<meta property=\"og:site_name\" content=\"Hengxing Machinery\" \/>\n<meta property=\"article:modified_time\" content=\"2025-03-20T08:12:39+00:00\" \/>\n<meta property=\"og:image\" content=\"https:\/\/hengxingmachinery.com\/wp-content\/uploads\/2025\/03\/belt-conveyor-for-sale.jpg\" \/>\n<meta name=\"twitter:card\" content=\"summary_large_image\" \/>\n<meta name=\"twitter:label1\" content=\"Tempo estimado de leitura\" \/>\n\t<meta name=\"twitter:data1\" content=\"2 minutos\" \/>\n<script type=\"application\/ld+json\" class=\"yoast-schema-graph\">{\"@context\":\"https:\\\/\\\/schema.org\",\"@graph\":[{\"@type\":\"WebPage\",\"@id\":\"https:\\\/\\\/hengxingmachinery.com\\\/belt-conveyor\\\/\",\"url\":\"https:\\\/\\\/hengxingmachinery.com\\\/belt-conveyor\\\/\",\"name\":\"2-1. Belt conveyor - Hengxing Machinery\",\"isPartOf\":{\"@id\":\"https:\\\/\\\/hengxingmachinery.com\\\/#website\"},\"primaryImageOfPage\":{\"@id\":\"https:\\\/\\\/hengxingmachinery.com\\\/belt-conveyor\\\/#primaryimage\"},\"image\":{\"@id\":\"https:\\\/\\\/hengxingmachinery.com\\\/belt-conveyor\\\/#primaryimage\"},\"thumbnailUrl\":\"https:\\\/\\\/hengxingmachinery.com\\\/wp-content\\\/uploads\\\/2025\\\/03\\\/belt-conveyor-for-sale.jpg\",\"datePublished\":\"2025-03-20T08:10:46+00:00\",\"dateModified\":\"2025-03-20T08:12:39+00:00\",\"breadcrumb\":{\"@id\":\"https:\\\/\\\/hengxingmachinery.com\\\/belt-conveyor\\\/#breadcrumb\"},\"inLanguage\":\"pt-PT\",\"potentialAction\":[{\"@type\":\"ReadAction\",\"target\":[\"https:\\\/\\\/hengxingmachinery.com\\\/belt-conveyor\\\/\"]}]},{\"@type\":\"ImageObject\",\"inLanguage\":\"pt-PT\",\"@id\":\"https:\\\/\\\/hengxingmachinery.com\\\/belt-conveyor\\\/#primaryimage\",\"url\":\"https:\\\/\\\/hengxingmachinery.com\\\/wp-content\\\/uploads\\\/2025\\\/03\\\/belt-conveyor-for-sale.jpg\",\"contentUrl\":\"https:\\\/\\\/hengxingmachinery.com\\\/wp-content\\\/uploads\\\/2025\\\/03\\\/belt-conveyor-for-sale.jpg\"},{\"@type\":\"BreadcrumbList\",\"@id\":\"https:\\\/\\\/hengxingmachinery.com\\\/belt-conveyor\\\/#breadcrumb\",\"itemListElement\":[{\"@type\":\"ListItem\",\"position\":1,\"name\":\"Home\",\"item\":\"https:\\\/\\\/hengxingmachinery.com\\\/\"},{\"@type\":\"ListItem\",\"position\":2,\"name\":\"2-1. Belt conveyor\"}]},{\"@type\":\"WebSite\",\"@id\":\"https:\\\/\\\/hengxingmachinery.com\\\/#website\",\"url\":\"https:\\\/\\\/hengxingmachinery.com\\\/\",\"name\":\"Hengxing Machinery\",\"description\":\"Leading Manufacturer of All Sorts of Mining Machinery\",\"publisher\":{\"@id\":\"https:\\\/\\\/hengxingmachinery.com\\\/#organization\"},\"potentialAction\":[{\"@type\":\"SearchAction\",\"target\":{\"@type\":\"EntryPoint\",\"urlTemplate\":\"https:\\\/\\\/hengxingmachinery.com\\\/?s={search_term_string}\"},\"query-input\":{\"@type\":\"PropertyValueSpecification\",\"valueRequired\":true,\"valueName\":\"search_term_string\"}}],\"inLanguage\":\"pt-PT\"},{\"@type\":\"Organization\",\"@id\":\"https:\\\/\\\/hengxingmachinery.com\\\/#organization\",\"name\":\"Hengxing Machinery\",\"url\":\"https:\\\/\\\/hengxingmachinery.com\\\/\",\"logo\":{\"@type\":\"ImageObject\",\"inLanguage\":\"pt-PT\",\"@id\":\"https:\\\/\\\/hengxingmachinery.com\\\/#\\\/schema\\\/logo\\\/image\\\/\",\"url\":\"https:\\\/\\\/hengxingmachinery.com\\\/wp-content\\\/uploads\\\/2024\\\/12\\\/logo.png\",\"contentUrl\":\"https:\\\/\\\/hengxingmachinery.com\\\/wp-content\\\/uploads\\\/2024\\\/12\\\/logo.png\",\"width\":400,\"height\":260,\"caption\":\"Hengxing Machinery\"},\"image\":{\"@id\":\"https:\\\/\\\/hengxingmachinery.com\\\/#\\\/schema\\\/logo\\\/image\\\/\"}}]}<\/script>\n<!-- \/ Yoast SEO plugin. -->","yoast_head_json":{"title":"2-1. Correia transportadora - Hengxing Machinery","robots":{"index":"index","follow":"follow","max-snippet":"max-snippet:-1","max-image-preview":"max-image-preview:large","max-video-preview":"max-video-preview:-1"},"canonical":"https:\/\/hengxingmachinery.com\/pt\/belt-conveyor\/","og_locale":"pt_PT","og_type":"article","og_title":"2-1. Belt conveyor - Hengxing Machinery","og_description":"Belt conveyor Belt conveyor working principle The conveyor belt is mainly composed of the expansion cylinder on both ends and the closed belts tightly knotted on them. The revolving cylinder of the conveyor belt is called the driving cylinder, and the other cylinder which is mainly used for changing the moving direction of the belt ... Ler mais","og_url":"https:\/\/hengxingmachinery.com\/pt\/belt-conveyor\/","og_site_name":"Hengxing Machinery","article_modified_time":"2025-03-20T08:12:39+00:00","og_image":[{"url":"https:\/\/hengxingmachinery.com\/wp-content\/uploads\/2025\/03\/belt-conveyor-for-sale.jpg","type":"","width":"","height":""}],"twitter_card":"summary_large_image","twitter_misc":{"Tempo estimado de leitura":"2 minutos"},"schema":{"@context":"https:\/\/schema.org","@graph":[{"@type":"WebPage","@id":"https:\/\/hengxingmachinery.com\/belt-conveyor\/","url":"https:\/\/hengxingmachinery.com\/belt-conveyor\/","name":"2-1. Correia transportadora - Hengxing Machinery","isPartOf":{"@id":"https:\/\/hengxingmachinery.com\/#website"},"primaryImageOfPage":{"@id":"https:\/\/hengxingmachinery.com\/belt-conveyor\/#primaryimage"},"image":{"@id":"https:\/\/hengxingmachinery.com\/belt-conveyor\/#primaryimage"},"thumbnailUrl":"https:\/\/hengxingmachinery.com\/wp-content\/uploads\/2025\/03\/belt-conveyor-for-sale.jpg","datePublished":"2025-03-20T08:10:46+00:00","dateModified":"2025-03-20T08:12:39+00:00","breadcrumb":{"@id":"https:\/\/hengxingmachinery.com\/belt-conveyor\/#breadcrumb"},"inLanguage":"pt-PT","potentialAction":[{"@type":"ReadAction","target":["https:\/\/hengxingmachinery.com\/belt-conveyor\/"]}]},{"@type":"ImageObject","inLanguage":"pt-PT","@id":"https:\/\/hengxingmachinery.com\/belt-conveyor\/#primaryimage","url":"https:\/\/hengxingmachinery.com\/wp-content\/uploads\/2025\/03\/belt-conveyor-for-sale.jpg","contentUrl":"https:\/\/hengxingmachinery.com\/wp-content\/uploads\/2025\/03\/belt-conveyor-for-sale.jpg"},{"@type":"BreadcrumbList","@id":"https:\/\/hengxingmachinery.com\/belt-conveyor\/#breadcrumb","itemListElement":[{"@type":"ListItem","position":1,"name":"Home","item":"https:\/\/hengxingmachinery.com\/"},{"@type":"ListItem","position":2,"name":"2-1. Belt conveyor"}]},{"@type":"WebSite","@id":"https:\/\/hengxingmachinery.com\/#website","url":"https:\/\/hengxingmachinery.com\/","name":"M\u00e1quinas Hengxing","description":"Fabricante l\u00edder de todos os tipos de m\u00e1quinas de minera\u00e7\u00e3o","publisher":{"@id":"https:\/\/hengxingmachinery.com\/#organization"},"potentialAction":[{"@type":"SearchAction","target":{"@type":"EntryPoint","urlTemplate":"https:\/\/hengxingmachinery.com\/?s={search_term_string}"},"query-input":{"@type":"PropertyValueSpecification","valueRequired":true,"valueName":"search_term_string"}}],"inLanguage":"pt-PT"},{"@type":"Organization","@id":"https:\/\/hengxingmachinery.com\/#organization","name":"M\u00e1quinas Hengxing","url":"https:\/\/hengxingmachinery.com\/","logo":{"@type":"ImageObject","inLanguage":"pt-PT","@id":"https:\/\/hengxingmachinery.com\/#\/schema\/logo\/image\/","url":"https:\/\/hengxingmachinery.com\/wp-content\/uploads\/2024\/12\/logo.png","contentUrl":"https:\/\/hengxingmachinery.com\/wp-content\/uploads\/2024\/12\/logo.png","width":400,"height":260,"caption":"Hengxing Machinery"},"image":{"@id":"https:\/\/hengxingmachinery.com\/#\/schema\/logo\/image\/"}}]}},"_links":{"self":[{"href":"https:\/\/hengxingmachinery.com\/pt\/wp-json\/wp\/v2\/pages\/2400","targetHints":{"allow":["GET"]}}],"collection":[{"href":"https:\/\/hengxingmachinery.com\/pt\/wp-json\/wp\/v2\/pages"}],"about":[{"href":"https:\/\/hengxingmachinery.com\/pt\/wp-json\/wp\/v2\/types\/page"}],"author":[{"embeddable":true,"href":"https:\/\/hengxingmachinery.com\/pt\/wp-json\/wp\/v2\/users\/1"}],"replies":[{"embeddable":true,"href":"https:\/\/hengxingmachinery.com\/pt\/wp-json\/wp\/v2\/comments?post=2400"}],"version-history":[{"count":2,"href":"https:\/\/hengxingmachinery.com\/pt\/wp-json\/wp\/v2\/pages\/2400\/revisions"}],"predecessor-version":[{"id":2411,"href":"https:\/\/hengxingmachinery.com\/pt\/wp-json\/wp\/v2\/pages\/2400\/revisions\/2411"}],"wp:attachment":[{"href":"https:\/\/hengxingmachinery.com\/pt\/wp-json\/wp\/v2\/media?parent=2400"}],"curies":[{"name":"wp","href":"https:\/\/api.w.org\/{rel}","templated":true}]}}