{"id":2431,"date":"2025-03-21T07:30:48","date_gmt":"2025-03-21T07:30:48","guid":{"rendered":"https:\/\/hengxingmachinery.com\/?page_id=2431"},"modified":"2025-03-21T07:39:31","modified_gmt":"2025-03-21T07:39:31","slug":"flotation-machines","status":"publish","type":"page","link":"https:\/\/hengxingmachinery.com\/pt\/flotation-machines\/","title":{"rendered":"4-1. M\u00e1quina de flota\u00e7\u00e3o"},"content":{"rendered":"<div class=\"gb-container gb-container-45165f5a\">\n<div class=\"gb-container gb-container-c2652eb4\">\n\n<h1 class=\"gb-headline gb-headline-62a8b2cc gb-headline-text\">M\u00e1quina de flutua\u00e7\u00e3o<\/h1>\n\n<\/div>\n<\/div>\n\n<div class=\"gb-container gb-container-519cf624\">\n<div class=\"gb-container gb-container-71ca071e\">\n<div class=\"gb-grid-wrapper gb-grid-wrapper-8a5f0688\">\n<div class=\"gb-grid-column gb-grid-column-1e99b1c2\"><div class=\"gb-container gb-container-1e99b1c2\">\n\n<figure class=\"gb-block-image gb-block-image-e4eaba54\"><img decoding=\"async\" width=\"665\" height=\"545\" class=\"gb-image gb-image-e4eaba54\" src=\"https:\/\/hengxingmachinery.com\/wp-content\/uploads\/2025\/03\/flotation-machines.jpg\" alt=\"\" title=\"m\u00e1quinas de flota\u00e7\u00e3o\" srcset=\"https:\/\/hengxingmachinery.com\/wp-content\/uploads\/2025\/03\/flotation-machines.jpg 665w, https:\/\/hengxingmachinery.com\/wp-content\/uploads\/2025\/03\/flotation-machines-300x246.jpg 300w, https:\/\/hengxingmachinery.com\/wp-content\/uploads\/2025\/03\/flotation-machines-15x12.jpg 15w\" sizes=\"(max-width: 665px) 100vw, 665px\" \/><\/figure>\n\n<\/div><\/div>\n\n<div class=\"gb-grid-column gb-grid-column-bcae065b\"><div class=\"gb-container gb-container-bcae065b\">\n\n<p><\/p>\n\n\n\n<p><\/p>\n\n\n\n<p><strong><mark style=\"background-color:rgba(0, 0, 0, 0)\" class=\"has-inline-color has-global-color-8-color\">Volume efetivo:<\/mark><\/strong> 0,35-20m\u00b3 \u00a0\u00a0<\/p>\n\n\n\n<p><strong><mark style=\"background-color:rgba(0, 0, 0, 0)\" class=\"has-inline-color has-global-color-8-color\">Capacidade de processamento:<\/mark><\/strong> 0,18-20 m\u00b3\/min<\/p>\n\n\n\n<p><strong><mark style=\"background-color:rgba(0, 0, 0, 0)\" class=\"has-inline-color has-global-color-8-color\">Materiais aplic\u00e1veis:<\/mark><\/strong> Min\u00e9rio de ouro, min\u00e9rio de ferro, min\u00e9rio de cobre, min\u00e9rio de molibd\u00eanio, min\u00e9rio de alum\u00ednio, min\u00e9rio de chumbo, talco, fluorita de carv\u00e3o, bauxita, feldspato pot\u00e1ssico, quartzito, etc.<\/p>\n\n\n<div class=\"gb-container gb-container-256e15f1\">\n\n<a class=\"gb-button gb-button-e8b73d89 gb-button-text\" href=\"#popmake-622\">Obtenha uma cota\u00e7\u00e3o gratuita agora<\/a>\n\n<\/div>\n<\/div><\/div>\n<\/div>\n<\/div>\n<\/div>\n\n<div class=\"gb-container gb-container-c0200787\">\n<div class=\"gb-container gb-container-1d97c93d\">\n\n<h2 class=\"gb-headline gb-headline-3d5fa577 gb-headline-text\">Desempenho do produto da m\u00e1quina de flota\u00e7\u00e3o<\/h2>\n\n\n\n<figure class=\"gb-block-image gb-block-image-4fd7cc67\"><img decoding=\"async\" width=\"800\" height=\"500\" class=\"gb-image gb-image-4fd7cc67\" src=\"https:\/\/hengxingmachinery.com\/wp-content\/uploads\/2025\/03\/flotation-machine-for-sale.jpg\" alt=\"\" title=\"m\u00e1quina de flota\u00e7\u00e3o \u00e0 venda\" srcset=\"https:\/\/hengxingmachinery.com\/wp-content\/uploads\/2025\/03\/flotation-machine-for-sale.jpg 800w, https:\/\/hengxingmachinery.com\/wp-content\/uploads\/2025\/03\/flotation-machine-for-sale-300x188.jpg 300w, https:\/\/hengxingmachinery.com\/wp-content\/uploads\/2025\/03\/flotation-machine-for-sale-768x480.jpg 768w, https:\/\/hengxingmachinery.com\/wp-content\/uploads\/2025\/03\/flotation-machine-for-sale-18x12.jpg 18w\" sizes=\"(max-width: 800px) 100vw, 800px\" \/><\/figure>\n\n\n\n<p><strong>Baixo custo operacional:<\/strong> Em compara\u00e7\u00e3o com a m\u00e1quina de flota\u00e7\u00e3o convencional de agita\u00e7\u00e3o mec\u00e2nica, pode economizar eletricidade em 1\/3 a 1\/2.<\/p>\n\n\n\n<p><strong>Pe\u00e7as de desgaste com alta durabilidade:<\/strong> O impulsor est\u00e1 sempre ativo na m\u00e1quina, o que desempenha um papel na remo\u00e7\u00e3o de materiais acumulados e detritos, reduzindo o fen\u00f4meno de danos \u00e0s pe\u00e7as devido a impurezas. O impulsor do dispositivo de mistura \u00e9 fabricado em borracha mo\u00edda, proporcionando maior resist\u00eancia ao desgaste.<\/p>\n\n\n\n<p><strong>Alta precis\u00e3o de separa\u00e7\u00e3o e baixo teor de cinzas no carv\u00e3o limpo: <\/strong>O teor de cinzas do carv\u00e3o limpo pode ser reduzido em 1 a 2% em compara\u00e7\u00e3o com as m\u00e1quinas de flota\u00e7\u00e3o convencionais de agita\u00e7\u00e3o mec\u00e2nica.<\/p>\n\n\n\n<p><strong>Bom efeito de flota\u00e7\u00e3o: <\/strong>O dispositivo de controle autom\u00e1tico de n\u00edvel de l\u00edquido est\u00e1 instalado internamente, e o grau de refinamento da espuma \u00e9 alto, melhorando assim o efeito de flota\u00e7\u00e3o.<\/p>\n\n<\/div>\n<\/div>\n\n<div class=\"gb-container gb-container-ebd718b6\">\n<div class=\"gb-container gb-container-5c75b960\">\n\n<h2 class=\"gb-headline gb-headline-98859344 gb-headline-text\">Princ\u00edpio de funcionamento da m\u00e1quina de flota\u00e7\u00e3o<\/h2>\n\n\n\n<figure class=\"gb-block-image gb-block-image-c486b36e\"><img decoding=\"async\" width=\"600\" height=\"500\" class=\"gb-image gb-image-c486b36e\" src=\"https:\/\/hengxingmachinery.com\/wp-content\/uploads\/2025\/03\/flotation-machine-working-principle.jpg\" alt=\"\" title=\"princ\u00edpio de funcionamento da m\u00e1quina de flota\u00e7\u00e3o\" srcset=\"https:\/\/hengxingmachinery.com\/wp-content\/uploads\/2025\/03\/flotation-machine-working-principle.jpg 600w, https:\/\/hengxingmachinery.com\/wp-content\/uploads\/2025\/03\/flotation-machine-working-principle-300x250.jpg 300w, https:\/\/hengxingmachinery.com\/wp-content\/uploads\/2025\/03\/flotation-machine-working-principle-14x12.jpg 14w\" sizes=\"(max-width: 600px) 100vw, 600px\" \/><\/figure>\n\n\n\n<p>O min\u00e9rio mo\u00eddo \u00e9 misturado com \u00e1gua e os reagentes necess\u00e1rios durante ou ap\u00f3s a moagem para formar uma polpa atrav\u00e9s de um tanque de agita\u00e7\u00e3o, sendo ent\u00e3o injetado no tanque de polpa onde a mistura \u00e9 iniciada. O ar \u00e9 introduzido na polpa, formando um grande n\u00famero de bolhas; algumas delas n\u00e3o s\u00e3o facilmente umedecidas pela \u00e1gua, ou seja, part\u00edculas de minerais geralmente chamadas de hidrof\u00f3bicas aderem \u00e0s bolhas e flutuam para a superf\u00edcie da polpa junto com as bolhas, formando uma camada de bolhas mineralizadas. <\/p>\n\n\n\n<p>Outras s\u00e3o facilmente umedecidas pela \u00e1gua e s\u00e3o geralmente chamadas de part\u00edculas de minerais hidrof\u00edlicas. Elas n\u00e3o aderem \u00e0s bolhas, mas permanecem na polpa, e as bolhas mineralizadas contendo minerais espec\u00edficos s\u00e3o descarregadas, alcan\u00e7ando o objetivo de beneficiamento.<\/p>\n\n\n\n<p>Consiste no tubo de admiss\u00e3o. Quando o impulsor gira, \u00e9 gerada uma press\u00e3o negativa na cavidade do impulsor, fazendo com que o ar seja aspirado atrav\u00e9s do tubo da bomba oco e disperso na polpa, formando um aglomerado de bolhas.<\/p>\n\n\n<div class=\"gb-container gb-container-d6bbf16a\">\n\n<a class=\"gb-button gb-button-caa3f2bc gb-button-text\" href=\"#popmake-622\">Obtenha uma cota\u00e7\u00e3o gratuita agora<\/a>\n\n<\/div>\n<\/div>\n<\/div>\n\n<div class=\"gb-container gb-container-435ad261\">\n<div class=\"gb-container gb-container-7dc79cc4\">\n\n<h2 class=\"gb-headline gb-headline-6fe5dee2 gb-headline-text\">Especifica\u00e7\u00f5es da m\u00e1quina de flota\u00e7\u00e3o<\/h2>\n\n\n\n<figure class=\"wp-block-table is-style-stripes\"><table class=\"has-fixed-layout\"><tbody><tr><td><strong>Modelo<\/strong><\/td><td><strong>Volume Efetivo (m\u00b3)<\/strong><\/td><td><strong>Capacidade de Processamento (m\u00b3\/min)<\/strong><\/td><td><strong>Eixo Principal<br>Pot\u00eancia (kW)<\/strong>\uff09<\/td><td><strong>Eixo Principal<br>Velocidade de Rota\u00e7\u00e3o (r\/min)<\/strong><\/td><td><strong>Velocidade de Rota\u00e7\u00e3o do Raspador (r\/min)<\/strong><\/td><td><strong>Pot\u00eancia do Raspador (kW)<\/strong><\/td><td><strong>Dimens\u00f5es do Tanque (L\u00d7A\u00d7H) (m)<\/strong><\/td><td><strong>Peso do Tanque \u00danico (t)<\/strong><\/td><\/tr><tr><td>XJK-0,35<\/td><td>0.35<\/td><td>0.18-0.4<\/td><td>1.5<\/td><td>483<\/td><td>25<\/td><td>1.1<\/td><td>0,7\u00d70,7\u00d70,7<\/td><td>0.5<\/td><\/tr><tr><td>XJK-0,62<\/td><td>0.62<\/td><td>0.3-0.9<\/td><td>3.0<\/td><td>400<\/td><td>25<\/td><td>1.1<\/td><td>0,90\u00d70,82\u00d70,85<\/td><td>1.0<\/td><\/tr><tr><td>XJK-1,1<\/td><td>1.1<\/td><td>0.6-1.6<\/td><td>5.5<\/td><td>330<\/td><td>25<\/td><td>1.1<\/td><td>1,1\u00d71,1\u00d71<\/td><td>1.4<\/td><\/tr><tr><td>XJK-2,8<\/td><td>2.8<\/td><td>1.5-3.5<\/td><td>11<\/td><td>280<\/td><td>25<\/td><td>1.1<\/td><td>1,75\u00d71,6\u00d71,1<\/td><td>2.5<\/td><\/tr><tr><td>XJK-5,8<\/td><td>5.8<\/td><td>5-7<\/td><td>22<\/td><td>240<\/td><td>25<\/td><td>1.5<\/td><td>2,2\u00d72,2\u00d71,2<\/td><td>3.6<\/td><\/tr><tr><td>SF-0,37<\/td><td>0.37<\/td><td>0.2-0.4<\/td><td>1.5<\/td><td>386<\/td><td>25<\/td><td>1.1<\/td><td>0,7\u00d70,7\u00d70,75<\/td><td>0.5<\/td><\/tr><tr><td>SF-0,7<\/td><td>0.7<\/td><td>0.3-0.9<\/td><td>3<\/td><td>400<\/td><td>25<\/td><td>1.1<\/td><td>0,9\u00d70,82\u00d70,95<\/td><td>1.0<\/td><\/tr><tr><td>SF-1,2<\/td><td>1.2<\/td><td>0.6-1.6<\/td><td>5.5<\/td><td>330<\/td><td>25<\/td><td>1.1<\/td><td>1,1\u00d71,1\u00d71,1<\/td><td>1.9<\/td><\/tr><tr><td>SF-2,8<\/td><td>2.8<\/td><td>1.5-3.5<\/td><td>11<\/td><td>268<\/td><td>25<\/td><td>1.1<\/td><td>1,75\u00d71,6\u00d71,15<\/td><td>2.6<\/td><\/tr><tr><td>SF-4<\/td><td>4<\/td><td>2-4<\/td><td>15<\/td><td>220<\/td><td>25<\/td><td>1.5<\/td><td>1,85\u00d72,05\u00d71,2<\/td><td>2.9<\/td><\/tr><tr><td>SF-8<\/td><td>8<\/td><td>4-8<\/td><td>30<\/td><td>191<\/td><td>25<\/td><td>1.5<\/td><td>2,2\u00d72,9\u00d71,4<\/td><td>4.2<\/td><\/tr><tr><td>SF-10<\/td><td>10<\/td><td>5-10<\/td><td>30<\/td><td>191<\/td><td>25<\/td><td>1.5<\/td><td>2,2\u00d72,9\u00d71,7<\/td><td>4.5<\/td><\/tr><tr><td>SF-20<\/td><td>20<\/td><td>5-20<\/td><td>30\u00d72<\/td><td>191<\/td><td>25<\/td><td>1.5<\/td><td>2,85\u00d73,8\u00d72<\/td><td>9.9<\/td><\/tr><\/tbody><\/table><\/figure>\n\n\n<div class=\"gb-container gb-container-263d9700\">\n\n<a class=\"gb-button gb-button-a4cbb7be gb-button-text\" href=\"#popmake-622\">Obtenha uma cota\u00e7\u00e3o gratuita agora<\/a>\n\n<\/div>\n<\/div>\n<\/div>","protected":false},"excerpt":{"rendered":"<p>Flotation machine Flotation machine product performance Low operating cost: Compared with the conventional mechanical stirring flotation machine, it can save electricity by 1\/3~1\/2. The wearing parts have strong durability: The impeller is always active in the machine, which plays a role in removing accumulated materials and sundries and reduces the phenomenon of damage to parts &#8230; <\/p>\n<p class=\"read-more-container\"><a title=\"4-1. M\u00e1quina de flota\u00e7\u00e3o\" class=\"read-more button\" href=\"https:\/\/hengxingmachinery.com\/pt\/flotation-machines\/#more-2431\" aria-label=\"Leia mais sobre 4-1. Flotation machine\">Ler mais<\/a><\/p>","protected":false},"author":1,"featured_media":0,"parent":0,"menu_order":0,"comment_status":"closed","ping_status":"closed","template":"","meta":{"footnotes":""},"class_list":["post-2431","page","type-page","status-publish"],"yoast_head":"<!-- This site is optimized with the Yoast SEO plugin v27.4 - https:\/\/yoast.com\/product\/yoast-seo-wordpress\/ -->\n<title>4-1. Flotation machine - Hengxing Machinery<\/title>\n<meta name=\"robots\" content=\"index, follow, max-snippet:-1, max-image-preview:large, max-video-preview:-1\" \/>\n<link rel=\"canonical\" href=\"https:\/\/hengxingmachinery.com\/pt\/flotation-machines\/\" \/>\n<meta property=\"og:locale\" content=\"pt_PT\" \/>\n<meta property=\"og:type\" content=\"article\" \/>\n<meta property=\"og:title\" content=\"4-1. Flotation machine - Hengxing Machinery\" \/>\n<meta property=\"og:description\" content=\"Flotation machine Flotation machine product performance Low operating cost: Compared with the conventional mechanical stirring flotation machine, it can save electricity by 1\/3~1\/2. The wearing parts have strong durability: The impeller is always active in the machine, which plays a role in removing accumulated materials and sundries and reduces the phenomenon of damage to parts ... Ler mais\" \/>\n<meta property=\"og:url\" content=\"https:\/\/hengxingmachinery.com\/pt\/flotation-machines\/\" \/>\n<meta property=\"og:site_name\" content=\"Hengxing Machinery\" \/>\n<meta property=\"article:modified_time\" content=\"2025-03-21T07:39:31+00:00\" \/>\n<meta property=\"og:image\" content=\"https:\/\/hengxingmachinery.com\/wp-content\/uploads\/2025\/03\/flotation-machines.jpg\" \/>\n<meta name=\"twitter:card\" content=\"summary_large_image\" \/>\n<meta name=\"twitter:label1\" content=\"Tempo estimado de leitura\" \/>\n\t<meta name=\"twitter:data1\" content=\"3 minutos\" \/>\n<script type=\"application\/ld+json\" class=\"yoast-schema-graph\">{\"@context\":\"https:\\\/\\\/schema.org\",\"@graph\":[{\"@type\":\"WebPage\",\"@id\":\"https:\\\/\\\/hengxingmachinery.com\\\/flotation-machines\\\/\",\"url\":\"https:\\\/\\\/hengxingmachinery.com\\\/flotation-machines\\\/\",\"name\":\"4-1. Flotation machine - Hengxing Machinery\",\"isPartOf\":{\"@id\":\"https:\\\/\\\/hengxingmachinery.com\\\/#website\"},\"primaryImageOfPage\":{\"@id\":\"https:\\\/\\\/hengxingmachinery.com\\\/flotation-machines\\\/#primaryimage\"},\"image\":{\"@id\":\"https:\\\/\\\/hengxingmachinery.com\\\/flotation-machines\\\/#primaryimage\"},\"thumbnailUrl\":\"https:\\\/\\\/hengxingmachinery.com\\\/wp-content\\\/uploads\\\/2025\\\/03\\\/flotation-machines.jpg\",\"datePublished\":\"2025-03-21T07:30:48+00:00\",\"dateModified\":\"2025-03-21T07:39:31+00:00\",\"breadcrumb\":{\"@id\":\"https:\\\/\\\/hengxingmachinery.com\\\/flotation-machines\\\/#breadcrumb\"},\"inLanguage\":\"pt-PT\",\"potentialAction\":[{\"@type\":\"ReadAction\",\"target\":[\"https:\\\/\\\/hengxingmachinery.com\\\/flotation-machines\\\/\"]}]},{\"@type\":\"ImageObject\",\"inLanguage\":\"pt-PT\",\"@id\":\"https:\\\/\\\/hengxingmachinery.com\\\/flotation-machines\\\/#primaryimage\",\"url\":\"https:\\\/\\\/hengxingmachinery.com\\\/wp-content\\\/uploads\\\/2025\\\/03\\\/flotation-machines.jpg\",\"contentUrl\":\"https:\\\/\\\/hengxingmachinery.com\\\/wp-content\\\/uploads\\\/2025\\\/03\\\/flotation-machines.jpg\"},{\"@type\":\"BreadcrumbList\",\"@id\":\"https:\\\/\\\/hengxingmachinery.com\\\/flotation-machines\\\/#breadcrumb\",\"itemListElement\":[{\"@type\":\"ListItem\",\"position\":1,\"name\":\"Home\",\"item\":\"https:\\\/\\\/hengxingmachinery.com\\\/\"},{\"@type\":\"ListItem\",\"position\":2,\"name\":\"4-1. Flotation machine\"}]},{\"@type\":\"WebSite\",\"@id\":\"https:\\\/\\\/hengxingmachinery.com\\\/#website\",\"url\":\"https:\\\/\\\/hengxingmachinery.com\\\/\",\"name\":\"Hengxing Machinery\",\"description\":\"Leading Manufacturer of All Sorts of Mining Machinery\",\"publisher\":{\"@id\":\"https:\\\/\\\/hengxingmachinery.com\\\/#organization\"},\"potentialAction\":[{\"@type\":\"SearchAction\",\"target\":{\"@type\":\"EntryPoint\",\"urlTemplate\":\"https:\\\/\\\/hengxingmachinery.com\\\/?s={search_term_string}\"},\"query-input\":{\"@type\":\"PropertyValueSpecification\",\"valueRequired\":true,\"valueName\":\"search_term_string\"}}],\"inLanguage\":\"pt-PT\"},{\"@type\":\"Organization\",\"@id\":\"https:\\\/\\\/hengxingmachinery.com\\\/#organization\",\"name\":\"Hengxing Machinery\",\"url\":\"https:\\\/\\\/hengxingmachinery.com\\\/\",\"logo\":{\"@type\":\"ImageObject\",\"inLanguage\":\"pt-PT\",\"@id\":\"https:\\\/\\\/hengxingmachinery.com\\\/#\\\/schema\\\/logo\\\/image\\\/\",\"url\":\"https:\\\/\\\/hengxingmachinery.com\\\/wp-content\\\/uploads\\\/2024\\\/12\\\/logo.png\",\"contentUrl\":\"https:\\\/\\\/hengxingmachinery.com\\\/wp-content\\\/uploads\\\/2024\\\/12\\\/logo.png\",\"width\":400,\"height\":260,\"caption\":\"Hengxing Machinery\"},\"image\":{\"@id\":\"https:\\\/\\\/hengxingmachinery.com\\\/#\\\/schema\\\/logo\\\/image\\\/\"}}]}<\/script>\n<!-- \/ Yoast SEO plugin. -->","yoast_head_json":{"title":"4-1. M\u00e1quina de flota\u00e7\u00e3o - Hengxing Machinery","robots":{"index":"index","follow":"follow","max-snippet":"max-snippet:-1","max-image-preview":"max-image-preview:large","max-video-preview":"max-video-preview:-1"},"canonical":"https:\/\/hengxingmachinery.com\/pt\/flotation-machines\/","og_locale":"pt_PT","og_type":"article","og_title":"4-1. Flotation machine - Hengxing Machinery","og_description":"Flotation machine Flotation machine product performance Low operating cost: Compared with the conventional mechanical stirring flotation machine, it can save electricity by 1\/3~1\/2. The wearing parts have strong durability: The impeller is always active in the machine, which plays a role in removing accumulated materials and sundries and reduces the phenomenon of damage to parts ... Ler mais","og_url":"https:\/\/hengxingmachinery.com\/pt\/flotation-machines\/","og_site_name":"Hengxing Machinery","article_modified_time":"2025-03-21T07:39:31+00:00","og_image":[{"url":"https:\/\/hengxingmachinery.com\/wp-content\/uploads\/2025\/03\/flotation-machines.jpg","type":"","width":"","height":""}],"twitter_card":"summary_large_image","twitter_misc":{"Tempo estimado de leitura":"3 minutos"},"schema":{"@context":"https:\/\/schema.org","@graph":[{"@type":"WebPage","@id":"https:\/\/hengxingmachinery.com\/flotation-machines\/","url":"https:\/\/hengxingmachinery.com\/flotation-machines\/","name":"4-1. M\u00e1quina de flota\u00e7\u00e3o - Hengxing Machinery","isPartOf":{"@id":"https:\/\/hengxingmachinery.com\/#website"},"primaryImageOfPage":{"@id":"https:\/\/hengxingmachinery.com\/flotation-machines\/#primaryimage"},"image":{"@id":"https:\/\/hengxingmachinery.com\/flotation-machines\/#primaryimage"},"thumbnailUrl":"https:\/\/hengxingmachinery.com\/wp-content\/uploads\/2025\/03\/flotation-machines.jpg","datePublished":"2025-03-21T07:30:48+00:00","dateModified":"2025-03-21T07:39:31+00:00","breadcrumb":{"@id":"https:\/\/hengxingmachinery.com\/flotation-machines\/#breadcrumb"},"inLanguage":"pt-PT","potentialAction":[{"@type":"ReadAction","target":["https:\/\/hengxingmachinery.com\/flotation-machines\/"]}]},{"@type":"ImageObject","inLanguage":"pt-PT","@id":"https:\/\/hengxingmachinery.com\/flotation-machines\/#primaryimage","url":"https:\/\/hengxingmachinery.com\/wp-content\/uploads\/2025\/03\/flotation-machines.jpg","contentUrl":"https:\/\/hengxingmachinery.com\/wp-content\/uploads\/2025\/03\/flotation-machines.jpg"},{"@type":"BreadcrumbList","@id":"https:\/\/hengxingmachinery.com\/flotation-machines\/#breadcrumb","itemListElement":[{"@type":"ListItem","position":1,"name":"Home","item":"https:\/\/hengxingmachinery.com\/"},{"@type":"ListItem","position":2,"name":"4-1. Flotation machine"}]},{"@type":"WebSite","@id":"https:\/\/hengxingmachinery.com\/#website","url":"https:\/\/hengxingmachinery.com\/","name":"M\u00e1quinas Hengxing","description":"Fabricante l\u00edder de todos os tipos de m\u00e1quinas de minera\u00e7\u00e3o","publisher":{"@id":"https:\/\/hengxingmachinery.com\/#organization"},"potentialAction":[{"@type":"SearchAction","target":{"@type":"EntryPoint","urlTemplate":"https:\/\/hengxingmachinery.com\/?s={search_term_string}"},"query-input":{"@type":"PropertyValueSpecification","valueRequired":true,"valueName":"search_term_string"}}],"inLanguage":"pt-PT"},{"@type":"Organization","@id":"https:\/\/hengxingmachinery.com\/#organization","name":"M\u00e1quinas Hengxing","url":"https:\/\/hengxingmachinery.com\/","logo":{"@type":"ImageObject","inLanguage":"pt-PT","@id":"https:\/\/hengxingmachinery.com\/#\/schema\/logo\/image\/","url":"https:\/\/hengxingmachinery.com\/wp-content\/uploads\/2024\/12\/logo.png","contentUrl":"https:\/\/hengxingmachinery.com\/wp-content\/uploads\/2024\/12\/logo.png","width":400,"height":260,"caption":"Hengxing Machinery"},"image":{"@id":"https:\/\/hengxingmachinery.com\/#\/schema\/logo\/image\/"}}]}},"_links":{"self":[{"href":"https:\/\/hengxingmachinery.com\/pt\/wp-json\/wp\/v2\/pages\/2431","targetHints":{"allow":["GET"]}}],"collection":[{"href":"https:\/\/hengxingmachinery.com\/pt\/wp-json\/wp\/v2\/pages"}],"about":[{"href":"https:\/\/hengxingmachinery.com\/pt\/wp-json\/wp\/v2\/types\/page"}],"author":[{"embeddable":true,"href":"https:\/\/hengxingmachinery.com\/pt\/wp-json\/wp\/v2\/users\/1"}],"replies":[{"embeddable":true,"href":"https:\/\/hengxingmachinery.com\/pt\/wp-json\/wp\/v2\/comments?post=2431"}],"version-history":[{"count":4,"href":"https:\/\/hengxingmachinery.com\/pt\/wp-json\/wp\/v2\/pages\/2431\/revisions"}],"predecessor-version":[{"id":2517,"href":"https:\/\/hengxingmachinery.com\/pt\/wp-json\/wp\/v2\/pages\/2431\/revisions\/2517"}],"wp:attachment":[{"href":"https:\/\/hengxingmachinery.com\/pt\/wp-json\/wp\/v2\/media?parent=2431"}],"curies":[{"name":"wp","href":"https:\/\/api.w.org\/{rel}","templated":true}]}}