{"id":2433,"date":"2025-03-21T07:30:32","date_gmt":"2025-03-21T07:30:32","guid":{"rendered":"https:\/\/hengxingmachinery.com\/?page_id=2433"},"modified":"2025-03-21T07:38:09","modified_gmt":"2025-03-21T07:38:09","slug":"wet-magnetic-separators","status":"publish","type":"page","link":"https:\/\/hengxingmachinery.com\/pt\/wet-magnetic-separators\/","title":{"rendered":"4-1. Separador magn\u00e9tico \u00famido"},"content":{"rendered":"<div class=\"gb-container gb-container-45165f5a\">\n<div class=\"gb-container gb-container-c2652eb4\">\n\n<h1 class=\"gb-headline gb-headline-62a8b2cc gb-headline-text\">Separador magn\u00e9tico \u00famido<\/h1>\n\n<\/div>\n<\/div>\n\n<div class=\"gb-container gb-container-519cf624\">\n<div class=\"gb-container gb-container-71ca071e\">\n<div class=\"gb-grid-wrapper gb-grid-wrapper-8a5f0688\">\n<div class=\"gb-grid-column gb-grid-column-1e99b1c2\"><div class=\"gb-container gb-container-1e99b1c2\">\n\n<figure class=\"gb-block-image gb-block-image-e4eaba54\"><img decoding=\"async\" width=\"665\" height=\"545\" class=\"gb-image gb-image-e4eaba54\" src=\"https:\/\/hengxingmachinery.com\/wp-content\/uploads\/2025\/03\/wet-magnetic-separator-machine.jpg\" alt=\"\" title=\"m\u00e1quina separadora magn\u00e9tica \u00famida\" srcset=\"https:\/\/hengxingmachinery.com\/wp-content\/uploads\/2025\/03\/wet-magnetic-separator-machine.jpg 665w, https:\/\/hengxingmachinery.com\/wp-content\/uploads\/2025\/03\/wet-magnetic-separator-machine-300x246.jpg 300w, https:\/\/hengxingmachinery.com\/wp-content\/uploads\/2025\/03\/wet-magnetic-separator-machine-15x12.jpg 15w\" sizes=\"(max-width: 665px) 100vw, 665px\" \/><\/figure>\n\n<\/div><\/div>\n\n<div class=\"gb-grid-column gb-grid-column-bcae065b\"><div class=\"gb-container gb-container-bcae065b\">\n\n<p><\/p>\n\n\n\n<p><\/p>\n\n\n\n<p><strong><mark style=\"background-color:rgba(0, 0, 0, 0)\" class=\"has-inline-color has-global-color-8-color\"><strong>Intensidade M\u00e1xima de Indu\u00e7\u00e3o Magn\u00e9tica<\/strong>:<\/mark><\/strong> 2000-7000<\/p>\n\n\n\n<p><mark style=\"background-color:rgba(0, 0, 0, 0)\" class=\"has-inline-color has-global-color-8-color\"><strong><strong>Quantidade de Min\u00e9rio Seco (T\/h)<\/strong>:<\/strong> <\/mark>1-220<\/p>\n\n\n\n<p><strong><mark style=\"background-color:rgba(0, 0, 0, 0)\" class=\"has-inline-color has-global-color-8-color\">Pot\u00eancia (kW): <\/mark><\/strong>1.1-11<\/p>\n\n\n<div class=\"gb-container gb-container-256e15f1\">\n\n<a class=\"gb-button gb-button-e8b73d89 gb-button-text\" href=\"#popmake-622\">Obtenha uma cota\u00e7\u00e3o gratuita agora<\/a>\n\n<\/div>\n<\/div><\/div>\n<\/div>\n<\/div>\n<\/div>\n\n<div class=\"gb-container gb-container-c0200787\">\n<div class=\"gb-container gb-container-1d97c93d\">\n\n<h2 class=\"gb-headline gb-headline-3d5fa577 gb-headline-text\">Aplica\u00e7\u00e3o do Separador Magn\u00e9tico \u00damido<\/h2>\n\n\n\n<figure class=\"gb-block-image gb-block-image-4fd7cc67\"><img decoding=\"async\" width=\"800\" height=\"381\" class=\"gb-image gb-image-4fd7cc67\" src=\"https:\/\/hengxingmachinery.com\/wp-content\/uploads\/2025\/03\/wet-magnetic-separator-for-sale-1.jpg\" alt=\"\" title=\"separador magn\u00e9tico \u00famido \u00e0 venda\" srcset=\"https:\/\/hengxingmachinery.com\/wp-content\/uploads\/2025\/03\/wet-magnetic-separator-for-sale-1.jpg 800w, https:\/\/hengxingmachinery.com\/wp-content\/uploads\/2025\/03\/wet-magnetic-separator-for-sale-1-300x143.jpg 300w, https:\/\/hengxingmachinery.com\/wp-content\/uploads\/2025\/03\/wet-magnetic-separator-for-sale-1-768x366.jpg 768w, https:\/\/hengxingmachinery.com\/wp-content\/uploads\/2025\/03\/wet-magnetic-separator-for-sale-1-18x9.jpg 18w\" sizes=\"(max-width: 800px) 100vw, 800px\" \/><\/figure>\n\n\n\n<p>O separador magn\u00e9tico \u00famido semi-contracorrente CTB \u00e9 adequado para a limpeza e purifica\u00e7\u00e3o de materiais fortemente magn\u00e9ticos com tamanhos de part\u00edcula abaixo de 0,5mm, para separa\u00e7\u00e3o \u00famida de min\u00e9rios, especialmente para a sele\u00e7\u00e3o de minerais com tamanhos de part\u00edcula de 0,15~0mm. Ou para remover os minerais fortemente magn\u00e9ticos misturados com minerais n\u00e3o magn\u00e9ticos. O separador magn\u00e9tico \u00famido semi-contracorrente CTB pode obter concentrado de ferro de alta qualidade e uma boa taxa de recupera\u00e7\u00e3o.,<\/p>\n\n\n\n<p>O separador magn\u00e9tico \u00famido de tambor de baixa intensidade \u00e9 utilizado principalmente para o beneficiamento de min\u00e9rio de ferro, removendo as impurezas de ferro de materiais industriais por processamento \u00famido. Tamb\u00e9m \u00e9 usado na recupera\u00e7\u00e3o de meios densos em alguns processos de beneficiamento mineral ou em ind\u00fastrias de reciclagem de esc\u00f3ria.<\/p>\n\n\n\n<p>Os materiais do sistema magn\u00e9tico utilizam ferrita e NdFeB de alto desempenho, alta for\u00e7a coercitiva e alta reman\u00eancia; a superf\u00edcie do cilindro \u00e9 revestida com borracha resistente ao desgaste.<\/p>\n\n\n<div class=\"gb-container gb-container-9eeb6cec\">\n\n<a class=\"gb-button gb-button-d1324b3c gb-button-text\" href=\"#popmake-622\">Obtenha uma cota\u00e7\u00e3o gratuita agora<\/a>\n\n<\/div>\n<\/div>\n<\/div>\n\n<div class=\"gb-container gb-container-c520d46c\">\n<div class=\"gb-container gb-container-52852135\">\n\n<h2 class=\"gb-headline gb-headline-a340539a gb-headline-text\">Caracter\u00edsticas do Separador Magn\u00e9tico \u00damido<\/h2>\n\n\n\n<figure class=\"gb-block-image gb-block-image-ee0ac68a\"><img decoding=\"async\" width=\"800\" height=\"600\" class=\"gb-image gb-image-ee0ac68a\" src=\"https:\/\/hengxingmachinery.com\/wp-content\/uploads\/2025\/03\/wet-magnetic-separators.jpg\" alt=\"\" title=\"separadores magn\u00e9ticos \u00famidos\" srcset=\"https:\/\/hengxingmachinery.com\/wp-content\/uploads\/2025\/03\/wet-magnetic-separators.jpg 800w, https:\/\/hengxingmachinery.com\/wp-content\/uploads\/2025\/03\/wet-magnetic-separators-300x225.jpg 300w, https:\/\/hengxingmachinery.com\/wp-content\/uploads\/2025\/03\/wet-magnetic-separators-768x576.jpg 768w, https:\/\/hengxingmachinery.com\/wp-content\/uploads\/2025\/03\/wet-magnetic-separators-16x12.jpg 16w\" sizes=\"(max-width: 800px) 100vw, 800px\" \/><\/figure>\n\n\n\n<p>1. Uso de sistemas magn\u00e9ticos compostos de terras raras, tecnologia avan\u00e7ada e estrutura racional. Atrav\u00e9s de um design especial, a distribui\u00e7\u00e3o da intensidade do campo magn\u00e9tico na \u00e1rea de sele\u00e7\u00e3o e na \u00e1rea de varredura \u00e9 mais adequada, e o efeito de separa\u00e7\u00e3o \u00e9 mais evidente.<\/p>\n\n\n\n<p>2. Tanque com design especial, n\u00e3o entope facilmente, nem acumula material.<\/p>\n\n\n\n<p>3. As duas extremidades utilizam flange de alum\u00ednio resistente ao desgaste, superf\u00edcie do tambor revestida com material resistente ao desgaste, desempenho resistente ao desgaste e longa vida \u00fatil.<\/p>\n\n\n\n<p>4. Redutor cicloidal, pequeno volume, peso leve, baixo consumo de energia.<\/p>\n\n\n\n<p>5. Estrutura simples, grande capacidade de processamento, opera\u00e7\u00e3o simples, f\u00e1cil manuten\u00e7\u00e3o.<\/p>\n\n\n<div class=\"gb-container gb-container-abba0697\">\n\n<a class=\"gb-button gb-button-24c0d08a gb-button-text\" href=\"#popmake-622\">Obtenha uma cota\u00e7\u00e3o gratuita agora<\/a>\n\n<\/div>\n<\/div>\n<\/div>\n\n<div class=\"gb-container gb-container-ebd718b6\">\n<div class=\"gb-container gb-container-5c75b960\">\n\n<h2 class=\"gb-headline gb-headline-98859344 gb-headline-text\">Princ\u00edpio de Funcionamento do Separador Magn\u00e9tico \u00damido<\/h2>\n\n\n\n<figure class=\"gb-block-image gb-block-image-c486b36e\"><img decoding=\"async\" width=\"500\" height=\"500\" class=\"gb-image gb-image-c486b36e\" src=\"https:\/\/hengxingmachinery.com\/wp-content\/uploads\/2025\/03\/wet-magnetic-separator-working-1.jpg\" alt=\"\" title=\"funcionamento do separador magn\u00e9tico \u00famido\" srcset=\"https:\/\/hengxingmachinery.com\/wp-content\/uploads\/2025\/03\/wet-magnetic-separator-working-1.jpg 500w, https:\/\/hengxingmachinery.com\/wp-content\/uploads\/2025\/03\/wet-magnetic-separator-working-1-300x300.jpg 300w, https:\/\/hengxingmachinery.com\/wp-content\/uploads\/2025\/03\/wet-magnetic-separator-working-1-150x150.jpg 150w, https:\/\/hengxingmachinery.com\/wp-content\/uploads\/2025\/03\/wet-magnetic-separator-working-1-12x12.jpg 12w\" sizes=\"(max-width: 500px) 100vw, 500px\" \/><\/figure>\n\n\n\n<p><\/p>\n\n\n\n<p>Quando a polpa entra na \u00e1rea do campo magn\u00e9tico, os minerais fortemente magn\u00e9ticos s\u00e3o adsorvidos na superf\u00edcie do cilindro, enquanto os minerais fracamente magn\u00e9ticos e n\u00e3o magn\u00e9ticos s\u00e3o lavados e descarregados pelo fluxo. Os minerais magn\u00e9ticos adsorvidos na superf\u00edcie do cilindro giram com o cilindro, s\u00e3o levados para fora da \u00e1rea do campo magn\u00e9tico, lavados para o canal de concentrado com \u00e1gua de lavagem, e a opera\u00e7\u00e3o de separa\u00e7\u00e3o \u00e9 conclu\u00edda.<\/p>\n\n\n<div class=\"gb-container gb-container-d6bbf16a\">\n\n<a class=\"gb-button gb-button-caa3f2bc gb-button-text\" href=\"#popmake-622\">Obtenha uma cota\u00e7\u00e3o gratuita agora<\/a>\n\n<\/div>\n<\/div>\n<\/div>\n\n<div class=\"gb-container gb-container-435ad261\">\n<div class=\"gb-container gb-container-7dc79cc4\">\n\n<h2 class=\"gb-headline gb-headline-6fe5dee2 gb-headline-text\">Especifica\u00e7\u00f5es do Separador Magn\u00e9tico \u00damido<\/h2>\n\n\n\n<figure class=\"wp-block-table is-style-stripes\"><table class=\"has-fixed-layout\"><tbody><tr><td><strong>Modelo<\/strong><\/td><td><strong>Di\u00e2metro do Tubo * Comprimento do Cilindro\u00a0<\/strong><br><strong>(mil\u00edmetros)<\/strong><\/td><td><strong>M\u00e9dia de Varredura\/Sele\u00e7\u00e3o<\/strong><\/td><td><strong>Intensidade M\u00e1xima de Indu\u00e7\u00e3o Magn\u00e9tica<\/strong><\/td><td><strong>Quantidade de Min\u00e9rio Seco<\/strong><br><strong>(T\/h)<\/strong><\/td><td><strong>Quantidade de Polpa<\/strong><br>(<strong>(M\u00b3\/h)<\/strong><\/td><td><strong>Poder<\/strong><br><strong>(kW)<\/strong><\/td><td><strong>Velocidade do Cilindro (r\/min)<\/strong><\/td><td><strong>Peso Total da M\u00e1quina<\/strong><br><strong>(t\/kg)<\/strong><\/td><\/tr><tr><td>CTB-44<\/td><td>400*400<\/td><td>1000-4500<\/td><td>2000-7000<\/td><td>1-2<\/td><td>3<\/td><td>1.1<\/td><td>45<\/td><td>350<\/td><\/tr><tr><td>CTB-46<\/td><td>400*600<\/td><td>1000-4500<\/td><td>2000-7000<\/td><td>1-3<\/td><td>5<\/td><td>1.1<\/td><td>45<\/td><td>600<\/td><\/tr><tr><td>CTB-66<\/td><td>600*600<\/td><td>1000-4500<\/td><td>2000-7000<\/td><td>5-10<\/td><td>16<\/td><td>1.1<\/td><td>40<\/td><td>705<\/td><\/tr><tr><td>CTB-69<\/td><td>600*900<\/td><td>1000-4500<\/td><td>2000-7000<\/td><td>8-15<\/td><td>24<\/td><td>1.1<\/td><td>40<\/td><td>830<\/td><\/tr><tr><td>CTB-612<\/td><td>600*1200<\/td><td>1000-4500<\/td><td>2000-7000<\/td><td>10-20<\/td><td>1<\/td><td>2.2<\/td><td>40<\/td><td>960<\/td><\/tr><tr><td>CTB-618<\/td><td>600*1800<\/td><td>1000-4500<\/td><td>2000-7000<\/td><td>15-30<\/td><td>48<\/td><td>2.2<\/td><td>40<\/td><td>1340<\/td><\/tr><tr><td>CTB-712<\/td><td>750*1200<\/td><td>1000-4500<\/td><td>2000-7000<\/td><td>15-30<\/td><td>48<\/td><td>3<\/td><td>35<\/td><td>1500<\/td><\/tr><tr><td>CTB-718<\/td><td>750*1800<\/td><td>1000-4500<\/td><td>2000-7000<\/td><td>20-45<\/td><td>72<\/td><td>3<\/td><td>35<\/td><td>2100<\/td><\/tr><tr><td>CTB-918<\/td><td>900*1800<\/td><td>1000-4500<\/td><td>2000-7000<\/td><td>25-55<\/td><td>90<\/td><td>4<\/td><td>28<\/td><td>2900<\/td><\/tr><tr><td>CTB-924<\/td><td>900*2400<\/td><td>1000-4500<\/td><td>2000-7000<\/td><td>35-70<\/td><td>110<\/td><td>4<\/td><td>28<\/td><td>3500<\/td><\/tr><tr><td>CTB-1018<\/td><td>1050*1800<\/td><td>1000-4500<\/td><td>2000-7000<\/td><td>40-75<\/td><td>120<\/td><td>5.5<\/td><td>22<\/td><td>4000<\/td><\/tr><tr><td>CTB-1021<\/td><td>1050*2100<\/td><td>1000-4500<\/td><td>2000-7000<\/td><td>45-88<\/td><td>140<\/td><td>5.5<\/td><td>22<\/td><td>4500<\/td><\/tr><tr><td>CTB-1024<\/td><td>1050*2400<\/td><td>1000-4500<\/td><td>2000-7000<\/td><td>52-100<\/td><td>160<\/td><td>5.5<\/td><td>22<\/td><td>5000<\/td><\/tr><tr><td>CTB-1030<\/td><td>1050*3000<\/td><td>1000-4500<\/td><td>2000-7000<\/td><td>65-125<\/td><td>200<\/td><td>7.5<\/td><td>22<\/td><td>6200<\/td><\/tr><tr><td>CTB-1218<\/td><td>1200*1800<\/td><td>1000-4500<\/td><td>2000-7000<\/td><td>47-90<\/td><td>140<\/td><td>5.5<\/td><td>19<\/td><td>5800<\/td><\/tr><tr><td>CTB-1224<\/td><td>1200*2400<\/td><td>1000-4500<\/td><td>2000-7000<\/td><td>82-120<\/td><td>192<\/td><td>7.5<\/td><td>19<\/td><td>6200<\/td><\/tr><tr><td>CTB-1230<\/td><td>1200*3000<\/td><td>1000-4500<\/td><td>2000-7000<\/td><td>80-150<\/td><td>240<\/td><td>7.5<\/td><td>19<\/td><td>7200<\/td><\/tr><tr><td>CTB-1530<\/td><td>1500*3000<\/td><td>1000-4500<\/td><td>2000-7000<\/td><td>90-170<\/td><td>270<\/td><td>11<\/td><td>14<\/td><td>8100<\/td><\/tr><tr><td>CTB-1540<\/td><td>1500*4000<\/td><td>1000-4500<\/td><td>2000-7000<\/td><td>115-220<\/td><td>350<\/td><td>11<\/td><td>14<\/td><td>9300<\/td><\/tr><\/tbody><\/table><\/figure>\n\n\n<div class=\"gb-container gb-container-263d9700\">\n\n<a class=\"gb-button gb-button-a4cbb7be gb-button-text\" href=\"#popmake-622\">Obtenha uma cota\u00e7\u00e3o gratuita agora<\/a>\n\n<\/div>\n<\/div>\n<\/div>","protected":false},"excerpt":{"rendered":"<p>Wet magnetic separator Wet magnetic separator application CTB wet semi-countercurrent magnetic separator is suitable for cleaning and cleaning strong magnetic materials with particle sizes below 0.5mm for wet separation of ores, especially for the selection of minerals with particle sizes of 0.15~0mm. Or remove the strong magnetic minerals mixed with non-magnetic minerals. CTB wet semi-countercurrent &#8230; <\/p>\n<p class=\"read-more-container\"><a title=\"4-1. Separador magn\u00e9tico \u00famido\" class=\"read-more button\" href=\"https:\/\/hengxingmachinery.com\/pt\/wet-magnetic-separators\/#more-2433\" aria-label=\"Leia mais sobre 4-1. Wet magnetic separator\">Ler mais<\/a><\/p>","protected":false},"author":1,"featured_media":0,"parent":0,"menu_order":0,"comment_status":"closed","ping_status":"closed","template":"","meta":{"footnotes":""},"class_list":["post-2433","page","type-page","status-publish"],"yoast_head":"<!-- This site is optimized with the Yoast SEO plugin v27.4 - https:\/\/yoast.com\/product\/yoast-seo-wordpress\/ -->\n<title>4-1. Wet magnetic separator - Hengxing Machinery<\/title>\n<meta name=\"robots\" content=\"index, follow, max-snippet:-1, max-image-preview:large, max-video-preview:-1\" \/>\n<link rel=\"canonical\" href=\"https:\/\/hengxingmachinery.com\/pt\/wet-magnetic-separators\/\" \/>\n<meta property=\"og:locale\" content=\"pt_PT\" \/>\n<meta property=\"og:type\" content=\"article\" \/>\n<meta property=\"og:title\" content=\"4-1. Wet magnetic separator - Hengxing Machinery\" \/>\n<meta property=\"og:description\" content=\"Wet magnetic separator Wet magnetic separator application CTB wet semi-countercurrent magnetic separator is suitable for cleaning and cleaning strong magnetic materials with particle sizes below 0.5mm for wet separation of ores, especially for the selection of minerals with particle sizes of 0.15~0mm. Or remove the strong magnetic minerals mixed with non-magnetic minerals. CTB wet semi-countercurrent ... Ler mais\" \/>\n<meta property=\"og:url\" content=\"https:\/\/hengxingmachinery.com\/pt\/wet-magnetic-separators\/\" \/>\n<meta property=\"og:site_name\" content=\"Hengxing Machinery\" \/>\n<meta property=\"article:modified_time\" content=\"2025-03-21T07:38:09+00:00\" \/>\n<meta property=\"og:image\" content=\"https:\/\/hengxingmachinery.com\/wp-content\/uploads\/2025\/03\/wet-magnetic-separator-machine.jpg\" \/>\n<meta name=\"twitter:card\" content=\"summary_large_image\" \/>\n<meta name=\"twitter:label1\" content=\"Tempo estimado de leitura\" \/>\n\t<meta name=\"twitter:data1\" content=\"4 minutos\" \/>\n<script type=\"application\/ld+json\" class=\"yoast-schema-graph\">{\"@context\":\"https:\\\/\\\/schema.org\",\"@graph\":[{\"@type\":\"WebPage\",\"@id\":\"https:\\\/\\\/hengxingmachinery.com\\\/wet-magnetic-separators\\\/\",\"url\":\"https:\\\/\\\/hengxingmachinery.com\\\/wet-magnetic-separators\\\/\",\"name\":\"4-1. Wet magnetic separator - Hengxing Machinery\",\"isPartOf\":{\"@id\":\"https:\\\/\\\/hengxingmachinery.com\\\/#website\"},\"primaryImageOfPage\":{\"@id\":\"https:\\\/\\\/hengxingmachinery.com\\\/wet-magnetic-separators\\\/#primaryimage\"},\"image\":{\"@id\":\"https:\\\/\\\/hengxingmachinery.com\\\/wet-magnetic-separators\\\/#primaryimage\"},\"thumbnailUrl\":\"https:\\\/\\\/hengxingmachinery.com\\\/wp-content\\\/uploads\\\/2025\\\/03\\\/wet-magnetic-separator-machine.jpg\",\"datePublished\":\"2025-03-21T07:30:32+00:00\",\"dateModified\":\"2025-03-21T07:38:09+00:00\",\"breadcrumb\":{\"@id\":\"https:\\\/\\\/hengxingmachinery.com\\\/wet-magnetic-separators\\\/#breadcrumb\"},\"inLanguage\":\"pt-PT\",\"potentialAction\":[{\"@type\":\"ReadAction\",\"target\":[\"https:\\\/\\\/hengxingmachinery.com\\\/wet-magnetic-separators\\\/\"]}]},{\"@type\":\"ImageObject\",\"inLanguage\":\"pt-PT\",\"@id\":\"https:\\\/\\\/hengxingmachinery.com\\\/wet-magnetic-separators\\\/#primaryimage\",\"url\":\"https:\\\/\\\/hengxingmachinery.com\\\/wp-content\\\/uploads\\\/2025\\\/03\\\/wet-magnetic-separator-machine.jpg\",\"contentUrl\":\"https:\\\/\\\/hengxingmachinery.com\\\/wp-content\\\/uploads\\\/2025\\\/03\\\/wet-magnetic-separator-machine.jpg\"},{\"@type\":\"BreadcrumbList\",\"@id\":\"https:\\\/\\\/hengxingmachinery.com\\\/wet-magnetic-separators\\\/#breadcrumb\",\"itemListElement\":[{\"@type\":\"ListItem\",\"position\":1,\"name\":\"Home\",\"item\":\"https:\\\/\\\/hengxingmachinery.com\\\/\"},{\"@type\":\"ListItem\",\"position\":2,\"name\":\"4-1. Wet magnetic separator\"}]},{\"@type\":\"WebSite\",\"@id\":\"https:\\\/\\\/hengxingmachinery.com\\\/#website\",\"url\":\"https:\\\/\\\/hengxingmachinery.com\\\/\",\"name\":\"Hengxing Machinery\",\"description\":\"Leading Manufacturer of All Sorts of Mining Machinery\",\"publisher\":{\"@id\":\"https:\\\/\\\/hengxingmachinery.com\\\/#organization\"},\"potentialAction\":[{\"@type\":\"SearchAction\",\"target\":{\"@type\":\"EntryPoint\",\"urlTemplate\":\"https:\\\/\\\/hengxingmachinery.com\\\/?s={search_term_string}\"},\"query-input\":{\"@type\":\"PropertyValueSpecification\",\"valueRequired\":true,\"valueName\":\"search_term_string\"}}],\"inLanguage\":\"pt-PT\"},{\"@type\":\"Organization\",\"@id\":\"https:\\\/\\\/hengxingmachinery.com\\\/#organization\",\"name\":\"Hengxing Machinery\",\"url\":\"https:\\\/\\\/hengxingmachinery.com\\\/\",\"logo\":{\"@type\":\"ImageObject\",\"inLanguage\":\"pt-PT\",\"@id\":\"https:\\\/\\\/hengxingmachinery.com\\\/#\\\/schema\\\/logo\\\/image\\\/\",\"url\":\"https:\\\/\\\/hengxingmachinery.com\\\/wp-content\\\/uploads\\\/2024\\\/12\\\/logo.png\",\"contentUrl\":\"https:\\\/\\\/hengxingmachinery.com\\\/wp-content\\\/uploads\\\/2024\\\/12\\\/logo.png\",\"width\":400,\"height\":260,\"caption\":\"Hengxing Machinery\"},\"image\":{\"@id\":\"https:\\\/\\\/hengxingmachinery.com\\\/#\\\/schema\\\/logo\\\/image\\\/\"}}]}<\/script>\n<!-- \/ Yoast SEO plugin. -->","yoast_head_json":{"title":"4-1. Separador magn\u00e9tico \u00famido - Hengxing Machinery","robots":{"index":"index","follow":"follow","max-snippet":"max-snippet:-1","max-image-preview":"max-image-preview:large","max-video-preview":"max-video-preview:-1"},"canonical":"https:\/\/hengxingmachinery.com\/pt\/wet-magnetic-separators\/","og_locale":"pt_PT","og_type":"article","og_title":"4-1. Wet magnetic separator - Hengxing Machinery","og_description":"Wet magnetic separator Wet magnetic separator application CTB wet semi-countercurrent magnetic separator is suitable for cleaning and cleaning strong magnetic materials with particle sizes below 0.5mm for wet separation of ores, especially for the selection of minerals with particle sizes of 0.15~0mm. Or remove the strong magnetic minerals mixed with non-magnetic minerals. CTB wet semi-countercurrent ... Ler mais","og_url":"https:\/\/hengxingmachinery.com\/pt\/wet-magnetic-separators\/","og_site_name":"Hengxing Machinery","article_modified_time":"2025-03-21T07:38:09+00:00","og_image":[{"url":"https:\/\/hengxingmachinery.com\/wp-content\/uploads\/2025\/03\/wet-magnetic-separator-machine.jpg","type":"","width":"","height":""}],"twitter_card":"summary_large_image","twitter_misc":{"Tempo estimado de leitura":"4 minutos"},"schema":{"@context":"https:\/\/schema.org","@graph":[{"@type":"WebPage","@id":"https:\/\/hengxingmachinery.com\/wet-magnetic-separators\/","url":"https:\/\/hengxingmachinery.com\/wet-magnetic-separators\/","name":"4-1. Separador magn\u00e9tico \u00famido - Hengxing Machinery","isPartOf":{"@id":"https:\/\/hengxingmachinery.com\/#website"},"primaryImageOfPage":{"@id":"https:\/\/hengxingmachinery.com\/wet-magnetic-separators\/#primaryimage"},"image":{"@id":"https:\/\/hengxingmachinery.com\/wet-magnetic-separators\/#primaryimage"},"thumbnailUrl":"https:\/\/hengxingmachinery.com\/wp-content\/uploads\/2025\/03\/wet-magnetic-separator-machine.jpg","datePublished":"2025-03-21T07:30:32+00:00","dateModified":"2025-03-21T07:38:09+00:00","breadcrumb":{"@id":"https:\/\/hengxingmachinery.com\/wet-magnetic-separators\/#breadcrumb"},"inLanguage":"pt-PT","potentialAction":[{"@type":"ReadAction","target":["https:\/\/hengxingmachinery.com\/wet-magnetic-separators\/"]}]},{"@type":"ImageObject","inLanguage":"pt-PT","@id":"https:\/\/hengxingmachinery.com\/wet-magnetic-separators\/#primaryimage","url":"https:\/\/hengxingmachinery.com\/wp-content\/uploads\/2025\/03\/wet-magnetic-separator-machine.jpg","contentUrl":"https:\/\/hengxingmachinery.com\/wp-content\/uploads\/2025\/03\/wet-magnetic-separator-machine.jpg"},{"@type":"BreadcrumbList","@id":"https:\/\/hengxingmachinery.com\/wet-magnetic-separators\/#breadcrumb","itemListElement":[{"@type":"ListItem","position":1,"name":"Home","item":"https:\/\/hengxingmachinery.com\/"},{"@type":"ListItem","position":2,"name":"4-1. Wet magnetic separator"}]},{"@type":"WebSite","@id":"https:\/\/hengxingmachinery.com\/#website","url":"https:\/\/hengxingmachinery.com\/","name":"M\u00e1quinas Hengxing","description":"Fabricante l\u00edder de todos os tipos de m\u00e1quinas de minera\u00e7\u00e3o","publisher":{"@id":"https:\/\/hengxingmachinery.com\/#organization"},"potentialAction":[{"@type":"SearchAction","target":{"@type":"EntryPoint","urlTemplate":"https:\/\/hengxingmachinery.com\/?s={search_term_string}"},"query-input":{"@type":"PropertyValueSpecification","valueRequired":true,"valueName":"search_term_string"}}],"inLanguage":"pt-PT"},{"@type":"Organization","@id":"https:\/\/hengxingmachinery.com\/#organization","name":"M\u00e1quinas Hengxing","url":"https:\/\/hengxingmachinery.com\/","logo":{"@type":"ImageObject","inLanguage":"pt-PT","@id":"https:\/\/hengxingmachinery.com\/#\/schema\/logo\/image\/","url":"https:\/\/hengxingmachinery.com\/wp-content\/uploads\/2024\/12\/logo.png","contentUrl":"https:\/\/hengxingmachinery.com\/wp-content\/uploads\/2024\/12\/logo.png","width":400,"height":260,"caption":"Hengxing Machinery"},"image":{"@id":"https:\/\/hengxingmachinery.com\/#\/schema\/logo\/image\/"}}]}},"_links":{"self":[{"href":"https:\/\/hengxingmachinery.com\/pt\/wp-json\/wp\/v2\/pages\/2433","targetHints":{"allow":["GET"]}}],"collection":[{"href":"https:\/\/hengxingmachinery.com\/pt\/wp-json\/wp\/v2\/pages"}],"about":[{"href":"https:\/\/hengxingmachinery.com\/pt\/wp-json\/wp\/v2\/types\/page"}],"author":[{"embeddable":true,"href":"https:\/\/hengxingmachinery.com\/pt\/wp-json\/wp\/v2\/users\/1"}],"replies":[{"embeddable":true,"href":"https:\/\/hengxingmachinery.com\/pt\/wp-json\/wp\/v2\/comments?post=2433"}],"version-history":[{"count":3,"href":"https:\/\/hengxingmachinery.com\/pt\/wp-json\/wp\/v2\/pages\/2433\/revisions"}],"predecessor-version":[{"id":2519,"href":"https:\/\/hengxingmachinery.com\/pt\/wp-json\/wp\/v2\/pages\/2433\/revisions\/2519"}],"wp:attachment":[{"href":"https:\/\/hengxingmachinery.com\/pt\/wp-json\/wp\/v2\/media?parent=2433"}],"curies":[{"name":"wp","href":"https:\/\/api.w.org\/{rel}","templated":true}]}}