{"id":2438,"date":"2025-03-21T09:18:38","date_gmt":"2025-03-21T09:18:38","guid":{"rendered":"https:\/\/hengxingmachinery.com\/?page_id=2438"},"modified":"2025-03-21T09:19:10","modified_gmt":"2025-03-21T09:19:10","slug":"high-efficient-impact-fine-crusher","status":"publish","type":"page","link":"https:\/\/hengxingmachinery.com\/pt\/high-efficient-impact-fine-crusher\/","title":{"rendered":"1-1. Britador de impacto fino de alta efici\u00eancia"},"content":{"rendered":"<div class=\"gb-container gb-container-45165f5a\">\n<div class=\"gb-container gb-container-c2652eb4\">\n\n<h1 class=\"gb-headline gb-headline-62a8b2cc gb-headline-text\">Britador fino de impacto de alta efici\u00eancia<\/h1>\n\n<\/div>\n<\/div>\n\n<div class=\"gb-container gb-container-519cf624\">\n<div class=\"gb-container gb-container-71ca071e\">\n<div class=\"gb-grid-wrapper gb-grid-wrapper-8a5f0688\">\n<div class=\"gb-grid-column gb-grid-column-1e99b1c2\"><div class=\"gb-container gb-container-1e99b1c2\">\n\n<figure class=\"gb-block-image gb-block-image-e4eaba54\"><img decoding=\"async\" width=\"665\" height=\"545\" class=\"gb-image gb-image-e4eaba54\" src=\"https:\/\/hengxingmachinery.com\/wp-content\/uploads\/2025\/03\/impact-fine-crusher-sale.jpg\" alt=\"\" title=\"venda-de-britador-de-impacto-fino\" srcset=\"https:\/\/hengxingmachinery.com\/wp-content\/uploads\/2025\/03\/impact-fine-crusher-sale.jpg 665w, https:\/\/hengxingmachinery.com\/wp-content\/uploads\/2025\/03\/impact-fine-crusher-sale-300x246.jpg 300w, https:\/\/hengxingmachinery.com\/wp-content\/uploads\/2025\/03\/impact-fine-crusher-sale-15x12.jpg 15w\" sizes=\"(max-width: 665px) 100vw, 665px\" \/><\/figure>\n\n<\/div><\/div>\n\n<div class=\"gb-grid-column gb-grid-column-bcae065b\"><div class=\"gb-container gb-container-bcae065b\">\n\n<p><strong><mark style=\"background-color:rgba(0, 0, 0, 0)\" class=\"has-inline-color has-global-color-8-color\">Tamanho de alimenta\u00e7\u00e3o do britador fino: <\/mark><\/strong>&lt;190mm<\/p>\n\n\n\n<p><strong><mark style=\"background-color:rgba(0, 0, 0, 0)\" class=\"has-inline-color has-global-color-8-color\">Materiais aplic\u00e1veis: <\/mark><\/strong>Granito, basalto, calc\u00e1rio, seixo de rio, cl\u00ednquer de cimento, quartzo, min\u00e9rio de ferro, bauxita e outros minerais.<\/p>\n\n\n<div class=\"gb-container gb-container-256e15f1\">\n\n<a class=\"gb-button gb-button-e8b73d89 gb-button-text\" href=\"#popmake-622\">Obtenha uma cota\u00e7\u00e3o gratuita agora<\/a>\n\n<\/div>\n<\/div><\/div>\n<\/div>\n<\/div>\n<\/div>\n\n<div class=\"gb-container gb-container-3a930c38\">\n<div class=\"gb-container gb-container-8a36e90a\">\n\n<h2 class=\"gb-headline gb-headline-a5d3273c gb-headline-text\">Caracter\u00edsticas do britador de impacto fino de alta efici\u00eancia<\/h2>\n\n\n\n<figure class=\"gb-block-image gb-block-image-1c359176\"><img decoding=\"async\" width=\"800\" height=\"500\" class=\"gb-image gb-image-1c359176\" src=\"https:\/\/hengxingmachinery.com\/wp-content\/uploads\/2025\/03\/impact-fine-crusher-working.jpg\" alt=\"\" title=\"funcionamento-do-britador-de-impacto-fino\" srcset=\"https:\/\/hengxingmachinery.com\/wp-content\/uploads\/2025\/03\/impact-fine-crusher-working.jpg 800w, https:\/\/hengxingmachinery.com\/wp-content\/uploads\/2025\/03\/impact-fine-crusher-working-300x188.jpg 300w, https:\/\/hengxingmachinery.com\/wp-content\/uploads\/2025\/03\/impact-fine-crusher-working-768x480.jpg 768w, https:\/\/hengxingmachinery.com\/wp-content\/uploads\/2025\/03\/impact-fine-crusher-working-18x12.jpg 18w\" sizes=\"(max-width: 800px) 100vw, 800px\" \/><\/figure>\n\n\n\n<p>1. Tamanho de alimenta\u00e7\u00e3o: 120mm-200mm<\/p>\n\n\n\n<p>2. Mais de 85% de produ\u00e7\u00e3o abaixo de 5mm<\/p>\n\n\n\n<p>Tamanho de part\u00edcula uniforme e reduzido, maior produ\u00e7\u00e3o, martelo de placa mais dur\u00e1vel<\/p>\n\n\n\n<p>4. Pot\u00eancia do motor reduzida, n\u00e3o requer tritura\u00e7\u00e3o terci\u00e1ria<\/p>\n\n\n\n<p>5. Estrutura simples, manuten\u00e7\u00e3o f\u00e1cil e funcionamento est\u00e1vel<\/p>\n\n\n<div class=\"gb-container gb-container-96208927\">\n\n<a class=\"gb-button gb-button-429870c5 gb-button-text\" href=\"#popmake-622\">Obtenha uma cota\u00e7\u00e3o gratuita agora<\/a>\n\n<\/div>\n<\/div>\n<\/div>\n\n<div class=\"gb-container gb-container-78db683c\">\n<div class=\"gb-container gb-container-f06c7281\">\n\n<h2 class=\"gb-headline gb-headline-1c16f71a gb-headline-text\">Princ\u00edpio de funcionamento do britador de impacto fino de alta efici\u00eancia<\/h2>\n\n\n\n<figure class=\"gb-block-image gb-block-image-63e36c19\"><img decoding=\"async\" width=\"800\" height=\"500\" class=\"gb-image gb-image-63e36c19\" src=\"https:\/\/hengxingmachinery.com\/wp-content\/uploads\/2025\/03\/fine-crusher-features.jpg\" alt=\"\" title=\"caracter\u00edsticas-do-britador-fino\" srcset=\"https:\/\/hengxingmachinery.com\/wp-content\/uploads\/2025\/03\/fine-crusher-features.jpg 800w, https:\/\/hengxingmachinery.com\/wp-content\/uploads\/2025\/03\/fine-crusher-features-300x188.jpg 300w, https:\/\/hengxingmachinery.com\/wp-content\/uploads\/2025\/03\/fine-crusher-features-768x480.jpg 768w, https:\/\/hengxingmachinery.com\/wp-content\/uploads\/2025\/03\/fine-crusher-features-18x12.jpg 18w\" sizes=\"(max-width: 800px) 100vw, 800px\" \/><\/figure>\n\n\n\n<p>Durante a opera\u00e7\u00e3o do britador fino, os materiais s\u00e3o triturados primariamente na primeira c\u00e2mara de britagem pelo rotor em alta velocidade contra o martelo, em seguida entram na c\u00e2mara secund\u00e1ria para britagem fina e, finalmente, os materiais processados s\u00e3o descarregados.<\/p>\n\n\n<div class=\"gb-container gb-container-31c4f7e2\">\n\n<a class=\"gb-button gb-button-df5c4410 gb-button-text\" href=\"#popmake-622\">Obtenha uma cota\u00e7\u00e3o gratuita agora<\/a>\n\n<\/div>\n<\/div>\n<\/div>\n\n<div class=\"gb-container gb-container-435ad261\">\n<div class=\"gb-container gb-container-7dc79cc4\">\n\n<h2 class=\"gb-headline gb-headline-6fe5dee2 gb-headline-text\">Especifica\u00e7\u00f5es do britador de impacto fino de alta efici\u00eancia<\/h2>\n\n\n\n<figure class=\"wp-block-table\"><table class=\"has-fixed-layout\"><tbody><tr><td>PXJ britador fino<\/td><td colspan=\"8\">Di\u00e2metro do rotor \u00f8 \u00d7 largura (mm)<\/td><\/tr><tr><td>Modelo<\/td><td>800\u00d7400<\/td><td>800\u00d7600<\/td><td>800\u00d7800<\/td><td>1010\u00d71010<\/td><td>1200<br>\u00d71200<\/td><td>1400<br>\u00d71400<\/td><td>1600<br>\u00d71600<\/td><td>1800<br>\u00d71800<\/td><\/tr><tr><td>&nbsp;<\/td><td>400\u00d7185<\/td><td>500\u00d7250<\/td><td>550\u00d7300<\/td><td>1000\u00d7350<\/td><td>1200<br>\u00d7450<\/td><td>1500<br>\u00d7500<\/td><td>1600<br>\u00d7550<\/td><td>1800<br>\u00d7800<\/td><\/tr><tr><td>Tamanho de alimenta\u00e7\u00e3o (mm)<\/td><td>\uff1c120<\/td><td>\uff1c180<\/td><td>\uff1c180<\/td><td>\uff1c180<\/td><td>\uff1c180<\/td><td>\uff1c190<\/td><td>\uff1c190<\/td><td>\uff1c190<\/td><\/tr><tr><td>Tamanho de sa\u00edda (mm)<\/td><td>0-10<\/td><td>0-10<\/td><td>0-10<\/td><td>0-10<\/td><td>0-10<\/td><td>0-10<\/td><td>0-10<\/td><td>0-10<\/td><\/tr><tr><td>Tamanho ajust\u00e1vel da grade de sa\u00edda (mm)<\/td><td>5-50<\/td><td>5-50<\/td><td>5-50<\/td><td>5-50<\/td><td>5-50<\/td><td>5-50<\/td><td>5-50<\/td><td>5-50<\/td><\/tr><tr><td>Cl\u00ednquer de cimento (t\/h)<\/td><td>10-30<\/td><td>10-40<\/td><td>20-45<\/td><td>25-55<\/td><td>35-90<\/td><td>50-150<\/td><td>85-210<\/td><td>125-270<\/td><\/tr><tr><td>Calc\u00e1rio (t\/h)<\/td><td>18-45<\/td><td>23-55<\/td><td>28-65<\/td><td>35-75<\/td><td>45-110<\/td><td>50-150<\/td><td>95-260<\/td><td>140-310<\/td><\/tr><tr><td>Pot\u00eancia (kw)<\/td><td>4P 37 KW<\/td><td>4P 45 KW<\/td><td>4P 45 KW<\/td><td>4P 55 KW<\/td><td>6P 110 KW<\/td><td>6P 160 KW<\/td><td>4P 250 KW<\/td><td>4P 315 KW<\/td><\/tr><tr><td>Peso<\/td><td>3.9<\/td><td>4.5<\/td><td>6<\/td><td>10.5<\/td><td>14.4<\/td><td>22<\/td><td>35<\/td><td>49.7<\/td><\/tr><\/tbody><\/table><\/figure>\n\n\n<div class=\"gb-container gb-container-263d9700\">\n\n<a class=\"gb-button gb-button-a4cbb7be gb-button-text\" href=\"#popmake-622\">Obtenha uma cota\u00e7\u00e3o gratuita agora<\/a>\n\n<\/div>\n<\/div>\n<\/div>","protected":false},"excerpt":{"rendered":"<p>Britador de impacto fino de alta efici\u00eancia Caracter\u00edsticas do britador de impacto fino de alta efici\u00eancia 1. Tamanho de alimenta\u00e7\u00e3o: 120mm-200mm 2. Mais de 85% de produ\u00e7\u00e3o abaixo de 5mm 3. Tamanho de part\u00edcula uniforme, maior produ\u00e7\u00e3o, martelo de placa mais dur\u00e1vel 4. Pot\u00eancia do motor mais baixa, n\u00e3o necessita de terceira britagem 5. Estrutura simples, manuten\u00e7\u00e3o f\u00e1cil e funcionamento est\u00e1vel Funcionamento do britador de impacto fino de alta efici\u00eancia\u2026 <\/p>\n<p class=\"read-more-container\"><a title=\"1-1. Britador de impacto fino de alta efici\u00eancia\" class=\"read-more button\" href=\"https:\/\/hengxingmachinery.com\/pt\/high-efficient-impact-fine-crusher\/#more-2438\" aria-label=\"Leia mais sobre 1-1. Britador de impacto fino de alta efici\u00eancia\">Ler mais<\/a><\/p>","protected":false},"author":1,"featured_media":0,"parent":0,"menu_order":0,"comment_status":"closed","ping_status":"closed","template":"","meta":{"footnotes":""},"class_list":["post-2438","page","type-page","status-publish"],"yoast_head":"<!-- This site is optimized with the Yoast SEO plugin v27.3 - https:\/\/yoast.com\/product\/yoast-seo-wordpress\/ -->\n<title>1-1. High efficient impact fine crusher - Hengxing Machinery<\/title>\n<meta name=\"robots\" content=\"index, follow, max-snippet:-1, max-image-preview:large, max-video-preview:-1\" \/>\n<link rel=\"canonical\" href=\"https:\/\/hengxingmachinery.com\/pt\/high-efficient-impact-fine-crusher\/\" \/>\n<meta property=\"og:locale\" content=\"pt_PT\" \/>\n<meta property=\"og:type\" content=\"article\" \/>\n<meta property=\"og:title\" content=\"1-1. High efficient impact fine crusher - Hengxing Machinery\" \/>\n<meta property=\"og:description\" content=\"High efficient impact fine crusher High efficient impact fine crusher features 1. Feeding size: 120mm-200mm 2. More than 85% of output below 5mm Even particle size small, higher output, more durable plate hammer 4. lower motor power, don\u2019t need thirdly crushing 5. Simple structure, easy maintenance and stable running High efficient impact fine crusher working ... Ler mais\" \/>\n<meta property=\"og:url\" content=\"https:\/\/hengxingmachinery.com\/pt\/high-efficient-impact-fine-crusher\/\" \/>\n<meta property=\"og:site_name\" content=\"Hengxing Machinery\" \/>\n<meta property=\"article:modified_time\" content=\"2025-03-21T09:19:10+00:00\" \/>\n<meta property=\"og:image\" content=\"https:\/\/hengxingmachinery.com\/wp-content\/uploads\/2025\/03\/impact-fine-crusher-sale.jpg\" \/>\n<meta name=\"twitter:card\" content=\"summary_large_image\" \/>\n<meta name=\"twitter:label1\" content=\"Tempo estimado de leitura\" \/>\n\t<meta name=\"twitter:data1\" content=\"2 minutos\" \/>\n<script type=\"application\/ld+json\" class=\"yoast-schema-graph\">{\"@context\":\"https:\\\/\\\/schema.org\",\"@graph\":[{\"@type\":\"WebPage\",\"@id\":\"https:\\\/\\\/hengxingmachinery.com\\\/high-efficient-impact-fine-crusher\\\/\",\"url\":\"https:\\\/\\\/hengxingmachinery.com\\\/high-efficient-impact-fine-crusher\\\/\",\"name\":\"1-1. High efficient impact fine crusher - Hengxing Machinery\",\"isPartOf\":{\"@id\":\"https:\\\/\\\/hengxingmachinery.com\\\/#website\"},\"primaryImageOfPage\":{\"@id\":\"https:\\\/\\\/hengxingmachinery.com\\\/high-efficient-impact-fine-crusher\\\/#primaryimage\"},\"image\":{\"@id\":\"https:\\\/\\\/hengxingmachinery.com\\\/high-efficient-impact-fine-crusher\\\/#primaryimage\"},\"thumbnailUrl\":\"https:\\\/\\\/hengxingmachinery.com\\\/wp-content\\\/uploads\\\/2025\\\/03\\\/impact-fine-crusher-sale.jpg\",\"datePublished\":\"2025-03-21T09:18:38+00:00\",\"dateModified\":\"2025-03-21T09:19:10+00:00\",\"breadcrumb\":{\"@id\":\"https:\\\/\\\/hengxingmachinery.com\\\/high-efficient-impact-fine-crusher\\\/#breadcrumb\"},\"inLanguage\":\"pt-PT\",\"potentialAction\":[{\"@type\":\"ReadAction\",\"target\":[\"https:\\\/\\\/hengxingmachinery.com\\\/high-efficient-impact-fine-crusher\\\/\"]}]},{\"@type\":\"ImageObject\",\"inLanguage\":\"pt-PT\",\"@id\":\"https:\\\/\\\/hengxingmachinery.com\\\/high-efficient-impact-fine-crusher\\\/#primaryimage\",\"url\":\"https:\\\/\\\/hengxingmachinery.com\\\/wp-content\\\/uploads\\\/2025\\\/03\\\/impact-fine-crusher-sale.jpg\",\"contentUrl\":\"https:\\\/\\\/hengxingmachinery.com\\\/wp-content\\\/uploads\\\/2025\\\/03\\\/impact-fine-crusher-sale.jpg\"},{\"@type\":\"BreadcrumbList\",\"@id\":\"https:\\\/\\\/hengxingmachinery.com\\\/high-efficient-impact-fine-crusher\\\/#breadcrumb\",\"itemListElement\":[{\"@type\":\"ListItem\",\"position\":1,\"name\":\"Home\",\"item\":\"https:\\\/\\\/hengxingmachinery.com\\\/\"},{\"@type\":\"ListItem\",\"position\":2,\"name\":\"1-1. High efficient impact fine crusher\"}]},{\"@type\":\"WebSite\",\"@id\":\"https:\\\/\\\/hengxingmachinery.com\\\/#website\",\"url\":\"https:\\\/\\\/hengxingmachinery.com\\\/\",\"name\":\"Hengxing Machinery\",\"description\":\"Leading Manufacturer of All Sorts of Mining Machinery\",\"publisher\":{\"@id\":\"https:\\\/\\\/hengxingmachinery.com\\\/#organization\"},\"potentialAction\":[{\"@type\":\"SearchAction\",\"target\":{\"@type\":\"EntryPoint\",\"urlTemplate\":\"https:\\\/\\\/hengxingmachinery.com\\\/?s={search_term_string}\"},\"query-input\":{\"@type\":\"PropertyValueSpecification\",\"valueRequired\":true,\"valueName\":\"search_term_string\"}}],\"inLanguage\":\"pt-PT\"},{\"@type\":\"Organization\",\"@id\":\"https:\\\/\\\/hengxingmachinery.com\\\/#organization\",\"name\":\"Hengxing Machinery\",\"url\":\"https:\\\/\\\/hengxingmachinery.com\\\/\",\"logo\":{\"@type\":\"ImageObject\",\"inLanguage\":\"pt-PT\",\"@id\":\"https:\\\/\\\/hengxingmachinery.com\\\/#\\\/schema\\\/logo\\\/image\\\/\",\"url\":\"https:\\\/\\\/hengxingmachinery.com\\\/wp-content\\\/uploads\\\/2024\\\/12\\\/logo.png\",\"contentUrl\":\"https:\\\/\\\/hengxingmachinery.com\\\/wp-content\\\/uploads\\\/2024\\\/12\\\/logo.png\",\"width\":400,\"height\":260,\"caption\":\"Hengxing Machinery\"},\"image\":{\"@id\":\"https:\\\/\\\/hengxingmachinery.com\\\/#\\\/schema\\\/logo\\\/image\\\/\"}}]}<\/script>\n<!-- \/ Yoast SEO plugin. -->","yoast_head_json":{"title":"1-1. Britador de impacto fino de alta efici\u00eancia - Hengxing Machinery","robots":{"index":"index","follow":"follow","max-snippet":"max-snippet:-1","max-image-preview":"max-image-preview:large","max-video-preview":"max-video-preview:-1"},"canonical":"https:\/\/hengxingmachinery.com\/pt\/high-efficient-impact-fine-crusher\/","og_locale":"pt_PT","og_type":"article","og_title":"1-1. High efficient impact fine crusher - Hengxing Machinery","og_description":"High efficient impact fine crusher High efficient impact fine crusher features 1. Feeding size: 120mm-200mm 2. More than 85% of output below 5mm Even particle size small, higher output, more durable plate hammer 4. lower motor power, don\u2019t need thirdly crushing 5. Simple structure, easy maintenance and stable running High efficient impact fine crusher working ... Ler mais","og_url":"https:\/\/hengxingmachinery.com\/pt\/high-efficient-impact-fine-crusher\/","og_site_name":"Hengxing Machinery","article_modified_time":"2025-03-21T09:19:10+00:00","og_image":[{"url":"https:\/\/hengxingmachinery.com\/wp-content\/uploads\/2025\/03\/impact-fine-crusher-sale.jpg","type":"","width":"","height":""}],"twitter_card":"summary_large_image","twitter_misc":{"Tempo estimado de leitura":"2 minutos"},"schema":{"@context":"https:\/\/schema.org","@graph":[{"@type":"WebPage","@id":"https:\/\/hengxingmachinery.com\/high-efficient-impact-fine-crusher\/","url":"https:\/\/hengxingmachinery.com\/high-efficient-impact-fine-crusher\/","name":"1-1. Britador de impacto fino de alta efici\u00eancia - Hengxing Machinery","isPartOf":{"@id":"https:\/\/hengxingmachinery.com\/#website"},"primaryImageOfPage":{"@id":"https:\/\/hengxingmachinery.com\/high-efficient-impact-fine-crusher\/#primaryimage"},"image":{"@id":"https:\/\/hengxingmachinery.com\/high-efficient-impact-fine-crusher\/#primaryimage"},"thumbnailUrl":"https:\/\/hengxingmachinery.com\/wp-content\/uploads\/2025\/03\/impact-fine-crusher-sale.jpg","datePublished":"2025-03-21T09:18:38+00:00","dateModified":"2025-03-21T09:19:10+00:00","breadcrumb":{"@id":"https:\/\/hengxingmachinery.com\/high-efficient-impact-fine-crusher\/#breadcrumb"},"inLanguage":"pt-PT","potentialAction":[{"@type":"ReadAction","target":["https:\/\/hengxingmachinery.com\/high-efficient-impact-fine-crusher\/"]}]},{"@type":"ImageObject","inLanguage":"pt-PT","@id":"https:\/\/hengxingmachinery.com\/high-efficient-impact-fine-crusher\/#primaryimage","url":"https:\/\/hengxingmachinery.com\/wp-content\/uploads\/2025\/03\/impact-fine-crusher-sale.jpg","contentUrl":"https:\/\/hengxingmachinery.com\/wp-content\/uploads\/2025\/03\/impact-fine-crusher-sale.jpg"},{"@type":"BreadcrumbList","@id":"https:\/\/hengxingmachinery.com\/high-efficient-impact-fine-crusher\/#breadcrumb","itemListElement":[{"@type":"ListItem","position":1,"name":"Home","item":"https:\/\/hengxingmachinery.com\/"},{"@type":"ListItem","position":2,"name":"1-1. High efficient impact fine crusher"}]},{"@type":"WebSite","@id":"https:\/\/hengxingmachinery.com\/#website","url":"https:\/\/hengxingmachinery.com\/","name":"M\u00e1quinas Hengxing","description":"Fabricante l\u00edder de todos os tipos de m\u00e1quinas de minera\u00e7\u00e3o","publisher":{"@id":"https:\/\/hengxingmachinery.com\/#organization"},"potentialAction":[{"@type":"SearchAction","target":{"@type":"EntryPoint","urlTemplate":"https:\/\/hengxingmachinery.com\/?s={search_term_string}"},"query-input":{"@type":"PropertyValueSpecification","valueRequired":true,"valueName":"search_term_string"}}],"inLanguage":"pt-PT"},{"@type":"Organization","@id":"https:\/\/hengxingmachinery.com\/#organization","name":"M\u00e1quinas Hengxing","url":"https:\/\/hengxingmachinery.com\/","logo":{"@type":"ImageObject","inLanguage":"pt-PT","@id":"https:\/\/hengxingmachinery.com\/#\/schema\/logo\/image\/","url":"https:\/\/hengxingmachinery.com\/wp-content\/uploads\/2024\/12\/logo.png","contentUrl":"https:\/\/hengxingmachinery.com\/wp-content\/uploads\/2024\/12\/logo.png","width":400,"height":260,"caption":"Hengxing Machinery"},"image":{"@id":"https:\/\/hengxingmachinery.com\/#\/schema\/logo\/image\/"}}]}},"_links":{"self":[{"href":"https:\/\/hengxingmachinery.com\/pt\/wp-json\/wp\/v2\/pages\/2438","targetHints":{"allow":["GET"]}}],"collection":[{"href":"https:\/\/hengxingmachinery.com\/pt\/wp-json\/wp\/v2\/pages"}],"about":[{"href":"https:\/\/hengxingmachinery.com\/pt\/wp-json\/wp\/v2\/types\/page"}],"author":[{"embeddable":true,"href":"https:\/\/hengxingmachinery.com\/pt\/wp-json\/wp\/v2\/users\/1"}],"replies":[{"embeddable":true,"href":"https:\/\/hengxingmachinery.com\/pt\/wp-json\/wp\/v2\/comments?post=2438"}],"version-history":[{"count":3,"href":"https:\/\/hengxingmachinery.com\/pt\/wp-json\/wp\/v2\/pages\/2438\/revisions"}],"predecessor-version":[{"id":2602,"href":"https:\/\/hengxingmachinery.com\/pt\/wp-json\/wp\/v2\/pages\/2438\/revisions\/2602"}],"wp:attachment":[{"href":"https:\/\/hengxingmachinery.com\/pt\/wp-json\/wp\/v2\/media?parent=2438"}],"curies":[{"name":"wp","href":"https:\/\/api.w.org\/{rel}","templated":true}]}}