{"id":2440,"date":"2025-03-21T09:35:00","date_gmt":"2025-03-21T09:35:00","guid":{"rendered":"https:\/\/hengxingmachinery.com\/?page_id=2440"},"modified":"2025-03-21T09:35:18","modified_gmt":"2025-03-21T09:35:18","slug":"hammer-crushers","status":"publish","type":"page","link":"https:\/\/hengxingmachinery.com\/pt\/hammer-crushers\/","title":{"rendered":"1-1. Britador de martelo"},"content":{"rendered":"<div class=\"gb-container gb-container-45165f5a\">\n<div class=\"gb-container gb-container-c2652eb4\">\n\n<h1 class=\"gb-headline gb-headline-62a8b2cc gb-headline-text\">Britadores de martelo<\/h1>\n\n<\/div>\n<\/div>\n\n<div class=\"gb-container gb-container-519cf624\">\n<div class=\"gb-container gb-container-71ca071e\">\n<div class=\"gb-grid-wrapper gb-grid-wrapper-8a5f0688\">\n<div class=\"gb-grid-column gb-grid-column-1e99b1c2\"><div class=\"gb-container gb-container-1e99b1c2\">\n\n<figure class=\"gb-block-image gb-block-image-e4eaba54\"><img decoding=\"async\" width=\"665\" height=\"545\" class=\"gb-image gb-image-e4eaba54\" src=\"https:\/\/hengxingmachinery.com\/wp-content\/uploads\/2025\/03\/hammer-crusher-major-sale.jpg\" alt=\"\" title=\"triturador-de-martelo-venda-principal\" srcset=\"https:\/\/hengxingmachinery.com\/wp-content\/uploads\/2025\/03\/hammer-crusher-major-sale.jpg 665w, https:\/\/hengxingmachinery.com\/wp-content\/uploads\/2025\/03\/hammer-crusher-major-sale-300x246.jpg 300w, https:\/\/hengxingmachinery.com\/wp-content\/uploads\/2025\/03\/hammer-crusher-major-sale-15x12.jpg 15w\" sizes=\"(max-width: 665px) 100vw, 665px\" \/><\/figure>\n\n<\/div><\/div>\n\n<div class=\"gb-grid-column gb-grid-column-bcae065b\"><div class=\"gb-container gb-container-bcae065b\">\n\n<p><strong><mark style=\"background-color:rgba(0, 0, 0, 0)\" class=\"has-inline-color has-global-color-8-color\">Tamanho do feed:<\/mark><\/strong> \u2264200-\u2264350 mm<\/p>\n\n\n\n<p><strong><mark style=\"background-color:rgba(0, 0, 0, 0)\" class=\"has-inline-color has-global-color-8-color\">Capacidade de produ\u00e7\u00e3o:<\/mark><\/strong> 5-150 m\u00b3\/h<\/p>\n\n\n\n<p><strong><mark style=\"background-color:rgba(0, 0, 0, 0)\" class=\"has-inline-color has-global-color-8-color\">Campo de aplica\u00e7\u00e3o:<\/mark><\/strong> Os trituradores de martelo para areia artificial s\u00e3o amplamente utilizados na produ\u00e7\u00e3o de areia artificial e em v\u00e1rios min\u00e9rios, como granito, m\u00e1rmore e calc\u00e1rio, sendo adequados para os setores de minera\u00e7\u00e3o, cimento, carv\u00e3o, metalurgia, materiais de constru\u00e7\u00e3o, rodovias, combust\u00e3o e outros, para a tritura\u00e7\u00e3o fina de materiais de dureza e fragilidade moderadas.<\/p>\n\n\n<div class=\"gb-container gb-container-256e15f1\">\n\n<a class=\"gb-button gb-button-e8b73d89 gb-button-text\" href=\"#popmake-622\">Obtenha uma cota\u00e7\u00e3o gratuita agora<\/a>\n\n<\/div>\n<\/div><\/div>\n<\/div>\n<\/div>\n<\/div>\n\n<div class=\"gb-container gb-container-3a930c38\">\n<div class=\"gb-container gb-container-8a36e90a\">\n\n<h2 class=\"gb-headline gb-headline-a5d3273c gb-headline-text\">Aplica\u00e7\u00e3o do triturador de martelo<\/h2>\n\n\n\n<figure class=\"gb-block-image gb-block-image-1c359176\"><img decoding=\"async\" width=\"800\" height=\"500\" class=\"gb-image gb-image-1c359176\" src=\"https:\/\/hengxingmachinery.com\/wp-content\/uploads\/2025\/03\/hammer-crusher-working.jpg\" alt=\"\" title=\"triturador-de-martelo-funcionamento\" srcset=\"https:\/\/hengxingmachinery.com\/wp-content\/uploads\/2025\/03\/hammer-crusher-working.jpg 800w, https:\/\/hengxingmachinery.com\/wp-content\/uploads\/2025\/03\/hammer-crusher-working-300x188.jpg 300w, https:\/\/hengxingmachinery.com\/wp-content\/uploads\/2025\/03\/hammer-crusher-working-768x480.jpg 768w, https:\/\/hengxingmachinery.com\/wp-content\/uploads\/2025\/03\/hammer-crusher-working-18x12.jpg 18w\" sizes=\"(max-width: 800px) 100vw, 800px\" \/><\/figure>\n\n\n\n<p>O triturador de martelo \u00e9 adequado para a tritura\u00e7\u00e3o de materiais de dureza m\u00e9dia, como calc\u00e1rio, esc\u00f3ria, coque, carv\u00e3o e outros, nos departamentos industriais de cimento, qu\u00edmico, energia el\u00e9trica, metalurgia e outros. Possui as vantagens de estrutura simples, alta taxa de tritura\u00e7\u00e3o e elevada efici\u00eancia produtiva, podendo fragmentar tanto materiais secos quanto \u00famidos. O triturador de martelo permite ajustar a folga da grelha de acordo com o tamanho do material, atendendo \u00e0s diferentes necessidades dos usu\u00e1rios.<\/p>\n\n\n<div class=\"gb-container gb-container-96208927\">\n\n<a class=\"gb-button gb-button-429870c5 gb-button-text\" href=\"#popmake-622\">Obtenha uma cota\u00e7\u00e3o gratuita agora<\/a>\n\n<\/div>\n<\/div>\n<\/div>\n\n<div class=\"gb-container gb-container-42f1927f\">\n<div class=\"gb-container gb-container-3cccda2f\">\n\n<h2 class=\"gb-headline gb-headline-fdcb6683 gb-headline-text\">Caracter\u00edsticas do triturador de martelo<\/h2>\n\n\n\n<figure class=\"gb-block-image gb-block-image-05a70f07\"><img decoding=\"async\" width=\"800\" height=\"500\" class=\"gb-image gb-image-05a70f07\" src=\"https:\/\/hengxingmachinery.com\/wp-content\/uploads\/2025\/03\/hammer-crusher-feature.jpg\" alt=\"\" title=\"triturador-de-martelo-caracteristicas\" srcset=\"https:\/\/hengxingmachinery.com\/wp-content\/uploads\/2025\/03\/hammer-crusher-feature.jpg 800w, https:\/\/hengxingmachinery.com\/wp-content\/uploads\/2025\/03\/hammer-crusher-feature-300x188.jpg 300w, https:\/\/hengxingmachinery.com\/wp-content\/uploads\/2025\/03\/hammer-crusher-feature-768x480.jpg 768w, https:\/\/hengxingmachinery.com\/wp-content\/uploads\/2025\/03\/hammer-crusher-feature-18x12.jpg 18w\" sizes=\"(max-width: 800px) 100vw, 800px\" \/><\/figure>\n\n\n\n<p>Alta capacidade e baixo consumo de energia;<\/p>\n\n\n\n<p>Granulometria uniforme com alta taxa de fragmenta\u00e7\u00e3o e tritura\u00e7\u00e3o;<\/p>\n\n\n\n<p>Estrutura simples;<\/p>\n\n\n\n<p>Opera\u00e7\u00e3o f\u00e1cil; baixo investimento.<\/p>\n\n\n<div class=\"gb-container gb-container-69f9d59b\">\n\n<a class=\"gb-button gb-button-f03ebeb9 gb-button-text\" href=\"#popmake-622\">Obtenha uma cota\u00e7\u00e3o gratuita agora<\/a>\n\n<\/div>\n<\/div>\n<\/div>\n\n<div class=\"gb-container gb-container-59957f31\">\n<div class=\"gb-container gb-container-cdbdba98\">\n\n<h2 class=\"gb-headline gb-headline-0ee06d55 gb-headline-text\">Princ\u00edpio de funcionamento do triturador de martelo<\/h2>\n\n\n\n<p>Um motor el\u00e9trico ou motor a diesel aciona o rotor do triturador de martelo para girar em alta velocidade na c\u00e2mara de tritura\u00e7\u00e3o. O material alimentado pela parte superior entra na m\u00e1quina, sendo fragmentado pelo martelo de alta velocidade. <\/p>\n\n\n\n<p>Na parte inferior do rotor, \u00e9 disposta uma placa peneira. Part\u00edculas menores que o tamanho dos orif\u00edcios da peneira s\u00e3o descarregadas atrav\u00e9s da placa peneira. <\/p>\n\n\n\n<p>As part\u00edculas grossas maiores que o tamanho dos orif\u00edcios da peneira permanecem sobre a placa e continuam a ser golpeadas e mo\u00eddas pelo martelo. Por fim, o material \u00e9 descarregado do triturador de martelo atrav\u00e9s da placa peneira, conforme o tamanho requerido.<\/p>\n\n\n<div class=\"gb-container gb-container-68cf234e\">\n\n<a class=\"gb-button gb-button-136d758a gb-button-text\" href=\"#popmake-622\">Obtenha uma cota\u00e7\u00e3o gratuita agora<\/a>\n\n<\/div>\n<\/div>\n<\/div>\n\n<div class=\"gb-container gb-container-435ad261\">\n<div class=\"gb-container gb-container-7dc79cc4\">\n\n<h2 class=\"gb-headline gb-headline-6fe5dee2 gb-headline-text\">Especifica\u00e7\u00f5es do triturador de martelo<\/h2>\n\n\n\n<figure class=\"wp-block-table\"><table class=\"has-fixed-layout\"><tbody><tr><td>Modelo<\/td><td>Tamanho m\u00e1ximo de alimenta\u00e7\u00e3o (mm)<\/td><td>Tamanho m\u00e1ximo de descarga (mm)<\/td><td>Capacidade<br>(t\/h)<\/td><td>Poder<br>(kw)<\/td><td>Peso<br>(kg)<\/td><\/tr><tr><td>PC400x300<\/td><td>100<\/td><td>10<\/td><td>5-10<\/td><td>11<\/td><td>800<\/td><\/tr><tr><td>PC600x400<\/td><td>120<\/td><td>15<\/td><td>10-25<\/td><td>18.5<\/td><td>1500<\/td><\/tr><tr><td>PC800x600<\/td><td>120<\/td><td>15<\/td><td>20-35<\/td><td>55<\/td><td>3100<\/td><\/tr><tr><td>PC1000x800<\/td><td>200<\/td><td>13<\/td><td>20-40<\/td><td>115<\/td><td>7900<\/td><\/tr><tr><td>PC1000x1000<\/td><td>200<\/td><td>15<\/td><td>30-80<\/td><td>132<\/td><td>8650<\/td><\/tr><tr><td>PC1300x1200<\/td><td>250<\/td><td>19<\/td><td>80-200<\/td><td>240<\/td><td>13600<\/td><\/tr><\/tbody><\/table><\/figure>\n\n\n<div class=\"gb-container gb-container-263d9700\">\n\n<a class=\"gb-button gb-button-a4cbb7be gb-button-text\" href=\"#popmake-622\">Obtenha uma cota\u00e7\u00e3o gratuita agora<\/a>\n\n<\/div>\n<\/div>\n<\/div>","protected":false},"excerpt":{"rendered":"<p>Hammer crushers Hammer crusher application Hammer crusher is suitable for crushing medium-hardness materials such as limestone, slag, coke, coal and so on in cement, chemical, electric power, metallurgy and other industrial departments. It has the advantages of a simple structure, large crushing ratio and high production efficiency, which can break both dry and wet forms. &#8230; <\/p>\n<p class=\"read-more-container\"><a title=\"1-1. Britador de martelo\" class=\"read-more button\" href=\"https:\/\/hengxingmachinery.com\/pt\/hammer-crushers\/#more-2440\" aria-label=\"Leia mais sobre 1-1. Hammer crusher\">Ler mais<\/a><\/p>","protected":false},"author":1,"featured_media":0,"parent":0,"menu_order":0,"comment_status":"closed","ping_status":"closed","template":"","meta":{"footnotes":""},"class_list":["post-2440","page","type-page","status-publish"],"yoast_head":"<!-- This site is optimized with the Yoast SEO plugin v27.4 - https:\/\/yoast.com\/product\/yoast-seo-wordpress\/ -->\n<title>1-1. Hammer crusher - Hengxing Machinery<\/title>\n<meta name=\"robots\" content=\"index, follow, max-snippet:-1, max-image-preview:large, max-video-preview:-1\" \/>\n<link rel=\"canonical\" href=\"https:\/\/hengxingmachinery.com\/pt\/hammer-crushers\/\" \/>\n<meta property=\"og:locale\" content=\"pt_PT\" \/>\n<meta property=\"og:type\" content=\"article\" \/>\n<meta property=\"og:title\" content=\"1-1. Hammer crusher - Hengxing Machinery\" \/>\n<meta property=\"og:description\" content=\"Hammer crushers Hammer crusher application Hammer crusher is suitable for crushing medium-hardness materials such as limestone, slag, coke, coal and so on in cement, chemical, electric power, metallurgy and other industrial departments. It has the advantages of a simple structure, large crushing ratio and high production efficiency, which can break both dry and wet forms. ... Ler mais\" \/>\n<meta property=\"og:url\" content=\"https:\/\/hengxingmachinery.com\/pt\/hammer-crushers\/\" \/>\n<meta property=\"og:site_name\" content=\"Hengxing Machinery\" \/>\n<meta property=\"article:modified_time\" content=\"2025-03-21T09:35:18+00:00\" \/>\n<meta property=\"og:image\" content=\"https:\/\/hengxingmachinery.com\/wp-content\/uploads\/2025\/03\/hammer-crusher-major-sale.jpg\" \/>\n<meta name=\"twitter:card\" content=\"summary_large_image\" \/>\n<meta name=\"twitter:label1\" content=\"Tempo estimado de leitura\" \/>\n\t<meta name=\"twitter:data1\" content=\"3 minutos\" \/>\n<script type=\"application\/ld+json\" class=\"yoast-schema-graph\">{\"@context\":\"https:\\\/\\\/schema.org\",\"@graph\":[{\"@type\":\"WebPage\",\"@id\":\"https:\\\/\\\/hengxingmachinery.com\\\/hammer-crushers\\\/\",\"url\":\"https:\\\/\\\/hengxingmachinery.com\\\/hammer-crushers\\\/\",\"name\":\"1-1. Hammer crusher - Hengxing Machinery\",\"isPartOf\":{\"@id\":\"https:\\\/\\\/hengxingmachinery.com\\\/#website\"},\"primaryImageOfPage\":{\"@id\":\"https:\\\/\\\/hengxingmachinery.com\\\/hammer-crushers\\\/#primaryimage\"},\"image\":{\"@id\":\"https:\\\/\\\/hengxingmachinery.com\\\/hammer-crushers\\\/#primaryimage\"},\"thumbnailUrl\":\"https:\\\/\\\/hengxingmachinery.com\\\/wp-content\\\/uploads\\\/2025\\\/03\\\/hammer-crusher-major-sale.jpg\",\"datePublished\":\"2025-03-21T09:35:00+00:00\",\"dateModified\":\"2025-03-21T09:35:18+00:00\",\"breadcrumb\":{\"@id\":\"https:\\\/\\\/hengxingmachinery.com\\\/hammer-crushers\\\/#breadcrumb\"},\"inLanguage\":\"pt-PT\",\"potentialAction\":[{\"@type\":\"ReadAction\",\"target\":[\"https:\\\/\\\/hengxingmachinery.com\\\/hammer-crushers\\\/\"]}]},{\"@type\":\"ImageObject\",\"inLanguage\":\"pt-PT\",\"@id\":\"https:\\\/\\\/hengxingmachinery.com\\\/hammer-crushers\\\/#primaryimage\",\"url\":\"https:\\\/\\\/hengxingmachinery.com\\\/wp-content\\\/uploads\\\/2025\\\/03\\\/hammer-crusher-major-sale.jpg\",\"contentUrl\":\"https:\\\/\\\/hengxingmachinery.com\\\/wp-content\\\/uploads\\\/2025\\\/03\\\/hammer-crusher-major-sale.jpg\"},{\"@type\":\"BreadcrumbList\",\"@id\":\"https:\\\/\\\/hengxingmachinery.com\\\/hammer-crushers\\\/#breadcrumb\",\"itemListElement\":[{\"@type\":\"ListItem\",\"position\":1,\"name\":\"Home\",\"item\":\"https:\\\/\\\/hengxingmachinery.com\\\/\"},{\"@type\":\"ListItem\",\"position\":2,\"name\":\"1-1. Hammer crusher\"}]},{\"@type\":\"WebSite\",\"@id\":\"https:\\\/\\\/hengxingmachinery.com\\\/#website\",\"url\":\"https:\\\/\\\/hengxingmachinery.com\\\/\",\"name\":\"Hengxing Machinery\",\"description\":\"Leading Manufacturer of All Sorts of Mining Machinery\",\"publisher\":{\"@id\":\"https:\\\/\\\/hengxingmachinery.com\\\/#organization\"},\"potentialAction\":[{\"@type\":\"SearchAction\",\"target\":{\"@type\":\"EntryPoint\",\"urlTemplate\":\"https:\\\/\\\/hengxingmachinery.com\\\/?s={search_term_string}\"},\"query-input\":{\"@type\":\"PropertyValueSpecification\",\"valueRequired\":true,\"valueName\":\"search_term_string\"}}],\"inLanguage\":\"pt-PT\"},{\"@type\":\"Organization\",\"@id\":\"https:\\\/\\\/hengxingmachinery.com\\\/#organization\",\"name\":\"Hengxing Machinery\",\"url\":\"https:\\\/\\\/hengxingmachinery.com\\\/\",\"logo\":{\"@type\":\"ImageObject\",\"inLanguage\":\"pt-PT\",\"@id\":\"https:\\\/\\\/hengxingmachinery.com\\\/#\\\/schema\\\/logo\\\/image\\\/\",\"url\":\"https:\\\/\\\/hengxingmachinery.com\\\/wp-content\\\/uploads\\\/2024\\\/12\\\/logo.png\",\"contentUrl\":\"https:\\\/\\\/hengxingmachinery.com\\\/wp-content\\\/uploads\\\/2024\\\/12\\\/logo.png\",\"width\":400,\"height\":260,\"caption\":\"Hengxing Machinery\"},\"image\":{\"@id\":\"https:\\\/\\\/hengxingmachinery.com\\\/#\\\/schema\\\/logo\\\/image\\\/\"}}]}<\/script>\n<!-- \/ Yoast SEO plugin. -->","yoast_head_json":{"title":"1-1. Britador de martelo - Hengxing Machinery","robots":{"index":"index","follow":"follow","max-snippet":"max-snippet:-1","max-image-preview":"max-image-preview:large","max-video-preview":"max-video-preview:-1"},"canonical":"https:\/\/hengxingmachinery.com\/pt\/hammer-crushers\/","og_locale":"pt_PT","og_type":"article","og_title":"1-1. Hammer crusher - Hengxing Machinery","og_description":"Hammer crushers Hammer crusher application Hammer crusher is suitable for crushing medium-hardness materials such as limestone, slag, coke, coal and so on in cement, chemical, electric power, metallurgy and other industrial departments. It has the advantages of a simple structure, large crushing ratio and high production efficiency, which can break both dry and wet forms. ... Ler mais","og_url":"https:\/\/hengxingmachinery.com\/pt\/hammer-crushers\/","og_site_name":"Hengxing Machinery","article_modified_time":"2025-03-21T09:35:18+00:00","og_image":[{"url":"https:\/\/hengxingmachinery.com\/wp-content\/uploads\/2025\/03\/hammer-crusher-major-sale.jpg","type":"","width":"","height":""}],"twitter_card":"summary_large_image","twitter_misc":{"Tempo estimado de leitura":"3 minutos"},"schema":{"@context":"https:\/\/schema.org","@graph":[{"@type":"WebPage","@id":"https:\/\/hengxingmachinery.com\/hammer-crushers\/","url":"https:\/\/hengxingmachinery.com\/hammer-crushers\/","name":"1-1. Britador de martelo - Hengxing Machinery","isPartOf":{"@id":"https:\/\/hengxingmachinery.com\/#website"},"primaryImageOfPage":{"@id":"https:\/\/hengxingmachinery.com\/hammer-crushers\/#primaryimage"},"image":{"@id":"https:\/\/hengxingmachinery.com\/hammer-crushers\/#primaryimage"},"thumbnailUrl":"https:\/\/hengxingmachinery.com\/wp-content\/uploads\/2025\/03\/hammer-crusher-major-sale.jpg","datePublished":"2025-03-21T09:35:00+00:00","dateModified":"2025-03-21T09:35:18+00:00","breadcrumb":{"@id":"https:\/\/hengxingmachinery.com\/hammer-crushers\/#breadcrumb"},"inLanguage":"pt-PT","potentialAction":[{"@type":"ReadAction","target":["https:\/\/hengxingmachinery.com\/hammer-crushers\/"]}]},{"@type":"ImageObject","inLanguage":"pt-PT","@id":"https:\/\/hengxingmachinery.com\/hammer-crushers\/#primaryimage","url":"https:\/\/hengxingmachinery.com\/wp-content\/uploads\/2025\/03\/hammer-crusher-major-sale.jpg","contentUrl":"https:\/\/hengxingmachinery.com\/wp-content\/uploads\/2025\/03\/hammer-crusher-major-sale.jpg"},{"@type":"BreadcrumbList","@id":"https:\/\/hengxingmachinery.com\/hammer-crushers\/#breadcrumb","itemListElement":[{"@type":"ListItem","position":1,"name":"Home","item":"https:\/\/hengxingmachinery.com\/"},{"@type":"ListItem","position":2,"name":"1-1. Hammer crusher"}]},{"@type":"WebSite","@id":"https:\/\/hengxingmachinery.com\/#website","url":"https:\/\/hengxingmachinery.com\/","name":"M\u00e1quinas Hengxing","description":"Fabricante l\u00edder de todos os tipos de m\u00e1quinas de minera\u00e7\u00e3o","publisher":{"@id":"https:\/\/hengxingmachinery.com\/#organization"},"potentialAction":[{"@type":"SearchAction","target":{"@type":"EntryPoint","urlTemplate":"https:\/\/hengxingmachinery.com\/?s={search_term_string}"},"query-input":{"@type":"PropertyValueSpecification","valueRequired":true,"valueName":"search_term_string"}}],"inLanguage":"pt-PT"},{"@type":"Organization","@id":"https:\/\/hengxingmachinery.com\/#organization","name":"M\u00e1quinas Hengxing","url":"https:\/\/hengxingmachinery.com\/","logo":{"@type":"ImageObject","inLanguage":"pt-PT","@id":"https:\/\/hengxingmachinery.com\/#\/schema\/logo\/image\/","url":"https:\/\/hengxingmachinery.com\/wp-content\/uploads\/2024\/12\/logo.png","contentUrl":"https:\/\/hengxingmachinery.com\/wp-content\/uploads\/2024\/12\/logo.png","width":400,"height":260,"caption":"Hengxing Machinery"},"image":{"@id":"https:\/\/hengxingmachinery.com\/#\/schema\/logo\/image\/"}}]}},"_links":{"self":[{"href":"https:\/\/hengxingmachinery.com\/pt\/wp-json\/wp\/v2\/pages\/2440","targetHints":{"allow":["GET"]}}],"collection":[{"href":"https:\/\/hengxingmachinery.com\/pt\/wp-json\/wp\/v2\/pages"}],"about":[{"href":"https:\/\/hengxingmachinery.com\/pt\/wp-json\/wp\/v2\/types\/page"}],"author":[{"embeddable":true,"href":"https:\/\/hengxingmachinery.com\/pt\/wp-json\/wp\/v2\/users\/1"}],"replies":[{"embeddable":true,"href":"https:\/\/hengxingmachinery.com\/pt\/wp-json\/wp\/v2\/comments?post=2440"}],"version-history":[{"count":3,"href":"https:\/\/hengxingmachinery.com\/pt\/wp-json\/wp\/v2\/pages\/2440\/revisions"}],"predecessor-version":[{"id":2615,"href":"https:\/\/hengxingmachinery.com\/pt\/wp-json\/wp\/v2\/pages\/2440\/revisions\/2615"}],"wp:attachment":[{"href":"https:\/\/hengxingmachinery.com\/pt\/wp-json\/wp\/v2\/media?parent=2440"}],"curies":[{"name":"wp","href":"https:\/\/api.w.org\/{rel}","templated":true}]}}