{"id":2441,"date":"2025-03-21T09:49:30","date_gmt":"2025-03-21T09:49:30","guid":{"rendered":"https:\/\/hengxingmachinery.com\/?page_id=2441"},"modified":"2025-03-21T09:49:32","modified_gmt":"2025-03-21T09:49:32","slug":"vertical-shaft-impact-crushers","status":"publish","type":"page","link":"https:\/\/hengxingmachinery.com\/pt\/vertical-shaft-impact-crushers\/","title":{"rendered":"1-1. Britador de impacto de eixo vertical"},"content":{"rendered":"<div class=\"gb-container gb-container-45165f5a\">\n<div class=\"gb-container gb-container-c2652eb4\">\n\n<h1 class=\"gb-headline gb-headline-62a8b2cc gb-headline-text\">Britador de impacto de eixo vertical<\/h1>\n\n<\/div>\n<\/div>\n\n<div class=\"gb-container gb-container-519cf624\">\n<div class=\"gb-container gb-container-71ca071e\">\n<div class=\"gb-grid-wrapper gb-grid-wrapper-8a5f0688\">\n<div class=\"gb-grid-column gb-grid-column-1e99b1c2\"><div class=\"gb-container gb-container-1e99b1c2\">\n\n<figure class=\"gb-block-image gb-block-image-e4eaba54\"><img decoding=\"async\" width=\"665\" height=\"545\" class=\"gb-image gb-image-e4eaba54\" src=\"https:\/\/hengxingmachinery.com\/wp-content\/uploads\/2025\/03\/vsi-crusher-major-sale.jpg\" alt=\"\" title=\"britador-vsi-venda-principal\" srcset=\"https:\/\/hengxingmachinery.com\/wp-content\/uploads\/2025\/03\/vsi-crusher-major-sale.jpg 665w, https:\/\/hengxingmachinery.com\/wp-content\/uploads\/2025\/03\/vsi-crusher-major-sale-300x246.jpg 300w, https:\/\/hengxingmachinery.com\/wp-content\/uploads\/2025\/03\/vsi-crusher-major-sale-15x12.jpg 15w\" sizes=\"(max-width: 665px) 100vw, 665px\" \/><\/figure>\n\n<\/div><\/div>\n\n<div class=\"gb-grid-column gb-grid-column-bcae065b\"><div class=\"gb-container gb-container-bcae065b\">\n\n<p>O britador de impacto vertical produz agregados de areia e brita para rodovias, ferrovias de alta velocidade, edif\u00edcios altos, engenharia municipal, constru\u00e7\u00e3o de barragens hidrel\u00e9tricas e centrais de bet\u00e3o. \u00c9 um equipamento no campo da produ\u00e7\u00e3o artificial de areia e conforma\u00e7\u00e3o de pedra.<\/p>\n\n\n\n<p><strong><mark style=\"background-color:rgba(0, 0, 0, 0)\" class=\"has-inline-color has-global-color-8-color\">Capacidade de produ\u00e7\u00e3o:<\/mark><\/strong> 12-360 t\/h<\/p>\n\n\n\n<p><strong><mark style=\"background-color:rgba(0, 0, 0, 0)\" class=\"has-inline-color has-global-color-8-color\">Tamanho do feed:<\/mark><\/strong> \u226435-\u226460 mm<\/p>\n\n\n\n<p><strong><mark style=\"background-color:rgba(0, 0, 0, 0)\" class=\"has-inline-color has-global-color-8-color\">Campo de aplica\u00e7\u00e3o:<\/mark><\/strong> Amplamente utilizado em v\u00e1rios min\u00e9rios, cimento, materiais refrat\u00e1rios, abrasivos, granito, m\u00e1rmore, calc\u00e1rio, feldspato, etc.<\/p>\n\n\n<div class=\"gb-container gb-container-256e15f1\">\n\n<a class=\"gb-button gb-button-e8b73d89 gb-button-text\" href=\"#popmake-622\">Obtenha uma cota\u00e7\u00e3o gratuita agora<\/a>\n\n<\/div>\n<\/div><\/div>\n<\/div>\n<\/div>\n<\/div>\n\n<div class=\"gb-container gb-container-3a930c38\">\n<div class=\"gb-container gb-container-8a36e90a\">\n\n<h2 class=\"gb-headline gb-headline-a5d3273c gb-headline-text\">Aplica\u00e7\u00e3o do britador de impacto de eixo vertical<\/h2>\n\n\n\n<p>O britador de impacto vertical \u00e9 o principal equipamento de produ\u00e7\u00e3o da linha de produ\u00e7\u00e3o de areia, tamb\u00e9m conhecido como m\u00e1quina de fabrica\u00e7\u00e3o de areia. <\/p>\n\n\n\n<p>Os britadores de impacto de eixo vertical s\u00e3o amplamente utilizados para britagem m\u00e9dia e fina (fabrica\u00e7\u00e3o de areia) de v\u00e1rios materiais duros e fr\u00e1geis, como v\u00e1rios tipos de rochas, abrasivos, materiais refrat\u00e1rios, cl\u00ednquer de cimento, quartzo, min\u00e9rio de ferro, agregados de bet\u00e3o, etc. \u00c9 especialmente adequado para areia de constru\u00e7\u00e3o e areia e brita para constru\u00e7\u00e3o de estradas.<\/p>\n\n\n<div class=\"gb-container gb-container-96208927\">\n\n<a class=\"gb-button gb-button-429870c5 gb-button-text\" href=\"#popmake-622\">Obtenha uma cota\u00e7\u00e3o gratuita agora<\/a>\n\n<\/div>\n<\/div>\n<\/div>\n\n<div class=\"gb-container gb-container-34fb53ef\">\n<div class=\"gb-container gb-container-23620b37\">\n\n<h2 class=\"gb-headline gb-headline-2e1f1f31 gb-headline-text\">Vantagens do britador de impacto de eixo vertical<\/h2>\n\n\n\n<figure class=\"gb-block-image gb-block-image-f62cd9d6\"><img decoding=\"async\" width=\"800\" height=\"500\" class=\"gb-image gb-image-f62cd9d6\" src=\"https:\/\/hengxingmachinery.com\/wp-content\/uploads\/2025\/03\/vsi-crusher-features.jpg\" alt=\"\" title=\"caracter\u00edsticas-do-britador-vsi\" srcset=\"https:\/\/hengxingmachinery.com\/wp-content\/uploads\/2025\/03\/vsi-crusher-features.jpg 800w, https:\/\/hengxingmachinery.com\/wp-content\/uploads\/2025\/03\/vsi-crusher-features-300x188.jpg 300w, https:\/\/hengxingmachinery.com\/wp-content\/uploads\/2025\/03\/vsi-crusher-features-768x480.jpg 768w, https:\/\/hengxingmachinery.com\/wp-content\/uploads\/2025\/03\/vsi-crusher-features-18x12.jpg 18w\" sizes=\"(max-width: 800px) 100vw, 800px\" \/><\/figure>\n\n\n\n<p><strong>1. Bom efeito de fabrica\u00e7\u00e3o de areia<\/strong><\/p>\n\n\n\n<p>Adotando o princ\u00edpio de \u201cpedra contra pedra\u201d e \u201cpedra contra ferro\u201d, possui as fun\u00e7\u00f5es de fabrica\u00e7\u00e3o e conforma\u00e7\u00e3o de areia, com part\u00edculas uniformes.<\/p>\n\n\n\n<p><strong>2. Ambientalmente correto<\/strong><\/p>\n\n\n\n<p>A m\u00e1quina de fabrica\u00e7\u00e3o de areia de seixo adota uma estrutura de rotor de cavidade profunda, que possui grande vaz\u00e3o de material e alta produ\u00e7\u00e3o, e est\u00e1 equipada com uma circula\u00e7\u00e3o interna de fluxo de ar na c\u00e2mara de v\u00f3rtice, apresentando baixo ru\u00eddo e poeira durante o trabalho.<\/p>\n\n\n\n<p><strong>3. Manuten\u00e7\u00e3o conveniente<\/strong><\/p>\n\n\n\n<p>A m\u00e1quina de fabrica\u00e7\u00e3o de areia de seixo adota uma cabe\u00e7a de lan\u00e7amento combinada, necessitando apenas substituir as pe\u00e7as severamente desgastadas, e a tampa hidr\u00e1ulica pode ser aberta, o que \u00e9 conveniente para os clientes verificarem, facilita a manuten\u00e7\u00e3o e tem baixo custo.<\/p>\n\n\n<div class=\"gb-container gb-container-78b3fff4\">\n\n<a class=\"gb-button gb-button-fb2cbf2c gb-button-text\" href=\"#popmake-622\">Obtenha uma cota\u00e7\u00e3o gratuita agora<\/a>\n\n<\/div>\n<\/div>\n<\/div>\n\n<div class=\"gb-container gb-container-baa18b16\">\n<div class=\"gb-container gb-container-a306c147\">\n\n<h2 class=\"gb-headline gb-headline-779b50bd gb-headline-text\">Princ\u00edpio de funcionamento do britador de impacto de eixo vertical<\/h2>\n\n\n\n<figure class=\"gb-block-image gb-block-image-c8885d26\"><img decoding=\"async\" width=\"800\" height=\"500\" class=\"gb-image gb-image-c8885d26\" src=\"https:\/\/hengxingmachinery.com\/wp-content\/uploads\/2025\/03\/vsi-crusher-working.jpg\" alt=\"\" title=\"funcionamento-do-britador-vsi\" srcset=\"https:\/\/hengxingmachinery.com\/wp-content\/uploads\/2025\/03\/vsi-crusher-working.jpg 800w, https:\/\/hengxingmachinery.com\/wp-content\/uploads\/2025\/03\/vsi-crusher-working-300x188.jpg 300w, https:\/\/hengxingmachinery.com\/wp-content\/uploads\/2025\/03\/vsi-crusher-working-768x480.jpg 768w, https:\/\/hengxingmachinery.com\/wp-content\/uploads\/2025\/03\/vsi-crusher-working-18x12.jpg 18w\" sizes=\"(max-width: 800px) 100vw, 800px\" \/><\/figure>\n\n\n\n<p>O princ\u00edpio de funcionamento do britador de impacto vertical adota o princ\u00edpio de \u201cpedra contra pedra\u201d. Deixa as pedras colidirem com as pedras aceleradas pelo rotor durante o processo de queda natural, para assim atingir o prop\u00f3sito de britagem. <\/p>\n\n\n\n<p>Quando a pedra acelerada colide com a pedra em queda natural, forma-se um v\u00f3rtice, e ela \u00e9 fragmentada uma segunda vez durante o processo de retorno, portanto o desgaste da placa de contra-ataque da m\u00e1quina \u00e9 muito pequeno durante a opera\u00e7\u00e3o.<\/p>\n\n\n\n<p>A pedra cai diretamente no prato girat\u00f3rio de alta rota\u00e7\u00e3o a partir da parte superior da m\u00e1quina. Sob a a\u00e7\u00e3o da alta for\u00e7a centr\u00edfuga, ela se divide com outra parte da pedra-alvo ao redor do prato girat\u00f3rio de forma semelhante a um guarda-chuva, produzindo impacto de alta velocidade e britagem de alta densidade. <\/p>\n\n\n\n<p>Ap\u00f3s as pedras colidirem entre si, tamb\u00e9m se forma um movimento de v\u00f3rtice entre o prato girat\u00f3rio e a carca\u00e7a, causando m\u00faltiplos impactos, fric\u00e7\u00f5es e esmagamentos, que s\u00e3o descarregados diretamente da parte inferior. Forma um circuito fechado para m\u00faltiplos ciclos e \u00e9 controlado pelo equipamento de peneiramento para atingir a granulometria necess\u00e1ria.<\/p>\n\n\n<div class=\"gb-container gb-container-7cd8f807\">\n\n<a class=\"gb-button gb-button-5a69b89c gb-button-text\" href=\"#popmake-622\">Obtenha uma cota\u00e7\u00e3o gratuita agora<\/a>\n\n<\/div>\n<\/div>\n<\/div>\n\n<div class=\"gb-container gb-container-435ad261\">\n<div class=\"gb-container gb-container-7dc79cc4\">\n\n<h2 class=\"gb-headline gb-headline-6fe5dee2 gb-headline-text\">Especifica\u00e7\u00f5es do britador de impacto de eixo vertical<\/h2>\n\n\n\n<figure class=\"wp-block-table\"><table class=\"has-fixed-layout\"><tbody><tr><td colspan=\"2\">Modelo<\/td><td>VSI7611<\/td><td>VSI8518<\/td><td>VSI9526<\/td><td>VSI1140<\/td><td>VSI1145<\/td><\/tr><tr><td rowspan=\"2\">Capacidade (T\/H)<\/td><td>Alimenta\u00e7\u00e3o Central e por Anel<\/td><td>120-180<\/td><td>200-260<\/td><td>300-380<\/td><td>450-520<\/td><td>500-640<\/td><\/tr><tr><td>Alimenta\u00e7\u00e3o Central<\/td><td>60-90<\/td><td>100-130<\/td><td>150-190<\/td><td>225-260<\/td><td>250-360<\/td><\/tr><tr><td rowspan=\"2\">Melhor Tamanho de Alimenta\u00e7\u00e3o (MM)<\/td><td>Material Macio<\/td><td>35<\/td><td>40<\/td><td>45<\/td><td>50<\/td><td>50<\/td><\/tr><tr><td>Material Duro<\/td><td>30<\/td><td>35<\/td><td>40<\/td><td>45<\/td><td>45<\/td><\/tr><tr><td colspan=\"2\">Velocidade de Rota\u00e7\u00e3o (R\/MIN)<\/td><td>1700-1890<\/td><td>1520-1690<\/td><td>1360-1510<\/td><td>1180-1310<\/td><td>1200-1390<\/td><\/tr><tr><td colspan=\"2\">Pot\u00eancia para Motor Duplo (KW)<\/td><td>110<\/td><td>180<\/td><td>264<\/td><td>400<\/td><td>440<\/td><\/tr><tr><td colspan=\"2\">Dimens\u00f5es L\u00d7A\u00d7H (MM)<\/td><td>3700\u00d72150 \u00d72100<\/td><td>4140\u00d72280 \u00d72425<\/td><td>4560\u00d72447 \u00d72778<\/td><td>5000\u00d72700 \u00d73300<\/td><td>5100\u00d72790 \u00d73320<\/td><\/tr><tr><td colspan=\"2\">Peso (t)<\/td><td>11.8<\/td><td>14.5<\/td><td>17.8<\/td><td>25.6<\/td><td>26<\/td><\/tr><tr><td colspan=\"2\">Fornecimento de Energia<\/td><td colspan=\"5\">380V 50Hz<\/td><\/tr><tr><td colspan=\"2\">Sensor de Vibra\u00e7\u00e3o<\/td><td colspan=\"5\">Faixa de Monitoramento: 0.1-20MM\/S Ajust\u00e1vel Continuamente<\/td><\/tr><tr><td rowspan=\"4\">Esta\u00e7\u00e3o Hidr\u00e1ulica de Lubrifica\u00e7\u00e3o<\/td><td>Pot\u00eancia do Motor da Bomba de \u00d3leo Dupla<\/td><td colspan=\"5\">2\u00d70.25kW<\/td><\/tr><tr><td>Prote\u00e7\u00e3o de Seguran\u00e7a<\/td><td colspan=\"5\">Dupla Bomba de \u00d3leo Garante o Fornecimento Normal de \u00d3leo; Desligamento Autom\u00e1tico se N\u00e3o Houver Press\u00e3o de \u00d3leo; Arrefecimento a \u00c1gua; Pr\u00e9-aquecimento do Motor no Inverno.<\/td><\/tr><tr><td>Dimens\u00f5es Excedentes L\u00d7A\u00d7H(mm)<\/td><td colspan=\"5\">820\u00d7520\u00d71270<\/td><\/tr><tr><td>Pot\u00eancia de Aquecimento do Tanque de \u00d3leo<\/td><td colspan=\"5\">2KW<\/td><\/tr><\/tbody><\/table><\/figure>\n\n\n<div class=\"gb-container gb-container-263d9700\">\n\n<a class=\"gb-button gb-button-a4cbb7be gb-button-text\" href=\"#popmake-622\">Obtenha uma cota\u00e7\u00e3o gratuita agora<\/a>\n\n<\/div>\n<\/div>\n<\/div>","protected":false},"excerpt":{"rendered":"<p>Vertical shaft impact crusher Vertical shaft impact crusher application Vertical Impact crusher is the main production equipment of sand making production line, also known as sand making machine. Vertical shaft impact crushers are widely used for medium and fine crushing (sand making) of various hard and brittle materials such as various rocks, abrasives, refractory materials, &#8230; <\/p>\n<p class=\"read-more-container\"><a title=\"1-1. Britador de impacto de eixo vertical\" class=\"read-more button\" href=\"https:\/\/hengxingmachinery.com\/pt\/vertical-shaft-impact-crushers\/#more-2441\" aria-label=\"Leia mais sobre 1-1. Vertical shaft impact crusher\">Ler mais<\/a><\/p>","protected":false},"author":1,"featured_media":0,"parent":0,"menu_order":0,"comment_status":"closed","ping_status":"closed","template":"","meta":{"footnotes":""},"class_list":["post-2441","page","type-page","status-publish"],"yoast_head":"<!-- This site is optimized with the Yoast SEO plugin v27.4 - https:\/\/yoast.com\/product\/yoast-seo-wordpress\/ -->\n<title>1-1. Vertical shaft impact crusher - Hengxing Machinery<\/title>\n<meta name=\"robots\" content=\"index, follow, max-snippet:-1, max-image-preview:large, max-video-preview:-1\" \/>\n<link rel=\"canonical\" href=\"https:\/\/hengxingmachinery.com\/pt\/vertical-shaft-impact-crushers\/\" \/>\n<meta property=\"og:locale\" content=\"pt_PT\" \/>\n<meta property=\"og:type\" content=\"article\" \/>\n<meta property=\"og:title\" content=\"1-1. Vertical shaft impact crusher - Hengxing Machinery\" \/>\n<meta property=\"og:description\" content=\"Vertical shaft impact crusher Vertical shaft impact crusher application Vertical Impact crusher is the main production equipment of sand making production line, also known as sand making machine. Vertical shaft impact crushers are widely used for medium and fine crushing (sand making) of various hard and brittle materials such as various rocks, abrasives, refractory materials, ... Ler mais\" \/>\n<meta property=\"og:url\" content=\"https:\/\/hengxingmachinery.com\/pt\/vertical-shaft-impact-crushers\/\" \/>\n<meta property=\"og:site_name\" content=\"Hengxing Machinery\" \/>\n<meta property=\"article:modified_time\" content=\"2025-03-21T09:49:32+00:00\" \/>\n<meta property=\"og:image\" content=\"https:\/\/hengxingmachinery.com\/wp-content\/uploads\/2025\/03\/vsi-crusher-major-sale.jpg\" \/>\n<meta name=\"twitter:card\" content=\"summary_large_image\" \/>\n<meta name=\"twitter:label1\" content=\"Tempo estimado de leitura\" \/>\n\t<meta name=\"twitter:data1\" content=\"4 minutos\" \/>\n<script type=\"application\/ld+json\" class=\"yoast-schema-graph\">{\"@context\":\"https:\\\/\\\/schema.org\",\"@graph\":[{\"@type\":\"WebPage\",\"@id\":\"https:\\\/\\\/hengxingmachinery.com\\\/vertical-shaft-impact-crushers\\\/\",\"url\":\"https:\\\/\\\/hengxingmachinery.com\\\/vertical-shaft-impact-crushers\\\/\",\"name\":\"1-1. Vertical shaft impact crusher - Hengxing Machinery\",\"isPartOf\":{\"@id\":\"https:\\\/\\\/hengxingmachinery.com\\\/#website\"},\"primaryImageOfPage\":{\"@id\":\"https:\\\/\\\/hengxingmachinery.com\\\/vertical-shaft-impact-crushers\\\/#primaryimage\"},\"image\":{\"@id\":\"https:\\\/\\\/hengxingmachinery.com\\\/vertical-shaft-impact-crushers\\\/#primaryimage\"},\"thumbnailUrl\":\"https:\\\/\\\/hengxingmachinery.com\\\/wp-content\\\/uploads\\\/2025\\\/03\\\/vsi-crusher-major-sale.jpg\",\"datePublished\":\"2025-03-21T09:49:30+00:00\",\"dateModified\":\"2025-03-21T09:49:32+00:00\",\"breadcrumb\":{\"@id\":\"https:\\\/\\\/hengxingmachinery.com\\\/vertical-shaft-impact-crushers\\\/#breadcrumb\"},\"inLanguage\":\"pt-PT\",\"potentialAction\":[{\"@type\":\"ReadAction\",\"target\":[\"https:\\\/\\\/hengxingmachinery.com\\\/vertical-shaft-impact-crushers\\\/\"]}]},{\"@type\":\"ImageObject\",\"inLanguage\":\"pt-PT\",\"@id\":\"https:\\\/\\\/hengxingmachinery.com\\\/vertical-shaft-impact-crushers\\\/#primaryimage\",\"url\":\"https:\\\/\\\/hengxingmachinery.com\\\/wp-content\\\/uploads\\\/2025\\\/03\\\/vsi-crusher-major-sale.jpg\",\"contentUrl\":\"https:\\\/\\\/hengxingmachinery.com\\\/wp-content\\\/uploads\\\/2025\\\/03\\\/vsi-crusher-major-sale.jpg\"},{\"@type\":\"BreadcrumbList\",\"@id\":\"https:\\\/\\\/hengxingmachinery.com\\\/vertical-shaft-impact-crushers\\\/#breadcrumb\",\"itemListElement\":[{\"@type\":\"ListItem\",\"position\":1,\"name\":\"Home\",\"item\":\"https:\\\/\\\/hengxingmachinery.com\\\/\"},{\"@type\":\"ListItem\",\"position\":2,\"name\":\"1-1. Vertical shaft impact crusher\"}]},{\"@type\":\"WebSite\",\"@id\":\"https:\\\/\\\/hengxingmachinery.com\\\/#website\",\"url\":\"https:\\\/\\\/hengxingmachinery.com\\\/\",\"name\":\"Hengxing Machinery\",\"description\":\"Leading Manufacturer of All Sorts of Mining Machinery\",\"publisher\":{\"@id\":\"https:\\\/\\\/hengxingmachinery.com\\\/#organization\"},\"potentialAction\":[{\"@type\":\"SearchAction\",\"target\":{\"@type\":\"EntryPoint\",\"urlTemplate\":\"https:\\\/\\\/hengxingmachinery.com\\\/?s={search_term_string}\"},\"query-input\":{\"@type\":\"PropertyValueSpecification\",\"valueRequired\":true,\"valueName\":\"search_term_string\"}}],\"inLanguage\":\"pt-PT\"},{\"@type\":\"Organization\",\"@id\":\"https:\\\/\\\/hengxingmachinery.com\\\/#organization\",\"name\":\"Hengxing Machinery\",\"url\":\"https:\\\/\\\/hengxingmachinery.com\\\/\",\"logo\":{\"@type\":\"ImageObject\",\"inLanguage\":\"pt-PT\",\"@id\":\"https:\\\/\\\/hengxingmachinery.com\\\/#\\\/schema\\\/logo\\\/image\\\/\",\"url\":\"https:\\\/\\\/hengxingmachinery.com\\\/wp-content\\\/uploads\\\/2024\\\/12\\\/logo.png\",\"contentUrl\":\"https:\\\/\\\/hengxingmachinery.com\\\/wp-content\\\/uploads\\\/2024\\\/12\\\/logo.png\",\"width\":400,\"height\":260,\"caption\":\"Hengxing Machinery\"},\"image\":{\"@id\":\"https:\\\/\\\/hengxingmachinery.com\\\/#\\\/schema\\\/logo\\\/image\\\/\"}}]}<\/script>\n<!-- \/ Yoast SEO plugin. -->","yoast_head_json":{"title":"1-1. Britador de impacto de eixo vertical - Hengxing Machinery","robots":{"index":"index","follow":"follow","max-snippet":"max-snippet:-1","max-image-preview":"max-image-preview:large","max-video-preview":"max-video-preview:-1"},"canonical":"https:\/\/hengxingmachinery.com\/pt\/vertical-shaft-impact-crushers\/","og_locale":"pt_PT","og_type":"article","og_title":"1-1. Vertical shaft impact crusher - Hengxing Machinery","og_description":"Vertical shaft impact crusher Vertical shaft impact crusher application Vertical Impact crusher is the main production equipment of sand making production line, also known as sand making machine. Vertical shaft impact crushers are widely used for medium and fine crushing (sand making) of various hard and brittle materials such as various rocks, abrasives, refractory materials, ... Ler mais","og_url":"https:\/\/hengxingmachinery.com\/pt\/vertical-shaft-impact-crushers\/","og_site_name":"Hengxing Machinery","article_modified_time":"2025-03-21T09:49:32+00:00","og_image":[{"url":"https:\/\/hengxingmachinery.com\/wp-content\/uploads\/2025\/03\/vsi-crusher-major-sale.jpg","type":"","width":"","height":""}],"twitter_card":"summary_large_image","twitter_misc":{"Tempo estimado de leitura":"4 minutos"},"schema":{"@context":"https:\/\/schema.org","@graph":[{"@type":"WebPage","@id":"https:\/\/hengxingmachinery.com\/vertical-shaft-impact-crushers\/","url":"https:\/\/hengxingmachinery.com\/vertical-shaft-impact-crushers\/","name":"1-1. Britador de impacto de eixo vertical - Hengxing Machinery","isPartOf":{"@id":"https:\/\/hengxingmachinery.com\/#website"},"primaryImageOfPage":{"@id":"https:\/\/hengxingmachinery.com\/vertical-shaft-impact-crushers\/#primaryimage"},"image":{"@id":"https:\/\/hengxingmachinery.com\/vertical-shaft-impact-crushers\/#primaryimage"},"thumbnailUrl":"https:\/\/hengxingmachinery.com\/wp-content\/uploads\/2025\/03\/vsi-crusher-major-sale.jpg","datePublished":"2025-03-21T09:49:30+00:00","dateModified":"2025-03-21T09:49:32+00:00","breadcrumb":{"@id":"https:\/\/hengxingmachinery.com\/vertical-shaft-impact-crushers\/#breadcrumb"},"inLanguage":"pt-PT","potentialAction":[{"@type":"ReadAction","target":["https:\/\/hengxingmachinery.com\/vertical-shaft-impact-crushers\/"]}]},{"@type":"ImageObject","inLanguage":"pt-PT","@id":"https:\/\/hengxingmachinery.com\/vertical-shaft-impact-crushers\/#primaryimage","url":"https:\/\/hengxingmachinery.com\/wp-content\/uploads\/2025\/03\/vsi-crusher-major-sale.jpg","contentUrl":"https:\/\/hengxingmachinery.com\/wp-content\/uploads\/2025\/03\/vsi-crusher-major-sale.jpg"},{"@type":"BreadcrumbList","@id":"https:\/\/hengxingmachinery.com\/vertical-shaft-impact-crushers\/#breadcrumb","itemListElement":[{"@type":"ListItem","position":1,"name":"Home","item":"https:\/\/hengxingmachinery.com\/"},{"@type":"ListItem","position":2,"name":"1-1. Vertical shaft impact crusher"}]},{"@type":"WebSite","@id":"https:\/\/hengxingmachinery.com\/#website","url":"https:\/\/hengxingmachinery.com\/","name":"M\u00e1quinas Hengxing","description":"Fabricante l\u00edder de todos os tipos de m\u00e1quinas de minera\u00e7\u00e3o","publisher":{"@id":"https:\/\/hengxingmachinery.com\/#organization"},"potentialAction":[{"@type":"SearchAction","target":{"@type":"EntryPoint","urlTemplate":"https:\/\/hengxingmachinery.com\/?s={search_term_string}"},"query-input":{"@type":"PropertyValueSpecification","valueRequired":true,"valueName":"search_term_string"}}],"inLanguage":"pt-PT"},{"@type":"Organization","@id":"https:\/\/hengxingmachinery.com\/#organization","name":"M\u00e1quinas Hengxing","url":"https:\/\/hengxingmachinery.com\/","logo":{"@type":"ImageObject","inLanguage":"pt-PT","@id":"https:\/\/hengxingmachinery.com\/#\/schema\/logo\/image\/","url":"https:\/\/hengxingmachinery.com\/wp-content\/uploads\/2024\/12\/logo.png","contentUrl":"https:\/\/hengxingmachinery.com\/wp-content\/uploads\/2024\/12\/logo.png","width":400,"height":260,"caption":"Hengxing Machinery"},"image":{"@id":"https:\/\/hengxingmachinery.com\/#\/schema\/logo\/image\/"}}]}},"_links":{"self":[{"href":"https:\/\/hengxingmachinery.com\/pt\/wp-json\/wp\/v2\/pages\/2441","targetHints":{"allow":["GET"]}}],"collection":[{"href":"https:\/\/hengxingmachinery.com\/pt\/wp-json\/wp\/v2\/pages"}],"about":[{"href":"https:\/\/hengxingmachinery.com\/pt\/wp-json\/wp\/v2\/types\/page"}],"author":[{"embeddable":true,"href":"https:\/\/hengxingmachinery.com\/pt\/wp-json\/wp\/v2\/users\/1"}],"replies":[{"embeddable":true,"href":"https:\/\/hengxingmachinery.com\/pt\/wp-json\/wp\/v2\/comments?post=2441"}],"version-history":[{"count":2,"href":"https:\/\/hengxingmachinery.com\/pt\/wp-json\/wp\/v2\/pages\/2441\/revisions"}],"predecessor-version":[{"id":2630,"href":"https:\/\/hengxingmachinery.com\/pt\/wp-json\/wp\/v2\/pages\/2441\/revisions\/2630"}],"wp:attachment":[{"href":"https:\/\/hengxingmachinery.com\/pt\/wp-json\/wp\/v2\/media?parent=2441"}],"curies":[{"name":"wp","href":"https:\/\/api.w.org\/{rel}","templated":true}]}}