{"id":2442,"date":"2025-03-21T09:55:30","date_gmt":"2025-03-21T09:55:30","guid":{"rendered":"https:\/\/hengxingmachinery.com\/?page_id=2442"},"modified":"2025-03-21T09:55:31","modified_gmt":"2025-03-21T09:55:31","slug":"double-teeth-roller-crushers","status":"publish","type":"page","link":"https:\/\/hengxingmachinery.com\/pt\/double-teeth-roller-crushers\/","title":{"rendered":"1-1. Triturador de rolos com dentes duplos"},"content":{"rendered":"<div class=\"gb-container gb-container-45165f5a\">\n<div class=\"gb-container gb-container-c2652eb4\">\n\n<h1 class=\"gb-headline gb-headline-62a8b2cc gb-headline-text\">Britador de rolo com dentes duplos<\/h1>\n\n<\/div>\n<\/div>\n\n<div class=\"gb-container gb-container-519cf624\">\n<div class=\"gb-container gb-container-71ca071e\">\n<div class=\"gb-grid-wrapper gb-grid-wrapper-8a5f0688\">\n<div class=\"gb-grid-column gb-grid-column-1e99b1c2\"><div class=\"gb-container gb-container-1e99b1c2\">\n\n<figure class=\"gb-block-image gb-block-image-e4eaba54\"><img decoding=\"async\" width=\"665\" height=\"545\" class=\"gb-image gb-image-e4eaba54\" src=\"https:\/\/hengxingmachinery.com\/wp-content\/uploads\/2025\/03\/double-teeth-roller-crusher-sale.jpg\" alt=\"\" title=\"venda-do-triturador-de-dentes-duplos\" srcset=\"https:\/\/hengxingmachinery.com\/wp-content\/uploads\/2025\/03\/double-teeth-roller-crusher-sale.jpg 665w, https:\/\/hengxingmachinery.com\/wp-content\/uploads\/2025\/03\/double-teeth-roller-crusher-sale-300x246.jpg 300w, https:\/\/hengxingmachinery.com\/wp-content\/uploads\/2025\/03\/double-teeth-roller-crusher-sale-15x12.jpg 15w\" sizes=\"(max-width: 665px) 100vw, 665px\" \/><\/figure>\n\n<\/div><\/div>\n\n<div class=\"gb-grid-column gb-grid-column-bcae065b\"><div class=\"gb-container gb-container-bcae065b\">\n\n<p><strong><mark style=\"background-color:rgba(0, 0, 0, 0)\" class=\"has-inline-color has-global-color-8-color\">Tamanho da alimenta\u00e7\u00e3o:<\/mark><\/strong> 200-1150 mm<\/p>\n\n\n\n<p><strong><mark style=\"background-color:rgba(0, 0, 0, 0)\" class=\"has-inline-color has-global-color-8-color\">Capacidade de produ\u00e7\u00e3o:<\/mark><\/strong> 30-300 t\/h<\/p>\n\n\n\n<p><strong><mark style=\"background-color:rgba(0, 0, 0, 0)\" class=\"has-inline-color has-global-color-8-color\">Tamanho de descarga:<\/mark><\/strong> 15-200 mm<\/p>\n\n\n\n<p><strong><mark style=\"background-color:rgba(0, 0, 0, 0)\" class=\"has-inline-color has-global-color-8-color\">Materiais aplic\u00e1veis:<\/mark><\/strong> carv\u00e3o, carv\u00e3o betuminoso, antracito, linhito, sinter, coque, esc\u00f3ria, xisto, ganga de carv\u00e3o, ganga, calc\u00e1rio, etc.<\/p>\n\n\n\n<p><strong><mark style=\"background-color:rgba(0, 0, 0, 0)\" class=\"has-inline-color has-global-color-8-color\">Campo de aplica\u00e7\u00e3o:<\/mark><\/strong> adequado para as ind\u00fastrias de carv\u00e3o, metalurgia, minera\u00e7\u00e3o, qu\u00edmica, materiais de constru\u00e7\u00e3o e outras, sendo mais indicado para a tritura\u00e7\u00e3o de carv\u00e3o bruto (incluindo ganga) em minas de carv\u00e3o de grande porte ou usinas de prepara\u00e7\u00e3o de carv\u00e3o.<\/p>\n\n\n<div class=\"gb-container gb-container-256e15f1\">\n\n<a class=\"gb-button gb-button-e8b73d89 gb-button-text\" href=\"#popmake-622\">Obtenha uma cota\u00e7\u00e3o gratuita agora<\/a>\n\n<\/div>\n<\/div><\/div>\n<\/div>\n<\/div>\n<\/div>\n\n<div class=\"gb-container gb-container-3a930c38\">\n<div class=\"gb-container gb-container-8a36e90a\">\n\n<h2 class=\"gb-headline gb-headline-a5d3273c gb-headline-text\">Aplica\u00e7\u00e3o do triturador de dentes duplos<\/h2>\n\n\n\n<p>O triturador de rolos dentados duplos tem ampla aplica\u00e7\u00e3o nas ind\u00fastrias de minera\u00e7\u00e3o, materiais de constru\u00e7\u00e3o, qu\u00edmica, metalurgia, etc. O triturador de rolos pode realizar tritura\u00e7\u00e3o secund\u00e1ria e fina de materiais com dureza m\u00e9dia ou m\u00e9dia-baixa, como minerais, rochas, coque, carv\u00e3o, esc\u00f3ria, etc. Dependendo dos requisitos, os rolos podem ser lisos ou dentados.<\/p>\n\n\n<div class=\"gb-container gb-container-96208927\">\n\n<a class=\"gb-button gb-button-429870c5 gb-button-text\" href=\"#popmake-622\">Obtenha uma cota\u00e7\u00e3o gratuita agora<\/a>\n\n<\/div>\n<\/div>\n<\/div>\n\n<div class=\"gb-container gb-container-a7cff402\">\n<div class=\"gb-container gb-container-55200cb7\">\n\n<h2 class=\"gb-headline gb-headline-db95bb1f gb-headline-text\">Princ\u00edpio de funcionamento do triturador de dentes duplos<\/h2>\n\n\n\n<figure class=\"gb-block-image gb-block-image-4f30f5c4\"><img decoding=\"async\" width=\"665\" height=\"545\" class=\"gb-image gb-image-4f30f5c4\" src=\"https:\/\/hengxingmachinery.com\/wp-content\/uploads\/2025\/03\/double-teeth-roller-working.jpg\" alt=\"\" title=\"funcionamento-do-triturador-de-dentes-duplos\" srcset=\"https:\/\/hengxingmachinery.com\/wp-content\/uploads\/2025\/03\/double-teeth-roller-working.jpg 665w, https:\/\/hengxingmachinery.com\/wp-content\/uploads\/2025\/03\/double-teeth-roller-working-300x246.jpg 300w, https:\/\/hengxingmachinery.com\/wp-content\/uploads\/2025\/03\/double-teeth-roller-working-15x12.jpg 15w\" sizes=\"(max-width: 665px) 100vw, 665px\" \/><\/figure>\n\n\n\n<p>As part\u00edculas s\u00e3o puxadas para o espa\u00e7o entre os rolos pelo movimento rotativo, formando-se um \u00e2ngulo de atrito entre os rolos e a part\u00edcula, denominado \u00e2ngulo de pegada. Os dois rolos for\u00e7am a part\u00edcula entre suas superf\u00edcies girat\u00f3rias para a \u00e1rea de espa\u00e7o cada vez menor, e ela se fratura devido \u00e0s for\u00e7as compressivas exercidas pelos rolos rotativos.<\/p>\n\n\n<div class=\"gb-container gb-container-06064b35\">\n\n<a class=\"gb-button gb-button-a30441ca gb-button-text\" href=\"#popmake-622\">Obtenha uma cota\u00e7\u00e3o gratuita agora<\/a>\n\n<\/div>\n<\/div>\n<\/div>\n\n<div class=\"gb-container gb-container-4a0cf1f0\">\n<div class=\"gb-container gb-container-c65cee30\">\n\n<h2 class=\"gb-headline gb-headline-5876c5d4 gb-headline-text\">Principais caracter\u00edsticas do triturador de dentes duplos<\/h2>\n\n\n\n<figure class=\"gb-block-image gb-block-image-8be78fc4\"><img decoding=\"async\" width=\"800\" height=\"500\" class=\"gb-image gb-image-8be78fc4\" src=\"https:\/\/hengxingmachinery.com\/wp-content\/uploads\/2025\/03\/double-teeth-roller-feature.jpg\" alt=\"\" title=\"caracteristicas-do-triturador-de-dentes-duplos\" srcset=\"https:\/\/hengxingmachinery.com\/wp-content\/uploads\/2025\/03\/double-teeth-roller-feature.jpg 800w, https:\/\/hengxingmachinery.com\/wp-content\/uploads\/2025\/03\/double-teeth-roller-feature-300x188.jpg 300w, https:\/\/hengxingmachinery.com\/wp-content\/uploads\/2025\/03\/double-teeth-roller-feature-768x480.jpg 768w, https:\/\/hengxingmachinery.com\/wp-content\/uploads\/2025\/03\/double-teeth-roller-feature-18x12.jpg 18w\" sizes=\"(max-width: 800px) 100vw, 800px\" \/><\/figure>\n\n\n\n<p>1. Estrutura compacta, desempenho confi\u00e1vel<\/p>\n\n\n\n<p>2. Baixo ru\u00eddo e alta efici\u00eancia<\/p>\n\n\n\n<p>3. F\u00e1cil instala\u00e7\u00e3o, requer apenas funda\u00e7\u00e3o simples<\/p>\n\n\n\n<p>4. Permite ajuste f\u00e1cil da press\u00e3o e do tamanho, podendo ser personalizado conforme solicita\u00e7\u00e3o do cliente<\/p>\n\n\n\n<p>5. Autoprote\u00e7\u00e3o: as pe\u00e7as n\u00e3o s\u00e3o danificadas quando materiais duros, como metais, entram na c\u00e2mara de tritura\u00e7\u00e3o<\/p>\n\n\n\n<p>6. Baixa taxa de desgaste e f\u00e1cil manuten\u00e7\u00e3o<\/p>\n\n\n<div class=\"gb-container gb-container-537619be\">\n\n<a class=\"gb-button gb-button-214e6771 gb-button-text\" href=\"#popmake-622\">Obtenha uma cota\u00e7\u00e3o gratuita agora<\/a>\n\n<\/div>\n<\/div>\n<\/div>\n\n<div class=\"gb-container gb-container-435ad261\">\n<div class=\"gb-container gb-container-7dc79cc4\">\n\n<h2 class=\"gb-headline gb-headline-6fe5dee2 gb-headline-text\">Especifica\u00e7\u00f5es do triturador de dentes duplos<\/h2>\n\n\n\n<figure class=\"wp-block-table\"><table class=\"has-fixed-layout\"><tbody><tr><td>Modelo<\/td><td>Di\u00e2metro do rolo (mm)<\/td><td>Comprimento do rolo (mm)<\/td><td>Tamanho m\u00e1ximo de alimenta\u00e7\u00e3o (mm)<\/td><td>Tamanho de sa\u00edda (mm)<\/td><td>Capacidade (t\/h)<\/td><td>Pot\u00eancia do motor (kW)<\/td><td>Peso total (t)<\/td><td>Dimens\u00f5es totais (C \u00d7 L \u00d7 A) (mm)<\/td><\/tr><tr><td>2PGC600\u00d7500<\/td><td>600<\/td><td>500<\/td><td>200-450<\/td><td>15-100<\/td><td>30-60<\/td><td>4P 11\u00d72<\/td><td>3800<\/td><td>2450\u00d71800\u00d7950<\/td><\/tr><tr><td>2PGC600\u00d7800<\/td><td>600<\/td><td>750<\/td><td>300-600<\/td><td>20-120<\/td><td>60-100<\/td><td>4P 18,5\u00d72<\/td><td>7200<\/td><td>4500\u00d71900\u00d71350<\/td><\/tr><tr><td>2PGC800\u00d71000<\/td><td>800<\/td><td>1000<\/td><td>500-800<\/td><td>30-150<\/td><td>100-160<\/td><td>4P 22\u00d72<\/td><td>12600<\/td><td>2550\u00d72050\u00d71100<\/td><\/tr><tr><td>2PGC1000\u00d71000<\/td><td>1000<\/td><td>1000<\/td><td>700-950<\/td><td>30-200<\/td><td>150-200<\/td><td>6P 45\u00d72<\/td><td>18800<\/td><td>2780\u00d74100\u00d71550<\/td><\/tr><tr><td>2PGC1200\u00d71200<\/td><td>1200<\/td><td>1200<\/td><td>800-1050<\/td><td>30-200<\/td><td>180-250<\/td><td>6P 55\u00d72<\/td><td>29500<\/td><td>2780\u00d73200\u00d71980<\/td><\/tr><tr><td>2PGC1500\u00d71200<\/td><td>1500<\/td><td>1200<\/td><td>1000-1150<\/td><td>30-200<\/td><td>200-300<\/td><td>6P 75\u00d72<\/td><td>38600<\/td><td>8010\u00d74500\u00d72050<\/td><\/tr><\/tbody><\/table><\/figure>\n\n\n<div class=\"gb-container gb-container-263d9700\">\n\n<a class=\"gb-button gb-button-a4cbb7be gb-button-text\" href=\"#popmake-622\">Obtenha uma cota\u00e7\u00e3o gratuita agora<\/a>\n\n<\/div>\n<\/div>\n<\/div>","protected":false},"excerpt":{"rendered":"<p>Double teeth roller crusher Double teeth roller crusher application The double-teeth roller crusher has wide applications in the industries of mining, building materials, chemical industry, metallurgy, etc. The roller crusher can do secondary and fine crushing of materials with middle hardness or middle minus hardness, such as minerals, rocks, coke, coal, slag, etc. Depending on &#8230; <\/p>\n<p class=\"read-more-container\"><a title=\"1-1. Triturador de rolos com dentes duplos\" class=\"read-more button\" href=\"https:\/\/hengxingmachinery.com\/pt\/double-teeth-roller-crushers\/#more-2442\" aria-label=\"Leia mais sobre 1-1. Double teeth roller crusher\">Ler mais<\/a><\/p>","protected":false},"author":1,"featured_media":0,"parent":0,"menu_order":0,"comment_status":"closed","ping_status":"closed","template":"","meta":{"footnotes":""},"class_list":["post-2442","page","type-page","status-publish"],"yoast_head":"<!-- This site is optimized with the Yoast SEO plugin v27.4 - https:\/\/yoast.com\/product\/yoast-seo-wordpress\/ -->\n<title>1-1. Double teeth roller crusher - Hengxing Machinery<\/title>\n<meta name=\"robots\" content=\"index, follow, max-snippet:-1, max-image-preview:large, max-video-preview:-1\" \/>\n<link rel=\"canonical\" href=\"https:\/\/hengxingmachinery.com\/pt\/double-teeth-roller-crushers\/\" \/>\n<meta property=\"og:locale\" content=\"pt_PT\" \/>\n<meta property=\"og:type\" content=\"article\" \/>\n<meta property=\"og:title\" content=\"1-1. Double teeth roller crusher - Hengxing Machinery\" \/>\n<meta property=\"og:description\" content=\"Double teeth roller crusher Double teeth roller crusher application The double-teeth roller crusher has wide applications in the industries of mining, building materials, chemical industry, metallurgy, etc. The roller crusher can do secondary and fine crushing of materials with middle hardness or middle minus hardness, such as minerals, rocks, coke, coal, slag, etc. Depending on ... Ler mais\" \/>\n<meta property=\"og:url\" content=\"https:\/\/hengxingmachinery.com\/pt\/double-teeth-roller-crushers\/\" \/>\n<meta property=\"og:site_name\" content=\"Hengxing Machinery\" \/>\n<meta property=\"article:modified_time\" content=\"2025-03-21T09:55:31+00:00\" \/>\n<meta property=\"og:image\" content=\"https:\/\/hengxingmachinery.com\/wp-content\/uploads\/2025\/03\/double-teeth-roller-crusher-sale.jpg\" \/>\n<meta name=\"twitter:card\" content=\"summary_large_image\" \/>\n<meta name=\"twitter:label1\" content=\"Tempo estimado de leitura\" \/>\n\t<meta name=\"twitter:data1\" content=\"3 minutos\" \/>\n<script type=\"application\/ld+json\" class=\"yoast-schema-graph\">{\"@context\":\"https:\\\/\\\/schema.org\",\"@graph\":[{\"@type\":\"WebPage\",\"@id\":\"https:\\\/\\\/hengxingmachinery.com\\\/double-teeth-roller-crushers\\\/\",\"url\":\"https:\\\/\\\/hengxingmachinery.com\\\/double-teeth-roller-crushers\\\/\",\"name\":\"1-1. Double teeth roller crusher - Hengxing Machinery\",\"isPartOf\":{\"@id\":\"https:\\\/\\\/hengxingmachinery.com\\\/#website\"},\"primaryImageOfPage\":{\"@id\":\"https:\\\/\\\/hengxingmachinery.com\\\/double-teeth-roller-crushers\\\/#primaryimage\"},\"image\":{\"@id\":\"https:\\\/\\\/hengxingmachinery.com\\\/double-teeth-roller-crushers\\\/#primaryimage\"},\"thumbnailUrl\":\"https:\\\/\\\/hengxingmachinery.com\\\/wp-content\\\/uploads\\\/2025\\\/03\\\/double-teeth-roller-crusher-sale.jpg\",\"datePublished\":\"2025-03-21T09:55:30+00:00\",\"dateModified\":\"2025-03-21T09:55:31+00:00\",\"breadcrumb\":{\"@id\":\"https:\\\/\\\/hengxingmachinery.com\\\/double-teeth-roller-crushers\\\/#breadcrumb\"},\"inLanguage\":\"pt-PT\",\"potentialAction\":[{\"@type\":\"ReadAction\",\"target\":[\"https:\\\/\\\/hengxingmachinery.com\\\/double-teeth-roller-crushers\\\/\"]}]},{\"@type\":\"ImageObject\",\"inLanguage\":\"pt-PT\",\"@id\":\"https:\\\/\\\/hengxingmachinery.com\\\/double-teeth-roller-crushers\\\/#primaryimage\",\"url\":\"https:\\\/\\\/hengxingmachinery.com\\\/wp-content\\\/uploads\\\/2025\\\/03\\\/double-teeth-roller-crusher-sale.jpg\",\"contentUrl\":\"https:\\\/\\\/hengxingmachinery.com\\\/wp-content\\\/uploads\\\/2025\\\/03\\\/double-teeth-roller-crusher-sale.jpg\"},{\"@type\":\"BreadcrumbList\",\"@id\":\"https:\\\/\\\/hengxingmachinery.com\\\/double-teeth-roller-crushers\\\/#breadcrumb\",\"itemListElement\":[{\"@type\":\"ListItem\",\"position\":1,\"name\":\"Home\",\"item\":\"https:\\\/\\\/hengxingmachinery.com\\\/\"},{\"@type\":\"ListItem\",\"position\":2,\"name\":\"1-1. Double teeth roller crusher\"}]},{\"@type\":\"WebSite\",\"@id\":\"https:\\\/\\\/hengxingmachinery.com\\\/#website\",\"url\":\"https:\\\/\\\/hengxingmachinery.com\\\/\",\"name\":\"Hengxing Machinery\",\"description\":\"Leading Manufacturer of All Sorts of Mining Machinery\",\"publisher\":{\"@id\":\"https:\\\/\\\/hengxingmachinery.com\\\/#organization\"},\"potentialAction\":[{\"@type\":\"SearchAction\",\"target\":{\"@type\":\"EntryPoint\",\"urlTemplate\":\"https:\\\/\\\/hengxingmachinery.com\\\/?s={search_term_string}\"},\"query-input\":{\"@type\":\"PropertyValueSpecification\",\"valueRequired\":true,\"valueName\":\"search_term_string\"}}],\"inLanguage\":\"pt-PT\"},{\"@type\":\"Organization\",\"@id\":\"https:\\\/\\\/hengxingmachinery.com\\\/#organization\",\"name\":\"Hengxing Machinery\",\"url\":\"https:\\\/\\\/hengxingmachinery.com\\\/\",\"logo\":{\"@type\":\"ImageObject\",\"inLanguage\":\"pt-PT\",\"@id\":\"https:\\\/\\\/hengxingmachinery.com\\\/#\\\/schema\\\/logo\\\/image\\\/\",\"url\":\"https:\\\/\\\/hengxingmachinery.com\\\/wp-content\\\/uploads\\\/2024\\\/12\\\/logo.png\",\"contentUrl\":\"https:\\\/\\\/hengxingmachinery.com\\\/wp-content\\\/uploads\\\/2024\\\/12\\\/logo.png\",\"width\":400,\"height\":260,\"caption\":\"Hengxing Machinery\"},\"image\":{\"@id\":\"https:\\\/\\\/hengxingmachinery.com\\\/#\\\/schema\\\/logo\\\/image\\\/\"}}]}<\/script>\n<!-- \/ Yoast SEO plugin. -->","yoast_head_json":{"title":"1-1. Triturador de rolos com dentes duplos - Hengxing Machinery","robots":{"index":"index","follow":"follow","max-snippet":"max-snippet:-1","max-image-preview":"max-image-preview:large","max-video-preview":"max-video-preview:-1"},"canonical":"https:\/\/hengxingmachinery.com\/pt\/double-teeth-roller-crushers\/","og_locale":"pt_PT","og_type":"article","og_title":"1-1. Double teeth roller crusher - Hengxing Machinery","og_description":"Double teeth roller crusher Double teeth roller crusher application The double-teeth roller crusher has wide applications in the industries of mining, building materials, chemical industry, metallurgy, etc. The roller crusher can do secondary and fine crushing of materials with middle hardness or middle minus hardness, such as minerals, rocks, coke, coal, slag, etc. Depending on ... Ler mais","og_url":"https:\/\/hengxingmachinery.com\/pt\/double-teeth-roller-crushers\/","og_site_name":"Hengxing Machinery","article_modified_time":"2025-03-21T09:55:31+00:00","og_image":[{"url":"https:\/\/hengxingmachinery.com\/wp-content\/uploads\/2025\/03\/double-teeth-roller-crusher-sale.jpg","type":"","width":"","height":""}],"twitter_card":"summary_large_image","twitter_misc":{"Tempo estimado de leitura":"3 minutos"},"schema":{"@context":"https:\/\/schema.org","@graph":[{"@type":"WebPage","@id":"https:\/\/hengxingmachinery.com\/double-teeth-roller-crushers\/","url":"https:\/\/hengxingmachinery.com\/double-teeth-roller-crushers\/","name":"1-1. Triturador de rolos com dentes duplos - Hengxing Machinery","isPartOf":{"@id":"https:\/\/hengxingmachinery.com\/#website"},"primaryImageOfPage":{"@id":"https:\/\/hengxingmachinery.com\/double-teeth-roller-crushers\/#primaryimage"},"image":{"@id":"https:\/\/hengxingmachinery.com\/double-teeth-roller-crushers\/#primaryimage"},"thumbnailUrl":"https:\/\/hengxingmachinery.com\/wp-content\/uploads\/2025\/03\/double-teeth-roller-crusher-sale.jpg","datePublished":"2025-03-21T09:55:30+00:00","dateModified":"2025-03-21T09:55:31+00:00","breadcrumb":{"@id":"https:\/\/hengxingmachinery.com\/double-teeth-roller-crushers\/#breadcrumb"},"inLanguage":"pt-PT","potentialAction":[{"@type":"ReadAction","target":["https:\/\/hengxingmachinery.com\/double-teeth-roller-crushers\/"]}]},{"@type":"ImageObject","inLanguage":"pt-PT","@id":"https:\/\/hengxingmachinery.com\/double-teeth-roller-crushers\/#primaryimage","url":"https:\/\/hengxingmachinery.com\/wp-content\/uploads\/2025\/03\/double-teeth-roller-crusher-sale.jpg","contentUrl":"https:\/\/hengxingmachinery.com\/wp-content\/uploads\/2025\/03\/double-teeth-roller-crusher-sale.jpg"},{"@type":"BreadcrumbList","@id":"https:\/\/hengxingmachinery.com\/double-teeth-roller-crushers\/#breadcrumb","itemListElement":[{"@type":"ListItem","position":1,"name":"Home","item":"https:\/\/hengxingmachinery.com\/"},{"@type":"ListItem","position":2,"name":"1-1. Double teeth roller crusher"}]},{"@type":"WebSite","@id":"https:\/\/hengxingmachinery.com\/#website","url":"https:\/\/hengxingmachinery.com\/","name":"M\u00e1quinas Hengxing","description":"Fabricante l\u00edder de todos os tipos de m\u00e1quinas de minera\u00e7\u00e3o","publisher":{"@id":"https:\/\/hengxingmachinery.com\/#organization"},"potentialAction":[{"@type":"SearchAction","target":{"@type":"EntryPoint","urlTemplate":"https:\/\/hengxingmachinery.com\/?s={search_term_string}"},"query-input":{"@type":"PropertyValueSpecification","valueRequired":true,"valueName":"search_term_string"}}],"inLanguage":"pt-PT"},{"@type":"Organization","@id":"https:\/\/hengxingmachinery.com\/#organization","name":"M\u00e1quinas Hengxing","url":"https:\/\/hengxingmachinery.com\/","logo":{"@type":"ImageObject","inLanguage":"pt-PT","@id":"https:\/\/hengxingmachinery.com\/#\/schema\/logo\/image\/","url":"https:\/\/hengxingmachinery.com\/wp-content\/uploads\/2024\/12\/logo.png","contentUrl":"https:\/\/hengxingmachinery.com\/wp-content\/uploads\/2024\/12\/logo.png","width":400,"height":260,"caption":"Hengxing Machinery"},"image":{"@id":"https:\/\/hengxingmachinery.com\/#\/schema\/logo\/image\/"}}]}},"_links":{"self":[{"href":"https:\/\/hengxingmachinery.com\/pt\/wp-json\/wp\/v2\/pages\/2442","targetHints":{"allow":["GET"]}}],"collection":[{"href":"https:\/\/hengxingmachinery.com\/pt\/wp-json\/wp\/v2\/pages"}],"about":[{"href":"https:\/\/hengxingmachinery.com\/pt\/wp-json\/wp\/v2\/types\/page"}],"author":[{"embeddable":true,"href":"https:\/\/hengxingmachinery.com\/pt\/wp-json\/wp\/v2\/users\/1"}],"replies":[{"embeddable":true,"href":"https:\/\/hengxingmachinery.com\/pt\/wp-json\/wp\/v2\/comments?post=2442"}],"version-history":[{"count":4,"href":"https:\/\/hengxingmachinery.com\/pt\/wp-json\/wp\/v2\/pages\/2442\/revisions"}],"predecessor-version":[{"id":2636,"href":"https:\/\/hengxingmachinery.com\/pt\/wp-json\/wp\/v2\/pages\/2442\/revisions\/2636"}],"wp:attachment":[{"href":"https:\/\/hengxingmachinery.com\/pt\/wp-json\/wp\/v2\/media?parent=2442"}],"curies":[{"name":"wp","href":"https:\/\/api.w.org\/{rel}","templated":true}]}}