{"id":2443,"date":"2025-03-21T09:58:21","date_gmt":"2025-03-21T09:58:21","guid":{"rendered":"https:\/\/hengxingmachinery.com\/?page_id=2443"},"modified":"2025-03-21T09:58:38","modified_gmt":"2025-03-21T09:58:38","slug":"double-roller-crushers","status":"publish","type":"page","link":"https:\/\/hengxingmachinery.com\/pt\/double-roller-crushers\/","title":{"rendered":"1-1. Britador de rolos duplos"},"content":{"rendered":"<div class=\"gb-container gb-container-45165f5a\">\n<div class=\"gb-container gb-container-c2652eb4\">\n\n<h1 class=\"gb-headline gb-headline-62a8b2cc gb-headline-text\">Britadores de rolo duplo<\/h1>\n\n<\/div>\n<\/div>\n\n<div class=\"gb-container gb-container-519cf624\">\n<div class=\"gb-container gb-container-71ca071e\">\n<div class=\"gb-grid-wrapper gb-grid-wrapper-8a5f0688\">\n<div class=\"gb-grid-column gb-grid-column-1e99b1c2\"><div class=\"gb-container gb-container-1e99b1c2\">\n\n<figure class=\"gb-block-image gb-block-image-e4eaba54\"><img decoding=\"async\" width=\"665\" height=\"545\" class=\"gb-image gb-image-e4eaba54\" src=\"https:\/\/hengxingmachinery.com\/wp-content\/uploads\/2025\/03\/double-roller-crusher-major-sale.jpg\" alt=\"\" title=\"britador-de-rolos-duplos-principal-venda\" srcset=\"https:\/\/hengxingmachinery.com\/wp-content\/uploads\/2025\/03\/double-roller-crusher-major-sale.jpg 665w, https:\/\/hengxingmachinery.com\/wp-content\/uploads\/2025\/03\/double-roller-crusher-major-sale-300x246.jpg 300w, https:\/\/hengxingmachinery.com\/wp-content\/uploads\/2025\/03\/double-roller-crusher-major-sale-15x12.jpg 15w\" sizes=\"(max-width: 665px) 100vw, 665px\" \/><\/figure>\n\n<\/div><\/div>\n\n<div class=\"gb-grid-column gb-grid-column-bcae065b\"><div class=\"gb-container gb-container-bcae065b\">\n\n<p><strong><mark style=\"background-color:rgba(0, 0, 0, 0)\" class=\"has-inline-color has-global-color-8-color\">Capacidade de produ\u00e7\u00e3o:<\/mark><\/strong> 5-100 t\/h<\/p>\n\n\n\n<p><strong><mark style=\"background-color:rgba(0, 0, 0, 0)\" class=\"has-inline-color has-global-color-8-color\">Tamanho do feed:<\/mark><\/strong> \u226425-\u2264100 mm<\/p>\n\n\n\n<p><strong><mark style=\"background-color:rgba(0, 0, 0, 0)\" class=\"has-inline-color has-global-color-8-color\">Campo de aplica\u00e7\u00e3o:<\/mark><\/strong> Amplamente utilizado em v\u00e1rios min\u00e9rios, como granito, m\u00e1rmore, calc\u00e1rio, feldspato, pedra-sab\u00e3o, etc. Tamb\u00e9m pode ser utilizado para opera\u00e7\u00f5es de britagem fina de carv\u00e3o.<\/p>\n\n\n\n<p><strong><mark style=\"background-color:rgba(0, 0, 0, 0)\" class=\"has-inline-color has-global-color-8-color\">Materiais aplic\u00e1veis:<\/mark><\/strong> Calc\u00e1rio, carv\u00e3o, coque, cl\u00ednquer, granito, basalto, cimento, tijolo, telha, material de constru\u00e7\u00e3o, etc.<\/p>\n\n\n<div class=\"gb-container gb-container-256e15f1\">\n\n<a class=\"gb-button gb-button-e8b73d89 gb-button-text\" href=\"#popmake-622\">Obtenha uma cota\u00e7\u00e3o gratuita agora<\/a>\n\n<\/div>\n<\/div><\/div>\n<\/div>\n<\/div>\n<\/div>\n\n<div class=\"gb-container gb-container-3a930c38\">\n<div class=\"gb-container gb-container-8a36e90a\">\n\n<h2 class=\"gb-headline gb-headline-a5d3273c gb-headline-text\">Aplica\u00e7\u00e3o do britador de rolos duplos<\/h2>\n\n\n\n<p>O britador de rolos duplos \u00e9 adequado para britagem prim\u00e1ria e intermedi\u00e1ria de materiais fr\u00e1geis em ind\u00fastrias como cimento, ind\u00fastria qu\u00edmica, energia el\u00e9trica, minera\u00e7\u00e3o, materiais de constru\u00e7\u00e3o e metalurgia. O tamanho do gr\u00e3o do material de entrada \u00e9 grande, a granulometria do produto de sa\u00edda pode ser controlada, e \u00e9 poss\u00edvel destruir efetivamente materiais cuja resist\u00eancia \u00e0 compress\u00e3o seja inferior a 160 MPa.<\/p>\n\n\n\n<p>O britador de rolos duplos \u00e9 utilizado principalmente para britagem secund\u00e1ria e fina de materiais com dureza baixa ou m\u00e9dia, como carv\u00e3o, coque, calc\u00e1rio, etc.<\/p>\n\n\n<div class=\"gb-container gb-container-96208927\">\n\n<a class=\"gb-button gb-button-429870c5 gb-button-text\" href=\"#popmake-622\">Obtenha uma cota\u00e7\u00e3o gratuita agora<\/a>\n\n<\/div>\n<\/div>\n<\/div>\n\n<div class=\"gb-container gb-container-aa4e8293\">\n<div class=\"gb-container gb-container-d731c8a8\">\n\n<h2 class=\"gb-headline gb-headline-b1b3d445 gb-headline-text\">Caracter\u00edsticas do britador de rolos duplos<\/h2>\n\n\n\n<figure class=\"gb-block-image gb-block-image-3ac1bf7d\"><img decoding=\"async\" width=\"800\" height=\"500\" class=\"gb-image gb-image-3ac1bf7d\" src=\"https:\/\/hengxingmachinery.com\/wp-content\/uploads\/2025\/03\/double-roller-feature.jpg\" alt=\"\" title=\"caracter\u00edstica-do-rolo-duplo\" srcset=\"https:\/\/hengxingmachinery.com\/wp-content\/uploads\/2025\/03\/double-roller-feature.jpg 800w, https:\/\/hengxingmachinery.com\/wp-content\/uploads\/2025\/03\/double-roller-feature-300x188.jpg 300w, https:\/\/hengxingmachinery.com\/wp-content\/uploads\/2025\/03\/double-roller-feature-768x480.jpg 768w, https:\/\/hengxingmachinery.com\/wp-content\/uploads\/2025\/03\/double-roller-feature-18x12.jpg 18w\" sizes=\"(max-width: 800px) 100vw, 800px\" \/><\/figure>\n\n\n\n<p>1. Estrutura compacta, baixo ru\u00eddo e alta efici\u00eancia;<\/p>\n\n\n\n<p>2. F\u00e1cil instala\u00e7\u00e3o, necessitando apenas de uma funda\u00e7\u00e3o simples;<\/p>\n\n\n\n<p>3. Permite ajustar facilmente a press\u00e3o e o tamanho.<\/p>\n\n\n\n<p>4. Autoprote\u00e7\u00e3o: as pe\u00e7as n\u00e3o s\u00e3o danificadas quando materiais duros, como metais, entram na c\u00e2mara de britagem;<\/p>\n\n\n\n<p>5. Manuten\u00e7\u00e3o de baixo custo e f\u00e1cil de realizar.<\/p>\n\n\n<div class=\"gb-container gb-container-4a6c515d\">\n\n<a class=\"gb-button gb-button-9036eb8c gb-button-text\" href=\"#popmake-622\">Obtenha uma cota\u00e7\u00e3o gratuita agora<\/a>\n\n<\/div>\n<\/div>\n\n<div class=\"gb-container gb-container-7cdb7ff3\">\n\n<h2 class=\"gb-headline gb-headline-83524595 gb-headline-text\">Princ\u00edpio de funcionamento do britador de rolos duplos<\/h2>\n\n\n\n<figure class=\"gb-block-image gb-block-image-aa17454b\"><img decoding=\"async\" width=\"800\" height=\"500\" class=\"gb-image gb-image-aa17454b\" src=\"https:\/\/hengxingmachinery.com\/wp-content\/uploads\/2025\/03\/double-roller-working.jpg\" alt=\"\" title=\"funcionamento-do-rolo-duplo\" srcset=\"https:\/\/hengxingmachinery.com\/wp-content\/uploads\/2025\/03\/double-roller-working.jpg 800w, https:\/\/hengxingmachinery.com\/wp-content\/uploads\/2025\/03\/double-roller-working-300x188.jpg 300w, https:\/\/hengxingmachinery.com\/wp-content\/uploads\/2025\/03\/double-roller-working-768x480.jpg 768w, https:\/\/hengxingmachinery.com\/wp-content\/uploads\/2025\/03\/double-roller-working-18x12.jpg 18w\" sizes=\"(max-width: 800px) 100vw, 800px\" \/><\/figure>\n\n\n\n<p>Os materiais a serem britados caem da boca de alimenta\u00e7\u00e3o para o espa\u00e7o entre os dois rolos. Ap\u00f3s serem comprimidos e britados, os produtos finais caem naturalmente. <\/p>\n\n\n\n<p>Quando h\u00e1 materiais excessivamente duros ou materiais que n\u00e3o podem ser britados, os rolos do britador recuam automaticamente sob o efeito de um cilindro hidr\u00e1ulico ou mola, aumentando a folga entre os rolos, e os materiais excessivamente duros ou que n\u00e3o podem ser britados caem. Assim, protege-se a m\u00e1quina contra danos. <\/p>\n\n\n\n<p>Existe uma certa folga entre os dois rolos que giram em dire\u00e7\u00f5es opostas, e a granulometria m\u00e1xima de descarga dos produtos finais pode ser controlada alterando essa folga. <\/p>\n\n\n\n<p>O britador de rolos duplos fragmenta os materiais atrav\u00e9s da rota\u00e7\u00e3o oposta de seus dois rolos cil\u00edndricos, e o britador de quatro rolos fragmenta os materiais atrav\u00e9s de dois pares de rolos cil\u00edndricos que giram em dire\u00e7\u00f5es opostas.<\/p>\n\n\n<div class=\"gb-container gb-container-c18fb3b0\">\n\n<a class=\"gb-button gb-button-3b66cbf0 gb-button-text\" href=\"#popmake-622\">Obtenha uma cota\u00e7\u00e3o gratuita agora<\/a>\n\n<\/div>\n<\/div>\n<\/div>\n\n<div class=\"gb-container gb-container-435ad261\">\n<div class=\"gb-container gb-container-7dc79cc4\">\n\n<h2 class=\"gb-headline gb-headline-6fe5dee2 gb-headline-text\">Especifica\u00e7\u00f5es do britador de rolos duplos<\/h2>\n\n\n\n<figure class=\"wp-block-table\"><table class=\"has-fixed-layout\"><tbody><tr><td>Modelo<\/td><td>Tamanho de alimenta\u00e7\u00e3o (mm)<\/td><td>Tamanho de sa\u00edda (mm)<\/td><td>Capacidade (t\/h)<\/td><td>Pot\u00eancia do motor (kW)<\/td><td>Peso (t)<\/td><td>Dimens\u00f5es gerais (mm)<\/td><\/tr><tr><td>2PG400*250<\/td><td>&lt;35<\/td><td>&lt;2-8<\/td><td>2-10<\/td><td>2*5.5<\/td><td>1.5<\/td><td>2110*870*810<\/td><\/tr><tr><td>2PG610*400<\/td><td>&lt;65<\/td><td>&lt;2-20<\/td><td>5-20<\/td><td>2*15<\/td><td>3.9<\/td><td>3510*1420*1030<\/td><\/tr><tr><td>2PG750*500<\/td><td>&lt;75<\/td><td>&lt;2-25<\/td><td>10-40<\/td><td>2*18.5<\/td><td>9.5<\/td><td>4210*1630*1260<\/td><\/tr><tr><td>2PG800*600<\/td><td>&lt;80<\/td><td>&lt;2-25<\/td><td>12-45<\/td><td>2*22<\/td><td>10.8<\/td><td>4505-1780*1320<\/td><\/tr><tr><td>2PG1000*700<\/td><td>&lt;100<\/td><td>&lt;3-30<\/td><td>20-65<\/td><td>2*30<\/td><td>14.9<\/td><td>5310*2175*1595<\/td><\/tr><tr><td>2PG1200*800<\/td><td>&lt;120<\/td><td>&lt;3-35<\/td><td>35-80<\/td><td>2*37<\/td><td>25.5<\/td><td>6290*2270*1870<\/td><\/tr><tr><td>2PG1500*800<\/td><td>&lt;130<\/td><td>&lt;3-45<\/td><td>50-120<\/td><td>2*75<\/td><td>33.7<\/td><td>7460*2410*2290<\/td><\/tr><tr><td>2PG1600*1000<\/td><td>&lt;150<\/td><td>&lt;3-50<\/td><td>60-140<\/td><td>2*90<\/td><td>42<\/td><td>8220*2680*2475<\/td><\/tr><\/tbody><\/table><\/figure>\n\n\n<div class=\"gb-container gb-container-263d9700\">\n\n<a class=\"gb-button gb-button-a4cbb7be gb-button-text\" href=\"#popmake-622\">Obtenha uma cota\u00e7\u00e3o gratuita agora<\/a>\n\n<\/div>\n<\/div>\n<\/div>","protected":false},"excerpt":{"rendered":"<p>Double roller crushers Double roller crusher application Double roller crusher is suitable for rough and intermediate crushing of brittle materials in such industries as cement, chemical industry, electric power, mine, building materials and metallurgy. The grain size of the input material is large, the particle size of the output product can be controlled, and it &#8230; <\/p>\n<p class=\"read-more-container\"><a title=\"1-1. Britador de rolos duplos\" class=\"read-more button\" href=\"https:\/\/hengxingmachinery.com\/pt\/double-roller-crushers\/#more-2443\" aria-label=\"Leia mais sobre 1-1. Double roller crusher\">Ler mais<\/a><\/p>","protected":false},"author":1,"featured_media":0,"parent":0,"menu_order":0,"comment_status":"closed","ping_status":"closed","template":"","meta":{"footnotes":""},"class_list":["post-2443","page","type-page","status-publish"],"yoast_head":"<!-- This site is optimized with the Yoast SEO plugin v27.4 - https:\/\/yoast.com\/product\/yoast-seo-wordpress\/ -->\n<title>1-1. Double roller crusher - Hengxing Machinery<\/title>\n<meta name=\"robots\" content=\"index, follow, max-snippet:-1, max-image-preview:large, max-video-preview:-1\" \/>\n<link rel=\"canonical\" href=\"https:\/\/hengxingmachinery.com\/pt\/double-roller-crushers\/\" \/>\n<meta property=\"og:locale\" content=\"pt_PT\" \/>\n<meta property=\"og:type\" content=\"article\" \/>\n<meta property=\"og:title\" content=\"1-1. Double roller crusher - Hengxing Machinery\" \/>\n<meta property=\"og:description\" content=\"Double roller crushers Double roller crusher application Double roller crusher is suitable for rough and intermediate crushing of brittle materials in such industries as cement, chemical industry, electric power, mine, building materials and metallurgy. The grain size of the input material is large, the particle size of the output product can be controlled, and it ... Ler mais\" \/>\n<meta property=\"og:url\" content=\"https:\/\/hengxingmachinery.com\/pt\/double-roller-crushers\/\" \/>\n<meta property=\"og:site_name\" content=\"Hengxing Machinery\" \/>\n<meta property=\"article:modified_time\" content=\"2025-03-21T09:58:38+00:00\" \/>\n<meta property=\"og:image\" content=\"https:\/\/hengxingmachinery.com\/wp-content\/uploads\/2025\/03\/double-roller-crusher-major-sale.jpg\" \/>\n<meta name=\"twitter:card\" content=\"summary_large_image\" \/>\n<meta name=\"twitter:label1\" content=\"Tempo estimado de leitura\" \/>\n\t<meta name=\"twitter:data1\" content=\"3 minutos\" \/>\n<script type=\"application\/ld+json\" class=\"yoast-schema-graph\">{\"@context\":\"https:\\\/\\\/schema.org\",\"@graph\":[{\"@type\":\"WebPage\",\"@id\":\"https:\\\/\\\/hengxingmachinery.com\\\/double-roller-crushers\\\/\",\"url\":\"https:\\\/\\\/hengxingmachinery.com\\\/double-roller-crushers\\\/\",\"name\":\"1-1. Double roller crusher - Hengxing Machinery\",\"isPartOf\":{\"@id\":\"https:\\\/\\\/hengxingmachinery.com\\\/#website\"},\"primaryImageOfPage\":{\"@id\":\"https:\\\/\\\/hengxingmachinery.com\\\/double-roller-crushers\\\/#primaryimage\"},\"image\":{\"@id\":\"https:\\\/\\\/hengxingmachinery.com\\\/double-roller-crushers\\\/#primaryimage\"},\"thumbnailUrl\":\"https:\\\/\\\/hengxingmachinery.com\\\/wp-content\\\/uploads\\\/2025\\\/03\\\/double-roller-crusher-major-sale.jpg\",\"datePublished\":\"2025-03-21T09:58:21+00:00\",\"dateModified\":\"2025-03-21T09:58:38+00:00\",\"breadcrumb\":{\"@id\":\"https:\\\/\\\/hengxingmachinery.com\\\/double-roller-crushers\\\/#breadcrumb\"},\"inLanguage\":\"pt-PT\",\"potentialAction\":[{\"@type\":\"ReadAction\",\"target\":[\"https:\\\/\\\/hengxingmachinery.com\\\/double-roller-crushers\\\/\"]}]},{\"@type\":\"ImageObject\",\"inLanguage\":\"pt-PT\",\"@id\":\"https:\\\/\\\/hengxingmachinery.com\\\/double-roller-crushers\\\/#primaryimage\",\"url\":\"https:\\\/\\\/hengxingmachinery.com\\\/wp-content\\\/uploads\\\/2025\\\/03\\\/double-roller-crusher-major-sale.jpg\",\"contentUrl\":\"https:\\\/\\\/hengxingmachinery.com\\\/wp-content\\\/uploads\\\/2025\\\/03\\\/double-roller-crusher-major-sale.jpg\"},{\"@type\":\"BreadcrumbList\",\"@id\":\"https:\\\/\\\/hengxingmachinery.com\\\/double-roller-crushers\\\/#breadcrumb\",\"itemListElement\":[{\"@type\":\"ListItem\",\"position\":1,\"name\":\"Home\",\"item\":\"https:\\\/\\\/hengxingmachinery.com\\\/\"},{\"@type\":\"ListItem\",\"position\":2,\"name\":\"1-1. Double roller crusher\"}]},{\"@type\":\"WebSite\",\"@id\":\"https:\\\/\\\/hengxingmachinery.com\\\/#website\",\"url\":\"https:\\\/\\\/hengxingmachinery.com\\\/\",\"name\":\"Hengxing Machinery\",\"description\":\"Leading Manufacturer of All Sorts of Mining Machinery\",\"publisher\":{\"@id\":\"https:\\\/\\\/hengxingmachinery.com\\\/#organization\"},\"potentialAction\":[{\"@type\":\"SearchAction\",\"target\":{\"@type\":\"EntryPoint\",\"urlTemplate\":\"https:\\\/\\\/hengxingmachinery.com\\\/?s={search_term_string}\"},\"query-input\":{\"@type\":\"PropertyValueSpecification\",\"valueRequired\":true,\"valueName\":\"search_term_string\"}}],\"inLanguage\":\"pt-PT\"},{\"@type\":\"Organization\",\"@id\":\"https:\\\/\\\/hengxingmachinery.com\\\/#organization\",\"name\":\"Hengxing Machinery\",\"url\":\"https:\\\/\\\/hengxingmachinery.com\\\/\",\"logo\":{\"@type\":\"ImageObject\",\"inLanguage\":\"pt-PT\",\"@id\":\"https:\\\/\\\/hengxingmachinery.com\\\/#\\\/schema\\\/logo\\\/image\\\/\",\"url\":\"https:\\\/\\\/hengxingmachinery.com\\\/wp-content\\\/uploads\\\/2024\\\/12\\\/logo.png\",\"contentUrl\":\"https:\\\/\\\/hengxingmachinery.com\\\/wp-content\\\/uploads\\\/2024\\\/12\\\/logo.png\",\"width\":400,\"height\":260,\"caption\":\"Hengxing Machinery\"},\"image\":{\"@id\":\"https:\\\/\\\/hengxingmachinery.com\\\/#\\\/schema\\\/logo\\\/image\\\/\"}}]}<\/script>\n<!-- \/ Yoast SEO plugin. -->","yoast_head_json":{"title":"1-1. Triturador de rolos duplos - Hengxing Machinery","robots":{"index":"index","follow":"follow","max-snippet":"max-snippet:-1","max-image-preview":"max-image-preview:large","max-video-preview":"max-video-preview:-1"},"canonical":"https:\/\/hengxingmachinery.com\/pt\/double-roller-crushers\/","og_locale":"pt_PT","og_type":"article","og_title":"1-1. Double roller crusher - Hengxing Machinery","og_description":"Double roller crushers Double roller crusher application Double roller crusher is suitable for rough and intermediate crushing of brittle materials in such industries as cement, chemical industry, electric power, mine, building materials and metallurgy. The grain size of the input material is large, the particle size of the output product can be controlled, and it ... Ler mais","og_url":"https:\/\/hengxingmachinery.com\/pt\/double-roller-crushers\/","og_site_name":"Hengxing Machinery","article_modified_time":"2025-03-21T09:58:38+00:00","og_image":[{"url":"https:\/\/hengxingmachinery.com\/wp-content\/uploads\/2025\/03\/double-roller-crusher-major-sale.jpg","type":"","width":"","height":""}],"twitter_card":"summary_large_image","twitter_misc":{"Tempo estimado de leitura":"3 minutos"},"schema":{"@context":"https:\/\/schema.org","@graph":[{"@type":"WebPage","@id":"https:\/\/hengxingmachinery.com\/double-roller-crushers\/","url":"https:\/\/hengxingmachinery.com\/double-roller-crushers\/","name":"1-1. Triturador de rolos duplos - Hengxing Machinery","isPartOf":{"@id":"https:\/\/hengxingmachinery.com\/#website"},"primaryImageOfPage":{"@id":"https:\/\/hengxingmachinery.com\/double-roller-crushers\/#primaryimage"},"image":{"@id":"https:\/\/hengxingmachinery.com\/double-roller-crushers\/#primaryimage"},"thumbnailUrl":"https:\/\/hengxingmachinery.com\/wp-content\/uploads\/2025\/03\/double-roller-crusher-major-sale.jpg","datePublished":"2025-03-21T09:58:21+00:00","dateModified":"2025-03-21T09:58:38+00:00","breadcrumb":{"@id":"https:\/\/hengxingmachinery.com\/double-roller-crushers\/#breadcrumb"},"inLanguage":"pt-PT","potentialAction":[{"@type":"ReadAction","target":["https:\/\/hengxingmachinery.com\/double-roller-crushers\/"]}]},{"@type":"ImageObject","inLanguage":"pt-PT","@id":"https:\/\/hengxingmachinery.com\/double-roller-crushers\/#primaryimage","url":"https:\/\/hengxingmachinery.com\/wp-content\/uploads\/2025\/03\/double-roller-crusher-major-sale.jpg","contentUrl":"https:\/\/hengxingmachinery.com\/wp-content\/uploads\/2025\/03\/double-roller-crusher-major-sale.jpg"},{"@type":"BreadcrumbList","@id":"https:\/\/hengxingmachinery.com\/double-roller-crushers\/#breadcrumb","itemListElement":[{"@type":"ListItem","position":1,"name":"Home","item":"https:\/\/hengxingmachinery.com\/"},{"@type":"ListItem","position":2,"name":"1-1. Double roller crusher"}]},{"@type":"WebSite","@id":"https:\/\/hengxingmachinery.com\/#website","url":"https:\/\/hengxingmachinery.com\/","name":"M\u00e1quinas Hengxing","description":"Fabricante l\u00edder de todos os tipos de m\u00e1quinas de minera\u00e7\u00e3o","publisher":{"@id":"https:\/\/hengxingmachinery.com\/#organization"},"potentialAction":[{"@type":"SearchAction","target":{"@type":"EntryPoint","urlTemplate":"https:\/\/hengxingmachinery.com\/?s={search_term_string}"},"query-input":{"@type":"PropertyValueSpecification","valueRequired":true,"valueName":"search_term_string"}}],"inLanguage":"pt-PT"},{"@type":"Organization","@id":"https:\/\/hengxingmachinery.com\/#organization","name":"M\u00e1quinas Hengxing","url":"https:\/\/hengxingmachinery.com\/","logo":{"@type":"ImageObject","inLanguage":"pt-PT","@id":"https:\/\/hengxingmachinery.com\/#\/schema\/logo\/image\/","url":"https:\/\/hengxingmachinery.com\/wp-content\/uploads\/2024\/12\/logo.png","contentUrl":"https:\/\/hengxingmachinery.com\/wp-content\/uploads\/2024\/12\/logo.png","width":400,"height":260,"caption":"Hengxing Machinery"},"image":{"@id":"https:\/\/hengxingmachinery.com\/#\/schema\/logo\/image\/"}}]}},"_links":{"self":[{"href":"https:\/\/hengxingmachinery.com\/pt\/wp-json\/wp\/v2\/pages\/2443","targetHints":{"allow":["GET"]}}],"collection":[{"href":"https:\/\/hengxingmachinery.com\/pt\/wp-json\/wp\/v2\/pages"}],"about":[{"href":"https:\/\/hengxingmachinery.com\/pt\/wp-json\/wp\/v2\/types\/page"}],"author":[{"embeddable":true,"href":"https:\/\/hengxingmachinery.com\/pt\/wp-json\/wp\/v2\/users\/1"}],"replies":[{"embeddable":true,"href":"https:\/\/hengxingmachinery.com\/pt\/wp-json\/wp\/v2\/comments?post=2443"}],"version-history":[{"count":4,"href":"https:\/\/hengxingmachinery.com\/pt\/wp-json\/wp\/v2\/pages\/2443\/revisions"}],"predecessor-version":[{"id":2652,"href":"https:\/\/hengxingmachinery.com\/pt\/wp-json\/wp\/v2\/pages\/2443\/revisions\/2652"}],"wp:attachment":[{"href":"https:\/\/hengxingmachinery.com\/pt\/wp-json\/wp\/v2\/media?parent=2443"}],"curies":[{"name":"wp","href":"https:\/\/api.w.org\/{rel}","templated":true}]}}