{"id":2444,"date":"2025-03-21T10:01:16","date_gmt":"2025-03-21T10:01:16","guid":{"rendered":"https:\/\/hengxingmachinery.com\/?page_id=2444"},"modified":"2025-03-21T10:01:17","modified_gmt":"2025-03-21T10:01:17","slug":"roller-crushers","status":"publish","type":"page","link":"https:\/\/hengxingmachinery.com\/pt\/roller-crushers\/","title":{"rendered":"1-1. Britador de rolos"},"content":{"rendered":"<div class=\"gb-container gb-container-45165f5a\">\n<div class=\"gb-container gb-container-c2652eb4\">\n\n<h1 class=\"gb-headline gb-headline-62a8b2cc gb-headline-text\">Britador de rolo<\/h1>\n\n<\/div>\n<\/div>\n\n<div class=\"gb-container gb-container-519cf624\">\n<div class=\"gb-container gb-container-71ca071e\">\n<div class=\"gb-grid-wrapper gb-grid-wrapper-8a5f0688\">\n<div class=\"gb-grid-column gb-grid-column-1e99b1c2\"><div class=\"gb-container gb-container-1e99b1c2\">\n\n<figure class=\"gb-block-image gb-block-image-e4eaba54\"><img decoding=\"async\" width=\"665\" height=\"545\" class=\"gb-image gb-image-e4eaba54\" src=\"https:\/\/hengxingmachinery.com\/wp-content\/uploads\/2025\/03\/roller-crusher-major-sale.jpg\" alt=\"\" title=\"principais-vendas-de-britador-de-rolos\" srcset=\"https:\/\/hengxingmachinery.com\/wp-content\/uploads\/2025\/03\/roller-crusher-major-sale.jpg 665w, https:\/\/hengxingmachinery.com\/wp-content\/uploads\/2025\/03\/roller-crusher-major-sale-300x246.jpg 300w, https:\/\/hengxingmachinery.com\/wp-content\/uploads\/2025\/03\/roller-crusher-major-sale-15x12.jpg 15w\" sizes=\"(max-width: 665px) 100vw, 665px\" \/><\/figure>\n\n<\/div><\/div>\n\n<div class=\"gb-grid-column gb-grid-column-bcae065b\"><div class=\"gb-container gb-container-bcae065b\">\n\n<p>O britador de rolos \u00e9 utilizado para triturar materiais com resist\u00eancia \u00e0 compress\u00e3o inferior a 300 MPa e umidade abaixo de 35%, incluindo v\u00e1rios tipos de min\u00e9rios e materiais rochosos para britagem intermedi\u00e1ria e fina, como min\u00e9rio de ferro, quartzo, mat\u00e9rias-primas cer\u00e2micas, etc.<\/p>\n\n\n<div class=\"gb-container gb-container-256e15f1\">\n\n<a class=\"gb-button gb-button-e8b73d89 gb-button-text\" href=\"#popmake-622\">Obtenha uma cota\u00e7\u00e3o gratuita agora<\/a>\n\n<\/div>\n<\/div><\/div>\n<\/div>\n<\/div>\n<\/div>\n\n<div class=\"gb-container gb-container-3a930c38\">\n<div class=\"gb-container gb-container-8a36e90a\">\n\n<h2 class=\"gb-headline gb-headline-a5d3273c gb-headline-text\">Aplica\u00e7\u00e3o do britador de rolos<\/h2>\n\n\n\n<figure class=\"gb-block-image gb-block-image-1c359176\"><img decoding=\"async\" width=\"800\" height=\"500\" class=\"gb-image gb-image-1c359176\" src=\"https:\/\/hengxingmachinery.com\/wp-content\/uploads\/2025\/03\/roller-crusher-working.jpg\" alt=\"\" title=\"funcionamento-do-britador-de-rolos\" srcset=\"https:\/\/hengxingmachinery.com\/wp-content\/uploads\/2025\/03\/roller-crusher-working.jpg 800w, https:\/\/hengxingmachinery.com\/wp-content\/uploads\/2025\/03\/roller-crusher-working-300x188.jpg 300w, https:\/\/hengxingmachinery.com\/wp-content\/uploads\/2025\/03\/roller-crusher-working-768x480.jpg 768w, https:\/\/hengxingmachinery.com\/wp-content\/uploads\/2025\/03\/roller-crusher-working-18x12.jpg 18w\" sizes=\"(max-width: 800px) 100vw, 800px\" \/><\/figure>\n\n\n\n<p>O britador de rolos \u00e9 amplamente utilizado para britagem secund\u00e1ria e fina nas ind\u00fastrias de minera\u00e7\u00e3o, constru\u00e7\u00e3o civil, qu\u00edmica, metalurgia, entre outras. Pode triturar materiais de dureza m\u00e9dia, como rochas, min\u00e9rios, coque, carv\u00e3o em pedra, esc\u00f3ria, esc\u00f3ria mineral, cl\u00ednquer de cimento, materiais refrat\u00e1rios, e assim por diante.<\/p>\n\n\n<div class=\"gb-container gb-container-96208927\">\n\n<a class=\"gb-button gb-button-429870c5 gb-button-text\" href=\"#popmake-622\">Obtenha uma cota\u00e7\u00e3o gratuita agora<\/a>\n\n<\/div>\n<\/div>\n\n<div class=\"gb-container gb-container-ea38128a\">\n\n<h2 class=\"gb-headline gb-headline-a55f69d1 gb-headline-text\">Caracter\u00edsticas do britador de rolos<\/h2>\n\n\n\n<figure class=\"gb-block-image gb-block-image-f8f0a476\"><img decoding=\"async\" width=\"800\" height=\"500\" class=\"gb-image gb-image-f8f0a476\" src=\"https:\/\/hengxingmachinery.com\/wp-content\/uploads\/2025\/03\/roller-crusher-features.jpg\" alt=\"\" title=\"caracter\u00edsticas-do-britador-de-rolos\" srcset=\"https:\/\/hengxingmachinery.com\/wp-content\/uploads\/2025\/03\/roller-crusher-features.jpg 800w, https:\/\/hengxingmachinery.com\/wp-content\/uploads\/2025\/03\/roller-crusher-features-300x188.jpg 300w, https:\/\/hengxingmachinery.com\/wp-content\/uploads\/2025\/03\/roller-crusher-features-768x480.jpg 768w, https:\/\/hengxingmachinery.com\/wp-content\/uploads\/2025\/03\/roller-crusher-features-18x12.jpg 18w\" sizes=\"(max-width: 800px) 100vw, 800px\" \/><\/figure>\n\n\n\n<p>1. Com o sistema hidr\u00e1ulico de controle avan\u00e7ado, os usu\u00e1rios podem ajustar a press\u00e3o de acordo com a dureza do material, garantindo uma prensagem e pulveriza\u00e7\u00e3o completa;<\/p>\n\n\n\n<p>2. Equipado com sensor, a m\u00e1quina pode aliviar a carga em caso de sobrecarga, protegendo o equipamento;<\/p>\n\n\n\n<p>3. A tecnologia avan\u00e7ada de revestimento duro aumenta a vida \u00fatil das capas dos rolos;<\/p>\n\n\n\n<p>4. Bom desempenho, baixo custo operacional e manuten\u00e7\u00e3o f\u00e1cil.<\/p>\n\n\n<div class=\"gb-container gb-container-8a65076f\">\n\n<a class=\"gb-button gb-button-476ae569 gb-button-text\" href=\"#popmake-622\">Obtenha uma cota\u00e7\u00e3o gratuita agora<\/a>\n\n<\/div>\n<\/div>\n<\/div>\n\n<div class=\"gb-container gb-container-435ad261\">\n<div class=\"gb-container gb-container-7dc79cc4\">\n\n<h2 class=\"gb-headline gb-headline-6fe5dee2 gb-headline-text\">Especifica\u00e7\u00f5es do britador de rolos<\/h2>\n\n\n\n<figure class=\"wp-block-table\"><table class=\"has-fixed-layout\"><tbody><tr><td>Modelo<\/td><td>Tamanho de Alimenta\u00e7\u00e3o<br>(mil\u00edmetros)<\/td><td>Sa\u00edda<br>Dimens\u00e3o<br>(mil\u00edmetros)<\/td><td>Capacidade<br>(t\/h)<\/td><td>Pot\u00eancia do Motor<br>(kw)<\/td><td>Peso<br>(t)<\/td><td>Dimens\u00f5es Gerais<br>(mil\u00edmetros)<\/td><\/tr><tr><td>2PG1000\u00d7700<\/td><td>&lt;100<\/td><td>\u22643-30<\/td><td>20-68<\/td><td>2\u00d730<\/td><td>14.9<\/td><td>5310\u00d72175\u00d71595<\/td><\/tr><tr><td>2PY1200\u00d7800<\/td><td>&lt;120<\/td><td>\u22643-35<\/td><td>35-84<\/td><td>2\u00d737<\/td><td>25.5<\/td><td>6290\u00d72270\u00d71870<\/td><\/tr><tr><td>2PG1500\u00d7800<\/td><td>&lt;130<\/td><td>\u22643-45<\/td><td>50-125<\/td><td>2\u00d775<\/td><td>33.7<\/td><td>7460\u00d72410\u00d72290<\/td><\/tr><tr><td>2PG1600\u00d71000<\/td><td>&lt;150<\/td><td>\u22643-50<\/td><td>60-146<\/td><td>2\u00d790<\/td><td>41.2<\/td><td>8220\u00d72680\u00d72475<\/td><\/tr><\/tbody><\/table><\/figure>\n\n\n<div class=\"gb-container gb-container-263d9700\">\n\n<a class=\"gb-button gb-button-a4cbb7be gb-button-text\" href=\"#popmake-622\">Obtenha uma cota\u00e7\u00e3o gratuita agora<\/a>\n\n<\/div>\n<\/div>\n<\/div>","protected":false},"excerpt":{"rendered":"<p>Roller crusher Roller crusher application The rollers crusher is widely used for secondary and fine crushing in the industry of mining, building materials, chemical industry, metallurgy and so on. It can crush materials in middle hardness such as rocks, ore, coke, lump coal, slag, mineral slag, cement clinker, fireproof materials, and so on. Roller crusher &#8230; <\/p>\n<p class=\"read-more-container\"><a title=\"1-1. Britador de rolos\" class=\"read-more button\" href=\"https:\/\/hengxingmachinery.com\/pt\/roller-crushers\/#more-2444\" aria-label=\"Leia mais sobre 1-1. Roller crusher\">Ler mais<\/a><\/p>","protected":false},"author":1,"featured_media":0,"parent":0,"menu_order":0,"comment_status":"closed","ping_status":"closed","template":"","meta":{"footnotes":""},"class_list":["post-2444","page","type-page","status-publish"],"yoast_head":"<!-- This site is optimized with the Yoast SEO plugin v27.4 - https:\/\/yoast.com\/product\/yoast-seo-wordpress\/ -->\n<title>1-1. Roller crusher - Hengxing Machinery<\/title>\n<meta name=\"robots\" content=\"index, follow, max-snippet:-1, max-image-preview:large, max-video-preview:-1\" \/>\n<link rel=\"canonical\" href=\"https:\/\/hengxingmachinery.com\/pt\/roller-crushers\/\" \/>\n<meta property=\"og:locale\" content=\"pt_PT\" \/>\n<meta property=\"og:type\" content=\"article\" \/>\n<meta property=\"og:title\" content=\"1-1. Roller crusher - Hengxing Machinery\" \/>\n<meta property=\"og:description\" content=\"Roller crusher Roller crusher application The rollers crusher is widely used for secondary and fine crushing in the industry of mining, building materials, chemical industry, metallurgy and so on. It can crush materials in middle hardness such as rocks, ore, coke, lump coal, slag, mineral slag, cement clinker, fireproof materials, and so on. Roller crusher ... Ler mais\" \/>\n<meta property=\"og:url\" content=\"https:\/\/hengxingmachinery.com\/pt\/roller-crushers\/\" \/>\n<meta property=\"og:site_name\" content=\"Hengxing Machinery\" \/>\n<meta property=\"article:modified_time\" content=\"2025-03-21T10:01:17+00:00\" \/>\n<meta property=\"og:image\" content=\"https:\/\/hengxingmachinery.com\/wp-content\/uploads\/2025\/03\/roller-crusher-major-sale.jpg\" \/>\n<meta name=\"twitter:card\" content=\"summary_large_image\" \/>\n<meta name=\"twitter:label1\" content=\"Tempo estimado de leitura\" \/>\n\t<meta name=\"twitter:data1\" content=\"2 minutos\" \/>\n<script type=\"application\/ld+json\" class=\"yoast-schema-graph\">{\"@context\":\"https:\\\/\\\/schema.org\",\"@graph\":[{\"@type\":\"WebPage\",\"@id\":\"https:\\\/\\\/hengxingmachinery.com\\\/roller-crushers\\\/\",\"url\":\"https:\\\/\\\/hengxingmachinery.com\\\/roller-crushers\\\/\",\"name\":\"1-1. Roller crusher - Hengxing Machinery\",\"isPartOf\":{\"@id\":\"https:\\\/\\\/hengxingmachinery.com\\\/#website\"},\"primaryImageOfPage\":{\"@id\":\"https:\\\/\\\/hengxingmachinery.com\\\/roller-crushers\\\/#primaryimage\"},\"image\":{\"@id\":\"https:\\\/\\\/hengxingmachinery.com\\\/roller-crushers\\\/#primaryimage\"},\"thumbnailUrl\":\"https:\\\/\\\/hengxingmachinery.com\\\/wp-content\\\/uploads\\\/2025\\\/03\\\/roller-crusher-major-sale.jpg\",\"datePublished\":\"2025-03-21T10:01:16+00:00\",\"dateModified\":\"2025-03-21T10:01:17+00:00\",\"breadcrumb\":{\"@id\":\"https:\\\/\\\/hengxingmachinery.com\\\/roller-crushers\\\/#breadcrumb\"},\"inLanguage\":\"pt-PT\",\"potentialAction\":[{\"@type\":\"ReadAction\",\"target\":[\"https:\\\/\\\/hengxingmachinery.com\\\/roller-crushers\\\/\"]}]},{\"@type\":\"ImageObject\",\"inLanguage\":\"pt-PT\",\"@id\":\"https:\\\/\\\/hengxingmachinery.com\\\/roller-crushers\\\/#primaryimage\",\"url\":\"https:\\\/\\\/hengxingmachinery.com\\\/wp-content\\\/uploads\\\/2025\\\/03\\\/roller-crusher-major-sale.jpg\",\"contentUrl\":\"https:\\\/\\\/hengxingmachinery.com\\\/wp-content\\\/uploads\\\/2025\\\/03\\\/roller-crusher-major-sale.jpg\"},{\"@type\":\"BreadcrumbList\",\"@id\":\"https:\\\/\\\/hengxingmachinery.com\\\/roller-crushers\\\/#breadcrumb\",\"itemListElement\":[{\"@type\":\"ListItem\",\"position\":1,\"name\":\"Home\",\"item\":\"https:\\\/\\\/hengxingmachinery.com\\\/\"},{\"@type\":\"ListItem\",\"position\":2,\"name\":\"1-1. Roller crusher\"}]},{\"@type\":\"WebSite\",\"@id\":\"https:\\\/\\\/hengxingmachinery.com\\\/#website\",\"url\":\"https:\\\/\\\/hengxingmachinery.com\\\/\",\"name\":\"Hengxing Machinery\",\"description\":\"Leading Manufacturer of All Sorts of Mining Machinery\",\"publisher\":{\"@id\":\"https:\\\/\\\/hengxingmachinery.com\\\/#organization\"},\"potentialAction\":[{\"@type\":\"SearchAction\",\"target\":{\"@type\":\"EntryPoint\",\"urlTemplate\":\"https:\\\/\\\/hengxingmachinery.com\\\/?s={search_term_string}\"},\"query-input\":{\"@type\":\"PropertyValueSpecification\",\"valueRequired\":true,\"valueName\":\"search_term_string\"}}],\"inLanguage\":\"pt-PT\"},{\"@type\":\"Organization\",\"@id\":\"https:\\\/\\\/hengxingmachinery.com\\\/#organization\",\"name\":\"Hengxing Machinery\",\"url\":\"https:\\\/\\\/hengxingmachinery.com\\\/\",\"logo\":{\"@type\":\"ImageObject\",\"inLanguage\":\"pt-PT\",\"@id\":\"https:\\\/\\\/hengxingmachinery.com\\\/#\\\/schema\\\/logo\\\/image\\\/\",\"url\":\"https:\\\/\\\/hengxingmachinery.com\\\/wp-content\\\/uploads\\\/2024\\\/12\\\/logo.png\",\"contentUrl\":\"https:\\\/\\\/hengxingmachinery.com\\\/wp-content\\\/uploads\\\/2024\\\/12\\\/logo.png\",\"width\":400,\"height\":260,\"caption\":\"Hengxing Machinery\"},\"image\":{\"@id\":\"https:\\\/\\\/hengxingmachinery.com\\\/#\\\/schema\\\/logo\\\/image\\\/\"}}]}<\/script>\n<!-- \/ Yoast SEO plugin. -->","yoast_head_json":{"title":"1-1. Triturador de rolos - Hengxing Machinery","robots":{"index":"index","follow":"follow","max-snippet":"max-snippet:-1","max-image-preview":"max-image-preview:large","max-video-preview":"max-video-preview:-1"},"canonical":"https:\/\/hengxingmachinery.com\/pt\/roller-crushers\/","og_locale":"pt_PT","og_type":"article","og_title":"1-1. Roller crusher - Hengxing Machinery","og_description":"Roller crusher Roller crusher application The rollers crusher is widely used for secondary and fine crushing in the industry of mining, building materials, chemical industry, metallurgy and so on. It can crush materials in middle hardness such as rocks, ore, coke, lump coal, slag, mineral slag, cement clinker, fireproof materials, and so on. Roller crusher ... Ler mais","og_url":"https:\/\/hengxingmachinery.com\/pt\/roller-crushers\/","og_site_name":"Hengxing Machinery","article_modified_time":"2025-03-21T10:01:17+00:00","og_image":[{"url":"https:\/\/hengxingmachinery.com\/wp-content\/uploads\/2025\/03\/roller-crusher-major-sale.jpg","type":"","width":"","height":""}],"twitter_card":"summary_large_image","twitter_misc":{"Tempo estimado de leitura":"2 minutos"},"schema":{"@context":"https:\/\/schema.org","@graph":[{"@type":"WebPage","@id":"https:\/\/hengxingmachinery.com\/roller-crushers\/","url":"https:\/\/hengxingmachinery.com\/roller-crushers\/","name":"1-1. Triturador de rolos - Hengxing Machinery","isPartOf":{"@id":"https:\/\/hengxingmachinery.com\/#website"},"primaryImageOfPage":{"@id":"https:\/\/hengxingmachinery.com\/roller-crushers\/#primaryimage"},"image":{"@id":"https:\/\/hengxingmachinery.com\/roller-crushers\/#primaryimage"},"thumbnailUrl":"https:\/\/hengxingmachinery.com\/wp-content\/uploads\/2025\/03\/roller-crusher-major-sale.jpg","datePublished":"2025-03-21T10:01:16+00:00","dateModified":"2025-03-21T10:01:17+00:00","breadcrumb":{"@id":"https:\/\/hengxingmachinery.com\/roller-crushers\/#breadcrumb"},"inLanguage":"pt-PT","potentialAction":[{"@type":"ReadAction","target":["https:\/\/hengxingmachinery.com\/roller-crushers\/"]}]},{"@type":"ImageObject","inLanguage":"pt-PT","@id":"https:\/\/hengxingmachinery.com\/roller-crushers\/#primaryimage","url":"https:\/\/hengxingmachinery.com\/wp-content\/uploads\/2025\/03\/roller-crusher-major-sale.jpg","contentUrl":"https:\/\/hengxingmachinery.com\/wp-content\/uploads\/2025\/03\/roller-crusher-major-sale.jpg"},{"@type":"BreadcrumbList","@id":"https:\/\/hengxingmachinery.com\/roller-crushers\/#breadcrumb","itemListElement":[{"@type":"ListItem","position":1,"name":"Home","item":"https:\/\/hengxingmachinery.com\/"},{"@type":"ListItem","position":2,"name":"1-1. Roller crusher"}]},{"@type":"WebSite","@id":"https:\/\/hengxingmachinery.com\/#website","url":"https:\/\/hengxingmachinery.com\/","name":"M\u00e1quinas Hengxing","description":"Fabricante l\u00edder de todos os tipos de m\u00e1quinas de minera\u00e7\u00e3o","publisher":{"@id":"https:\/\/hengxingmachinery.com\/#organization"},"potentialAction":[{"@type":"SearchAction","target":{"@type":"EntryPoint","urlTemplate":"https:\/\/hengxingmachinery.com\/?s={search_term_string}"},"query-input":{"@type":"PropertyValueSpecification","valueRequired":true,"valueName":"search_term_string"}}],"inLanguage":"pt-PT"},{"@type":"Organization","@id":"https:\/\/hengxingmachinery.com\/#organization","name":"M\u00e1quinas Hengxing","url":"https:\/\/hengxingmachinery.com\/","logo":{"@type":"ImageObject","inLanguage":"pt-PT","@id":"https:\/\/hengxingmachinery.com\/#\/schema\/logo\/image\/","url":"https:\/\/hengxingmachinery.com\/wp-content\/uploads\/2024\/12\/logo.png","contentUrl":"https:\/\/hengxingmachinery.com\/wp-content\/uploads\/2024\/12\/logo.png","width":400,"height":260,"caption":"Hengxing Machinery"},"image":{"@id":"https:\/\/hengxingmachinery.com\/#\/schema\/logo\/image\/"}}]}},"_links":{"self":[{"href":"https:\/\/hengxingmachinery.com\/pt\/wp-json\/wp\/v2\/pages\/2444","targetHints":{"allow":["GET"]}}],"collection":[{"href":"https:\/\/hengxingmachinery.com\/pt\/wp-json\/wp\/v2\/pages"}],"about":[{"href":"https:\/\/hengxingmachinery.com\/pt\/wp-json\/wp\/v2\/types\/page"}],"author":[{"embeddable":true,"href":"https:\/\/hengxingmachinery.com\/pt\/wp-json\/wp\/v2\/users\/1"}],"replies":[{"embeddable":true,"href":"https:\/\/hengxingmachinery.com\/pt\/wp-json\/wp\/v2\/comments?post=2444"}],"version-history":[{"count":3,"href":"https:\/\/hengxingmachinery.com\/pt\/wp-json\/wp\/v2\/pages\/2444\/revisions"}],"predecessor-version":[{"id":2658,"href":"https:\/\/hengxingmachinery.com\/pt\/wp-json\/wp\/v2\/pages\/2444\/revisions\/2658"}],"wp:attachment":[{"href":"https:\/\/hengxingmachinery.com\/pt\/wp-json\/wp\/v2\/media?parent=2444"}],"curies":[{"name":"wp","href":"https:\/\/api.w.org\/{rel}","templated":true}]}}