{"id":2449,"date":"2025-03-21T10:14:57","date_gmt":"2025-03-21T10:14:57","guid":{"rendered":"https:\/\/hengxingmachinery.com\/?page_id=2449"},"modified":"2025-03-21T10:14:58","modified_gmt":"2025-03-21T10:14:58","slug":"double-stage-cone-crushers","status":"publish","type":"page","link":"https:\/\/hengxingmachinery.com\/pt\/double-stage-cone-crushers\/","title":{"rendered":"1-1. Britador de cone de duplo est\u00e1gio"},"content":{"rendered":"<div class=\"gb-container gb-container-45165f5a\">\n<div class=\"gb-container gb-container-c2652eb4\">\n\n<h1 class=\"gb-headline gb-headline-62a8b2cc gb-headline-text\">Britador c\u00f4nico de dois est\u00e1gios<\/h1>\n\n<\/div>\n<\/div>\n\n<div class=\"gb-container gb-container-519cf624\">\n<div class=\"gb-container gb-container-71ca071e\">\n<div class=\"gb-grid-wrapper gb-grid-wrapper-8a5f0688\">\n<div class=\"gb-grid-column gb-grid-column-1e99b1c2\"><div class=\"gb-container gb-container-1e99b1c2\">\n\n<figure class=\"gb-block-image gb-block-image-e4eaba54\"><img decoding=\"async\" width=\"665\" height=\"545\" class=\"gb-image gb-image-e4eaba54\" src=\"https:\/\/hengxingmachinery.com\/wp-content\/uploads\/2025\/03\/double-stage-stone-crusher-sale.jpg\" alt=\"\" title=\"venda-de-triturador-de-pedra-de-dois-estagios\" srcset=\"https:\/\/hengxingmachinery.com\/wp-content\/uploads\/2025\/03\/double-stage-stone-crusher-sale.jpg 665w, https:\/\/hengxingmachinery.com\/wp-content\/uploads\/2025\/03\/double-stage-stone-crusher-sale-300x246.jpg 300w, https:\/\/hengxingmachinery.com\/wp-content\/uploads\/2025\/03\/double-stage-stone-crusher-sale-15x12.jpg 15w\" sizes=\"(max-width: 665px) 100vw, 665px\" \/><\/figure>\n\n<\/div><\/div>\n\n<div class=\"gb-grid-column gb-grid-column-bcae065b\"><div class=\"gb-container gb-container-bcae065b\">\n\n<p><mark style=\"background-color:rgba(0, 0, 0, 0)\" class=\"has-inline-color has-global-color-8-color\"><strong>Capacidade de produ\u00e7\u00e3o:<\/strong> <\/mark>20-180 t\/h<\/p>\n\n\n\n<p><strong><mark style=\"background-color:rgba(0, 0, 0, 0)\" class=\"has-inline-color has-global-color-8-color\">Tamanho do feed:<\/mark> <\/strong>\u2264100-\u2264200 mm<\/p>\n\n\n\n<p><strong><mark style=\"background-color:rgba(0, 0, 0, 0)\" class=\"has-inline-color has-global-color-8-color\">Campo de aplica\u00e7\u00e3o:<\/mark> <\/strong>Esta m\u00e1quina \u00e9 adequada para triturar materiais como calcita, calc\u00e1rio, cinza, esc\u00f3ria, xisto, ganga de carv\u00e3o, res\u00edduos de constru\u00e7\u00e3o, etc.<\/p>\n\n\n<div class=\"gb-container gb-container-256e15f1\">\n\n<a class=\"gb-button gb-button-e8b73d89 gb-button-text\" href=\"#popmake-622\">Obtenha uma cota\u00e7\u00e3o gratuita agora<\/a>\n\n<\/div>\n<\/div><\/div>\n<\/div>\n<\/div>\n<\/div>\n\n<div class=\"gb-container gb-container-3a930c38\">\n<div class=\"gb-container gb-container-8a36e90a\">\n\n<h2 class=\"gb-headline gb-headline-a5d3273c gb-headline-text\">Aplica\u00e7\u00e3o do triturador de martelo de dois est\u00e1gios<\/h2>\n\n\n\n<figure class=\"gb-block-image gb-block-image-1c359176\"><img decoding=\"async\" width=\"800\" height=\"500\" class=\"gb-image gb-image-1c359176\" src=\"https:\/\/hengxingmachinery.com\/wp-content\/uploads\/2025\/03\/double-stage-stone-crusher-feature.jpg\" alt=\"\" title=\"caracteristica-do-triturador-de-pedra-de-dois-estagios\" srcset=\"https:\/\/hengxingmachinery.com\/wp-content\/uploads\/2025\/03\/double-stage-stone-crusher-feature.jpg 800w, https:\/\/hengxingmachinery.com\/wp-content\/uploads\/2025\/03\/double-stage-stone-crusher-feature-300x188.jpg 300w, https:\/\/hengxingmachinery.com\/wp-content\/uploads\/2025\/03\/double-stage-stone-crusher-feature-768x480.jpg 768w, https:\/\/hengxingmachinery.com\/wp-content\/uploads\/2025\/03\/double-stage-stone-crusher-feature-18x12.jpg 18w\" sizes=\"(max-width: 800px) 100vw, 800px\" \/><\/figure>\n\n\n\n<p>O triturador de martelo de dois est\u00e1gios \u00e9 amplamente utilizado para triturar calcita, calc\u00e1rio, tijolo de cinzas, esc\u00f3ria, xisto, ganga, res\u00edduos de constru\u00e7\u00e3o e assim por diante. Isso resolveu os problemas de usar ganga e cinza como material de adi\u00e7\u00e3o de tijolo, como combust\u00edvel, e usar rocha est\u00e9ril e xisto para produzir tijolo padr\u00e3o, tijolo oco, com umidade do material para tritura\u00e7\u00e3o.<\/p>\n\n\n\n<p>O triturador de martelo de dois est\u00e1gios tamb\u00e9m \u00e9 chamado de triturador de martelo ultrafino de duplo rotor. \u00c9 um novo tipo de triturador de pedra. Esta m\u00e1quina supera os defeitos da grelha inferior, que devido ao alto teor de umidade da mat\u00e9ria-prima n\u00e3o permite a descarga f\u00e1cil. Tem alta efici\u00eancia de produ\u00e7\u00e3o e um bom efeito de tritura\u00e7\u00e3o.<\/p>\n\n\n<div class=\"gb-container gb-container-96208927\">\n\n<a class=\"gb-button gb-button-429870c5 gb-button-text\" href=\"#popmake-622\">Obtenha uma cota\u00e7\u00e3o gratuita agora<\/a>\n\n<\/div>\n<\/div>\n<\/div>\n\n<div class=\"gb-container gb-container-0a1ec955\">\n<div class=\"gb-container gb-container-b5c0e892\">\n\n<h2 class=\"gb-headline gb-headline-9bfd1cd1 gb-headline-text\">Caracter\u00edsticas do triturador de martelo de dois est\u00e1gios<\/h2>\n\n\n\n<figure class=\"gb-block-image gb-block-image-a0d25f3b\"><img decoding=\"async\" width=\"800\" height=\"500\" class=\"gb-image gb-image-a0d25f3b\" src=\"https:\/\/hengxingmachinery.com\/wp-content\/uploads\/2025\/03\/double-stage-stone-crusher-working.jpg\" alt=\"\" title=\"funcionamento-do-triturador-de-pedra-de-dois-estagios\" srcset=\"https:\/\/hengxingmachinery.com\/wp-content\/uploads\/2025\/03\/double-stage-stone-crusher-working.jpg 800w, https:\/\/hengxingmachinery.com\/wp-content\/uploads\/2025\/03\/double-stage-stone-crusher-working-300x188.jpg 300w, https:\/\/hengxingmachinery.com\/wp-content\/uploads\/2025\/03\/double-stage-stone-crusher-working-768x480.jpg 768w, https:\/\/hengxingmachinery.com\/wp-content\/uploads\/2025\/03\/double-stage-stone-crusher-working-18x12.jpg 18w\" sizes=\"(max-width: 800px) 100vw, 800px\" \/><\/figure>\n\n\n\n<p>1. Existem dois conjuntos de sistemas na cavidade da m\u00e1quina, a tritura\u00e7\u00e3o dupla superior e inferior de dois est\u00e1gios, a tritura\u00e7\u00e3o m\u00e9dia e fina s\u00e3o conclu\u00eddas em uma \u00fanica m\u00e1quina.<\/p>\n\n\n\n<p>2. O tamanho das part\u00edculas na descarga \u00e9 inferior a 3 mm, e menos de 2 mm representa mais de 90% (TP3T), dos quais cerca de 60% (TP3T) est\u00e3o em p\u00f3.<\/p>\n\n\n\n<p>3. \u00c9 usado em minas e usinas de concentra\u00e7\u00e3o, e o tamanho das part\u00edculas pode ser ajustado, sendo especialmente adequado para separa\u00e7\u00e3o a seco e pr\u00e9-sele\u00e7\u00e3o, e purifica\u00e7\u00e3o de rejeitos iniciais; concentrado grosso \u00e9 selecionado para moagem, o que pode aumentar a capacidade de produ\u00e7\u00e3o do moinho em mais de 60% (TP3T).<\/p>\n\n\n\n<p>4. Pode produzir areia de constru\u00e7\u00e3o ideal.<\/p>\n\n\n\n<p>5. N\u00e3o h\u00e1 grelha inferior de peneira, sem consumo de energia reativa, sem desgaste ineficaz e sem entupimento por materiais \u00famidos.<\/p>\n\n\n\n<p>6. Abertura e fechamento hidr\u00e1ulico do inv\u00f3lucro, facilitando a substitui\u00e7\u00e3o r\u00e1pida e f\u00e1cil do martelo.<\/p>\n\n\n<div class=\"gb-container gb-container-0b694f49\">\n\n<a class=\"gb-button gb-button-d7c85532 gb-button-text\" href=\"#popmake-622\">Obtenha uma cota\u00e7\u00e3o gratuita agora<\/a>\n\n<\/div>\n<\/div>\n<\/div>\n\n<div class=\"gb-container gb-container-435ad261\">\n<div class=\"gb-container gb-container-7dc79cc4\">\n\n<h2 class=\"gb-headline gb-headline-6fe5dee2 gb-headline-text\">Especifica\u00e7\u00f5es do triturador de pedra de dois est\u00e1gios<\/h2>\n\n\n\n<figure class=\"wp-block-table\"><table class=\"has-fixed-layout\"><tbody><tr><td>Modelo<\/td><td>SCP 600\u00d7400<\/td><td>SCP 600\u00d7600<\/td><td>SCP 800\u00d7600<\/td><td>SCP 900\u00d7800<\/td><td>SCP 1000\u00d7800<\/td><\/tr><tr><td>(mm) Tamanho de Alimenta\u00e7\u00e3o<\/td><td>\u2264100<\/td><td>\u2264150<\/td><td>\u2264200<\/td><td>\u2264260<\/td><td>\u2264400<\/td><\/tr><tr><td>&nbsp;Tamanho da Sa\u00edda (mm)<\/td><td>\u22643 (acima de 90% TP3T &lt;2mm)<\/td><td>\u22643 (acima de 80% TP3T &lt;2mm)<\/td><td>\u22643 (acima de 80% TP3T &lt;2mm)<\/td><td>\u22643 (acima de 80% TP3T &lt;2mm)<\/td><td>\u22643 (acima de 80% TP3T &lt;2mm)<\/td><\/tr><tr><td>&nbsp;Capacidade (t\/h)<\/td><td>15-25<\/td><td>15-30<\/td><td>50-70<\/td><td>50-90<\/td><td>60-120<\/td><\/tr><tr><td>Pot\u00eancia do Motor (kW)<\/td><td>18.5+22<\/td><td>22+22<\/td><td>37+45<\/td><td>55+75<\/td><td>75+55<\/td><\/tr><\/tbody><\/table><\/figure>\n\n\n<div class=\"gb-container gb-container-263d9700\">\n\n<a class=\"gb-button gb-button-a4cbb7be gb-button-text\" href=\"#popmake-622\">Obtenha uma cota\u00e7\u00e3o gratuita agora<\/a>\n\n<\/div>\n<\/div>\n<\/div>","protected":false},"excerpt":{"rendered":"<p>Double stage cone crusher Double-stage hammer crusher application The double stage hammer crusher is widely used for crushing calcite, limestone, cinder brick, slag, shale, gangue, construction waste and so on. This solved the problems of using gangue and cinder as brick adding material ,in fuel and using waste rock, shale to produce standard brick,hollow brick &#8230; <\/p>\n<p class=\"read-more-container\"><a title=\"1-1. Britador de cone de duplo est\u00e1gio\" class=\"read-more button\" href=\"https:\/\/hengxingmachinery.com\/pt\/double-stage-cone-crushers\/#more-2449\" aria-label=\"Leia mais sobre 1-1. Double stage cone crusher\">Ler mais<\/a><\/p>","protected":false},"author":1,"featured_media":0,"parent":0,"menu_order":0,"comment_status":"closed","ping_status":"closed","template":"","meta":{"footnotes":""},"class_list":["post-2449","page","type-page","status-publish"],"yoast_head":"<!-- This site is optimized with the Yoast SEO plugin v27.4 - https:\/\/yoast.com\/product\/yoast-seo-wordpress\/ -->\n<title>1-1. Double stage cone crusher - Hengxing Machinery<\/title>\n<meta name=\"robots\" content=\"index, follow, max-snippet:-1, max-image-preview:large, max-video-preview:-1\" \/>\n<link rel=\"canonical\" href=\"https:\/\/hengxingmachinery.com\/pt\/double-stage-cone-crushers\/\" \/>\n<meta property=\"og:locale\" content=\"pt_PT\" \/>\n<meta property=\"og:type\" content=\"article\" \/>\n<meta property=\"og:title\" content=\"1-1. Double stage cone crusher - Hengxing Machinery\" \/>\n<meta property=\"og:description\" content=\"Double stage cone crusher Double-stage hammer crusher application The double stage hammer crusher is widely used for crushing calcite, limestone, cinder brick, slag, shale, gangue, construction waste and so on. This solved the problems of using gangue and cinder as brick adding material ,in fuel and using waste rock, shale to produce standard brick,hollow brick ... Ler mais\" \/>\n<meta property=\"og:url\" content=\"https:\/\/hengxingmachinery.com\/pt\/double-stage-cone-crushers\/\" \/>\n<meta property=\"og:site_name\" content=\"Hengxing Machinery\" \/>\n<meta property=\"article:modified_time\" content=\"2025-03-21T10:14:58+00:00\" \/>\n<meta property=\"og:image\" content=\"https:\/\/hengxingmachinery.com\/wp-content\/uploads\/2025\/03\/double-stage-stone-crusher-sale.jpg\" \/>\n<meta name=\"twitter:card\" content=\"summary_large_image\" \/>\n<meta name=\"twitter:label1\" content=\"Tempo estimado de leitura\" \/>\n\t<meta name=\"twitter:data1\" content=\"3 minutos\" \/>\n<script type=\"application\/ld+json\" class=\"yoast-schema-graph\">{\"@context\":\"https:\\\/\\\/schema.org\",\"@graph\":[{\"@type\":\"WebPage\",\"@id\":\"https:\\\/\\\/hengxingmachinery.com\\\/double-stage-cone-crushers\\\/\",\"url\":\"https:\\\/\\\/hengxingmachinery.com\\\/double-stage-cone-crushers\\\/\",\"name\":\"1-1. Double stage cone crusher - Hengxing Machinery\",\"isPartOf\":{\"@id\":\"https:\\\/\\\/hengxingmachinery.com\\\/#website\"},\"primaryImageOfPage\":{\"@id\":\"https:\\\/\\\/hengxingmachinery.com\\\/double-stage-cone-crushers\\\/#primaryimage\"},\"image\":{\"@id\":\"https:\\\/\\\/hengxingmachinery.com\\\/double-stage-cone-crushers\\\/#primaryimage\"},\"thumbnailUrl\":\"https:\\\/\\\/hengxingmachinery.com\\\/wp-content\\\/uploads\\\/2025\\\/03\\\/double-stage-stone-crusher-sale.jpg\",\"datePublished\":\"2025-03-21T10:14:57+00:00\",\"dateModified\":\"2025-03-21T10:14:58+00:00\",\"breadcrumb\":{\"@id\":\"https:\\\/\\\/hengxingmachinery.com\\\/double-stage-cone-crushers\\\/#breadcrumb\"},\"inLanguage\":\"pt-PT\",\"potentialAction\":[{\"@type\":\"ReadAction\",\"target\":[\"https:\\\/\\\/hengxingmachinery.com\\\/double-stage-cone-crushers\\\/\"]}]},{\"@type\":\"ImageObject\",\"inLanguage\":\"pt-PT\",\"@id\":\"https:\\\/\\\/hengxingmachinery.com\\\/double-stage-cone-crushers\\\/#primaryimage\",\"url\":\"https:\\\/\\\/hengxingmachinery.com\\\/wp-content\\\/uploads\\\/2025\\\/03\\\/double-stage-stone-crusher-sale.jpg\",\"contentUrl\":\"https:\\\/\\\/hengxingmachinery.com\\\/wp-content\\\/uploads\\\/2025\\\/03\\\/double-stage-stone-crusher-sale.jpg\"},{\"@type\":\"BreadcrumbList\",\"@id\":\"https:\\\/\\\/hengxingmachinery.com\\\/double-stage-cone-crushers\\\/#breadcrumb\",\"itemListElement\":[{\"@type\":\"ListItem\",\"position\":1,\"name\":\"Home\",\"item\":\"https:\\\/\\\/hengxingmachinery.com\\\/\"},{\"@type\":\"ListItem\",\"position\":2,\"name\":\"1-1. Double stage cone crusher\"}]},{\"@type\":\"WebSite\",\"@id\":\"https:\\\/\\\/hengxingmachinery.com\\\/#website\",\"url\":\"https:\\\/\\\/hengxingmachinery.com\\\/\",\"name\":\"Hengxing Machinery\",\"description\":\"Leading Manufacturer of All Sorts of Mining Machinery\",\"publisher\":{\"@id\":\"https:\\\/\\\/hengxingmachinery.com\\\/#organization\"},\"potentialAction\":[{\"@type\":\"SearchAction\",\"target\":{\"@type\":\"EntryPoint\",\"urlTemplate\":\"https:\\\/\\\/hengxingmachinery.com\\\/?s={search_term_string}\"},\"query-input\":{\"@type\":\"PropertyValueSpecification\",\"valueRequired\":true,\"valueName\":\"search_term_string\"}}],\"inLanguage\":\"pt-PT\"},{\"@type\":\"Organization\",\"@id\":\"https:\\\/\\\/hengxingmachinery.com\\\/#organization\",\"name\":\"Hengxing Machinery\",\"url\":\"https:\\\/\\\/hengxingmachinery.com\\\/\",\"logo\":{\"@type\":\"ImageObject\",\"inLanguage\":\"pt-PT\",\"@id\":\"https:\\\/\\\/hengxingmachinery.com\\\/#\\\/schema\\\/logo\\\/image\\\/\",\"url\":\"https:\\\/\\\/hengxingmachinery.com\\\/wp-content\\\/uploads\\\/2024\\\/12\\\/logo.png\",\"contentUrl\":\"https:\\\/\\\/hengxingmachinery.com\\\/wp-content\\\/uploads\\\/2024\\\/12\\\/logo.png\",\"width\":400,\"height\":260,\"caption\":\"Hengxing Machinery\"},\"image\":{\"@id\":\"https:\\\/\\\/hengxingmachinery.com\\\/#\\\/schema\\\/logo\\\/image\\\/\"}}]}<\/script>\n<!-- \/ Yoast SEO plugin. -->","yoast_head_json":{"title":"1-1. Britador de cone de duplo est\u00e1gio - Hengxing Machinery","robots":{"index":"index","follow":"follow","max-snippet":"max-snippet:-1","max-image-preview":"max-image-preview:large","max-video-preview":"max-video-preview:-1"},"canonical":"https:\/\/hengxingmachinery.com\/pt\/double-stage-cone-crushers\/","og_locale":"pt_PT","og_type":"article","og_title":"1-1. Double stage cone crusher - Hengxing Machinery","og_description":"Double stage cone crusher Double-stage hammer crusher application The double stage hammer crusher is widely used for crushing calcite, limestone, cinder brick, slag, shale, gangue, construction waste and so on. This solved the problems of using gangue and cinder as brick adding material ,in fuel and using waste rock, shale to produce standard brick,hollow brick ... Ler mais","og_url":"https:\/\/hengxingmachinery.com\/pt\/double-stage-cone-crushers\/","og_site_name":"Hengxing Machinery","article_modified_time":"2025-03-21T10:14:58+00:00","og_image":[{"url":"https:\/\/hengxingmachinery.com\/wp-content\/uploads\/2025\/03\/double-stage-stone-crusher-sale.jpg","type":"","width":"","height":""}],"twitter_card":"summary_large_image","twitter_misc":{"Tempo estimado de leitura":"3 minutos"},"schema":{"@context":"https:\/\/schema.org","@graph":[{"@type":"WebPage","@id":"https:\/\/hengxingmachinery.com\/double-stage-cone-crushers\/","url":"https:\/\/hengxingmachinery.com\/double-stage-cone-crushers\/","name":"1-1. Britador de cone de duplo est\u00e1gio - Hengxing Machinery","isPartOf":{"@id":"https:\/\/hengxingmachinery.com\/#website"},"primaryImageOfPage":{"@id":"https:\/\/hengxingmachinery.com\/double-stage-cone-crushers\/#primaryimage"},"image":{"@id":"https:\/\/hengxingmachinery.com\/double-stage-cone-crushers\/#primaryimage"},"thumbnailUrl":"https:\/\/hengxingmachinery.com\/wp-content\/uploads\/2025\/03\/double-stage-stone-crusher-sale.jpg","datePublished":"2025-03-21T10:14:57+00:00","dateModified":"2025-03-21T10:14:58+00:00","breadcrumb":{"@id":"https:\/\/hengxingmachinery.com\/double-stage-cone-crushers\/#breadcrumb"},"inLanguage":"pt-PT","potentialAction":[{"@type":"ReadAction","target":["https:\/\/hengxingmachinery.com\/double-stage-cone-crushers\/"]}]},{"@type":"ImageObject","inLanguage":"pt-PT","@id":"https:\/\/hengxingmachinery.com\/double-stage-cone-crushers\/#primaryimage","url":"https:\/\/hengxingmachinery.com\/wp-content\/uploads\/2025\/03\/double-stage-stone-crusher-sale.jpg","contentUrl":"https:\/\/hengxingmachinery.com\/wp-content\/uploads\/2025\/03\/double-stage-stone-crusher-sale.jpg"},{"@type":"BreadcrumbList","@id":"https:\/\/hengxingmachinery.com\/double-stage-cone-crushers\/#breadcrumb","itemListElement":[{"@type":"ListItem","position":1,"name":"Home","item":"https:\/\/hengxingmachinery.com\/"},{"@type":"ListItem","position":2,"name":"1-1. Double stage cone crusher"}]},{"@type":"WebSite","@id":"https:\/\/hengxingmachinery.com\/#website","url":"https:\/\/hengxingmachinery.com\/","name":"M\u00e1quinas Hengxing","description":"Fabricante l\u00edder de todos os tipos de m\u00e1quinas de minera\u00e7\u00e3o","publisher":{"@id":"https:\/\/hengxingmachinery.com\/#organization"},"potentialAction":[{"@type":"SearchAction","target":{"@type":"EntryPoint","urlTemplate":"https:\/\/hengxingmachinery.com\/?s={search_term_string}"},"query-input":{"@type":"PropertyValueSpecification","valueRequired":true,"valueName":"search_term_string"}}],"inLanguage":"pt-PT"},{"@type":"Organization","@id":"https:\/\/hengxingmachinery.com\/#organization","name":"M\u00e1quinas Hengxing","url":"https:\/\/hengxingmachinery.com\/","logo":{"@type":"ImageObject","inLanguage":"pt-PT","@id":"https:\/\/hengxingmachinery.com\/#\/schema\/logo\/image\/","url":"https:\/\/hengxingmachinery.com\/wp-content\/uploads\/2024\/12\/logo.png","contentUrl":"https:\/\/hengxingmachinery.com\/wp-content\/uploads\/2024\/12\/logo.png","width":400,"height":260,"caption":"Hengxing Machinery"},"image":{"@id":"https:\/\/hengxingmachinery.com\/#\/schema\/logo\/image\/"}}]}},"_links":{"self":[{"href":"https:\/\/hengxingmachinery.com\/pt\/wp-json\/wp\/v2\/pages\/2449","targetHints":{"allow":["GET"]}}],"collection":[{"href":"https:\/\/hengxingmachinery.com\/pt\/wp-json\/wp\/v2\/pages"}],"about":[{"href":"https:\/\/hengxingmachinery.com\/pt\/wp-json\/wp\/v2\/types\/page"}],"author":[{"embeddable":true,"href":"https:\/\/hengxingmachinery.com\/pt\/wp-json\/wp\/v2\/users\/1"}],"replies":[{"embeddable":true,"href":"https:\/\/hengxingmachinery.com\/pt\/wp-json\/wp\/v2\/comments?post=2449"}],"version-history":[{"count":2,"href":"https:\/\/hengxingmachinery.com\/pt\/wp-json\/wp\/v2\/pages\/2449\/revisions"}],"predecessor-version":[{"id":2679,"href":"https:\/\/hengxingmachinery.com\/pt\/wp-json\/wp\/v2\/pages\/2449\/revisions\/2679"}],"wp:attachment":[{"href":"https:\/\/hengxingmachinery.com\/pt\/wp-json\/wp\/v2\/media?parent=2449"}],"curies":[{"name":"wp","href":"https:\/\/api.w.org\/{rel}","templated":true}]}}