{"id":2467,"date":"2025-03-21T07:32:51","date_gmt":"2025-03-21T07:32:51","guid":{"rendered":"https:\/\/hengxingmachinery.com\/?page_id=2467"},"modified":"2025-03-21T07:35:25","modified_gmt":"2025-03-21T07:35:25","slug":"dry-magnetic-separator","status":"publish","type":"page","link":"https:\/\/hengxingmachinery.com\/pt\/dry-magnetic-separator\/","title":{"rendered":"4-1. Separador magn\u00e9tico a seco"},"content":{"rendered":"<div class=\"gb-container gb-container-45165f5a\">\n<div class=\"gb-container gb-container-c2652eb4\">\n\n<h1 class=\"gb-headline gb-headline-62a8b2cc gb-headline-text\">Separador magn\u00e9tico seco<\/h1>\n\n<\/div>\n<\/div>\n\n<div class=\"gb-container gb-container-519cf624\">\n<div class=\"gb-container gb-container-71ca071e\">\n<div class=\"gb-grid-wrapper gb-grid-wrapper-8a5f0688\">\n<div class=\"gb-grid-column gb-grid-column-1e99b1c2\"><div class=\"gb-container gb-container-1e99b1c2\">\n\n<figure class=\"gb-block-image gb-block-image-e4eaba54\"><img decoding=\"async\" width=\"665\" height=\"545\" class=\"gb-image gb-image-e4eaba54\" src=\"https:\/\/hengxingmachinery.com\/wp-content\/uploads\/2025\/03\/dry-magnetic-separator-for-sale.jpg\" alt=\"\" title=\"separador magn\u00e9tico a seco \u00e0 venda\" srcset=\"https:\/\/hengxingmachinery.com\/wp-content\/uploads\/2025\/03\/dry-magnetic-separator-for-sale.jpg 665w, https:\/\/hengxingmachinery.com\/wp-content\/uploads\/2025\/03\/dry-magnetic-separator-for-sale-300x246.jpg 300w, https:\/\/hengxingmachinery.com\/wp-content\/uploads\/2025\/03\/dry-magnetic-separator-for-sale-15x12.jpg 15w\" sizes=\"(max-width: 665px) 100vw, 665px\" \/><\/figure>\n\n<\/div><\/div>\n\n<div class=\"gb-grid-column gb-grid-column-bcae065b\"><div class=\"gb-container gb-container-bcae065b\">\n\n<p>Um separador magn\u00e9tico a seco pode separar materiais com granulometria abaixo de 3 mm, tais como magnetita, pirita magn\u00e9tica, min\u00e9rio calcinado, min\u00e9rio de ferro tit\u00e2nico, hematita, limonita, siderita, volframita, min\u00e9rio de t\u00e2ntalo-ni\u00f3bio, lama vermelha, quartzo, fluorita e feldspato, volfr\u00e2mio e ilmenita, etc. <\/p>\n\n\n\n<p>Nos \u00faltimos anos, tamb\u00e9m tem sido aplicado na purifica\u00e7\u00e3o de quartzo, feldspato, em plantas de min\u00e9rio de ferro, no processamento de outros materiais magn\u00e9ticos, carv\u00e3o, min\u00e9rios n\u00e3o met\u00e1licos, nefelina da ind\u00fastria da constru\u00e7\u00e3o, etc.<\/p>\n\n\n\n<p><strong><mark style=\"background-color:rgba(0, 0, 0, 0)\" class=\"has-inline-color has-global-color-8-color\">Tamanho da Alimenta\u00e7\u00e3o:<\/mark><\/strong> 0-8 mm <\/p>\n\n\n\n<p><mark style=\"background-color:rgba(0, 0, 0, 0)\" class=\"has-inline-color has-global-color-8-color\"><strong>Capacidade (t\/h):<\/strong> <\/mark>40-220<\/p>\n\n\n\n<p><strong><mark style=\"background-color:rgba(0, 0, 0, 0)\" class=\"has-inline-color has-global-color-8-color\">Pot\u00eancia (kW):<\/mark><\/strong> 3-7.5<\/p>\n\n\n<div class=\"gb-container gb-container-256e15f1\">\n\n<a class=\"gb-button gb-button-e8b73d89 gb-button-text\" href=\"#popmake-622\">Obtenha uma cota\u00e7\u00e3o gratuita agora<\/a>\n\n<\/div>\n<\/div><\/div>\n<\/div>\n<\/div>\n<\/div>\n\n<div class=\"gb-container gb-container-c0200787\">\n<div class=\"gb-container gb-container-1d97c93d\">\n\n<h2 class=\"gb-headline gb-headline-3d5fa577 gb-headline-text\">Caracter\u00edsticas do separador magn\u00e9tico a seco<\/h2>\n\n\n\n<figure class=\"gb-block-image gb-block-image-4fd7cc67\"><img decoding=\"async\" width=\"600\" height=\"500\" class=\"gb-image gb-image-4fd7cc67\" src=\"https:\/\/hengxingmachinery.com\/wp-content\/uploads\/2025\/03\/dry-magnetic-separators.jpg\" alt=\"\" title=\"separadores magn\u00e9ticos a seco\" srcset=\"https:\/\/hengxingmachinery.com\/wp-content\/uploads\/2025\/03\/dry-magnetic-separators.jpg 600w, https:\/\/hengxingmachinery.com\/wp-content\/uploads\/2025\/03\/dry-magnetic-separators-300x250.jpg 300w, https:\/\/hengxingmachinery.com\/wp-content\/uploads\/2025\/03\/dry-magnetic-separators-14x12.jpg 14w\" sizes=\"(max-width: 600px) 100vw, 600px\" \/><\/figure>\n\n\n\n<p>1. Alta intensidade de campo magn\u00e9tico e forte for\u00e7a de atra\u00e7\u00e3o.&nbsp;<\/p>\n\n\n\n<p>2. Alta taxa de remo\u00e7\u00e3o de ferro.&nbsp;<\/p>\n\n\n\n<p>3. Livre de manuten\u00e7\u00e3o.&nbsp;<\/p>\n\n\n\n<p>4. Economia de energia.&nbsp;<\/p>\n\n\n\n<p>5. Seguro e confi\u00e1vel.<\/p>\n\n\n<div class=\"gb-container gb-container-9eeb6cec\">\n\n<a class=\"gb-button gb-button-d1324b3c gb-button-text\" href=\"#popmake-622\">Obtenha uma cota\u00e7\u00e3o gratuita agora<\/a>\n\n<\/div>\n<\/div>\n<\/div>\n\n<div class=\"gb-container gb-container-ebd718b6\">\n<div class=\"gb-container gb-container-5c75b960\">\n\n<h2 class=\"gb-headline gb-headline-98859344 gb-headline-text\">Princ\u00edpio de funcionamento do separador magn\u00e9tico a seco<\/h2>\n\n\n\n<p>O material de alimenta\u00e7\u00e3o entra no funil de alimenta\u00e7\u00e3o, o conjunto magn\u00e9tico atrai as part\u00edculas magn\u00e9ticas para a superf\u00edcie do tambor. O material n\u00e3o magn\u00e9tico cai do tambor na calha de descarga n\u00e3o magn\u00e9tica, e o material magn\u00e9tico permanece no tambor at\u00e9 atingir a calha de descarga magn\u00e9tica. S\u00e3o feitas duas separa\u00e7\u00f5es: magn\u00e9tica e n\u00e3o magn\u00e9tica.<\/p>\n\n\n<div class=\"gb-container gb-container-d6bbf16a\">\n\n<a class=\"gb-button gb-button-caa3f2bc gb-button-text\" href=\"#popmake-622\">Obtenha uma cota\u00e7\u00e3o gratuita agora<\/a>\n\n<\/div>\n<\/div>\n<\/div>\n\n<div class=\"gb-container gb-container-435ad261\">\n<div class=\"gb-container gb-container-7dc79cc4\">\n\n<h2 class=\"gb-headline gb-headline-6fe5dee2 gb-headline-text\">Especifica\u00e7\u00f5es do separador magn\u00e9tico a seco<\/h2>\n\n\n\n<figure class=\"wp-block-table is-style-stripes\"><table class=\"has-fixed-layout\"><tbody><tr><td><strong>Modelo<\/strong><\/td><td>CTG 7518<\/td><td>CTG 9018<\/td><td>CTG 1018<\/td><td>CTG 1021<\/td><td>CTG1024<\/td><td>CTG 1230<\/td><\/tr><tr><td><strong>Tamanho do Tambor (mm)<\/strong><\/td><td>750X1800<\/td><td>900X1800<\/td><td>1050X1800<\/td><td>1050X2100<\/td><td>1050X2400<\/td><td>1200X3000<\/td><\/tr><tr><td><strong>Capacidade (T\/H)<\/strong><\/td><td>40 \u2013 50<\/td><td>45 \u2013 55<\/td><td>100 \u2013 120<\/td><td>125 \u2013 145<\/td><td>130 \u2013 180<\/td><td>150 \u2013 220<\/td><\/tr><tr><td><strong>Tamanho da Alimenta\u00e7\u00e3o (mm)<\/strong><\/td><td>0 \u2013 8<\/td><td>0 \u2013 8<\/td><td>0 \u2013 8<\/td><td>0 \u2013 10<\/td><td>0 \u2013 10<\/td><td>0 \u2013 10<\/td><\/tr><tr><td><strong>Motor (kW)<\/strong><\/td><td>3<\/td><td>4<\/td><td>5.5<\/td><td>5.5<\/td><td>5.5<\/td><td>7.5<\/td><\/tr><tr><td><strong>Teor de Umidade<\/strong><\/td><td>0-3%<\/td><td>0-3%<\/td><td>0-3%<\/td><td>0-3%<\/td><td>0-3%<\/td><td>0-3%<\/td><\/tr><tr><td><strong>Rota\u00e7\u00e3o (r\/m)<\/strong><\/td><td>34<\/td><td>30<\/td><td>24.5<\/td><td>24.5<\/td><td>24.5<\/td><td>21<\/td><\/tr><\/tbody><\/table><\/figure>\n\n\n<div class=\"gb-container gb-container-263d9700\">\n\n<a class=\"gb-button gb-button-a4cbb7be gb-button-text\" href=\"#popmake-622\">Obtenha uma cota\u00e7\u00e3o gratuita agora<\/a>\n\n<\/div>\n<\/div>\n<\/div>","protected":false},"excerpt":{"rendered":"<p>Dry magnetic separator Dry magnetic separator features 1. High magnetic field intensity and strong attracting force.&nbsp; 2. High iron-removal rate.&nbsp; 3. Free-maintenance.&nbsp; 4. Power saving.&nbsp; 5. Safe and reliable. Dry magnetic separator working principle Feed material enters the feed hopper, the magnet assembly attracts the magnetic particles to the drum surface. the\u00a0non-magnetic material falling from &#8230; <\/p>\n<p class=\"read-more-container\"><a title=\"4-1. Separador magn\u00e9tico a seco\" class=\"read-more button\" href=\"https:\/\/hengxingmachinery.com\/pt\/dry-magnetic-separator\/#more-2467\" aria-label=\"Leia mais sobre 4-1. Dry magnetic separator\">Ler mais<\/a><\/p>","protected":false},"author":1,"featured_media":0,"parent":0,"menu_order":0,"comment_status":"closed","ping_status":"closed","template":"","meta":{"footnotes":""},"class_list":["post-2467","page","type-page","status-publish"],"yoast_head":"<!-- This site is optimized with the Yoast SEO plugin v27.4 - https:\/\/yoast.com\/product\/yoast-seo-wordpress\/ -->\n<title>4-1. Dry magnetic separator - Hengxing Machinery<\/title>\n<meta name=\"robots\" content=\"index, follow, max-snippet:-1, max-image-preview:large, max-video-preview:-1\" \/>\n<link rel=\"canonical\" href=\"https:\/\/hengxingmachinery.com\/pt\/dry-magnetic-separator\/\" \/>\n<meta property=\"og:locale\" content=\"pt_PT\" \/>\n<meta property=\"og:type\" content=\"article\" \/>\n<meta property=\"og:title\" content=\"4-1. Dry magnetic separator - Hengxing Machinery\" \/>\n<meta property=\"og:description\" content=\"Dry magnetic separator Dry magnetic separator features 1. High magnetic field intensity and strong attracting force.&nbsp; 2. High iron-removal rate.&nbsp; 3. Free-maintenance.&nbsp; 4. Power saving.&nbsp; 5. Safe and reliable. Dry magnetic separator working principle Feed material enters the feed hopper, the magnet assembly attracts the magnetic particles to the drum surface. the\u00a0non-magnetic material falling from ... Ler mais\" \/>\n<meta property=\"og:url\" content=\"https:\/\/hengxingmachinery.com\/pt\/dry-magnetic-separator\/\" \/>\n<meta property=\"og:site_name\" content=\"Hengxing Machinery\" \/>\n<meta property=\"article:modified_time\" content=\"2025-03-21T07:35:25+00:00\" \/>\n<meta property=\"og:image\" content=\"https:\/\/hengxingmachinery.com\/wp-content\/uploads\/2025\/03\/dry-magnetic-separator-for-sale.jpg\" \/>\n<meta name=\"twitter:card\" content=\"summary_large_image\" \/>\n<meta name=\"twitter:label1\" content=\"Tempo estimado de leitura\" \/>\n\t<meta name=\"twitter:data1\" content=\"2 minutos\" \/>\n<script type=\"application\/ld+json\" class=\"yoast-schema-graph\">{\"@context\":\"https:\\\/\\\/schema.org\",\"@graph\":[{\"@type\":\"WebPage\",\"@id\":\"https:\\\/\\\/hengxingmachinery.com\\\/dry-magnetic-separator\\\/\",\"url\":\"https:\\\/\\\/hengxingmachinery.com\\\/dry-magnetic-separator\\\/\",\"name\":\"4-1. Dry magnetic separator - Hengxing Machinery\",\"isPartOf\":{\"@id\":\"https:\\\/\\\/hengxingmachinery.com\\\/#website\"},\"primaryImageOfPage\":{\"@id\":\"https:\\\/\\\/hengxingmachinery.com\\\/dry-magnetic-separator\\\/#primaryimage\"},\"image\":{\"@id\":\"https:\\\/\\\/hengxingmachinery.com\\\/dry-magnetic-separator\\\/#primaryimage\"},\"thumbnailUrl\":\"https:\\\/\\\/hengxingmachinery.com\\\/wp-content\\\/uploads\\\/2025\\\/03\\\/dry-magnetic-separator-for-sale.jpg\",\"datePublished\":\"2025-03-21T07:32:51+00:00\",\"dateModified\":\"2025-03-21T07:35:25+00:00\",\"breadcrumb\":{\"@id\":\"https:\\\/\\\/hengxingmachinery.com\\\/dry-magnetic-separator\\\/#breadcrumb\"},\"inLanguage\":\"pt-PT\",\"potentialAction\":[{\"@type\":\"ReadAction\",\"target\":[\"https:\\\/\\\/hengxingmachinery.com\\\/dry-magnetic-separator\\\/\"]}]},{\"@type\":\"ImageObject\",\"inLanguage\":\"pt-PT\",\"@id\":\"https:\\\/\\\/hengxingmachinery.com\\\/dry-magnetic-separator\\\/#primaryimage\",\"url\":\"https:\\\/\\\/hengxingmachinery.com\\\/wp-content\\\/uploads\\\/2025\\\/03\\\/dry-magnetic-separator-for-sale.jpg\",\"contentUrl\":\"https:\\\/\\\/hengxingmachinery.com\\\/wp-content\\\/uploads\\\/2025\\\/03\\\/dry-magnetic-separator-for-sale.jpg\"},{\"@type\":\"BreadcrumbList\",\"@id\":\"https:\\\/\\\/hengxingmachinery.com\\\/dry-magnetic-separator\\\/#breadcrumb\",\"itemListElement\":[{\"@type\":\"ListItem\",\"position\":1,\"name\":\"Home\",\"item\":\"https:\\\/\\\/hengxingmachinery.com\\\/\"},{\"@type\":\"ListItem\",\"position\":2,\"name\":\"4-1. Dry magnetic separator\"}]},{\"@type\":\"WebSite\",\"@id\":\"https:\\\/\\\/hengxingmachinery.com\\\/#website\",\"url\":\"https:\\\/\\\/hengxingmachinery.com\\\/\",\"name\":\"Hengxing Machinery\",\"description\":\"Leading Manufacturer of All Sorts of Mining Machinery\",\"publisher\":{\"@id\":\"https:\\\/\\\/hengxingmachinery.com\\\/#organization\"},\"potentialAction\":[{\"@type\":\"SearchAction\",\"target\":{\"@type\":\"EntryPoint\",\"urlTemplate\":\"https:\\\/\\\/hengxingmachinery.com\\\/?s={search_term_string}\"},\"query-input\":{\"@type\":\"PropertyValueSpecification\",\"valueRequired\":true,\"valueName\":\"search_term_string\"}}],\"inLanguage\":\"pt-PT\"},{\"@type\":\"Organization\",\"@id\":\"https:\\\/\\\/hengxingmachinery.com\\\/#organization\",\"name\":\"Hengxing Machinery\",\"url\":\"https:\\\/\\\/hengxingmachinery.com\\\/\",\"logo\":{\"@type\":\"ImageObject\",\"inLanguage\":\"pt-PT\",\"@id\":\"https:\\\/\\\/hengxingmachinery.com\\\/#\\\/schema\\\/logo\\\/image\\\/\",\"url\":\"https:\\\/\\\/hengxingmachinery.com\\\/wp-content\\\/uploads\\\/2024\\\/12\\\/logo.png\",\"contentUrl\":\"https:\\\/\\\/hengxingmachinery.com\\\/wp-content\\\/uploads\\\/2024\\\/12\\\/logo.png\",\"width\":400,\"height\":260,\"caption\":\"Hengxing Machinery\"},\"image\":{\"@id\":\"https:\\\/\\\/hengxingmachinery.com\\\/#\\\/schema\\\/logo\\\/image\\\/\"}}]}<\/script>\n<!-- \/ Yoast SEO plugin. -->","yoast_head_json":{"title":"4-1. Separador magn\u00e9tico a seco - Hengxing Machinery","robots":{"index":"index","follow":"follow","max-snippet":"max-snippet:-1","max-image-preview":"max-image-preview:large","max-video-preview":"max-video-preview:-1"},"canonical":"https:\/\/hengxingmachinery.com\/pt\/dry-magnetic-separator\/","og_locale":"pt_PT","og_type":"article","og_title":"4-1. Dry magnetic separator - Hengxing Machinery","og_description":"Dry magnetic separator Dry magnetic separator features 1. High magnetic field intensity and strong attracting force.&nbsp; 2. High iron-removal rate.&nbsp; 3. Free-maintenance.&nbsp; 4. Power saving.&nbsp; 5. Safe and reliable. Dry magnetic separator working principle Feed material enters the feed hopper, the magnet assembly attracts the magnetic particles to the drum surface. the\u00a0non-magnetic material falling from ... Ler mais","og_url":"https:\/\/hengxingmachinery.com\/pt\/dry-magnetic-separator\/","og_site_name":"Hengxing Machinery","article_modified_time":"2025-03-21T07:35:25+00:00","og_image":[{"url":"https:\/\/hengxingmachinery.com\/wp-content\/uploads\/2025\/03\/dry-magnetic-separator-for-sale.jpg","type":"","width":"","height":""}],"twitter_card":"summary_large_image","twitter_misc":{"Tempo estimado de leitura":"2 minutos"},"schema":{"@context":"https:\/\/schema.org","@graph":[{"@type":"WebPage","@id":"https:\/\/hengxingmachinery.com\/dry-magnetic-separator\/","url":"https:\/\/hengxingmachinery.com\/dry-magnetic-separator\/","name":"4-1. Separador magn\u00e9tico a seco - Hengxing Machinery","isPartOf":{"@id":"https:\/\/hengxingmachinery.com\/#website"},"primaryImageOfPage":{"@id":"https:\/\/hengxingmachinery.com\/dry-magnetic-separator\/#primaryimage"},"image":{"@id":"https:\/\/hengxingmachinery.com\/dry-magnetic-separator\/#primaryimage"},"thumbnailUrl":"https:\/\/hengxingmachinery.com\/wp-content\/uploads\/2025\/03\/dry-magnetic-separator-for-sale.jpg","datePublished":"2025-03-21T07:32:51+00:00","dateModified":"2025-03-21T07:35:25+00:00","breadcrumb":{"@id":"https:\/\/hengxingmachinery.com\/dry-magnetic-separator\/#breadcrumb"},"inLanguage":"pt-PT","potentialAction":[{"@type":"ReadAction","target":["https:\/\/hengxingmachinery.com\/dry-magnetic-separator\/"]}]},{"@type":"ImageObject","inLanguage":"pt-PT","@id":"https:\/\/hengxingmachinery.com\/dry-magnetic-separator\/#primaryimage","url":"https:\/\/hengxingmachinery.com\/wp-content\/uploads\/2025\/03\/dry-magnetic-separator-for-sale.jpg","contentUrl":"https:\/\/hengxingmachinery.com\/wp-content\/uploads\/2025\/03\/dry-magnetic-separator-for-sale.jpg"},{"@type":"BreadcrumbList","@id":"https:\/\/hengxingmachinery.com\/dry-magnetic-separator\/#breadcrumb","itemListElement":[{"@type":"ListItem","position":1,"name":"Home","item":"https:\/\/hengxingmachinery.com\/"},{"@type":"ListItem","position":2,"name":"4-1. Dry magnetic separator"}]},{"@type":"WebSite","@id":"https:\/\/hengxingmachinery.com\/#website","url":"https:\/\/hengxingmachinery.com\/","name":"M\u00e1quinas Hengxing","description":"Fabricante l\u00edder de todos os tipos de m\u00e1quinas de minera\u00e7\u00e3o","publisher":{"@id":"https:\/\/hengxingmachinery.com\/#organization"},"potentialAction":[{"@type":"SearchAction","target":{"@type":"EntryPoint","urlTemplate":"https:\/\/hengxingmachinery.com\/?s={search_term_string}"},"query-input":{"@type":"PropertyValueSpecification","valueRequired":true,"valueName":"search_term_string"}}],"inLanguage":"pt-PT"},{"@type":"Organization","@id":"https:\/\/hengxingmachinery.com\/#organization","name":"M\u00e1quinas Hengxing","url":"https:\/\/hengxingmachinery.com\/","logo":{"@type":"ImageObject","inLanguage":"pt-PT","@id":"https:\/\/hengxingmachinery.com\/#\/schema\/logo\/image\/","url":"https:\/\/hengxingmachinery.com\/wp-content\/uploads\/2024\/12\/logo.png","contentUrl":"https:\/\/hengxingmachinery.com\/wp-content\/uploads\/2024\/12\/logo.png","width":400,"height":260,"caption":"Hengxing Machinery"},"image":{"@id":"https:\/\/hengxingmachinery.com\/#\/schema\/logo\/image\/"}}]}},"_links":{"self":[{"href":"https:\/\/hengxingmachinery.com\/pt\/wp-json\/wp\/v2\/pages\/2467","targetHints":{"allow":["GET"]}}],"collection":[{"href":"https:\/\/hengxingmachinery.com\/pt\/wp-json\/wp\/v2\/pages"}],"about":[{"href":"https:\/\/hengxingmachinery.com\/pt\/wp-json\/wp\/v2\/types\/page"}],"author":[{"embeddable":true,"href":"https:\/\/hengxingmachinery.com\/pt\/wp-json\/wp\/v2\/users\/1"}],"replies":[{"embeddable":true,"href":"https:\/\/hengxingmachinery.com\/pt\/wp-json\/wp\/v2\/comments?post=2467"}],"version-history":[{"count":3,"href":"https:\/\/hengxingmachinery.com\/pt\/wp-json\/wp\/v2\/pages\/2467\/revisions"}],"predecessor-version":[{"id":2522,"href":"https:\/\/hengxingmachinery.com\/pt\/wp-json\/wp\/v2\/pages\/2467\/revisions\/2522"}],"wp:attachment":[{"href":"https:\/\/hengxingmachinery.com\/pt\/wp-json\/wp\/v2\/media?parent=2467"}],"curies":[{"name":"wp","href":"https:\/\/api.w.org\/{rel}","templated":true}]}}