{"id":2473,"date":"2025-03-21T07:34:37","date_gmt":"2025-03-21T07:34:37","guid":{"rendered":"https:\/\/hengxingmachinery.com\/?page_id=2473"},"modified":"2025-03-21T07:34:38","modified_gmt":"2025-03-21T07:34:38","slug":"high-frequency-screen","status":"publish","type":"page","link":"https:\/\/hengxingmachinery.com\/pt\/high-frequency-screen\/","title":{"rendered":"4-1. Peneira de alta frequ\u00eancia"},"content":{"rendered":"<div class=\"gb-container gb-container-45165f5a\">\n<div class=\"gb-container gb-container-c2652eb4\">\n\n<h1 class=\"gb-headline gb-headline-62a8b2cc gb-headline-text\">Tela de alta frequ\u00eancia<\/h1>\n\n<\/div>\n<\/div>\n\n<div class=\"gb-container gb-container-519cf624\">\n<div class=\"gb-container gb-container-71ca071e\">\n<div class=\"gb-grid-wrapper gb-grid-wrapper-8a5f0688\">\n<div class=\"gb-grid-column gb-grid-column-1e99b1c2\"><div class=\"gb-container gb-container-1e99b1c2\">\n\n<figure class=\"gb-block-image gb-block-image-e4eaba54\"><img decoding=\"async\" width=\"665\" height=\"545\" class=\"gb-image gb-image-e4eaba54\" src=\"https:\/\/hengxingmachinery.com\/wp-content\/uploads\/2025\/03\/high-frequency-screens.jpg\" alt=\"\" title=\"peneiras de alta frequ\u00eancia\" srcset=\"https:\/\/hengxingmachinery.com\/wp-content\/uploads\/2025\/03\/high-frequency-screens.jpg 665w, https:\/\/hengxingmachinery.com\/wp-content\/uploads\/2025\/03\/high-frequency-screens-300x246.jpg 300w, https:\/\/hengxingmachinery.com\/wp-content\/uploads\/2025\/03\/high-frequency-screens-15x12.jpg 15w\" sizes=\"(max-width: 665px) 100vw, 665px\" \/><\/figure>\n\n<\/div><\/div>\n\n<div class=\"gb-grid-column gb-grid-column-bcae065b\"><div class=\"gb-container gb-container-bcae065b\">\n\n<p><strong><mark style=\"background-color:rgba(0, 0, 0, 0)\" class=\"has-inline-color has-global-color-8-color\">Campo de aplica\u00e7\u00e3o: <\/mark><\/strong><\/p>\n\n\n\n<p>As peneiras de alta frequ\u00eancia s\u00e3o amplamente utilizadas para peneiramento a seco e \u00famido, classifica\u00e7\u00e3o e desidrata\u00e7\u00e3o de diversos materiais em ind\u00fastrias como processamento mineral, prepara\u00e7\u00e3o de carv\u00e3o, ind\u00fastria qu\u00edmica, fabrica\u00e7\u00e3o de tijolos, alimentos, produtos farmac\u00eauticos, produ\u00e7\u00e3o de \u00e1lcalis, fertilizantes, papel e outras ind\u00fastrias.<\/p>\n\n\n\n<p><\/p>\n\n\n\n<p><strong><mark style=\"background-color:rgba(0, 0, 0, 0)\" class=\"has-inline-color has-global-color-8-color\">\u00c1rea da peneira de alta frequ\u00eancia:<\/mark><\/strong> 4,5\u20138,1 m\u00b2<\/p>\n\n\n\n<p><strong><mark style=\"background-color:rgba(0, 0, 0, 0)\" class=\"has-inline-color has-global-color-8-color\">Capacidade de produ\u00e7\u00e3o:<\/mark><\/strong> 15\u201348 t\/h<\/p>\n\n\n<div class=\"gb-container gb-container-256e15f1\">\n\n<a class=\"gb-button gb-button-e8b73d89 gb-button-text\" href=\"#popmake-622\">Obtenha uma cota\u00e7\u00e3o gratuita agora<\/a>\n\n<\/div>\n<\/div><\/div>\n<\/div>\n<\/div>\n<\/div>\n\n<div class=\"gb-container gb-container-c0200787\">\n<div class=\"gb-container gb-container-1d97c93d\">\n\n<h2 class=\"gb-headline gb-headline-3d5fa577 gb-headline-text\">Introdu\u00e7\u00e3o da peneira de alta frequ\u00eancia<\/h2>\n\n\n\n<figure class=\"gb-block-image gb-block-image-230c53d3\"><img decoding=\"async\" width=\"600\" height=\"500\" class=\"gb-image gb-image-230c53d3\" src=\"https:\/\/hengxingmachinery.com\/wp-content\/uploads\/2025\/03\/high-frequency-screen-for-sale-1.jpg\" alt=\"\" title=\"peneira de alta frequ\u00eancia \u00e0 venda\" srcset=\"https:\/\/hengxingmachinery.com\/wp-content\/uploads\/2025\/03\/high-frequency-screen-for-sale-1.jpg 600w, https:\/\/hengxingmachinery.com\/wp-content\/uploads\/2025\/03\/high-frequency-screen-for-sale-1-300x250.jpg 300w, https:\/\/hengxingmachinery.com\/wp-content\/uploads\/2025\/03\/high-frequency-screen-for-sale-1-14x12.jpg 14w\" sizes=\"(max-width: 600px) 100vw, 600px\" \/><\/figure>\n\n\n\n<p><\/p>\n\n\n\n<p>A peneira de alta frequ\u00eancia tamb\u00e9m \u00e9 chamada de peneira classificadora. A peneira \u00e9 composta por um excitador de vibra\u00e7\u00e3o, distribuidor de polpa, estrutura da peneira, moldura, mola de suspens\u00e3o e malha da peneira. A peneira possui alta efici\u00eancia, pequena amplitude e alta frequ\u00eancia de peneiramento. <\/p>\n\n\n\n<p>Diferente do princ\u00edpio dos equipamentos de peneiramento comuns, como a peneira de alta frequ\u00eancia adota alta frequ\u00eancia, por um lado, ela destr\u00f3i a tens\u00e3o superficial da polpa e a oscila\u00e7\u00e3o de alta velocidade dos materiais de gr\u00e3o fino na superf\u00edcie da peneira, acelerando a segrega\u00e7\u00e3o e a separa\u00e7\u00e3o dos minerais \u00fateis de alta densidade (peso espec\u00edfico). <\/p>\n\n\n\n<p>O efeito aumenta a probabilidade de que materiais menores que o tamanho de part\u00edcula de separa\u00e7\u00e3o entrem em contato com os orif\u00edcios da peneira. Isso resulta em melhores condi\u00e7\u00f5es de separa\u00e7\u00e3o, de modo que os materiais menores que o tamanho de part\u00edcula de separa\u00e7\u00e3o, especialmente as part\u00edculas pesadas e a polpa de min\u00e9rio, passam pela peneira e se tornam o produto de under-size.<\/p>\n\n\n<div class=\"gb-container gb-container-9eeb6cec\">\n\n<a class=\"gb-button gb-button-d1324b3c gb-button-text\" href=\"#popmake-622\">Obtenha uma cota\u00e7\u00e3o gratuita agora<\/a>\n\n<\/div>\n<\/div>\n<\/div>\n\n<div class=\"gb-container gb-container-aee62d46\">\n<div class=\"gb-container gb-container-95f2b668\">\n\n<h2 class=\"gb-headline gb-headline-c2d9453e gb-headline-text\">Caracter\u00edsticas da peneira de alta frequ\u00eancia<\/h2>\n\n\n\n<figure class=\"gb-block-image gb-block-image-10dae308\"><img decoding=\"async\" width=\"694\" height=\"475\" class=\"gb-image gb-image-10dae308\" src=\"https:\/\/hengxingmachinery.com\/wp-content\/uploads\/2025\/03\/high-frequency-screen-1.jpg\" alt=\"\" title=\"peneira de alta frequ\u00eancia\" srcset=\"https:\/\/hengxingmachinery.com\/wp-content\/uploads\/2025\/03\/high-frequency-screen-1.jpg 694w, https:\/\/hengxingmachinery.com\/wp-content\/uploads\/2025\/03\/high-frequency-screen-1-300x205.jpg 300w, https:\/\/hengxingmachinery.com\/wp-content\/uploads\/2025\/03\/high-frequency-screen-1-18x12.jpg 18w\" sizes=\"(max-width: 694px) 100vw, 694px\" \/><\/figure>\n\n\n\n<p><\/p>\n\n\n\n<p>1. O uso de telas laminadas aumenta a abertura de uma \u00fanica camada, o que n\u00e3o apenas prolonga a vida \u00fatil das telas, mas tamb\u00e9m tem o efeito de evitar entupimento e abras\u00e3o.<\/p>\n\n\n\n<p>2. O suporte de mola de borracha da peneira de alta frequ\u00eancia para a estrutura da tela tem o efeito de isolamento de vibra\u00e7\u00e3o, absor\u00e7\u00e3o ac\u00fastica e redu\u00e7\u00e3o de ru\u00eddo, e a vibra\u00e7\u00e3o do equipamento \u00e9 pequena.<\/p>\n\n\n\n<p>3. Alta frequ\u00eancia e baixa amplitude s\u00e3o favor\u00e1veis \u00e0 separa\u00e7\u00e3o e estratifica\u00e7\u00e3o de materiais finos e pesados para acelerar a peneira\u00e7\u00e3o do material.<\/p>\n\n\n\n<p>4. Grande capacidade de manuseio de material e baixo consumo de energia.<\/p>\n\n\n<div class=\"gb-container gb-container-6884c2cc\">\n\n<a class=\"gb-button gb-button-70583696 gb-button-text\" href=\"#popmake-622\">Obtenha uma cota\u00e7\u00e3o gratuita agora<\/a>\n\n<\/div>\n<\/div>\n<\/div>\n\n<div class=\"gb-container gb-container-ebd718b6\">\n<div class=\"gb-container gb-container-5c75b960\">\n\n<h2 class=\"gb-headline gb-headline-98859344 gb-headline-text\">Princ\u00edpio de funcionamento da peneira de alta frequ\u00eancia<\/h2>\n\n\n\n<p>A peneira destr\u00f3i a tens\u00e3o superficial da polpa e faz com que os materiais de granula\u00e7\u00e3o fina oscilem em alta velocidade na superf\u00edcie da tela, acelerando a separa\u00e7\u00e3o de minerais \u00fateis com maior gravidade. E aumenta a probabilidade de que materiais menores que o tamanho de part\u00edcula separado entrem em contato com os orif\u00edcios da peneira, de modo que as part\u00edculas menores que o tamanho de part\u00edcula separado entrem em contato com a peneira. <\/p>\n\n\n\n<p>O material, as part\u00edculas com alta gravidade espec\u00edfica e a polpa de min\u00e9rio passam pelos orif\u00edcios da peneira e se tornam o produto de underflow, realizando assim a peneira\u00e7\u00e3o.<\/p>\n\n\n<div class=\"gb-container gb-container-d6bbf16a\">\n\n<a class=\"gb-button gb-button-caa3f2bc gb-button-text\" href=\"#popmake-622\">Obtenha uma cota\u00e7\u00e3o gratuita agora<\/a>\n\n<\/div>\n<\/div>\n<\/div>\n\n<div class=\"gb-container gb-container-435ad261\">\n<div class=\"gb-container gb-container-7dc79cc4\">\n\n<h2 class=\"gb-headline gb-headline-6fe5dee2 gb-headline-text\">Especifica\u00e7\u00f5es da peneira de alta frequ\u00eancia<\/h2>\n\n\n\n<figure class=\"wp-block-table is-style-stripes\"><table class=\"has-fixed-layout\"><tbody><tr><td><strong>Modelo<\/strong><\/td><td><strong>\u00c1rea da Tela (\u33a1)<\/strong><\/td><td><strong>Concentra\u00e7\u00e3o (%)<\/strong><\/td><td><strong>Capacidade (t\/h)<\/strong><\/td><td><strong>Pot\u00eancia (kW)<\/strong><\/td><\/tr><tr><td>GPS-4<\/td><td>4.5<\/td><td>30-40<\/td><td>15-25<\/td><td>0.72<\/td><\/tr><tr><td>GPS-5<\/td><td>5.2<\/td><td>30-40<\/td><td>20-30<\/td><td>1.1<\/td><\/tr><tr><td>GPS-6<\/td><td>6<\/td><td>30-40<\/td><td>24-36<\/td><td>1.5<\/td><\/tr><tr><td>GPS-8<\/td><td>8.1<\/td><td>30-40<\/td><td>32-48<\/td><td>2.2<\/td><\/tr><\/tbody><\/table><\/figure>\n\n\n<div class=\"gb-container gb-container-263d9700\">\n\n<a class=\"gb-button gb-button-a4cbb7be gb-button-text\" href=\"#popmake-622\">Obtenha uma cota\u00e7\u00e3o gratuita agora<\/a>\n\n<\/div>\n<\/div>\n<\/div>","protected":false},"excerpt":{"rendered":"<p>High frequency screen Introduction of high frequency screen The high-frequency screen is also called the grading screen. The screening machine is composed of a vibration exciter, slurry distributor, screen frame, frame, suspension spring and screen mesh. The screening machine has high efficiency, small amplitude and high screening frequency. Different from the principle of ordinary screening &#8230; <\/p>\n<p class=\"read-more-container\"><a title=\"4-1. Peneira de alta frequ\u00eancia\" class=\"read-more button\" href=\"https:\/\/hengxingmachinery.com\/pt\/high-frequency-screen\/#more-2473\" aria-label=\"Leia mais sobre 4-1. High frequency screen\">Ler mais<\/a><\/p>","protected":false},"author":1,"featured_media":0,"parent":0,"menu_order":0,"comment_status":"closed","ping_status":"closed","template":"","meta":{"footnotes":""},"class_list":["post-2473","page","type-page","status-publish"],"yoast_head":"<!-- This site is optimized with the Yoast SEO plugin v27.4 - https:\/\/yoast.com\/product\/yoast-seo-wordpress\/ -->\n<title>4-1. High frequency screen - Hengxing Machinery<\/title>\n<meta name=\"robots\" content=\"index, follow, max-snippet:-1, max-image-preview:large, max-video-preview:-1\" \/>\n<link rel=\"canonical\" href=\"https:\/\/hengxingmachinery.com\/pt\/high-frequency-screen\/\" \/>\n<meta property=\"og:locale\" content=\"pt_PT\" \/>\n<meta property=\"og:type\" content=\"article\" \/>\n<meta property=\"og:title\" content=\"4-1. High frequency screen - Hengxing Machinery\" \/>\n<meta property=\"og:description\" content=\"High frequency screen Introduction of high frequency screen The high-frequency screen is also called the grading screen. The screening machine is composed of a vibration exciter, slurry distributor, screen frame, frame, suspension spring and screen mesh. The screening machine has high efficiency, small amplitude and high screening frequency. Different from the principle of ordinary screening ... Ler mais\" \/>\n<meta property=\"og:url\" content=\"https:\/\/hengxingmachinery.com\/pt\/high-frequency-screen\/\" \/>\n<meta property=\"og:site_name\" content=\"Hengxing Machinery\" \/>\n<meta property=\"article:modified_time\" content=\"2025-03-21T07:34:38+00:00\" \/>\n<meta property=\"og:image\" content=\"https:\/\/hengxingmachinery.com\/wp-content\/uploads\/2025\/03\/high-frequency-screens.jpg\" \/>\n<meta name=\"twitter:card\" content=\"summary_large_image\" \/>\n<meta name=\"twitter:label1\" content=\"Tempo estimado de leitura\" \/>\n\t<meta name=\"twitter:data1\" content=\"3 minutos\" \/>\n<script type=\"application\/ld+json\" class=\"yoast-schema-graph\">{\"@context\":\"https:\\\/\\\/schema.org\",\"@graph\":[{\"@type\":\"WebPage\",\"@id\":\"https:\\\/\\\/hengxingmachinery.com\\\/high-frequency-screen\\\/\",\"url\":\"https:\\\/\\\/hengxingmachinery.com\\\/high-frequency-screen\\\/\",\"name\":\"4-1. High frequency screen - Hengxing Machinery\",\"isPartOf\":{\"@id\":\"https:\\\/\\\/hengxingmachinery.com\\\/#website\"},\"primaryImageOfPage\":{\"@id\":\"https:\\\/\\\/hengxingmachinery.com\\\/high-frequency-screen\\\/#primaryimage\"},\"image\":{\"@id\":\"https:\\\/\\\/hengxingmachinery.com\\\/high-frequency-screen\\\/#primaryimage\"},\"thumbnailUrl\":\"https:\\\/\\\/hengxingmachinery.com\\\/wp-content\\\/uploads\\\/2025\\\/03\\\/high-frequency-screens.jpg\",\"datePublished\":\"2025-03-21T07:34:37+00:00\",\"dateModified\":\"2025-03-21T07:34:38+00:00\",\"breadcrumb\":{\"@id\":\"https:\\\/\\\/hengxingmachinery.com\\\/high-frequency-screen\\\/#breadcrumb\"},\"inLanguage\":\"pt-PT\",\"potentialAction\":[{\"@type\":\"ReadAction\",\"target\":[\"https:\\\/\\\/hengxingmachinery.com\\\/high-frequency-screen\\\/\"]}]},{\"@type\":\"ImageObject\",\"inLanguage\":\"pt-PT\",\"@id\":\"https:\\\/\\\/hengxingmachinery.com\\\/high-frequency-screen\\\/#primaryimage\",\"url\":\"https:\\\/\\\/hengxingmachinery.com\\\/wp-content\\\/uploads\\\/2025\\\/03\\\/high-frequency-screens.jpg\",\"contentUrl\":\"https:\\\/\\\/hengxingmachinery.com\\\/wp-content\\\/uploads\\\/2025\\\/03\\\/high-frequency-screens.jpg\"},{\"@type\":\"BreadcrumbList\",\"@id\":\"https:\\\/\\\/hengxingmachinery.com\\\/high-frequency-screen\\\/#breadcrumb\",\"itemListElement\":[{\"@type\":\"ListItem\",\"position\":1,\"name\":\"Home\",\"item\":\"https:\\\/\\\/hengxingmachinery.com\\\/\"},{\"@type\":\"ListItem\",\"position\":2,\"name\":\"4-1. High frequency screen\"}]},{\"@type\":\"WebSite\",\"@id\":\"https:\\\/\\\/hengxingmachinery.com\\\/#website\",\"url\":\"https:\\\/\\\/hengxingmachinery.com\\\/\",\"name\":\"Hengxing Machinery\",\"description\":\"Leading Manufacturer of All Sorts of Mining Machinery\",\"publisher\":{\"@id\":\"https:\\\/\\\/hengxingmachinery.com\\\/#organization\"},\"potentialAction\":[{\"@type\":\"SearchAction\",\"target\":{\"@type\":\"EntryPoint\",\"urlTemplate\":\"https:\\\/\\\/hengxingmachinery.com\\\/?s={search_term_string}\"},\"query-input\":{\"@type\":\"PropertyValueSpecification\",\"valueRequired\":true,\"valueName\":\"search_term_string\"}}],\"inLanguage\":\"pt-PT\"},{\"@type\":\"Organization\",\"@id\":\"https:\\\/\\\/hengxingmachinery.com\\\/#organization\",\"name\":\"Hengxing Machinery\",\"url\":\"https:\\\/\\\/hengxingmachinery.com\\\/\",\"logo\":{\"@type\":\"ImageObject\",\"inLanguage\":\"pt-PT\",\"@id\":\"https:\\\/\\\/hengxingmachinery.com\\\/#\\\/schema\\\/logo\\\/image\\\/\",\"url\":\"https:\\\/\\\/hengxingmachinery.com\\\/wp-content\\\/uploads\\\/2024\\\/12\\\/logo.png\",\"contentUrl\":\"https:\\\/\\\/hengxingmachinery.com\\\/wp-content\\\/uploads\\\/2024\\\/12\\\/logo.png\",\"width\":400,\"height\":260,\"caption\":\"Hengxing Machinery\"},\"image\":{\"@id\":\"https:\\\/\\\/hengxingmachinery.com\\\/#\\\/schema\\\/logo\\\/image\\\/\"}}]}<\/script>\n<!-- \/ Yoast SEO plugin. -->","yoast_head_json":{"title":"4-1. Peneira de alta frequ\u00eancia - Hengxing Machinery","robots":{"index":"index","follow":"follow","max-snippet":"max-snippet:-1","max-image-preview":"max-image-preview:large","max-video-preview":"max-video-preview:-1"},"canonical":"https:\/\/hengxingmachinery.com\/pt\/high-frequency-screen\/","og_locale":"pt_PT","og_type":"article","og_title":"4-1. High frequency screen - Hengxing Machinery","og_description":"High frequency screen Introduction of high frequency screen The high-frequency screen is also called the grading screen. The screening machine is composed of a vibration exciter, slurry distributor, screen frame, frame, suspension spring and screen mesh. The screening machine has high efficiency, small amplitude and high screening frequency. Different from the principle of ordinary screening ... Ler mais","og_url":"https:\/\/hengxingmachinery.com\/pt\/high-frequency-screen\/","og_site_name":"Hengxing Machinery","article_modified_time":"2025-03-21T07:34:38+00:00","og_image":[{"url":"https:\/\/hengxingmachinery.com\/wp-content\/uploads\/2025\/03\/high-frequency-screens.jpg","type":"","width":"","height":""}],"twitter_card":"summary_large_image","twitter_misc":{"Tempo estimado de leitura":"3 minutos"},"schema":{"@context":"https:\/\/schema.org","@graph":[{"@type":"WebPage","@id":"https:\/\/hengxingmachinery.com\/high-frequency-screen\/","url":"https:\/\/hengxingmachinery.com\/high-frequency-screen\/","name":"4-1. Peneira de alta frequ\u00eancia - Hengxing Machinery","isPartOf":{"@id":"https:\/\/hengxingmachinery.com\/#website"},"primaryImageOfPage":{"@id":"https:\/\/hengxingmachinery.com\/high-frequency-screen\/#primaryimage"},"image":{"@id":"https:\/\/hengxingmachinery.com\/high-frequency-screen\/#primaryimage"},"thumbnailUrl":"https:\/\/hengxingmachinery.com\/wp-content\/uploads\/2025\/03\/high-frequency-screens.jpg","datePublished":"2025-03-21T07:34:37+00:00","dateModified":"2025-03-21T07:34:38+00:00","breadcrumb":{"@id":"https:\/\/hengxingmachinery.com\/high-frequency-screen\/#breadcrumb"},"inLanguage":"pt-PT","potentialAction":[{"@type":"ReadAction","target":["https:\/\/hengxingmachinery.com\/high-frequency-screen\/"]}]},{"@type":"ImageObject","inLanguage":"pt-PT","@id":"https:\/\/hengxingmachinery.com\/high-frequency-screen\/#primaryimage","url":"https:\/\/hengxingmachinery.com\/wp-content\/uploads\/2025\/03\/high-frequency-screens.jpg","contentUrl":"https:\/\/hengxingmachinery.com\/wp-content\/uploads\/2025\/03\/high-frequency-screens.jpg"},{"@type":"BreadcrumbList","@id":"https:\/\/hengxingmachinery.com\/high-frequency-screen\/#breadcrumb","itemListElement":[{"@type":"ListItem","position":1,"name":"Home","item":"https:\/\/hengxingmachinery.com\/"},{"@type":"ListItem","position":2,"name":"4-1. High frequency screen"}]},{"@type":"WebSite","@id":"https:\/\/hengxingmachinery.com\/#website","url":"https:\/\/hengxingmachinery.com\/","name":"M\u00e1quinas Hengxing","description":"Fabricante l\u00edder de todos os tipos de m\u00e1quinas de minera\u00e7\u00e3o","publisher":{"@id":"https:\/\/hengxingmachinery.com\/#organization"},"potentialAction":[{"@type":"SearchAction","target":{"@type":"EntryPoint","urlTemplate":"https:\/\/hengxingmachinery.com\/?s={search_term_string}"},"query-input":{"@type":"PropertyValueSpecification","valueRequired":true,"valueName":"search_term_string"}}],"inLanguage":"pt-PT"},{"@type":"Organization","@id":"https:\/\/hengxingmachinery.com\/#organization","name":"M\u00e1quinas Hengxing","url":"https:\/\/hengxingmachinery.com\/","logo":{"@type":"ImageObject","inLanguage":"pt-PT","@id":"https:\/\/hengxingmachinery.com\/#\/schema\/logo\/image\/","url":"https:\/\/hengxingmachinery.com\/wp-content\/uploads\/2024\/12\/logo.png","contentUrl":"https:\/\/hengxingmachinery.com\/wp-content\/uploads\/2024\/12\/logo.png","width":400,"height":260,"caption":"Hengxing Machinery"},"image":{"@id":"https:\/\/hengxingmachinery.com\/#\/schema\/logo\/image\/"}}]}},"_links":{"self":[{"href":"https:\/\/hengxingmachinery.com\/pt\/wp-json\/wp\/v2\/pages\/2473","targetHints":{"allow":["GET"]}}],"collection":[{"href":"https:\/\/hengxingmachinery.com\/pt\/wp-json\/wp\/v2\/pages"}],"about":[{"href":"https:\/\/hengxingmachinery.com\/pt\/wp-json\/wp\/v2\/types\/page"}],"author":[{"embeddable":true,"href":"https:\/\/hengxingmachinery.com\/pt\/wp-json\/wp\/v2\/users\/1"}],"replies":[{"embeddable":true,"href":"https:\/\/hengxingmachinery.com\/pt\/wp-json\/wp\/v2\/comments?post=2473"}],"version-history":[{"count":2,"href":"https:\/\/hengxingmachinery.com\/pt\/wp-json\/wp\/v2\/pages\/2473\/revisions"}],"predecessor-version":[{"id":2523,"href":"https:\/\/hengxingmachinery.com\/pt\/wp-json\/wp\/v2\/pages\/2473\/revisions\/2523"}],"wp:attachment":[{"href":"https:\/\/hengxingmachinery.com\/pt\/wp-json\/wp\/v2\/media?parent=2473"}],"curies":[{"name":"wp","href":"https:\/\/api.w.org\/{rel}","templated":true}]}}