{"id":2532,"date":"2025-03-21T08:42:49","date_gmt":"2025-03-21T08:42:49","guid":{"rendered":"https:\/\/hengxingmachinery.com\/?page_id=2532"},"modified":"2025-03-21T08:45:14","modified_gmt":"2025-03-21T08:45:14","slug":"leaching-tank","status":"publish","type":"page","link":"https:\/\/hengxingmachinery.com\/pt\/leaching-tank\/","title":{"rendered":"4-1. Tanque de lixivia\u00e7\u00e3o"},"content":{"rendered":"<div class=\"gb-container gb-container-45165f5a\">\n<div class=\"gb-container gb-container-c2652eb4\">\n\n<h1 class=\"gb-headline gb-headline-62a8b2cc gb-headline-text\">Tanque de lixivia\u00e7\u00e3o<\/h1>\n\n<\/div>\n<\/div>\n\n<div class=\"gb-container gb-container-519cf624\">\n<div class=\"gb-container gb-container-71ca071e\">\n<div class=\"gb-grid-wrapper gb-grid-wrapper-8a5f0688\">\n<div class=\"gb-grid-column gb-grid-column-1e99b1c2\"><div class=\"gb-container gb-container-1e99b1c2\">\n\n<figure class=\"gb-block-image gb-block-image-e4eaba54\"><img decoding=\"async\" width=\"665\" height=\"545\" class=\"gb-image gb-image-e4eaba54\" src=\"https:\/\/hengxingmachinery.com\/wp-content\/uploads\/2025\/03\/leaching-tank-for-sale.png\" alt=\"\" title=\"Tanque de lixivia\u00e7\u00e3o \u00e0 venda\" srcset=\"https:\/\/hengxingmachinery.com\/wp-content\/uploads\/2025\/03\/leaching-tank-for-sale.png 665w, https:\/\/hengxingmachinery.com\/wp-content\/uploads\/2025\/03\/leaching-tank-for-sale-300x246.png 300w, https:\/\/hengxingmachinery.com\/wp-content\/uploads\/2025\/03\/leaching-tank-for-sale-15x12.png 15w\" sizes=\"(max-width: 665px) 100vw, 665px\" \/><\/figure>\n\n<\/div><\/div>\n\n<div class=\"gb-grid-column gb-grid-column-bcae065b\"><div class=\"gb-container gb-container-bcae065b\">\n\n<p><strong><mark style=\"background-color:rgba(0, 0, 0, 0)\" class=\"has-inline-color has-global-color-8-color\">Capacidade de processamento: <\/mark><\/strong> 6-395 m\u00b3<\/p>\n\n\n\n<p><strong><mark style=\"background-color:rgba(0, 0, 0, 0)\" class=\"has-inline-color has-global-color-8-color\">Campo de aplica\u00e7\u00e3o:<\/mark><\/strong> O tanque de lixivia\u00e7\u00e3o de duplo impulsor \u00e9 adequado para opera\u00e7\u00f5es de mistura como lixivia\u00e7\u00e3o de ouro, adsor\u00e7\u00e3o e outras, onde a gravidade espec\u00edfica \u00e9 pequena, a viscosidade \u00e9 baixa, a velocidade de sedimenta\u00e7\u00e3o \u00e9 lenta, o tamanho das part\u00edculas do min\u00e9rio \u00e9 -200 malha representando mais de 90% e a concentra\u00e7\u00e3o da polpa \u00e9 inferior a 45%.<\/p>\n\n\n\n<p><\/p>\n\n\n\n<p><strong><mark style=\"background-color:rgba(0, 0, 0, 0)\" class=\"has-inline-color has-global-color-8-color\">Melhorias do produto:<\/mark><\/strong> Impulsor de dupla camada, mistura uniforme, baixo consumo de energia; impulsor encapsulado, longa vida \u00fatil; fornecimento de ar em m\u00faltiplos pontos, aera\u00e7\u00e3o uniforme.<\/p>\n\n\n<div class=\"gb-container gb-container-256e15f1\">\n\n<a class=\"gb-button gb-button-e8b73d89 gb-button-text\" href=\"#popmake-622\">Obtenha uma cota\u00e7\u00e3o gratuita agora<\/a>\n\n<\/div>\n<\/div><\/div>\n<\/div>\n<\/div>\n<\/div>\n\n<div class=\"gb-container gb-container-aee62d46\">\n<div class=\"gb-container gb-container-95f2b668\">\n\n<h2 class=\"gb-headline gb-headline-c2d9453e gb-headline-text\">Caracter\u00edsticas do tanque de lixivia\u00e7\u00e3o<\/h2>\n\n\n\n<figure class=\"gb-block-image gb-block-image-10dae308\"><img decoding=\"async\" width=\"800\" height=\"600\" class=\"gb-image gb-image-10dae308\" src=\"https:\/\/hengxingmachinery.com\/wp-content\/uploads\/2025\/03\/leaching-tank-supplier.jpg\" alt=\"\" title=\"Fornecedor de tanque de lixivia\u00e7\u00e3o\" srcset=\"https:\/\/hengxingmachinery.com\/wp-content\/uploads\/2025\/03\/leaching-tank-supplier.jpg 800w, https:\/\/hengxingmachinery.com\/wp-content\/uploads\/2025\/03\/leaching-tank-supplier-300x225.jpg 300w, https:\/\/hengxingmachinery.com\/wp-content\/uploads\/2025\/03\/leaching-tank-supplier-768x576.jpg 768w, https:\/\/hengxingmachinery.com\/wp-content\/uploads\/2025\/03\/leaching-tank-supplier-16x12.jpg 16w\" sizes=\"(max-width: 800px) 100vw, 800px\" \/><\/figure>\n\n\n\n<p><\/p>\n\n\n\n<p>O fluxo do min\u00e9rio move-se suavemente, a polpa do min\u00e9rio \u00e9 misturada uniformemente e o consumo de energia \u00e9 baixo.<\/p>\n\n\n\n<p>O ar entra no tanque atrav\u00e9s do eixo oco da transmiss\u00e3o e \u00e9 agitado pelas p\u00e1s, sendo disperso uniformemente.<\/p>\n\n\n\n<p>Estrutura compacta e manuten\u00e7\u00e3o conveniente.<\/p>\n\n\n\n<p>O eixo oco ventila at\u00e9 a extremidade inferior, o ar entra no tanque atrav\u00e9s dele, dispersa-se uniformemente e forma bolhas pequenas.<\/p>\n\n\n\n<p>S\u00e3o utilizados dois novos impulsores; o di\u00e2metro do impulsor do tanque de mistura \u00e9 grande, a velocidade de rota\u00e7\u00e3o \u00e9 baixa e o consumo de energia da mistura \u00e9 pequeno, o que pode reduzir o desgaste do carbono.<\/p>\n\n\n\n<p>A intensidade da mistura \u00e9 moderada, e a concentra\u00e7\u00e3o da polpa e a distribui\u00e7\u00e3o de finos no tanque s\u00e3o consistentes, o que pode melhorar a taxa de lixivia\u00e7\u00e3o do cianeto e a taxa de adsor\u00e7\u00e3o do carbono.<\/p>\n\n\n\n<p>O impulsor do tanque de lixivia\u00e7\u00e3o \u00e9 revestido com borracha resistente ao desgaste, tem baixa velocidade e longa vida \u00fatil.<\/p>\n\n\n<div class=\"gb-container gb-container-6884c2cc\">\n\n<a class=\"gb-button gb-button-70583696 gb-button-text\" href=\"#popmake-622\">Obtenha uma cota\u00e7\u00e3o gratuita agora<\/a>\n\n<\/div>\n<\/div>\n<\/div>\n\n<div class=\"gb-container gb-container-ebd718b6\">\n<div class=\"gb-container gb-container-5c75b960\">\n\n<h2 class=\"gb-headline gb-headline-98859344 gb-headline-text\">Princ\u00edpio de funcionamento do tanque de lixivia\u00e7\u00e3o<\/h2>\n\n\n\n<p>O tanque de lixivia\u00e7\u00e3o \u00e9 arrastado e agitado pelo duplo impulsor, flui de cima para baixo no centro, difunde-se atrav\u00e9s da placa de amortecimento ao redor, e recebe ar na extremidade inferior do eixo, mistura-se com a polpa e circula para cima, formando uma mistura de suspens\u00e3o homog\u00eanea.<\/p>\n\n\n<div class=\"gb-container gb-container-d6bbf16a\">\n\n<a class=\"gb-button gb-button-caa3f2bc gb-button-text\" href=\"#popmake-622\">Obtenha uma cota\u00e7\u00e3o gratuita agora<\/a>\n\n<\/div>\n<\/div>\n<\/div>\n\n<div class=\"gb-container gb-container-435ad261\">\n<div class=\"gb-container gb-container-7dc79cc4\">\n\n<h2 class=\"gb-headline gb-headline-6fe5dee2 gb-headline-text\">Especifica\u00e7\u00f5es do tanque de lixivia\u00e7\u00e3o<\/h2>\n\n\n\n<figure class=\"wp-block-table is-style-stripes\"><table class=\"has-fixed-layout\"><tbody><tr><td><strong>Modelo<\/strong><\/td><td><strong>Especifica\u00e7\u00e3o do Tanque.<br>(D X H) (mm)<\/strong><\/td><td><strong>Volume<br>Efetivo<br>(m\u00b3)<\/strong><\/td><td><strong>Velocidade de Rota\u00e7\u00e3o do Impulsor (r\/min)<\/strong><\/td><td><strong>Di\u00e2metro do Impulsor (mm)<\/strong><\/td><td><strong>Motor<br>Modelo<\/strong><\/td><td><strong>Motor<br>Poder<br>(kW)<\/strong><\/td><td><strong>Modelo do Redutor<\/strong><\/td><td><strong>Tanque<br>Peso<br>(kg)<\/strong><\/td><td><strong>Total<br>Peso<br>(kg)<\/strong><\/td><\/tr><tr><td>SJ2.0X2.5<\/td><td>2000X2500<\/td><td>7.07<\/td><td>52<\/td><td>909<\/td><td>Y100L1-4<\/td><td>2.2<\/td><td>XLD2.2-4-29<\/td><td>1609<\/td><td>2144<\/td><\/tr><tr><td>SJ2.5X2.5<\/td><td>2500X2500<\/td><td>10.8<\/td><td>43<\/td><td>935<\/td><td>Y112M-4<\/td><td>4<\/td><td>XLD4-5-35<\/td><td>2159<\/td><td>2729<\/td><\/tr><tr><td>SJ2.5X3.15<\/td><td>2500X3150<\/td><td>13.92<\/td><td>52<\/td><td>935<\/td><td>Y100L1-4<\/td><td>2.2<\/td><td>XLD2.2-4-29<\/td><td>2398<\/td><td>3095<\/td><\/tr><tr><td>SJ3.0X3.0<\/td><td>3000X3000<\/td><td>19<\/td><td>43<\/td><td>1130<\/td><td>Y112M-4<\/td><td>4<\/td><td>XLD4-5-35<\/td><td>3480<\/td><td>4583<\/td><\/tr><tr><td>SJ3X3.15<\/td><td>3000X3150<\/td><td>20<\/td><td>43<\/td><td>1130<\/td><td>Y112M-4<\/td><td>4<\/td><td>XLD4-5-35<\/td><td>3480<\/td><td>4160.6<\/td><\/tr><tr><td>SJ3X3.5<\/td><td>3000X3500<\/td><td>22.97<\/td><td>43<\/td><td>1130<\/td><td>Y112M-4<\/td><td>4<\/td><td>XLD4-5-35<\/td><td>3211<\/td><td>4334.6<\/td><\/tr><tr><td>SJ3.15X3.55<\/td><td>3150X3550<\/td><td>25.73<\/td><td>43<\/td><td>1260<\/td><td>Y112M-4<\/td><td>4<\/td><td>XLD4-5-35<\/td><td>3433.5<\/td><td>4322.8<\/td><\/tr><tr><td>SJ3.5X3.5<\/td><td>3500X3500<\/td><td>31.3<\/td><td>52<\/td><td>1310<\/td><td>Y132S-4\/1310<\/td><td>5.5<\/td><td>XLD5.5-5-29<\/td><td>3480<\/td><td>5025<\/td><\/tr><tr><td>SJ3.5X4<\/td><td>3500X4000<\/td><td>35.6<\/td><td>52<\/td><td>1310<\/td><td>Y132S-4\/1310<\/td><td>5.5<\/td><td>XLD5.5-5-29<\/td><td>4230<\/td><td>5429<\/td><\/tr><tr><td>SJ3.55X4.0<\/td><td>3550X4000<\/td><td>36.8<\/td><td>43<\/td><td>1310<\/td><td>Y132S-4\/1310<\/td><td>4<\/td><td>XLD4-5-35<\/td><td>4260<\/td><td>5025<\/td><\/tr><tr><td>SJ3.7X4.2<\/td><td>3700X4200<\/td><td>42<\/td><td>42<\/td><td>1310<\/td><td>Y112M-4<\/td><td>4<\/td><td>XLD4-5-43<\/td><td>5266<\/td><td>6153<\/td><\/tr><tr><td>SJ4.0X4.5<\/td><td>4000 X4500<\/td><td>52.78<\/td><td>35<\/td><td>1750<\/td><td>Y132M-4<\/td><td>7.5<\/td><td>XLD7.5-7-43<\/td><td>6397<\/td><td>7569<\/td><\/tr><tr><td>SJ4.0X6<\/td><td>4000 X6000<\/td><td>71<\/td><td>33<\/td><td>1750<\/td><td>Y160M-4<\/td><td>11<\/td><td>GRF137-Y11-4P-44.65-M4<\/td><td>7681<\/td><td>9200<\/td><\/tr><tr><td>SJ4.5X5.0<\/td><td>4500 X5000<\/td><td>74.75<\/td><td>35<\/td><td>1750<\/td><td>Y132M-4<\/td><td>7.5<\/td><td>XLD7.5-7-43<\/td><td>8614<\/td><td>10864<\/td><\/tr><tr><td>SJ5.0X5.6<\/td><td>5000X5600<\/td><td>104.5<\/td><td>31<\/td><td>2046<\/td><td>Y160M-4<\/td><td>11<\/td><td>XLD11-8-47<\/td><td>8740<\/td><td>14291<\/td><\/tr><tr><td>SJ5.5X6.0<\/td><td>5500X6000<\/td><td>135.42<\/td><td>31<\/td><td>2100<\/td><td>Y160M-4<\/td><td>11<\/td><td>XLD11-8-47<\/td><td>12467<\/td><td>18745<\/td><\/tr><tr><td>SJ6.5X7.0<\/td><td>6500X7000<\/td><td>215<\/td><td>21<\/td><td>2400<\/td><td>Y180L-4<\/td><td>22<\/td><td>GRF147-Y22-4P-70.87<\/td><td>17890<\/td><td>25978<\/td><\/tr><tr><td>SJ7.0X7.5<\/td><td>7000 X7500<\/td><td>269<\/td><td>21<\/td><td>2400<\/td><td>Y200L2-6<\/td><td>22<\/td><td>XLD22-10-47<\/td><td>20505<\/td><td>29030<\/td><\/tr><tr><td>SJ7.5X8.0<\/td><td>7500 X8000<\/td><td>331<\/td><td>23<\/td><td>2900<\/td><td>Y200L2-6<\/td><td>22<\/td><td>BLD7-43-22L<\/td><td>22552<\/td><td>32796<\/td><\/tr><tr><td>SJ8.0X8.5<\/td><td>8000X8500<\/td><td>402<\/td><td>18.5<\/td><td>3300<\/td><td>Y250M-8<\/td><td>30<\/td><td>TPS315-3F<\/td><td>30559.5<\/td><td>42467.3<\/td><\/tr><tr><td>SJ8.5X9.0<\/td><td>8500X9000<\/td><td>480<\/td><td>18.5<\/td><td>3300<\/td><td>Y250M-8<\/td><td>30<\/td><td>TPS315-3F<\/td><td>34130<\/td><td>46623<\/td><\/tr><\/tbody><\/table><\/figure>\n\n\n<div class=\"gb-container gb-container-263d9700\">\n\n<a class=\"gb-button gb-button-a4cbb7be gb-button-text\" href=\"#popmake-622\">Obtenha uma cota\u00e7\u00e3o gratuita agora<\/a>\n\n<\/div>\n<\/div>\n<\/div>","protected":false},"excerpt":{"rendered":"<p>Leaching tank Leaching tank features The ore flow moves smoothly, the ore slurry is evenly mixed, and the power consumption is low. The air enters the groove through the hollow shaft of the transmission and is agitated by the blades, and the air is evenly dispersed. Compact structure and convenient maintenance. The hollow shaft is &#8230; <\/p>\n<p class=\"read-more-container\"><a title=\"4-1. Tanque de lixivia\u00e7\u00e3o\" class=\"read-more button\" href=\"https:\/\/hengxingmachinery.com\/pt\/leaching-tank\/#more-2532\" aria-label=\"Leia mais sobre 4-1. Leaching tank\">Ler mais<\/a><\/p>","protected":false},"author":1,"featured_media":0,"parent":0,"menu_order":0,"comment_status":"closed","ping_status":"closed","template":"","meta":{"footnotes":""},"class_list":["post-2532","page","type-page","status-publish"],"yoast_head":"<!-- This site is optimized with the Yoast SEO plugin v27.4 - https:\/\/yoast.com\/product\/yoast-seo-wordpress\/ -->\n<title>4-1. Leaching tank - Hengxing Machinery<\/title>\n<meta name=\"robots\" content=\"index, follow, max-snippet:-1, max-image-preview:large, max-video-preview:-1\" \/>\n<link rel=\"canonical\" href=\"https:\/\/hengxingmachinery.com\/pt\/leaching-tank\/\" \/>\n<meta property=\"og:locale\" content=\"pt_PT\" \/>\n<meta property=\"og:type\" content=\"article\" \/>\n<meta property=\"og:title\" content=\"4-1. Leaching tank - Hengxing Machinery\" \/>\n<meta property=\"og:description\" content=\"Leaching tank Leaching tank features The ore flow moves smoothly, the ore slurry is evenly mixed, and the power consumption is low. The air enters the groove through the hollow shaft of the transmission and is agitated by the blades, and the air is evenly dispersed. Compact structure and convenient maintenance. The hollow shaft is ... Ler mais\" \/>\n<meta property=\"og:url\" content=\"https:\/\/hengxingmachinery.com\/pt\/leaching-tank\/\" \/>\n<meta property=\"og:site_name\" content=\"Hengxing Machinery\" \/>\n<meta property=\"article:modified_time\" content=\"2025-03-21T08:45:14+00:00\" \/>\n<meta property=\"og:image\" content=\"https:\/\/hengxingmachinery.com\/wp-content\/uploads\/2025\/03\/leaching-tank-for-sale.png\" \/>\n<meta name=\"twitter:card\" content=\"summary_large_image\" \/>\n<meta name=\"twitter:label1\" content=\"Tempo estimado de leitura\" \/>\n\t<meta name=\"twitter:data1\" content=\"3 minutos\" \/>\n<script type=\"application\/ld+json\" class=\"yoast-schema-graph\">{\"@context\":\"https:\\\/\\\/schema.org\",\"@graph\":[{\"@type\":\"WebPage\",\"@id\":\"https:\\\/\\\/hengxingmachinery.com\\\/leaching-tank\\\/\",\"url\":\"https:\\\/\\\/hengxingmachinery.com\\\/leaching-tank\\\/\",\"name\":\"4-1. Leaching tank - Hengxing Machinery\",\"isPartOf\":{\"@id\":\"https:\\\/\\\/hengxingmachinery.com\\\/#website\"},\"primaryImageOfPage\":{\"@id\":\"https:\\\/\\\/hengxingmachinery.com\\\/leaching-tank\\\/#primaryimage\"},\"image\":{\"@id\":\"https:\\\/\\\/hengxingmachinery.com\\\/leaching-tank\\\/#primaryimage\"},\"thumbnailUrl\":\"https:\\\/\\\/hengxingmachinery.com\\\/wp-content\\\/uploads\\\/2025\\\/03\\\/leaching-tank-for-sale.png\",\"datePublished\":\"2025-03-21T08:42:49+00:00\",\"dateModified\":\"2025-03-21T08:45:14+00:00\",\"breadcrumb\":{\"@id\":\"https:\\\/\\\/hengxingmachinery.com\\\/leaching-tank\\\/#breadcrumb\"},\"inLanguage\":\"pt-PT\",\"potentialAction\":[{\"@type\":\"ReadAction\",\"target\":[\"https:\\\/\\\/hengxingmachinery.com\\\/leaching-tank\\\/\"]}]},{\"@type\":\"ImageObject\",\"inLanguage\":\"pt-PT\",\"@id\":\"https:\\\/\\\/hengxingmachinery.com\\\/leaching-tank\\\/#primaryimage\",\"url\":\"https:\\\/\\\/hengxingmachinery.com\\\/wp-content\\\/uploads\\\/2025\\\/03\\\/leaching-tank-for-sale.png\",\"contentUrl\":\"https:\\\/\\\/hengxingmachinery.com\\\/wp-content\\\/uploads\\\/2025\\\/03\\\/leaching-tank-for-sale.png\"},{\"@type\":\"BreadcrumbList\",\"@id\":\"https:\\\/\\\/hengxingmachinery.com\\\/leaching-tank\\\/#breadcrumb\",\"itemListElement\":[{\"@type\":\"ListItem\",\"position\":1,\"name\":\"Home\",\"item\":\"https:\\\/\\\/hengxingmachinery.com\\\/\"},{\"@type\":\"ListItem\",\"position\":2,\"name\":\"4-1. Leaching tank\"}]},{\"@type\":\"WebSite\",\"@id\":\"https:\\\/\\\/hengxingmachinery.com\\\/#website\",\"url\":\"https:\\\/\\\/hengxingmachinery.com\\\/\",\"name\":\"Hengxing Machinery\",\"description\":\"Leading Manufacturer of All Sorts of Mining Machinery\",\"publisher\":{\"@id\":\"https:\\\/\\\/hengxingmachinery.com\\\/#organization\"},\"potentialAction\":[{\"@type\":\"SearchAction\",\"target\":{\"@type\":\"EntryPoint\",\"urlTemplate\":\"https:\\\/\\\/hengxingmachinery.com\\\/?s={search_term_string}\"},\"query-input\":{\"@type\":\"PropertyValueSpecification\",\"valueRequired\":true,\"valueName\":\"search_term_string\"}}],\"inLanguage\":\"pt-PT\"},{\"@type\":\"Organization\",\"@id\":\"https:\\\/\\\/hengxingmachinery.com\\\/#organization\",\"name\":\"Hengxing Machinery\",\"url\":\"https:\\\/\\\/hengxingmachinery.com\\\/\",\"logo\":{\"@type\":\"ImageObject\",\"inLanguage\":\"pt-PT\",\"@id\":\"https:\\\/\\\/hengxingmachinery.com\\\/#\\\/schema\\\/logo\\\/image\\\/\",\"url\":\"https:\\\/\\\/hengxingmachinery.com\\\/wp-content\\\/uploads\\\/2024\\\/12\\\/logo.png\",\"contentUrl\":\"https:\\\/\\\/hengxingmachinery.com\\\/wp-content\\\/uploads\\\/2024\\\/12\\\/logo.png\",\"width\":400,\"height\":260,\"caption\":\"Hengxing Machinery\"},\"image\":{\"@id\":\"https:\\\/\\\/hengxingmachinery.com\\\/#\\\/schema\\\/logo\\\/image\\\/\"}}]}<\/script>\n<!-- \/ Yoast SEO plugin. -->","yoast_head_json":{"title":"4-1. Tanque de lixivia\u00e7\u00e3o - Hengxing Machinery","robots":{"index":"index","follow":"follow","max-snippet":"max-snippet:-1","max-image-preview":"max-image-preview:large","max-video-preview":"max-video-preview:-1"},"canonical":"https:\/\/hengxingmachinery.com\/pt\/leaching-tank\/","og_locale":"pt_PT","og_type":"article","og_title":"4-1. Leaching tank - Hengxing Machinery","og_description":"Leaching tank Leaching tank features The ore flow moves smoothly, the ore slurry is evenly mixed, and the power consumption is low. The air enters the groove through the hollow shaft of the transmission and is agitated by the blades, and the air is evenly dispersed. Compact structure and convenient maintenance. The hollow shaft is ... Ler mais","og_url":"https:\/\/hengxingmachinery.com\/pt\/leaching-tank\/","og_site_name":"Hengxing Machinery","article_modified_time":"2025-03-21T08:45:14+00:00","og_image":[{"url":"https:\/\/hengxingmachinery.com\/wp-content\/uploads\/2025\/03\/leaching-tank-for-sale.png","type":"","width":"","height":""}],"twitter_card":"summary_large_image","twitter_misc":{"Tempo estimado de leitura":"3 minutos"},"schema":{"@context":"https:\/\/schema.org","@graph":[{"@type":"WebPage","@id":"https:\/\/hengxingmachinery.com\/leaching-tank\/","url":"https:\/\/hengxingmachinery.com\/leaching-tank\/","name":"4-1. Tanque de lixivia\u00e7\u00e3o - Hengxing Machinery","isPartOf":{"@id":"https:\/\/hengxingmachinery.com\/#website"},"primaryImageOfPage":{"@id":"https:\/\/hengxingmachinery.com\/leaching-tank\/#primaryimage"},"image":{"@id":"https:\/\/hengxingmachinery.com\/leaching-tank\/#primaryimage"},"thumbnailUrl":"https:\/\/hengxingmachinery.com\/wp-content\/uploads\/2025\/03\/leaching-tank-for-sale.png","datePublished":"2025-03-21T08:42:49+00:00","dateModified":"2025-03-21T08:45:14+00:00","breadcrumb":{"@id":"https:\/\/hengxingmachinery.com\/leaching-tank\/#breadcrumb"},"inLanguage":"pt-PT","potentialAction":[{"@type":"ReadAction","target":["https:\/\/hengxingmachinery.com\/leaching-tank\/"]}]},{"@type":"ImageObject","inLanguage":"pt-PT","@id":"https:\/\/hengxingmachinery.com\/leaching-tank\/#primaryimage","url":"https:\/\/hengxingmachinery.com\/wp-content\/uploads\/2025\/03\/leaching-tank-for-sale.png","contentUrl":"https:\/\/hengxingmachinery.com\/wp-content\/uploads\/2025\/03\/leaching-tank-for-sale.png"},{"@type":"BreadcrumbList","@id":"https:\/\/hengxingmachinery.com\/leaching-tank\/#breadcrumb","itemListElement":[{"@type":"ListItem","position":1,"name":"Home","item":"https:\/\/hengxingmachinery.com\/"},{"@type":"ListItem","position":2,"name":"4-1. Leaching tank"}]},{"@type":"WebSite","@id":"https:\/\/hengxingmachinery.com\/#website","url":"https:\/\/hengxingmachinery.com\/","name":"M\u00e1quinas Hengxing","description":"Fabricante l\u00edder de todos os tipos de m\u00e1quinas de minera\u00e7\u00e3o","publisher":{"@id":"https:\/\/hengxingmachinery.com\/#organization"},"potentialAction":[{"@type":"SearchAction","target":{"@type":"EntryPoint","urlTemplate":"https:\/\/hengxingmachinery.com\/?s={search_term_string}"},"query-input":{"@type":"PropertyValueSpecification","valueRequired":true,"valueName":"search_term_string"}}],"inLanguage":"pt-PT"},{"@type":"Organization","@id":"https:\/\/hengxingmachinery.com\/#organization","name":"M\u00e1quinas Hengxing","url":"https:\/\/hengxingmachinery.com\/","logo":{"@type":"ImageObject","inLanguage":"pt-PT","@id":"https:\/\/hengxingmachinery.com\/#\/schema\/logo\/image\/","url":"https:\/\/hengxingmachinery.com\/wp-content\/uploads\/2024\/12\/logo.png","contentUrl":"https:\/\/hengxingmachinery.com\/wp-content\/uploads\/2024\/12\/logo.png","width":400,"height":260,"caption":"Hengxing Machinery"},"image":{"@id":"https:\/\/hengxingmachinery.com\/#\/schema\/logo\/image\/"}}]}},"_links":{"self":[{"href":"https:\/\/hengxingmachinery.com\/pt\/wp-json\/wp\/v2\/pages\/2532","targetHints":{"allow":["GET"]}}],"collection":[{"href":"https:\/\/hengxingmachinery.com\/pt\/wp-json\/wp\/v2\/pages"}],"about":[{"href":"https:\/\/hengxingmachinery.com\/pt\/wp-json\/wp\/v2\/types\/page"}],"author":[{"embeddable":true,"href":"https:\/\/hengxingmachinery.com\/pt\/wp-json\/wp\/v2\/users\/1"}],"replies":[{"embeddable":true,"href":"https:\/\/hengxingmachinery.com\/pt\/wp-json\/wp\/v2\/comments?post=2532"}],"version-history":[{"count":3,"href":"https:\/\/hengxingmachinery.com\/pt\/wp-json\/wp\/v2\/pages\/2532\/revisions"}],"predecessor-version":[{"id":2574,"href":"https:\/\/hengxingmachinery.com\/pt\/wp-json\/wp\/v2\/pages\/2532\/revisions\/2574"}],"wp:attachment":[{"href":"https:\/\/hengxingmachinery.com\/pt\/wp-json\/wp\/v2\/media?parent=2532"}],"curies":[{"name":"wp","href":"https:\/\/api.w.org\/{rel}","templated":true}]}}