{"id":2533,"date":"2025-03-21T08:44:55","date_gmt":"2025-03-21T08:44:55","guid":{"rendered":"https:\/\/hengxingmachinery.com\/?page_id=2533"},"modified":"2025-03-21T08:52:30","modified_gmt":"2025-03-21T08:52:30","slug":"agitation-tank","status":"publish","type":"page","link":"https:\/\/hengxingmachinery.com\/pt\/agitation-tank\/","title":{"rendered":"4-1. Tanque de agita\u00e7\u00e3o"},"content":{"rendered":"<div class=\"gb-container gb-container-45165f5a\">\n<div class=\"gb-container gb-container-c2652eb4\">\n\n<h1 class=\"gb-headline gb-headline-62a8b2cc gb-headline-text\">Tanque de agita\u00e7\u00e3o<\/h1>\n\n<\/div>\n<\/div>\n\n<div class=\"gb-container gb-container-519cf624\">\n<div class=\"gb-container gb-container-71ca071e\">\n<div class=\"gb-grid-wrapper gb-grid-wrapper-8a5f0688\">\n<div class=\"gb-grid-column gb-grid-column-1e99b1c2\"><div class=\"gb-container gb-container-1e99b1c2\">\n\n<figure class=\"gb-block-image gb-block-image-e4eaba54\"><img decoding=\"async\" width=\"665\" height=\"545\" class=\"gb-image gb-image-e4eaba54\" src=\"https:\/\/hengxingmachinery.com\/wp-content\/uploads\/2025\/03\/agitation-tank-for-sale.jpg\" alt=\"\" title=\"tanque de agita\u00e7\u00e3o \u00e0 venda\" srcset=\"https:\/\/hengxingmachinery.com\/wp-content\/uploads\/2025\/03\/agitation-tank-for-sale.jpg 665w, https:\/\/hengxingmachinery.com\/wp-content\/uploads\/2025\/03\/agitation-tank-for-sale-300x246.jpg 300w, https:\/\/hengxingmachinery.com\/wp-content\/uploads\/2025\/03\/agitation-tank-for-sale-15x12.jpg 15w\" sizes=\"(max-width: 665px) 100vw, 665px\" \/><\/figure>\n\n<\/div><\/div>\n\n<div class=\"gb-grid-column gb-grid-column-bcae065b\"><div class=\"gb-container gb-container-bcae065b\">\n\n<p><\/p>\n\n\n\n<p><strong><mark style=\"background-color:rgba(0, 0, 0, 0)\" class=\"has-inline-color has-global-color-8-color\">\u00c2mbito de Aplica\u00e7\u00e3o: <\/mark><\/strong><\/p>\n\n\n\n<p>\u00c9 utilizado principalmente para misturar a polpa de min\u00e9rio antes da opera\u00e7\u00e3o de flota\u00e7\u00e3o, de modo que o reagente e a polpa de min\u00e9rio sejam totalmente misturados. Tamb\u00e9m pode ser utilizado para mistura de polpa nas ind\u00fastrias qu\u00edmica e de materiais de constru\u00e7\u00e3o, usinas de cianeta\u00e7\u00e3o, esta\u00e7\u00f5es de tratamento de esgoto e outros setores industriais.<\/p>\n\n\n\n<p><strong><mark style=\"background-color:rgba(0, 0, 0, 0)\" class=\"has-inline-color has-global-color-8-color\"><strong>Volume Efetivo (m\u00b3)<\/strong>:<\/mark><\/strong> 0.58-38<\/p>\n\n\n\n<p><strong><mark style=\"background-color:rgba(0, 0, 0, 0)\" class=\"has-inline-color has-global-color-8-color\"><strong>Di\u00e2metro do Impelidor (mm)<\/strong>:<\/mark><\/strong> 255-1000<\/p>\n\n\n<div class=\"gb-container gb-container-256e15f1\">\n\n<a class=\"gb-button gb-button-e8b73d89 gb-button-text\" href=\"#popmake-622\">Obtenha uma cota\u00e7\u00e3o gratuita agora<\/a>\n\n<\/div>\n<\/div><\/div>\n<\/div>\n<\/div>\n<\/div>\n\n<div class=\"gb-container gb-container-c0200787\">\n<div class=\"gb-container gb-container-1d97c93d\">\n\n<h2 class=\"gb-headline gb-headline-3d5fa577 gb-headline-text\">Introdu\u00e7\u00e3o do Tanque de Agita\u00e7\u00e3o<\/h2>\n\n\n\n<figure class=\"gb-block-image gb-block-image-230c53d3\"><img decoding=\"async\" width=\"800\" height=\"500\" class=\"gb-image gb-image-230c53d3\" src=\"https:\/\/hengxingmachinery.com\/wp-content\/uploads\/2025\/03\/agitation-tank-supplier.jpg\" alt=\"\" title=\"fornecedor de tanque de agita\u00e7\u00e3o\" srcset=\"https:\/\/hengxingmachinery.com\/wp-content\/uploads\/2025\/03\/agitation-tank-supplier.jpg 800w, https:\/\/hengxingmachinery.com\/wp-content\/uploads\/2025\/03\/agitation-tank-supplier-300x188.jpg 300w, https:\/\/hengxingmachinery.com\/wp-content\/uploads\/2025\/03\/agitation-tank-supplier-768x480.jpg 768w, https:\/\/hengxingmachinery.com\/wp-content\/uploads\/2025\/03\/agitation-tank-supplier-18x12.jpg 18w\" sizes=\"(max-width: 800px) 100vw, 800px\" \/><\/figure>\n\n\n\n<p><\/p>\n\n\n\n<p>A peneira de alta frequ\u00eancia tamb\u00e9m \u00e9 chamada de peneira classificadora. A peneira \u00e9 composta por um excitador de vibra\u00e7\u00e3o, distribuidor de polpa, estrutura da peneira, moldura, mola de suspens\u00e3o e malha da peneira. A peneira possui alta efici\u00eancia, pequena amplitude e alta frequ\u00eancia de peneiramento. <\/p>\n\n\n\n<p>Diferente do princ\u00edpio dos equipamentos de peneiramento comuns, como a peneira de alta frequ\u00eancia adota alta frequ\u00eancia, por um lado, ela destr\u00f3i a tens\u00e3o superficial da polpa e a oscila\u00e7\u00e3o de alta velocidade dos materiais de gr\u00e3o fino na superf\u00edcie da peneira, acelerando a segrega\u00e7\u00e3o e a separa\u00e7\u00e3o dos minerais \u00fateis de alta densidade (peso espec\u00edfico). <\/p>\n\n\n\n<p>O efeito aumenta a probabilidade de que materiais menores que o tamanho de part\u00edcula de separa\u00e7\u00e3o entrem em contato com os orif\u00edcios da peneira. Isso resulta em melhores condi\u00e7\u00f5es de separa\u00e7\u00e3o, de modo que os materiais menores que o tamanho de part\u00edcula de separa\u00e7\u00e3o, especialmente as part\u00edculas pesadas e a polpa de min\u00e9rio, passam pela peneira e se tornam o produto de under-size.<\/p>\n\n\n<div class=\"gb-container gb-container-9eeb6cec\">\n\n<a class=\"gb-button gb-button-d1324b3c gb-button-text\" href=\"#popmake-622\">Obtenha uma cota\u00e7\u00e3o gratuita agora<\/a>\n\n<\/div>\n<\/div>\n<\/div>\n\n<div class=\"gb-container gb-container-aee62d46\">\n<div class=\"gb-container gb-container-95f2b668\">\n\n<h2 class=\"gb-headline gb-headline-c2d9453e gb-headline-text\">Caracter\u00edsticas do Tanque de Agita\u00e7\u00e3o<\/h2>\n\n\n\n<p><\/p>\n\n\n\n<p><strong>1. Estrutura Racional<\/strong><\/p>\n\n\n\n<p>O tanque de agita\u00e7\u00e3o possui estrutura compacta e boa estanqueidade, e uma chapa defletora de cinzas \u00e9 instalada na entrada de alimenta\u00e7\u00e3o para evitar o refluxo da n\u00e9voa de \u00e1gua.<\/p>\n\n\n\n<p><strong>2. Alto Desempenho do Equipamento<\/strong><\/p>\n\n\n\n<p>Durante o trabalho, a taxa de cinzas residuais \u00e9 baixa, e a configura\u00e7\u00e3o do divisor de \u00e1guas no fundo da caixa garante que n\u00e3o haja pontos mortos no equipamento.<\/p>\n\n\n\n<p><strong>3. Grande Capacidade de Produ\u00e7\u00e3o<\/strong><\/p>\n\n\n\n<p>O tambor de mistura para minera\u00e7\u00e3o possui equipamento avan\u00e7ado, qualidade est\u00e1vel do produto acabado, mistura uniforme e descarga r\u00e1pida.<\/p>\n\n\n<div class=\"gb-container gb-container-6884c2cc\">\n\n<a class=\"gb-button gb-button-70583696 gb-button-text\" href=\"#popmake-622\">Obtenha uma cota\u00e7\u00e3o gratuita agora<\/a>\n\n<\/div>\n<\/div>\n<\/div>\n\n<div class=\"gb-container gb-container-ebd718b6\">\n<div class=\"gb-container gb-container-5c75b960\">\n\n<h2 class=\"gb-headline gb-headline-98859344 gb-headline-text\">Princ\u00edpio de Funcionamento do Tanque de Agita\u00e7\u00e3o<\/h2>\n\n\n\n<figure class=\"gb-block-image gb-block-image-10dae308\"><img decoding=\"async\" width=\"900\" height=\"500\" class=\"gb-image gb-image-10dae308\" src=\"https:\/\/hengxingmachinery.com\/wp-content\/uploads\/2025\/03\/agitation-tank-working.jpg\" alt=\"\" title=\"funcionamento do tanque de agita\u00e7\u00e3o\" srcset=\"https:\/\/hengxingmachinery.com\/wp-content\/uploads\/2025\/03\/agitation-tank-working.jpg 900w, https:\/\/hengxingmachinery.com\/wp-content\/uploads\/2025\/03\/agitation-tank-working-300x167.jpg 300w, https:\/\/hengxingmachinery.com\/wp-content\/uploads\/2025\/03\/agitation-tank-working-768x427.jpg 768w, https:\/\/hengxingmachinery.com\/wp-content\/uploads\/2025\/03\/agitation-tank-working-18x10.jpg 18w\" sizes=\"(max-width: 900px) 100vw, 900px\" \/><\/figure>\n\n\n\n<p>O tanque de agita\u00e7\u00e3o \u00e9 composto por um motor, um impelidor, um estator, um mancal e outros componentes, e um impelidor espiral radiante de fundo plano \u00e9 utilizado para o m\u00e9todo de mistura mec\u00e2nica. Quando o tanque de agita\u00e7\u00e3o est\u00e1 em funcionamento, o motor aciona o dispositivo de transmiss\u00e3o por correia em V para girar o impelidor. <\/p>\n\n\n\n<p>A polpa e o reagente s\u00e3o totalmente misturados sob a a\u00e7\u00e3o de agita\u00e7\u00e3o uniforme do impelidor, o que aumenta o tempo de rea\u00e7\u00e3o do reagente com a polpa, fortalece a qualidade da rea\u00e7\u00e3o do produto qu\u00edmico e obt\u00e9m o material. Uma agita\u00e7\u00e3o e mistura suficientes preparam as condi\u00e7\u00f5es necess\u00e1rias para a pr\u00f3xima etapa de produ\u00e7\u00e3o da m\u00e1quina de flota\u00e7\u00e3o.<\/p>\n\n\n<div class=\"gb-container gb-container-d6bbf16a\">\n\n<a class=\"gb-button gb-button-caa3f2bc gb-button-text\" href=\"#popmake-622\">Obtenha uma cota\u00e7\u00e3o gratuita agora<\/a>\n\n<\/div>\n<\/div>\n<\/div>\n\n<div class=\"gb-container gb-container-435ad261\">\n<div class=\"gb-container gb-container-7dc79cc4\">\n\n<h2 class=\"gb-headline gb-headline-6fe5dee2 gb-headline-text\">Especifica\u00e7\u00f5es do Tanque de Agita\u00e7\u00e3o<\/h2>\n\n\n\n<figure class=\"wp-block-table is-style-stripes\"><table class=\"has-fixed-layout\"><tbody><tr><td><strong>Modelo\u00a0<\/strong><\/td><td><strong>Di\u00e2metro Interno do Tanque<\/strong><br><strong>(mil\u00edmetros)<\/strong><\/td><td><strong>Altura Interna do Tanque<\/strong><br><strong>(mil\u00edmetros)<\/strong><\/td><td><strong>Volume Efetivo<\/strong><br><strong>(m\u00b3)<\/strong><\/td><td><strong>RPM do Impelidor<\/strong><br><strong>(rota\u00e7\u00e3o por minuto)<\/strong><\/td><td><strong>Di\u00e2metro do Impelidor<\/strong><br><strong>(mil\u00edmetros)<\/strong><\/td><td><strong>Modelo do Motor<\/strong><\/td><td><strong>Pot\u00eancia do Motor<\/strong><br><strong>(kW)<\/strong><\/td><td><strong>Dimens\u00f5es (CxLxA) mm<\/strong><\/td><td><strong>Peso<\/strong><br><strong>(t)<\/strong><\/td><\/tr><tr><td>XB-1000<\/td><td>1000<\/td><td>1000<\/td><td>0.58<\/td><td>530<\/td><td>255<\/td><td>Y100L-6<\/td><td>1.5<\/td><td>1173x1138x1491<\/td><td>1.0<\/td><\/tr><tr><td>XB-1200<\/td><td>1200<\/td><td>1200<\/td><td>1.4<\/td><td>340<\/td><td>400<\/td><td>Y132S-6<\/td><td>2.2<\/td><td>1354x1310x1742<\/td><td>1.1<\/td><\/tr><tr><td>XB-1500<\/td><td>1500<\/td><td>1500<\/td><td>2.2<\/td><td>320<\/td><td>400<\/td><td>Y132S-6<\/td><td>3<\/td><td>1656x1572x2171<\/td><td>1.2<\/td><\/tr><tr><td>XB-2000<\/td><td>2000<\/td><td>2000<\/td><td>5.6<\/td><td>290<\/td><td>550<\/td><td>Y132M2-6<\/td><td>5.5<\/td><td>2380x2162x2850<\/td><td>2.3<\/td><\/tr><tr><td>XB-2500<\/td><td>2500<\/td><td>2500<\/td><td>11.2<\/td><td>280<\/td><td>650<\/td><td>Y180L-6<\/td><td>15<\/td><td>3036x2716x3543<\/td><td>3.4<\/td><\/tr><tr><td>XB-3000<\/td><td>3000<\/td><td>3000<\/td><td>19.1<\/td><td>210<\/td><td>700<\/td><td>Y255S-8<\/td><td>18.5<\/td><td>3604x3216x4250<\/td><td>4.9<\/td><\/tr><tr><td>XB-3550<\/td><td>3550<\/td><td>3550<\/td><td>30<\/td><td>230<\/td><td>850<\/td><td>Y225M-8<\/td><td>22<\/td><td>3940x3766x5386<\/td><td>7.3<\/td><\/tr><tr><td>XB-4500<\/td><td>4550<\/td><td>4500<\/td><td>38<\/td><td>122<\/td><td>1000<\/td><td>Y280M-8<\/td><td>45<\/td><td>4720x4800x6600<\/td><td>9.7<\/td><\/tr><\/tbody><\/table><\/figure>\n\n\n<div class=\"gb-container gb-container-263d9700\">\n\n<a class=\"gb-button gb-button-a4cbb7be gb-button-text\" href=\"#popmake-622\">Obtenha uma cota\u00e7\u00e3o gratuita agora<\/a>\n\n<\/div>\n<\/div>\n<\/div>","protected":false},"excerpt":{"rendered":"<p>Agitation tank Introduction of agitation tank The high-frequency screen is also called the grading screen. The screening machine is composed of a vibration exciter, slurry distributor, screen frame, frame, suspension spring and screen mesh. The screening machine has high efficiency, small amplitude and high screening frequency. Different from the principle of ordinary screening equipment, because &#8230; <\/p>\n<p class=\"read-more-container\"><a title=\"4-1. Tanque de agita\u00e7\u00e3o\" class=\"read-more button\" href=\"https:\/\/hengxingmachinery.com\/pt\/agitation-tank\/#more-2533\" aria-label=\"Leia mais sobre 4-1. Agitation tank\">Ler mais<\/a><\/p>","protected":false},"author":1,"featured_media":0,"parent":0,"menu_order":0,"comment_status":"closed","ping_status":"closed","template":"","meta":{"footnotes":""},"class_list":["post-2533","page","type-page","status-publish"],"yoast_head":"<!-- This site is optimized with the Yoast SEO plugin v27.4 - https:\/\/yoast.com\/product\/yoast-seo-wordpress\/ -->\n<title>4-1. Agitation tank - Hengxing Machinery<\/title>\n<meta name=\"robots\" content=\"index, follow, max-snippet:-1, max-image-preview:large, max-video-preview:-1\" \/>\n<link rel=\"canonical\" href=\"https:\/\/hengxingmachinery.com\/pt\/agitation-tank\/\" \/>\n<meta property=\"og:locale\" content=\"pt_PT\" \/>\n<meta property=\"og:type\" content=\"article\" \/>\n<meta property=\"og:title\" content=\"4-1. Agitation tank - Hengxing Machinery\" \/>\n<meta property=\"og:description\" content=\"Agitation tank Introduction of agitation tank The high-frequency screen is also called the grading screen. The screening machine is composed of a vibration exciter, slurry distributor, screen frame, frame, suspension spring and screen mesh. The screening machine has high efficiency, small amplitude and high screening frequency. Different from the principle of ordinary screening equipment, because ... Ler mais\" \/>\n<meta property=\"og:url\" content=\"https:\/\/hengxingmachinery.com\/pt\/agitation-tank\/\" \/>\n<meta property=\"og:site_name\" content=\"Hengxing Machinery\" \/>\n<meta property=\"article:modified_time\" content=\"2025-03-21T08:52:30+00:00\" \/>\n<meta property=\"og:image\" content=\"https:\/\/hengxingmachinery.com\/wp-content\/uploads\/2025\/03\/agitation-tank-for-sale.jpg\" \/>\n<meta name=\"twitter:card\" content=\"summary_large_image\" \/>\n<meta name=\"twitter:label1\" content=\"Tempo estimado de leitura\" \/>\n\t<meta name=\"twitter:data1\" content=\"3 minutos\" \/>\n<script type=\"application\/ld+json\" class=\"yoast-schema-graph\">{\"@context\":\"https:\\\/\\\/schema.org\",\"@graph\":[{\"@type\":\"WebPage\",\"@id\":\"https:\\\/\\\/hengxingmachinery.com\\\/agitation-tank\\\/\",\"url\":\"https:\\\/\\\/hengxingmachinery.com\\\/agitation-tank\\\/\",\"name\":\"4-1. Agitation tank - Hengxing Machinery\",\"isPartOf\":{\"@id\":\"https:\\\/\\\/hengxingmachinery.com\\\/#website\"},\"primaryImageOfPage\":{\"@id\":\"https:\\\/\\\/hengxingmachinery.com\\\/agitation-tank\\\/#primaryimage\"},\"image\":{\"@id\":\"https:\\\/\\\/hengxingmachinery.com\\\/agitation-tank\\\/#primaryimage\"},\"thumbnailUrl\":\"https:\\\/\\\/hengxingmachinery.com\\\/wp-content\\\/uploads\\\/2025\\\/03\\\/agitation-tank-for-sale.jpg\",\"datePublished\":\"2025-03-21T08:44:55+00:00\",\"dateModified\":\"2025-03-21T08:52:30+00:00\",\"breadcrumb\":{\"@id\":\"https:\\\/\\\/hengxingmachinery.com\\\/agitation-tank\\\/#breadcrumb\"},\"inLanguage\":\"pt-PT\",\"potentialAction\":[{\"@type\":\"ReadAction\",\"target\":[\"https:\\\/\\\/hengxingmachinery.com\\\/agitation-tank\\\/\"]}]},{\"@type\":\"ImageObject\",\"inLanguage\":\"pt-PT\",\"@id\":\"https:\\\/\\\/hengxingmachinery.com\\\/agitation-tank\\\/#primaryimage\",\"url\":\"https:\\\/\\\/hengxingmachinery.com\\\/wp-content\\\/uploads\\\/2025\\\/03\\\/agitation-tank-for-sale.jpg\",\"contentUrl\":\"https:\\\/\\\/hengxingmachinery.com\\\/wp-content\\\/uploads\\\/2025\\\/03\\\/agitation-tank-for-sale.jpg\"},{\"@type\":\"BreadcrumbList\",\"@id\":\"https:\\\/\\\/hengxingmachinery.com\\\/agitation-tank\\\/#breadcrumb\",\"itemListElement\":[{\"@type\":\"ListItem\",\"position\":1,\"name\":\"Home\",\"item\":\"https:\\\/\\\/hengxingmachinery.com\\\/\"},{\"@type\":\"ListItem\",\"position\":2,\"name\":\"4-1. Agitation tank\"}]},{\"@type\":\"WebSite\",\"@id\":\"https:\\\/\\\/hengxingmachinery.com\\\/#website\",\"url\":\"https:\\\/\\\/hengxingmachinery.com\\\/\",\"name\":\"Hengxing Machinery\",\"description\":\"Leading Manufacturer of All Sorts of Mining Machinery\",\"publisher\":{\"@id\":\"https:\\\/\\\/hengxingmachinery.com\\\/#organization\"},\"potentialAction\":[{\"@type\":\"SearchAction\",\"target\":{\"@type\":\"EntryPoint\",\"urlTemplate\":\"https:\\\/\\\/hengxingmachinery.com\\\/?s={search_term_string}\"},\"query-input\":{\"@type\":\"PropertyValueSpecification\",\"valueRequired\":true,\"valueName\":\"search_term_string\"}}],\"inLanguage\":\"pt-PT\"},{\"@type\":\"Organization\",\"@id\":\"https:\\\/\\\/hengxingmachinery.com\\\/#organization\",\"name\":\"Hengxing Machinery\",\"url\":\"https:\\\/\\\/hengxingmachinery.com\\\/\",\"logo\":{\"@type\":\"ImageObject\",\"inLanguage\":\"pt-PT\",\"@id\":\"https:\\\/\\\/hengxingmachinery.com\\\/#\\\/schema\\\/logo\\\/image\\\/\",\"url\":\"https:\\\/\\\/hengxingmachinery.com\\\/wp-content\\\/uploads\\\/2024\\\/12\\\/logo.png\",\"contentUrl\":\"https:\\\/\\\/hengxingmachinery.com\\\/wp-content\\\/uploads\\\/2024\\\/12\\\/logo.png\",\"width\":400,\"height\":260,\"caption\":\"Hengxing Machinery\"},\"image\":{\"@id\":\"https:\\\/\\\/hengxingmachinery.com\\\/#\\\/schema\\\/logo\\\/image\\\/\"}}]}<\/script>\n<!-- \/ Yoast SEO plugin. -->","yoast_head_json":{"title":"4-1. Tanque de agita\u00e7\u00e3o - Hengxing Machinery","robots":{"index":"index","follow":"follow","max-snippet":"max-snippet:-1","max-image-preview":"max-image-preview:large","max-video-preview":"max-video-preview:-1"},"canonical":"https:\/\/hengxingmachinery.com\/pt\/agitation-tank\/","og_locale":"pt_PT","og_type":"article","og_title":"4-1. Agitation tank - Hengxing Machinery","og_description":"Agitation tank Introduction of agitation tank The high-frequency screen is also called the grading screen. The screening machine is composed of a vibration exciter, slurry distributor, screen frame, frame, suspension spring and screen mesh. The screening machine has high efficiency, small amplitude and high screening frequency. Different from the principle of ordinary screening equipment, because ... Ler mais","og_url":"https:\/\/hengxingmachinery.com\/pt\/agitation-tank\/","og_site_name":"Hengxing Machinery","article_modified_time":"2025-03-21T08:52:30+00:00","og_image":[{"url":"https:\/\/hengxingmachinery.com\/wp-content\/uploads\/2025\/03\/agitation-tank-for-sale.jpg","type":"","width":"","height":""}],"twitter_card":"summary_large_image","twitter_misc":{"Tempo estimado de leitura":"3 minutos"},"schema":{"@context":"https:\/\/schema.org","@graph":[{"@type":"WebPage","@id":"https:\/\/hengxingmachinery.com\/agitation-tank\/","url":"https:\/\/hengxingmachinery.com\/agitation-tank\/","name":"4-1. Tanque de agita\u00e7\u00e3o - Hengxing Machinery","isPartOf":{"@id":"https:\/\/hengxingmachinery.com\/#website"},"primaryImageOfPage":{"@id":"https:\/\/hengxingmachinery.com\/agitation-tank\/#primaryimage"},"image":{"@id":"https:\/\/hengxingmachinery.com\/agitation-tank\/#primaryimage"},"thumbnailUrl":"https:\/\/hengxingmachinery.com\/wp-content\/uploads\/2025\/03\/agitation-tank-for-sale.jpg","datePublished":"2025-03-21T08:44:55+00:00","dateModified":"2025-03-21T08:52:30+00:00","breadcrumb":{"@id":"https:\/\/hengxingmachinery.com\/agitation-tank\/#breadcrumb"},"inLanguage":"pt-PT","potentialAction":[{"@type":"ReadAction","target":["https:\/\/hengxingmachinery.com\/agitation-tank\/"]}]},{"@type":"ImageObject","inLanguage":"pt-PT","@id":"https:\/\/hengxingmachinery.com\/agitation-tank\/#primaryimage","url":"https:\/\/hengxingmachinery.com\/wp-content\/uploads\/2025\/03\/agitation-tank-for-sale.jpg","contentUrl":"https:\/\/hengxingmachinery.com\/wp-content\/uploads\/2025\/03\/agitation-tank-for-sale.jpg"},{"@type":"BreadcrumbList","@id":"https:\/\/hengxingmachinery.com\/agitation-tank\/#breadcrumb","itemListElement":[{"@type":"ListItem","position":1,"name":"Home","item":"https:\/\/hengxingmachinery.com\/"},{"@type":"ListItem","position":2,"name":"4-1. Agitation tank"}]},{"@type":"WebSite","@id":"https:\/\/hengxingmachinery.com\/#website","url":"https:\/\/hengxingmachinery.com\/","name":"M\u00e1quinas Hengxing","description":"Fabricante l\u00edder de todos os tipos de m\u00e1quinas de minera\u00e7\u00e3o","publisher":{"@id":"https:\/\/hengxingmachinery.com\/#organization"},"potentialAction":[{"@type":"SearchAction","target":{"@type":"EntryPoint","urlTemplate":"https:\/\/hengxingmachinery.com\/?s={search_term_string}"},"query-input":{"@type":"PropertyValueSpecification","valueRequired":true,"valueName":"search_term_string"}}],"inLanguage":"pt-PT"},{"@type":"Organization","@id":"https:\/\/hengxingmachinery.com\/#organization","name":"M\u00e1quinas Hengxing","url":"https:\/\/hengxingmachinery.com\/","logo":{"@type":"ImageObject","inLanguage":"pt-PT","@id":"https:\/\/hengxingmachinery.com\/#\/schema\/logo\/image\/","url":"https:\/\/hengxingmachinery.com\/wp-content\/uploads\/2024\/12\/logo.png","contentUrl":"https:\/\/hengxingmachinery.com\/wp-content\/uploads\/2024\/12\/logo.png","width":400,"height":260,"caption":"Hengxing Machinery"},"image":{"@id":"https:\/\/hengxingmachinery.com\/#\/schema\/logo\/image\/"}}]}},"_links":{"self":[{"href":"https:\/\/hengxingmachinery.com\/pt\/wp-json\/wp\/v2\/pages\/2533","targetHints":{"allow":["GET"]}}],"collection":[{"href":"https:\/\/hengxingmachinery.com\/pt\/wp-json\/wp\/v2\/pages"}],"about":[{"href":"https:\/\/hengxingmachinery.com\/pt\/wp-json\/wp\/v2\/types\/page"}],"author":[{"embeddable":true,"href":"https:\/\/hengxingmachinery.com\/pt\/wp-json\/wp\/v2\/users\/1"}],"replies":[{"embeddable":true,"href":"https:\/\/hengxingmachinery.com\/pt\/wp-json\/wp\/v2\/comments?post=2533"}],"version-history":[{"count":4,"href":"https:\/\/hengxingmachinery.com\/pt\/wp-json\/wp\/v2\/pages\/2533\/revisions"}],"predecessor-version":[{"id":2583,"href":"https:\/\/hengxingmachinery.com\/pt\/wp-json\/wp\/v2\/pages\/2533\/revisions\/2583"}],"wp:attachment":[{"href":"https:\/\/hengxingmachinery.com\/pt\/wp-json\/wp\/v2\/media?parent=2533"}],"curies":[{"name":"wp","href":"https:\/\/api.w.org\/{rel}","templated":true}]}}