{"id":2534,"date":"2025-03-21T08:46:55","date_gmt":"2025-03-21T08:46:55","guid":{"rendered":"https:\/\/hengxingmachinery.com\/?page_id=2534"},"modified":"2025-03-21T08:46:56","modified_gmt":"2025-03-21T08:46:56","slug":"spiral-chute","status":"publish","type":"page","link":"https:\/\/hengxingmachinery.com\/pt\/spiral-chute\/","title":{"rendered":"4-1. Calha espiral"},"content":{"rendered":"<div class=\"gb-container gb-container-45165f5a\">\n<div class=\"gb-container gb-container-c2652eb4\">\n\n<h1 class=\"gb-headline gb-headline-62a8b2cc gb-headline-text\">Calha espiral<\/h1>\n\n<\/div>\n<\/div>\n\n<div class=\"gb-container gb-container-519cf624\">\n<div class=\"gb-container gb-container-71ca071e\">\n<div class=\"gb-grid-wrapper gb-grid-wrapper-8a5f0688\">\n<div class=\"gb-grid-column gb-grid-column-1e99b1c2\"><div class=\"gb-container gb-container-1e99b1c2\">\n\n<figure class=\"gb-block-image gb-block-image-e4eaba54\"><img decoding=\"async\" width=\"665\" height=\"545\" class=\"gb-image gb-image-e4eaba54\" src=\"https:\/\/hengxingmachinery.com\/wp-content\/uploads\/2025\/03\/spiral-chute-machine.jpg\" alt=\"\" title=\"m\u00e1quina de espiral\" srcset=\"https:\/\/hengxingmachinery.com\/wp-content\/uploads\/2025\/03\/spiral-chute-machine.jpg 665w, https:\/\/hengxingmachinery.com\/wp-content\/uploads\/2025\/03\/spiral-chute-machine-300x246.jpg 300w, https:\/\/hengxingmachinery.com\/wp-content\/uploads\/2025\/03\/spiral-chute-machine-15x12.jpg 15w\" sizes=\"(max-width: 665px) 100vw, 665px\" \/><\/figure>\n\n<\/div><\/div>\n\n<div class=\"gb-grid-column gb-grid-column-bcae065b\"><div class=\"gb-container gb-container-bcae065b\">\n\n<p>A espiral \u00e9 o melhor equipamento de concentra\u00e7\u00e3o, especialmente para concentrar min\u00e9rio de areia em litorais e margens de rios. \u00c9 fabricada em fibra de vidro revestida com poliuretano resistente ao desgaste e cobertura de cor\u00edndon. <\/p>\n\n\n\n<p>As vantagens s\u00e3o leveza, impermeabilidade, resist\u00eancia \u00e0 ferrugem, \u00e0 corros\u00e3o e aus\u00eancia de ru\u00eddo, sendo adequada para diferentes tamanhos de part\u00edculas e teores de alimenta\u00e7\u00e3o. A m\u00e1quina separadora \u00e9 um separador por gravidade em espiral. <\/p>\n\n\n\n<p>A polpa produz for\u00e7a centr\u00edfuga inercial em movimento rotativo e, com a ajuda da gravidade ao mesmo tempo, promove a zona\u00e7\u00e3o de minerais leves e pesados na espiral, e a descarga cont\u00ednua respectiva.<\/p>\n\n\n\n<p><strong><mark style=\"background-color:rgba(0, 0, 0, 0)\" class=\"has-inline-color has-global-color-8-color\"><strong>Tamanho de Alimenta\u00e7\u00e3o (mm)<\/strong>:<\/mark><\/strong> 0.02-0.4<\/p>\n\n\n\n<p><strong><mark style=\"background-color:rgba(0, 0, 0, 0)\" class=\"has-inline-color has-global-color-8-color\">Capacidade de produ\u00e7\u00e3o:<\/mark><\/strong> 0,2-10 t\/h<\/p>\n\n\n<div class=\"gb-container gb-container-256e15f1\">\n\n<a class=\"gb-button gb-button-e8b73d89 gb-button-text\" href=\"#popmake-622\">Obtenha uma cota\u00e7\u00e3o gratuita agora<\/a>\n\n<\/div>\n<\/div><\/div>\n<\/div>\n<\/div>\n<\/div>\n\n<div class=\"gb-container gb-container-aee62d46\">\n<div class=\"gb-container gb-container-95f2b668\">\n\n<h2 class=\"gb-headline gb-headline-c2d9453e gb-headline-text\">Caracter\u00edsticas da espiral<\/h2>\n\n\n\n<figure class=\"gb-block-image gb-block-image-10dae308\"><img decoding=\"async\" width=\"800\" height=\"500\" class=\"gb-image gb-image-10dae308\" src=\"https:\/\/hengxingmachinery.com\/wp-content\/uploads\/2025\/03\/spiral-chute-for-sale.jpg\" alt=\"\" title=\"espiral \u00e0 venda\" srcset=\"https:\/\/hengxingmachinery.com\/wp-content\/uploads\/2025\/03\/spiral-chute-for-sale.jpg 800w, https:\/\/hengxingmachinery.com\/wp-content\/uploads\/2025\/03\/spiral-chute-for-sale-300x188.jpg 300w, https:\/\/hengxingmachinery.com\/wp-content\/uploads\/2025\/03\/spiral-chute-for-sale-768x480.jpg 768w, https:\/\/hengxingmachinery.com\/wp-content\/uploads\/2025\/03\/spiral-chute-for-sale-18x12.jpg 18w\" sizes=\"(max-width: 800px) 100vw, 800px\" \/><\/figure>\n\n\n\n<p><\/p>\n\n\n\n<p>1. Estrutura racional e pequena \u00e1rea ocupada.<\/p>\n\n\n\n<p>2. Alta recupera\u00e7\u00e3o, alta efici\u00eancia e separa\u00e7\u00e3o precisa.<\/p>\n\n\n\n<p>3. N\u00e3o requer energia.<\/p>\n\n\n\n<p>4. Leve, anticorrosivo, resistente \u00e0 ferrugem e ao desgaste.<\/p>\n\n\n\n<p>5. Instala\u00e7\u00e3o simples e requisitos m\u00ednimos de manuten\u00e7\u00e3o.<\/p>\n\n\n\n<p>6. Baixo custo operacional e longa vida \u00fatil.<\/p>\n\n\n\n<p>7. Funcionamento confi\u00e1vel com aten\u00e7\u00e3o m\u00ednima do operador.<\/p>\n\n\n\n<p>8. Forte adaptabilidade a flutua\u00e7\u00f5es na quantidade, densidade, tamanho e teor da alimenta\u00e7\u00e3o.<\/p>\n\n\n\n<p>9. A superf\u00edcie do cor\u00edndon forma forte atrito, e o efeito de concentra\u00e7\u00e3o supera o da superf\u00edcie pl\u00e1stica.<\/p>\n\n\n<div class=\"gb-container gb-container-6884c2cc\">\n\n<a class=\"gb-button gb-button-70583696 gb-button-text\" href=\"#popmake-622\">Obtenha uma cota\u00e7\u00e3o gratuita agora<\/a>\n\n<\/div>\n<\/div>\n<\/div>\n\n<div class=\"gb-container gb-container-ebd718b6\">\n<div class=\"gb-container gb-container-5c75b960\">\n\n<h2 class=\"gb-headline gb-headline-98859344 gb-headline-text\">Princ\u00edpio de funcionamento da espiral<\/h2>\n\n\n\n<p>Eleve a espiral e fixe-a na posi\u00e7\u00e3o adequada, a bomba de areia transporta o min\u00e9rio para a entrada de alimenta\u00e7\u00e3o, adicionando \u00e1gua para ajustar a concentra\u00e7\u00e3o da polpa. A polpa gira naturalmente de alto a baixo e gera uma for\u00e7a centr\u00edfuga inercial na taxa de fluxo inclinado rotativo. O mineral \u00e9 separado da areia pela gravidade e for\u00e7a centr\u00edfuga do redemoinho, devido \u00e0 diferen\u00e7a de peso espec\u00edfico, tamanho de gr\u00e3o e forma do min\u00e9rio. O concentrado flui para o balde de concentrado e \u00e9 conectado pela tubula\u00e7\u00e3o. A areia de rejeito flui para o balde de areia de rejeito e \u00e9 conectada \u00e0 piscina de areia pela tubula\u00e7\u00e3o, sendo ent\u00e3o drenada pela bomba de areia para completar todo o processo de beneficiamento.<\/p>\n\n\n<div class=\"gb-container gb-container-d6bbf16a\">\n\n<a class=\"gb-button gb-button-caa3f2bc gb-button-text\" href=\"#popmake-622\">Obtenha uma cota\u00e7\u00e3o gratuita agora<\/a>\n\n<\/div>\n<\/div>\n<\/div>\n\n<div class=\"gb-container gb-container-435ad261\">\n<div class=\"gb-container gb-container-7dc79cc4\">\n\n<h2 class=\"gb-headline gb-headline-6fe5dee2 gb-headline-text\">Especifica\u00e7\u00f5es da espiral<\/h2>\n\n\n\n<figure class=\"wp-block-table is-style-stripes\"><table class=\"has-fixed-layout\"><tbody><tr><td><strong>Modelo<\/strong><\/td><td><strong>5LL-400<\/strong><\/td><td><strong>5LL-600<\/strong><\/td><td><strong>5LL-900<\/strong><\/td><td><strong>5LL-1200<\/strong><\/td><td><strong>5LL-1500<\/strong><\/td><td><strong>5LL-2000<\/strong><\/td><td><\/td><\/tr><tr><td><strong>Di\u00e2metro da Espiral (mm)<\/strong><\/td><td>400<\/td><td>600<\/td><td>900<\/td><td>1200<\/td><td>1500<\/td><td>2000<\/td><td><\/td><\/tr><tr><td><strong>Passo da Rosca (mm)<\/strong><\/td><td>240\/180<\/td><td>450\/360<\/td><td>40405<\/td><td>720\/540<\/td><td>900<\/td><td>1200<\/td><td><\/td><\/tr><tr><td><strong>Taxa de Di\u00e2metro<\/strong><\/td><td>0.45<\/td><td>0.4<\/td><td>0.4\/0.6<\/td><td>0.6<\/td><td>0.6<\/td><td>0.6<\/td><td><\/td><\/tr><tr><td><strong>Gradiente (\u00b0)<\/strong><\/td><td>9<\/td><td>9<\/td><td>9<\/td><td>9<\/td><td>9<\/td><td>9<\/td><td><\/td><\/tr><tr><td><strong>N\u00fam. de Filetes<\/strong><\/td><td>1-2<\/td><td>1-2<\/td><td>2-3<\/td><td>2-4<\/td><td>2-4<\/td><td>2-4<\/td><td><\/td><\/tr><tr><td><strong>N\u00fam. de Voltas<\/strong><\/td><td>5<\/td><td>5<\/td><td>5<\/td><td>5<\/td><td>5<\/td><td>4<\/td><td><\/td><\/tr><tr><td><strong>Tamanho de Alimenta\u00e7\u00e3o (mm)<\/strong><\/td><td>0.02-0.2<\/td><td>0.02-0.2<\/td><td>0.03-0.3<\/td><td>0.03-0.3<\/td><td>0.03-0.3<\/td><td>0.04-0.4<\/td><td><\/td><\/tr><tr><td><strong>Densidade de Alimenta\u00e7\u00e3o (%)<\/strong><\/td><td>25-55<\/td><td>25-55<\/td><td>25-55<\/td><td>25-55<\/td><td>25-55<\/td><td>30-35<\/td><td><\/td><\/tr><tr><td><strong>Capacidade (t\/h)<\/strong><\/td><td>0.2-0.5<\/td><td>0.8-1.2<\/td><td>2-3<\/td><td>4-6<\/td><td>6-8<\/td><td>7-10<\/td><td><\/td><\/tr><tr><td><strong>Tamanho de Corte<\/strong><strong>L*A*H (mm)<\/strong><strong><\/strong><\/td><td>460*460*1500<\/td><td>700*700*2600<\/td><td>1060*1060*4000<\/td><td>1360*1360*5230<\/td><td>1560*1560*5230<\/td><td>2120*2120*5230<\/td><td><\/td><\/tr><tr><td><strong>Peso (kg)<\/strong><\/td><td>50<\/td><td>150<\/td><td>400<\/td><td>600<\/td><td>800<\/td><td>900<\/td><\/tr><\/tbody><\/table><\/figure>\n\n\n<div class=\"gb-container gb-container-263d9700\">\n\n<a class=\"gb-button gb-button-a4cbb7be gb-button-text\" href=\"#popmake-622\">Obtenha uma cota\u00e7\u00e3o gratuita agora<\/a>\n\n<\/div>\n<\/div>\n<\/div>","protected":false},"excerpt":{"rendered":"<p>Spiral chute Spiral chute features 1. Reasonable structure and small occupation area. 2. High recovery, high efficiency, and precise separation. 3. Non-required power. 4. Light in weight, anti-corrosion, rust and wear-resistant. 5. Simple installation and Minimal maintenance requirements. 6. Low operating cost and long working life. 7. Reliable running with minimal operator attention. 8. Strong &#8230; <\/p>\n<p class=\"read-more-container\"><a title=\"4-1. Calha espiral\" class=\"read-more button\" href=\"https:\/\/hengxingmachinery.com\/pt\/spiral-chute\/#more-2534\" aria-label=\"Leia mais sobre 4-1. Spiral chute\">Ler mais<\/a><\/p>","protected":false},"author":1,"featured_media":0,"parent":0,"menu_order":0,"comment_status":"closed","ping_status":"closed","template":"","meta":{"footnotes":""},"class_list":["post-2534","page","type-page","status-publish"],"yoast_head":"<!-- This site is optimized with the Yoast SEO plugin v27.4 - https:\/\/yoast.com\/product\/yoast-seo-wordpress\/ -->\n<title>4-1. Spiral chute - Hengxing Machinery<\/title>\n<meta name=\"robots\" content=\"index, follow, max-snippet:-1, max-image-preview:large, max-video-preview:-1\" \/>\n<link rel=\"canonical\" href=\"https:\/\/hengxingmachinery.com\/pt\/spiral-chute\/\" \/>\n<meta property=\"og:locale\" content=\"pt_PT\" \/>\n<meta property=\"og:type\" content=\"article\" \/>\n<meta property=\"og:title\" content=\"4-1. Spiral chute - Hengxing Machinery\" \/>\n<meta property=\"og:description\" content=\"Spiral chute Spiral chute features 1. Reasonable structure and small occupation area. 2. High recovery, high efficiency, and precise separation. 3. Non-required power. 4. Light in weight, anti-corrosion, rust and wear-resistant. 5. Simple installation and Minimal maintenance requirements. 6. Low operating cost and long working life. 7. Reliable running with minimal operator attention. 8. Strong ... Ler mais\" \/>\n<meta property=\"og:url\" content=\"https:\/\/hengxingmachinery.com\/pt\/spiral-chute\/\" \/>\n<meta property=\"og:site_name\" content=\"Hengxing Machinery\" \/>\n<meta property=\"article:modified_time\" content=\"2025-03-21T08:46:56+00:00\" \/>\n<meta property=\"og:image\" content=\"https:\/\/hengxingmachinery.com\/wp-content\/uploads\/2025\/03\/spiral-chute-machine.jpg\" \/>\n<meta name=\"twitter:card\" content=\"summary_large_image\" \/>\n<meta name=\"twitter:label1\" content=\"Tempo estimado de leitura\" \/>\n\t<meta name=\"twitter:data1\" content=\"3 minutos\" \/>\n<script type=\"application\/ld+json\" class=\"yoast-schema-graph\">{\"@context\":\"https:\\\/\\\/schema.org\",\"@graph\":[{\"@type\":\"WebPage\",\"@id\":\"https:\\\/\\\/hengxingmachinery.com\\\/spiral-chute\\\/\",\"url\":\"https:\\\/\\\/hengxingmachinery.com\\\/spiral-chute\\\/\",\"name\":\"4-1. Spiral chute - Hengxing Machinery\",\"isPartOf\":{\"@id\":\"https:\\\/\\\/hengxingmachinery.com\\\/#website\"},\"primaryImageOfPage\":{\"@id\":\"https:\\\/\\\/hengxingmachinery.com\\\/spiral-chute\\\/#primaryimage\"},\"image\":{\"@id\":\"https:\\\/\\\/hengxingmachinery.com\\\/spiral-chute\\\/#primaryimage\"},\"thumbnailUrl\":\"https:\\\/\\\/hengxingmachinery.com\\\/wp-content\\\/uploads\\\/2025\\\/03\\\/spiral-chute-machine.jpg\",\"datePublished\":\"2025-03-21T08:46:55+00:00\",\"dateModified\":\"2025-03-21T08:46:56+00:00\",\"breadcrumb\":{\"@id\":\"https:\\\/\\\/hengxingmachinery.com\\\/spiral-chute\\\/#breadcrumb\"},\"inLanguage\":\"pt-PT\",\"potentialAction\":[{\"@type\":\"ReadAction\",\"target\":[\"https:\\\/\\\/hengxingmachinery.com\\\/spiral-chute\\\/\"]}]},{\"@type\":\"ImageObject\",\"inLanguage\":\"pt-PT\",\"@id\":\"https:\\\/\\\/hengxingmachinery.com\\\/spiral-chute\\\/#primaryimage\",\"url\":\"https:\\\/\\\/hengxingmachinery.com\\\/wp-content\\\/uploads\\\/2025\\\/03\\\/spiral-chute-machine.jpg\",\"contentUrl\":\"https:\\\/\\\/hengxingmachinery.com\\\/wp-content\\\/uploads\\\/2025\\\/03\\\/spiral-chute-machine.jpg\"},{\"@type\":\"BreadcrumbList\",\"@id\":\"https:\\\/\\\/hengxingmachinery.com\\\/spiral-chute\\\/#breadcrumb\",\"itemListElement\":[{\"@type\":\"ListItem\",\"position\":1,\"name\":\"Home\",\"item\":\"https:\\\/\\\/hengxingmachinery.com\\\/\"},{\"@type\":\"ListItem\",\"position\":2,\"name\":\"4-1. Spiral chute\"}]},{\"@type\":\"WebSite\",\"@id\":\"https:\\\/\\\/hengxingmachinery.com\\\/#website\",\"url\":\"https:\\\/\\\/hengxingmachinery.com\\\/\",\"name\":\"Hengxing Machinery\",\"description\":\"Leading Manufacturer of All Sorts of Mining Machinery\",\"publisher\":{\"@id\":\"https:\\\/\\\/hengxingmachinery.com\\\/#organization\"},\"potentialAction\":[{\"@type\":\"SearchAction\",\"target\":{\"@type\":\"EntryPoint\",\"urlTemplate\":\"https:\\\/\\\/hengxingmachinery.com\\\/?s={search_term_string}\"},\"query-input\":{\"@type\":\"PropertyValueSpecification\",\"valueRequired\":true,\"valueName\":\"search_term_string\"}}],\"inLanguage\":\"pt-PT\"},{\"@type\":\"Organization\",\"@id\":\"https:\\\/\\\/hengxingmachinery.com\\\/#organization\",\"name\":\"Hengxing Machinery\",\"url\":\"https:\\\/\\\/hengxingmachinery.com\\\/\",\"logo\":{\"@type\":\"ImageObject\",\"inLanguage\":\"pt-PT\",\"@id\":\"https:\\\/\\\/hengxingmachinery.com\\\/#\\\/schema\\\/logo\\\/image\\\/\",\"url\":\"https:\\\/\\\/hengxingmachinery.com\\\/wp-content\\\/uploads\\\/2024\\\/12\\\/logo.png\",\"contentUrl\":\"https:\\\/\\\/hengxingmachinery.com\\\/wp-content\\\/uploads\\\/2024\\\/12\\\/logo.png\",\"width\":400,\"height\":260,\"caption\":\"Hengxing Machinery\"},\"image\":{\"@id\":\"https:\\\/\\\/hengxingmachinery.com\\\/#\\\/schema\\\/logo\\\/image\\\/\"}}]}<\/script>\n<!-- \/ Yoast SEO plugin. -->","yoast_head_json":{"title":"4-1. Canaleta espiral - Hengxing Machinery","robots":{"index":"index","follow":"follow","max-snippet":"max-snippet:-1","max-image-preview":"max-image-preview:large","max-video-preview":"max-video-preview:-1"},"canonical":"https:\/\/hengxingmachinery.com\/pt\/spiral-chute\/","og_locale":"pt_PT","og_type":"article","og_title":"4-1. Spiral chute - Hengxing Machinery","og_description":"Spiral chute Spiral chute features 1. Reasonable structure and small occupation area. 2. High recovery, high efficiency, and precise separation. 3. Non-required power. 4. Light in weight, anti-corrosion, rust and wear-resistant. 5. Simple installation and Minimal maintenance requirements. 6. Low operating cost and long working life. 7. Reliable running with minimal operator attention. 8. Strong ... Ler mais","og_url":"https:\/\/hengxingmachinery.com\/pt\/spiral-chute\/","og_site_name":"Hengxing Machinery","article_modified_time":"2025-03-21T08:46:56+00:00","og_image":[{"url":"https:\/\/hengxingmachinery.com\/wp-content\/uploads\/2025\/03\/spiral-chute-machine.jpg","type":"","width":"","height":""}],"twitter_card":"summary_large_image","twitter_misc":{"Tempo estimado de leitura":"3 minutos"},"schema":{"@context":"https:\/\/schema.org","@graph":[{"@type":"WebPage","@id":"https:\/\/hengxingmachinery.com\/spiral-chute\/","url":"https:\/\/hengxingmachinery.com\/spiral-chute\/","name":"4-1. Canaleta espiral - Hengxing Machinery","isPartOf":{"@id":"https:\/\/hengxingmachinery.com\/#website"},"primaryImageOfPage":{"@id":"https:\/\/hengxingmachinery.com\/spiral-chute\/#primaryimage"},"image":{"@id":"https:\/\/hengxingmachinery.com\/spiral-chute\/#primaryimage"},"thumbnailUrl":"https:\/\/hengxingmachinery.com\/wp-content\/uploads\/2025\/03\/spiral-chute-machine.jpg","datePublished":"2025-03-21T08:46:55+00:00","dateModified":"2025-03-21T08:46:56+00:00","breadcrumb":{"@id":"https:\/\/hengxingmachinery.com\/spiral-chute\/#breadcrumb"},"inLanguage":"pt-PT","potentialAction":[{"@type":"ReadAction","target":["https:\/\/hengxingmachinery.com\/spiral-chute\/"]}]},{"@type":"ImageObject","inLanguage":"pt-PT","@id":"https:\/\/hengxingmachinery.com\/spiral-chute\/#primaryimage","url":"https:\/\/hengxingmachinery.com\/wp-content\/uploads\/2025\/03\/spiral-chute-machine.jpg","contentUrl":"https:\/\/hengxingmachinery.com\/wp-content\/uploads\/2025\/03\/spiral-chute-machine.jpg"},{"@type":"BreadcrumbList","@id":"https:\/\/hengxingmachinery.com\/spiral-chute\/#breadcrumb","itemListElement":[{"@type":"ListItem","position":1,"name":"Home","item":"https:\/\/hengxingmachinery.com\/"},{"@type":"ListItem","position":2,"name":"4-1. Spiral chute"}]},{"@type":"WebSite","@id":"https:\/\/hengxingmachinery.com\/#website","url":"https:\/\/hengxingmachinery.com\/","name":"M\u00e1quinas Hengxing","description":"Fabricante l\u00edder de todos os tipos de m\u00e1quinas de minera\u00e7\u00e3o","publisher":{"@id":"https:\/\/hengxingmachinery.com\/#organization"},"potentialAction":[{"@type":"SearchAction","target":{"@type":"EntryPoint","urlTemplate":"https:\/\/hengxingmachinery.com\/?s={search_term_string}"},"query-input":{"@type":"PropertyValueSpecification","valueRequired":true,"valueName":"search_term_string"}}],"inLanguage":"pt-PT"},{"@type":"Organization","@id":"https:\/\/hengxingmachinery.com\/#organization","name":"M\u00e1quinas Hengxing","url":"https:\/\/hengxingmachinery.com\/","logo":{"@type":"ImageObject","inLanguage":"pt-PT","@id":"https:\/\/hengxingmachinery.com\/#\/schema\/logo\/image\/","url":"https:\/\/hengxingmachinery.com\/wp-content\/uploads\/2024\/12\/logo.png","contentUrl":"https:\/\/hengxingmachinery.com\/wp-content\/uploads\/2024\/12\/logo.png","width":400,"height":260,"caption":"Hengxing Machinery"},"image":{"@id":"https:\/\/hengxingmachinery.com\/#\/schema\/logo\/image\/"}}]}},"_links":{"self":[{"href":"https:\/\/hengxingmachinery.com\/pt\/wp-json\/wp\/v2\/pages\/2534","targetHints":{"allow":["GET"]}}],"collection":[{"href":"https:\/\/hengxingmachinery.com\/pt\/wp-json\/wp\/v2\/pages"}],"about":[{"href":"https:\/\/hengxingmachinery.com\/pt\/wp-json\/wp\/v2\/types\/page"}],"author":[{"embeddable":true,"href":"https:\/\/hengxingmachinery.com\/pt\/wp-json\/wp\/v2\/users\/1"}],"replies":[{"embeddable":true,"href":"https:\/\/hengxingmachinery.com\/pt\/wp-json\/wp\/v2\/comments?post=2534"}],"version-history":[{"count":5,"href":"https:\/\/hengxingmachinery.com\/pt\/wp-json\/wp\/v2\/pages\/2534\/revisions"}],"predecessor-version":[{"id":2576,"href":"https:\/\/hengxingmachinery.com\/pt\/wp-json\/wp\/v2\/pages\/2534\/revisions\/2576"}],"wp:attachment":[{"href":"https:\/\/hengxingmachinery.com\/pt\/wp-json\/wp\/v2\/media?parent=2534"}],"curies":[{"name":"wp","href":"https:\/\/api.w.org\/{rel}","templated":true}]}}