{"id":2535,"date":"2025-03-21T08:48:47","date_gmt":"2025-03-21T08:48:47","guid":{"rendered":"https:\/\/hengxingmachinery.com\/?page_id=2535"},"modified":"2025-03-21T08:54:20","modified_gmt":"2025-03-21T08:54:20","slug":"thickeners","status":"publish","type":"page","link":"https:\/\/hengxingmachinery.com\/pt\/thickeners\/","title":{"rendered":"4-1. Espessante"},"content":{"rendered":"<div class=\"gb-container gb-container-45165f5a\">\n<div class=\"gb-container gb-container-c2652eb4\">\n\n<h1 class=\"gb-headline gb-headline-62a8b2cc gb-headline-text\">Espessante<\/h1>\n\n<\/div>\n<\/div>\n\n<div class=\"gb-container gb-container-519cf624\">\n<div class=\"gb-container gb-container-71ca071e\">\n<div class=\"gb-grid-wrapper gb-grid-wrapper-8a5f0688\">\n<div class=\"gb-grid-column gb-grid-column-1e99b1c2\"><div class=\"gb-container gb-container-1e99b1c2\">\n\n<figure class=\"gb-block-image gb-block-image-e4eaba54\"><img decoding=\"async\" width=\"665\" height=\"545\" class=\"gb-image gb-image-e4eaba54\" src=\"https:\/\/hengxingmachinery.com\/wp-content\/uploads\/2025\/03\/thickener-for-sale.jpg\" alt=\"\" title=\"espessador \u00e0 venda\" srcset=\"https:\/\/hengxingmachinery.com\/wp-content\/uploads\/2025\/03\/thickener-for-sale.jpg 665w, https:\/\/hengxingmachinery.com\/wp-content\/uploads\/2025\/03\/thickener-for-sale-300x246.jpg 300w, https:\/\/hengxingmachinery.com\/wp-content\/uploads\/2025\/03\/thickener-for-sale-15x12.jpg 15w\" sizes=\"(max-width: 665px) 100vw, 665px\" \/><\/figure>\n\n<\/div><\/div>\n\n<div class=\"gb-grid-column gb-grid-column-bcae065b\"><div class=\"gb-container gb-container-bcae065b\">\n\n<p><\/p>\n\n\n\n<p><strong><mark style=\"background-color:rgba(0, 0, 0, 0)\" class=\"has-inline-color has-global-color-8-color\">Materiais aplic\u00e1veis:<\/mark><\/strong> materiais de carv\u00e3o, lama de min\u00e9rio, \u00e1guas residuais, res\u00edduos s\u00f3lidos, etc.<\/p>\n\n\n\n<p><strong><mark style=\"background-color:rgba(0, 0, 0, 0)\" class=\"has-inline-color has-global-color-8-color\">\u00c2mbito de aplica\u00e7\u00e3o: <\/mark><\/strong>\u00c9 adequado para o tratamento de desidrata\u00e7\u00e3o de concentrados e rejeitos em metalurgia, qu\u00edmica, carv\u00e3o, processamento de minerais n\u00e3o met\u00e1licos, prote\u00e7\u00e3o ambiental e outras ind\u00fastrias ou usinas de beneficiamento.<\/p>\n\n\n\n<p><\/p>\n\n\n\n<p><strong><mark style=\"background-color:rgba(0, 0, 0, 0)\" class=\"has-inline-color has-global-color-8-color\"><strong>Capacidade (t\/d)<\/strong>:<\/mark><\/strong> 5-1400<\/p>\n\n\n<div class=\"gb-container gb-container-256e15f1\">\n\n<a class=\"gb-button gb-button-e8b73d89 gb-button-text\" href=\"#popmake-622\">Obtenha uma cota\u00e7\u00e3o gratuita agora<\/a>\n\n<\/div>\n<\/div><\/div>\n<\/div>\n<\/div>\n<\/div>\n\n<div class=\"gb-container gb-container-c0200787\">\n<div class=\"gb-container gb-container-1d97c93d\">\n\n<h2 class=\"gb-headline gb-headline-3d5fa577 gb-headline-text\">Introdu\u00e7\u00e3o do espessador<\/h2>\n\n\n\n<figure class=\"gb-block-image gb-block-image-230c53d3\"><img decoding=\"async\" width=\"800\" height=\"500\" class=\"gb-image gb-image-230c53d3\" src=\"https:\/\/hengxingmachinery.com\/wp-content\/uploads\/2025\/03\/thickener-supplier.jpg\" alt=\"\" title=\"fornecedor de espessador\" srcset=\"https:\/\/hengxingmachinery.com\/wp-content\/uploads\/2025\/03\/thickener-supplier.jpg 800w, https:\/\/hengxingmachinery.com\/wp-content\/uploads\/2025\/03\/thickener-supplier-300x188.jpg 300w, https:\/\/hengxingmachinery.com\/wp-content\/uploads\/2025\/03\/thickener-supplier-768x480.jpg 768w, https:\/\/hengxingmachinery.com\/wp-content\/uploads\/2025\/03\/thickener-supplier-18x12.jpg 18w\" sizes=\"(max-width: 800px) 100vw, 800px\" \/><\/figure>\n\n\n\n<p><\/p>\n\n\n\n<p>Os espessadores (espessadores de alta efici\u00eancia) s\u00e3o amplamente utilizados no tratamento de lodo, \u00e1guas residuais e res\u00edduos s\u00f3lidos nos setores de metalurgia, minera\u00e7\u00e3o, carv\u00e3o, qu\u00edmica, materiais de constru\u00e7\u00e3o, prote\u00e7\u00e3o ambiental e outros, e t\u00eam grande import\u00e2ncia para melhorar a taxa de utiliza\u00e7\u00e3o de \u00e1gua de retorno e a concentra\u00e7\u00e3o do transporte de underflow, al\u00e9m de proteger o meio ambiente. <\/p>\n\n\n\n<p>Mas, na verdade, o espessador de alto rendimento n\u00e3o \u00e9 um simples equipamento de sedimenta\u00e7\u00e3o, e sim um novo tipo de equipamento de desidrata\u00e7\u00e3o que combina as caracter\u00edsticas de filtragem da camada de lodo.<\/p>\n\n\n<div class=\"gb-container gb-container-9eeb6cec\">\n\n<a class=\"gb-button gb-button-d1324b3c gb-button-text\" href=\"#popmake-622\">Obtenha uma cota\u00e7\u00e3o gratuita agora<\/a>\n\n<\/div>\n<\/div>\n<\/div>\n\n<div class=\"gb-container gb-container-aee62d46\">\n<div class=\"gb-container gb-container-95f2b668\">\n\n<h2 class=\"gb-headline gb-headline-c2d9453e gb-headline-text\">Caracter\u00edsticas da peneira do espessador<\/h2>\n\n\n\n<figure class=\"gb-block-image gb-block-image-10dae308\"><img decoding=\"async\" width=\"500\" height=\"400\" class=\"gb-image gb-image-10dae308\" src=\"https:\/\/hengxingmachinery.com\/wp-content\/uploads\/2025\/03\/thickener-price.png\" alt=\"\" title=\"pre\u00e7o do espessador\" srcset=\"https:\/\/hengxingmachinery.com\/wp-content\/uploads\/2025\/03\/thickener-price.png 500w, https:\/\/hengxingmachinery.com\/wp-content\/uploads\/2025\/03\/thickener-price-300x240.png 300w, https:\/\/hengxingmachinery.com\/wp-content\/uploads\/2025\/03\/thickener-price-15x12.png 15w\" sizes=\"(max-width: 500px) 100vw, 500px\" \/><\/figure>\n\n\n\n<p><\/p>\n\n\n\n<p>A principal caracter\u00edstica do espessador (espessador de alto rendimento) \u00e9 adicionar uma certa quantidade de floculante \u00e0 polpa a ser espessada, para que as part\u00edculas de min\u00e9rio na polpa formem flocos, acelerando sua velocidade de sedimenta\u00e7\u00e3o e alcan\u00e7ando o objetivo de melhorar a efici\u00eancia da espessamento. <\/p>\n\n\n\n<p>Os espessadores (espessadores de alto rendimento) geralmente s\u00e3o compostos principalmente por um tanque de espessamento, uma estrutura, um dispositivo de transmiss\u00e3o, um dispositivo de eleva\u00e7\u00e3o da estrutura, um dispositivo de alimenta\u00e7\u00e3o, um dispositivo de descarga e um dispositivo de sinaliza\u00e7\u00e3o de seguran\u00e7a.<\/p>\n\n\n\n<p>1. Adicionar floculante para aumentar o tamanho das part\u00edculas s\u00f3lidas sedimentadas, acelerando assim a velocidade de sedimenta\u00e7\u00e3o;<\/p>\n\n\n\n<p>2. Instalar placas inclinadas para encurtar a dist\u00e2ncia de sedimenta\u00e7\u00e3o das part\u00edculas de min\u00e9rio e aumentar a \u00e1rea de sedimenta\u00e7\u00e3o;<\/p>\n\n\n\n<p>3. Desempenhar o papel de flocula\u00e7\u00e3o, filtragem, compress\u00e3o e aumento da capacidade de processamento da camada de fase densa do sedimento de lodo;<\/p>\n\n\n\n<p>4. Equipado com instala\u00e7\u00f5es completas de controle autom\u00e1tico.<\/p>\n\n\n<div class=\"gb-container gb-container-6884c2cc\">\n\n<a class=\"gb-button gb-button-70583696 gb-button-text\" href=\"#popmake-622\">Obtenha uma cota\u00e7\u00e3o gratuita agora<\/a>\n\n<\/div>\n<\/div>\n<\/div>\n\n<div class=\"gb-container gb-container-ebd718b6\">\n<div class=\"gb-container gb-container-5c75b960\">\n\n<h2 class=\"gb-headline gb-headline-98859344 gb-headline-text\">Princ\u00edpio de funcionamento do espessador<\/h2>\n\n\n\n<p>A peneira do espessador destr\u00f3i a tens\u00e3o superficial da polpa e faz com que os materiais de granula\u00e7\u00e3o fina oscilem em alta velocidade na superf\u00edcie da peneira, acelerando a separa\u00e7\u00e3o dos minerais \u00fateis com maior gravidade. <\/p>\n\n\n\n<p>E aumenta a probabilidade de materiais menores que o tamanho de part\u00edcula de separa\u00e7\u00e3o entrarem em contato com os orif\u00edcios da peneira, de modo que as part\u00edculas menores que o tamanho de separa\u00e7\u00e3o entrem em contato com a peneira.<\/p>\n\n\n\n<p>O material, as part\u00edculas com alta gravidade espec\u00edfica e a polpa de min\u00e9rio passam pelos orif\u00edcios da peneira e se tornam o produto de underflow, realizando assim a peneira\u00e7\u00e3o.<\/p>\n\n\n<div class=\"gb-container gb-container-d6bbf16a\">\n\n<a class=\"gb-button gb-button-caa3f2bc gb-button-text\" href=\"#popmake-622\">Obtenha uma cota\u00e7\u00e3o gratuita agora<\/a>\n\n<\/div>\n<\/div>\n<\/div>\n\n<div class=\"gb-container gb-container-435ad261\">\n<div class=\"gb-container gb-container-7dc79cc4\">\n\n<h2 class=\"gb-headline gb-headline-6fe5dee2 gb-headline-text\">Especifica\u00e7\u00f5es do espessador<\/h2>\n\n\n\n<figure class=\"wp-block-table is-style-stripes\"><table class=\"has-fixed-layout\"><tbody><tr><td><strong>Modelo<\/strong><\/td><td><strong>Di\u00e2metro do Tanque<br>(mil\u00edmetros)<\/strong><\/td><td><strong>Profundidade do Tanque<br>(mil\u00edmetros)<\/strong><\/td><td><strong>\u00c1rea de Sedimenta\u00e7\u00e3o<br>(m<sup>2<\/sup>)<\/strong><\/td><td><strong>Capacidade<br>(t\/d)<\/strong><\/td><td><strong>Modelo do Motor<\/strong><\/td><td><strong>Pot\u00eancia do Motor<br>(kW)<\/strong><\/td><td><strong>Peso do Tanque de A\u00e7o<br>(kg)<\/strong><\/td><td><strong>Peso<br>(kg)<\/strong><\/td><\/tr><tr><td>NZSG-2.5<\/td><td>2500<\/td><td>1850<\/td><td>4.9<\/td><td>5-22.4<\/td><td>Y90L-6<\/td><td>1.1<\/td><td>1000<\/td><td>2225<\/td><\/tr><tr><td>NZSG-3A<\/td><td>3000<\/td><td>1800<\/td><td>7<\/td><td>5-23.3<\/td><td>Y100L-6<\/td><td>1.5<\/td><td>1664<\/td><td>3168<\/td><\/tr><tr><td>NZSG-3<\/td><td>3600<\/td><td>1800<\/td><td>10.2<\/td><td>5-28.5<\/td><td>Y100L-6<\/td><td>1.5<\/td><td>2097<\/td><td>3680<\/td><\/tr><tr><td>NZSG-5<\/td><td>5000<\/td><td>2956<\/td><td>16<\/td><td>16-90<\/td><td>Y90L-4<\/td><td>1.5<\/td><td>5160<\/td><td>7908<\/td><\/tr><tr><td>NZSG-6<\/td><td>6000<\/td><td>2956<\/td><td>28.3<\/td><td>98<\/td><td>Y90L-4<\/td><td>1.5<\/td><td>5769<\/td><td>8772<\/td><\/tr><tr><td>NZSG-7<\/td><td>7000<\/td><td>3000<\/td><td>38.5<\/td><td>140<\/td><td>Y112M-6<\/td><td>2.2<\/td><td>8800<\/td><td>13862<\/td><\/tr><tr><td>NZSG-8<\/td><td>8000<\/td><td>3318<\/td><td>50.2<\/td><td>185<\/td><td>Y132S-6<\/td><td>3<\/td><td>12966<\/td><td>19158<\/td><\/tr><tr><td>NZSG-9<\/td><td>9000<\/td><td>3376<\/td><td>63<\/td><td>210<\/td><td>Y132S-6<\/td><td>3<\/td><td>15418<\/td><td>21733<\/td><\/tr><tr><td>NZSG-12<\/td><td>12000<\/td><td>3600<\/td><td>113<\/td><td>370<\/td><td>Y132S-6<\/td><td>3<\/td><td>25589<\/td><td>34823<\/td><\/tr><tr><td>NZSG-15<\/td><td>15000<\/td><td>4000<\/td><td>176<\/td><td>580<\/td><td>Y132S-4<\/td><td>5.5<\/td><td>35800<\/td><td>54315<\/td><\/tr><tr><td>NZSG-18<\/td><td>18000<\/td><td>4400<\/td><td>255<\/td><td>960<\/td><td>YCT200-4B<\/td><td>7.5<\/td><td>52485<\/td><td>73588<\/td><\/tr><tr><td>NZSG-20<\/td><td>20000<\/td><td>4400<\/td><td>315<\/td><td>1400<\/td><td>YCT200-4B<\/td><td>7.5<\/td><td>59365<\/td><td>76312<\/td><\/tr><\/tbody><\/table><\/figure>\n\n\n<div class=\"gb-container gb-container-263d9700\">\n\n<a class=\"gb-button gb-button-a4cbb7be gb-button-text\" href=\"#popmake-622\">Obtenha uma cota\u00e7\u00e3o gratuita agora<\/a>\n\n<\/div>\n<\/div>\n<\/div>","protected":false},"excerpt":{"rendered":"<p>Thickener Introduction of thickener Thickeners (high-efficiency thickeners) are widely used in the treatment of sludge, wastewater, and waste residues in metallurgy, mining, coal, chemical, building materials, environmental protection and other sectors, and are of great significance for improving the utilization rate of backwater and the concentration of underflow transportation and protecting the environment. But in &#8230; <\/p>\n<p class=\"read-more-container\"><a title=\"4-1. Espessante\" class=\"read-more button\" href=\"https:\/\/hengxingmachinery.com\/pt\/thickeners\/#more-2535\" aria-label=\"Leia mais sobre 4-1. Thickener\">Ler mais<\/a><\/p>","protected":false},"author":1,"featured_media":0,"parent":0,"menu_order":0,"comment_status":"closed","ping_status":"closed","template":"","meta":{"footnotes":""},"class_list":["post-2535","page","type-page","status-publish"],"yoast_head":"<!-- This site is optimized with the Yoast SEO plugin v27.4 - https:\/\/yoast.com\/product\/yoast-seo-wordpress\/ -->\n<title>4-1. Thickener - Hengxing Machinery<\/title>\n<meta name=\"robots\" content=\"index, follow, max-snippet:-1, max-image-preview:large, max-video-preview:-1\" \/>\n<link rel=\"canonical\" href=\"https:\/\/hengxingmachinery.com\/pt\/thickeners\/\" \/>\n<meta property=\"og:locale\" content=\"pt_PT\" \/>\n<meta property=\"og:type\" content=\"article\" \/>\n<meta property=\"og:title\" content=\"4-1. Thickener - Hengxing Machinery\" \/>\n<meta property=\"og:description\" content=\"Thickener Introduction of thickener Thickeners (high-efficiency thickeners) are widely used in the treatment of sludge, wastewater, and waste residues in metallurgy, mining, coal, chemical, building materials, environmental protection and other sectors, and are of great significance for improving the utilization rate of backwater and the concentration of underflow transportation and protecting the environment. But in ... Ler mais\" \/>\n<meta property=\"og:url\" content=\"https:\/\/hengxingmachinery.com\/pt\/thickeners\/\" \/>\n<meta property=\"og:site_name\" content=\"Hengxing Machinery\" \/>\n<meta property=\"article:modified_time\" content=\"2025-03-21T08:54:20+00:00\" \/>\n<meta property=\"og:image\" content=\"https:\/\/hengxingmachinery.com\/wp-content\/uploads\/2025\/03\/thickener-for-sale.jpg\" \/>\n<meta name=\"twitter:card\" content=\"summary_large_image\" \/>\n<meta name=\"twitter:label1\" content=\"Tempo estimado de leitura\" \/>\n\t<meta name=\"twitter:data1\" content=\"3 minutos\" \/>\n<script type=\"application\/ld+json\" class=\"yoast-schema-graph\">{\"@context\":\"https:\\\/\\\/schema.org\",\"@graph\":[{\"@type\":\"WebPage\",\"@id\":\"https:\\\/\\\/hengxingmachinery.com\\\/thickeners\\\/\",\"url\":\"https:\\\/\\\/hengxingmachinery.com\\\/thickeners\\\/\",\"name\":\"4-1. Thickener - Hengxing Machinery\",\"isPartOf\":{\"@id\":\"https:\\\/\\\/hengxingmachinery.com\\\/#website\"},\"primaryImageOfPage\":{\"@id\":\"https:\\\/\\\/hengxingmachinery.com\\\/thickeners\\\/#primaryimage\"},\"image\":{\"@id\":\"https:\\\/\\\/hengxingmachinery.com\\\/thickeners\\\/#primaryimage\"},\"thumbnailUrl\":\"https:\\\/\\\/hengxingmachinery.com\\\/wp-content\\\/uploads\\\/2025\\\/03\\\/thickener-for-sale.jpg\",\"datePublished\":\"2025-03-21T08:48:47+00:00\",\"dateModified\":\"2025-03-21T08:54:20+00:00\",\"breadcrumb\":{\"@id\":\"https:\\\/\\\/hengxingmachinery.com\\\/thickeners\\\/#breadcrumb\"},\"inLanguage\":\"pt-PT\",\"potentialAction\":[{\"@type\":\"ReadAction\",\"target\":[\"https:\\\/\\\/hengxingmachinery.com\\\/thickeners\\\/\"]}]},{\"@type\":\"ImageObject\",\"inLanguage\":\"pt-PT\",\"@id\":\"https:\\\/\\\/hengxingmachinery.com\\\/thickeners\\\/#primaryimage\",\"url\":\"https:\\\/\\\/hengxingmachinery.com\\\/wp-content\\\/uploads\\\/2025\\\/03\\\/thickener-for-sale.jpg\",\"contentUrl\":\"https:\\\/\\\/hengxingmachinery.com\\\/wp-content\\\/uploads\\\/2025\\\/03\\\/thickener-for-sale.jpg\"},{\"@type\":\"BreadcrumbList\",\"@id\":\"https:\\\/\\\/hengxingmachinery.com\\\/thickeners\\\/#breadcrumb\",\"itemListElement\":[{\"@type\":\"ListItem\",\"position\":1,\"name\":\"Home\",\"item\":\"https:\\\/\\\/hengxingmachinery.com\\\/\"},{\"@type\":\"ListItem\",\"position\":2,\"name\":\"4-1. Thickener\"}]},{\"@type\":\"WebSite\",\"@id\":\"https:\\\/\\\/hengxingmachinery.com\\\/#website\",\"url\":\"https:\\\/\\\/hengxingmachinery.com\\\/\",\"name\":\"Hengxing Machinery\",\"description\":\"Leading Manufacturer of All Sorts of Mining Machinery\",\"publisher\":{\"@id\":\"https:\\\/\\\/hengxingmachinery.com\\\/#organization\"},\"potentialAction\":[{\"@type\":\"SearchAction\",\"target\":{\"@type\":\"EntryPoint\",\"urlTemplate\":\"https:\\\/\\\/hengxingmachinery.com\\\/?s={search_term_string}\"},\"query-input\":{\"@type\":\"PropertyValueSpecification\",\"valueRequired\":true,\"valueName\":\"search_term_string\"}}],\"inLanguage\":\"pt-PT\"},{\"@type\":\"Organization\",\"@id\":\"https:\\\/\\\/hengxingmachinery.com\\\/#organization\",\"name\":\"Hengxing Machinery\",\"url\":\"https:\\\/\\\/hengxingmachinery.com\\\/\",\"logo\":{\"@type\":\"ImageObject\",\"inLanguage\":\"pt-PT\",\"@id\":\"https:\\\/\\\/hengxingmachinery.com\\\/#\\\/schema\\\/logo\\\/image\\\/\",\"url\":\"https:\\\/\\\/hengxingmachinery.com\\\/wp-content\\\/uploads\\\/2024\\\/12\\\/logo.png\",\"contentUrl\":\"https:\\\/\\\/hengxingmachinery.com\\\/wp-content\\\/uploads\\\/2024\\\/12\\\/logo.png\",\"width\":400,\"height\":260,\"caption\":\"Hengxing Machinery\"},\"image\":{\"@id\":\"https:\\\/\\\/hengxingmachinery.com\\\/#\\\/schema\\\/logo\\\/image\\\/\"}}]}<\/script>\n<!-- \/ Yoast SEO plugin. -->","yoast_head_json":{"title":"4-1. Espessador - Hengxing Machinery","robots":{"index":"index","follow":"follow","max-snippet":"max-snippet:-1","max-image-preview":"max-image-preview:large","max-video-preview":"max-video-preview:-1"},"canonical":"https:\/\/hengxingmachinery.com\/pt\/thickeners\/","og_locale":"pt_PT","og_type":"article","og_title":"4-1. Thickener - Hengxing Machinery","og_description":"Thickener Introduction of thickener Thickeners (high-efficiency thickeners) are widely used in the treatment of sludge, wastewater, and waste residues in metallurgy, mining, coal, chemical, building materials, environmental protection and other sectors, and are of great significance for improving the utilization rate of backwater and the concentration of underflow transportation and protecting the environment. But in ... Ler mais","og_url":"https:\/\/hengxingmachinery.com\/pt\/thickeners\/","og_site_name":"Hengxing Machinery","article_modified_time":"2025-03-21T08:54:20+00:00","og_image":[{"url":"https:\/\/hengxingmachinery.com\/wp-content\/uploads\/2025\/03\/thickener-for-sale.jpg","type":"","width":"","height":""}],"twitter_card":"summary_large_image","twitter_misc":{"Tempo estimado de leitura":"3 minutos"},"schema":{"@context":"https:\/\/schema.org","@graph":[{"@type":"WebPage","@id":"https:\/\/hengxingmachinery.com\/thickeners\/","url":"https:\/\/hengxingmachinery.com\/thickeners\/","name":"4-1. Espessador - Hengxing Machinery","isPartOf":{"@id":"https:\/\/hengxingmachinery.com\/#website"},"primaryImageOfPage":{"@id":"https:\/\/hengxingmachinery.com\/thickeners\/#primaryimage"},"image":{"@id":"https:\/\/hengxingmachinery.com\/thickeners\/#primaryimage"},"thumbnailUrl":"https:\/\/hengxingmachinery.com\/wp-content\/uploads\/2025\/03\/thickener-for-sale.jpg","datePublished":"2025-03-21T08:48:47+00:00","dateModified":"2025-03-21T08:54:20+00:00","breadcrumb":{"@id":"https:\/\/hengxingmachinery.com\/thickeners\/#breadcrumb"},"inLanguage":"pt-PT","potentialAction":[{"@type":"ReadAction","target":["https:\/\/hengxingmachinery.com\/thickeners\/"]}]},{"@type":"ImageObject","inLanguage":"pt-PT","@id":"https:\/\/hengxingmachinery.com\/thickeners\/#primaryimage","url":"https:\/\/hengxingmachinery.com\/wp-content\/uploads\/2025\/03\/thickener-for-sale.jpg","contentUrl":"https:\/\/hengxingmachinery.com\/wp-content\/uploads\/2025\/03\/thickener-for-sale.jpg"},{"@type":"BreadcrumbList","@id":"https:\/\/hengxingmachinery.com\/thickeners\/#breadcrumb","itemListElement":[{"@type":"ListItem","position":1,"name":"Home","item":"https:\/\/hengxingmachinery.com\/"},{"@type":"ListItem","position":2,"name":"4-1. Thickener"}]},{"@type":"WebSite","@id":"https:\/\/hengxingmachinery.com\/#website","url":"https:\/\/hengxingmachinery.com\/","name":"M\u00e1quinas Hengxing","description":"Fabricante l\u00edder de todos os tipos de m\u00e1quinas de minera\u00e7\u00e3o","publisher":{"@id":"https:\/\/hengxingmachinery.com\/#organization"},"potentialAction":[{"@type":"SearchAction","target":{"@type":"EntryPoint","urlTemplate":"https:\/\/hengxingmachinery.com\/?s={search_term_string}"},"query-input":{"@type":"PropertyValueSpecification","valueRequired":true,"valueName":"search_term_string"}}],"inLanguage":"pt-PT"},{"@type":"Organization","@id":"https:\/\/hengxingmachinery.com\/#organization","name":"M\u00e1quinas Hengxing","url":"https:\/\/hengxingmachinery.com\/","logo":{"@type":"ImageObject","inLanguage":"pt-PT","@id":"https:\/\/hengxingmachinery.com\/#\/schema\/logo\/image\/","url":"https:\/\/hengxingmachinery.com\/wp-content\/uploads\/2024\/12\/logo.png","contentUrl":"https:\/\/hengxingmachinery.com\/wp-content\/uploads\/2024\/12\/logo.png","width":400,"height":260,"caption":"Hengxing Machinery"},"image":{"@id":"https:\/\/hengxingmachinery.com\/#\/schema\/logo\/image\/"}}]}},"_links":{"self":[{"href":"https:\/\/hengxingmachinery.com\/pt\/wp-json\/wp\/v2\/pages\/2535","targetHints":{"allow":["GET"]}}],"collection":[{"href":"https:\/\/hengxingmachinery.com\/pt\/wp-json\/wp\/v2\/pages"}],"about":[{"href":"https:\/\/hengxingmachinery.com\/pt\/wp-json\/wp\/v2\/types\/page"}],"author":[{"embeddable":true,"href":"https:\/\/hengxingmachinery.com\/pt\/wp-json\/wp\/v2\/users\/1"}],"replies":[{"embeddable":true,"href":"https:\/\/hengxingmachinery.com\/pt\/wp-json\/wp\/v2\/comments?post=2535"}],"version-history":[{"count":4,"href":"https:\/\/hengxingmachinery.com\/pt\/wp-json\/wp\/v2\/pages\/2535\/revisions"}],"predecessor-version":[{"id":2577,"href":"https:\/\/hengxingmachinery.com\/pt\/wp-json\/wp\/v2\/pages\/2535\/revisions\/2577"}],"wp:attachment":[{"href":"https:\/\/hengxingmachinery.com\/pt\/wp-json\/wp\/v2\/media?parent=2535"}],"curies":[{"name":"wp","href":"https:\/\/api.w.org\/{rel}","templated":true}]}}