{"id":2538,"date":"2025-03-21T08:50:19","date_gmt":"2025-03-21T08:50:19","guid":{"rendered":"https:\/\/hengxingmachinery.com\/?page_id=2538"},"modified":"2025-03-21T08:56:23","modified_gmt":"2025-03-21T08:56:23","slug":"shaking-tables","status":"publish","type":"page","link":"https:\/\/hengxingmachinery.com\/pt\/shaking-tables\/","title":{"rendered":"4-1. Mesa vibrat\u00f3ria"},"content":{"rendered":"<div class=\"gb-container gb-container-45165f5a\">\n<div class=\"gb-container gb-container-c2652eb4\">\n\n<h1 class=\"gb-headline gb-headline-62a8b2cc gb-headline-text\">Mesa tremendo<\/h1>\n\n<\/div>\n<\/div>\n\n<div class=\"gb-container gb-container-519cf624\">\n<div class=\"gb-container gb-container-71ca071e\">\n<div class=\"gb-grid-wrapper gb-grid-wrapper-8a5f0688\">\n<div class=\"gb-grid-column gb-grid-column-1e99b1c2\"><div class=\"gb-container gb-container-1e99b1c2\">\n\n<figure class=\"gb-block-image gb-block-image-e4eaba54\"><img decoding=\"async\" width=\"665\" height=\"545\" class=\"gb-image gb-image-e4eaba54\" src=\"https:\/\/hengxingmachinery.com\/wp-content\/uploads\/2025\/03\/shaking-table-for-sale.jpg\" alt=\"\" title=\"mesa vibrat\u00f3ria \u00e0 venda\" srcset=\"https:\/\/hengxingmachinery.com\/wp-content\/uploads\/2025\/03\/shaking-table-for-sale.jpg 665w, https:\/\/hengxingmachinery.com\/wp-content\/uploads\/2025\/03\/shaking-table-for-sale-300x246.jpg 300w, https:\/\/hengxingmachinery.com\/wp-content\/uploads\/2025\/03\/shaking-table-for-sale-15x12.jpg 15w\" sizes=\"(max-width: 665px) 100vw, 665px\" \/><\/figure>\n\n<\/div><\/div>\n\n<div class=\"gb-grid-column gb-grid-column-bcae065b\"><div class=\"gb-container gb-container-bcae065b\">\n\n<p><\/p>\n\n\n\n<p>A mesa vibrat\u00f3ria \u00e9 um dos principais equipamentos de concentra\u00e7\u00e3o grav\u00edtica. \u00c9 amplamente aplicada n\u00e3o apenas na separa\u00e7\u00e3o de tungst\u00eanio, estanho, t\u00e2ntalo-ni\u00f3bio e outros metais raros, como tamb\u00e9m em min\u00e9rios de metais nobres. <\/p>\n\n\n\n<p>Tamb\u00e9m \u00e9 amplamente utilizada na separa\u00e7\u00e3o de ouro, prata, estanho, ni\u00f3bio, t\u00e2ntalo, tit\u00e2nio, b\u00e1rio, tungst\u00eanio, ferro, cromo, mangan\u00eas, zirc\u00f4nio, chumbo, zinco, merc\u00fario, cobre, alum\u00ednio, etc. O escopo efetivo de reciclagem granulom\u00e9trica da mesa vibrat\u00f3ria \u00e9 de 2 a 0,22 mil\u00edmetros.<\/p>\n\n\n<div class=\"gb-container gb-container-256e15f1\">\n\n<a class=\"gb-button gb-button-e8b73d89 gb-button-text\" href=\"#popmake-622\">Obtenha uma cota\u00e7\u00e3o gratuita agora<\/a>\n\n<\/div>\n<\/div><\/div>\n<\/div>\n<\/div>\n<\/div>\n\n<div class=\"gb-container gb-container-c0200787\">\n<div class=\"gb-container gb-container-1d97c93d\">\n\n<h2 class=\"gb-headline gb-headline-3d5fa577 gb-headline-text\">Projetos de mesa vibrat\u00f3ria<\/h2>\n\n\n\n<figure class=\"gb-block-image gb-block-image-230c53d3\"><img decoding=\"async\" width=\"800\" height=\"500\" class=\"gb-image gb-image-230c53d3\" src=\"https:\/\/hengxingmachinery.com\/wp-content\/uploads\/2025\/03\/shaking-table-supplier.jpg\" alt=\"\" title=\"fornecedor de mesa vibrat\u00f3ria\" srcset=\"https:\/\/hengxingmachinery.com\/wp-content\/uploads\/2025\/03\/shaking-table-supplier.jpg 800w, https:\/\/hengxingmachinery.com\/wp-content\/uploads\/2025\/03\/shaking-table-supplier-300x188.jpg 300w, https:\/\/hengxingmachinery.com\/wp-content\/uploads\/2025\/03\/shaking-table-supplier-768x480.jpg 768w, https:\/\/hengxingmachinery.com\/wp-content\/uploads\/2025\/03\/shaking-table-supplier-18x12.jpg 18w\" sizes=\"(max-width: 800px) 100vw, 800px\" \/><\/figure>\n\n\n\n<p><\/p>\n\n\n\n<p><strong>A mesa vibrat\u00f3ria est\u00e1 dispon\u00edvel em tr\u00eas diferentes projetos de deck:<\/strong><\/p>\n\n\n\n<p>(1) O deck para min\u00e9rio grosso \u00e9 projetado para recuperar part\u00edculas de 0,5 mm a 2 mm;<\/p>\n\n\n\n<p>(2) O deck para areia fina \u00e9 projetado para recuperar part\u00edculas finas na faixa de 0,074 mm a 0,5 mm;<\/p>\n\n\n\n<p>(3) O deck para lodo \u00e9 projetado para recuperar part\u00edculas extremamente finas na faixa de 0,05 mm a 0,074 mm.<\/p>\n\n\n<div class=\"gb-container gb-container-9eeb6cec\">\n\n<a class=\"gb-button gb-button-d1324b3c gb-button-text\" href=\"#popmake-622\">Obtenha uma cota\u00e7\u00e3o gratuita agora<\/a>\n\n<\/div>\n<\/div>\n<\/div>\n\n<div class=\"gb-container gb-container-ebd718b6\">\n<div class=\"gb-container gb-container-5c75b960\">\n\n<h2 class=\"gb-headline gb-headline-98859344 gb-headline-text\">Princ\u00edpio de funcionamento da mesa vibrat\u00f3ria<\/h2>\n\n\n\n<p>O princ\u00edpio de funcionamento da mesa vibrat\u00f3ria consiste em utilizar a a\u00e7\u00e3o combinada da diferen\u00e7a de gravidade espec\u00edfica dos minerais a separar, o movimento alternado da superf\u00edcie da mesa, e o fluxo de \u00e1gua obl\u00edquo transversal e os riffles (ou ranhuras), permitindo a estratifica\u00e7\u00e3o solta dos min\u00e9rios na superf\u00edcie da mesa e o zoneamento em leque. Diferentes produtos podem ent\u00e3o ser obtidos.<\/p>\n\n\n<div class=\"gb-container gb-container-d6bbf16a\">\n\n<a class=\"gb-button gb-button-caa3f2bc gb-button-text\" href=\"#popmake-622\">Obtenha uma cota\u00e7\u00e3o gratuita agora<\/a>\n\n<\/div>\n<\/div>\n<\/div>\n\n<div class=\"gb-container gb-container-435ad261\">\n<div class=\"gb-container gb-container-7dc79cc4\">\n\n<h2 class=\"gb-headline gb-headline-6fe5dee2 gb-headline-text\">Especifica\u00e7\u00f5es da mesa vibrat\u00f3ria<\/h2>\n\n\n\n<figure class=\"wp-block-table is-style-stripes\"><table class=\"has-fixed-layout\"><tbody><tr><td><strong>Modelo.<\/strong><\/td><td>6S<\/td><td>Dimens\u00f5es da Mesa<\/td><td colspan=\"2\">4520*1850*156mm<\/td><\/tr><tr><td><strong>Curso<\/strong><\/td><td>8-36 mm<\/td><td>Pot\u00eancia do Motor<\/td><td colspan=\"2\">1,1 kW<\/td><\/tr><tr><td><strong>Tempo\/min<\/strong><\/td><td>240-380<\/td><td>Dimens\u00f5es<\/td><td colspan=\"2\">5630*1850*900mm<\/td><\/tr><tr><td><strong>Inclina\u00e7\u00e3o<\/strong><\/td><td>0-5\u00b0<\/td><td>Peso da Mesa<\/td><td colspan=\"2\">650 kg<\/td><\/tr><tr><td><strong>Material<\/strong><\/td><td>Tamanho de Alimenta\u00e7\u00e3o<\/td><td>Densidade do Min\u00e9rio<\/td><td>\u00c1gua de Lavagem<\/td><td>Capacidade (t\/h)<\/td><\/tr><tr><td><strong>Areia Grossa<\/strong><\/td><td>2-0,5 mm<\/td><td>10-30%<\/td><td>0,5-3,5 t\/h<\/td><td>1-2.5<\/td><\/tr><tr><td><strong>Areia Fina<\/strong><\/td><td>0,5-0,074 mm<\/td><td>10-30%<\/td><td>0,5-3,5 t\/h<\/td><td>0.8-1.2<\/td><\/tr><tr><td><strong>Lama de Min\u00e9rio<\/strong><\/td><td>0,074-0,037 mm<\/td><td>10-30%<\/td><td>0,5-3,5 t\/h<\/td><td>0.3-0.6<\/td><\/tr><\/tbody><\/table><\/figure>\n\n\n<div class=\"gb-container gb-container-263d9700\">\n\n<a class=\"gb-button gb-button-a4cbb7be gb-button-text\" href=\"#popmake-622\">Obtenha uma cota\u00e7\u00e3o gratuita agora<\/a>\n\n<\/div>\n<\/div>\n<\/div>","protected":false},"excerpt":{"rendered":"<p>Shaking table Designs of shaking table Shaking table has three different deck designs available: (1) The course ore deck is designed for recovering particle sizes from 0.5 mm to 2 mm; (2) The fine sand deck is designed for recovering fine particles in the range of 0.074 mm to 0.5 mm; (3) The slime deck &#8230; <\/p>\n<p class=\"read-more-container\"><a title=\"4-1. Mesa vibrat\u00f3ria\" class=\"read-more button\" href=\"https:\/\/hengxingmachinery.com\/pt\/shaking-tables\/#more-2538\" aria-label=\"Leia mais sobre 4-1. Shaking table\">Ler mais<\/a><\/p>","protected":false},"author":1,"featured_media":0,"parent":0,"menu_order":0,"comment_status":"closed","ping_status":"closed","template":"","meta":{"footnotes":""},"class_list":["post-2538","page","type-page","status-publish"],"yoast_head":"<!-- This site is optimized with the Yoast SEO plugin v27.4 - https:\/\/yoast.com\/product\/yoast-seo-wordpress\/ -->\n<title>4-1. Shaking table - Hengxing Machinery<\/title>\n<meta name=\"robots\" content=\"index, follow, max-snippet:-1, max-image-preview:large, max-video-preview:-1\" \/>\n<link rel=\"canonical\" href=\"https:\/\/hengxingmachinery.com\/pt\/shaking-tables\/\" \/>\n<meta property=\"og:locale\" content=\"pt_PT\" \/>\n<meta property=\"og:type\" content=\"article\" \/>\n<meta property=\"og:title\" content=\"4-1. Shaking table - Hengxing Machinery\" \/>\n<meta property=\"og:description\" content=\"Shaking table Designs of shaking table Shaking table has three different deck designs available: (1) The course ore deck is designed for recovering particle sizes from 0.5 mm to 2 mm; (2) The fine sand deck is designed for recovering fine particles in the range of 0.074 mm to 0.5 mm; (3) The slime deck ... Ler mais\" \/>\n<meta property=\"og:url\" content=\"https:\/\/hengxingmachinery.com\/pt\/shaking-tables\/\" \/>\n<meta property=\"og:site_name\" content=\"Hengxing Machinery\" \/>\n<meta property=\"article:modified_time\" content=\"2025-03-21T08:56:23+00:00\" \/>\n<meta property=\"og:image\" content=\"https:\/\/hengxingmachinery.com\/wp-content\/uploads\/2025\/03\/shaking-table-for-sale.jpg\" \/>\n<meta name=\"twitter:card\" content=\"summary_large_image\" \/>\n<meta name=\"twitter:label1\" content=\"Tempo estimado de leitura\" \/>\n\t<meta name=\"twitter:data1\" content=\"2 minutos\" \/>\n<script type=\"application\/ld+json\" class=\"yoast-schema-graph\">{\"@context\":\"https:\\\/\\\/schema.org\",\"@graph\":[{\"@type\":\"WebPage\",\"@id\":\"https:\\\/\\\/hengxingmachinery.com\\\/shaking-tables\\\/\",\"url\":\"https:\\\/\\\/hengxingmachinery.com\\\/shaking-tables\\\/\",\"name\":\"4-1. Shaking table - Hengxing Machinery\",\"isPartOf\":{\"@id\":\"https:\\\/\\\/hengxingmachinery.com\\\/#website\"},\"primaryImageOfPage\":{\"@id\":\"https:\\\/\\\/hengxingmachinery.com\\\/shaking-tables\\\/#primaryimage\"},\"image\":{\"@id\":\"https:\\\/\\\/hengxingmachinery.com\\\/shaking-tables\\\/#primaryimage\"},\"thumbnailUrl\":\"https:\\\/\\\/hengxingmachinery.com\\\/wp-content\\\/uploads\\\/2025\\\/03\\\/shaking-table-for-sale.jpg\",\"datePublished\":\"2025-03-21T08:50:19+00:00\",\"dateModified\":\"2025-03-21T08:56:23+00:00\",\"breadcrumb\":{\"@id\":\"https:\\\/\\\/hengxingmachinery.com\\\/shaking-tables\\\/#breadcrumb\"},\"inLanguage\":\"pt-PT\",\"potentialAction\":[{\"@type\":\"ReadAction\",\"target\":[\"https:\\\/\\\/hengxingmachinery.com\\\/shaking-tables\\\/\"]}]},{\"@type\":\"ImageObject\",\"inLanguage\":\"pt-PT\",\"@id\":\"https:\\\/\\\/hengxingmachinery.com\\\/shaking-tables\\\/#primaryimage\",\"url\":\"https:\\\/\\\/hengxingmachinery.com\\\/wp-content\\\/uploads\\\/2025\\\/03\\\/shaking-table-for-sale.jpg\",\"contentUrl\":\"https:\\\/\\\/hengxingmachinery.com\\\/wp-content\\\/uploads\\\/2025\\\/03\\\/shaking-table-for-sale.jpg\"},{\"@type\":\"BreadcrumbList\",\"@id\":\"https:\\\/\\\/hengxingmachinery.com\\\/shaking-tables\\\/#breadcrumb\",\"itemListElement\":[{\"@type\":\"ListItem\",\"position\":1,\"name\":\"Home\",\"item\":\"https:\\\/\\\/hengxingmachinery.com\\\/\"},{\"@type\":\"ListItem\",\"position\":2,\"name\":\"4-1. Shaking table\"}]},{\"@type\":\"WebSite\",\"@id\":\"https:\\\/\\\/hengxingmachinery.com\\\/#website\",\"url\":\"https:\\\/\\\/hengxingmachinery.com\\\/\",\"name\":\"Hengxing Machinery\",\"description\":\"Leading Manufacturer of All Sorts of Mining Machinery\",\"publisher\":{\"@id\":\"https:\\\/\\\/hengxingmachinery.com\\\/#organization\"},\"potentialAction\":[{\"@type\":\"SearchAction\",\"target\":{\"@type\":\"EntryPoint\",\"urlTemplate\":\"https:\\\/\\\/hengxingmachinery.com\\\/?s={search_term_string}\"},\"query-input\":{\"@type\":\"PropertyValueSpecification\",\"valueRequired\":true,\"valueName\":\"search_term_string\"}}],\"inLanguage\":\"pt-PT\"},{\"@type\":\"Organization\",\"@id\":\"https:\\\/\\\/hengxingmachinery.com\\\/#organization\",\"name\":\"Hengxing Machinery\",\"url\":\"https:\\\/\\\/hengxingmachinery.com\\\/\",\"logo\":{\"@type\":\"ImageObject\",\"inLanguage\":\"pt-PT\",\"@id\":\"https:\\\/\\\/hengxingmachinery.com\\\/#\\\/schema\\\/logo\\\/image\\\/\",\"url\":\"https:\\\/\\\/hengxingmachinery.com\\\/wp-content\\\/uploads\\\/2024\\\/12\\\/logo.png\",\"contentUrl\":\"https:\\\/\\\/hengxingmachinery.com\\\/wp-content\\\/uploads\\\/2024\\\/12\\\/logo.png\",\"width\":400,\"height\":260,\"caption\":\"Hengxing Machinery\"},\"image\":{\"@id\":\"https:\\\/\\\/hengxingmachinery.com\\\/#\\\/schema\\\/logo\\\/image\\\/\"}}]}<\/script>\n<!-- \/ Yoast SEO plugin. -->","yoast_head_json":{"title":"4-1. Mesa vibrat\u00f3ria - Hengxing Machinery","robots":{"index":"index","follow":"follow","max-snippet":"max-snippet:-1","max-image-preview":"max-image-preview:large","max-video-preview":"max-video-preview:-1"},"canonical":"https:\/\/hengxingmachinery.com\/pt\/shaking-tables\/","og_locale":"pt_PT","og_type":"article","og_title":"4-1. Shaking table - Hengxing Machinery","og_description":"Shaking table Designs of shaking table Shaking table has three different deck designs available: (1) The course ore deck is designed for recovering particle sizes from 0.5 mm to 2 mm; (2) The fine sand deck is designed for recovering fine particles in the range of 0.074 mm to 0.5 mm; (3) The slime deck ... Ler mais","og_url":"https:\/\/hengxingmachinery.com\/pt\/shaking-tables\/","og_site_name":"Hengxing Machinery","article_modified_time":"2025-03-21T08:56:23+00:00","og_image":[{"url":"https:\/\/hengxingmachinery.com\/wp-content\/uploads\/2025\/03\/shaking-table-for-sale.jpg","type":"","width":"","height":""}],"twitter_card":"summary_large_image","twitter_misc":{"Tempo estimado de leitura":"2 minutos"},"schema":{"@context":"https:\/\/schema.org","@graph":[{"@type":"WebPage","@id":"https:\/\/hengxingmachinery.com\/shaking-tables\/","url":"https:\/\/hengxingmachinery.com\/shaking-tables\/","name":"4-1. Mesa vibrat\u00f3ria - Hengxing Machinery","isPartOf":{"@id":"https:\/\/hengxingmachinery.com\/#website"},"primaryImageOfPage":{"@id":"https:\/\/hengxingmachinery.com\/shaking-tables\/#primaryimage"},"image":{"@id":"https:\/\/hengxingmachinery.com\/shaking-tables\/#primaryimage"},"thumbnailUrl":"https:\/\/hengxingmachinery.com\/wp-content\/uploads\/2025\/03\/shaking-table-for-sale.jpg","datePublished":"2025-03-21T08:50:19+00:00","dateModified":"2025-03-21T08:56:23+00:00","breadcrumb":{"@id":"https:\/\/hengxingmachinery.com\/shaking-tables\/#breadcrumb"},"inLanguage":"pt-PT","potentialAction":[{"@type":"ReadAction","target":["https:\/\/hengxingmachinery.com\/shaking-tables\/"]}]},{"@type":"ImageObject","inLanguage":"pt-PT","@id":"https:\/\/hengxingmachinery.com\/shaking-tables\/#primaryimage","url":"https:\/\/hengxingmachinery.com\/wp-content\/uploads\/2025\/03\/shaking-table-for-sale.jpg","contentUrl":"https:\/\/hengxingmachinery.com\/wp-content\/uploads\/2025\/03\/shaking-table-for-sale.jpg"},{"@type":"BreadcrumbList","@id":"https:\/\/hengxingmachinery.com\/shaking-tables\/#breadcrumb","itemListElement":[{"@type":"ListItem","position":1,"name":"Home","item":"https:\/\/hengxingmachinery.com\/"},{"@type":"ListItem","position":2,"name":"4-1. Shaking table"}]},{"@type":"WebSite","@id":"https:\/\/hengxingmachinery.com\/#website","url":"https:\/\/hengxingmachinery.com\/","name":"M\u00e1quinas Hengxing","description":"Fabricante l\u00edder de todos os tipos de m\u00e1quinas de minera\u00e7\u00e3o","publisher":{"@id":"https:\/\/hengxingmachinery.com\/#organization"},"potentialAction":[{"@type":"SearchAction","target":{"@type":"EntryPoint","urlTemplate":"https:\/\/hengxingmachinery.com\/?s={search_term_string}"},"query-input":{"@type":"PropertyValueSpecification","valueRequired":true,"valueName":"search_term_string"}}],"inLanguage":"pt-PT"},{"@type":"Organization","@id":"https:\/\/hengxingmachinery.com\/#organization","name":"M\u00e1quinas Hengxing","url":"https:\/\/hengxingmachinery.com\/","logo":{"@type":"ImageObject","inLanguage":"pt-PT","@id":"https:\/\/hengxingmachinery.com\/#\/schema\/logo\/image\/","url":"https:\/\/hengxingmachinery.com\/wp-content\/uploads\/2024\/12\/logo.png","contentUrl":"https:\/\/hengxingmachinery.com\/wp-content\/uploads\/2024\/12\/logo.png","width":400,"height":260,"caption":"Hengxing Machinery"},"image":{"@id":"https:\/\/hengxingmachinery.com\/#\/schema\/logo\/image\/"}}]}},"_links":{"self":[{"href":"https:\/\/hengxingmachinery.com\/pt\/wp-json\/wp\/v2\/pages\/2538","targetHints":{"allow":["GET"]}}],"collection":[{"href":"https:\/\/hengxingmachinery.com\/pt\/wp-json\/wp\/v2\/pages"}],"about":[{"href":"https:\/\/hengxingmachinery.com\/pt\/wp-json\/wp\/v2\/types\/page"}],"author":[{"embeddable":true,"href":"https:\/\/hengxingmachinery.com\/pt\/wp-json\/wp\/v2\/users\/1"}],"replies":[{"embeddable":true,"href":"https:\/\/hengxingmachinery.com\/pt\/wp-json\/wp\/v2\/comments?post=2538"}],"version-history":[{"count":4,"href":"https:\/\/hengxingmachinery.com\/pt\/wp-json\/wp\/v2\/pages\/2538\/revisions"}],"predecessor-version":[{"id":2585,"href":"https:\/\/hengxingmachinery.com\/pt\/wp-json\/wp\/v2\/pages\/2538\/revisions\/2585"}],"wp:attachment":[{"href":"https:\/\/hengxingmachinery.com\/pt\/wp-json\/wp\/v2\/media?parent=2538"}],"curies":[{"name":"wp","href":"https:\/\/api.w.org\/{rel}","templated":true}]}}