{"id":2545,"date":"2025-03-21T10:24:18","date_gmt":"2025-03-21T10:24:18","guid":{"rendered":"https:\/\/hengxingmachinery.com\/?page_id=2545"},"modified":"2025-03-21T10:24:20","modified_gmt":"2025-03-21T10:24:20","slug":"apron-feeders","status":"publish","type":"page","link":"https:\/\/hengxingmachinery.com\/pt\/apron-feeders\/","title":{"rendered":"1-1. Alimentador de esteira"},"content":{"rendered":"<div class=\"gb-container gb-container-45165f5a\">\n<div class=\"gb-container gb-container-c2652eb4\">\n\n<h1 class=\"gb-headline gb-headline-62a8b2cc gb-headline-text\">Alimentador de avental<\/h1>\n\n<\/div>\n<\/div>\n\n<div class=\"gb-container gb-container-519cf624\">\n<div class=\"gb-container gb-container-71ca071e\">\n<div class=\"gb-grid-wrapper gb-grid-wrapper-8a5f0688\">\n<div class=\"gb-grid-column gb-grid-column-1e99b1c2\"><div class=\"gb-container gb-container-1e99b1c2\">\n\n<figure class=\"gb-block-image gb-block-image-e4eaba54\"><img decoding=\"async\" width=\"665\" height=\"545\" class=\"gb-image gb-image-e4eaba54\" src=\"https:\/\/hengxingmachinery.com\/wp-content\/uploads\/2025\/03\/apron-feeder-sale.jpg\" alt=\"\" title=\"venda-de-alimentador-de-correia\" srcset=\"https:\/\/hengxingmachinery.com\/wp-content\/uploads\/2025\/03\/apron-feeder-sale.jpg 665w, https:\/\/hengxingmachinery.com\/wp-content\/uploads\/2025\/03\/apron-feeder-sale-300x246.jpg 300w, https:\/\/hengxingmachinery.com\/wp-content\/uploads\/2025\/03\/apron-feeder-sale-15x12.jpg 15w\" sizes=\"(max-width: 665px) 100vw, 665px\" \/><\/figure>\n\n<\/div><\/div>\n\n<div class=\"gb-grid-column gb-grid-column-bcae065b\"><div class=\"gb-container gb-container-bcae065b\">\n\n<p>Alimentador de placas, tamb\u00e9m conhecido como alimentador de avental, \u00e9 utilizado principalmente para fornecer e transferir de forma cont\u00ednua e uniforme diversas pedras grandes e pesadas e min\u00e9rios para britadores. \u00c9 um dos equipamentos importantes e indispens\u00e1veis no processamento de min\u00e9rios e mat\u00e9rias-primas e na produ\u00e7\u00e3o cont\u00ednua.<\/p>\n\n\n\n<p><strong><mark style=\"background-color:rgba(0, 0, 0, 0)\" class=\"has-inline-color has-global-color-8-color\">Tamanho da alimenta\u00e7\u00e3o: <\/mark><\/strong>160-700 mm<\/p>\n\n\n\n<p><strong><mark style=\"background-color:rgba(0, 0, 0, 0)\" class=\"has-inline-color has-global-color-8-color\">Capacidade de produ\u00e7\u00e3o: <\/mark><\/strong>20-500 t\/h<\/p>\n\n\n\n<p><strong><mark style=\"background-color:rgba(0, 0, 0, 0)\" class=\"has-inline-color has-global-color-8-color\">Materiais aplic\u00e1veis: <\/mark><\/strong>Materiais a granel com densidade aparente n\u00e3o superior a 1,2 t\/m\u00b3, peso do bloco n\u00e3o superior a 140 kg e temperatura n\u00e3o superior a 350 \u00b0C.<\/p>\n\n\n\n<p>O alimentador de placas pode ser utilizado para alimenta\u00e7\u00e3o cont\u00ednua e uniforme do britador prim\u00e1rio na oficina de britagem e classifica\u00e7\u00e3o em grande escala em usinas de beneficiamento de min\u00e9rio, cimento, materiais de constru\u00e7\u00e3o e outros setores. <\/p>\n\n\n\n<p>Possui as vantagens de grande tra\u00e7\u00e3o, pouca fuga de material, opera\u00e7\u00e3o est\u00e1vel, longa vida \u00fatil e manuten\u00e7\u00e3o conveniente.<\/p>\n\n\n<div class=\"gb-container gb-container-256e15f1\">\n\n<a class=\"gb-button gb-button-e8b73d89 gb-button-text\" href=\"#popmake-622\">Obtenha uma cota\u00e7\u00e3o gratuita agora<\/a>\n\n<\/div>\n<\/div><\/div>\n<\/div>\n<\/div>\n<\/div>\n\n<div class=\"gb-container gb-container-3a930c38\">\n<div class=\"gb-container gb-container-8a36e90a\">\n\n<h2 class=\"gb-headline gb-headline-a5d3273c gb-headline-text\">Vantagens do alimentador de placas<\/h2>\n\n\n\n<figure class=\"gb-block-image gb-block-image-1c359176\"><img decoding=\"async\" width=\"800\" height=\"500\" class=\"gb-image gb-image-1c359176\" src=\"https:\/\/hengxingmachinery.com\/wp-content\/uploads\/2025\/03\/apron-feeder-working.jpg\" alt=\"\" title=\"funcionamento-do-alimentador-de-correia\" srcset=\"https:\/\/hengxingmachinery.com\/wp-content\/uploads\/2025\/03\/apron-feeder-working.jpg 800w, https:\/\/hengxingmachinery.com\/wp-content\/uploads\/2025\/03\/apron-feeder-working-300x188.jpg 300w, https:\/\/hengxingmachinery.com\/wp-content\/uploads\/2025\/03\/apron-feeder-working-768x480.jpg 768w, https:\/\/hengxingmachinery.com\/wp-content\/uploads\/2025\/03\/apron-feeder-working-18x12.jpg 18w\" sizes=\"(max-width: 800px) 100vw, 800px\" \/><\/figure>\n\n\n\n<p><strong>01. Estrutura avan\u00e7ada e bem fabricado<\/strong><\/p>\n\n\n\n<p>O alimentador de placas possui uma estrutura avan\u00e7ada e adota um novo conceito tecnol\u00f3gico para o processo de fabrica\u00e7\u00e3o. Especialmente para os acess\u00f3rios do equipamento, a resist\u00eancia ao desgaste \u00e9 aumentada, n\u00e3o apenas utilizando materiais de alta resist\u00eancia ao desgaste, mas tamb\u00e9m passando por um processo de tratamento t\u00e9rmico.<\/p>\n\n\n\n<p><strong>02. Alto grau de automa\u00e7\u00e3o<\/strong><\/p>\n\n\n\n<p>Possui vantagens no dispositivo de acionamento dos acess\u00f3rios do equipamento, estrutura de alimenta\u00e7\u00e3o, trilho de rolamento e bandeja, resist\u00eancia ao desgaste do canal, tecnologia de controle autom\u00e1tico, etc. Ao mesmo tempo, pode completar o projeto, fabrica\u00e7\u00e3o e instala\u00e7\u00e3o autom\u00e1ticos do sistema de alimenta\u00e7\u00e3o.<\/p>\n\n\n\n<p><strong>03. Qualidade confi\u00e1vel<\/strong><\/p>\n\n\n\n<p>A corrente de tra\u00e7\u00e3o e a corrente de carga s\u00e3o separadas, a carga din\u00e2mica \u00e9 pequena e a vida \u00fatil \u00e9 aumentada. Excelente sele\u00e7\u00e3o de materiais, qualidade confi\u00e1vel e boa intercambialidade.<\/p>\n\n\n\n<p><strong>04. Baixa taxa de falhas<\/strong><\/p>\n\n\n\n<p>O dispositivo de cauda do alimentador de placas adota um design especial, adequado para \u00e1reas chuvosas e \u00famidas, e n\u00e3o causa o salto de dentes da corrente devido ao ac\u00famulo de materiais aderentes na cauda, o que afetaria a produ\u00e7\u00e3o.<\/p>\n\n\n<div class=\"gb-container gb-container-96208927\">\n\n<a class=\"gb-button gb-button-429870c5 gb-button-text\" href=\"#popmake-622\">Obtenha uma cota\u00e7\u00e3o gratuita agora<\/a>\n\n<\/div>\n<\/div>\n<\/div>\n\n<div class=\"gb-container gb-container-3e2eccee\">\n<div class=\"gb-container gb-container-438f6c67\">\n\n<h2 class=\"gb-headline gb-headline-cf266da7 gb-headline-text\">Princ\u00edpio de funcionamento do alimentador de placas<\/h2>\n\n\n\n<figure class=\"gb-block-image gb-block-image-06ba0eea\"><img decoding=\"async\" width=\"800\" height=\"500\" class=\"gb-image gb-image-06ba0eea\" src=\"https:\/\/hengxingmachinery.com\/wp-content\/uploads\/2025\/03\/apron-feeder-features.jpg\" alt=\"\" title=\"caracter\u00edsticas-do-alimentador-de-correia\" srcset=\"https:\/\/hengxingmachinery.com\/wp-content\/uploads\/2025\/03\/apron-feeder-features.jpg 800w, https:\/\/hengxingmachinery.com\/wp-content\/uploads\/2025\/03\/apron-feeder-features-300x188.jpg 300w, https:\/\/hengxingmachinery.com\/wp-content\/uploads\/2025\/03\/apron-feeder-features-768x480.jpg 768w, https:\/\/hengxingmachinery.com\/wp-content\/uploads\/2025\/03\/apron-feeder-features-18x12.jpg 18w\" sizes=\"(max-width: 800px) 100vw, 800px\" \/><\/figure>\n\n\n\n<p>O alimentador de placas \u00e9 acionado por um motor e um redutor para girar a roda dentada da cabe\u00e7a com estrutura de entalhe, de modo que a corrente de tra\u00e7\u00e3o engrenada com a roda dentada puxar\u00e1 o canal de transporte contendo o material para avan\u00e7ar. <\/p>\n\n\n\n<p>Mecanismo de transporte \u2013 a corrente de tra\u00e7\u00e3o corre sobre as rodas de apoio, e as rodas de apoio sustentam o canal de transporte e suportam o peso do material e dos componentes em movimento. <\/p>\n\n\n\n<p>O material \u00e9 empurrado da tremonha de armazenamento acima da cauda para o canal de transporte e, em seguida, avan\u00e7a com o canal de transporte at\u00e9 a calha da tampa da cabe\u00e7a para ser descarregado.<\/p>\n\n\n<div class=\"gb-container gb-container-72a2e461\">\n\n<a class=\"gb-button gb-button-e6e6000a gb-button-text\" href=\"#popmake-622\">Obtenha uma cota\u00e7\u00e3o gratuita agora<\/a>\n\n<\/div>\n<\/div>\n<\/div>\n\n<div class=\"gb-container gb-container-435ad261\">\n<div class=\"gb-container gb-container-7dc79cc4\">\n\n<h2 class=\"gb-headline gb-headline-6fe5dee2 gb-headline-text\">Especifica\u00e7\u00f5es do alimentador de placas<\/h2>\n\n\n\n<figure class=\"wp-block-table\"><table class=\"has-fixed-layout\"><tbody><tr><td rowspan=\"2\">\u00a0 Modelo<\/td><td rowspan=\"2\">Largura do canal<br>\u00a0 (mil\u00edmetros)<\/td><td>Eixo da cabe\u00e7a e cauda (mm)<\/td><td rowspan=\"2\">Velocidade<br>(m\/s)<\/td><td rowspan=\"2\">Tamanho de alimenta\u00e7\u00e3o<br>(mil\u00edmetros)<\/td><td>Capacidade de processamento (t\/h)<\/td><td>Pot\u00eancia do motor (kW)<\/td><td rowspan=\"2\">\u00a0 Dimens\u00f5es<br>\u00a0 (mil\u00edmetros)<\/td><td>Peso (t)<\/td><\/tr><tr><td><\/td><td><\/td><td><\/td><td><\/td><\/tr><tr><td>XBW100<\/td><td>&nbsp; 1000&nbsp;<\/td><td>6000&nbsp;<\/td><td>0.01-0.1<\/td><td>\u2264500<\/td><td>80-160<\/td><td>11&nbsp;<\/td><td>86200\u00d74960\u00d71600<\/td><td>&nbsp; 15&nbsp;<\/td><\/tr><tr><td>XBW120<\/td><td>1200&nbsp;<\/td><td>11000&nbsp;<\/td><td>0.01-0.1<\/td><td>\u2264600<\/td><td>50-100<\/td><td>15&nbsp;<\/td><td>11463\u00d75029\u00d72860<\/td><td>23.5&nbsp;<\/td><\/tr><tr><td>XBW125<\/td><td>1250&nbsp;<\/td><td>6000&nbsp;<\/td><td>0.014-0.8<\/td><td>\u2264800<\/td><td>45-150<\/td><td>11&nbsp;<\/td><td>8620\u00d75240\u00d71950<\/td><td>18.9&nbsp;<\/td><\/tr><tr><td>XBW140<\/td><td>1400&nbsp;<\/td><td>16000&nbsp;<\/td><td>0.006-0.06<\/td><td>\u2264900<\/td><td>20-200<\/td><td>22&nbsp;<\/td><td>18310\u00d76447\u00d72030<\/td><td>45.9&nbsp;<\/td><\/tr><tr><td>XBW150<\/td><td>&nbsp; 1500&nbsp;<\/td><td>10500&nbsp;<\/td><td>0.006-0.06<\/td><td>\u2264700<\/td><td>61-610<\/td><td>22&nbsp;<\/td><td>12850\u00d75595\u00d71705<\/td><td>49.4&nbsp;<\/td><\/tr><tr><td>XBW160<\/td><td>&nbsp; 1600&nbsp;<\/td><td>&nbsp; 6000&nbsp;<\/td><td>0.017-0.17<\/td><td>\u2264800<\/td><td>\u2264500<\/td><td>22&nbsp;<\/td><td>8354\u00d76099\u00d72100<\/td><td>25.5&nbsp;<\/td><\/tr><tr><td>XBZ160<\/td><td>&nbsp; 1600&nbsp;<\/td><td>&nbsp; 9000&nbsp;<\/td><td>0.01-0.07<\/td><td>&nbsp;\u22641000<\/td><td>\u2264500<\/td><td>30&nbsp;<\/td><td>11250\u00d74153\u00d72890<\/td><td>&nbsp; 50&nbsp;<\/td><\/tr><tr><td>XBZ180<\/td><td>&nbsp; 1800&nbsp;<\/td><td>&nbsp; 8000&nbsp;<\/td><td>0.01-0.07<\/td><td>&nbsp;\u22641000<\/td><td>\u2264500<\/td><td>37&nbsp;<\/td><td>10250\u00d74353\u00d72890<\/td><td>59&nbsp;<\/td><\/tr><tr><td>XBZ200<\/td><td>2000&nbsp;<\/td><td>&nbsp; 9800&nbsp;<\/td><td>0.01-0.07<\/td><td>&nbsp;\u22641000<\/td><td>\u2264700<\/td><td>45&nbsp;<\/td><td>12000\u00d74553\u00d72890<\/td><td>&nbsp; 82&nbsp;<\/td><\/tr><tr><td>XBZ220<\/td><td>2200&nbsp;<\/td><td>10000&nbsp;<\/td><td>0.01-0.07<\/td><td>&nbsp;\u22641200<\/td><td>\u2264800<\/td><td>45&nbsp;<\/td><td>12000\u00d74753\u00d72890<\/td><td>85&nbsp;<\/td><\/tr><tr><td>XBZ230<\/td><td>2300&nbsp;<\/td><td>10000&nbsp;<\/td><td>0.01-0.07<\/td><td>\u22641500<\/td><td>\u2264850<\/td><td>55&nbsp;<\/td><td>12000\u00d74853\u00d72890<\/td><td>86&nbsp;<\/td><\/tr><tr><td>XBZ240<\/td><td>2400&nbsp;<\/td><td>10000&nbsp;<\/td><td>0.02-0.06<\/td><td>\u22641600<\/td><td>550-900<\/td><td>2\u00d737<\/td><td>12000\u00d74953\u00d72890<\/td><td>&nbsp; 95&nbsp;<\/td><\/tr><tr><td>XBZ250<\/td><td>2500&nbsp;<\/td><td>11460&nbsp;<\/td><td>0.01-0.07<\/td><td>\u22641800<\/td><td>100-1000<\/td><td>2\u00d745<\/td><td>12000\u00d75053\u00d72890<\/td><td>&nbsp; 105&nbsp;<\/td><\/tr><tr><td>XBW180<\/td><td>&nbsp;&nbsp; 1800&nbsp;<\/td><td>8000&nbsp;<\/td><td>0.022-0.046<\/td><td>\u2264800<\/td><td>30-320<\/td><td>37&nbsp;<\/td><td>10300\u00d74295\u00d73650<\/td><td>&nbsp; 53&nbsp;<\/td><\/tr><tr><td>XBW220<\/td><td>&nbsp; 2200&nbsp;<\/td><td>10000&nbsp;<\/td><td>0.018-0.055<\/td><td>\u22641500<\/td><td>220-680<\/td><td>&nbsp; 45&nbsp;<\/td><td>12650\u00d74495\u00d73350<\/td><td>&nbsp;80.4&nbsp;<\/td><\/tr><\/tbody><\/table><\/figure>\n\n\n<div class=\"gb-container gb-container-263d9700\">\n\n<a class=\"gb-button gb-button-a4cbb7be gb-button-text\" href=\"#popmake-622\">Obtenha uma cota\u00e7\u00e3o gratuita agora<\/a>\n\n<\/div>\n<\/div>\n<\/div>","protected":false},"excerpt":{"rendered":"<p>Apron feeder Apron feeder advantages 01. Advanced structure and well-made The apron feeder has an advanced structure and adopts a new technological concept to make the production process. Especially for the accessories of the equipment, the wear resistance is increased, not only using high wear resistance materials, but also undergoing a heat treatment process. 02. &#8230; <\/p>\n<p class=\"read-more-container\"><a title=\"1-1. Alimentador de esteira\" class=\"read-more button\" href=\"https:\/\/hengxingmachinery.com\/pt\/apron-feeders\/#more-2545\" aria-label=\"Leia mais sobre 1-1. Apron feeder\">Ler mais<\/a><\/p>","protected":false},"author":1,"featured_media":0,"parent":0,"menu_order":0,"comment_status":"closed","ping_status":"closed","template":"","meta":{"footnotes":""},"class_list":["post-2545","page","type-page","status-publish"],"yoast_head":"<!-- This site is optimized with the Yoast SEO plugin v27.4 - https:\/\/yoast.com\/product\/yoast-seo-wordpress\/ -->\n<title>1-1. Apron feeder - Hengxing Machinery<\/title>\n<meta name=\"robots\" content=\"index, follow, max-snippet:-1, max-image-preview:large, max-video-preview:-1\" \/>\n<link rel=\"canonical\" href=\"https:\/\/hengxingmachinery.com\/pt\/apron-feeders\/\" \/>\n<meta property=\"og:locale\" content=\"pt_PT\" \/>\n<meta property=\"og:type\" content=\"article\" \/>\n<meta property=\"og:title\" content=\"1-1. Apron feeder - Hengxing Machinery\" \/>\n<meta property=\"og:description\" content=\"Apron feeder Apron feeder advantages 01. Advanced structure and well-made The apron feeder has an advanced structure and adopts a new technological concept to make the production process. Especially for the accessories of the equipment, the wear resistance is increased, not only using high wear resistance materials, but also undergoing a heat treatment process. 02. ... Ler mais\" \/>\n<meta property=\"og:url\" content=\"https:\/\/hengxingmachinery.com\/pt\/apron-feeders\/\" \/>\n<meta property=\"og:site_name\" content=\"Hengxing Machinery\" \/>\n<meta property=\"article:modified_time\" content=\"2025-03-21T10:24:20+00:00\" \/>\n<meta property=\"og:image\" content=\"https:\/\/hengxingmachinery.com\/wp-content\/uploads\/2025\/03\/apron-feeder-sale.jpg\" \/>\n<meta name=\"twitter:card\" content=\"summary_large_image\" \/>\n<meta name=\"twitter:label1\" content=\"Tempo estimado de leitura\" \/>\n\t<meta name=\"twitter:data1\" content=\"4 minutos\" \/>\n<script type=\"application\/ld+json\" class=\"yoast-schema-graph\">{\"@context\":\"https:\\\/\\\/schema.org\",\"@graph\":[{\"@type\":\"WebPage\",\"@id\":\"https:\\\/\\\/hengxingmachinery.com\\\/apron-feeders\\\/\",\"url\":\"https:\\\/\\\/hengxingmachinery.com\\\/apron-feeders\\\/\",\"name\":\"1-1. Apron feeder - Hengxing Machinery\",\"isPartOf\":{\"@id\":\"https:\\\/\\\/hengxingmachinery.com\\\/#website\"},\"primaryImageOfPage\":{\"@id\":\"https:\\\/\\\/hengxingmachinery.com\\\/apron-feeders\\\/#primaryimage\"},\"image\":{\"@id\":\"https:\\\/\\\/hengxingmachinery.com\\\/apron-feeders\\\/#primaryimage\"},\"thumbnailUrl\":\"https:\\\/\\\/hengxingmachinery.com\\\/wp-content\\\/uploads\\\/2025\\\/03\\\/apron-feeder-sale.jpg\",\"datePublished\":\"2025-03-21T10:24:18+00:00\",\"dateModified\":\"2025-03-21T10:24:20+00:00\",\"breadcrumb\":{\"@id\":\"https:\\\/\\\/hengxingmachinery.com\\\/apron-feeders\\\/#breadcrumb\"},\"inLanguage\":\"pt-PT\",\"potentialAction\":[{\"@type\":\"ReadAction\",\"target\":[\"https:\\\/\\\/hengxingmachinery.com\\\/apron-feeders\\\/\"]}]},{\"@type\":\"ImageObject\",\"inLanguage\":\"pt-PT\",\"@id\":\"https:\\\/\\\/hengxingmachinery.com\\\/apron-feeders\\\/#primaryimage\",\"url\":\"https:\\\/\\\/hengxingmachinery.com\\\/wp-content\\\/uploads\\\/2025\\\/03\\\/apron-feeder-sale.jpg\",\"contentUrl\":\"https:\\\/\\\/hengxingmachinery.com\\\/wp-content\\\/uploads\\\/2025\\\/03\\\/apron-feeder-sale.jpg\"},{\"@type\":\"BreadcrumbList\",\"@id\":\"https:\\\/\\\/hengxingmachinery.com\\\/apron-feeders\\\/#breadcrumb\",\"itemListElement\":[{\"@type\":\"ListItem\",\"position\":1,\"name\":\"Home\",\"item\":\"https:\\\/\\\/hengxingmachinery.com\\\/\"},{\"@type\":\"ListItem\",\"position\":2,\"name\":\"1-1. Apron feeder\"}]},{\"@type\":\"WebSite\",\"@id\":\"https:\\\/\\\/hengxingmachinery.com\\\/#website\",\"url\":\"https:\\\/\\\/hengxingmachinery.com\\\/\",\"name\":\"Hengxing Machinery\",\"description\":\"Leading Manufacturer of All Sorts of Mining Machinery\",\"publisher\":{\"@id\":\"https:\\\/\\\/hengxingmachinery.com\\\/#organization\"},\"potentialAction\":[{\"@type\":\"SearchAction\",\"target\":{\"@type\":\"EntryPoint\",\"urlTemplate\":\"https:\\\/\\\/hengxingmachinery.com\\\/?s={search_term_string}\"},\"query-input\":{\"@type\":\"PropertyValueSpecification\",\"valueRequired\":true,\"valueName\":\"search_term_string\"}}],\"inLanguage\":\"pt-PT\"},{\"@type\":\"Organization\",\"@id\":\"https:\\\/\\\/hengxingmachinery.com\\\/#organization\",\"name\":\"Hengxing Machinery\",\"url\":\"https:\\\/\\\/hengxingmachinery.com\\\/\",\"logo\":{\"@type\":\"ImageObject\",\"inLanguage\":\"pt-PT\",\"@id\":\"https:\\\/\\\/hengxingmachinery.com\\\/#\\\/schema\\\/logo\\\/image\\\/\",\"url\":\"https:\\\/\\\/hengxingmachinery.com\\\/wp-content\\\/uploads\\\/2024\\\/12\\\/logo.png\",\"contentUrl\":\"https:\\\/\\\/hengxingmachinery.com\\\/wp-content\\\/uploads\\\/2024\\\/12\\\/logo.png\",\"width\":400,\"height\":260,\"caption\":\"Hengxing Machinery\"},\"image\":{\"@id\":\"https:\\\/\\\/hengxingmachinery.com\\\/#\\\/schema\\\/logo\\\/image\\\/\"}}]}<\/script>\n<!-- \/ Yoast SEO plugin. -->","yoast_head_json":{"title":"1-1. Alimentador de avental - Hengxing Machinery","robots":{"index":"index","follow":"follow","max-snippet":"max-snippet:-1","max-image-preview":"max-image-preview:large","max-video-preview":"max-video-preview:-1"},"canonical":"https:\/\/hengxingmachinery.com\/pt\/apron-feeders\/","og_locale":"pt_PT","og_type":"article","og_title":"1-1. Apron feeder - Hengxing Machinery","og_description":"Apron feeder Apron feeder advantages 01. Advanced structure and well-made The apron feeder has an advanced structure and adopts a new technological concept to make the production process. Especially for the accessories of the equipment, the wear resistance is increased, not only using high wear resistance materials, but also undergoing a heat treatment process. 02. ... Ler mais","og_url":"https:\/\/hengxingmachinery.com\/pt\/apron-feeders\/","og_site_name":"Hengxing Machinery","article_modified_time":"2025-03-21T10:24:20+00:00","og_image":[{"url":"https:\/\/hengxingmachinery.com\/wp-content\/uploads\/2025\/03\/apron-feeder-sale.jpg","type":"","width":"","height":""}],"twitter_card":"summary_large_image","twitter_misc":{"Tempo estimado de leitura":"4 minutos"},"schema":{"@context":"https:\/\/schema.org","@graph":[{"@type":"WebPage","@id":"https:\/\/hengxingmachinery.com\/apron-feeders\/","url":"https:\/\/hengxingmachinery.com\/apron-feeders\/","name":"1-1. Alimentador de avental - Hengxing Machinery","isPartOf":{"@id":"https:\/\/hengxingmachinery.com\/#website"},"primaryImageOfPage":{"@id":"https:\/\/hengxingmachinery.com\/apron-feeders\/#primaryimage"},"image":{"@id":"https:\/\/hengxingmachinery.com\/apron-feeders\/#primaryimage"},"thumbnailUrl":"https:\/\/hengxingmachinery.com\/wp-content\/uploads\/2025\/03\/apron-feeder-sale.jpg","datePublished":"2025-03-21T10:24:18+00:00","dateModified":"2025-03-21T10:24:20+00:00","breadcrumb":{"@id":"https:\/\/hengxingmachinery.com\/apron-feeders\/#breadcrumb"},"inLanguage":"pt-PT","potentialAction":[{"@type":"ReadAction","target":["https:\/\/hengxingmachinery.com\/apron-feeders\/"]}]},{"@type":"ImageObject","inLanguage":"pt-PT","@id":"https:\/\/hengxingmachinery.com\/apron-feeders\/#primaryimage","url":"https:\/\/hengxingmachinery.com\/wp-content\/uploads\/2025\/03\/apron-feeder-sale.jpg","contentUrl":"https:\/\/hengxingmachinery.com\/wp-content\/uploads\/2025\/03\/apron-feeder-sale.jpg"},{"@type":"BreadcrumbList","@id":"https:\/\/hengxingmachinery.com\/apron-feeders\/#breadcrumb","itemListElement":[{"@type":"ListItem","position":1,"name":"Home","item":"https:\/\/hengxingmachinery.com\/"},{"@type":"ListItem","position":2,"name":"1-1. Apron feeder"}]},{"@type":"WebSite","@id":"https:\/\/hengxingmachinery.com\/#website","url":"https:\/\/hengxingmachinery.com\/","name":"M\u00e1quinas Hengxing","description":"Fabricante l\u00edder de todos os tipos de m\u00e1quinas de minera\u00e7\u00e3o","publisher":{"@id":"https:\/\/hengxingmachinery.com\/#organization"},"potentialAction":[{"@type":"SearchAction","target":{"@type":"EntryPoint","urlTemplate":"https:\/\/hengxingmachinery.com\/?s={search_term_string}"},"query-input":{"@type":"PropertyValueSpecification","valueRequired":true,"valueName":"search_term_string"}}],"inLanguage":"pt-PT"},{"@type":"Organization","@id":"https:\/\/hengxingmachinery.com\/#organization","name":"M\u00e1quinas Hengxing","url":"https:\/\/hengxingmachinery.com\/","logo":{"@type":"ImageObject","inLanguage":"pt-PT","@id":"https:\/\/hengxingmachinery.com\/#\/schema\/logo\/image\/","url":"https:\/\/hengxingmachinery.com\/wp-content\/uploads\/2024\/12\/logo.png","contentUrl":"https:\/\/hengxingmachinery.com\/wp-content\/uploads\/2024\/12\/logo.png","width":400,"height":260,"caption":"Hengxing Machinery"},"image":{"@id":"https:\/\/hengxingmachinery.com\/#\/schema\/logo\/image\/"}}]}},"_links":{"self":[{"href":"https:\/\/hengxingmachinery.com\/pt\/wp-json\/wp\/v2\/pages\/2545","targetHints":{"allow":["GET"]}}],"collection":[{"href":"https:\/\/hengxingmachinery.com\/pt\/wp-json\/wp\/v2\/pages"}],"about":[{"href":"https:\/\/hengxingmachinery.com\/pt\/wp-json\/wp\/v2\/types\/page"}],"author":[{"embeddable":true,"href":"https:\/\/hengxingmachinery.com\/pt\/wp-json\/wp\/v2\/users\/1"}],"replies":[{"embeddable":true,"href":"https:\/\/hengxingmachinery.com\/pt\/wp-json\/wp\/v2\/comments?post=2545"}],"version-history":[{"count":2,"href":"https:\/\/hengxingmachinery.com\/pt\/wp-json\/wp\/v2\/pages\/2545\/revisions"}],"predecessor-version":[{"id":2687,"href":"https:\/\/hengxingmachinery.com\/pt\/wp-json\/wp\/v2\/pages\/2545\/revisions\/2687"}],"wp:attachment":[{"href":"https:\/\/hengxingmachinery.com\/pt\/wp-json\/wp\/v2\/media?parent=2545"}],"curies":[{"name":"wp","href":"https:\/\/api.w.org\/{rel}","templated":true}]}}