{"id":2588,"date":"2025-03-21T09:41:17","date_gmt":"2025-03-21T09:41:17","guid":{"rendered":"https:\/\/hengxingmachinery.com\/?page_id=2588"},"modified":"2025-03-21T09:41:18","modified_gmt":"2025-03-21T09:41:18","slug":"linear-vibrating-screen","status":"publish","type":"page","link":"https:\/\/hengxingmachinery.com\/pt\/linear-vibrating-screen\/","title":{"rendered":"4-1. Peneira vibrat\u00f3ria linear"},"content":{"rendered":"<div class=\"gb-container gb-container-45165f5a\">\n<div class=\"gb-container gb-container-c2652eb4\">\n\n<h1 class=\"gb-headline gb-headline-62a8b2cc gb-headline-text\">Peneira vibrat\u00f3ria linear<\/h1>\n\n<\/div>\n<\/div>\n\n<div class=\"gb-container gb-container-519cf624\">\n<div class=\"gb-container gb-container-71ca071e\">\n<div class=\"gb-grid-wrapper gb-grid-wrapper-8a5f0688\">\n<div class=\"gb-grid-column gb-grid-column-1e99b1c2\"><div class=\"gb-container gb-container-1e99b1c2\">\n\n<figure class=\"gb-block-image gb-block-image-e4eaba54\"><img decoding=\"async\" width=\"665\" height=\"545\" class=\"gb-image gb-image-e4eaba54\" src=\"https:\/\/hengxingmachinery.com\/wp-content\/uploads\/2025\/03\/linear-vibrating-screen-machine.jpg\" alt=\"\" title=\"M\u00e1quina de peneira vibrat\u00f3ria linear\" srcset=\"https:\/\/hengxingmachinery.com\/wp-content\/uploads\/2025\/03\/linear-vibrating-screen-machine.jpg 665w, https:\/\/hengxingmachinery.com\/wp-content\/uploads\/2025\/03\/linear-vibrating-screen-machine-300x246.jpg 300w, https:\/\/hengxingmachinery.com\/wp-content\/uploads\/2025\/03\/linear-vibrating-screen-machine-15x12.jpg 15w\" sizes=\"(max-width: 665px) 100vw, 665px\" \/><\/figure>\n\n<\/div><\/div>\n\n<div class=\"gb-grid-column gb-grid-column-bcae065b\"><div class=\"gb-container gb-container-bcae065b\">\n\n<p><\/p>\n\n\n\n<p>A mesa vibrat\u00f3ria \u00e9 um dos principais equipamentos de concentra\u00e7\u00e3o grav\u00edtica. \u00c9 amplamente aplicada na separa\u00e7\u00e3o de tungst\u00eanio, estanho, t\u00e2ntalo-ni\u00f3bio e outros metais raros, bem como de min\u00e9rios de metais nobres. <\/p>\n\n\n\n<p>Tamb\u00e9m \u00e9 amplamente utilizada na separa\u00e7\u00e3o de ouro, prata, estanho, ni\u00f3bio, t\u00e2ntalo, tit\u00e2nio, b\u00e1rio, tungst\u00eanio, ferro, cromo, mangan\u00eas, zirc\u00f4nio, chumbo, zinco, merc\u00fario, cobre, alum\u00ednio, etc. O escopo efetivo de reciclagem granulom\u00e9trica da mesa vibrat\u00f3ria \u00e9 de 2 a 0,22 mil\u00edmetros.<\/p>\n\n\n<div class=\"gb-container gb-container-256e15f1\">\n\n<a class=\"gb-button gb-button-e8b73d89 gb-button-text\" href=\"#popmake-622\">Obtenha uma cota\u00e7\u00e3o gratuita agora<\/a>\n\n<\/div>\n<\/div><\/div>\n<\/div>\n<\/div>\n<\/div>\n\n<div class=\"gb-container gb-container-c0200787\">\n<div class=\"gb-container gb-container-1d97c93d\">\n\n<h2 class=\"gb-headline gb-headline-3d5fa577 gb-headline-text\">Aplica\u00e7\u00e3o da peneira vibrat\u00f3ria linear<\/h2>\n\n\n\n<figure class=\"gb-block-image gb-block-image-230c53d3\"><img decoding=\"async\" width=\"800\" height=\"500\" class=\"gb-image gb-image-230c53d3\" src=\"https:\/\/hengxingmachinery.com\/wp-content\/uploads\/2025\/03\/linear-vibrating-screen-for-sale.jpg\" alt=\"\" title=\"Peneira vibrat\u00f3ria linear \u00e0 venda\" srcset=\"https:\/\/hengxingmachinery.com\/wp-content\/uploads\/2025\/03\/linear-vibrating-screen-for-sale.jpg 800w, https:\/\/hengxingmachinery.com\/wp-content\/uploads\/2025\/03\/linear-vibrating-screen-for-sale-300x188.jpg 300w, https:\/\/hengxingmachinery.com\/wp-content\/uploads\/2025\/03\/linear-vibrating-screen-for-sale-768x480.jpg 768w, https:\/\/hengxingmachinery.com\/wp-content\/uploads\/2025\/03\/linear-vibrating-screen-for-sale-18x12.jpg 18w\" sizes=\"(max-width: 800px) 100vw, 800px\" \/><\/figure>\n\n\n\n<p><\/p>\n\n\n\n<p>\u00c9 adequada para a peneira\u00e7\u00e3o de qualquer material seco com granulometria entre 0,74 mm e 5 mm, sendo o tamanho m\u00e1ximo de part\u00edcula de 10 mm. \u00c9 amplamente utilizada nas ind\u00fastrias qu\u00edmica, aliment\u00edcia, de pl\u00e1sticos, farmac\u00eautica, metal\u00fargica, de vidro, de materiais de constru\u00e7\u00e3o, de alimentos, de fertilizantes, de abrasivos, cer\u00e2mica e outras.<\/p>\n\n\n\n<p>1)<strong>Ind\u00fastria qu\u00edmica: <\/strong>resinas, pigmentos, medicamentos, graxas, tintas, paletas, etc.<\/p>\n\n\n\n<p>2)<strong>Ind\u00fastria de materiais abrasivos e cer\u00e2mica<\/strong>: areia de constru\u00e7\u00e3o, mica, alumina, abrasivos, materiais refrat\u00e1rios, polpas, etc.<\/p>\n\n\n\n<p>3)<strong>Ind\u00fastria aliment\u00edcia:<\/strong> a\u00e7\u00facar, sal, \u00e1lcali, glutamato monoss\u00f3dico, amido, leite em p\u00f3, levedura, p\u00f3len, aditivos alimentares, leite de soja, sucos, etc.<\/p>\n\n\n\n<p>4)<strong>Ind\u00fastria de papel e celulose: <\/strong>polpas de revestimento, efluentes, licor de papel e recupera\u00e7\u00e3o de \u00e1guas residuais, etc.<\/p>\n\n\n\n<p>5)<strong>Ind\u00fastria metal\u00fargica e de minera\u00e7\u00e3o: <\/strong>areia de quartzo, min\u00e9rio, \u00f3xido de tit\u00e2nio, \u00f3xido de zinco, etc.<\/p>\n\n\n\n<p>6)<strong>Ind\u00fastria mec\u00e2nica: <\/strong>areia de fundi\u00e7\u00e3o, metalurgia do p\u00f3, materiais eletromagn\u00e9ticos, p\u00f3s met\u00e1licos, etc.<\/p>\n\n\n<div class=\"gb-container gb-container-9eeb6cec\">\n\n<a class=\"gb-button gb-button-d1324b3c gb-button-text\" href=\"#popmake-622\">Obtenha uma cota\u00e7\u00e3o gratuita agora<\/a>\n\n<\/div>\n<\/div>\n<\/div>\n\n<div class=\"gb-container gb-container-ebd718b6\">\n<div class=\"gb-container gb-container-5c75b960\">\n\n<h2 class=\"gb-headline gb-headline-98859344 gb-headline-text\">Caracter\u00edsticas da peneira vibrat\u00f3ria linear<\/h2>\n\n\n\n<p>1) Produ\u00e7\u00e3o cont\u00ednua, classifica\u00e7\u00e3o e filtragem autom\u00e1tica em monocamada ou multicamadas.<\/p>\n\n\n\n<p>2) Boa veda\u00e7\u00e3o, sem emiss\u00e3o de poeira.<\/p>\n\n\n\n<p>3) Econ\u00f4mica e de baixo ru\u00eddo, equipada com motor vibrat\u00f3rio.<\/p>\n\n\n\n<p>4) Partida r\u00e1pida e parada suave.<\/p>\n\n\n\n<p>5) Instala\u00e7\u00e3o simples, opera\u00e7\u00e3o e manuten\u00e7\u00e3o f\u00e1ceis.<\/p>\n\n\n\n<p>6) Alta utiliza\u00e7\u00e3o da tela, grande \u00e1rea unit\u00e1ria, baixa propens\u00e3o a entupimentos e f\u00e1cil substitui\u00e7\u00e3o da tela.<\/p>\n\n\n\n<p>7) Peneiramento de alta precis\u00e3o, atingindo 96% ou mais, com grande capacidade de processamento.<\/p>\n\n\n<div class=\"gb-container gb-container-d6bbf16a\">\n\n<a class=\"gb-button gb-button-caa3f2bc gb-button-text\" href=\"#popmake-622\">Obtenha uma cota\u00e7\u00e3o gratuita agora<\/a>\n\n<\/div>\n<\/div>\n<\/div>\n\n<div class=\"gb-container gb-container-fe5a357d\">\n<div class=\"gb-container gb-container-02aab42a\">\n\n<h2 class=\"gb-headline gb-headline-c59afbb8 gb-headline-text\">Princ\u00edpio de funcionamento da peneira vibrat\u00f3ria linear<\/h2>\n\n\n\n<p>A peneira vibrat\u00f3ria linear \u00e9 composta principalmente pelo vibrador com blocos exc\u00eantricos, caixa de peneiramento, motor e dispositivo de suporte. Atrav\u00e9s do acoplamento flex\u00edvel, o motor aciona o bloco exc\u00eantrico do vibrador em alta velocidade rotacional, gerando for\u00e7a centr\u00edfuga, o que leva a caixa de peneiramento a realizar um movimento circular com determinada amplitude. Em seguida, os materiais na superf\u00edcie inclinada da tela s\u00e3o continuamente projetados pela for\u00e7a gerada pela caixa, realizando assim a classifica\u00e7\u00e3o.\u00a0<\/p>\n\n\n<div class=\"gb-container gb-container-e6e1dbf6\">\n\n<a class=\"gb-button gb-button-be43af21 gb-button-text\" href=\"#popmake-622\">Obtenha uma cota\u00e7\u00e3o gratuita agora<\/a>\n\n<\/div>\n<\/div>\n<\/div>\n\n<div class=\"gb-container gb-container-435ad261\">\n<div class=\"gb-container gb-container-7dc79cc4\">\n\n<h2 class=\"gb-headline gb-headline-6fe5dee2 gb-headline-text\">Especifica\u00e7\u00f5es da peneira vibrat\u00f3ria linear<\/h2>\n\n\n\n<figure class=\"wp-block-table is-style-stripes\"><table class=\"has-fixed-layout\"><tbody><tr><td><strong>Modelo<\/strong><\/td><td><strong>Dimens\u00f5es da Peneira<\/strong><\/td><td><strong>Camadas da Superf\u00edcie de Peneiramento<\/strong><\/td><td><strong>Tamanho da Malha<\/strong><\/td><td><strong>Capacidade<\/strong><\/td><td><strong>Frequ\u00eancia de Vibra\u00e7\u00e3o<\/strong><\/td><td><strong>Amplitude Dupla<\/strong><\/td><td><strong>Pot\u00eancia do Motor<\/strong><\/td><td><strong>\u00c2ngulo de Dire\u00e7\u00e3o de Vibra\u00e7\u00e3o<\/strong><\/td><td><strong>Dimens\u00f5es (C \u00d7 L \u00d7 A)<\/strong><\/td><\/tr><tr><td>DZSF520<\/td><td>&nbsp;<\/td><td>1-6<\/td><td>2-200<\/td><td>0.05-5<\/td><td>960<\/td><td>6-7<\/td><td>2\u00d70,4<\/td><td>45-60<\/td><td>2140\u00d7808\u00d7848<\/td><\/tr><tr><td>2DZSF520<\/td><td>500\u00d72000<\/td><td>1-6<\/td><td>2-200<\/td><td>0.05-5<\/td><td>960<\/td><td>6-7<\/td><td>2\u00d70,4<\/td><td>45-60<\/td><td>2199\u00d7808\u00d7878<\/td><\/tr><tr><td>3DZSF520<\/td><td>500\u00d72500<\/td><td>1-6<\/td><td>2-200<\/td><td>0.03-5<\/td><td>1450<\/td><td>4-6<\/td><td>2\u00d70,4<\/td><td>45<\/td><td>2256\u00d7808\u00d7938<\/td><\/tr><tr><td>DZSF525<\/td><td>500\u00d72500<\/td><td>1-6<\/td><td>2-200<\/td><td>0.06-8<\/td><td>960<\/td><td>5-7<\/td><td>2\u00d70,4<\/td><td>45-60<\/td><td>2642\u00d7808\u00d7848<\/td><\/tr><tr><td>2DZSF525<\/td><td>500\u00d72500<\/td><td>1-6<\/td><td>2-200<\/td><td>0.06-8<\/td><td>1450<\/td><td>4-6<\/td><td>2\u00d70,4<\/td><td>45<\/td><td>2699\u00d7808\u00d7878<\/td><\/tr><tr><td>3DZSF525<\/td><td>500\u00d72500<\/td><td>1-6<\/td><td>2-200<\/td><td>0.06-8<\/td><td>960<\/td><td>6-8<\/td><td>2\u00d70,75<\/td><td>45-60<\/td><td>2750\u00d7808\u00d7938<\/td><\/tr><tr><td>4DZSF525<\/td><td>500\u00d72500<\/td><td>1-6<\/td><td>2-200<\/td><td>0.1-15<\/td><td>1450<\/td><td>5-7<\/td><td>2\u00d70,4<\/td><td>45<\/td><td>2813\u00d7808\u00d71000<\/td><\/tr><tr><td>5DZSF525<\/td><td>500\u00d72500<\/td><td>1-6<\/td><td>2-200<\/td><td>0.08-15<\/td><td>1450<\/td><td>5-7<\/td><td>2\u00d70,4<\/td><td>45<\/td><td>2883\u00d7808\u00d71060<\/td><\/tr><tr><td>6DZSF525<\/td><td>500\u00d72500<\/td><td>1-6<\/td><td>2-200<\/td><td>0.07-15<\/td><td>960<\/td><td>6-8<\/td><td>2\u00d70,75<\/td><td>45-60<\/td><td>2953\u00d7808\u00d71120<\/td><\/tr><tr><td>DZSF1020<\/td><td>1000\u00d72000<\/td><td>1<\/td><td>2-200<\/td><td>0.12-20<\/td><td>960<\/td><td>6-8<\/td><td>2\u00d70,75<\/td><td>45-60<\/td><td>2152\u00d71320\u00d7900<\/td><\/tr><tr><td>2DZSF1020<\/td><td>1000\u00d72000<\/td><td>2<\/td><td>2-200<\/td><td>0.11-20<\/td><td>960<\/td><td>5-7<\/td><td>2\u00d70,75<\/td><td>45-60<\/td><td>2219\u00d71320\u00d7960<\/td><\/tr><tr><td>3DZSF1020<\/td><td>1000\u00d72000<\/td><td>3<\/td><td>2-200<\/td><td>0.10-2<\/td><td>960<\/td><td>5-7<\/td><td>2\u00d70,75<\/td><td>45-60<\/td><td>2286\u00d71320\u00d71030<\/td><\/tr><tr><td>4DZSF1020<\/td><td>1000\u00d72000<\/td><td>4<\/td><td>2-200<\/td><td>0.07-15<\/td><td>960<\/td><td>4-8<\/td><td>2\u00d70,75<\/td><td>45-60<\/td><td>2353\u00d71320\u00d71100<\/td><\/tr><tr><td>5DZSF1020<\/td><td>1000\u00d72000<\/td><td>5<\/td><td>2-200<\/td><td>0.07-15<\/td><td>960<\/td><td>4-8<\/td><td>2\u00d71,5<\/td><td>45-60<\/td><td>2420\u00d71320\u00d71160<\/td><\/tr><tr><td>6DZSF1020<\/td><td>1000\u00d72000<\/td><td>6<\/td><td>2-200<\/td><td>0.07-15<\/td><td>960<\/td><td>4-8<\/td><td>2\u00d71,5<\/td><td>45-60<\/td><td>2487\u00d71320\u00d71220<\/td><\/tr><tr><td>DZSF1025<\/td><td>1000\u00d72500<\/td><td>1<\/td><td>2-200<\/td><td>0.1-15<\/td><td>1450<\/td><td>5-7<\/td><td>2\u00d70,4<\/td><td>45<\/td><td>2203\u00d71320\u00d7900<\/td><\/tr><tr><td>2DZSF1025<\/td><td>1000\u00d72500<\/td><td>2<\/td><td>2-200<\/td><td>0.08-15<\/td><td>1450<\/td><td>5-7<\/td><td>2\u00d70,4<\/td><td>45<\/td><td>2269\u00d71320\u00d7960<\/td><\/tr><tr><td>3DZSF1025<\/td><td>1000\u00d72500<\/td><td>3<\/td><td>2-200<\/td><td>0.07-15<\/td><td>960<\/td><td>6-8<\/td><td>2\u00d70,75<\/td><td>45-60<\/td><td>2336\u00d71320\u00d71030<\/td><\/tr><tr><td>DZSF830<\/td><td>800\u00d73000<\/td><td>1<\/td><td>2-200<\/td><td>0.1-20<\/td><td>960<\/td><td>6-8<\/td><td>2\u00d70,75<\/td><td>45-60<\/td><td>3080\u00d71098\u00d71120<\/td><\/tr><tr><td>2DZSF830<\/td><td>800\u00d73000<\/td><td>2<\/td><td>2-200<\/td><td>0.1-20<\/td><td>960<\/td><td>6-8<\/td><td>2\u00d70,75<\/td><td>45-60<\/td><td>3140\u00d71098\u00d71180<\/td><\/tr><tr><td>3DZSF830<\/td><td>800\u00d73000<\/td><td>3<\/td><td>2-200<\/td><td>0.1-20<\/td><td>960<\/td><td>6-8<\/td><td>2\u00d71,5<\/td><td>45-60<\/td><td>3200\u00d71098\u00d71240<\/td><\/tr><tr><td>DZSF1030<\/td><td>1000\u00d73000<\/td><td>1<\/td><td>2-200<\/td><td>0.1-20<\/td><td>960<\/td><td>6-8<\/td><td>2\u00d70,75<\/td><td>45-60<\/td><td>3152\u00d71340\u00d71120<\/td><\/tr><tr><td>2DZSF1030<\/td><td>1000\u00d73000<\/td><td>2<\/td><td>2-200<\/td><td>0.1-20<\/td><td>960<\/td><td>6-8<\/td><td>2\u00d71,5<\/td><td>45-60<\/td><td>3219\u00d71340\u00d71120<\/td><\/tr><tr><td>3DZSF1030<\/td><td>1000\u00d73000<\/td><td>3<\/td><td>2-200<\/td><td>0.1-20<\/td><td>960<\/td><td>6-8<\/td><td>2\u00d71,5<\/td><td>45-60<\/td><td>3286\u00d71340\u00d71120<\/td><\/tr><tr><td>DZSF1224<\/td><td>1200\u00d72400<\/td><td>1<\/td><td>2-200<\/td><td>0.1-23<\/td><td>960<\/td><td>6-8<\/td><td>2\u00d70,75<\/td><td>45-60<\/td><td>2480\u00d71520\u00d71100<\/td><\/tr><tr><td>2DZSF1224<\/td><td>1200\u00d72400<\/td><td>2<\/td><td>2-200<\/td><td>0.1-23<\/td><td>960<\/td><td>6-8<\/td><td>2\u00d70,75<\/td><td>45-60<\/td><td>2540\u00d71520\u00d71160<\/td><\/tr><tr><td>3DZSF1224<\/td><td>1200\u00d72400<\/td><td>3<\/td><td>2-200<\/td><td>0.1-23<\/td><td>960<\/td><td>6-8<\/td><td>2\u00d71,5<\/td><td>45-60<\/td><td>2600\u00d71520\u00d71220<\/td><\/tr><\/tbody><\/table><\/figure>\n\n\n<div class=\"gb-container gb-container-263d9700\">\n\n<a class=\"gb-button gb-button-a4cbb7be gb-button-text\" href=\"#popmake-622\">Obtenha uma cota\u00e7\u00e3o gratuita agora<\/a>\n\n<\/div>\n<\/div>\n<\/div>","protected":false},"excerpt":{"rendered":"<p>Linear\u00a0vibrating\u00a0screen Application of linear\u00a0vibrating\u00a0screen It is suitable for any dry material screening from 0.74mm-5mm., the largest particle size is 10mm. It is widely used in chemical, food, plastics, pharmaceuticals, metallurgy, glass, building materials, food, fertilizers, abrasives, ceramics and other industries. 1)Chemical industry: resin pigment, medicine, grease, paint, palette, etc. 2)Abrasive material and ceramic industry: building &#8230; <\/p>\n<p class=\"read-more-container\"><a title=\"4-1. Peneira vibrat\u00f3ria linear\" class=\"read-more button\" href=\"https:\/\/hengxingmachinery.com\/pt\/linear-vibrating-screen\/#more-2588\" aria-label=\"Leia mais sobre 4-1. \u00a0Linear\u00a0vibrating\u00a0screen\">Ler mais<\/a><\/p>","protected":false},"author":1,"featured_media":0,"parent":0,"menu_order":0,"comment_status":"closed","ping_status":"closed","template":"","meta":{"footnotes":""},"class_list":["post-2588","page","type-page","status-publish"],"yoast_head":"<!-- This site is optimized with the Yoast SEO plugin v27.4 - https:\/\/yoast.com\/product\/yoast-seo-wordpress\/ -->\n<title>4-1. \u00a0Linear\u00a0vibrating\u00a0screen - Hengxing Machinery<\/title>\n<meta name=\"robots\" content=\"index, follow, max-snippet:-1, max-image-preview:large, max-video-preview:-1\" \/>\n<link rel=\"canonical\" href=\"https:\/\/hengxingmachinery.com\/pt\/linear-vibrating-screen\/\" \/>\n<meta property=\"og:locale\" content=\"pt_PT\" \/>\n<meta property=\"og:type\" content=\"article\" \/>\n<meta property=\"og:title\" content=\"4-1. \u00a0Linear\u00a0vibrating\u00a0screen - Hengxing Machinery\" \/>\n<meta property=\"og:description\" content=\"Linear\u00a0vibrating\u00a0screen Application of linear\u00a0vibrating\u00a0screen It is suitable for any dry material screening from 0.74mm-5mm., the largest particle size is 10mm. It is widely used in chemical, food, plastics, pharmaceuticals, metallurgy, glass, building materials, food, fertilizers, abrasives, ceramics and other industries. 1)Chemical industry: resin pigment, medicine, grease, paint, palette, etc. 2)Abrasive material and ceramic industry: building ... Ler mais\" \/>\n<meta property=\"og:url\" content=\"https:\/\/hengxingmachinery.com\/pt\/linear-vibrating-screen\/\" \/>\n<meta property=\"og:site_name\" content=\"Hengxing Machinery\" \/>\n<meta property=\"article:modified_time\" content=\"2025-03-21T09:41:18+00:00\" \/>\n<meta property=\"og:image\" content=\"https:\/\/hengxingmachinery.com\/wp-content\/uploads\/2025\/03\/linear-vibrating-screen-machine.jpg\" \/>\n<meta name=\"twitter:card\" content=\"summary_large_image\" \/>\n<meta name=\"twitter:label1\" content=\"Tempo estimado de leitura\" \/>\n\t<meta name=\"twitter:data1\" content=\"4 minutos\" \/>\n<script type=\"application\/ld+json\" class=\"yoast-schema-graph\">{\"@context\":\"https:\\\/\\\/schema.org\",\"@graph\":[{\"@type\":\"WebPage\",\"@id\":\"https:\\\/\\\/hengxingmachinery.com\\\/linear-vibrating-screen\\\/\",\"url\":\"https:\\\/\\\/hengxingmachinery.com\\\/linear-vibrating-screen\\\/\",\"name\":\"4-1. \u00a0Linear\u00a0vibrating\u00a0screen - Hengxing Machinery\",\"isPartOf\":{\"@id\":\"https:\\\/\\\/hengxingmachinery.com\\\/#website\"},\"primaryImageOfPage\":{\"@id\":\"https:\\\/\\\/hengxingmachinery.com\\\/linear-vibrating-screen\\\/#primaryimage\"},\"image\":{\"@id\":\"https:\\\/\\\/hengxingmachinery.com\\\/linear-vibrating-screen\\\/#primaryimage\"},\"thumbnailUrl\":\"https:\\\/\\\/hengxingmachinery.com\\\/wp-content\\\/uploads\\\/2025\\\/03\\\/linear-vibrating-screen-machine.jpg\",\"datePublished\":\"2025-03-21T09:41:17+00:00\",\"dateModified\":\"2025-03-21T09:41:18+00:00\",\"breadcrumb\":{\"@id\":\"https:\\\/\\\/hengxingmachinery.com\\\/linear-vibrating-screen\\\/#breadcrumb\"},\"inLanguage\":\"pt-PT\",\"potentialAction\":[{\"@type\":\"ReadAction\",\"target\":[\"https:\\\/\\\/hengxingmachinery.com\\\/linear-vibrating-screen\\\/\"]}]},{\"@type\":\"ImageObject\",\"inLanguage\":\"pt-PT\",\"@id\":\"https:\\\/\\\/hengxingmachinery.com\\\/linear-vibrating-screen\\\/#primaryimage\",\"url\":\"https:\\\/\\\/hengxingmachinery.com\\\/wp-content\\\/uploads\\\/2025\\\/03\\\/linear-vibrating-screen-machine.jpg\",\"contentUrl\":\"https:\\\/\\\/hengxingmachinery.com\\\/wp-content\\\/uploads\\\/2025\\\/03\\\/linear-vibrating-screen-machine.jpg\"},{\"@type\":\"BreadcrumbList\",\"@id\":\"https:\\\/\\\/hengxingmachinery.com\\\/linear-vibrating-screen\\\/#breadcrumb\",\"itemListElement\":[{\"@type\":\"ListItem\",\"position\":1,\"name\":\"Home\",\"item\":\"https:\\\/\\\/hengxingmachinery.com\\\/\"},{\"@type\":\"ListItem\",\"position\":2,\"name\":\"4-1. \u00a0Linear\u00a0vibrating\u00a0screen\"}]},{\"@type\":\"WebSite\",\"@id\":\"https:\\\/\\\/hengxingmachinery.com\\\/#website\",\"url\":\"https:\\\/\\\/hengxingmachinery.com\\\/\",\"name\":\"Hengxing Machinery\",\"description\":\"Leading Manufacturer of All Sorts of Mining Machinery\",\"publisher\":{\"@id\":\"https:\\\/\\\/hengxingmachinery.com\\\/#organization\"},\"potentialAction\":[{\"@type\":\"SearchAction\",\"target\":{\"@type\":\"EntryPoint\",\"urlTemplate\":\"https:\\\/\\\/hengxingmachinery.com\\\/?s={search_term_string}\"},\"query-input\":{\"@type\":\"PropertyValueSpecification\",\"valueRequired\":true,\"valueName\":\"search_term_string\"}}],\"inLanguage\":\"pt-PT\"},{\"@type\":\"Organization\",\"@id\":\"https:\\\/\\\/hengxingmachinery.com\\\/#organization\",\"name\":\"Hengxing Machinery\",\"url\":\"https:\\\/\\\/hengxingmachinery.com\\\/\",\"logo\":{\"@type\":\"ImageObject\",\"inLanguage\":\"pt-PT\",\"@id\":\"https:\\\/\\\/hengxingmachinery.com\\\/#\\\/schema\\\/logo\\\/image\\\/\",\"url\":\"https:\\\/\\\/hengxingmachinery.com\\\/wp-content\\\/uploads\\\/2024\\\/12\\\/logo.png\",\"contentUrl\":\"https:\\\/\\\/hengxingmachinery.com\\\/wp-content\\\/uploads\\\/2024\\\/12\\\/logo.png\",\"width\":400,\"height\":260,\"caption\":\"Hengxing Machinery\"},\"image\":{\"@id\":\"https:\\\/\\\/hengxingmachinery.com\\\/#\\\/schema\\\/logo\\\/image\\\/\"}}]}<\/script>\n<!-- \/ Yoast SEO plugin. -->","yoast_head_json":{"title":"4-1. Peneira vibrat\u00f3ria linear - Hengxing Machinery","robots":{"index":"index","follow":"follow","max-snippet":"max-snippet:-1","max-image-preview":"max-image-preview:large","max-video-preview":"max-video-preview:-1"},"canonical":"https:\/\/hengxingmachinery.com\/pt\/linear-vibrating-screen\/","og_locale":"pt_PT","og_type":"article","og_title":"4-1. \u00a0Linear\u00a0vibrating\u00a0screen - Hengxing Machinery","og_description":"Linear\u00a0vibrating\u00a0screen Application of linear\u00a0vibrating\u00a0screen It is suitable for any dry material screening from 0.74mm-5mm., the largest particle size is 10mm. It is widely used in chemical, food, plastics, pharmaceuticals, metallurgy, glass, building materials, food, fertilizers, abrasives, ceramics and other industries. 1)Chemical industry: resin pigment, medicine, grease, paint, palette, etc. 2)Abrasive material and ceramic industry: building ... Ler mais","og_url":"https:\/\/hengxingmachinery.com\/pt\/linear-vibrating-screen\/","og_site_name":"Hengxing Machinery","article_modified_time":"2025-03-21T09:41:18+00:00","og_image":[{"url":"https:\/\/hengxingmachinery.com\/wp-content\/uploads\/2025\/03\/linear-vibrating-screen-machine.jpg","type":"","width":"","height":""}],"twitter_card":"summary_large_image","twitter_misc":{"Tempo estimado de leitura":"4 minutos"},"schema":{"@context":"https:\/\/schema.org","@graph":[{"@type":"WebPage","@id":"https:\/\/hengxingmachinery.com\/linear-vibrating-screen\/","url":"https:\/\/hengxingmachinery.com\/linear-vibrating-screen\/","name":"4-1. Peneira vibrat\u00f3ria linear - Hengxing Machinery","isPartOf":{"@id":"https:\/\/hengxingmachinery.com\/#website"},"primaryImageOfPage":{"@id":"https:\/\/hengxingmachinery.com\/linear-vibrating-screen\/#primaryimage"},"image":{"@id":"https:\/\/hengxingmachinery.com\/linear-vibrating-screen\/#primaryimage"},"thumbnailUrl":"https:\/\/hengxingmachinery.com\/wp-content\/uploads\/2025\/03\/linear-vibrating-screen-machine.jpg","datePublished":"2025-03-21T09:41:17+00:00","dateModified":"2025-03-21T09:41:18+00:00","breadcrumb":{"@id":"https:\/\/hengxingmachinery.com\/linear-vibrating-screen\/#breadcrumb"},"inLanguage":"pt-PT","potentialAction":[{"@type":"ReadAction","target":["https:\/\/hengxingmachinery.com\/linear-vibrating-screen\/"]}]},{"@type":"ImageObject","inLanguage":"pt-PT","@id":"https:\/\/hengxingmachinery.com\/linear-vibrating-screen\/#primaryimage","url":"https:\/\/hengxingmachinery.com\/wp-content\/uploads\/2025\/03\/linear-vibrating-screen-machine.jpg","contentUrl":"https:\/\/hengxingmachinery.com\/wp-content\/uploads\/2025\/03\/linear-vibrating-screen-machine.jpg"},{"@type":"BreadcrumbList","@id":"https:\/\/hengxingmachinery.com\/linear-vibrating-screen\/#breadcrumb","itemListElement":[{"@type":"ListItem","position":1,"name":"Home","item":"https:\/\/hengxingmachinery.com\/"},{"@type":"ListItem","position":2,"name":"4-1. \u00a0Linear\u00a0vibrating\u00a0screen"}]},{"@type":"WebSite","@id":"https:\/\/hengxingmachinery.com\/#website","url":"https:\/\/hengxingmachinery.com\/","name":"M\u00e1quinas Hengxing","description":"Fabricante l\u00edder de todos os tipos de m\u00e1quinas de minera\u00e7\u00e3o","publisher":{"@id":"https:\/\/hengxingmachinery.com\/#organization"},"potentialAction":[{"@type":"SearchAction","target":{"@type":"EntryPoint","urlTemplate":"https:\/\/hengxingmachinery.com\/?s={search_term_string}"},"query-input":{"@type":"PropertyValueSpecification","valueRequired":true,"valueName":"search_term_string"}}],"inLanguage":"pt-PT"},{"@type":"Organization","@id":"https:\/\/hengxingmachinery.com\/#organization","name":"M\u00e1quinas Hengxing","url":"https:\/\/hengxingmachinery.com\/","logo":{"@type":"ImageObject","inLanguage":"pt-PT","@id":"https:\/\/hengxingmachinery.com\/#\/schema\/logo\/image\/","url":"https:\/\/hengxingmachinery.com\/wp-content\/uploads\/2024\/12\/logo.png","contentUrl":"https:\/\/hengxingmachinery.com\/wp-content\/uploads\/2024\/12\/logo.png","width":400,"height":260,"caption":"Hengxing Machinery"},"image":{"@id":"https:\/\/hengxingmachinery.com\/#\/schema\/logo\/image\/"}}]}},"_links":{"self":[{"href":"https:\/\/hengxingmachinery.com\/pt\/wp-json\/wp\/v2\/pages\/2588","targetHints":{"allow":["GET"]}}],"collection":[{"href":"https:\/\/hengxingmachinery.com\/pt\/wp-json\/wp\/v2\/pages"}],"about":[{"href":"https:\/\/hengxingmachinery.com\/pt\/wp-json\/wp\/v2\/types\/page"}],"author":[{"embeddable":true,"href":"https:\/\/hengxingmachinery.com\/pt\/wp-json\/wp\/v2\/users\/1"}],"replies":[{"embeddable":true,"href":"https:\/\/hengxingmachinery.com\/pt\/wp-json\/wp\/v2\/comments?post=2588"}],"version-history":[{"count":3,"href":"https:\/\/hengxingmachinery.com\/pt\/wp-json\/wp\/v2\/pages\/2588\/revisions"}],"predecessor-version":[{"id":2625,"href":"https:\/\/hengxingmachinery.com\/pt\/wp-json\/wp\/v2\/pages\/2588\/revisions\/2625"}],"wp:attachment":[{"href":"https:\/\/hengxingmachinery.com\/pt\/wp-json\/wp\/v2\/media?parent=2588"}],"curies":[{"name":"wp","href":"https:\/\/api.w.org\/{rel}","templated":true}]}}