{"id":278,"date":"2024-12-11T06:56:37","date_gmt":"2024-12-11T06:56:37","guid":{"rendered":"https:\/\/hengxingmachinery.com\/?page_id=278"},"modified":"2024-12-24T09:27:31","modified_gmt":"2024-12-24T09:27:31","slug":"contact-us","status":"publish","type":"page","link":"https:\/\/hengxingmachinery.com\/pt\/contact-us\/","title":{"rendered":"Contate-nos"},"content":{"rendered":"<div class=\"gb-container gb-container-62613f7c\">\n<div class=\"gb-container gb-container-d235c7f0\">\n<div class=\"gb-grid-wrapper gb-grid-wrapper-9203c4a3\">\n<div class=\"gb-grid-column gb-grid-column-98cac596\"><div class=\"gb-container gb-container-98cac596\">\n\n<figure class=\"gb-block-image gb-block-image-8f2f061a\"><img decoding=\"async\" width=\"2058\" height=\"2060\" class=\"gb-image gb-image-8f2f061a\" src=\"https:\/\/hengxingmachinery.com\/wp-content\/uploads\/2024\/12\/new-company-5.jpg\" alt=\"\" title=\"nova-empresa-5\" srcset=\"https:\/\/hengxingmachinery.com\/wp-content\/uploads\/2024\/12\/new-company-5.jpg 2058w, https:\/\/hengxingmachinery.com\/wp-content\/uploads\/2024\/12\/new-company-5-300x300.jpg 300w, https:\/\/hengxingmachinery.com\/wp-content\/uploads\/2024\/12\/new-company-5-1024x1024.jpg 1024w, https:\/\/hengxingmachinery.com\/wp-content\/uploads\/2024\/12\/new-company-5-150x150.jpg 150w, https:\/\/hengxingmachinery.com\/wp-content\/uploads\/2024\/12\/new-company-5-768x769.jpg 768w, https:\/\/hengxingmachinery.com\/wp-content\/uploads\/2024\/12\/new-company-5-1536x1536.jpg 1536w, https:\/\/hengxingmachinery.com\/wp-content\/uploads\/2024\/12\/new-company-5-2046x2048.jpg 2046w, https:\/\/hengxingmachinery.com\/wp-content\/uploads\/2024\/12\/new-company-5-12x12.jpg 12w\" sizes=\"(max-width: 2058px) 100vw, 2058px\" \/><\/figure>\n\n<\/div><\/div>\n\n<div class=\"gb-grid-column gb-grid-column-15ad3012\"><div class=\"gb-container gb-container-15ad3012\">\n\n<p class=\"gb-headline gb-headline-bdb05e96\"><span class=\"gb-icon\"><svg viewbox=\"0 0 24 24\" fill=\"#000000\" xmlns=\"http:\/\/www.w3.org\/2000\/svg\"><g stroke-width=\"0\" id=\"SVGRepo_bgCarrier\"><\/g><g stroke-linejoin=\"round\" stroke-linecap=\"round\" id=\"SVGRepo_tracerCarrier\"><\/g><g id=\"SVGRepo_iconCarrier\"><path d=\"M23 13H2v-2h21v2z\"><\/path><\/g><\/svg><\/span><span class=\"gb-headline-text\"><strong>Sobre a empresa<\/strong><\/span><\/p>\n\n\n\n<h2 class=\"gb-headline gb-headline-e78a6604 gb-headline-text\">Fabrica\u00e7\u00e3o em f\u00e1brica para oferecer servi\u00e7o personalizado<\/h2>\n\n\n\n<p class=\"gb-headline gb-headline-789d6abe gb-headline-text\">Zhengzhou Hengxing Heavy Equipment Co., Ltd est\u00e1 situada na National High-Tech Development Zone de Zhengzhou, prov\u00edncia de Henan, cobrindo uma \u00e1rea de 200.000 m\u00b2. Nossa instala\u00e7\u00e3o inclui duas oficinas industriais pesadas padr\u00e3o abrangendo 60.000 m\u00b2. <\/p>\n\n\n\n<p>Est\u00e1 equipado com sistemas de gest\u00e3o baseados em computador para produ\u00e7\u00e3o, bem como tecnologias CAD e CAPP para pesquisa e design de processamento eficientes.<\/p>\n\n\n\n<p class=\"gb-headline gb-headline-6b8f5a99\"><span class=\"gb-icon\"><svg aria-hidden=\"true\" role=\"img\" height=\"1em\" width=\"1em\" viewbox=\"0 0 512 512\" xmlns=\"http:\/\/www.w3.org\/2000\/svg\"><path fill=\"currentColor\" d=\"M504 256c0 136.967-111.033 248-248 248S8 392.967 8 256 119.033 8 256 8s248 111.033 248 248zM227.314 387.314l184-184c6.248-6.248 6.248-16.379 0-22.627l-22.627-22.627c-6.248-6.249-16.379-6.249-22.628 0L216 308.118l-70.059-70.059c-6.248-6.248-16.379-6.248-22.628 0l-22.627 22.627c-6.248 6.248-6.248 16.379 0 22.627l104 104c6.249 6.249 16.379 6.249 22.628.001z\"><\/path><\/svg><\/span><span class=\"gb-headline-text\"><strong>Equipado com equipamentos de usinagem avan\u00e7ados.<\/strong><\/span><\/p>\n\n\n\n<p class=\"gb-headline gb-headline-24bb8919\"><span class=\"gb-icon\"><svg aria-hidden=\"true\" role=\"img\" height=\"1em\" width=\"1em\" viewbox=\"0 0 512 512\" xmlns=\"http:\/\/www.w3.org\/2000\/svg\"><path fill=\"currentColor\" d=\"M504 256c0 136.967-111.033 248-248 248S8 392.967 8 256 119.033 8 256 8s248 111.033 248 248zM227.314 387.314l184-184c6.248-6.248 6.248-16.379 0-22.627l-22.627-22.627c-6.248-6.249-16.379-6.249-22.628 0L216 308.118l-70.059-70.059c-6.248-6.248-16.379-6.248-22.628 0l-22.627 22.627c-6.248 6.248-6.248 16.379 0 22.627l104 104c6.249 6.249 16.379 6.249 22.628.001z\"><\/path><\/svg><\/span><span class=\"gb-headline-text\"><strong>Fortes parcerias com institutos de pesquisa.<\/strong><\/span><\/p>\n\n\n\n<p class=\"gb-headline gb-headline-a46d7d1b\"><span class=\"gb-icon\"><svg aria-hidden=\"true\" role=\"img\" height=\"1em\" width=\"1em\" viewbox=\"0 0 512 512\" xmlns=\"http:\/\/www.w3.org\/2000\/svg\"><path fill=\"currentColor\" d=\"M504 256c0 136.967-111.033 248-248 248S8 392.967 8 256 119.033 8 256 8s248 111.033 248 248zM227.314 387.314l184-184c6.248-6.248 6.248-16.379 0-22.627l-22.627-22.627c-6.248-6.249-16.379-6.249-22.628 0L216 308.118l-70.059-70.059c-6.248-6.248-16.379-6.248-22.628 0l-22.627 22.627c-6.248 6.248-6.248 16.379 0 22.627l104 104c6.249 6.249 16.379 6.249 22.628.001z\"><\/path><\/svg><\/span><span class=\"gb-headline-text\"><strong>Introdu\u00e7\u00e3o de tecnologias avan\u00e7adas de processamento.<\/strong><\/span><\/p>\n\n\n\n<p class=\"gb-headline gb-headline-101d1457\"><span class=\"gb-icon\"><svg aria-hidden=\"true\" role=\"img\" height=\"1em\" width=\"1em\" viewbox=\"0 0 512 512\" xmlns=\"http:\/\/www.w3.org\/2000\/svg\"><path fill=\"currentColor\" d=\"M504 256c0 136.967-111.033 248-248 248S8 392.967 8 256 119.033 8 256 8s248 111.033 248 248zM227.314 387.314l184-184c6.248-6.248 6.248-16.379 0-22.627l-22.627-22.627c-6.248-6.249-16.379-6.249-22.628 0L216 308.118l-70.059-70.059c-6.248-6.248-16.379-6.248-22.628 0l-22.627 22.627c-6.248 6.248-6.248 16.379 0 22.627l104 104c6.249 6.249 16.379 6.249 22.628.001z\"><\/path><\/svg><\/span><span class=\"gb-headline-text\"><strong>Desenvolvimento e melhoria cont\u00ednua de produtos.<\/strong><\/span><\/p>\n\n\n<div class=\"gb-container gb-container-6423750a\">\n\n<a class=\"gb-button gb-button-bfaa517e gb-button-text\" href=\"#popmake-894\">Comece uma coopera\u00e7\u00e3o conosco<\/a>\n\n<\/div>\n<\/div><\/div>\n<\/div>\n<\/div>\n<\/div>\n\n<div class=\"gb-container gb-container-d17840d6\">\n<div class=\"gb-container gb-container-5c0c77ce\">\n<div class=\"gb-grid-wrapper gb-grid-wrapper-99b0ab65\">\n<div class=\"gb-grid-column gb-grid-column-bd55b11d\"><div class=\"gb-container gb-container-bd55b11d\">\n\n<h2 class=\"gb-headline gb-headline-59ab8406 gb-headline-text\"><strong>N\u00e3o hesite em nos contatar a QUALQUER MOMENTO<\/strong><\/h2>\n\n\n\n<p class=\"gb-headline gb-headline-5aa677b7 gb-headline-text\">N\u00f3s o encorajamos a entrar em contato conosco a qualquer momento para perguntas, suporte ou consultas. Nossa equipe dedicada est\u00e1 sempre dispon\u00edvel para ajudar voc\u00ea com suas necessidades, garantindo que voc\u00ea receba solu\u00e7\u00f5es oportunas e eficazes sempre que precisar delas.<\/p>\n\n\n<div class=\"gb-container gb-container-4c0ad5ca\"><a class=\"gb-container-link\" href=\"#popmake-885\"><\/a>\n\n<p class=\"gb-headline gb-headline-d22f1b0b\"><span class=\"gb-icon\"><svg viewbox=\"0 0 48.00 48.00\" xmlns=\"http:\/\/www.w3.org\/2000\/svg\" fill=\"#b91313\" stroke=\"#b91313\" stroke-width=\"0.00048000000000000007\"><g id=\"SVGRepo_bgCarrier\" stroke-width=\"0\"><\/g><g id=\"SVGRepo_tracerCarrier\" stroke-linecap=\"round\" stroke-linejoin=\"round\"><\/g><g id=\"SVGRepo_iconCarrier\"> <title>ponta de flecha-direita-c\u00edrculo<\/title> <g id=\"Layer_2\" data-name=\"Layer 2\"> <g id=\"invisible_box\" data-name=\"invisible box\"> <rect width=\"48\" height=\"48\" fill=\"none\"><\/rect> <\/g> <g id=\"icons_Q2\" data-name=\"icons Q2\"> <path d=\"M6,24A18,18,0,1,1,24,42,18.1,18.1,0,0,1,6,24M2,24A22,22,0,1,0,24,2,21.9,21.9,0,0,0,2,24Z\"><\/path> <path d=\"M26.2,24l-6.6,6.6a1.9,1.9,0,0,0,.2,3,2.1,2.1,0,0,0,2.7-.2l7.9-8a1.9,1.9,0,0,0,0-2.8l-7.9-8a2.1,2.1,0,0,0-2.7-.2,1.9,1.9,0,0,0-.2,3Z\"><\/path> <\/g> <\/g> <\/g><\/svg><\/span><span class=\"gb-headline-text\"><strong>CONTATE-NOS PARA UM OR\u00c7AMENTO GRATUITO<\/strong><\/span><\/p>\n\n<\/div>\n<\/div><\/div>\n\n<div class=\"gb-grid-column gb-grid-column-e0b09a2c\"><div class=\"gb-container gb-container-e0b09a2c\"><\/div><\/div>\n<\/div>\n<\/div>\n<\/div>","protected":false},"excerpt":{"rendered":"","protected":false},"author":1,"featured_media":0,"parent":0,"menu_order":0,"comment_status":"closed","ping_status":"closed","template":"","meta":{"footnotes":""},"class_list":["post-278","page","type-page","status-publish"],"yoast_head":"<!-- This site is optimized with the Yoast SEO plugin v27.4 - https:\/\/yoast.com\/product\/yoast-seo-wordpress\/ -->\n<title>Contact Us - Hengxing Machinery<\/title>\n<meta name=\"robots\" content=\"index, follow, max-snippet:-1, max-image-preview:large, max-video-preview:-1\" \/>\n<link rel=\"canonical\" href=\"https:\/\/hengxingmachinery.com\/pt\/contact-us\/\" \/>\n<meta property=\"og:locale\" content=\"pt_PT\" \/>\n<meta property=\"og:type\" content=\"article\" \/>\n<meta property=\"og:title\" content=\"Contact Us - Hengxing Machinery\" \/>\n<meta property=\"og:url\" content=\"https:\/\/hengxingmachinery.com\/pt\/contact-us\/\" \/>\n<meta property=\"og:site_name\" content=\"Hengxing Machinery\" \/>\n<meta property=\"article:modified_time\" content=\"2024-12-24T09:27:31+00:00\" \/>\n<meta property=\"og:image\" content=\"https:\/\/hengxingmachinery.com\/wp-content\/uploads\/2024\/12\/new-company-5.jpg\" \/>\n<meta name=\"twitter:card\" content=\"summary_large_image\" \/>\n<meta name=\"twitter:label1\" content=\"Tempo estimado de leitura\" \/>\n\t<meta name=\"twitter:data1\" content=\"1 minuto\" \/>\n<script type=\"application\/ld+json\" class=\"yoast-schema-graph\">{\"@context\":\"https:\\\/\\\/schema.org\",\"@graph\":[{\"@type\":\"WebPage\",\"@id\":\"https:\\\/\\\/hengxingmachinery.com\\\/contact-us\\\/\",\"url\":\"https:\\\/\\\/hengxingmachinery.com\\\/contact-us\\\/\",\"name\":\"Contact Us - Hengxing Machinery\",\"isPartOf\":{\"@id\":\"https:\\\/\\\/hengxingmachinery.com\\\/#website\"},\"primaryImageOfPage\":{\"@id\":\"https:\\\/\\\/hengxingmachinery.com\\\/contact-us\\\/#primaryimage\"},\"image\":{\"@id\":\"https:\\\/\\\/hengxingmachinery.com\\\/contact-us\\\/#primaryimage\"},\"thumbnailUrl\":\"https:\\\/\\\/hengxingmachinery.com\\\/wp-content\\\/uploads\\\/2024\\\/12\\\/new-company-5.jpg\",\"datePublished\":\"2024-12-11T06:56:37+00:00\",\"dateModified\":\"2024-12-24T09:27:31+00:00\",\"breadcrumb\":{\"@id\":\"https:\\\/\\\/hengxingmachinery.com\\\/contact-us\\\/#breadcrumb\"},\"inLanguage\":\"pt-PT\",\"potentialAction\":[{\"@type\":\"ReadAction\",\"target\":[\"https:\\\/\\\/hengxingmachinery.com\\\/contact-us\\\/\"]}]},{\"@type\":\"ImageObject\",\"inLanguage\":\"pt-PT\",\"@id\":\"https:\\\/\\\/hengxingmachinery.com\\\/contact-us\\\/#primaryimage\",\"url\":\"https:\\\/\\\/hengxingmachinery.com\\\/wp-content\\\/uploads\\\/2024\\\/12\\\/new-company-5.jpg\",\"contentUrl\":\"https:\\\/\\\/hengxingmachinery.com\\\/wp-content\\\/uploads\\\/2024\\\/12\\\/new-company-5.jpg\"},{\"@type\":\"BreadcrumbList\",\"@id\":\"https:\\\/\\\/hengxingmachinery.com\\\/contact-us\\\/#breadcrumb\",\"itemListElement\":[{\"@type\":\"ListItem\",\"position\":1,\"name\":\"Home\",\"item\":\"https:\\\/\\\/hengxingmachinery.com\\\/\"},{\"@type\":\"ListItem\",\"position\":2,\"name\":\"Contact Us\"}]},{\"@type\":\"WebSite\",\"@id\":\"https:\\\/\\\/hengxingmachinery.com\\\/#website\",\"url\":\"https:\\\/\\\/hengxingmachinery.com\\\/\",\"name\":\"Hengxing Machinery\",\"description\":\"Leading Manufacturer of All Sorts of Mining Machinery\",\"publisher\":{\"@id\":\"https:\\\/\\\/hengxingmachinery.com\\\/#organization\"},\"potentialAction\":[{\"@type\":\"SearchAction\",\"target\":{\"@type\":\"EntryPoint\",\"urlTemplate\":\"https:\\\/\\\/hengxingmachinery.com\\\/?s={search_term_string}\"},\"query-input\":{\"@type\":\"PropertyValueSpecification\",\"valueRequired\":true,\"valueName\":\"search_term_string\"}}],\"inLanguage\":\"pt-PT\"},{\"@type\":\"Organization\",\"@id\":\"https:\\\/\\\/hengxingmachinery.com\\\/#organization\",\"name\":\"Hengxing Machinery\",\"url\":\"https:\\\/\\\/hengxingmachinery.com\\\/\",\"logo\":{\"@type\":\"ImageObject\",\"inLanguage\":\"pt-PT\",\"@id\":\"https:\\\/\\\/hengxingmachinery.com\\\/#\\\/schema\\\/logo\\\/image\\\/\",\"url\":\"https:\\\/\\\/hengxingmachinery.com\\\/wp-content\\\/uploads\\\/2024\\\/12\\\/logo.png\",\"contentUrl\":\"https:\\\/\\\/hengxingmachinery.com\\\/wp-content\\\/uploads\\\/2024\\\/12\\\/logo.png\",\"width\":400,\"height\":260,\"caption\":\"Hengxing Machinery\"},\"image\":{\"@id\":\"https:\\\/\\\/hengxingmachinery.com\\\/#\\\/schema\\\/logo\\\/image\\\/\"}}]}<\/script>\n<!-- \/ Yoast SEO plugin. -->","yoast_head_json":{"title":"Entre em contato conosco - Hengxing Machinery","robots":{"index":"index","follow":"follow","max-snippet":"max-snippet:-1","max-image-preview":"max-image-preview:large","max-video-preview":"max-video-preview:-1"},"canonical":"https:\/\/hengxingmachinery.com\/pt\/contact-us\/","og_locale":"pt_PT","og_type":"article","og_title":"Contact Us - Hengxing Machinery","og_url":"https:\/\/hengxingmachinery.com\/pt\/contact-us\/","og_site_name":"Hengxing Machinery","article_modified_time":"2024-12-24T09:27:31+00:00","og_image":[{"url":"https:\/\/hengxingmachinery.com\/wp-content\/uploads\/2024\/12\/new-company-5.jpg","type":"","width":"","height":""}],"twitter_card":"summary_large_image","twitter_misc":{"Tempo estimado de leitura":"1 minuto"},"schema":{"@context":"https:\/\/schema.org","@graph":[{"@type":"WebPage","@id":"https:\/\/hengxingmachinery.com\/contact-us\/","url":"https:\/\/hengxingmachinery.com\/contact-us\/","name":"Entre em contato conosco - Hengxing Machinery","isPartOf":{"@id":"https:\/\/hengxingmachinery.com\/#website"},"primaryImageOfPage":{"@id":"https:\/\/hengxingmachinery.com\/contact-us\/#primaryimage"},"image":{"@id":"https:\/\/hengxingmachinery.com\/contact-us\/#primaryimage"},"thumbnailUrl":"https:\/\/hengxingmachinery.com\/wp-content\/uploads\/2024\/12\/new-company-5.jpg","datePublished":"2024-12-11T06:56:37+00:00","dateModified":"2024-12-24T09:27:31+00:00","breadcrumb":{"@id":"https:\/\/hengxingmachinery.com\/contact-us\/#breadcrumb"},"inLanguage":"pt-PT","potentialAction":[{"@type":"ReadAction","target":["https:\/\/hengxingmachinery.com\/contact-us\/"]}]},{"@type":"ImageObject","inLanguage":"pt-PT","@id":"https:\/\/hengxingmachinery.com\/contact-us\/#primaryimage","url":"https:\/\/hengxingmachinery.com\/wp-content\/uploads\/2024\/12\/new-company-5.jpg","contentUrl":"https:\/\/hengxingmachinery.com\/wp-content\/uploads\/2024\/12\/new-company-5.jpg"},{"@type":"BreadcrumbList","@id":"https:\/\/hengxingmachinery.com\/contact-us\/#breadcrumb","itemListElement":[{"@type":"ListItem","position":1,"name":"Home","item":"https:\/\/hengxingmachinery.com\/"},{"@type":"ListItem","position":2,"name":"Contact Us"}]},{"@type":"WebSite","@id":"https:\/\/hengxingmachinery.com\/#website","url":"https:\/\/hengxingmachinery.com\/","name":"M\u00e1quinas Hengxing","description":"Fabricante l\u00edder de todos os tipos de m\u00e1quinas de minera\u00e7\u00e3o","publisher":{"@id":"https:\/\/hengxingmachinery.com\/#organization"},"potentialAction":[{"@type":"SearchAction","target":{"@type":"EntryPoint","urlTemplate":"https:\/\/hengxingmachinery.com\/?s={search_term_string}"},"query-input":{"@type":"PropertyValueSpecification","valueRequired":true,"valueName":"search_term_string"}}],"inLanguage":"pt-PT"},{"@type":"Organization","@id":"https:\/\/hengxingmachinery.com\/#organization","name":"M\u00e1quinas Hengxing","url":"https:\/\/hengxingmachinery.com\/","logo":{"@type":"ImageObject","inLanguage":"pt-PT","@id":"https:\/\/hengxingmachinery.com\/#\/schema\/logo\/image\/","url":"https:\/\/hengxingmachinery.com\/wp-content\/uploads\/2024\/12\/logo.png","contentUrl":"https:\/\/hengxingmachinery.com\/wp-content\/uploads\/2024\/12\/logo.png","width":400,"height":260,"caption":"Hengxing Machinery"},"image":{"@id":"https:\/\/hengxingmachinery.com\/#\/schema\/logo\/image\/"}}]}},"_links":{"self":[{"href":"https:\/\/hengxingmachinery.com\/pt\/wp-json\/wp\/v2\/pages\/278","targetHints":{"allow":["GET"]}}],"collection":[{"href":"https:\/\/hengxingmachinery.com\/pt\/wp-json\/wp\/v2\/pages"}],"about":[{"href":"https:\/\/hengxingmachinery.com\/pt\/wp-json\/wp\/v2\/types\/page"}],"author":[{"embeddable":true,"href":"https:\/\/hengxingmachinery.com\/pt\/wp-json\/wp\/v2\/users\/1"}],"replies":[{"embeddable":true,"href":"https:\/\/hengxingmachinery.com\/pt\/wp-json\/wp\/v2\/comments?post=278"}],"version-history":[{"count":20,"href":"https:\/\/hengxingmachinery.com\/pt\/wp-json\/wp\/v2\/pages\/278\/revisions"}],"predecessor-version":[{"id":1010,"href":"https:\/\/hengxingmachinery.com\/pt\/wp-json\/wp\/v2\/pages\/278\/revisions\/1010"}],"wp:attachment":[{"href":"https:\/\/hengxingmachinery.com\/pt\/wp-json\/wp\/v2\/media?parent=278"}],"curies":[{"name":"wp","href":"https:\/\/api.w.org\/{rel}","templated":true}]}}