{"id":2787,"date":"2025-04-11T06:55:57","date_gmt":"2025-04-11T06:55:57","guid":{"rendered":"https:\/\/hengxingmachinery.com\/?page_id=2787"},"modified":"2025-04-11T08:57:29","modified_gmt":"2025-04-11T08:57:29","slug":"silica-sand-ball-mill","status":"publish","type":"page","link":"https:\/\/hengxingmachinery.com\/pt\/silica-sand-ball-mill\/","title":{"rendered":"3-1. Moinho de bolas para areia de s\u00edlica"},"content":{"rendered":"<div class=\"gb-container gb-container-45165f5a\">\n<div class=\"gb-container gb-container-c2652eb4\">\n\n<h1 class=\"gb-headline gb-headline-62a8b2cc gb-headline-text\">Moinho de bolas para areia s\u00edlica<\/h1>\n\n<\/div>\n<\/div>\n\n<div class=\"gb-container gb-container-519cf624\">\n<div class=\"gb-container gb-container-71ca071e\">\n<div class=\"gb-grid-wrapper gb-grid-wrapper-8a5f0688\">\n<div class=\"gb-grid-column gb-grid-column-1e99b1c2\"><div class=\"gb-container gb-container-1e99b1c2\">\n\n<figure class=\"gb-block-image gb-block-image-e4eaba54\"><img decoding=\"async\" width=\"665\" height=\"545\" class=\"gb-image gb-image-e4eaba54\" src=\"https:\/\/hengxingmachinery.com\/wp-content\/uploads\/2025\/04\/silica-sand-grinding-ball-mill.jpg\" alt=\"\" title=\"Moinho de bolas para moagem de areia s\u00edlica\" srcset=\"https:\/\/hengxingmachinery.com\/wp-content\/uploads\/2025\/04\/silica-sand-grinding-ball-mill.jpg 665w, https:\/\/hengxingmachinery.com\/wp-content\/uploads\/2025\/04\/silica-sand-grinding-ball-mill-300x246.jpg 300w, https:\/\/hengxingmachinery.com\/wp-content\/uploads\/2025\/04\/silica-sand-grinding-ball-mill-15x12.jpg 15w\" sizes=\"(max-width: 665px) 100vw, 665px\" \/><\/figure>\n\n<\/div><\/div>\n\n<div class=\"gb-grid-column gb-grid-column-bcae065b\"><div class=\"gb-container gb-container-bcae065b\">\n\n<p class=\"gb-headline gb-headline-e419680e gb-headline-text\">Um moinho de bolas para areia s\u00edlica \u00e9 uma m\u00e1quina de moagem industrial especializada que processa areia s\u00edlica de alta pureza (SiO\u2082) em tamanhos de part\u00edcula finamente controlados (tipicamente 20-200 mesh) para aplica\u00e7\u00f5es cr\u00edticas como fabrica\u00e7\u00e3o de vidro, moldes de fundi\u00e7\u00e3o e materiais fotovoltaicos. <\/p>\n\n\n\n<p>Projetado para lidar com a extrema dureza e abrasividade da s\u00edlica, ele utiliza c\u00e2maras rotativas preenchidas com bolas de a\u00e7o que trituram e refinam a areia bruta por meio de colis\u00e3o e atrito. <\/p>\n\n\n\n<p>Os operadores ajustam par\u00e2metros como velocidade de rota\u00e7\u00e3o, tempo de moagem e propor\u00e7\u00e3o bola-material para alcan\u00e7ar distribui\u00e7\u00f5es de part\u00edculas precisas, garantindo consist\u00eancia para ind\u00fastrias que exigem pureza e uniformidade. <\/p>\n\n\n\n<p>Modelos modernos aumentam a efici\u00eancia com designs economizadores de energia, revestimentos resistentes ao desgaste e sistemas de controle adaptativos, tornando-o indispens\u00e1vel para transformar s\u00edlica bruta em produtos industriais de alto valor.<\/p>\n\n\n<div class=\"gb-grid-wrapper gb-grid-wrapper-eebec76e\">\n<div class=\"gb-grid-column gb-grid-column-e3ada2f0\"><div class=\"gb-container gb-container-e3ada2f0\">\n\n<p class=\"gb-headline gb-headline-4c79a90a gb-headline-text\"><mark style=\"background-color:rgba(0, 0, 0, 0)\" class=\"has-inline-color has-global-color-8-color\"><strong>Pot\u00eancia do motor:<\/strong><\/mark>18,5\u20134500 kW<\/p>\n\n<\/div><\/div>\n\n<div class=\"gb-grid-column gb-grid-column-0bb00826\"><div class=\"gb-container gb-container-0bb00826\">\n\n<p class=\"gb-headline gb-headline-86d53f56 gb-headline-text\"><mark style=\"background-color:rgba(0, 0, 0, 0)\" class=\"has-inline-color has-global-color-8-color\"><strong>Capacidade:<\/strong><\/mark> 0,65\u2013615 t\/h<\/p>\n\n<\/div><\/div>\n<\/div>\n\n<div class=\"gb-container gb-container-256e15f1\">\n\n<a class=\"gb-button gb-button-e8b73d89 gb-button-text\" href=\"#popmake-622\">Obtenha uma cota\u00e7\u00e3o gratuita agora<\/a>\n\n<\/div>\n<\/div><\/div>\n<\/div>\n<\/div>\n<\/div>\n\n<div class=\"gb-container gb-container-8d8b4afc\">\n<div class=\"gb-container gb-container-f2c44112\">\n\n<h2 class=\"gb-headline gb-headline-602757fa gb-headline-text\">Caracter\u00edsticas do moinho de bolas para areia s\u00edlica<\/h2>\n\n\n\n<figure class=\"gb-block-image gb-block-image-db4c5409\"><img decoding=\"async\" width=\"500\" height=\"450\" class=\"gb-image gb-image-db4c5409\" src=\"https:\/\/hengxingmachinery.com\/wp-content\/uploads\/2025\/04\/silica-sand-ball-mill-for-sale-1.jpg\" alt=\"\" title=\"Moinho de bolas para areia s\u00edlica \u00e0 venda\" srcset=\"https:\/\/hengxingmachinery.com\/wp-content\/uploads\/2025\/04\/silica-sand-ball-mill-for-sale-1.jpg 500w, https:\/\/hengxingmachinery.com\/wp-content\/uploads\/2025\/04\/silica-sand-ball-mill-for-sale-1-300x270.jpg 300w, https:\/\/hengxingmachinery.com\/wp-content\/uploads\/2025\/04\/silica-sand-ball-mill-for-sale-1-13x12.jpg 13w\" sizes=\"(max-width: 500px) 100vw, 500px\" \/><\/figure>\n\n\n\n<p><strong>1. <\/strong> \u200b<strong>\u200bAlta Efici\u00eancia\u200b<\/strong>\u200b: Utiliza bolas de a\u00e7o para alcan\u00e7ar moagem r\u00e1pida e uniforme.<\/p>\n\n\n\n<p>\u200b<strong>\u200b2. Tamanho de Part\u00edcula Ajust\u00e1vel\u200b<\/strong>\u200b: A sa\u00edda pode ser ajustada (tipicamente 20-200 mesh) regulando a velocidade, o tempo de moagem e a propor\u00e7\u00e3o bola-material.<\/p>\n\n\n\n<p>\u200b<strong>\u200b3. Design Economizador de Energia\u200b<\/strong>\u200b: Sistemas de transmiss\u00e3o otimizados reduzem o consumo de energia por tonelada.<\/p>\n\n\n\n<p>\u200b<strong>\u200b4. Durabilidade\u200b<\/strong>\u200b: Revestimentos resistentes ao desgaste (ex.: a\u00e7o de alto mangan\u00eas ou cer\u00e2mica) suportam a areia s\u00edlica abrasiva.<\/p>\n\n\n\n<p>5. <strong>Flexibilidade de Processo\u200b<\/strong>\u200b: Suporta m\u00e9todos de moagem a seco e \u00famido.<\/p>\n\n\n<div class=\"gb-container gb-container-63dc3c06\">\n\n<a class=\"gb-button gb-button-a6821353 gb-button-text\" href=\"#popmake-622\">Obtenha uma cota\u00e7\u00e3o gratuita agora<\/a>\n\n<\/div>\n<\/div>\n<\/div>\n\n<div class=\"gb-container gb-container-b24071b3\">\n<div class=\"gb-container gb-container-60584794\">\n\n<h2 class=\"gb-headline gb-headline-5e7d8f8c gb-headline-text\">Princ\u00edpio de funcionamento do moinho de bolas para areia s\u00edlica<\/h2>\n\n\n\n<figure class=\"gb-block-image gb-block-image-a7119939\"><img decoding=\"async\" width=\"665\" height=\"545\" class=\"gb-image gb-image-a7119939\" src=\"https:\/\/hengxingmachinery.com\/wp-content\/uploads\/2025\/04\/silica-sand-grinding-ball-mill-1.jpg\" alt=\"\" title=\"Moinho de bolas para moagem de areia s\u00edlica\" srcset=\"https:\/\/hengxingmachinery.com\/wp-content\/uploads\/2025\/04\/silica-sand-grinding-ball-mill-1.jpg 665w, https:\/\/hengxingmachinery.com\/wp-content\/uploads\/2025\/04\/silica-sand-grinding-ball-mill-1-300x246.jpg 300w, https:\/\/hengxingmachinery.com\/wp-content\/uploads\/2025\/04\/silica-sand-grinding-ball-mill-1-15x12.jpg 15w\" sizes=\"(max-width: 665px) 100vw, 665px\" \/><\/figure>\n\n\n\n<p>O moinho de bolas para areia s\u00edlica opera em tr\u00eas est\u00e1gios:<\/p>\n\n\n\n<p><strong>1. Alimenta\u00e7\u00e3o\u200b\u200b: <\/strong>A areia s\u00edlica bruta \u00e9 alimentada em uma c\u00e2mara cil\u00edndrica rotativa.<\/p>\n\n\n\n<p><strong>2.<\/strong> \u200b<strong>\u200bMoagem\u200b<\/strong>\u200b<strong>:<\/strong><\/p>\n\n\n\n<ul class=\"wp-block-list\">\n<li>O cilindro gira a uma velocidade controlada, elevando as bolas de a\u00e7o a uma altura espec\u00edfica antes que elas cascateiem para baixo.<\/li>\n<\/ul>\n\n\n\n<ul class=\"wp-block-list\">\n<li>Impacto e atrito entre as bolas e a areia s\u00edlica quebram as part\u00edculas em tamanhos mais finos.<\/li>\n<\/ul>\n\n\n\n<p>\u200b<strong>\u200b3. Descarga\u200b<\/strong>\u200b<strong>:<\/strong> O p\u00f3 mo\u00eddo passa por uma grelha de descarga, enquanto part\u00edculas acima do tamanho continuam a moagem.<\/p>\n\n\n\n<p>\u200b<strong>\u200bPar\u00e2metros Cr\u00edticos\u200b\u200b:<\/strong><\/p>\n\n\n\n<ul class=\"wp-block-list\">\n<li>\u200b<strong>\u200bVelocidade de Rota\u00e7\u00e3o\u200b<\/strong>\u200b: 65\u201380% da velocidade cr\u00edtica (garante o cascateamento ideal das bolas).<\/li>\n<\/ul>\n\n\n\n<ul class=\"wp-block-list\">\n<li>\u200b<strong>\u200bCarga de Bolas\u200b<\/strong>\u200b: 30\u201340% do volume da c\u00e2mara.<\/li>\n<\/ul>\n\n\n\n<ul class=\"wp-block-list\">\n<li>\u200b<strong>\u200bPropor\u00e7\u00e3o Material-Bola\u200b<\/strong>\u200b: Ajustada com base na finura desejada.<\/li>\n<\/ul>\n\n\n<div class=\"gb-container gb-container-1f0dc6f2\">\n\n<a class=\"gb-button gb-button-6c09f29e gb-button-text\" href=\"#popmake-622\">Obtenha uma cota\u00e7\u00e3o gratuita agora<\/a>\n\n<\/div>\n<\/div>\n<\/div>\n\n<div class=\"gb-container gb-container-435ad261\">\n<div class=\"gb-container gb-container-7dc79cc4\">\n\n<h2 class=\"gb-headline gb-headline-6fe5dee2 gb-headline-text\">Especifica\u00e7\u00f5es do moinho de bolas para areia s\u00edlica<\/h2>\n\n\n\n<figure class=\"wp-block-table is-style-stripes\"><table class=\"has-fixed-layout\"><tbody><tr><th>Especifica\u00e7\u00e3o (mm)<\/th><th>Capacidade (t\/h)<\/th><th>Velocidade de Rota\u00e7\u00e3o (r\/min)<\/th><th>Carga da M\u00eddia de Moagem (t)<\/th><th>Tamanho de Sa\u00edda (mm)<\/th><th>Pot\u00eancia do Motor (kW)<\/th><th>Peso (t)<\/th><\/tr><tr><td>\u03c6900\u00d71800<\/td><td>0.65-2<\/td><td>36<\/td><td>1.5<\/td><td>0.075-0.89<\/td><td>18.5<\/td><td>5.85<\/td><\/tr><tr><td>\u03c6900\u00d73000<\/td><td>1.1-3.5<\/td><td>38<\/td><td>2.7<\/td><td>0.075-0.89<\/td><td>22<\/td><td>6.98<\/td><\/tr><tr><td>\u03c61500\u00d73000<\/td><td>2-5<\/td><td>29.7<\/td><td>7.5<\/td><td>0.074-0.4<\/td><td>75<\/td><td>19.5<\/td><\/tr><tr><td>\u03c61500\u00d75700<\/td><td>3.5-6<\/td><td>27<\/td><td>12<\/td><td>0.074-0.4<\/td><td>130<\/td><td>25.8<\/td><\/tr><tr><td>\u03c61830\u00d73000<\/td><td>4-10<\/td><td>25.4<\/td><td>11<\/td><td>0.074-0.4<\/td><td>130<\/td><td>34.5<\/td><\/tr><tr><td>\u03c61830\u00d76400<\/td><td>6.5-15<\/td><td>24.1<\/td><td>21<\/td><td>0.074-0.4<\/td><td>210<\/td><td>43<\/td><\/tr><tr><td>\u03c62100\u00d73000<\/td><td>6.5-36<\/td><td>23.7<\/td><td>15<\/td><td>0.074-0.4<\/td><td>155<\/td><td>45<\/td><\/tr><tr><td>\u03c62200\u00d74500<\/td><td>9-45<\/td><td>21.5<\/td><td>27<\/td><td>0.074-0.4<\/td><td>280<\/td><td>54.5<\/td><\/tr><tr><td>\u03c62200\u00d76500<\/td><td>14-26<\/td><td>21.7<\/td><td>35<\/td><td>0.074-0.4<\/td><td>380<\/td><td>61<\/td><\/tr><tr><td>\u03c62200\u00d77000<\/td><td>15-28<\/td><td>21.7<\/td><td>35<\/td><td>0.074-0.4<\/td><td>380<\/td><td>62.5<\/td><\/tr><tr><td>\u03c62200\u00d77500<\/td><td>15-30<\/td><td>21.7<\/td><td>35<\/td><td>0.074-0.4<\/td><td>380<\/td><td>64.8<\/td><\/tr><tr><td>\u03c62400\u00d73000<\/td><td>7-50<\/td><td>21<\/td><td>23<\/td><td>0.074-0.4<\/td><td>245<\/td><td>58<\/td><\/tr><tr><td>\u03c62700\u00d74000<\/td><td>22-80<\/td><td>20.7<\/td><td>40<\/td><td>0.074-0.4<\/td><td>380<\/td><td>95<\/td><\/tr><tr><td>\u03c62700\u00d74500<\/td><td>26-90<\/td><td>20.7<\/td><td>48<\/td><td>0.074-0.4<\/td><td>480<\/td><td>102<\/td><\/tr><tr><td>\u03c64500\u00d76400<\/td><td>84-306<\/td><td>15.6<\/td><td>172<\/td><td>0.074-0.4<\/td><td>2000<\/td><td>280<\/td><\/tr><tr><td>\u03c65500\u00d78500<\/td><td>148-615<\/td><td>13.8<\/td><td>338<\/td><td>0.074-0.4<\/td><td>4500<\/td><td>525<\/td><\/tr><\/tbody><\/table><\/figure>\n\n\n<div class=\"gb-container gb-container-263d9700\">\n\n<a class=\"gb-button gb-button-a4cbb7be gb-button-text\" href=\"#popmake-622\">Obtenha uma cota\u00e7\u00e3o gratuita agora<\/a>\n\n<\/div>\n<\/div>\n<\/div>","protected":false},"excerpt":{"rendered":"<p>Silica sand ball mill Silica sand ball mill features 1. \u200b\u200bHigh Efficiency\u200b\u200b: Utilizes steel balls to achieve rapid and uniform grinding. \u200b\u200b2. Adjustable Particle Size\u200b\u200b: Output can be tuned (typically 20-200 mesh) by adjusting speed, grinding time, and ball-to-material ratio. \u200b\u200b3. Energy-Saving Design\u200b\u200b: Optimized transmission systems reduce power consumption per ton. \u200b\u200b4. Durability\u200b\u200b: Wear-resistant liners &#8230; <\/p>\n<p class=\"read-more-container\"><a title=\"3-1. Moinho de bolas para areia de s\u00edlica\" class=\"read-more button\" href=\"https:\/\/hengxingmachinery.com\/pt\/silica-sand-ball-mill\/#more-2787\" aria-label=\"Leia mais sobre 3-1. Silica sand ball mill\">Ler mais<\/a><\/p>","protected":false},"author":1,"featured_media":0,"parent":0,"menu_order":0,"comment_status":"closed","ping_status":"closed","template":"","meta":{"footnotes":""},"class_list":["post-2787","page","type-page","status-publish"],"yoast_head":"<!-- This site is optimized with the Yoast SEO plugin v27.5 - https:\/\/yoast.com\/product\/yoast-seo-wordpress\/ -->\n<title>3-1. Silica sand ball mill - Hengxing Machinery<\/title>\n<meta name=\"robots\" content=\"index, follow, max-snippet:-1, max-image-preview:large, max-video-preview:-1\" \/>\n<link rel=\"canonical\" href=\"https:\/\/hengxingmachinery.com\/pt\/silica-sand-ball-mill\/\" \/>\n<meta property=\"og:locale\" content=\"pt_PT\" \/>\n<meta property=\"og:type\" content=\"article\" \/>\n<meta property=\"og:title\" content=\"3-1. Silica sand ball mill - Hengxing Machinery\" \/>\n<meta property=\"og:description\" content=\"Silica sand ball mill Silica sand ball mill features 1. \u200b\u200bHigh Efficiency\u200b\u200b: Utilizes steel balls to achieve rapid and uniform grinding. \u200b\u200b2. Adjustable Particle Size\u200b\u200b: Output can be tuned (typically 20-200 mesh) by adjusting speed, grinding time, and ball-to-material ratio. \u200b\u200b3. Energy-Saving Design\u200b\u200b: Optimized transmission systems reduce power consumption per ton. \u200b\u200b4. Durability\u200b\u200b: Wear-resistant liners ... Ler mais\" \/>\n<meta property=\"og:url\" content=\"https:\/\/hengxingmachinery.com\/pt\/silica-sand-ball-mill\/\" \/>\n<meta property=\"og:site_name\" content=\"Hengxing Machinery\" \/>\n<meta property=\"article:modified_time\" content=\"2025-04-11T08:57:29+00:00\" \/>\n<meta property=\"og:image\" content=\"https:\/\/hengxingmachinery.com\/wp-content\/uploads\/2025\/04\/silica-sand-grinding-ball-mill.jpg\" \/>\n<meta name=\"twitter:card\" content=\"summary_large_image\" \/>\n<meta name=\"twitter:label1\" content=\"Tempo estimado de leitura\" \/>\n\t<meta name=\"twitter:data1\" content=\"3 minutos\" \/>\n<script type=\"application\/ld+json\" class=\"yoast-schema-graph\">{\"@context\":\"https:\\\/\\\/schema.org\",\"@graph\":[{\"@type\":\"WebPage\",\"@id\":\"https:\\\/\\\/hengxingmachinery.com\\\/silica-sand-ball-mill\\\/\",\"url\":\"https:\\\/\\\/hengxingmachinery.com\\\/silica-sand-ball-mill\\\/\",\"name\":\"3-1. Silica sand ball mill - Hengxing Machinery\",\"isPartOf\":{\"@id\":\"https:\\\/\\\/hengxingmachinery.com\\\/#website\"},\"primaryImageOfPage\":{\"@id\":\"https:\\\/\\\/hengxingmachinery.com\\\/silica-sand-ball-mill\\\/#primaryimage\"},\"image\":{\"@id\":\"https:\\\/\\\/hengxingmachinery.com\\\/silica-sand-ball-mill\\\/#primaryimage\"},\"thumbnailUrl\":\"https:\\\/\\\/hengxingmachinery.com\\\/wp-content\\\/uploads\\\/2025\\\/04\\\/silica-sand-grinding-ball-mill.jpg\",\"datePublished\":\"2025-04-11T06:55:57+00:00\",\"dateModified\":\"2025-04-11T08:57:29+00:00\",\"breadcrumb\":{\"@id\":\"https:\\\/\\\/hengxingmachinery.com\\\/silica-sand-ball-mill\\\/#breadcrumb\"},\"inLanguage\":\"pt-PT\",\"potentialAction\":[{\"@type\":\"ReadAction\",\"target\":[\"https:\\\/\\\/hengxingmachinery.com\\\/silica-sand-ball-mill\\\/\"]}]},{\"@type\":\"ImageObject\",\"inLanguage\":\"pt-PT\",\"@id\":\"https:\\\/\\\/hengxingmachinery.com\\\/silica-sand-ball-mill\\\/#primaryimage\",\"url\":\"https:\\\/\\\/hengxingmachinery.com\\\/wp-content\\\/uploads\\\/2025\\\/04\\\/silica-sand-grinding-ball-mill.jpg\",\"contentUrl\":\"https:\\\/\\\/hengxingmachinery.com\\\/wp-content\\\/uploads\\\/2025\\\/04\\\/silica-sand-grinding-ball-mill.jpg\"},{\"@type\":\"BreadcrumbList\",\"@id\":\"https:\\\/\\\/hengxingmachinery.com\\\/silica-sand-ball-mill\\\/#breadcrumb\",\"itemListElement\":[{\"@type\":\"ListItem\",\"position\":1,\"name\":\"Home\",\"item\":\"https:\\\/\\\/hengxingmachinery.com\\\/\"},{\"@type\":\"ListItem\",\"position\":2,\"name\":\"3-1. Silica sand ball mill\"}]},{\"@type\":\"WebSite\",\"@id\":\"https:\\\/\\\/hengxingmachinery.com\\\/#website\",\"url\":\"https:\\\/\\\/hengxingmachinery.com\\\/\",\"name\":\"Hengxing Machinery\",\"description\":\"Leading Manufacturer of All Sorts of Mining Machinery\",\"publisher\":{\"@id\":\"https:\\\/\\\/hengxingmachinery.com\\\/#organization\"},\"potentialAction\":[{\"@type\":\"SearchAction\",\"target\":{\"@type\":\"EntryPoint\",\"urlTemplate\":\"https:\\\/\\\/hengxingmachinery.com\\\/?s={search_term_string}\"},\"query-input\":{\"@type\":\"PropertyValueSpecification\",\"valueRequired\":true,\"valueName\":\"search_term_string\"}}],\"inLanguage\":\"pt-PT\"},{\"@type\":\"Organization\",\"@id\":\"https:\\\/\\\/hengxingmachinery.com\\\/#organization\",\"name\":\"Hengxing Machinery\",\"url\":\"https:\\\/\\\/hengxingmachinery.com\\\/\",\"logo\":{\"@type\":\"ImageObject\",\"inLanguage\":\"pt-PT\",\"@id\":\"https:\\\/\\\/hengxingmachinery.com\\\/#\\\/schema\\\/logo\\\/image\\\/\",\"url\":\"https:\\\/\\\/hengxingmachinery.com\\\/wp-content\\\/uploads\\\/2024\\\/12\\\/logo.png\",\"contentUrl\":\"https:\\\/\\\/hengxingmachinery.com\\\/wp-content\\\/uploads\\\/2024\\\/12\\\/logo.png\",\"width\":400,\"height\":260,\"caption\":\"Hengxing Machinery\"},\"image\":{\"@id\":\"https:\\\/\\\/hengxingmachinery.com\\\/#\\\/schema\\\/logo\\\/image\\\/\"}}]}<\/script>\n<!-- \/ Yoast SEO plugin. -->","yoast_head_json":{"title":"3-1. Moinho de bolas para areia de s\u00edlica - Hengxing Machinery","robots":{"index":"index","follow":"follow","max-snippet":"max-snippet:-1","max-image-preview":"max-image-preview:large","max-video-preview":"max-video-preview:-1"},"canonical":"https:\/\/hengxingmachinery.com\/pt\/silica-sand-ball-mill\/","og_locale":"pt_PT","og_type":"article","og_title":"3-1. Silica sand ball mill - Hengxing Machinery","og_description":"Silica sand ball mill Silica sand ball mill features 1. \u200b\u200bHigh Efficiency\u200b\u200b: Utilizes steel balls to achieve rapid and uniform grinding. \u200b\u200b2. Adjustable Particle Size\u200b\u200b: Output can be tuned (typically 20-200 mesh) by adjusting speed, grinding time, and ball-to-material ratio. \u200b\u200b3. Energy-Saving Design\u200b\u200b: Optimized transmission systems reduce power consumption per ton. \u200b\u200b4. Durability\u200b\u200b: Wear-resistant liners ... Ler mais","og_url":"https:\/\/hengxingmachinery.com\/pt\/silica-sand-ball-mill\/","og_site_name":"Hengxing Machinery","article_modified_time":"2025-04-11T08:57:29+00:00","og_image":[{"url":"https:\/\/hengxingmachinery.com\/wp-content\/uploads\/2025\/04\/silica-sand-grinding-ball-mill.jpg","type":"","width":"","height":""}],"twitter_card":"summary_large_image","twitter_misc":{"Tempo estimado de leitura":"3 minutos"},"schema":{"@context":"https:\/\/schema.org","@graph":[{"@type":"WebPage","@id":"https:\/\/hengxingmachinery.com\/silica-sand-ball-mill\/","url":"https:\/\/hengxingmachinery.com\/silica-sand-ball-mill\/","name":"3-1. Moinho de bolas para areia de s\u00edlica - Hengxing Machinery","isPartOf":{"@id":"https:\/\/hengxingmachinery.com\/#website"},"primaryImageOfPage":{"@id":"https:\/\/hengxingmachinery.com\/silica-sand-ball-mill\/#primaryimage"},"image":{"@id":"https:\/\/hengxingmachinery.com\/silica-sand-ball-mill\/#primaryimage"},"thumbnailUrl":"https:\/\/hengxingmachinery.com\/wp-content\/uploads\/2025\/04\/silica-sand-grinding-ball-mill.jpg","datePublished":"2025-04-11T06:55:57+00:00","dateModified":"2025-04-11T08:57:29+00:00","breadcrumb":{"@id":"https:\/\/hengxingmachinery.com\/silica-sand-ball-mill\/#breadcrumb"},"inLanguage":"pt-PT","potentialAction":[{"@type":"ReadAction","target":["https:\/\/hengxingmachinery.com\/silica-sand-ball-mill\/"]}]},{"@type":"ImageObject","inLanguage":"pt-PT","@id":"https:\/\/hengxingmachinery.com\/silica-sand-ball-mill\/#primaryimage","url":"https:\/\/hengxingmachinery.com\/wp-content\/uploads\/2025\/04\/silica-sand-grinding-ball-mill.jpg","contentUrl":"https:\/\/hengxingmachinery.com\/wp-content\/uploads\/2025\/04\/silica-sand-grinding-ball-mill.jpg"},{"@type":"BreadcrumbList","@id":"https:\/\/hengxingmachinery.com\/silica-sand-ball-mill\/#breadcrumb","itemListElement":[{"@type":"ListItem","position":1,"name":"Home","item":"https:\/\/hengxingmachinery.com\/"},{"@type":"ListItem","position":2,"name":"3-1. Silica sand ball mill"}]},{"@type":"WebSite","@id":"https:\/\/hengxingmachinery.com\/#website","url":"https:\/\/hengxingmachinery.com\/","name":"M\u00e1quinas Hengxing","description":"Fabricante l\u00edder de todos os tipos de m\u00e1quinas de minera\u00e7\u00e3o","publisher":{"@id":"https:\/\/hengxingmachinery.com\/#organization"},"potentialAction":[{"@type":"SearchAction","target":{"@type":"EntryPoint","urlTemplate":"https:\/\/hengxingmachinery.com\/?s={search_term_string}"},"query-input":{"@type":"PropertyValueSpecification","valueRequired":true,"valueName":"search_term_string"}}],"inLanguage":"pt-PT"},{"@type":"Organization","@id":"https:\/\/hengxingmachinery.com\/#organization","name":"M\u00e1quinas Hengxing","url":"https:\/\/hengxingmachinery.com\/","logo":{"@type":"ImageObject","inLanguage":"pt-PT","@id":"https:\/\/hengxingmachinery.com\/#\/schema\/logo\/image\/","url":"https:\/\/hengxingmachinery.com\/wp-content\/uploads\/2024\/12\/logo.png","contentUrl":"https:\/\/hengxingmachinery.com\/wp-content\/uploads\/2024\/12\/logo.png","width":400,"height":260,"caption":"Hengxing Machinery"},"image":{"@id":"https:\/\/hengxingmachinery.com\/#\/schema\/logo\/image\/"}}]}},"_links":{"self":[{"href":"https:\/\/hengxingmachinery.com\/pt\/wp-json\/wp\/v2\/pages\/2787","targetHints":{"allow":["GET"]}}],"collection":[{"href":"https:\/\/hengxingmachinery.com\/pt\/wp-json\/wp\/v2\/pages"}],"about":[{"href":"https:\/\/hengxingmachinery.com\/pt\/wp-json\/wp\/v2\/types\/page"}],"author":[{"embeddable":true,"href":"https:\/\/hengxingmachinery.com\/pt\/wp-json\/wp\/v2\/users\/1"}],"replies":[{"embeddable":true,"href":"https:\/\/hengxingmachinery.com\/pt\/wp-json\/wp\/v2\/comments?post=2787"}],"version-history":[{"count":5,"href":"https:\/\/hengxingmachinery.com\/pt\/wp-json\/wp\/v2\/pages\/2787\/revisions"}],"predecessor-version":[{"id":2823,"href":"https:\/\/hengxingmachinery.com\/pt\/wp-json\/wp\/v2\/pages\/2787\/revisions\/2823"}],"wp:attachment":[{"href":"https:\/\/hengxingmachinery.com\/pt\/wp-json\/wp\/v2\/media?parent=2787"}],"curies":[{"name":"wp","href":"https:\/\/api.w.org\/{rel}","templated":true}]}}