{"id":2803,"date":"2025-04-11T07:45:56","date_gmt":"2025-04-11T07:45:56","guid":{"rendered":"https:\/\/hengxingmachinery.com\/?page_id=2803"},"modified":"2025-04-11T09:00:04","modified_gmt":"2025-04-11T09:00:04","slug":"quartz-ball-mill","status":"publish","type":"page","link":"https:\/\/hengxingmachinery.com\/pt\/quartz-ball-mill\/","title":{"rendered":"3-1. Moinho de bolas de quartzo"},"content":{"rendered":"<div class=\"gb-container gb-container-45165f5a\">\n<div class=\"gb-container gb-container-c2652eb4\">\n\n<h1 class=\"gb-headline gb-headline-62a8b2cc gb-headline-text\">Moinho de bolas para quartzo<\/h1>\n\n<\/div>\n<\/div>\n\n<div class=\"gb-container gb-container-519cf624\">\n<div class=\"gb-container gb-container-71ca071e\">\n<div class=\"gb-grid-wrapper gb-grid-wrapper-8a5f0688\">\n<div class=\"gb-grid-column gb-grid-column-1e99b1c2\"><div class=\"gb-container gb-container-1e99b1c2\">\n\n<figure class=\"gb-block-image gb-block-image-e4eaba54\"><img decoding=\"async\" width=\"665\" height=\"545\" class=\"gb-image gb-image-e4eaba54\" src=\"https:\/\/hengxingmachinery.com\/wp-content\/uploads\/2025\/04\/quartz-ball-milling-machine-supplier.jpg\" alt=\"\" title=\"fornecedor de m\u00e1quina de moagem de bolas para quartzo\" srcset=\"https:\/\/hengxingmachinery.com\/wp-content\/uploads\/2025\/04\/quartz-ball-milling-machine-supplier.jpg 665w, https:\/\/hengxingmachinery.com\/wp-content\/uploads\/2025\/04\/quartz-ball-milling-machine-supplier-300x246.jpg 300w, https:\/\/hengxingmachinery.com\/wp-content\/uploads\/2025\/04\/quartz-ball-milling-machine-supplier-15x12.jpg 15w\" sizes=\"(max-width: 665px) 100vw, 665px\" \/><\/figure>\n\n<\/div><\/div>\n\n<div class=\"gb-grid-column gb-grid-column-bcae065b\"><div class=\"gb-container gb-container-bcae065b\">\n\n<p>Um moinho de bolas para quartzo \u00e9 uma m\u00e1quina de moagem de precis\u00e3o projetada especificamente para processar quartzo cristalino (di\u00f3xido de sil\u00edcio, SiO\u2082) em p\u00f3s finos com \u200b\u200btamanhos de part\u00edcula rigidamente controlados\u200b\u200b (tipicamente 1\u2013200 \u03bcm). <\/p>\n\n\n\n<p>Reconhecido por sua capacidade de manter \u200b\u200balta pureza do material\u200b\u200b e \u200b\u200bsa\u00edda consistente\u200b\u200b, ele aborda os desafios impostos pela dureza inerente do quartzo (7 na escala de Mohs) e sua in\u00e9rcia qu\u00edmica. <\/p>\n\n\n\n<p>Ao ajustar par\u00e2metros operacionais como \u200b\u200bvelocidade de rota\u00e7\u00e3o\u200b\u200b, \u200b\u200btamanho da m\u00eddia de moagem\u200b\u200b e \u200b\u200btempo de processamento\u200b\u200b, o moinho alcan\u00e7a distribui\u00e7\u00f5es de part\u00edculas personalizadas, tornando-o indispens\u00e1vel para aplica\u00e7\u00f5es que v\u00e3o desde o polimento de vidros \u00f3pticos at\u00e9 comp\u00f3sitos cer\u00e2micos avan\u00e7ados.<\/p>\n\n\n<div class=\"gb-grid-wrapper gb-grid-wrapper-eebec76e\">\n<div class=\"gb-grid-column gb-grid-column-e3ada2f0\"><div class=\"gb-container gb-container-e3ada2f0\">\n\n<p class=\"gb-headline gb-headline-4c79a90a gb-headline-text\"><mark style=\"background-color:rgba(0, 0, 0, 0)\" class=\"has-inline-color has-global-color-8-color\"><strong>Pot\u00eancia do motor:<\/strong><\/mark>18,5\u20134500 kW<\/p>\n\n<\/div><\/div>\n\n<div class=\"gb-grid-column gb-grid-column-0bb00826\"><div class=\"gb-container gb-container-0bb00826\">\n\n<p class=\"gb-headline gb-headline-86d53f56 gb-headline-text\"><mark style=\"background-color:rgba(0, 0, 0, 0)\" class=\"has-inline-color has-global-color-8-color\"><strong>Capacidade:<\/strong><\/mark> 0,65\u2013615 t\/h<\/p>\n\n<\/div><\/div>\n<\/div>\n\n<div class=\"gb-container gb-container-256e15f1\">\n\n<a class=\"gb-button gb-button-e8b73d89 gb-button-text\" href=\"#popmake-622\">Obtenha uma cota\u00e7\u00e3o gratuita agora<\/a>\n\n<\/div>\n<\/div><\/div>\n<\/div>\n<\/div>\n<\/div>\n\n<div class=\"gb-container gb-container-b24071b3\">\n<div class=\"gb-container gb-container-60584794\">\n\n<h2 class=\"gb-headline gb-headline-5e7d8f8c gb-headline-text\">Aplica\u00e7\u00e3o do moinho de bolas para quartzo<\/h2>\n\n\n\n<p>\u200b<strong>\u200bEletr\u00f4nica e Semicondutores\u200b<\/strong>\u200b: Produz p\u00f3 de quartzo ultrapuro para wafers de sil\u00edcio e substratos de microchips.<\/p>\n\n\n\n<p>\u200b<strong>\u200bEnergia Solar\u200b<\/strong>\u200b: Moagem de quartzo para fabrica\u00e7\u00e3o de c\u00e9lulas fotovoltaicas.<\/p>\n\n\n\n<p>\u200b<strong>\u200bVidro \u00d3ptico\u200b<\/strong>\u200b: Prepara p\u00f3 de quartzo de alta transpar\u00eancia para lentes e fibras \u00f3pticas.<\/p>\n\n\n\n<p>\u200b<strong>\u200bCer\u00e2micas e Refrat\u00e1rios\u200b<\/strong>\u200b: Processa quartzo para materiais resistentes ao calor e esmaltes cer\u00e2micos.<\/p>\n\n\n\n<p>\u200b<strong>\u200bProdutos Qu\u00edmicos\u200b<\/strong>\u200b: Utilizado na s\u00edntese de compostos de sil\u00edcio, como siliconas e silanos.<\/p>\n\n\n\n<p>\u200b<strong>\u200bAbrasivos\u200b<\/strong>\u200b: Fabrica p\u00f3s finos de quartzo para ferramentas de polimento e corte.<\/p>\n\n\n<div class=\"gb-container gb-container-1f0dc6f2\">\n\n<a class=\"gb-button gb-button-6c09f29e gb-button-text\" href=\"#popmake-622\">Obtenha uma cota\u00e7\u00e3o gratuita agora<\/a>\n\n<\/div>\n<\/div>\n<\/div>\n\n<div class=\"gb-container gb-container-8d8b4afc\">\n<div class=\"gb-container gb-container-f2c44112\">\n\n<h2 class=\"gb-headline gb-headline-602757fa gb-headline-text\">Caracter\u00edsticas do moinho de bolas para quartzo<\/h2>\n\n\n\n<figure class=\"gb-block-image gb-block-image-db4c5409\"><img decoding=\"async\" width=\"1200\" height=\"580\" class=\"gb-image gb-image-db4c5409\" src=\"https:\/\/hengxingmachinery.com\/wp-content\/uploads\/2025\/04\/quartz-ball-milling-machine-3.jpg\" alt=\"\" title=\"m\u00e1quina de moagem de bolas para quartzo\" srcset=\"https:\/\/hengxingmachinery.com\/wp-content\/uploads\/2025\/04\/quartz-ball-milling-machine-3.jpg 1200w, https:\/\/hengxingmachinery.com\/wp-content\/uploads\/2025\/04\/quartz-ball-milling-machine-3-300x145.jpg 300w, https:\/\/hengxingmachinery.com\/wp-content\/uploads\/2025\/04\/quartz-ball-milling-machine-3-1024x495.jpg 1024w, https:\/\/hengxingmachinery.com\/wp-content\/uploads\/2025\/04\/quartz-ball-milling-machine-3-768x371.jpg 768w, https:\/\/hengxingmachinery.com\/wp-content\/uploads\/2025\/04\/quartz-ball-milling-machine-3-18x9.jpg 18w\" sizes=\"(max-width: 1200px) 100vw, 1200px\" \/><\/figure>\n\n\n\n<p><strong>1. <\/strong>\u200b<strong>\u200bAlta Pureza\u200b<\/strong>\u200b: Revestimentos cer\u00e2micos ou de s\u00edlica previnem contamina\u00e7\u00e3o durante a moagem.<\/p>\n\n\n\n<p>\u200b<strong>\u200b2. Moagem de Precis\u00e3o\u200b<\/strong>\u200b: Par\u00e2metros ajust\u00e1veis (velocidade, tempo, tamanho da bola) garantem tamanhos de part\u00edcula de \u200b<strong>\u200b<\/strong>5 \u03bcm a 200 \u03bcm\u200b\u200b.<\/p>\n\n\n\n<p>\u200b<strong>\u200b3. Durabilidade\u200b<\/strong>\u200b: Resistente \u00e0 abras\u00e3o da dureza do quartzo (7 Mohs).<\/p>\n\n\n\n<p>\u200b<strong>\u200b4. Efici\u00eancia Energ\u00e9tica\u200b<\/strong>\u200b: Sistemas de motor otimizados reduzem o consumo de energia.<\/p>\n\n\n\n<p>\u200b<strong>\u200b5. Versatilidade\u200b<\/strong>\u200b: Suporta modos de moagem a seco e \u00famido.<\/p>\n\n\n<div class=\"gb-container gb-container-63dc3c06\">\n\n<a class=\"gb-button gb-button-a6821353 gb-button-text\" href=\"#popmake-622\">Obtenha uma cota\u00e7\u00e3o gratuita agora<\/a>\n\n<\/div>\n<\/div>\n<\/div>\n\n<div class=\"gb-container gb-container-435ad261\">\n<div class=\"gb-container gb-container-7dc79cc4\">\n\n<h2 class=\"gb-headline gb-headline-6fe5dee2 gb-headline-text\">Especifica\u00e7\u00f5es do moinho de bolas para quartzo<\/h2>\n\n\n\n<figure class=\"wp-block-table is-style-stripes\"><table class=\"has-fixed-layout\"><tbody><tr><th>Especifica\u00e7\u00e3o (mm)<\/th><th>Capacidade (t\/h)<\/th><th>Velocidade de Rota\u00e7\u00e3o (r\/min)<\/th><th>Carga da M\u00eddia de Moagem (t)<\/th><th>Tamanho de Sa\u00edda (mm)<\/th><th>Pot\u00eancia do Motor (kW)<\/th><th>Peso (t)<\/th><\/tr><tr><td>\u03c6900\u00d71800<\/td><td>0.65-2<\/td><td>36<\/td><td>1.5<\/td><td>0.075-0.89<\/td><td>18.5<\/td><td>5.85<\/td><\/tr><tr><td>\u03c6900\u00d73000<\/td><td>1.1-3.5<\/td><td>38<\/td><td>2.7<\/td><td>0.075-0.89<\/td><td>22<\/td><td>6.98<\/td><\/tr><tr><td>\u03c61500\u00d73000<\/td><td>2-5<\/td><td>29.7<\/td><td>7.5<\/td><td>0.074-0.4<\/td><td>75<\/td><td>19.5<\/td><\/tr><tr><td>\u03c61500\u00d75700<\/td><td>3.5-6<\/td><td>27<\/td><td>12<\/td><td>0.074-0.4<\/td><td>130<\/td><td>25.8<\/td><\/tr><tr><td>\u03c61830\u00d73000<\/td><td>4-10<\/td><td>25.4<\/td><td>11<\/td><td>0.074-0.4<\/td><td>130<\/td><td>34.5<\/td><\/tr><tr><td>\u03c61830\u00d76400<\/td><td>6.5-15<\/td><td>24.1<\/td><td>21<\/td><td>0.074-0.4<\/td><td>210<\/td><td>43<\/td><\/tr><tr><td>\u03c62100\u00d73000<\/td><td>6.5-36<\/td><td>23.7<\/td><td>15<\/td><td>0.074-0.4<\/td><td>155<\/td><td>45<\/td><\/tr><tr><td>\u03c62200\u00d74500<\/td><td>9-45<\/td><td>21.5<\/td><td>27<\/td><td>0.074-0.4<\/td><td>280<\/td><td>54.5<\/td><\/tr><tr><td>\u03c62200\u00d76500<\/td><td>14-26<\/td><td>21.7<\/td><td>35<\/td><td>0.074-0.4<\/td><td>380<\/td><td>61<\/td><\/tr><tr><td>\u03c62200\u00d77000<\/td><td>15-28<\/td><td>21.7<\/td><td>35<\/td><td>0.074-0.4<\/td><td>380<\/td><td>62.5<\/td><\/tr><tr><td>\u03c62200\u00d77500<\/td><td>15-30<\/td><td>21.7<\/td><td>35<\/td><td>0.074-0.4<\/td><td>380<\/td><td>64.8<\/td><\/tr><tr><td>\u03c62400\u00d73000<\/td><td>7-50<\/td><td>21<\/td><td>23<\/td><td>0.074-0.4<\/td><td>245<\/td><td>58<\/td><\/tr><tr><td>\u03c62700\u00d74000<\/td><td>22-80<\/td><td>20.7<\/td><td>40<\/td><td>0.074-0.4<\/td><td>380<\/td><td>95<\/td><\/tr><tr><td>\u03c62700\u00d74500<\/td><td>26-90<\/td><td>20.7<\/td><td>48<\/td><td>0.074-0.4<\/td><td>480<\/td><td>102<\/td><\/tr><tr><td>\u03c64500\u00d76400<\/td><td>84-306<\/td><td>15.6<\/td><td>172<\/td><td>0.074-0.4<\/td><td>2000<\/td><td>280<\/td><\/tr><tr><td>\u03c65500\u00d78500<\/td><td>148-615<\/td><td>13.8<\/td><td>338<\/td><td>0.074-0.4<\/td><td>4500<\/td><td>525<\/td><\/tr><\/tbody><\/table><\/figure>\n\n\n<div class=\"gb-container gb-container-263d9700\">\n\n<a class=\"gb-button gb-button-a4cbb7be gb-button-text\" href=\"#popmake-622\">Obtenha uma cota\u00e7\u00e3o gratuita agora<\/a>\n\n<\/div>\n<\/div>\n<\/div>","protected":false},"excerpt":{"rendered":"<p>Quartz ball mill Quartz ball mill application \u200b\u200bElectronics &amp; Semiconductors\u200b\u200b: Produces ultra-pure quartz powder for silicon wafers and microchip substrates. \u200b\u200bSolar Energy\u200b\u200b: Grinds quartz for photovoltaic cell manufacturing. \u200b\u200bOptical Glass\u200b\u200b: Prepares high-transparency quartz powder for lenses and fiber optics. \u200b\u200bCeramics &amp; Refractories\u200b\u200b: Processes quartz for heat-resistant materials and ceramic glazes. \u200b\u200bChemicals\u200b\u200b: Used in synthesizing silicon &#8230; <\/p>\n<p class=\"read-more-container\"><a title=\"3-1. Moinho de bolas de quartzo\" class=\"read-more button\" href=\"https:\/\/hengxingmachinery.com\/pt\/quartz-ball-mill\/#more-2803\" aria-label=\"Leia mais sobre 3-1. Quartz ball mill\">Ler mais<\/a><\/p>","protected":false},"author":1,"featured_media":0,"parent":0,"menu_order":0,"comment_status":"closed","ping_status":"closed","template":"","meta":{"footnotes":""},"class_list":["post-2803","page","type-page","status-publish"],"yoast_head":"<!-- This site is optimized with the Yoast SEO plugin v27.5 - https:\/\/yoast.com\/product\/yoast-seo-wordpress\/ -->\n<title>3-1. Quartz ball mill - Hengxing Machinery<\/title>\n<meta name=\"robots\" content=\"index, follow, max-snippet:-1, max-image-preview:large, max-video-preview:-1\" \/>\n<link rel=\"canonical\" href=\"https:\/\/hengxingmachinery.com\/pt\/quartz-ball-mill\/\" \/>\n<meta property=\"og:locale\" content=\"pt_PT\" \/>\n<meta property=\"og:type\" content=\"article\" \/>\n<meta property=\"og:title\" content=\"3-1. Quartz ball mill - Hengxing Machinery\" \/>\n<meta property=\"og:description\" content=\"Quartz ball mill Quartz ball mill application \u200b\u200bElectronics &amp; Semiconductors\u200b\u200b: Produces ultra-pure quartz powder for silicon wafers and microchip substrates. \u200b\u200bSolar Energy\u200b\u200b: Grinds quartz for photovoltaic cell manufacturing. \u200b\u200bOptical Glass\u200b\u200b: Prepares high-transparency quartz powder for lenses and fiber optics. \u200b\u200bCeramics &amp; Refractories\u200b\u200b: Processes quartz for heat-resistant materials and ceramic glazes. \u200b\u200bChemicals\u200b\u200b: Used in synthesizing silicon ... Ler mais\" \/>\n<meta property=\"og:url\" content=\"https:\/\/hengxingmachinery.com\/pt\/quartz-ball-mill\/\" \/>\n<meta property=\"og:site_name\" content=\"Hengxing Machinery\" \/>\n<meta property=\"article:modified_time\" content=\"2025-04-11T09:00:04+00:00\" \/>\n<meta property=\"og:image\" content=\"https:\/\/hengxingmachinery.com\/wp-content\/uploads\/2025\/04\/quartz-ball-milling-machine-supplier.jpg\" \/>\n<meta name=\"twitter:card\" content=\"summary_large_image\" \/>\n<meta name=\"twitter:label1\" content=\"Tempo estimado de leitura\" \/>\n\t<meta name=\"twitter:data1\" content=\"3 minutos\" \/>\n<script type=\"application\/ld+json\" class=\"yoast-schema-graph\">{\"@context\":\"https:\\\/\\\/schema.org\",\"@graph\":[{\"@type\":\"WebPage\",\"@id\":\"https:\\\/\\\/hengxingmachinery.com\\\/quartz-ball-mill\\\/\",\"url\":\"https:\\\/\\\/hengxingmachinery.com\\\/quartz-ball-mill\\\/\",\"name\":\"3-1. Quartz ball mill - Hengxing Machinery\",\"isPartOf\":{\"@id\":\"https:\\\/\\\/hengxingmachinery.com\\\/#website\"},\"primaryImageOfPage\":{\"@id\":\"https:\\\/\\\/hengxingmachinery.com\\\/quartz-ball-mill\\\/#primaryimage\"},\"image\":{\"@id\":\"https:\\\/\\\/hengxingmachinery.com\\\/quartz-ball-mill\\\/#primaryimage\"},\"thumbnailUrl\":\"https:\\\/\\\/hengxingmachinery.com\\\/wp-content\\\/uploads\\\/2025\\\/04\\\/quartz-ball-milling-machine-supplier.jpg\",\"datePublished\":\"2025-04-11T07:45:56+00:00\",\"dateModified\":\"2025-04-11T09:00:04+00:00\",\"breadcrumb\":{\"@id\":\"https:\\\/\\\/hengxingmachinery.com\\\/quartz-ball-mill\\\/#breadcrumb\"},\"inLanguage\":\"pt-PT\",\"potentialAction\":[{\"@type\":\"ReadAction\",\"target\":[\"https:\\\/\\\/hengxingmachinery.com\\\/quartz-ball-mill\\\/\"]}]},{\"@type\":\"ImageObject\",\"inLanguage\":\"pt-PT\",\"@id\":\"https:\\\/\\\/hengxingmachinery.com\\\/quartz-ball-mill\\\/#primaryimage\",\"url\":\"https:\\\/\\\/hengxingmachinery.com\\\/wp-content\\\/uploads\\\/2025\\\/04\\\/quartz-ball-milling-machine-supplier.jpg\",\"contentUrl\":\"https:\\\/\\\/hengxingmachinery.com\\\/wp-content\\\/uploads\\\/2025\\\/04\\\/quartz-ball-milling-machine-supplier.jpg\"},{\"@type\":\"BreadcrumbList\",\"@id\":\"https:\\\/\\\/hengxingmachinery.com\\\/quartz-ball-mill\\\/#breadcrumb\",\"itemListElement\":[{\"@type\":\"ListItem\",\"position\":1,\"name\":\"Home\",\"item\":\"https:\\\/\\\/hengxingmachinery.com\\\/\"},{\"@type\":\"ListItem\",\"position\":2,\"name\":\"3-1. Quartz ball mill\"}]},{\"@type\":\"WebSite\",\"@id\":\"https:\\\/\\\/hengxingmachinery.com\\\/#website\",\"url\":\"https:\\\/\\\/hengxingmachinery.com\\\/\",\"name\":\"Hengxing Machinery\",\"description\":\"Leading Manufacturer of All Sorts of Mining Machinery\",\"publisher\":{\"@id\":\"https:\\\/\\\/hengxingmachinery.com\\\/#organization\"},\"potentialAction\":[{\"@type\":\"SearchAction\",\"target\":{\"@type\":\"EntryPoint\",\"urlTemplate\":\"https:\\\/\\\/hengxingmachinery.com\\\/?s={search_term_string}\"},\"query-input\":{\"@type\":\"PropertyValueSpecification\",\"valueRequired\":true,\"valueName\":\"search_term_string\"}}],\"inLanguage\":\"pt-PT\"},{\"@type\":\"Organization\",\"@id\":\"https:\\\/\\\/hengxingmachinery.com\\\/#organization\",\"name\":\"Hengxing Machinery\",\"url\":\"https:\\\/\\\/hengxingmachinery.com\\\/\",\"logo\":{\"@type\":\"ImageObject\",\"inLanguage\":\"pt-PT\",\"@id\":\"https:\\\/\\\/hengxingmachinery.com\\\/#\\\/schema\\\/logo\\\/image\\\/\",\"url\":\"https:\\\/\\\/hengxingmachinery.com\\\/wp-content\\\/uploads\\\/2024\\\/12\\\/logo.png\",\"contentUrl\":\"https:\\\/\\\/hengxingmachinery.com\\\/wp-content\\\/uploads\\\/2024\\\/12\\\/logo.png\",\"width\":400,\"height\":260,\"caption\":\"Hengxing Machinery\"},\"image\":{\"@id\":\"https:\\\/\\\/hengxingmachinery.com\\\/#\\\/schema\\\/logo\\\/image\\\/\"}}]}<\/script>\n<!-- \/ Yoast SEO plugin. -->","yoast_head_json":{"title":"3-1. Moinho de bolas de quartzo - Hengxing Machinery","robots":{"index":"index","follow":"follow","max-snippet":"max-snippet:-1","max-image-preview":"max-image-preview:large","max-video-preview":"max-video-preview:-1"},"canonical":"https:\/\/hengxingmachinery.com\/pt\/quartz-ball-mill\/","og_locale":"pt_PT","og_type":"article","og_title":"3-1. Quartz ball mill - Hengxing Machinery","og_description":"Quartz ball mill Quartz ball mill application \u200b\u200bElectronics &amp; Semiconductors\u200b\u200b: Produces ultra-pure quartz powder for silicon wafers and microchip substrates. \u200b\u200bSolar Energy\u200b\u200b: Grinds quartz for photovoltaic cell manufacturing. \u200b\u200bOptical Glass\u200b\u200b: Prepares high-transparency quartz powder for lenses and fiber optics. \u200b\u200bCeramics &amp; Refractories\u200b\u200b: Processes quartz for heat-resistant materials and ceramic glazes. \u200b\u200bChemicals\u200b\u200b: Used in synthesizing silicon ... Ler mais","og_url":"https:\/\/hengxingmachinery.com\/pt\/quartz-ball-mill\/","og_site_name":"Hengxing Machinery","article_modified_time":"2025-04-11T09:00:04+00:00","og_image":[{"url":"https:\/\/hengxingmachinery.com\/wp-content\/uploads\/2025\/04\/quartz-ball-milling-machine-supplier.jpg","type":"","width":"","height":""}],"twitter_card":"summary_large_image","twitter_misc":{"Tempo estimado de leitura":"3 minutos"},"schema":{"@context":"https:\/\/schema.org","@graph":[{"@type":"WebPage","@id":"https:\/\/hengxingmachinery.com\/quartz-ball-mill\/","url":"https:\/\/hengxingmachinery.com\/quartz-ball-mill\/","name":"3-1. Moinho de bolas de quartzo - Hengxing Machinery","isPartOf":{"@id":"https:\/\/hengxingmachinery.com\/#website"},"primaryImageOfPage":{"@id":"https:\/\/hengxingmachinery.com\/quartz-ball-mill\/#primaryimage"},"image":{"@id":"https:\/\/hengxingmachinery.com\/quartz-ball-mill\/#primaryimage"},"thumbnailUrl":"https:\/\/hengxingmachinery.com\/wp-content\/uploads\/2025\/04\/quartz-ball-milling-machine-supplier.jpg","datePublished":"2025-04-11T07:45:56+00:00","dateModified":"2025-04-11T09:00:04+00:00","breadcrumb":{"@id":"https:\/\/hengxingmachinery.com\/quartz-ball-mill\/#breadcrumb"},"inLanguage":"pt-PT","potentialAction":[{"@type":"ReadAction","target":["https:\/\/hengxingmachinery.com\/quartz-ball-mill\/"]}]},{"@type":"ImageObject","inLanguage":"pt-PT","@id":"https:\/\/hengxingmachinery.com\/quartz-ball-mill\/#primaryimage","url":"https:\/\/hengxingmachinery.com\/wp-content\/uploads\/2025\/04\/quartz-ball-milling-machine-supplier.jpg","contentUrl":"https:\/\/hengxingmachinery.com\/wp-content\/uploads\/2025\/04\/quartz-ball-milling-machine-supplier.jpg"},{"@type":"BreadcrumbList","@id":"https:\/\/hengxingmachinery.com\/quartz-ball-mill\/#breadcrumb","itemListElement":[{"@type":"ListItem","position":1,"name":"Home","item":"https:\/\/hengxingmachinery.com\/"},{"@type":"ListItem","position":2,"name":"3-1. Quartz ball mill"}]},{"@type":"WebSite","@id":"https:\/\/hengxingmachinery.com\/#website","url":"https:\/\/hengxingmachinery.com\/","name":"M\u00e1quinas Hengxing","description":"Fabricante l\u00edder de todos os tipos de m\u00e1quinas de minera\u00e7\u00e3o","publisher":{"@id":"https:\/\/hengxingmachinery.com\/#organization"},"potentialAction":[{"@type":"SearchAction","target":{"@type":"EntryPoint","urlTemplate":"https:\/\/hengxingmachinery.com\/?s={search_term_string}"},"query-input":{"@type":"PropertyValueSpecification","valueRequired":true,"valueName":"search_term_string"}}],"inLanguage":"pt-PT"},{"@type":"Organization","@id":"https:\/\/hengxingmachinery.com\/#organization","name":"M\u00e1quinas Hengxing","url":"https:\/\/hengxingmachinery.com\/","logo":{"@type":"ImageObject","inLanguage":"pt-PT","@id":"https:\/\/hengxingmachinery.com\/#\/schema\/logo\/image\/","url":"https:\/\/hengxingmachinery.com\/wp-content\/uploads\/2024\/12\/logo.png","contentUrl":"https:\/\/hengxingmachinery.com\/wp-content\/uploads\/2024\/12\/logo.png","width":400,"height":260,"caption":"Hengxing Machinery"},"image":{"@id":"https:\/\/hengxingmachinery.com\/#\/schema\/logo\/image\/"}}]}},"_links":{"self":[{"href":"https:\/\/hengxingmachinery.com\/pt\/wp-json\/wp\/v2\/pages\/2803","targetHints":{"allow":["GET"]}}],"collection":[{"href":"https:\/\/hengxingmachinery.com\/pt\/wp-json\/wp\/v2\/pages"}],"about":[{"href":"https:\/\/hengxingmachinery.com\/pt\/wp-json\/wp\/v2\/types\/page"}],"author":[{"embeddable":true,"href":"https:\/\/hengxingmachinery.com\/pt\/wp-json\/wp\/v2\/users\/1"}],"replies":[{"embeddable":true,"href":"https:\/\/hengxingmachinery.com\/pt\/wp-json\/wp\/v2\/comments?post=2803"}],"version-history":[{"count":4,"href":"https:\/\/hengxingmachinery.com\/pt\/wp-json\/wp\/v2\/pages\/2803\/revisions"}],"predecessor-version":[{"id":2830,"href":"https:\/\/hengxingmachinery.com\/pt\/wp-json\/wp\/v2\/pages\/2803\/revisions\/2830"}],"wp:attachment":[{"href":"https:\/\/hengxingmachinery.com\/pt\/wp-json\/wp\/v2\/media?parent=2803"}],"curies":[{"name":"wp","href":"https:\/\/api.w.org\/{rel}","templated":true}]}}