{"id":2936,"date":"2025-08-22T08:21:14","date_gmt":"2025-08-22T08:21:14","guid":{"rendered":"https:\/\/hengxingmachinery.com\/?page_id=2936"},"modified":"2025-08-22T08:22:50","modified_gmt":"2025-08-22T08:22:50","slug":"coal-powder-briquette-press-machine-ss","status":"publish","type":"page","link":"https:\/\/hengxingmachinery.com\/pt\/coal-powder-briquette-press-machine-ss\/","title":{"rendered":"8-2. M\u00e1quina de prensagem de briquetes de p\u00f3 de carv\u00e3o ss"},"content":{"rendered":"<div class=\"gb-container gb-container-45165f5a\">\n<div class=\"gb-container gb-container-c2652eb4\">\n\n<h1 class=\"gb-headline gb-headline-62a8b2cc gb-headline-text\">M\u00e1quina de prensagem de briquetes de p\u00f3 de carv\u00e3o<\/h1>\n\n<\/div>\n<\/div>\n\n<div class=\"gb-container gb-container-519cf624\">\n<div class=\"gb-container gb-container-71ca071e\">\n<div class=\"gb-grid-wrapper gb-grid-wrapper-8a5f0688\">\n<div class=\"gb-grid-column gb-grid-column-1e99b1c2\"><div class=\"gb-container gb-container-1e99b1c2\">\n\n<figure class=\"gb-block-image gb-block-image-e4eaba54\"><img decoding=\"async\" width=\"665\" height=\"545\" class=\"gb-image gb-image-e4eaba54\" src=\"https:\/\/hengxingmachinery.com\/wp-content\/uploads\/2025\/03\/coal-powder-briquette-pressing-machine.jpg\" alt=\"\" title=\"M\u00e1quina de prensagem de briquetes de p\u00f3 de carv\u00e3o\" srcset=\"https:\/\/hengxingmachinery.com\/wp-content\/uploads\/2025\/03\/coal-powder-briquette-pressing-machine.jpg 665w, https:\/\/hengxingmachinery.com\/wp-content\/uploads\/2025\/03\/coal-powder-briquette-pressing-machine-300x246.jpg 300w, https:\/\/hengxingmachinery.com\/wp-content\/uploads\/2025\/03\/coal-powder-briquette-pressing-machine-15x12.jpg 15w\" sizes=\"(max-width: 665px) 100vw, 665px\" \/><\/figure>\n\n<\/div><\/div>\n\n<div class=\"gb-grid-column gb-grid-column-bcae065b\"><div class=\"gb-container gb-container-bcae065b\">\n\n<p><\/p>\n\n\n<div class=\"gb-grid-wrapper gb-grid-wrapper-eebec76e\">\n<div class=\"gb-grid-column gb-grid-column-e3ada2f0\"><div class=\"gb-container gb-container-e3ada2f0\">\n\n<p class=\"gb-headline gb-headline-4c79a90a gb-headline-text\"><mark style=\"background-color:rgba(0, 0, 0, 0)\" class=\"has-inline-color has-global-color-8-color\"><strong>Capacidade:<\/strong><\/mark> 0,8\u201330 t\/h<\/p>\n\n\n\n<p><\/p>\n\n<\/div><\/div>\n\n<div class=\"gb-grid-column gb-grid-column-0bb00826\"><div class=\"gb-container gb-container-0bb00826\">\n\n<p class=\"gb-headline gb-headline-86d53f56 gb-headline-text\"><mark style=\"background-color:rgba(0, 0, 0, 0)\" class=\"has-inline-color has-global-color-8-color\"><strong><strong><strong>Pot\u00eancia (Kw)<\/strong><\/strong>:<\/strong><\/mark> 5.5-130<\/p>\n\n\n\n<p><\/p>\n\n<\/div><\/div>\n<\/div>\n\n\n<p class=\"gb-headline gb-headline-2750f5a7 gb-headline-text\"><strong>Aplica\u00e7\u00e3o:<\/strong><\/p>\n\n\n\n<p><mark style=\"background-color:rgba(0, 0, 0, 0)\" class=\"has-inline-color has-contrast-color\">Uma m\u00e1quina de briquetagem de carv\u00e3o \u00e9 utilizada para transformar finos de carv\u00e3o, finos de coque, p\u00f3 de carv\u00e3o vegetal, negro de fumo, finos de min\u00e9rio de ferro, finos de ferro fundido, carepa, finos de min\u00e9rio de mangan\u00eas e outros materiais em p\u00f3 em briquetes. <\/mark><\/p>\n\n\n\n<p><mark style=\"background-color:rgba(0, 0, 0, 0)\" class=\"has-inline-color has-contrast-color\">Estes briquetes podem ser projetados em formato oval, de ovo, de travesseiro, quadrado, etc. Esta m\u00e1quina \u00e9 amplamente utilizada nas ind\u00fastrias de carv\u00e3o e metalurgia.<\/mark><\/p>\n\n\n<div class=\"gb-container gb-container-256e15f1\">\n\n<a class=\"gb-button gb-button-e8b73d89 gb-button-text\" href=\"#popmake-622\">Obtenha uma cota\u00e7\u00e3o gratuita agora<\/a>\n\n<\/div>\n<\/div><\/div>\n<\/div>\n<\/div>\n<\/div>\n\n<div class=\"gb-container gb-container-af5f8799\">\n<div class=\"gb-container gb-container-2298848b\">\n\n<h2 class=\"gb-headline gb-headline-9d27ad2c gb-headline-text\">Caracter\u00edsticas da prensa de briquetagem de p\u00f3 de carv\u00e3o<\/h2>\n\n\n\n<p>1. O material possui um bom efeito de extrus\u00e3o, alta taxa de forma\u00e7\u00e3o de esferas e alta resist\u00eancia das esferas.<\/p>\n\n\n\n<p>2. Estrutura compacta, peso leve e longa vida \u00fatil.<\/p>\n\n\n\n<p>3. A otimiza\u00e7\u00e3o da estrutura principal de transmiss\u00e3o n\u00e3o apenas facilita a fabrica\u00e7\u00e3o, instala\u00e7\u00e3o, ajuste e manuten\u00e7\u00e3o, mas tamb\u00e9m reduz o peso do equipamento, garantindo plenamente a qualidade. Ao mesmo tempo, reduz o investimento do usu\u00e1rio em infraestrutura.<\/p>\n\n\n\n<p>4. Desmoldagem suave, baixo ru\u00eddo e menos poeira.<\/p>\n\n\n<div class=\"gb-container gb-container-d7b7b595\">\n\n<a class=\"gb-button gb-button-c1312760 gb-button-text\" href=\"#popmake-622\">Obtenha uma cota\u00e7\u00e3o gratuita agora<\/a>\n\n<\/div>\n<\/div>\n<\/div>\n\n<div class=\"gb-container gb-container-ebd718b6\">\n<div class=\"gb-container gb-container-ae7c516c\">\n<div class=\"gb-container gb-container-5c75b960\">\n\n<h2 class=\"gb-headline gb-headline-98859344 gb-headline-text\">Princ\u00edpio de funcionamento da prensa de briquetagem de p\u00f3 de carv\u00e3o<\/h2>\n\n\n\n<figure class=\"gb-block-image gb-block-image-56f3f481\"><img decoding=\"async\" width=\"600\" height=\"400\" class=\"gb-image gb-image-56f3f481\" src=\"https:\/\/hengxingmachinery.com\/wp-content\/uploads\/2025\/03\/coal-powder-briquette-press-machine-1.jpg\" alt=\"\" title=\"prensa para briquetagem de p\u00f3 de carv\u00e3o\" srcset=\"https:\/\/hengxingmachinery.com\/wp-content\/uploads\/2025\/03\/coal-powder-briquette-press-machine-1.jpg 600w, https:\/\/hengxingmachinery.com\/wp-content\/uploads\/2025\/03\/coal-powder-briquette-press-machine-1-300x200.jpg 300w, https:\/\/hengxingmachinery.com\/wp-content\/uploads\/2025\/03\/coal-powder-briquette-press-machine-1-18x12.jpg 18w\" sizes=\"(max-width: 600px) 100vw, 600px\" \/><\/figure>\n\n\n\n<p><\/p>\n\n\n\n<p>A m\u00e1quina de briquetagem de p\u00f3 de carv\u00e3o desempenha um papel importante no processo de conforma\u00e7\u00e3o, e a roda perfilada \u00e9 a parte central do equipamento. O equipamento inclui um par de rodas de mesmo di\u00e2metro e eixos paralelos com uma certa folga. Existem cavidades hemisf\u00e9ricas com arranjo regular, mesmo tamanho e formato uniforme na roda fundida.<\/p>\n\n\n\n<p>Quando o motor inicia o funcionamento, o par de rodas come\u00e7a a girar na mesma velocidade, em sentidos opostos. Quando o material passa pela jun\u00e7\u00e3o do par de rodas, \u00e9 comprimido e tem seu volume reduzido sob press\u00e3o. Com a rota\u00e7\u00e3o cont\u00ednua da roda de moldagem, a cavidade da esfera se fecha lentamente, o material \u00e9 submetido a uma for\u00e7a maior e o volume \u00e9 ainda mais comprimido. <\/p>\n\n\n\n<p>Quando a dist\u00e2ncia entre as cavidades da esfera \u00e9 extremamente curta, atinge-se uma grande press\u00e3o de moldagem. Posteriormente, a roda perfilada gira para aumentar gradualmente a dist\u00e2ncia entre as cavidades, e a press\u00e3o de moldagem diminui gradualmente para alcan\u00e7ar o objetivo de remo\u00e7\u00e3o suave da esfera.<\/p>\n\n\n<div class=\"gb-container gb-container-d6bbf16a\">\n\n<a class=\"gb-button gb-button-caa3f2bc gb-button-text\" href=\"#popmake-622\">Obtenha uma cota\u00e7\u00e3o gratuita agora<\/a>\n\n<\/div>\n<\/div>\n<\/div>\n<\/div>\n\n<div class=\"gb-container gb-container-435ad261\">\n<div class=\"gb-container gb-container-7dc79cc4\">\n\n<h2 class=\"gb-headline gb-headline-6fe5dee2 gb-headline-text\">Especifica\u00e7\u00f5es da prensa de briquetagem de p\u00f3 de carv\u00e3o<\/h2>\n\n\n\n<figure class=\"wp-block-table is-style-stripes\"><table class=\"has-fixed-layout\"><tbody><tr><td><strong>Modelo<\/strong>&nbsp;<\/td><td><strong>Redutor&nbsp;<\/strong><\/td><td><strong>Tamanho do rolo&nbsp;<\/strong><\/td><td><strong>Pot\u00eancia (Kw)<\/strong><\/td><td><strong>Produ\u00e7\u00e3o (t\/h)<\/strong><\/td><td><strong>Material do rolo<\/strong><\/td><td><strong>Press\u00e3o do rolo (t\/cm)<\/strong><\/td><\/tr><tr><td>HX290<\/td><td>ZQ300<\/td><td>\u03a6290<\/td><td>5.5<\/td><td>0.8-2<\/td><td>65Mn<\/td><td>1<\/td><\/tr><tr><td>HX 360<\/td><td>ZQ350<\/td><td>\u03a6360<\/td><td>7.5<\/td><td>2-3.5<\/td><td>65Mn\/9Cr2Mo<\/td><td>1<\/td><\/tr><tr><td>HX 400<\/td><td>ZQ400<\/td><td>\u03a6400<\/td><td>11<\/td><td>4-5<\/td><td>65Mn\/9Cr2Mo<\/td><td>1<\/td><\/tr><tr><td>HX 430<\/td><td>ZQ400<\/td><td>\u03a6430<\/td><td>11<\/td><td>5-7<\/td><td>65Mn\/9Cr2Mo<\/td><td>1-2<\/td><\/tr><tr><td>HX 500<\/td><td>ZQ500<\/td><td>\u03a6500<\/td><td>18.5-30<\/td><td>6-8<\/td><td>65Mn\/9Cr2Mo<\/td><td>1-2.5<\/td><\/tr><tr><td>HX 650<\/td><td>ZQ650<\/td><td>\u03a6650<\/td><td>22<\/td><td>8-12<\/td><td>65Mn\/9Cr2Mo<\/td><td>1-2.5<\/td><\/tr><tr><td>HX 750<\/td><td>ZQ750<\/td><td>\u03a6750<\/td><td>30-75<\/td><td>12-18<\/td><td>65Mn\/9Cr2Mo<\/td><td>1-2.5<\/td><\/tr><tr><td>HX 850<\/td><td>ZQ850<\/td><td>\u03a6850<\/td><td>55-90<\/td><td>18-25<\/td><td>65Mn\/9Cr2Mo<\/td><td>1-2.5<\/td><\/tr><tr><td>HX 1000<\/td><td>ZQ1000<\/td><td>\u03a61000<\/td><td>75-130<\/td><td>25-30<\/td><td>65Mn\/9Cr2Mo<\/td><td>2-2.5<\/td><\/tr><\/tbody><\/table><\/figure>\n\n\n<div class=\"gb-container gb-container-263d9700\">\n\n<a class=\"gb-button gb-button-a4cbb7be gb-button-text\" href=\"#popmake-622\">Obtenha uma cota\u00e7\u00e3o gratuita agora<\/a>\n\n<\/div>\n<\/div>\n<\/div>","protected":false},"excerpt":{"rendered":"<p>O material possui um bom efeito de extrus\u00e3o, alta taxa de forma\u00e7\u00e3o de esferas e elevada resist\u00eancia das esferas. <\/p>\n<p class=\"read-more-container\"><a title=\"8-2. M\u00e1quina de prensagem de briquetes de p\u00f3 de carv\u00e3o ss\" class=\"read-more button\" href=\"https:\/\/hengxingmachinery.com\/pt\/coal-powder-briquette-press-machine-ss\/#more-2936\" aria-label=\"Leia mais sobre 8-2. Prensadora de briquetes de p\u00f3 de carv\u00e3o ss\">Ler mais<\/a><\/p>","protected":false},"author":1,"featured_media":0,"parent":0,"menu_order":0,"comment_status":"closed","ping_status":"closed","template":"","meta":{"footnotes":""},"class_list":["post-2936","page","type-page","status-publish"],"yoast_head":"<!-- This site is optimized with the Yoast SEO plugin v27.3 - https:\/\/yoast.com\/product\/yoast-seo-wordpress\/ -->\n<title>8-2. Coal powder briquette press machine ss - Hengxing Machinery<\/title>\n<meta name=\"robots\" content=\"noindex, follow\" \/>\n<meta property=\"og:locale\" content=\"pt_PT\" \/>\n<meta property=\"og:type\" content=\"article\" \/>\n<meta property=\"og:title\" content=\"8-2. Coal powder briquette press machine ss - Hengxing Machinery\" \/>\n<meta property=\"og:description\" content=\"Coal powder briquette press machine Characteristics of coal powder briquette press machine 1. The material has a good extrusion effect, high ball formation rate and high ball strength. 2. Compact structure, light weight and long life. 3. The optimization of the main transmission structure not only facilitates manufacturing, installation, adjustment, and maintenance but also reduces ... Ler mais\" \/>\n<meta property=\"og:url\" content=\"https:\/\/hengxingmachinery.com\/pt\/coal-powder-briquette-press-machine-ss\/\" \/>\n<meta property=\"og:site_name\" content=\"Hengxing Machinery\" \/>\n<meta property=\"article:modified_time\" content=\"2025-08-22T08:22:50+00:00\" \/>\n<meta property=\"og:image\" content=\"https:\/\/hengxingmachinery.com\/wp-content\/uploads\/2025\/03\/coal-powder-briquette-pressing-machine.jpg\" \/>\n<meta name=\"twitter:card\" content=\"summary_large_image\" \/>\n<meta name=\"twitter:label1\" content=\"Tempo estimado de leitura\" \/>\n\t<meta name=\"twitter:data1\" content=\"3 minutos\" \/>\n<script type=\"application\/ld+json\" class=\"yoast-schema-graph\">{\"@context\":\"https:\\\/\\\/schema.org\",\"@graph\":[{\"@type\":\"WebPage\",\"@id\":\"https:\\\/\\\/hengxingmachinery.com\\\/coal-powder-briquette-press-machine-ss\\\/\",\"url\":\"https:\\\/\\\/hengxingmachinery.com\\\/coal-powder-briquette-press-machine-ss\\\/\",\"name\":\"8-2. Coal powder briquette press machine ss - Hengxing Machinery\",\"isPartOf\":{\"@id\":\"https:\\\/\\\/hengxingmachinery.com\\\/#website\"},\"primaryImageOfPage\":{\"@id\":\"https:\\\/\\\/hengxingmachinery.com\\\/coal-powder-briquette-press-machine-ss\\\/#primaryimage\"},\"image\":{\"@id\":\"https:\\\/\\\/hengxingmachinery.com\\\/coal-powder-briquette-press-machine-ss\\\/#primaryimage\"},\"thumbnailUrl\":\"https:\\\/\\\/hengxingmachinery.com\\\/wp-content\\\/uploads\\\/2025\\\/03\\\/coal-powder-briquette-pressing-machine.jpg\",\"datePublished\":\"2025-08-22T08:21:14+00:00\",\"dateModified\":\"2025-08-22T08:22:50+00:00\",\"breadcrumb\":{\"@id\":\"https:\\\/\\\/hengxingmachinery.com\\\/coal-powder-briquette-press-machine-ss\\\/#breadcrumb\"},\"inLanguage\":\"pt-PT\",\"potentialAction\":[{\"@type\":\"ReadAction\",\"target\":[\"https:\\\/\\\/hengxingmachinery.com\\\/coal-powder-briquette-press-machine-ss\\\/\"]}]},{\"@type\":\"ImageObject\",\"inLanguage\":\"pt-PT\",\"@id\":\"https:\\\/\\\/hengxingmachinery.com\\\/coal-powder-briquette-press-machine-ss\\\/#primaryimage\",\"url\":\"https:\\\/\\\/hengxingmachinery.com\\\/wp-content\\\/uploads\\\/2025\\\/03\\\/coal-powder-briquette-pressing-machine.jpg\",\"contentUrl\":\"https:\\\/\\\/hengxingmachinery.com\\\/wp-content\\\/uploads\\\/2025\\\/03\\\/coal-powder-briquette-pressing-machine.jpg\"},{\"@type\":\"BreadcrumbList\",\"@id\":\"https:\\\/\\\/hengxingmachinery.com\\\/coal-powder-briquette-press-machine-ss\\\/#breadcrumb\",\"itemListElement\":[{\"@type\":\"ListItem\",\"position\":1,\"name\":\"Home\",\"item\":\"https:\\\/\\\/hengxingmachinery.com\\\/\"},{\"@type\":\"ListItem\",\"position\":2,\"name\":\"8-2. Coal powder briquette press machine ss\"}]},{\"@type\":\"WebSite\",\"@id\":\"https:\\\/\\\/hengxingmachinery.com\\\/#website\",\"url\":\"https:\\\/\\\/hengxingmachinery.com\\\/\",\"name\":\"Hengxing Machinery\",\"description\":\"Leading Manufacturer of All Sorts of Mining Machinery\",\"publisher\":{\"@id\":\"https:\\\/\\\/hengxingmachinery.com\\\/#organization\"},\"potentialAction\":[{\"@type\":\"SearchAction\",\"target\":{\"@type\":\"EntryPoint\",\"urlTemplate\":\"https:\\\/\\\/hengxingmachinery.com\\\/?s={search_term_string}\"},\"query-input\":{\"@type\":\"PropertyValueSpecification\",\"valueRequired\":true,\"valueName\":\"search_term_string\"}}],\"inLanguage\":\"pt-PT\"},{\"@type\":\"Organization\",\"@id\":\"https:\\\/\\\/hengxingmachinery.com\\\/#organization\",\"name\":\"Hengxing Machinery\",\"url\":\"https:\\\/\\\/hengxingmachinery.com\\\/\",\"logo\":{\"@type\":\"ImageObject\",\"inLanguage\":\"pt-PT\",\"@id\":\"https:\\\/\\\/hengxingmachinery.com\\\/#\\\/schema\\\/logo\\\/image\\\/\",\"url\":\"https:\\\/\\\/hengxingmachinery.com\\\/wp-content\\\/uploads\\\/2024\\\/12\\\/logo.png\",\"contentUrl\":\"https:\\\/\\\/hengxingmachinery.com\\\/wp-content\\\/uploads\\\/2024\\\/12\\\/logo.png\",\"width\":400,\"height\":260,\"caption\":\"Hengxing Machinery\"},\"image\":{\"@id\":\"https:\\\/\\\/hengxingmachinery.com\\\/#\\\/schema\\\/logo\\\/image\\\/\"}}]}<\/script>\n<!-- \/ Yoast SEO plugin. -->","yoast_head_json":{"title":"8-2. M\u00e1quina de prensa de briquetes de p\u00f3 de carv\u00e3o ss - Hengxing Machinery","robots":{"index":"noindex","follow":"follow"},"og_locale":"pt_PT","og_type":"article","og_title":"8-2. Coal powder briquette press machine ss - Hengxing Machinery","og_description":"Coal powder briquette press machine Characteristics of coal powder briquette press machine 1. The material has a good extrusion effect, high ball formation rate and high ball strength. 2. Compact structure, light weight and long life. 3. The optimization of the main transmission structure not only facilitates manufacturing, installation, adjustment, and maintenance but also reduces ... Ler mais","og_url":"https:\/\/hengxingmachinery.com\/pt\/coal-powder-briquette-press-machine-ss\/","og_site_name":"Hengxing Machinery","article_modified_time":"2025-08-22T08:22:50+00:00","og_image":[{"url":"https:\/\/hengxingmachinery.com\/wp-content\/uploads\/2025\/03\/coal-powder-briquette-pressing-machine.jpg","type":"","width":"","height":""}],"twitter_card":"summary_large_image","twitter_misc":{"Tempo estimado de leitura":"3 minutos"},"schema":{"@context":"https:\/\/schema.org","@graph":[{"@type":"WebPage","@id":"https:\/\/hengxingmachinery.com\/coal-powder-briquette-press-machine-ss\/","url":"https:\/\/hengxingmachinery.com\/coal-powder-briquette-press-machine-ss\/","name":"8-2. M\u00e1quina de prensa de briquetes de p\u00f3 de carv\u00e3o ss - Hengxing Machinery","isPartOf":{"@id":"https:\/\/hengxingmachinery.com\/#website"},"primaryImageOfPage":{"@id":"https:\/\/hengxingmachinery.com\/coal-powder-briquette-press-machine-ss\/#primaryimage"},"image":{"@id":"https:\/\/hengxingmachinery.com\/coal-powder-briquette-press-machine-ss\/#primaryimage"},"thumbnailUrl":"https:\/\/hengxingmachinery.com\/wp-content\/uploads\/2025\/03\/coal-powder-briquette-pressing-machine.jpg","datePublished":"2025-08-22T08:21:14+00:00","dateModified":"2025-08-22T08:22:50+00:00","breadcrumb":{"@id":"https:\/\/hengxingmachinery.com\/coal-powder-briquette-press-machine-ss\/#breadcrumb"},"inLanguage":"pt-PT","potentialAction":[{"@type":"ReadAction","target":["https:\/\/hengxingmachinery.com\/coal-powder-briquette-press-machine-ss\/"]}]},{"@type":"ImageObject","inLanguage":"pt-PT","@id":"https:\/\/hengxingmachinery.com\/coal-powder-briquette-press-machine-ss\/#primaryimage","url":"https:\/\/hengxingmachinery.com\/wp-content\/uploads\/2025\/03\/coal-powder-briquette-pressing-machine.jpg","contentUrl":"https:\/\/hengxingmachinery.com\/wp-content\/uploads\/2025\/03\/coal-powder-briquette-pressing-machine.jpg"},{"@type":"BreadcrumbList","@id":"https:\/\/hengxingmachinery.com\/coal-powder-briquette-press-machine-ss\/#breadcrumb","itemListElement":[{"@type":"ListItem","position":1,"name":"Home","item":"https:\/\/hengxingmachinery.com\/"},{"@type":"ListItem","position":2,"name":"8-2. Coal powder briquette press machine ss"}]},{"@type":"WebSite","@id":"https:\/\/hengxingmachinery.com\/#website","url":"https:\/\/hengxingmachinery.com\/","name":"M\u00e1quinas Hengxing","description":"Fabricante l\u00edder de todos os tipos de m\u00e1quinas de minera\u00e7\u00e3o","publisher":{"@id":"https:\/\/hengxingmachinery.com\/#organization"},"potentialAction":[{"@type":"SearchAction","target":{"@type":"EntryPoint","urlTemplate":"https:\/\/hengxingmachinery.com\/?s={search_term_string}"},"query-input":{"@type":"PropertyValueSpecification","valueRequired":true,"valueName":"search_term_string"}}],"inLanguage":"pt-PT"},{"@type":"Organization","@id":"https:\/\/hengxingmachinery.com\/#organization","name":"M\u00e1quinas Hengxing","url":"https:\/\/hengxingmachinery.com\/","logo":{"@type":"ImageObject","inLanguage":"pt-PT","@id":"https:\/\/hengxingmachinery.com\/#\/schema\/logo\/image\/","url":"https:\/\/hengxingmachinery.com\/wp-content\/uploads\/2024\/12\/logo.png","contentUrl":"https:\/\/hengxingmachinery.com\/wp-content\/uploads\/2024\/12\/logo.png","width":400,"height":260,"caption":"Hengxing Machinery"},"image":{"@id":"https:\/\/hengxingmachinery.com\/#\/schema\/logo\/image\/"}}]}},"_links":{"self":[{"href":"https:\/\/hengxingmachinery.com\/pt\/wp-json\/wp\/v2\/pages\/2936","targetHints":{"allow":["GET"]}}],"collection":[{"href":"https:\/\/hengxingmachinery.com\/pt\/wp-json\/wp\/v2\/pages"}],"about":[{"href":"https:\/\/hengxingmachinery.com\/pt\/wp-json\/wp\/v2\/types\/page"}],"author":[{"embeddable":true,"href":"https:\/\/hengxingmachinery.com\/pt\/wp-json\/wp\/v2\/users\/1"}],"replies":[{"embeddable":true,"href":"https:\/\/hengxingmachinery.com\/pt\/wp-json\/wp\/v2\/comments?post=2936"}],"version-history":[{"count":2,"href":"https:\/\/hengxingmachinery.com\/pt\/wp-json\/wp\/v2\/pages\/2936\/revisions"}],"predecessor-version":[{"id":2942,"href":"https:\/\/hengxingmachinery.com\/pt\/wp-json\/wp\/v2\/pages\/2936\/revisions\/2942"}],"wp:attachment":[{"href":"https:\/\/hengxingmachinery.com\/pt\/wp-json\/wp\/v2\/media?parent=2936"}],"curies":[{"name":"wp","href":"https:\/\/api.w.org\/{rel}","templated":true}]}}