{"id":465,"date":"2024-12-19T07:35:26","date_gmt":"2024-12-19T07:35:26","guid":{"rendered":"https:\/\/hengxingmachinery.com\/?page_id=465"},"modified":"2024-12-24T09:03:15","modified_gmt":"2024-12-24T09:03:15","slug":"company-info","status":"publish","type":"page","link":"https:\/\/hengxingmachinery.com\/pt\/company-info\/","title":{"rendered":"Sobre \u2013 Informa\u00e7\u00f5es da empresa"},"content":{"rendered":"<div class=\"gb-container gb-container-7f881358\">\n<div class=\"gb-container gb-container-16787ce5\">\n<div class=\"gb-grid-wrapper gb-grid-wrapper-093f8acb\">\n<div class=\"gb-grid-column gb-grid-column-504a6a9a\"><div class=\"gb-container gb-container-504a6a9a\">\n\n<p class=\"gb-headline gb-headline-91851cbc\"><span class=\"gb-icon\"><svg viewbox=\"0 0 24 24\" fill=\"#000000\" xmlns=\"http:\/\/www.w3.org\/2000\/svg\"><g stroke-width=\"0\" id=\"SVGRepo_bgCarrier\"><\/g><g stroke-linejoin=\"round\" stroke-linecap=\"round\" id=\"SVGRepo_tracerCarrier\"><\/g><g id=\"SVGRepo_iconCarrier\"><path d=\"M23 13H2v-2h21v2z\"><\/path><\/g><\/svg><\/span><span class=\"gb-headline-text\"><strong>Sobre a empresa<\/strong><\/span><\/p>\n\n\n\n<h2 class=\"gb-headline gb-headline-72d8879e gb-headline-text\"><strong>Lideramos a ind\u00fastria de minera\u00e7\u00e3o h\u00e1 mais de 10 anos<\/strong><\/h2>\n\n\n\n<p class=\"gb-headline gb-headline-a89d02e1 gb-headline-text\"><strong>Zhengzhou Hengxing Heavy Equipment Co., Ltd \u00e9 uma sociedade an\u00f4nima que integra pesquisa, fabrica\u00e7\u00e3o e vendas, com foco em equipamentos pesados de grande e m\u00e9dio porte.<\/strong><\/p>\n\n\n\n<p class=\"gb-headline gb-headline-92f1d2d8 gb-headline-text\">Como fabricantes experientes de m\u00e1quinas de minera\u00e7\u00e3o, aderimos ao nosso princ\u00edpio de gest\u00e3o de \u201cBuscar Tecnologia e Qualidade Hengxing\u201d. <\/p>\n\n\n\n<p class=\"gb-headline gb-headline-1669df52 gb-headline-text\">Nossa dedica\u00e7\u00e3o e comprometimento com a qualidade renderam \u00e0 Hengxing uma s\u00f3lida reputa\u00e7\u00e3o entre nossos clientes, refletindo nossa busca incans\u00e1vel por inova\u00e7\u00e3o e desempenho superior no setor.<\/p>\n\n\n<div class=\"gb-container gb-container-4c0ad5ca\"><a class=\"gb-container-link\" href=\"#popmake-885\"><\/a>\n\n<p class=\"gb-headline gb-headline-d22f1b0b\"><span class=\"gb-icon\"><svg viewbox=\"0 0 48.00 48.00\" xmlns=\"http:\/\/www.w3.org\/2000\/svg\" fill=\"#b91313\" stroke=\"#b91313\" stroke-width=\"0.00048000000000000007\"><g id=\"SVGRepo_bgCarrier\" stroke-width=\"0\"><\/g><g id=\"SVGRepo_tracerCarrier\" stroke-linecap=\"round\" stroke-linejoin=\"round\"><\/g><g id=\"SVGRepo_iconCarrier\"> <title>ponta de flecha-direita-c\u00edrculo<\/title> <g id=\"Layer_2\" data-name=\"Layer 2\"> <g id=\"invisible_box\" data-name=\"invisible box\"> <rect width=\"48\" height=\"48\" fill=\"none\"><\/rect> <\/g> <g id=\"icons_Q2\" data-name=\"icons Q2\"> <path d=\"M6,24A18,18,0,1,1,24,42,18.1,18.1,0,0,1,6,24M2,24A22,22,0,1,0,24,2,21.9,21.9,0,0,0,2,24Z\"><\/path> <path d=\"M26.2,24l-6.6,6.6a1.9,1.9,0,0,0,.2,3,2.1,2.1,0,0,0,2.7-.2l7.9-8a1.9,1.9,0,0,0,0-2.8l-7.9-8a2.1,2.1,0,0,0-2.7-.2,1.9,1.9,0,0,0-.2,3Z\"><\/path> <\/g> <\/g> <\/g><\/svg><\/span><span class=\"gb-headline-text\">CONTATE-NOS PARA UM OR\u00c7AMENTO GRATUITO<\/span><\/p>\n\n<\/div>\n<\/div><\/div>\n\n<div class=\"gb-grid-column gb-grid-column-6957a0dc\"><div class=\"gb-container gb-container-6957a0dc\">\n\n<figure class=\"gb-block-image gb-block-image-05b7258f\"><img decoding=\"async\" width=\"2560\" height=\"1102\" class=\"gb-image gb-image-05b7258f\" src=\"https:\/\/hengxingmachinery.com\/wp-content\/uploads\/2024\/12\/company-image-scaled.jpg\" alt=\"\" title=\"imagem da empresa\" srcset=\"https:\/\/hengxingmachinery.com\/wp-content\/uploads\/2024\/12\/company-image-scaled.jpg 2560w, https:\/\/hengxingmachinery.com\/wp-content\/uploads\/2024\/12\/company-image-scaled-300x129.jpg 300w, https:\/\/hengxingmachinery.com\/wp-content\/uploads\/2024\/12\/company-image-scaled-1024x441.jpg 1024w, https:\/\/hengxingmachinery.com\/wp-content\/uploads\/2024\/12\/company-image-scaled-768x331.jpg 768w, https:\/\/hengxingmachinery.com\/wp-content\/uploads\/2024\/12\/company-image-scaled-1536x661.jpg 1536w, https:\/\/hengxingmachinery.com\/wp-content\/uploads\/2024\/12\/company-image-scaled-2048x882.jpg 2048w, https:\/\/hengxingmachinery.com\/wp-content\/uploads\/2024\/12\/company-image-scaled-18x8.jpg 18w\" sizes=\"(max-width: 2560px) 100vw, 2560px\" \/><\/figure>\n\n<\/div><\/div>\n<\/div>\n<\/div>\n<\/div>\n\n<div class=\"gb-container gb-container-ba3a9073\">\n<div class=\"gb-container gb-container-e9042c1e\">\n\n<h2 class=\"gb-headline gb-headline-915caa34 gb-headline-text\"><strong>For\u00e7a de f\u00e1brica<\/strong><\/h2>\n\n\n<div class=\"gb-grid-wrapper gb-grid-wrapper-06ea0b29\">\n<div class=\"gb-grid-column gb-grid-column-f1713672\"><div class=\"gb-container gb-container-f1713672\">\n\n<p>Somos especializados em pesquisa, desenvolvimento e produ\u00e7\u00e3o de equipamentos industriais de britagem, moagem de p\u00f3 e processamento de minerais, incluindo britadores de pedras, britadores de mand\u00edbulas, britadores c\u00f4nicos, britadores de martelo, m\u00e1quinas de fabrica\u00e7\u00e3o de areia, m\u00e1quinas de lavagem de areia, moinhos de barras, m\u00e1quinas de fabrica\u00e7\u00e3o de p\u00f3, m\u00e1quinas de beneficiamento de min\u00e9rio, m\u00e1quinas de briquetes e linhas completas de produ\u00e7\u00e3o de cimento. <\/p>\n\n<\/div><\/div>\n\n<div class=\"gb-grid-column gb-grid-column-e629a5e8\"><div class=\"gb-container gb-container-e629a5e8\">\n\n<p>Ao alavancar tecnologias l\u00edderes mundiais em britagem e processamento de p\u00f3, juntamente com sistemas robustos de gerenciamento e controle de qualidade, a Hengxing conquistou uma forte reputa\u00e7\u00e3o entre os clientes. <\/p>\n\n\n\n<p class=\"gb-headline gb-headline-227c7542 gb-headline-text\">Nossos produtos s\u00e3o vendidos no Sudeste Asi\u00e1tico, Leste Europeu, Am\u00e9rica do Sul, Oriente M\u00e9dio e \u00c1frica, e estamos comprometidos em expandir para mais mercados internacionais no futuro.<\/p>\n\n<\/div><\/div>\n<\/div>\n<\/div>\n<\/div>","protected":false},"excerpt":{"rendered":"<p>For\u00e7a de f\u00e1brica<\/p>","protected":false},"author":1,"featured_media":0,"parent":0,"menu_order":0,"comment_status":"closed","ping_status":"closed","template":"","meta":{"footnotes":""},"class_list":["post-465","page","type-page","status-publish"],"yoast_head":"<!-- This site is optimized with the Yoast SEO plugin v27.4 - https:\/\/yoast.com\/product\/yoast-seo-wordpress\/ -->\n<title>About - Company Info - Hengxing Machinery<\/title>\n<meta name=\"robots\" content=\"index, follow, max-snippet:-1, max-image-preview:large, max-video-preview:-1\" \/>\n<link rel=\"canonical\" href=\"https:\/\/hengxingmachinery.com\/pt\/company-info\/\" \/>\n<meta property=\"og:locale\" content=\"pt_PT\" \/>\n<meta property=\"og:type\" content=\"article\" \/>\n<meta property=\"og:title\" content=\"About - Company Info - Hengxing Machinery\" \/>\n<meta property=\"og:description\" content=\"Factory Strength\" \/>\n<meta property=\"og:url\" content=\"https:\/\/hengxingmachinery.com\/pt\/company-info\/\" \/>\n<meta property=\"og:site_name\" content=\"Hengxing Machinery\" \/>\n<meta property=\"article:modified_time\" content=\"2024-12-24T09:03:15+00:00\" \/>\n<meta property=\"og:image\" content=\"https:\/\/hengxingmachinery.com\/wp-content\/uploads\/2024\/12\/company-image-scaled.jpg\" \/>\n<meta name=\"twitter:card\" content=\"summary_large_image\" \/>\n<meta name=\"twitter:label1\" content=\"Tempo estimado de leitura\" \/>\n\t<meta name=\"twitter:data1\" content=\"2 minutos\" \/>\n<script type=\"application\/ld+json\" class=\"yoast-schema-graph\">{\"@context\":\"https:\\\/\\\/schema.org\",\"@graph\":[{\"@type\":\"WebPage\",\"@id\":\"https:\\\/\\\/hengxingmachinery.com\\\/company-info\\\/\",\"url\":\"https:\\\/\\\/hengxingmachinery.com\\\/company-info\\\/\",\"name\":\"About - Company Info - Hengxing Machinery\",\"isPartOf\":{\"@id\":\"https:\\\/\\\/hengxingmachinery.com\\\/#website\"},\"primaryImageOfPage\":{\"@id\":\"https:\\\/\\\/hengxingmachinery.com\\\/company-info\\\/#primaryimage\"},\"image\":{\"@id\":\"https:\\\/\\\/hengxingmachinery.com\\\/company-info\\\/#primaryimage\"},\"thumbnailUrl\":\"https:\\\/\\\/hengxingmachinery.com\\\/wp-content\\\/uploads\\\/2024\\\/12\\\/company-image-scaled.jpg\",\"datePublished\":\"2024-12-19T07:35:26+00:00\",\"dateModified\":\"2024-12-24T09:03:15+00:00\",\"breadcrumb\":{\"@id\":\"https:\\\/\\\/hengxingmachinery.com\\\/company-info\\\/#breadcrumb\"},\"inLanguage\":\"pt-PT\",\"potentialAction\":[{\"@type\":\"ReadAction\",\"target\":[\"https:\\\/\\\/hengxingmachinery.com\\\/company-info\\\/\"]}]},{\"@type\":\"ImageObject\",\"inLanguage\":\"pt-PT\",\"@id\":\"https:\\\/\\\/hengxingmachinery.com\\\/company-info\\\/#primaryimage\",\"url\":\"https:\\\/\\\/hengxingmachinery.com\\\/wp-content\\\/uploads\\\/2024\\\/12\\\/company-image-scaled.jpg\",\"contentUrl\":\"https:\\\/\\\/hengxingmachinery.com\\\/wp-content\\\/uploads\\\/2024\\\/12\\\/company-image-scaled.jpg\"},{\"@type\":\"BreadcrumbList\",\"@id\":\"https:\\\/\\\/hengxingmachinery.com\\\/company-info\\\/#breadcrumb\",\"itemListElement\":[{\"@type\":\"ListItem\",\"position\":1,\"name\":\"Home\",\"item\":\"https:\\\/\\\/hengxingmachinery.com\\\/\"},{\"@type\":\"ListItem\",\"position\":2,\"name\":\"About &#8211; Company Info\"}]},{\"@type\":\"WebSite\",\"@id\":\"https:\\\/\\\/hengxingmachinery.com\\\/#website\",\"url\":\"https:\\\/\\\/hengxingmachinery.com\\\/\",\"name\":\"Hengxing Machinery\",\"description\":\"Leading Manufacturer of All Sorts of Mining Machinery\",\"publisher\":{\"@id\":\"https:\\\/\\\/hengxingmachinery.com\\\/#organization\"},\"potentialAction\":[{\"@type\":\"SearchAction\",\"target\":{\"@type\":\"EntryPoint\",\"urlTemplate\":\"https:\\\/\\\/hengxingmachinery.com\\\/?s={search_term_string}\"},\"query-input\":{\"@type\":\"PropertyValueSpecification\",\"valueRequired\":true,\"valueName\":\"search_term_string\"}}],\"inLanguage\":\"pt-PT\"},{\"@type\":\"Organization\",\"@id\":\"https:\\\/\\\/hengxingmachinery.com\\\/#organization\",\"name\":\"Hengxing Machinery\",\"url\":\"https:\\\/\\\/hengxingmachinery.com\\\/\",\"logo\":{\"@type\":\"ImageObject\",\"inLanguage\":\"pt-PT\",\"@id\":\"https:\\\/\\\/hengxingmachinery.com\\\/#\\\/schema\\\/logo\\\/image\\\/\",\"url\":\"https:\\\/\\\/hengxingmachinery.com\\\/wp-content\\\/uploads\\\/2024\\\/12\\\/logo.png\",\"contentUrl\":\"https:\\\/\\\/hengxingmachinery.com\\\/wp-content\\\/uploads\\\/2024\\\/12\\\/logo.png\",\"width\":400,\"height\":260,\"caption\":\"Hengxing Machinery\"},\"image\":{\"@id\":\"https:\\\/\\\/hengxingmachinery.com\\\/#\\\/schema\\\/logo\\\/image\\\/\"}}]}<\/script>\n<!-- \/ Yoast SEO plugin. -->","yoast_head_json":{"title":"Sobre - Informa\u00e7\u00f5es da empresa - Hengxing Machinery","robots":{"index":"index","follow":"follow","max-snippet":"max-snippet:-1","max-image-preview":"max-image-preview:large","max-video-preview":"max-video-preview:-1"},"canonical":"https:\/\/hengxingmachinery.com\/pt\/company-info\/","og_locale":"pt_PT","og_type":"article","og_title":"About - Company Info - Hengxing Machinery","og_description":"Factory Strength","og_url":"https:\/\/hengxingmachinery.com\/pt\/company-info\/","og_site_name":"Hengxing Machinery","article_modified_time":"2024-12-24T09:03:15+00:00","og_image":[{"url":"https:\/\/hengxingmachinery.com\/wp-content\/uploads\/2024\/12\/company-image-scaled.jpg","type":"","width":"","height":""}],"twitter_card":"summary_large_image","twitter_misc":{"Tempo estimado de leitura":"2 minutos"},"schema":{"@context":"https:\/\/schema.org","@graph":[{"@type":"WebPage","@id":"https:\/\/hengxingmachinery.com\/company-info\/","url":"https:\/\/hengxingmachinery.com\/company-info\/","name":"Sobre - Informa\u00e7\u00f5es da empresa - Hengxing Machinery","isPartOf":{"@id":"https:\/\/hengxingmachinery.com\/#website"},"primaryImageOfPage":{"@id":"https:\/\/hengxingmachinery.com\/company-info\/#primaryimage"},"image":{"@id":"https:\/\/hengxingmachinery.com\/company-info\/#primaryimage"},"thumbnailUrl":"https:\/\/hengxingmachinery.com\/wp-content\/uploads\/2024\/12\/company-image-scaled.jpg","datePublished":"2024-12-19T07:35:26+00:00","dateModified":"2024-12-24T09:03:15+00:00","breadcrumb":{"@id":"https:\/\/hengxingmachinery.com\/company-info\/#breadcrumb"},"inLanguage":"pt-PT","potentialAction":[{"@type":"ReadAction","target":["https:\/\/hengxingmachinery.com\/company-info\/"]}]},{"@type":"ImageObject","inLanguage":"pt-PT","@id":"https:\/\/hengxingmachinery.com\/company-info\/#primaryimage","url":"https:\/\/hengxingmachinery.com\/wp-content\/uploads\/2024\/12\/company-image-scaled.jpg","contentUrl":"https:\/\/hengxingmachinery.com\/wp-content\/uploads\/2024\/12\/company-image-scaled.jpg"},{"@type":"BreadcrumbList","@id":"https:\/\/hengxingmachinery.com\/company-info\/#breadcrumb","itemListElement":[{"@type":"ListItem","position":1,"name":"Home","item":"https:\/\/hengxingmachinery.com\/"},{"@type":"ListItem","position":2,"name":"About &#8211; Company Info"}]},{"@type":"WebSite","@id":"https:\/\/hengxingmachinery.com\/#website","url":"https:\/\/hengxingmachinery.com\/","name":"M\u00e1quinas Hengxing","description":"Fabricante l\u00edder de todos os tipos de m\u00e1quinas de minera\u00e7\u00e3o","publisher":{"@id":"https:\/\/hengxingmachinery.com\/#organization"},"potentialAction":[{"@type":"SearchAction","target":{"@type":"EntryPoint","urlTemplate":"https:\/\/hengxingmachinery.com\/?s={search_term_string}"},"query-input":{"@type":"PropertyValueSpecification","valueRequired":true,"valueName":"search_term_string"}}],"inLanguage":"pt-PT"},{"@type":"Organization","@id":"https:\/\/hengxingmachinery.com\/#organization","name":"M\u00e1quinas Hengxing","url":"https:\/\/hengxingmachinery.com\/","logo":{"@type":"ImageObject","inLanguage":"pt-PT","@id":"https:\/\/hengxingmachinery.com\/#\/schema\/logo\/image\/","url":"https:\/\/hengxingmachinery.com\/wp-content\/uploads\/2024\/12\/logo.png","contentUrl":"https:\/\/hengxingmachinery.com\/wp-content\/uploads\/2024\/12\/logo.png","width":400,"height":260,"caption":"Hengxing Machinery"},"image":{"@id":"https:\/\/hengxingmachinery.com\/#\/schema\/logo\/image\/"}}]}},"_links":{"self":[{"href":"https:\/\/hengxingmachinery.com\/pt\/wp-json\/wp\/v2\/pages\/465","targetHints":{"allow":["GET"]}}],"collection":[{"href":"https:\/\/hengxingmachinery.com\/pt\/wp-json\/wp\/v2\/pages"}],"about":[{"href":"https:\/\/hengxingmachinery.com\/pt\/wp-json\/wp\/v2\/types\/page"}],"author":[{"embeddable":true,"href":"https:\/\/hengxingmachinery.com\/pt\/wp-json\/wp\/v2\/users\/1"}],"replies":[{"embeddable":true,"href":"https:\/\/hengxingmachinery.com\/pt\/wp-json\/wp\/v2\/comments?post=465"}],"version-history":[{"count":6,"href":"https:\/\/hengxingmachinery.com\/pt\/wp-json\/wp\/v2\/pages\/465\/revisions"}],"predecessor-version":[{"id":988,"href":"https:\/\/hengxingmachinery.com\/pt\/wp-json\/wp\/v2\/pages\/465\/revisions\/988"}],"wp:attachment":[{"href":"https:\/\/hengxingmachinery.com\/pt\/wp-json\/wp\/v2\/media?parent=465"}],"curies":[{"name":"wp","href":"https:\/\/api.w.org\/{rel}","templated":true}]}}