{"id":490,"date":"2024-12-19T08:07:29","date_gmt":"2024-12-19T08:07:29","guid":{"rendered":"https:\/\/hengxingmachinery.com\/?page_id=490"},"modified":"2024-12-24T09:05:23","modified_gmt":"2024-12-24T09:05:23","slug":"our-service","status":"publish","type":"page","link":"https:\/\/hengxingmachinery.com\/pt\/our-service\/","title":{"rendered":"Sobre \u2013 Nosso Servi\u00e7o"},"content":{"rendered":"<div class=\"gb-container gb-container-3f4cef15\">\n<div class=\"gb-container gb-container-372c4c63\">\n\n<h2 class=\"gb-headline gb-headline-ab348b20 gb-headline-text\">Oferecemos suporte completo desde a pr\u00e9-venda at\u00e9 o p\u00f3s-venda<\/h2>\n\n\n\n<p class=\"gb-headline gb-headline-8e909912 gb-headline-text\">Nossa empresa \u00e9 dedicada a uma filosofia de atendimento ao cliente centrada em \u201catender \u00e0s necessidades dos nossos clientes e atingir a satisfa\u00e7\u00e3o como nosso objetivo final\u201d. N\u00f3s incorporamos o esp\u00edrito de \u201centusiasmo antes das vendas, dedica\u00e7\u00e3o durante as vendas e confiabilidade ap\u00f3s as vendas\u201d em toda a nossa rede de vendas. N\u00f3s nos esfor\u00e7amos para profissionalismo e excel\u00eancia em nossa busca por estabelecer a marca Hengxing e garantir a satisfa\u00e7\u00e3o do cliente.<\/p>\n\n\n\n<p><strong>Servi\u00e7o de pr\u00e9-venda:<\/strong><br>Com uma ampla gama de produtos, podemos oferecer aos clientes m\u00e1quinas aut\u00f4nomas e plantas de processamento completas. Nossos especialistas fornecem solu\u00e7\u00f5es eficientes e confi\u00e1veis, adaptadas \u00e0s solicita\u00e7\u00f5es e or\u00e7amentos dos clientes. Antes de fazer um pedido, os clientes t\u00eam a oportunidade de visitar as m\u00e1quinas operacionais da Hengxing ou plantas completas no local.<\/p>\n\n\n\n<p>Para facilitar as visitas de visitantes de primeira viagem \u00e0 China, oferecemos servi\u00e7os gratuitos para visitantes, incluindo prepara\u00e7\u00e3o de cartas-convite, reservas de hotel, traslado do aeroporto, transporte na cidade e orienta\u00e7\u00e3o tur\u00edstica.<\/p>\n\n\n\n<p><strong>Servi\u00e7o p\u00f3s-venda:<\/strong><br>Nossos t\u00e9cnicos experientes fornecem orienta\u00e7\u00e3o por telefone e suporte online. Al\u00e9m disso, enviamos um ou mais engenheiros ao local da pedreira para auxiliar nas instala\u00e7\u00f5es da planta. Tamb\u00e9m fornecemos treinamento essencial para trabalhadores locais sobre manuten\u00e7\u00e3o di\u00e1ria de m\u00e1quinas.<\/p>\n\n<\/div>\n<\/div>\n\n<div class=\"gb-container gb-container-d17840d6\">\n<div class=\"gb-container gb-container-5c0c77ce\">\n<div class=\"gb-grid-wrapper gb-grid-wrapper-99b0ab65\">\n<div class=\"gb-grid-column gb-grid-column-bd55b11d\"><div class=\"gb-container gb-container-bd55b11d\">\n\n<h2 class=\"gb-headline gb-headline-59ab8406 gb-headline-text\"><strong>N\u00e3o hesite em nos contatar a QUALQUER MOMENTO<\/strong><\/h2>\n\n\n\n<p class=\"gb-headline gb-headline-5aa677b7 gb-headline-text\">N\u00f3s o encorajamos a entrar em contato conosco a qualquer momento para perguntas, suporte ou consultas. Nossa equipe dedicada est\u00e1 sempre dispon\u00edvel para ajudar voc\u00ea com suas necessidades, garantindo que voc\u00ea receba solu\u00e7\u00f5es oportunas e eficazes sempre que precisar delas.<\/p>\n\n\n<div class=\"gb-container gb-container-4c0ad5ca\"><a class=\"gb-container-link\" href=\"#popmake-885\"><\/a>\n\n<p class=\"gb-headline gb-headline-d22f1b0b\"><span class=\"gb-icon\"><svg viewbox=\"0 0 48.00 48.00\" xmlns=\"http:\/\/www.w3.org\/2000\/svg\" fill=\"#b91313\" stroke=\"#b91313\" stroke-width=\"0.00048000000000000007\"><g id=\"SVGRepo_bgCarrier\" stroke-width=\"0\"><\/g><g id=\"SVGRepo_tracerCarrier\" stroke-linecap=\"round\" stroke-linejoin=\"round\"><\/g><g id=\"SVGRepo_iconCarrier\"> <title>ponta de flecha-direita-c\u00edrculo<\/title> <g id=\"Layer_2\" data-name=\"Layer 2\"> <g id=\"invisible_box\" data-name=\"invisible box\"> <rect width=\"48\" height=\"48\" fill=\"none\"><\/rect> <\/g> <g id=\"icons_Q2\" data-name=\"icons Q2\"> <path d=\"M6,24A18,18,0,1,1,24,42,18.1,18.1,0,0,1,6,24M2,24A22,22,0,1,0,24,2,21.9,21.9,0,0,0,2,24Z\"><\/path> <path d=\"M26.2,24l-6.6,6.6a1.9,1.9,0,0,0,.2,3,2.1,2.1,0,0,0,2.7-.2l7.9-8a1.9,1.9,0,0,0,0-2.8l-7.9-8a2.1,2.1,0,0,0-2.7-.2,1.9,1.9,0,0,0-.2,3Z\"><\/path> <\/g> <\/g> <\/g><\/svg><\/span><span class=\"gb-headline-text\"><strong>CONTATE-NOS PARA UM OR\u00c7AMENTO GRATUITO<\/strong><\/span><\/p>\n\n<\/div>\n<\/div><\/div>\n\n<div class=\"gb-grid-column gb-grid-column-e0b09a2c\"><div class=\"gb-container gb-container-e0b09a2c\"><\/div><\/div>\n<\/div>\n<\/div>\n<\/div>","protected":false},"excerpt":{"rendered":"<p>We provide comprehensive support from pre-sale to after-sale Our company is dedicated to a customer service philosophy centered around &#8220;serving our customers&#8217; needs and achieving satisfaction as our ultimate goal.&#8221; We embody the spirit of &#8220;enthusiasm before sales, dedication during sales, and reliability after sales&#8221; throughout our entire sales network. We strive for professionalism and &#8230; <\/p>\n<p class=\"read-more-container\"><a title=\"Sobre \u2013 Nosso Servi\u00e7o\" class=\"read-more button\" href=\"https:\/\/hengxingmachinery.com\/pt\/our-service\/#more-490\" aria-label=\"Leia mais sobre About &#8211; Our Service\">Ler mais<\/a><\/p>","protected":false},"author":1,"featured_media":0,"parent":0,"menu_order":0,"comment_status":"closed","ping_status":"closed","template":"","meta":{"footnotes":""},"class_list":["post-490","page","type-page","status-publish"],"yoast_head":"<!-- This site is optimized with the Yoast SEO plugin v27.5 - https:\/\/yoast.com\/product\/yoast-seo-wordpress\/ -->\n<title>About - Our Service - Hengxing Machinery<\/title>\n<meta name=\"robots\" content=\"index, follow, max-snippet:-1, max-image-preview:large, max-video-preview:-1\" \/>\n<link rel=\"canonical\" href=\"https:\/\/hengxingmachinery.com\/pt\/our-service\/\" \/>\n<meta property=\"og:locale\" content=\"pt_PT\" \/>\n<meta property=\"og:type\" content=\"article\" \/>\n<meta property=\"og:title\" content=\"About - Our Service - Hengxing Machinery\" \/>\n<meta property=\"og:description\" content=\"We provide comprehensive support from pre-sale to after-sale Our company is dedicated to a customer service philosophy centered around &#8220;serving our customers&#8217; needs and achieving satisfaction as our ultimate goal.&#8221; We embody the spirit of &#8220;enthusiasm before sales, dedication during sales, and reliability after sales&#8221; throughout our entire sales network. We strive for professionalism and ... Ler mais\" \/>\n<meta property=\"og:url\" content=\"https:\/\/hengxingmachinery.com\/pt\/our-service\/\" \/>\n<meta property=\"og:site_name\" content=\"Hengxing Machinery\" \/>\n<meta property=\"article:modified_time\" content=\"2024-12-24T09:05:23+00:00\" \/>\n<meta name=\"twitter:card\" content=\"summary_large_image\" \/>\n<meta name=\"twitter:label1\" content=\"Tempo estimado de leitura\" \/>\n\t<meta name=\"twitter:data1\" content=\"2 minutos\" \/>\n<script type=\"application\/ld+json\" class=\"yoast-schema-graph\">{\"@context\":\"https:\\\/\\\/schema.org\",\"@graph\":[{\"@type\":\"WebPage\",\"@id\":\"https:\\\/\\\/hengxingmachinery.com\\\/our-service\\\/\",\"url\":\"https:\\\/\\\/hengxingmachinery.com\\\/our-service\\\/\",\"name\":\"About - Our Service - Hengxing Machinery\",\"isPartOf\":{\"@id\":\"https:\\\/\\\/hengxingmachinery.com\\\/#website\"},\"datePublished\":\"2024-12-19T08:07:29+00:00\",\"dateModified\":\"2024-12-24T09:05:23+00:00\",\"breadcrumb\":{\"@id\":\"https:\\\/\\\/hengxingmachinery.com\\\/our-service\\\/#breadcrumb\"},\"inLanguage\":\"pt-PT\",\"potentialAction\":[{\"@type\":\"ReadAction\",\"target\":[\"https:\\\/\\\/hengxingmachinery.com\\\/our-service\\\/\"]}]},{\"@type\":\"BreadcrumbList\",\"@id\":\"https:\\\/\\\/hengxingmachinery.com\\\/our-service\\\/#breadcrumb\",\"itemListElement\":[{\"@type\":\"ListItem\",\"position\":1,\"name\":\"Home\",\"item\":\"https:\\\/\\\/hengxingmachinery.com\\\/\"},{\"@type\":\"ListItem\",\"position\":2,\"name\":\"About &#8211; Our Service\"}]},{\"@type\":\"WebSite\",\"@id\":\"https:\\\/\\\/hengxingmachinery.com\\\/#website\",\"url\":\"https:\\\/\\\/hengxingmachinery.com\\\/\",\"name\":\"Hengxing Machinery\",\"description\":\"Leading Manufacturer of All Sorts of Mining Machinery\",\"publisher\":{\"@id\":\"https:\\\/\\\/hengxingmachinery.com\\\/#organization\"},\"potentialAction\":[{\"@type\":\"SearchAction\",\"target\":{\"@type\":\"EntryPoint\",\"urlTemplate\":\"https:\\\/\\\/hengxingmachinery.com\\\/?s={search_term_string}\"},\"query-input\":{\"@type\":\"PropertyValueSpecification\",\"valueRequired\":true,\"valueName\":\"search_term_string\"}}],\"inLanguage\":\"pt-PT\"},{\"@type\":\"Organization\",\"@id\":\"https:\\\/\\\/hengxingmachinery.com\\\/#organization\",\"name\":\"Hengxing Machinery\",\"url\":\"https:\\\/\\\/hengxingmachinery.com\\\/\",\"logo\":{\"@type\":\"ImageObject\",\"inLanguage\":\"pt-PT\",\"@id\":\"https:\\\/\\\/hengxingmachinery.com\\\/#\\\/schema\\\/logo\\\/image\\\/\",\"url\":\"https:\\\/\\\/hengxingmachinery.com\\\/wp-content\\\/uploads\\\/2024\\\/12\\\/logo.png\",\"contentUrl\":\"https:\\\/\\\/hengxingmachinery.com\\\/wp-content\\\/uploads\\\/2024\\\/12\\\/logo.png\",\"width\":400,\"height\":260,\"caption\":\"Hengxing Machinery\"},\"image\":{\"@id\":\"https:\\\/\\\/hengxingmachinery.com\\\/#\\\/schema\\\/logo\\\/image\\\/\"}}]}<\/script>\n<!-- \/ Yoast SEO plugin. -->","yoast_head_json":{"title":"Sobre - Nosso Servi\u00e7o - Hengxing Machinery","robots":{"index":"index","follow":"follow","max-snippet":"max-snippet:-1","max-image-preview":"max-image-preview:large","max-video-preview":"max-video-preview:-1"},"canonical":"https:\/\/hengxingmachinery.com\/pt\/our-service\/","og_locale":"pt_PT","og_type":"article","og_title":"About - Our Service - Hengxing Machinery","og_description":"We provide comprehensive support from pre-sale to after-sale Our company is dedicated to a customer service philosophy centered around &#8220;serving our customers&#8217; needs and achieving satisfaction as our ultimate goal.&#8221; We embody the spirit of &#8220;enthusiasm before sales, dedication during sales, and reliability after sales&#8221; throughout our entire sales network. We strive for professionalism and ... Ler mais","og_url":"https:\/\/hengxingmachinery.com\/pt\/our-service\/","og_site_name":"Hengxing Machinery","article_modified_time":"2024-12-24T09:05:23+00:00","twitter_card":"summary_large_image","twitter_misc":{"Tempo estimado de leitura":"2 minutos"},"schema":{"@context":"https:\/\/schema.org","@graph":[{"@type":"WebPage","@id":"https:\/\/hengxingmachinery.com\/our-service\/","url":"https:\/\/hengxingmachinery.com\/our-service\/","name":"Sobre - Nosso Servi\u00e7o - Hengxing Machinery","isPartOf":{"@id":"https:\/\/hengxingmachinery.com\/#website"},"datePublished":"2024-12-19T08:07:29+00:00","dateModified":"2024-12-24T09:05:23+00:00","breadcrumb":{"@id":"https:\/\/hengxingmachinery.com\/our-service\/#breadcrumb"},"inLanguage":"pt-PT","potentialAction":[{"@type":"ReadAction","target":["https:\/\/hengxingmachinery.com\/our-service\/"]}]},{"@type":"BreadcrumbList","@id":"https:\/\/hengxingmachinery.com\/our-service\/#breadcrumb","itemListElement":[{"@type":"ListItem","position":1,"name":"Home","item":"https:\/\/hengxingmachinery.com\/"},{"@type":"ListItem","position":2,"name":"About &#8211; Our Service"}]},{"@type":"WebSite","@id":"https:\/\/hengxingmachinery.com\/#website","url":"https:\/\/hengxingmachinery.com\/","name":"M\u00e1quinas Hengxing","description":"Fabricante l\u00edder de todos os tipos de m\u00e1quinas de minera\u00e7\u00e3o","publisher":{"@id":"https:\/\/hengxingmachinery.com\/#organization"},"potentialAction":[{"@type":"SearchAction","target":{"@type":"EntryPoint","urlTemplate":"https:\/\/hengxingmachinery.com\/?s={search_term_string}"},"query-input":{"@type":"PropertyValueSpecification","valueRequired":true,"valueName":"search_term_string"}}],"inLanguage":"pt-PT"},{"@type":"Organization","@id":"https:\/\/hengxingmachinery.com\/#organization","name":"M\u00e1quinas Hengxing","url":"https:\/\/hengxingmachinery.com\/","logo":{"@type":"ImageObject","inLanguage":"pt-PT","@id":"https:\/\/hengxingmachinery.com\/#\/schema\/logo\/image\/","url":"https:\/\/hengxingmachinery.com\/wp-content\/uploads\/2024\/12\/logo.png","contentUrl":"https:\/\/hengxingmachinery.com\/wp-content\/uploads\/2024\/12\/logo.png","width":400,"height":260,"caption":"Hengxing Machinery"},"image":{"@id":"https:\/\/hengxingmachinery.com\/#\/schema\/logo\/image\/"}}]}},"_links":{"self":[{"href":"https:\/\/hengxingmachinery.com\/pt\/wp-json\/wp\/v2\/pages\/490","targetHints":{"allow":["GET"]}}],"collection":[{"href":"https:\/\/hengxingmachinery.com\/pt\/wp-json\/wp\/v2\/pages"}],"about":[{"href":"https:\/\/hengxingmachinery.com\/pt\/wp-json\/wp\/v2\/types\/page"}],"author":[{"embeddable":true,"href":"https:\/\/hengxingmachinery.com\/pt\/wp-json\/wp\/v2\/users\/1"}],"replies":[{"embeddable":true,"href":"https:\/\/hengxingmachinery.com\/pt\/wp-json\/wp\/v2\/comments?post=490"}],"version-history":[{"count":5,"href":"https:\/\/hengxingmachinery.com\/pt\/wp-json\/wp\/v2\/pages\/490\/revisions"}],"predecessor-version":[{"id":990,"href":"https:\/\/hengxingmachinery.com\/pt\/wp-json\/wp\/v2\/pages\/490\/revisions\/990"}],"wp:attachment":[{"href":"https:\/\/hengxingmachinery.com\/pt\/wp-json\/wp\/v2\/media?parent=490"}],"curies":[{"name":"wp","href":"https:\/\/api.w.org\/{rel}","templated":true}]}}