{"id":496,"date":"2024-12-19T08:15:06","date_gmt":"2024-12-19T08:15:06","guid":{"rendered":"https:\/\/hengxingmachinery.com\/?page_id=496"},"modified":"2024-12-24T09:01:41","modified_gmt":"2024-12-24T09:01:41","slug":"international-cooperation","status":"publish","type":"page","link":"https:\/\/hengxingmachinery.com\/pt\/international-cooperation\/","title":{"rendered":"Sobre \u2013 Coopera\u00e7\u00e3o Internacional"},"content":{"rendered":"<div class=\"gb-container gb-container-49e66b29\">\n<div class=\"gb-container gb-container-8a417a30\">\n\n<h2 class=\"gb-headline gb-headline-aafe16b0 gb-headline-text\">Nossas coopera\u00e7\u00f5es com empresas em todo o mundo<\/h2>\n\n\n\n<p class=\"gb-headline gb-headline-5006a20e gb-headline-text\">Zhengzhou Hengxing Heavy Equipment Co., Ltd \u00e9 um grupo de engenharia de alta tecnologia especializado em pesquisa, desenvolvimento e produ\u00e7\u00e3o de britagem industrial, moagem de p\u00f3, equipamentos de processamento de minerais, linhas de produ\u00e7\u00e3o de materiais de constru\u00e7\u00e3o, m\u00e1quinas de briquetes, plantas de fabrica\u00e7\u00e3o de blocos AAC e outros dispositivos relacionados.<\/p>\n\n\n\n<p>Nossos produtos s\u00e3o comercializados em v\u00e1rias regi\u00f5es, incluindo Sudeste Asi\u00e1tico, Leste Europeu, Am\u00e9rica do Sul, Oriente M\u00e9dio e \u00c1frica, com planos de expans\u00e3o para mais mercados estrangeiros no futuro. Nossa empresa est\u00e1 comprometida em alavancar tecnologia avan\u00e7ada e talento excepcional para acompanhar o ritmo da internacionaliza\u00e7\u00e3o global.<\/p>\n\n\n\n<figure class=\"gb-block-image gb-block-image-15556481\"><img decoding=\"async\" width=\"1500\" height=\"600\" class=\"gb-image gb-image-15556481\" src=\"https:\/\/hengxingmachinery.com\/wp-content\/uploads\/2024\/12\/cooperation.jpg\" alt=\"\" title=\"coopera\u00e7\u00e3o\" srcset=\"https:\/\/hengxingmachinery.com\/wp-content\/uploads\/2024\/12\/cooperation.jpg 1500w, https:\/\/hengxingmachinery.com\/wp-content\/uploads\/2024\/12\/cooperation-300x120.jpg 300w, https:\/\/hengxingmachinery.com\/wp-content\/uploads\/2024\/12\/cooperation-1024x410.jpg 1024w, https:\/\/hengxingmachinery.com\/wp-content\/uploads\/2024\/12\/cooperation-768x307.jpg 768w, https:\/\/hengxingmachinery.com\/wp-content\/uploads\/2024\/12\/cooperation-18x7.jpg 18w\" sizes=\"(max-width: 1500px) 100vw, 1500px\" \/><\/figure>\n\n<\/div>\n<\/div>\n\n<div class=\"gb-container gb-container-d17840d6\">\n<div class=\"gb-container gb-container-5c0c77ce\">\n<div class=\"gb-grid-wrapper gb-grid-wrapper-99b0ab65\">\n<div class=\"gb-grid-column gb-grid-column-bd55b11d\"><div class=\"gb-container gb-container-bd55b11d\">\n\n<h2 class=\"gb-headline gb-headline-59ab8406 gb-headline-text\"><strong>N\u00e3o hesite em nos contatar a QUALQUER MOMENTO<\/strong><\/h2>\n\n\n\n<p class=\"gb-headline gb-headline-5aa677b7 gb-headline-text\">N\u00f3s o encorajamos a entrar em contato conosco a qualquer momento para perguntas, suporte ou consultas. Nossa equipe dedicada est\u00e1 sempre dispon\u00edvel para ajudar voc\u00ea com suas necessidades, garantindo que voc\u00ea receba solu\u00e7\u00f5es oportunas e eficazes sempre que precisar delas.<\/p>\n\n\n<div class=\"gb-container gb-container-4c0ad5ca\"><a class=\"gb-container-link\" href=\"#popmake-885\"><\/a>\n\n<p class=\"gb-headline gb-headline-d22f1b0b\"><span class=\"gb-icon\"><svg viewbox=\"0 0 48.00 48.00\" xmlns=\"http:\/\/www.w3.org\/2000\/svg\" fill=\"#b91313\" stroke=\"#b91313\" stroke-width=\"0.00048000000000000007\"><g id=\"SVGRepo_bgCarrier\" stroke-width=\"0\"><\/g><g id=\"SVGRepo_tracerCarrier\" stroke-linecap=\"round\" stroke-linejoin=\"round\"><\/g><g id=\"SVGRepo_iconCarrier\"> <title>ponta de flecha-direita-c\u00edrculo<\/title> <g id=\"Layer_2\" data-name=\"Layer 2\"> <g id=\"invisible_box\" data-name=\"invisible box\"> <rect width=\"48\" height=\"48\" fill=\"none\"><\/rect> <\/g> <g id=\"icons_Q2\" data-name=\"icons Q2\"> <path d=\"M6,24A18,18,0,1,1,24,42,18.1,18.1,0,0,1,6,24M2,24A22,22,0,1,0,24,2,21.9,21.9,0,0,0,2,24Z\"><\/path> <path d=\"M26.2,24l-6.6,6.6a1.9,1.9,0,0,0,.2,3,2.1,2.1,0,0,0,2.7-.2l7.9-8a1.9,1.9,0,0,0,0-2.8l-7.9-8a2.1,2.1,0,0,0-2.7-.2,1.9,1.9,0,0,0-.2,3Z\"><\/path> <\/g> <\/g> <\/g><\/svg><\/span><span class=\"gb-headline-text\"><strong>CONTATE-NOS PARA UM OR\u00c7AMENTO GRATUITO<\/strong><\/span><\/p>\n\n<\/div>\n<\/div><\/div>\n\n<div class=\"gb-grid-column gb-grid-column-e0b09a2c\"><div class=\"gb-container gb-container-e0b09a2c\"><\/div><\/div>\n<\/div>\n<\/div>\n<\/div>\n\n\n<p><\/p>","protected":false},"excerpt":{"rendered":"<p>Our cooperations with companies worldwide Zhengzhou Hengxing Heavy Equipment Co., Ltd is a high-tech engineering group specializing in the research, development, and production of industrial crushing, powder grinding, mineral processing equipment, building material production lines, briquette machinery, AAC block manufacturing plants, and other related devices. Our products are marketed in various regions, including Southeast Asia, &#8230; <\/p>\n<p class=\"read-more-container\"><a title=\"Sobre \u2013 Coopera\u00e7\u00e3o Internacional\" class=\"read-more button\" href=\"https:\/\/hengxingmachinery.com\/pt\/international-cooperation\/#more-496\" aria-label=\"Leia mais sobre About  &#8211; International Cooperation\">Ler mais<\/a><\/p>","protected":false},"author":1,"featured_media":0,"parent":0,"menu_order":0,"comment_status":"closed","ping_status":"closed","template":"","meta":{"footnotes":""},"class_list":["post-496","page","type-page","status-publish"],"yoast_head":"<!-- This site is optimized with the Yoast SEO plugin v27.4 - https:\/\/yoast.com\/product\/yoast-seo-wordpress\/ -->\n<title>About - International Cooperation - Hengxing Machinery<\/title>\n<meta name=\"robots\" content=\"index, follow, max-snippet:-1, max-image-preview:large, max-video-preview:-1\" \/>\n<link rel=\"canonical\" href=\"https:\/\/hengxingmachinery.com\/pt\/international-cooperation\/\" \/>\n<meta property=\"og:locale\" content=\"pt_PT\" \/>\n<meta property=\"og:type\" content=\"article\" \/>\n<meta property=\"og:title\" content=\"About - International Cooperation - Hengxing Machinery\" \/>\n<meta property=\"og:description\" content=\"Our cooperations with companies worldwide Zhengzhou Hengxing Heavy Equipment Co., Ltd is a high-tech engineering group specializing in the research, development, and production of industrial crushing, powder grinding, mineral processing equipment, building material production lines, briquette machinery, AAC block manufacturing plants, and other related devices. Our products are marketed in various regions, including Southeast Asia, ... Ler mais\" \/>\n<meta property=\"og:url\" content=\"https:\/\/hengxingmachinery.com\/pt\/international-cooperation\/\" \/>\n<meta property=\"og:site_name\" content=\"Hengxing Machinery\" \/>\n<meta property=\"article:modified_time\" content=\"2024-12-24T09:01:41+00:00\" \/>\n<meta property=\"og:image\" content=\"https:\/\/hengxingmachinery.com\/wp-content\/uploads\/2024\/12\/cooperation.jpg\" \/>\n<meta name=\"twitter:card\" content=\"summary_large_image\" \/>\n<meta name=\"twitter:label1\" content=\"Tempo estimado de leitura\" \/>\n\t<meta name=\"twitter:data1\" content=\"1 minuto\" \/>\n<script type=\"application\/ld+json\" class=\"yoast-schema-graph\">{\"@context\":\"https:\\\/\\\/schema.org\",\"@graph\":[{\"@type\":\"WebPage\",\"@id\":\"https:\\\/\\\/hengxingmachinery.com\\\/international-cooperation\\\/\",\"url\":\"https:\\\/\\\/hengxingmachinery.com\\\/international-cooperation\\\/\",\"name\":\"About - International Cooperation - Hengxing Machinery\",\"isPartOf\":{\"@id\":\"https:\\\/\\\/hengxingmachinery.com\\\/#website\"},\"primaryImageOfPage\":{\"@id\":\"https:\\\/\\\/hengxingmachinery.com\\\/international-cooperation\\\/#primaryimage\"},\"image\":{\"@id\":\"https:\\\/\\\/hengxingmachinery.com\\\/international-cooperation\\\/#primaryimage\"},\"thumbnailUrl\":\"https:\\\/\\\/hengxingmachinery.com\\\/wp-content\\\/uploads\\\/2024\\\/12\\\/cooperation.jpg\",\"datePublished\":\"2024-12-19T08:15:06+00:00\",\"dateModified\":\"2024-12-24T09:01:41+00:00\",\"breadcrumb\":{\"@id\":\"https:\\\/\\\/hengxingmachinery.com\\\/international-cooperation\\\/#breadcrumb\"},\"inLanguage\":\"pt-PT\",\"potentialAction\":[{\"@type\":\"ReadAction\",\"target\":[\"https:\\\/\\\/hengxingmachinery.com\\\/international-cooperation\\\/\"]}]},{\"@type\":\"ImageObject\",\"inLanguage\":\"pt-PT\",\"@id\":\"https:\\\/\\\/hengxingmachinery.com\\\/international-cooperation\\\/#primaryimage\",\"url\":\"https:\\\/\\\/hengxingmachinery.com\\\/wp-content\\\/uploads\\\/2024\\\/12\\\/cooperation.jpg\",\"contentUrl\":\"https:\\\/\\\/hengxingmachinery.com\\\/wp-content\\\/uploads\\\/2024\\\/12\\\/cooperation.jpg\"},{\"@type\":\"BreadcrumbList\",\"@id\":\"https:\\\/\\\/hengxingmachinery.com\\\/international-cooperation\\\/#breadcrumb\",\"itemListElement\":[{\"@type\":\"ListItem\",\"position\":1,\"name\":\"Home\",\"item\":\"https:\\\/\\\/hengxingmachinery.com\\\/\"},{\"@type\":\"ListItem\",\"position\":2,\"name\":\"About &#8211; International Cooperation\"}]},{\"@type\":\"WebSite\",\"@id\":\"https:\\\/\\\/hengxingmachinery.com\\\/#website\",\"url\":\"https:\\\/\\\/hengxingmachinery.com\\\/\",\"name\":\"Hengxing Machinery\",\"description\":\"Leading Manufacturer of All Sorts of Mining Machinery\",\"publisher\":{\"@id\":\"https:\\\/\\\/hengxingmachinery.com\\\/#organization\"},\"potentialAction\":[{\"@type\":\"SearchAction\",\"target\":{\"@type\":\"EntryPoint\",\"urlTemplate\":\"https:\\\/\\\/hengxingmachinery.com\\\/?s={search_term_string}\"},\"query-input\":{\"@type\":\"PropertyValueSpecification\",\"valueRequired\":true,\"valueName\":\"search_term_string\"}}],\"inLanguage\":\"pt-PT\"},{\"@type\":\"Organization\",\"@id\":\"https:\\\/\\\/hengxingmachinery.com\\\/#organization\",\"name\":\"Hengxing Machinery\",\"url\":\"https:\\\/\\\/hengxingmachinery.com\\\/\",\"logo\":{\"@type\":\"ImageObject\",\"inLanguage\":\"pt-PT\",\"@id\":\"https:\\\/\\\/hengxingmachinery.com\\\/#\\\/schema\\\/logo\\\/image\\\/\",\"url\":\"https:\\\/\\\/hengxingmachinery.com\\\/wp-content\\\/uploads\\\/2024\\\/12\\\/logo.png\",\"contentUrl\":\"https:\\\/\\\/hengxingmachinery.com\\\/wp-content\\\/uploads\\\/2024\\\/12\\\/logo.png\",\"width\":400,\"height\":260,\"caption\":\"Hengxing Machinery\"},\"image\":{\"@id\":\"https:\\\/\\\/hengxingmachinery.com\\\/#\\\/schema\\\/logo\\\/image\\\/\"}}]}<\/script>\n<!-- \/ Yoast SEO plugin. -->","yoast_head_json":{"title":"Sobre - Coopera\u00e7\u00e3o Internacional - Hengxing Machinery","robots":{"index":"index","follow":"follow","max-snippet":"max-snippet:-1","max-image-preview":"max-image-preview:large","max-video-preview":"max-video-preview:-1"},"canonical":"https:\/\/hengxingmachinery.com\/pt\/international-cooperation\/","og_locale":"pt_PT","og_type":"article","og_title":"About - International Cooperation - Hengxing Machinery","og_description":"Our cooperations with companies worldwide Zhengzhou Hengxing Heavy Equipment Co., Ltd is a high-tech engineering group specializing in the research, development, and production of industrial crushing, powder grinding, mineral processing equipment, building material production lines, briquette machinery, AAC block manufacturing plants, and other related devices. Our products are marketed in various regions, including Southeast Asia, ... Ler mais","og_url":"https:\/\/hengxingmachinery.com\/pt\/international-cooperation\/","og_site_name":"Hengxing Machinery","article_modified_time":"2024-12-24T09:01:41+00:00","og_image":[{"url":"https:\/\/hengxingmachinery.com\/wp-content\/uploads\/2024\/12\/cooperation.jpg","type":"","width":"","height":""}],"twitter_card":"summary_large_image","twitter_misc":{"Tempo estimado de leitura":"1 minuto"},"schema":{"@context":"https:\/\/schema.org","@graph":[{"@type":"WebPage","@id":"https:\/\/hengxingmachinery.com\/international-cooperation\/","url":"https:\/\/hengxingmachinery.com\/international-cooperation\/","name":"Sobre - Coopera\u00e7\u00e3o Internacional - Hengxing Machinery","isPartOf":{"@id":"https:\/\/hengxingmachinery.com\/#website"},"primaryImageOfPage":{"@id":"https:\/\/hengxingmachinery.com\/international-cooperation\/#primaryimage"},"image":{"@id":"https:\/\/hengxingmachinery.com\/international-cooperation\/#primaryimage"},"thumbnailUrl":"https:\/\/hengxingmachinery.com\/wp-content\/uploads\/2024\/12\/cooperation.jpg","datePublished":"2024-12-19T08:15:06+00:00","dateModified":"2024-12-24T09:01:41+00:00","breadcrumb":{"@id":"https:\/\/hengxingmachinery.com\/international-cooperation\/#breadcrumb"},"inLanguage":"pt-PT","potentialAction":[{"@type":"ReadAction","target":["https:\/\/hengxingmachinery.com\/international-cooperation\/"]}]},{"@type":"ImageObject","inLanguage":"pt-PT","@id":"https:\/\/hengxingmachinery.com\/international-cooperation\/#primaryimage","url":"https:\/\/hengxingmachinery.com\/wp-content\/uploads\/2024\/12\/cooperation.jpg","contentUrl":"https:\/\/hengxingmachinery.com\/wp-content\/uploads\/2024\/12\/cooperation.jpg"},{"@type":"BreadcrumbList","@id":"https:\/\/hengxingmachinery.com\/international-cooperation\/#breadcrumb","itemListElement":[{"@type":"ListItem","position":1,"name":"Home","item":"https:\/\/hengxingmachinery.com\/"},{"@type":"ListItem","position":2,"name":"About &#8211; International Cooperation"}]},{"@type":"WebSite","@id":"https:\/\/hengxingmachinery.com\/#website","url":"https:\/\/hengxingmachinery.com\/","name":"M\u00e1quinas Hengxing","description":"Fabricante l\u00edder de todos os tipos de m\u00e1quinas de minera\u00e7\u00e3o","publisher":{"@id":"https:\/\/hengxingmachinery.com\/#organization"},"potentialAction":[{"@type":"SearchAction","target":{"@type":"EntryPoint","urlTemplate":"https:\/\/hengxingmachinery.com\/?s={search_term_string}"},"query-input":{"@type":"PropertyValueSpecification","valueRequired":true,"valueName":"search_term_string"}}],"inLanguage":"pt-PT"},{"@type":"Organization","@id":"https:\/\/hengxingmachinery.com\/#organization","name":"M\u00e1quinas Hengxing","url":"https:\/\/hengxingmachinery.com\/","logo":{"@type":"ImageObject","inLanguage":"pt-PT","@id":"https:\/\/hengxingmachinery.com\/#\/schema\/logo\/image\/","url":"https:\/\/hengxingmachinery.com\/wp-content\/uploads\/2024\/12\/logo.png","contentUrl":"https:\/\/hengxingmachinery.com\/wp-content\/uploads\/2024\/12\/logo.png","width":400,"height":260,"caption":"Hengxing Machinery"},"image":{"@id":"https:\/\/hengxingmachinery.com\/#\/schema\/logo\/image\/"}}]}},"_links":{"self":[{"href":"https:\/\/hengxingmachinery.com\/pt\/wp-json\/wp\/v2\/pages\/496","targetHints":{"allow":["GET"]}}],"collection":[{"href":"https:\/\/hengxingmachinery.com\/pt\/wp-json\/wp\/v2\/pages"}],"about":[{"href":"https:\/\/hengxingmachinery.com\/pt\/wp-json\/wp\/v2\/types\/page"}],"author":[{"embeddable":true,"href":"https:\/\/hengxingmachinery.com\/pt\/wp-json\/wp\/v2\/users\/1"}],"replies":[{"embeddable":true,"href":"https:\/\/hengxingmachinery.com\/pt\/wp-json\/wp\/v2\/comments?post=496"}],"version-history":[{"count":10,"href":"https:\/\/hengxingmachinery.com\/pt\/wp-json\/wp\/v2\/pages\/496\/revisions"}],"predecessor-version":[{"id":986,"href":"https:\/\/hengxingmachinery.com\/pt\/wp-json\/wp\/v2\/pages\/496\/revisions\/986"}],"wp:attachment":[{"href":"https:\/\/hengxingmachinery.com\/pt\/wp-json\/wp\/v2\/media?parent=496"}],"curies":[{"name":"wp","href":"https:\/\/api.w.org\/{rel}","templated":true}]}}